{"id":49592,"date":"2025-06-18T13:49:38","date_gmt":"2025-06-18T11:49:38","guid":{"rendered":"https:\/\/praxas.com\/product\/unkategorisiert\/tict-temperatur-anzeige\/"},"modified":"2025-10-09T10:24:01","modified_gmt":"2025-10-09T08:24:01","slug":"tict-temperatur-anzeige","status":"publish","type":"product","link":"https:\/\/praxas.com\/de\/product\/datenlogger\/temperatur-datenlogger\/tict-temperatur-anzeige\/","title":{"rendered":"TICT Temperatur-Anzeige"},"content":{"rendered":"<p data-start=\"161\" data-end=\"225\"><strong data-start=\"165\" data-end=\"225\">LogTag TICT &#8211; 45-Tage-Temperaturanzeige mit 4 Alarmen<\/strong><\/p>\n<p data-start=\"227\" data-end=\"565\">Der LogTag TICT ist ein preiswerter Einweg-Temperaturindikator, der f\u00fcr die \u00dcberwachung von Waren w\u00e4hrend des Transports f\u00fcr bis zu 45 Tage entwickelt wurde. Er verf\u00fcgt \u00fcber zwei voreingestellte hohe und zwei niedrige Alarmgrenzen und bietet eine klare visuelle R\u00fcckmeldung \u00fcber eine \u201eTick\u201c- (\u2713) oder \u201eCross\u201c- (\u2717) Anzeige, so dass Sie leicht beurteilen k\u00f6nnen, ob die Bedingungen innerhalb der akzeptablen Grenzen bleiben. <\/p>\n<p data-start=\"567\" data-end=\"811\">Das TICT zeichnet auch die t\u00e4glichen Minimal- und Maximaltemperaturen auf und erm\u00f6glicht so eine schnelle \u00dcberpr\u00fcfung der wichtigsten Temperaturstatistiken w\u00e4hrend der Fahrt. F\u00fcr g\u00e4ngige Anwendungen sind werksseitig voreingestellte Profile verf\u00fcgbar, individuelle Profile sind auf Anfrage erh\u00e4ltlich. <\/p>\n<p data-start=\"813\" data-end=\"830\"><strong data-start=\"813\" data-end=\"830\">Wichtige Merkmale:<\/strong><\/p>\n<ul data-start=\"832\" data-end=\"1127\">\n<li data-start=\"832\" data-end=\"874\">\n<p data-start=\"834\" data-end=\"874\">\u00dcberwacht die Temperatur f\u00fcr bis zu 45 Tage<\/p>\n<\/li>\n<li data-start=\"875\" data-end=\"919\">\n<p data-start=\"877\" data-end=\"919\">Zwei obere und zwei untere Alarmschwellen<\/p>\n<\/li>\n<li data-start=\"920\" data-end=\"971\">\n<p data-start=\"922\" data-end=\"971\">\u201eTick\u201c\/\u201eCross\u201c LCD-Anzeige f\u00fcr sofortigen Status<\/p>\n<\/li>\n<li data-start=\"972\" data-end=\"1016\">\n<p data-start=\"974\" data-end=\"1016\">T\u00e4gliche Min-\/Max-Temperaturstatistiken werden beibehalten<\/p>\n<\/li>\n<li data-start=\"1017\" data-end=\"1075\">\n<p data-start=\"1019\" data-end=\"1075\">Werkskonfigurierte Profile (benutzerdefinierte Optionen verf\u00fcgbar)<\/p>\n<\/li>\n<li data-start=\"1076\" data-end=\"1127\">\n<p data-start=\"1078\" data-end=\"1127\">Ideal f\u00fcr Transport- und K\u00fchlkettenanwendungen<\/p>\n<\/li>\n<\/ul>\n","protected":false},"excerpt":{"rendered":"<ul>\n<li data-start=\"1161\" data-end=\"1211\">\n<p data-start=\"1163\" data-end=\"1211\">Dauer der Temperatur\u00fcberwachung: bis zu 45 Tage<\/p>\n<\/li>\n<li data-start=\"1212\" data-end=\"1249\">\n<p data-start=\"1214\" data-end=\"1249\">Zwei hohe und zwei niedrige Alarmgrenzen<\/p>\n<\/li>\n<li data-start=\"1250\" data-end=\"1293\">\n<p data-start=\"1252\" data-end=\"1293\">Anzeige \u201eH\u00e4kchen\u201c\/\u201eKreuz\u201c f\u00fcr klaren Status<\/p>\n<\/li>\n<li data-start=\"1294\" data-end=\"1331\">\n<p data-start=\"1296\" data-end=\"1331\">T\u00e4gliche Aufzeichnung der Min\/Max-Temperatur<\/p>\n<\/li>\n<li data-start=\"1332\" data-end=\"1365\">\n<p data-start=\"1334\" data-end=\"1365\">Wegwerfbares Design f\u00fcr den einmaligen Gebrauch<\/p>\n<\/li>\n<li data-start=\"1366\" data-end=\"1417\">\n<p data-start=\"1368\" data-end=\"1417\">Voreingestellte oder benutzerdefinierte \u00dcberwachungsprofile verf\u00fcgbar<\/p>\n<\/li>\n<\/ul>\n","protected":false},"featured_media":49582,"template":"","meta":{"_acf_changed":false,"content-type":"","_uag_custom_page_level_css":""},"product_brand":[],"product_cat":[1010,1075],"product_tag":[2513,2262],"class_list":{"0":"post-49592","1":"product","2":"type-product","3":"status-publish","4":"has-post-thumbnail","6":"product_cat-temperatur-datenlogger","7":"product_cat-datenlogger","8":"product_tag-logtag-de","9":"product_tag-temperatur","11":"first","12":"instock","13":"taxable","14":"shipping-taxable","15":"purchasable","16":"product-type-simple"},"bundled_by":[],"bundle_stock_status":"instock","bundle_stock_quantity":null,"bundle_virtual":false,"bundle_layout":"","bundle_add_to_cart_form_location":"","bundle_editable_in_cart":false,"bundle_sold_individually_context":"","bundle_item_grouping":"","bundle_min_size":"","bundle_max_size":"","bundle_price":[],"bundled_items":[],"bundle_sell_ids":[],"acf":[],"spectra_custom_meta":{"hubwoo_ecomm_pro_id":["25002764930"],"_wcml_average_rating":[null],"_wcml_review_count":[null],"_wcml_rating_count":[null],"_backorders":["no"],"_download_limit":["-1"],"_download_expiry":["-1"],"_downloadable":["no"],"_manage_stock":["no"],"_sku":["TICT"],"_stock_status":["instock"],"_sold_individually":["no"],"_tax_class":[""],"_tax_status":["taxable"],"_virtual":["no"],"total_sales":["0"],"_regular_price":["14.00"],"_price":["14.00"],"product_datasheet":[""],"_product_datasheet":["field_650ad7d6ea3a0"],"connectivity":[""],"_connectivity":["field_64dce263bb57c"],"brand":["LogTag"],"_brand":["field_64ddf62ed2593"],"brand_image":[""],"_brand_image":["field_650c5e7c84cae"],"_specifications_table":["field_65044e1db92a8"],"_display_data_alarm":["field_667d647bcb066"],"_resources":["field_650849c6945ee"],"_calibration":["field_66a0ddd599972"],"_accessories":["field_650849e6945f0"],"_faqs":["field_650859523d8d5"],"_calibration_suitable_ids_gb":["field_654b4c4acb54a"],"_calibration_suitable_ids_us":["field_654b4c56cb54b"],"_show_in_calibration_suitable":["field_654cfb691d345"],"_other_features":["field_668524f8c98a4"],"_shipping":["field_66852535c98a5"],"_refrigerant_cabinet":["field_66852557c98a6"],"_main_specifications":["field_66855b25b1245"],"_usd_price_4":["field_651570dcac479"],"_usd_price_9":["field_6515713eb4807"],"_usd_price_24":["field_65157141b4809"],"_usd_price_49":["field_65157140b4808"],"_usd_price_99":["field_6515715bb480a"],"_gbp_price_4":["field_6515716e83bfa"],"_gbp_price_9":["field_6515724783bfb"],"_gbp_price_24":["field_6515724b83bfc"],"_gbp_price_49":["field_6515725983bfd"],"_gbp_price_99":["field_6515725d83bfe"],"_usdhk_price_4":["field_6515726f83bff"],"_usdhk_price_9":["field_6515727c83c00"],"_usdhk_price_24":["field_6515728083c01"],"_usdhk_price_49":["field_6515728983c02"],"_usdhk_price_99":["field_6515728e83c03"],"stock_options":["In stock"],"_stock_options":["field_6544b605dc7f9"],"rank_math_primary_product_cat":["87"],"min_temp":["-25"],"max_temp":["60"],"_min_temp":["field_67ea5eb4e0a77"],"_max_temp":["field_67ea5f81e0a79"],"_top_nav_excluded":[""],"_cms_nav_minihome":[""],"wcml_sync_hash":["a:1:{s:15:\"postmeta_fields\";s:32:\"5361dd9e183c516eb9f3cc9f8bfe1bf2\";}"],"attr_label_translations":["a:0:{}"],"_product_attributes":["a:1:{s:16:\"pa_product-brand\";a:6:{s:4:\"name\";s:16:\"pa_product-brand\";s:5:\"value\";s:0:\"\";s:8:\"position\";i:0;s:10:\"is_visible\";i:1;s:12:\"is_variation\";i:0;s:11:\"is_taxonomy\";i:1;}}"],"_thumbnail_id":["49582"],"_product_image_gallery":["49588"],"_crosssell_ids":["a:0:{}"],"_wpml_word_count":["260"],"_last_translation_edit_mode":["translation-editor"],"rank_math_focus_keyword":["TICT"],"specifications_table":["<table class=\"w-full\">\n<tbody>\n<tr>\n<td class=\"text-base font-semibold font-gray\">Sensor Messbereich<\/td>\n<td class=\"text-base font-gray-300\">-25 \u00b0C bis +60 \u00b0C (-13 \u00b0F bis +140 \u00b0F)<\/td>\n<\/tr>\n<tr>\n<td class=\"text-base font-semibold font-gray\">Betriebstemperaturbereich<\/td>\n<td class=\"text-base font-gray-300\">-25 \u00b0C bis +60 \u00b0C (-13 \u00b0F bis +140 \u00b0F)<\/td>\n<\/tr>\n<tr>\n<td class=\"text-base font-semibold font-gray\">Nenntemperatur Ablesegenauigkeit<\/td>\n<td class=\"text-base font-gray-300\">Besser als \u00b10,5 \u00b0C f\u00fcr -10 \u00b0C bis +25 \u00b0C\nBesser als \u00b11,0 \u00b0C f\u00fcr -25 \u00b0C bis -10 \u00b0C\nBesser als \u00b11,0 \u00b0C f\u00fcr +25 \u00b0C bis +60 \u00b0C\nDie tats\u00e4chliche Leistung ist in der Regel viel besser als die Nennwerte.\nDie Genauigkeitsangaben k\u00f6nnen durch Nachkalibrierung verbessert werden.<\/td>\n<\/tr>\n<tr>\n<td class=\"text-base font-semibold font-gray\">Aufl\u00f6sung der Nenntemperaturanzeige<\/td>\n<td class=\"text-base font-gray-300\">0,1 \u00b0C f\u00fcr -20 \u00b0C bis +60 \u00b0C.\nLogTag Analyzer\u00ae zeigt derzeit eine Dezimalstelle von \u00b0C oder \u00b0F an. Die native Aufl\u00f6sung ist die, die im LogTag\u00ae gespeichert ist. <\/td>\n<\/tr>\n<tr>\n<td class=\"text-base font-semibold font-gray\">Sensor-Reaktionszeit<\/td>\n<td class=\"text-base font-gray-300\">Normalerweise weniger als 7 Minuten (T90) in bewegter Luft (1m\/s)<\/td>\n<\/tr>\n<tr>\n<td class=\"text-base font-semibold font-gray\">Abtastintervall<\/td>\n<td class=\"text-base font-gray-300\">Werkseitig voreingestellt zwischen 1 und 59 Minuten; 5 Minuten Intervall f\u00fcr Profil 0001<\/td>\n<\/tr>\n<tr>\n<td class=\"text-base font-semibold font-gray\">Startoptionen f\u00fcr die Protokollierung<\/td>\n<td class=\"text-base font-gray-300\">Start per Knopfdruck. Werkseitig voreingestellt zwischen 1 und 255 Minuten; 60 Minuten Verz\u00f6gerung f\u00fcr Profil 0001 <\/td>\n<\/tr>\n<tr>\n<td class=\"text-base font-semibold font-gray\">Aufzeichnung Anzeige<\/td>\n<td class=\"text-base font-gray-300\">OK \u2714 = Die Temperatur ist innerhalb der Alarmgrenzen geblieben\nAblehnen X = Ein Alarmereignis wurde ausgel\u00f6st<\/td>\n<\/tr>\n<tr>\n<td class=\"text-base font-semibold font-gray\">Alarm-Ereignisse<\/td>\n<td class=\"text-base font-gray-300\">Vier werkseitig voreingestellte Alarmereignisse, zwei \u00dcbertemperaturen und zwei Untertemperaturen.\nJedes Alarmereignis kann sofortige oder kumulative Ablehnung sein. Er kann auch deaktiviert werden <\/td>\n<\/tr>\n<tr>\n<td class=\"text-base font-semibold font-gray\">Umgebung<\/td>\n<td class=\"text-base font-gray-300\">IP64<\/td>\n<\/tr>\n<tr>\n<td class=\"text-base font-semibold font-gray\">Stromquelle<\/td>\n<td class=\"text-base font-gray-300\">CR2032 3V LiMnO2 Batterie (fest)<\/td>\n<\/tr>\n<tr>\n<td class=\"text-base font-semibold font-gray\">Lebensdauer der Batterie<\/td>\n<td class=\"text-base font-gray-300\">Maximale Lagerdauer von 5 Jahren vor dem \u201eStart\u201c\n\u00dcberwachungszeitraum: 45 Tage\nMaximale Dauer der Erreichbarkeit (Anzeige) von 6 Monaten nach \u201egestoppt\u201c<\/td>\n<\/tr>\n<tr>\n<td class=\"text-base font-semibold font-gray\">Echtzeituhr<\/td>\n<td class=\"text-base font-gray-300\">Eingebaute Echtzeituhr\nNenngenauigkeit \u00b125ppm bei 25 \u00b0C (entspricht 2,5 Sekunden\/Tag)\nDer Nenntemperaturkoeffizient betr\u00e4gt -0,034 \u00b10,006ppm\/\u00b0C (d.h. typischerweise +\/- 0,00294 Sekunden\/Tag\/\u00b0C)<\/td>\n<\/tr>\n<tr>\n<td class=\"text-base font-semibold font-gray\">Gr\u00f6\u00dfe<\/td>\n<td class=\"text-base font-gray-300\">71.5mm(B) x 33.0mm(H) x 8.6mm(T)<\/td>\n<\/tr>\n<tr>\n<td class=\"text-base font-semibold font-gray\">Gewicht<\/td>\n<td class=\"text-base font-gray-300\">23g<\/td>\n<\/tr>\n<tr>\n<td class=\"text-base font-semibold font-gray\">Material Geh\u00e4use<\/td>\n<td class=\"text-base font-gray-300\">Polycarbonat<\/td>\n<\/tr>\n<\/tbody>\n<\/table>"],"resources":["<ul class=\"resources-list\">\n \t<li><img src=\"https:\/\/praxas.com\/wp-content\/uploads\/document-icon.png\" alt=\"Dokument-Symbol\"><a href=\"https:\/\/praxas.com\/wp-content\/uploads\/LogTag_TICT_Brochure_F.pdf\">LogTag TICT Brosch\u00fcre<\/a><\/li>\n \t<li><img src=\"https:\/\/praxas.com\/wp-content\/uploads\/document-icon.png\" alt=\"Dokument-Symbol\"><a href=\"https:\/\/praxas.com\/wp-content\/uploads\/TICT_Product_User_Guide.pdf\">LogTag TICT Benutzerhandbuch<\/a><\/li>\n<\/ul>"],"_uag_page_assets":["a:9:{s:3:\"css\";s:0:\"\";s:2:\"js\";s:0:\"\";s:18:\"current_block_list\";a:0:{}s:8:\"uag_flag\";b:0;s:11:\"uag_version\";s:10:\"1775212209\";s:6:\"gfonts\";a:0:{}s:10:\"gfonts_url\";s:0:\"\";s:12:\"gfonts_files\";a:0:{}s:14:\"uag_faq_layout\";b:0;}"],"_max_variation_price":[""],"_max_variation_regular_price":[""],"_max_variation_sale_price":[""],"_min_variation_price":[""],"_min_variation_regular_price":[""],"_min_variation_sale_price":[""],"_sale_price":[""],"_wc_pb_base_regular_price":[""],"_wc_pb_base_sale_price":[""],"_wc_pb_base_price":[""],"_wc_sw_max_price":[""],"_wc_sw_max_regular_price":[""],"_wc_rating_count":[""],"_wc_review_count":[""],"_wc_average_rating":[0]},"uagb_featured_image_src":{"full":["https:\/\/praxas.com\/wp-content\/uploads\/TICT.jpg",1200,680,false],"thumbnail":["https:\/\/praxas.com\/wp-content\/uploads\/TICT-150x150.jpg",150,150,true],"medium":["https:\/\/praxas.com\/wp-content\/uploads\/TICT-300x170.jpg",300,170,true],"medium_large":["https:\/\/praxas.com\/wp-content\/uploads\/TICT-768x435.jpg",768,435,true],"large":["https:\/\/praxas.com\/wp-content\/uploads\/TICT-1024x580.jpg",1024,580,true],"1536x1536":["https:\/\/praxas.com\/wp-content\/uploads\/TICT.jpg",1200,680,false],"2048x2048":["https:\/\/praxas.com\/wp-content\/uploads\/TICT.jpg",1200,680,false],"crunchify-admin-post-featured-image":["https:\/\/praxas.com\/wp-content\/uploads\/TICT-120x68.jpg",120,68,true],"commercegurus-pdp-large":["https:\/\/praxas.com\/wp-content\/uploads\/TICT-990x561.jpg",990,561,true],"commercegurus-plp-mobile":["https:\/\/praxas.com\/wp-content\/uploads\/TICT-441x250.jpg",441,250,true],"cgkit_image_swatch":["https:\/\/praxas.com\/wp-content\/uploads\/TICT-100x100.jpg",100,100,true],"woocommerce_thumbnail":["https:\/\/praxas.com\/wp-content\/uploads\/TICT-350x198.jpg",350,198,true],"woocommerce_single":["https:\/\/praxas.com\/wp-content\/uploads\/TICT-800x453.jpg",800,453,true],"woocommerce_gallery_thumbnail":["https:\/\/praxas.com\/wp-content\/uploads\/TICT-150x85.jpg",150,85,true]},"uagb_author_info":{"display_name":"Alex James","author_link":"https:\/\/praxas.com\/de\/author\/"},"uagb_comment_info":0,"uagb_excerpt":"Dauer der Temperatur\u00fcberwachung: bis zu 45 Tage Zwei hohe und zwei niedrige Alarmgrenzen Anzeige \u201eH\u00e4kchen\u201c\/\u201eKreuz\u201c f\u00fcr klaren Status T\u00e4gliche Aufzeichnung der Min\/Max-Temperatur Wegwerfbares Design f\u00fcr den einmaligen Gebrauch Voreingestellte oder benutzerdefinierte \u00dcberwachungsprofile verf\u00fcgbar","_links":{"self":[{"href":"https:\/\/praxas.com\/de\/wp-json\/wp\/v2\/product\/49592","targetHints":{"allow":["GET"]}}],"collection":[{"href":"https:\/\/praxas.com\/de\/wp-json\/wp\/v2\/product"}],"about":[{"href":"https:\/\/praxas.com\/de\/wp-json\/wp\/v2\/types\/product"}],"wp:featuredmedia":[{"embeddable":true,"href":"https:\/\/praxas.com\/de\/wp-json\/wp\/v2\/media\/49582"}],"wp:attachment":[{"href":"https:\/\/praxas.com\/de\/wp-json\/wp\/v2\/media?parent=49592"}],"wp:term":[{"taxonomy":"product_brand","embeddable":true,"href":"https:\/\/praxas.com\/de\/wp-json\/wp\/v2\/product_brand?post=49592"},{"taxonomy":"product_cat","embeddable":true,"href":"https:\/\/praxas.com\/de\/wp-json\/wp\/v2\/product_cat?post=49592"},{"taxonomy":"product_tag","embeddable":true,"href":"https:\/\/praxas.com\/de\/wp-json\/wp\/v2\/product_tag?post=49592"}],"curies":[{"name":"wp","href":"https:\/\/api.w.org\/{rel}","templated":true}]}}