{"id":49681,"date":"2025-06-18T16:21:11","date_gmt":"2025-06-18T14:21:11","guid":{"rendered":"https:\/\/praxas.com\/product\/unkategorisiert\/tred30-16u-temperaturlogger\/"},"modified":"2025-10-09T10:23:36","modified_gmt":"2025-10-09T08:23:36","slug":"tred30-16u-temperaturlogger","status":"publish","type":"product","link":"https:\/\/praxas.com\/de\/product\/datenlogger\/temperatur-datenlogger\/tred30-16u-temperaturlogger\/","title":{"rendered":"TRED30-16U Temperaturlogger"},"content":{"rendered":"<p data-start=\"217\" data-end=\"289\"><strong data-start=\"221\" data-end=\"289\">LogTag TRED30-16U &#8211; Temperaturlogger mit externem F\u00fchler und USB-C<\/strong><\/p>\n<p data-start=\"291\" data-end=\"559\">Der LogTag TRED30-16U ist ein aufger\u00fcsteter Temperaturdatenlogger mit USB-C-Anschluss f\u00fcr den direkten Datendownload &#8211; eine Schnittstellenhalterung ist nicht erforderlich. Er zeichnet \u00fcber 17.500 Messwerte auf und bietet bis zu 60 Tage lang eine Zusammenfassung der Daten auf einem klaren, leicht ablesbaren LCD-Display. <\/p>\n<p data-start=\"561\" data-end=\"805\">Der TRED30-16U ist sowohl mit intelligenten als auch mit standardm\u00e4\u00dfigen externen F\u00fchlern kompatibel und unterst\u00fctzt eine breite Temperatur\u00fcberwachung von -40 \u00b0C bis +99 \u00b0C. Optische und akustische Alarme zeigen Temperatur\u00fcberschreitungen an, w\u00e4hrend ein \u2713 oder \u2717 Symbol den aktuellen Status auf einen Blick anzeigt. <\/p>\n<p data-start=\"807\" data-end=\"924\">Ideal f\u00fcr Transport, Lagerung oder jede Anwendung, die eine langfristige, hochpr\u00e4zise \u00dcberwachung mit schnellem Datenzugriff erfordert.<\/p>\n<p data-start=\"926\" data-end=\"943\"><strong data-start=\"926\" data-end=\"943\">Wichtige Merkmale:<\/strong><\/p>\n<ul data-start=\"945\" data-end=\"1263\">\n<li data-start=\"945\" data-end=\"979\">\n<p data-start=\"947\" data-end=\"979\">Misst von -40 \u00b0C bis +99 \u00b0C<\/p>\n<\/li>\n<li data-start=\"980\" data-end=\"1011\">\n<p data-start=\"982\" data-end=\"1011\">Speichert \u00fcber 17.500 Messwerte<\/p>\n<\/li>\n<li data-start=\"1012\" data-end=\"1055\">\n<p data-start=\"1014\" data-end=\"1055\">Gro\u00dfes LCD zeigt 60 Tage \u00dcbersichtsdaten an<\/p>\n<\/li>\n<li data-start=\"1056\" data-end=\"1091\">\n<p data-start=\"1058\" data-end=\"1091\">USB-C-Anschluss f\u00fcr schnellen Datenzugriff<\/p>\n<\/li>\n<li data-start=\"1092\" data-end=\"1137\">\n<p data-start=\"1094\" data-end=\"1137\">Kompatibel mit Smart- und Standard-Sonden<\/p>\n<\/li>\n<li data-start=\"1138\" data-end=\"1176\">\n<p data-start=\"1140\" data-end=\"1176\">Eingebaute akustische und optische Alarme<\/p>\n<\/li>\n<li data-start=\"1177\" data-end=\"1215\">\n<p data-start=\"1179\" data-end=\"1215\">Vom Benutzer austauschbare Knopfzellenbatterie<\/p>\n<\/li>\n<li data-start=\"1216\" data-end=\"1263\">\n<p data-start=\"1218\" data-end=\"1263\">Funktioniert auch mit herk\u00f6mmlicher 3-Pin-Schnittstelle<\/p>\n<\/li>\n<\/ul>\n","protected":false},"excerpt":{"rendered":"<ul>\n<li data-start=\"1297\" data-end=\"1336\">-40 \u00b0C bis +99 \u00b0C<\/li>\n<li data-start=\"1337\" data-end=\"1379\">Zeichnet mehr als 17.500 Messwerte \u00fcber mehr als 60 Tage auf<\/li>\n<li data-start=\"1380\" data-end=\"1412\">USB-C- und 3-Pin-Konnektivit\u00e4t<\/li>\n<li data-start=\"1413\" data-end=\"1458\">LCD mit visuellem Status und 60-Tage-Zusammenfassung<\/li>\n<li data-start=\"1459\" data-end=\"1496\">Akustischer Alarm + \u2713\/\u2717 Alarmanzeige<\/li>\n<\/ul>\n","protected":false},"featured_media":49647,"template":"","meta":{"_acf_changed":false,"content-type":"","_uag_custom_page_level_css":""},"product_brand":[],"product_cat":[1010,1075],"product_tag":[2513,2262],"class_list":{"0":"post-49681","1":"product","2":"type-product","3":"status-publish","4":"has-post-thumbnail","6":"product_cat-temperatur-datenlogger","7":"product_cat-datenlogger","8":"product_tag-logtag-de","9":"product_tag-temperatur","11":"first","12":"instock","13":"taxable","14":"shipping-taxable","15":"purchasable","16":"product-type-variable"},"bundled_by":[],"bundle_stock_status":"instock","bundle_stock_quantity":null,"bundle_virtual":false,"bundle_layout":"","bundle_add_to_cart_form_location":"","bundle_editable_in_cart":false,"bundle_sold_individually_context":"","bundle_item_grouping":"","bundle_min_size":"","bundle_max_size":"","bundle_price":[],"bundled_items":[],"bundle_sell_ids":[],"acf":[],"spectra_custom_meta":{"hubwoo_ecomm_pro_id":["25033356638"],"_wcml_average_rating":[null],"_wcml_review_count":[null],"_wcml_rating_count":[null],"_backorders":["no"],"_download_limit":["-1"],"_download_expiry":["-1"],"_downloadable":["no"],"_manage_stock":["no"],"_sku":["TRED30-16U"],"_stock_status":["instock"],"_sold_individually":["no"],"_tax_class":[""],"_tax_status":["taxable"],"_virtual":["no"],"total_sales":["2"],"_price":["79.80","107.80","112.70","113.40","114.80","116.20","117.60"],"product_datasheet":[""],"_product_datasheet":["field_650ad7d6ea3a0"],"connectivity":["USB"],"_connectivity":["field_64dce263bb57c"],"brand":["LogTag"],"_brand":["field_64ddf62ed2593"],"brand_image":[""],"_brand_image":["field_650c5e7c84cae"],"_specifications_table":["field_65044e1db92a8"],"_display_data_alarm":["field_667d647bcb066"],"_resources":["field_650849c6945ee"],"_calibration":["field_66a0ddd599972"],"_accessories":["field_650849e6945f0"],"_faqs":["field_650859523d8d5"],"_calibration_suitable_ids_gb":["field_654b4c4acb54a"],"_calibration_suitable_ids_us":["field_654b4c56cb54b"],"_show_in_calibration_suitable":["field_654cfb691d345"],"_other_features":["field_668524f8c98a4"],"_shipping":["field_66852535c98a5"],"_refrigerant_cabinet":["field_66852557c98a6"],"_main_specifications":["field_66855b25b1245"],"_usd_price_4":["field_651570dcac479"],"_usd_price_9":["field_6515713eb4807"],"_usd_price_24":["field_65157141b4809"],"_usd_price_49":["field_65157140b4808"],"_usd_price_99":["field_6515715bb480a"],"_gbp_price_4":["field_6515716e83bfa"],"_gbp_price_9":["field_6515724783bfb"],"_gbp_price_24":["field_6515724b83bfc"],"_gbp_price_49":["field_6515725983bfd"],"_gbp_price_99":["field_6515725d83bfe"],"_usdhk_price_4":["field_6515726f83bff"],"_usdhk_price_9":["field_6515727c83c00"],"_usdhk_price_24":["field_6515728083c01"],"_usdhk_price_49":["field_6515728983c02"],"_usdhk_price_99":["field_6515728e83c03"],"stock_options":["In stock"],"_stock_options":["field_6544b605dc7f9"],"min_temp":["-40"],"max_temp":["99"],"_min_temp":["field_67ea5eb4e0a77"],"_max_temp":["field_67ea5f81e0a79"],"_top_nav_excluded":[""],"_cms_nav_minihome":[""],"wcml_sync_hash":["a:1:{s:15:\"postmeta_fields\";s:32:\"290725e2088e35a413c96412eaedb67d\";}"],"attr_label_translations":["a:0:{}"],"_product_attributes":["a:2:{s:16:\"pa_product-brand\";a:6:{s:4:\"name\";s:16:\"pa_product-brand\";s:5:\"value\";s:0:\"\";s:8:\"position\";i:0;s:10:\"is_visible\";i:1;s:12:\"is_variation\";i:0;s:11:\"is_taxonomy\";i:1;}s:22:\"pa_logtag-probe-choice\";a:6:{s:4:\"name\";s:22:\"pa_logtag-probe-choice\";s:5:\"value\";s:0:\"\";s:8:\"position\";i:1;s:10:\"is_visible\";i:1;s:12:\"is_variation\";i:1;s:11:\"is_taxonomy\";i:1;}}"],"_thumbnail_id":["49647"],"_product_image_gallery":["49671,49665,49659,49653,49677"],"_crosssell_ids":["a:0:{}"],"_wpml_word_count":["244"],"rank_math_primary_product_cat":["87"],"_last_translation_edit_mode":["translation-editor"],"_global_unique_id":["850040258486"],"rank_math_focus_keyword":["TRED30-16U"],"specifications_table":["<table class=\"w-full\">\n<tbody>\n<tr>\n<td class=\"text-base font-semibold font-gray\">Externer Sensor Messbereich<\/td>\n<td class=\"text-base font-gray-300\">-40 \u00b0C bis +99 \u00b0C (-40 \u00b0F bis +210 \u00b0F)<\/td>\n<\/tr>\n<tr>\n<td class=\"text-base font-semibold font-gray\">Betriebstemperaturbereich<\/td>\n<td class=\"text-base font-gray-300\">-30\u00b0C bis +60\u00b0C (-22\u00b0F bis +140\u00b0F)<\/td>\n<\/tr>\n<tr>\n<td class=\"text-base font-semibold font-gray\">Temperaturbereich bei Lagerung<\/td>\n<td class=\"text-base font-gray-300\">-10\u00b0C bis +40\u00b0C (14\u00b0F bis +104\u00b0F)<\/td>\n<\/tr>\n<tr>\n<td class=\"text-base font-semibold font-gray\">Nenngenauigkeit der Temperaturanzeige<\/td>\n<td class=\"text-base font-gray-300\">Besser als \u00b10.5\u00b0C (\u00b10.9\u00b0F) f\u00fcr -20\u00b0C bis +40\u00b0C (-4\u00b0F bis +104\u00b0F), typischerweise \u00b10.3\u00b0C (0.6\u00b0F).\nBesser als \u00b10.8\u00b0C (\u00b11.4\u00b0F) f\u00fcr -40\u00b0C bis -20\u00b0C (-40\u00b0F bis -4\u00b0F), typischerweise \u00b10,5\u00b0C (0,9\u00b0F).\nBesser als \u00b10,8\u00b0C (\u00b11,4\u00b0F) f\u00fcr +40\u00b0C bis +70\u00b0C (+104\u00b0F bis +158\u00b0F), typischerweise \u00b10.7\u00b0C (1.3\u00b0F).\nBesser als \u00b11.2\u00b0C (\u00b12.2\u00b0F) f\u00fcr +70\u00b0C bis +99\u00b0C (+158\u00b0F bis +210\u00b0F), typischerweise \u00b11\u00b0C (1.8\u00b0F).\nDie tats\u00e4chliche Leistung ist in der Regel viel besser als die Nennwerte.\nDie Genauigkeitsangaben k\u00f6nnen durch Nachkalibrierung verbessert werden.<\/td>\n<\/tr>\n<tr>\n<td class=\"text-base font-semibold font-gray\">Aufl\u00f6sung der Nenntemperaturanzeige<\/td>\n<td class=\"text-base font-gray-300\">0.1\u00b0C (0.2\u00b0F) f\u00fcr Messungen von -40\u00b0C bis +50\u00b0C (-40\u00b0F bis +122\u00b0F).\n0.2\u00b0C (0.4\u00b0F) f\u00fcr Messungen von +50\u00b0C bis +70\u00b0C (+122\u00b0F bis +158\u00b0F).\n0.3\u00b0C (0.5\u00b0F) f\u00fcr Messungen von +70\u00b0C bis +80\u00b0C (+158\u00b0F bis +176\u00b0F).\n0,4\u00b0C-0,6\u00b0C (0,7\u00b0F bis 1\u00b0F) f\u00fcr Messungen von +80\u00b0C bis +99\u00b0C (+176\u00b0F bis +210\u00b0F).\nLogTag Analyzer\u00ae zeigt derzeit eine Dezimalstelle von \u00b0C oder \u00b0F an. Die systemeigene Aufl\u00f6sung ist die, die im LogTag\u00ae gespeichert ist. <\/td>\n<\/tr>\n<tr>\n<td class=\"text-base font-semibold font-gray\">Sensor-Reaktionszeit<\/td>\n<td class=\"text-base font-gray-300\">Typischerweise weniger als 2 Minuten (T90) in bewegter Luft (1m\/s) f\u00fcr die Typen ST100T, ST100H und ST100S<\/td>\n<\/tr>\n<tr>\n<td class=\"text-base font-semibold font-gray\">Aufnahmekapazit\u00e4t<\/td>\n<td class=\"text-base font-gray-300\">17.526 Temperaturmesswerte. 60 Tage @ 5min Protokollierung.\nTagesstatistikspeicher (zur Anzeige auf dem LCD): bis zu 30 Tage Max\/Min\/Dauer und Alarmausl\u00f6ser-Statistiken <\/td>\n<\/tr>\n<tr>\n<td class=\"text-base font-semibold font-gray\">Intervall der Probenahme<\/td>\n<td class=\"text-base font-gray-300\">Konfigurierbar von 30 Sekunden bis st\u00fcndlich<\/td>\n<\/tr>\n<tr>\n<td class=\"text-base font-semibold font-gray\">Startoptionen f\u00fcr die Protokollierung<\/td>\n<td class=\"text-base font-gray-300\">Start per Knopfdruck oder \u00fcber ein bestimmtes Datum und eine bestimmte Uhrzeit. Optionale Startverz\u00f6gerung von bis zu 18 Stunden <\/td>\n<\/tr>\n<tr>\n<td class=\"text-base font-semibold font-gray\">Aufnahme-Anzeige<\/td>\n<td class=\"text-base font-gray-300\">Statusanzeige \"RECORDING\"<\/td>\n<\/tr>\n<tr>\n<td class=\"text-base font-semibold font-gray\">Download-Zeit<\/td>\n<td class=\"text-base font-gray-300\">In der Regel weniger als 10 Sekunden f\u00fcr den vollen Speicher (17.526 Messwerte) bei Verwendung der USB-Verbindung, abh\u00e4ngig vom Computer<\/td>\n<\/tr>\n<tr>\n<td class=\"text-base font-semibold font-gray\">Umgebungsbedingungen<\/td>\n<td class=\"text-base font-gray-300\">IP61 (wenn vertikal montiert oder aufgeh\u00e4ngt)<\/td>\n<\/tr>\n<tr>\n<td class=\"text-base font-semibold font-gray\">Stromquelle<\/td>\n<td class=\"text-base font-gray-300\">3V CR2032 LiMnO2-Knopfzelle, vom Benutzer austauschbar<\/td>\n<\/tr>\n<tr>\n<td class=\"text-base font-semibold font-gray\">Lebensdauer der Batterie<\/td>\n<td class=\"text-base font-gray-300\">1 Jahr Speicherung, gefolgt von 1 Jahr Betrieb bei normaler Nutzung (6 Minuten Protokollierung, \u00dcberpr\u00fcfung der Statistiken auf dem Display h\u00f6chstens einmal t\u00e4glich f\u00fcr jeweils 30 Sekunden, monatlicher Download der Daten)\nHINWEIS: Die st\u00e4ndige Aktivierung des akustischen Alarms verk\u00fcrzt die Lebensdauer der Batterie. Wenn ein Alarm ausgel\u00f6st wird, sollten Sie den Alarm so schnell wie m\u00f6glich l\u00f6schen und zur\u00fccksetzen. <\/td>\n<\/tr>\n<tr>\n<td class=\"text-base font-semibold font-gray\">Echtzeituhr<\/td>\n<td class=\"text-base font-gray-300\">Eingebaute Echtzeituhr\nNenngenauigkeit \u00b125ppm bei 25\u00b0C (entspricht 2,5 Sekunden\/Tag)\nDer Nenntemperaturkoeffizient betr\u00e4gt -0,034 \u00b10,006ppm\/\u00b0C (d.h. typischerweise +\/- 0,00294 Sekunden\/Tag\/\u00b0C).<\/td>\n<\/tr>\n<tr>\n<td class=\"text-base font-semibold font-gray\">Standard-Fernbedienungssensor Kabell\u00e4nge<\/td>\n<td class=\"text-base font-gray-300\">Standard: 1,5m (4'11\u2033)\nVerl\u00e4ngert: 3m (9'10\u2033) (empfohlenes Maximum)<\/td>\n<\/tr>\n<tr>\n<td class=\"text-base font-semibold font-gray\">Fernbedienungssensor Kabeltyp<\/td>\n<td class=\"text-base font-gray-300\">PTFE (FDA-konform f\u00fcr Lebensmittelkontakt), koaxial<\/td>\n<\/tr>\n<tr>\n<td class=\"text-base font-semibold font-gray\">Gr\u00f6\u00dfe<\/td>\n<td class=\"text-base font-gray-300\">93mm(H) x 54,5mm(B) x 8,6mm(T)<\/td>\n<\/tr>\n<tr>\n<td class=\"text-base font-semibold font-gray\">Gewicht<\/td>\n<td class=\"text-base font-gray-300\">41g<\/td>\n<\/tr>\n<tr>\n<td class=\"text-base font-semibold font-gray\">Material Geh\u00e4use<\/td>\n<td class=\"text-base font-gray-300\">Polycarbonat<\/td>\n<\/tr>\n<\/tbody>\n<\/table>"],"resources":["<ul class=\"resources-list\">\n \t<li><img src=\"https:\/\/praxas.com\/wp-content\/uploads\/document-icon.png\" alt=\"Dokument-Symbol\"><a href=\"https:\/\/praxas.com\/wp-content\/uploads\/LogTag_TRED30-16U_Brochure.pdf\">LogTag TRED30-16U Brosch\u00fcre<\/a><\/li>\n \t<li><img src=\"https:\/\/praxas.com\/wp-content\/uploads\/document-icon.png\" alt=\"Dokument-Symbol\"><a href=\"https:\/\/praxas.com\/wp-content\/uploads\/TRED30-16U-QuickStartGuide-1.pdf\">LogTag TRED30-16U Benutzerhandbuch<\/a><\/li>\n<\/ul>"],"accessories":["[products skus=\"LTI-HID,WMB-1,Buffer Bottle\"]"],"_uag_page_assets":["a:9:{s:3:\"css\";s:0:\"\";s:2:\"js\";s:0:\"\";s:18:\"current_block_list\";a:0:{}s:8:\"uag_flag\";b:0;s:11:\"uag_version\";s:10:\"1775212209\";s:6:\"gfonts\";a:0:{}s:10:\"gfonts_url\";s:0:\"\";s:12:\"gfonts_files\";a:0:{}s:14:\"uag_faq_layout\";b:0;}"],"_max_variation_price":[""],"_max_variation_regular_price":[""],"_max_variation_sale_price":[""],"_min_variation_price":[""],"_min_variation_regular_price":[""],"_min_variation_sale_price":[""],"_regular_price":[""],"_sale_price":[""],"_wc_pb_base_regular_price":[""],"_wc_pb_base_sale_price":[""],"_wc_pb_base_price":[""],"_wc_sw_max_price":[""],"_wc_sw_max_regular_price":[""],"_wc_rating_count":[""],"_wc_review_count":[""],"_wc_average_rating":[0]},"uagb_featured_image_src":{"full":["https:\/\/praxas.com\/wp-content\/uploads\/TRED30-16U_face-on.jpg",1200,680,false],"thumbnail":["https:\/\/praxas.com\/wp-content\/uploads\/TRED30-16U_face-on-150x150.jpg",150,150,true],"medium":["https:\/\/praxas.com\/wp-content\/uploads\/TRED30-16U_face-on-300x170.jpg",300,170,true],"medium_large":["https:\/\/praxas.com\/wp-content\/uploads\/TRED30-16U_face-on-768x435.jpg",768,435,true],"large":["https:\/\/praxas.com\/wp-content\/uploads\/TRED30-16U_face-on-1024x580.jpg",1024,580,true],"1536x1536":["https:\/\/praxas.com\/wp-content\/uploads\/TRED30-16U_face-on.jpg",1200,680,false],"2048x2048":["https:\/\/praxas.com\/wp-content\/uploads\/TRED30-16U_face-on.jpg",1200,680,false],"crunchify-admin-post-featured-image":["https:\/\/praxas.com\/wp-content\/uploads\/TRED30-16U_face-on-120x68.jpg",120,68,true],"commercegurus-pdp-large":["https:\/\/praxas.com\/wp-content\/uploads\/TRED30-16U_face-on-990x561.jpg",990,561,true],"commercegurus-plp-mobile":["https:\/\/praxas.com\/wp-content\/uploads\/TRED30-16U_face-on-441x250.jpg",441,250,true],"cgkit_image_swatch":["https:\/\/praxas.com\/wp-content\/uploads\/TRED30-16U_face-on-100x100.jpg",100,100,true],"woocommerce_thumbnail":["https:\/\/praxas.com\/wp-content\/uploads\/TRED30-16U_face-on-350x198.jpg",350,198,true],"woocommerce_single":["https:\/\/praxas.com\/wp-content\/uploads\/TRED30-16U_face-on-800x453.jpg",800,453,true],"woocommerce_gallery_thumbnail":["https:\/\/praxas.com\/wp-content\/uploads\/TRED30-16U_face-on-150x85.jpg",150,85,true]},"uagb_author_info":{"display_name":"Alex James","author_link":"https:\/\/praxas.com\/de\/author\/"},"uagb_comment_info":0,"uagb_excerpt":"-40 \u00b0C bis +99 \u00b0C Zeichnet mehr als 17.500 Messwerte \u00fcber mehr als 60 Tage auf USB-C- und 3-Pin-Konnektivit\u00e4t LCD mit visuellem Status und 60-Tage-Zusammenfassung Akustischer Alarm + \u2713\/\u2717 Alarmanzeige","_links":{"self":[{"href":"https:\/\/praxas.com\/de\/wp-json\/wp\/v2\/product\/49681","targetHints":{"allow":["GET"]}}],"collection":[{"href":"https:\/\/praxas.com\/de\/wp-json\/wp\/v2\/product"}],"about":[{"href":"https:\/\/praxas.com\/de\/wp-json\/wp\/v2\/types\/product"}],"wp:featuredmedia":[{"embeddable":true,"href":"https:\/\/praxas.com\/de\/wp-json\/wp\/v2\/media\/49647"}],"wp:attachment":[{"href":"https:\/\/praxas.com\/de\/wp-json\/wp\/v2\/media?parent=49681"}],"wp:term":[{"taxonomy":"product_brand","embeddable":true,"href":"https:\/\/praxas.com\/de\/wp-json\/wp\/v2\/product_brand?post=49681"},{"taxonomy":"product_cat","embeddable":true,"href":"https:\/\/praxas.com\/de\/wp-json\/wp\/v2\/product_cat?post=49681"},{"taxonomy":"product_tag","embeddable":true,"href":"https:\/\/praxas.com\/de\/wp-json\/wp\/v2\/product_tag?post=49681"}],"curies":[{"name":"wp","href":"https:\/\/api.w.org\/{rel}","templated":true}]}}