{"id":49698,"date":"2025-06-18T16:26:55","date_gmt":"2025-06-18T14:26:55","guid":{"rendered":"https:\/\/praxas.com\/product\/unkategorisiert\/trel30-16-niedrigtemperatur-logger\/"},"modified":"2025-10-09T10:23:27","modified_gmt":"2025-10-09T08:23:27","slug":"trel30-16-niedrigtemperatur-logger","status":"publish","type":"product","link":"https:\/\/praxas.com\/de\/product\/datenlogger\/temperatur-datenlogger\/trel30-16-niedrigtemperatur-logger\/","title":{"rendered":"TREL30-16 Niedrigtemperatur-Logger"},"content":{"rendered":"<p data-start=\"253\" data-end=\"322\"><strong data-start=\"257\" data-end=\"322\">LogTag TREL30-16 &#8211; Datenlogger mit externer Sonde f\u00fcr niedrige Temperaturen<\/strong><\/p>\n<p data-start=\"324\" data-end=\"537\">Der LogTag TREL30-16 ist ein zuverl\u00e4ssiger Temperaturdatenlogger, der f\u00fcr Anwendungen bei niedrigen Temperaturen entwickelt wurde. Er unterst\u00fctzt externe F\u00fchler und verf\u00fcgt \u00fcber ein \u00fcbersichtliches LCD-Display, das eine 30-t\u00e4gige Zusammenfassung der Temperaturbedingungen anzeigt.<\/p>\n<p data-start=\"539\" data-end=\"807\">Es zeichnet bis zu 15.900 Messwerte in einem weiten Messbereich von -90 \u00b0C bis +40 \u00b0C auf und verf\u00fcgt \u00fcber optische und akustische Alarme, die auf Temperatur\u00fcberschreitungen hinweisen. Das \u2713 oder \u2717 Statussymbol und die Tagesmarkierungen erleichtern die \u00dcberpr\u00fcfung von Abweichungen. <\/p>\n<p data-start=\"809\" data-end=\"997\">Das Ger\u00e4t ist mit Standardsonden kompatibel, bietet flexible Kalibrierungsoptionen und ist ideal f\u00fcr den Einsatz in der K\u00fchlkette bei Lagerung oder Transport.<\/p>\n<p data-start=\"999\" data-end=\"1016\"><strong data-start=\"999\" data-end=\"1016\">Wichtige Merkmale:<\/strong><\/p>\n<ul data-start=\"1018\" data-end=\"1337\">\n<li data-start=\"1018\" data-end=\"1057\">\n<p data-start=\"1020\" data-end=\"1057\">Temperaturbereich: -90 \u00b0C bis +40 \u00b0C<\/p>\n<\/li>\n<li data-start=\"1058\" data-end=\"1090\">\n<p data-start=\"1060\" data-end=\"1090\">Speichert bis zu 15.900 Messwerte<\/p>\n<\/li>\n<li data-start=\"1091\" data-end=\"1129\">\n<p data-start=\"1093\" data-end=\"1129\">30-Tage-\u00dcbersicht auf gro\u00dfem LCD-Bildschirm<\/p>\n<\/li>\n<li data-start=\"1130\" data-end=\"1169\">\n<p data-start=\"1132\" data-end=\"1169\">Akustische und optische Alarmanzeigen<\/p>\n<\/li>\n<li data-start=\"1222\" data-end=\"1260\">\n<p data-start=\"1224\" data-end=\"1260\">Funktioniert mit der externen Sonde ST10M-15<\/p>\n<\/li>\n<li data-start=\"1261\" data-end=\"1337\">\n<p data-start=\"1263\" data-end=\"1337\">Batteriestatus, Aufnahmestatus und aktueller Messwert werden auf dem Bildschirm angezeigt<\/p>\n<\/li>\n<\/ul>\n","protected":false},"excerpt":{"rendered":"<ul>\n<li data-start=\"1371\" data-end=\"1410\">-90 \u00b0C bis +40 \u00b0C<\/li>\n<li data-start=\"1411\" data-end=\"1443\">Bis zu 15.900 gespeicherte Messwerte<\/li>\n<li data-start=\"1444\" data-end=\"1484\">30-Tage-LCD-Zusammenfassung mit Alarmstatus<\/li>\n<li data-start=\"1485\" data-end=\"1520\">Akustischer Alarm und \u2713\/\u2717 Anzeige<\/li>\n<li data-start=\"1554\" data-end=\"1586\">Verwendet die externe Sonde ST10M-15<\/li>\n<\/ul>\n","protected":false},"featured_media":49685,"template":"","meta":{"_acf_changed":false,"content-type":"","_uag_custom_page_level_css":""},"product_brand":[],"product_cat":[1010,1075],"product_tag":[2513,2262],"class_list":{"0":"post-49698","1":"product","2":"type-product","3":"status-publish","4":"has-post-thumbnail","6":"product_cat-temperatur-datenlogger","7":"product_cat-datenlogger","8":"product_tag-logtag-de","9":"product_tag-temperatur","11":"first","12":"instock","13":"taxable","14":"shipping-taxable","15":"purchasable","16":"product-type-variable"},"bundled_by":[],"bundle_stock_status":"instock","bundle_stock_quantity":null,"bundle_virtual":false,"bundle_layout":"","bundle_add_to_cart_form_location":"","bundle_editable_in_cart":false,"bundle_sold_individually_context":"","bundle_item_grouping":"","bundle_min_size":"","bundle_max_size":"","bundle_price":[],"bundled_items":[],"bundle_sell_ids":[],"acf":[],"spectra_custom_meta":{"hubwoo_ecomm_pro_id":["25024848213"],"_wcml_average_rating":[null],"_wcml_review_count":[null],"_wcml_rating_count":[null],"_backorders":["no"],"_download_limit":["-1"],"_download_expiry":["-1"],"_downloadable":["no"],"_manage_stock":["no"],"_sku":["TREL30-16"],"_stock_status":["instock"],"_sold_individually":["no"],"_tax_class":[""],"_tax_status":["taxable"],"_virtual":["no"],"total_sales":["0"],"_price":["72.10","107.10","110.60"],"product_datasheet":[""],"_product_datasheet":["field_650ad7d6ea3a0"],"connectivity":["Interface Cradle"],"_connectivity":["field_64dce263bb57c"],"brand":["LogTag"],"_brand":["field_64ddf62ed2593"],"brand_image":[""],"_brand_image":["field_650c5e7c84cae"],"_specifications_table":["field_65044e1db92a8"],"_display_data_alarm":["field_667d647bcb066"],"_resources":["field_650849c6945ee"],"_calibration":["field_66a0ddd599972"],"_accessories":["field_650849e6945f0"],"_faqs":["field_650859523d8d5"],"_calibration_suitable_ids_gb":["field_654b4c4acb54a"],"_calibration_suitable_ids_us":["field_654b4c56cb54b"],"_show_in_calibration_suitable":["field_654cfb691d345"],"_other_features":["field_668524f8c98a4"],"_shipping":["field_66852535c98a5"],"_refrigerant_cabinet":["field_66852557c98a6"],"_main_specifications":["field_66855b25b1245"],"_usd_price_4":["field_651570dcac479"],"_usd_price_9":["field_6515713eb4807"],"_usd_price_24":["field_65157141b4809"],"_usd_price_49":["field_65157140b4808"],"_usd_price_99":["field_6515715bb480a"],"_gbp_price_4":["field_6515716e83bfa"],"_gbp_price_9":["field_6515724783bfb"],"_gbp_price_24":["field_6515724b83bfc"],"_gbp_price_49":["field_6515725983bfd"],"_gbp_price_99":["field_6515725d83bfe"],"_usdhk_price_4":["field_6515726f83bff"],"_usdhk_price_9":["field_6515727c83c00"],"_usdhk_price_24":["field_6515728083c01"],"_usdhk_price_49":["field_6515728983c02"],"_usdhk_price_99":["field_6515728e83c03"],"stock_options":["In stock"],"_stock_options":["field_6544b605dc7f9"],"rank_math_primary_product_cat":["87"],"min_temp":["-90"],"max_temp":["40"],"_min_temp":["field_67ea5eb4e0a77"],"_max_temp":["field_67ea5f81e0a79"],"_top_nav_excluded":[""],"_cms_nav_minihome":[""],"wcml_sync_hash":["a:1:{s:15:\"postmeta_fields\";s:32:\"a1b69e3b826835e95f4a30b7144a7f9a\";}"],"attr_label_translations":["a:0:{}"],"_product_attributes":["a:2:{s:16:\"pa_product-brand\";a:6:{s:4:\"name\";s:16:\"pa_product-brand\";s:5:\"value\";s:0:\"\";s:8:\"position\";i:0;s:10:\"is_visible\";i:1;s:12:\"is_variation\";i:0;s:11:\"is_taxonomy\";i:1;}s:22:\"pa_logtag-probe-choice\";a:6:{s:4:\"name\";s:22:\"pa_logtag-probe-choice\";s:5:\"value\";s:0:\"\";s:8:\"position\";i:1;s:10:\"is_visible\";i:1;s:12:\"is_variation\";i:1;s:11:\"is_taxonomy\";i:1;}}"],"_thumbnail_id":["49685"],"_product_image_gallery":["49692"],"_crosssell_ids":["a:0:{}"],"_wpml_word_count":["225"],"_last_translation_edit_mode":["translation-editor"],"_global_unique_id":["850040258240"],"rank_math_focus_keyword":["TREL30-16"],"specifications_table":["<table class=\"w-full\">\n<tbody>\n<tr>\n<td class=\"text-base font-semibold font-gray\">Externer Sensor Messbereich<\/td>\n<td class=\"text-base font-gray-300\">TREL30-16\n-90\u00b0C bis +40\u00b0C (-130\u00b0F bis +104\u00b0F).<\/td>\n<\/tr>\n<tr>\n<td class=\"text-base font-semibold font-gray\">Betriebstemperaturbereich<\/td>\n<td class=\"text-base font-gray-300\">TREL30-16\n-30\u00b0C bis +60\u00b0C (-22\u00b0F bis +140\u00b0F).<\/td>\n<\/tr>\n<tr>\n<td class=\"text-base font-semibold font-gray\">Temperaturbereich f\u00fcr die Lagerung<\/td>\n<td class=\"text-base font-gray-300\">TREL30-16\n-10\u00b0C bis +40\u00b0C (14\u00b0F bis +104\u00b0F).<\/td>\n<\/tr>\n<tr>\n<td class=\"text-base font-semibold font-gray\">Nenngenauigkeit der Temperaturanzeige<\/td>\n<td class=\"text-base font-gray-300\">TREL30-16\nBesser als \u00b10,5\u00b0C f\u00fcr -20\u00b0C bis +10\u00b0C (-4\u00b0F bis 50\u00b0F).\nBesser als \u00b10,7\u00b0C f\u00fcr -50\u00b0C bis -20\u00b0C (-58\u00b0F bis -4\u00b0F) und +10\u00b0C bis +30\u00b0C (50\u00b0F bis 86\u00b0F).\nBesser als \u00b11\u00b0C f\u00fcr -80\u00b0C bis -50\u00b0C (-112\u00b0F bis -58\u00b0F) und +30\u00b0C bis +40\u00b0C (86\u00b0F bis 104\u00b0F).\nBesser als \u00b11,8\u00b0C f\u00fcr -90\u00b0C bis -80\u00b0C (-130\u00b0F bis -112\u00b0F ).\nDie tats\u00e4chliche Leistung ist in der Regel viel besser als die Nennwerte.\nDie Genauigkeitsangaben k\u00f6nnen durch Nachkalibrierung verbessert werden.\nBei Verwendung mit der CP11 Smart Probe lesen Sie bitte das Datenblatt der CP11 f\u00fcr Genauigkeitsangaben.<\/td>\n<\/tr>\n<tr>\n<td class=\"text-base font-semibold font-gray\">Aufl\u00f6sung der Nenntemperaturanzeige<\/td>\n<td class=\"text-base font-gray-300\">TREL30-16\n0.1\u00b0C (0.2\u00b0F) f\u00fcr Messungen von -80\u00b0C bis 0\u00b0C (-112\u00b0F bis 32\u00b0F).\n0.2\u00b0C (0.4\u00b0F) f\u00fcr Messungen von 0\u00b0C bis 18\u00b0C (32\u00b0F bis 64.4\u00b0F) und -90\u00b0C bis -80\u00b0C (-130\u00b0F bis -112\u00b0F).\n0.3\u00b0C (0.5\u00b0F) f\u00fcr Messungen von 18\u00b0C bis 30\u00b0C (64.4\u00b0F bis 86\u00b0F).\n0.5\u00b0C (0.9\u00b0F) f\u00fcr Messungen von 30\u00b0C bis 40\u00b0C (86\u00b0F bis 104\u00b0F).\nLogTag Analyzer\u00ae zeigt derzeit eine Dezimalstelle von \u00b0C oder \u00b0F an. Die native Aufl\u00f6sung ist die, die im LogTag\u00ae gespeichert ist. <\/td>\n<\/tr>\n<tr>\n<td class=\"text-base font-semibold font-gray\">Aufnahmekapazit\u00e4t<\/td>\n<td class=\"text-base font-gray-300\">15.905 Temperaturmesswerte. 66 Tage @ 6min Protokollierung.\nTagesstatistikspeicher (zur Anzeige auf dem LCD): bis zu 30 Tage Max\/Min\/Dauer und Alarmausl\u00f6ser-Statistiken. <\/td>\n<\/tr>\n<tr>\n<td class=\"text-base font-semibold font-gray\">Sensor-Reaktionszeit<\/td>\n<td class=\"text-base font-gray-300\">Normalerweise weniger als 2 Minuten (T90) in bewegter Luft (1m\/s) f\u00fcr den Typ ST10S.<\/td>\n<\/tr>\n<tr>\n<td class=\"text-base font-semibold font-gray\">Intervall der Probenahme<\/td>\n<td class=\"text-base font-gray-300\">Konfigurierbar von 30 Sekunden bis st\u00fcndlich.<\/td>\n<\/tr>\n<tr>\n<td class=\"text-base font-semibold font-gray\">Startoptionen f\u00fcr die Protokollierung<\/td>\n<td class=\"text-base font-gray-300\">Start per Knopfdruck oder \u00fcber ein bestimmtes Datum und eine bestimmte Uhrzeit. Optionale Startverz\u00f6gerung von bis zu 18 Stunden. <\/td>\n<\/tr>\n<tr>\n<td class=\"text-base font-semibold font-gray\">Aufnahme-Anzeige<\/td>\n<td class=\"text-base font-gray-300\">Statusanzeige \u201eREC\u201c.<\/td>\n<\/tr>\n<tr>\n<td class=\"text-base font-semibold font-gray\">Download-Zeit<\/td>\n<td class=\"text-base font-gray-300\">Normalerweise weniger als 10 Sekunden f\u00fcr den vollen Speicher (15.905 Messwerte), je nach verwendetem Computer oder Ausleseger\u00e4t.<\/td>\n<\/tr>\n<tr>\n<td class=\"text-base font-semibold font-gray\">Umgebungsbedingungen<\/td>\n<td class=\"text-base font-gray-300\">IP61 (wenn vertikal montiert oder aufgeh\u00e4ngt).<\/td>\n<\/tr>\n<tr>\n<td class=\"text-base font-semibold font-gray\">Stromquelle<\/td>\n<td class=\"text-base font-gray-300\">CR2032 3V LiMnO2<\/td>\n<\/tr>\n<tr>\n<td class=\"text-base font-semibold font-gray\">Lebensdauer der Batterie<\/td>\n<td class=\"text-base font-gray-300\">Speicherdauer von 1 Jahr vor dem \u201eStart\u201c (wenn es sich um den Ruhezustand handelt), gefolgt von:\n1 Jahr Betrieb bei normaler Nutzung (6 Minuten Aufzeichnung, \u00dcberpr\u00fcfung der Statistiken auf dem Display nicht mehr als einmal t\u00e4glich f\u00fcr jeweils nicht l\u00e4nger als 30 Sekunden, monatlicher Download der Daten).\nHINWEIS: Die st\u00e4ndige Aktivierung des akustischen Alarms verk\u00fcrzt die Lebensdauer der Batterie. Wenn ein Alarm ausgel\u00f6st wird, sollte der Alarm so schnell wie m\u00f6glich gel\u00f6scht und zur\u00fcckgesetzt werden. <\/td>\n<\/tr>\n<tr>\n<td class=\"text-base font-semibold font-gray\">Echtzeituhr<\/td>\n<td class=\"text-base font-gray-300\">Eingebaute Echtzeituhr.\nNenngenauigkeit \u00b125ppm bei 25\u00b0C (entspricht 2,5 Sekunden\/Tag).\nDer Nenntemperaturkoeffizient betr\u00e4gt -0,034 \u00b10,006ppm\/\u00b0C (d.h. typischerweise +\/- 0,00294 Sekunden\/Tag\/\u00b0C).<\/td>\n<\/tr>\n<tr>\n<td class=\"text-base font-semibold font-gray\">Standard-Fernbedienungssensor Kabell\u00e4nge<\/td>\n<td class=\"text-base font-gray-300\">Standard: 0,5m (19\u2033).\nVerl\u00e4ngert: 3m (9'10\u2033) (empfohlenes Maximum).<\/td>\n<\/tr>\n<tr>\n<td class=\"text-base font-semibold font-gray\">Typ des Fernbedienungssensorkabels<\/td>\n<td class=\"text-base font-gray-300\">PTFE (FDA-zertifiziert f\u00fcr Lebensmittelkontakt), koaxial.<\/td>\n<\/tr>\n<tr>\n<td class=\"text-base font-semibold font-gray\">Gr\u00f6\u00dfe<\/td>\n<td class=\"text-base font-gray-300\">93mm(H) x 54.5mm(B) x 8.6mm(T).<\/td>\n<\/tr>\n<tr>\n<td class=\"text-base font-semibold font-gray\">Gewicht<\/td>\n<td class=\"text-base font-gray-300\">41g ohne externe Sonde.<\/td>\n<\/tr>\n<tr>\n<td class=\"text-base font-semibold font-gray\">Material Geh\u00e4use<\/td>\n<td class=\"text-base font-gray-300\">Polykarbonat.<\/td>\n<\/tr>\n<\/tbody>\n<\/table>"],"resources":["<ul class=\"resources-list\">\n \t<li><img src=\"https:\/\/praxas.com\/wp-content\/uploads\/document-icon.png\" alt=\"Dokument-Symbol\"><a href=\"https:\/\/praxas.com\/wp-content\/uploads\/LogTag_TREL30-16_Brochure.pdf\">LogTag TREL30-16 Brosch\u00fcre<\/a><\/li>\n \t<li><img src=\"https:\/\/praxas.com\/wp-content\/uploads\/document-icon.png\" alt=\"Dokument-Symbol\"><a href=\"https:\/\/praxas.com\/wp-content\/uploads\/TREL30-16_Product_User_Guide.pdf\">LogTag TREL30-16 Benutzerhandbuch<\/a><\/li>\n \t<li><img src=\"https:\/\/praxas.com\/wp-content\/uploads\/document-icon.png\" alt=\"Dokument-Symbol\"><a href=\"https:\/\/praxas.com\/wp-content\/uploads\/TREL30-16-Quick-Start-Guide.pdf\">LogTag TREL30-16 Schnellstartanleitung<\/a><\/li>\n<\/ul>"],"accessories":["[products skus=\"LTI-HID,WMB-1,Buffer Bottle\"]"],"_uag_page_assets":["a:9:{s:3:\"css\";s:0:\"\";s:2:\"js\";s:0:\"\";s:18:\"current_block_list\";a:0:{}s:8:\"uag_flag\";b:0;s:11:\"uag_version\";s:10:\"1775171553\";s:6:\"gfonts\";a:0:{}s:10:\"gfonts_url\";s:0:\"\";s:12:\"gfonts_files\";a:0:{}s:14:\"uag_faq_layout\";b:0;}"],"_max_variation_price":[""],"_max_variation_regular_price":[""],"_max_variation_sale_price":[""],"_min_variation_price":[""],"_min_variation_regular_price":[""],"_min_variation_sale_price":[""],"_regular_price":[""],"_sale_price":[""],"_wc_pb_base_regular_price":[""],"_wc_pb_base_sale_price":[""],"_wc_pb_base_price":[""],"_wc_sw_max_price":[""],"_wc_sw_max_regular_price":[""],"_wc_rating_count":[""],"_wc_review_count":[""],"_wc_average_rating":[0]},"uagb_featured_image_src":{"full":["https:\/\/praxas.com\/wp-content\/uploads\/TREL30-16-Front.jpg",1200,680,false],"thumbnail":["https:\/\/praxas.com\/wp-content\/uploads\/TREL30-16-Front-150x150.jpg",150,150,true],"medium":["https:\/\/praxas.com\/wp-content\/uploads\/TREL30-16-Front-300x170.jpg",300,170,true],"medium_large":["https:\/\/praxas.com\/wp-content\/uploads\/TREL30-16-Front-768x435.jpg",768,435,true],"large":["https:\/\/praxas.com\/wp-content\/uploads\/TREL30-16-Front-1024x580.jpg",1024,580,true],"1536x1536":["https:\/\/praxas.com\/wp-content\/uploads\/TREL30-16-Front.jpg",1200,680,false],"2048x2048":["https:\/\/praxas.com\/wp-content\/uploads\/TREL30-16-Front.jpg",1200,680,false],"crunchify-admin-post-featured-image":["https:\/\/praxas.com\/wp-content\/uploads\/TREL30-16-Front-120x68.jpg",120,68,true],"commercegurus-pdp-large":["https:\/\/praxas.com\/wp-content\/uploads\/TREL30-16-Front-990x561.jpg",990,561,true],"commercegurus-plp-mobile":["https:\/\/praxas.com\/wp-content\/uploads\/TREL30-16-Front-441x250.jpg",441,250,true],"cgkit_image_swatch":["https:\/\/praxas.com\/wp-content\/uploads\/TREL30-16-Front-100x100.jpg",100,100,true],"woocommerce_thumbnail":["https:\/\/praxas.com\/wp-content\/uploads\/TREL30-16-Front-350x198.jpg",350,198,true],"woocommerce_single":["https:\/\/praxas.com\/wp-content\/uploads\/TREL30-16-Front-800x453.jpg",800,453,true],"woocommerce_gallery_thumbnail":["https:\/\/praxas.com\/wp-content\/uploads\/TREL30-16-Front-150x85.jpg",150,85,true]},"uagb_author_info":{"display_name":"Alex James","author_link":"https:\/\/praxas.com\/de\/author\/"},"uagb_comment_info":0,"uagb_excerpt":"-90 \u00b0C bis +40 \u00b0C Bis zu 15.900 gespeicherte Messwerte 30-Tage-LCD-Zusammenfassung mit Alarmstatus Akustischer Alarm und \u2713\/\u2717 Anzeige Verwendet die externe Sonde ST10M-15","_links":{"self":[{"href":"https:\/\/praxas.com\/de\/wp-json\/wp\/v2\/product\/49698","targetHints":{"allow":["GET"]}}],"collection":[{"href":"https:\/\/praxas.com\/de\/wp-json\/wp\/v2\/product"}],"about":[{"href":"https:\/\/praxas.com\/de\/wp-json\/wp\/v2\/types\/product"}],"wp:featuredmedia":[{"embeddable":true,"href":"https:\/\/praxas.com\/de\/wp-json\/wp\/v2\/media\/49685"}],"wp:attachment":[{"href":"https:\/\/praxas.com\/de\/wp-json\/wp\/v2\/media?parent=49698"}],"wp:term":[{"taxonomy":"product_brand","embeddable":true,"href":"https:\/\/praxas.com\/de\/wp-json\/wp\/v2\/product_brand?post=49698"},{"taxonomy":"product_cat","embeddable":true,"href":"https:\/\/praxas.com\/de\/wp-json\/wp\/v2\/product_cat?post=49698"},{"taxonomy":"product_tag","embeddable":true,"href":"https:\/\/praxas.com\/de\/wp-json\/wp\/v2\/product_tag?post=49698"}],"curies":[{"name":"wp","href":"https:\/\/api.w.org\/{rel}","templated":true}]}}