{"id":50145,"date":"2025-06-20T13:51:19","date_gmt":"2025-06-20T11:51:19","guid":{"rendered":"https:\/\/praxas.com\/product\/unkategorisiert\/utred-16f-usb-temperaturlogger\/"},"modified":"2025-10-09T10:22:26","modified_gmt":"2025-10-09T08:22:26","slug":"utred-16f-usb-temperaturlogger","status":"publish","type":"product","link":"https:\/\/praxas.com\/de\/product\/datenlogger\/temperatur-datenlogger\/utred-16f-usb-temperaturlogger\/","title":{"rendered":"UTRED-16F USB-Temperaturlogger"},"content":{"rendered":"<p data-start=\"196\" data-end=\"268\"><strong data-start=\"200\" data-end=\"268\">LogTag UTRED-16F &#8211; Externer F\u00fchler USB PDF LCD Temperaturlogger<\/strong><\/p>\n<p data-start=\"270\" data-end=\"529\">Der LogTag UTRED-16F ist ein zuverl\u00e4ssiger, vielseitig einsetzbarer Temperaturlogger mit externem F\u00fchler, der f\u00fcr eine genaue \u00dcberwachung und eine klare visuelle R\u00fcckmeldung entwickelt wurde. Der LogTag UTRED-16F ben\u00f6tigt einen kompatiblen ST100 F\u00fchler und unterst\u00fctzt das gesamte ST100 Sortiment und Verl\u00e4ngerungskabel. <\/p>\n<p data-start=\"531\" data-end=\"706\">Das integrierte Display zeigt Live-Temperaturwerte, den Aufzeichnungsstatus und Alarmanzeigen f\u00fcr bis zu sechs benutzerdefinierte Schwellenwerte sowie die Dauer der \u00dcberschreitungen an.<\/p>\n<p data-start=\"708\" data-end=\"984\">Wenn das UTRED-16F \u00fcber den integrierten USB-Anschluss an einen Computer angeschlossen wird, erstellt es automatisch einen umfassenden PDF-Bericht &#8211; ohne zus\u00e4tzliche Software oder eine Dockingstation. F\u00fcr eine gr\u00fcndliche \u00dcberpr\u00fcfung und Datenverwaltung erstellt er au\u00dferdem eine verschl\u00fcsselte Datei, die mit der LogTag Analyzer Software kompatibel ist. <\/p>\n<p data-start=\"986\" data-end=\"1003\"><strong data-start=\"986\" data-end=\"1003\">Wichtige Merkmale:<\/strong><\/p>\n<ul data-start=\"1005\" data-end=\"1341\">\n<li data-start=\"1005\" data-end=\"1059\">\n<p data-start=\"1007\" data-end=\"1059\">Temperaturbereich h\u00e4ngt vom angeschlossenen ST100 F\u00fchler ab<\/p>\n<\/li>\n<li data-start=\"1060\" data-end=\"1118\">\n<p data-start=\"1062\" data-end=\"1118\">Visuelles Display mit Live-Messwerten und 6-Alarm-Verfolgung<\/p>\n<\/li>\n<li data-start=\"1119\" data-end=\"1162\">\n<p data-start=\"1121\" data-end=\"1162\">Automatischer PDF-Bericht \u00fcber USB-Verbindung<\/p>\n<\/li>\n<li data-start=\"1163\" data-end=\"1209\">\n<p data-start=\"1165\" data-end=\"1209\">Unterst\u00fctzt externe ST100-Sonden (obligatorisch)<\/p>\n<\/li>\n<li data-start=\"1210\" data-end=\"1267\">\n<p data-start=\"1212\" data-end=\"1267\">Kompatibel mit LogTag Analyzer f\u00fcr detaillierte Analysen<\/p>\n<\/li>\n<li data-start=\"1268\" data-end=\"1306\">\n<p data-start=\"1270\" data-end=\"1306\">Vielseitig einsetzbar mit 2 Jahren Batterielebensdauer<\/p>\n<\/li>\n<\/ul>\n","protected":false},"excerpt":{"rendered":"<ul>\n<li data-start=\"1409\" data-end=\"1461\">Display mit Live-Temperatur und 6-Alarm-Status<\/li>\n<li data-start=\"1462\" data-end=\"1494\">Automatischer PDF-Bericht \u00fcber USB<\/li>\n<li data-start=\"1495\" data-end=\"1533\">Vielseitig einsetzbar mit 2 Jahren Batterielebensdauer<\/li>\n<li data-start=\"1534\" data-end=\"1569\">Kompatibel mit LogTag Analyzer<\/li>\n<li>Ben\u00f6tigt ST100 externe Sonde<\/li>\n<\/ul>\n","protected":false},"featured_media":50115,"template":"","meta":{"_acf_changed":false,"content-type":"","_uag_custom_page_level_css":""},"product_brand":[],"product_cat":[1010,1075],"product_tag":[2513,2262,1016],"class_list":{"0":"post-50145","1":"product","2":"type-product","3":"status-publish","4":"has-post-thumbnail","6":"product_cat-temperatur-datenlogger","7":"product_cat-datenlogger","8":"product_tag-logtag-de","9":"product_tag-temperatur","10":"product_tag-usb-de","12":"first","13":"instock","14":"taxable","15":"shipping-taxable","16":"purchasable","17":"product-type-variable"},"bundled_by":[],"bundle_stock_status":"instock","bundle_stock_quantity":null,"bundle_virtual":false,"bundle_layout":"","bundle_add_to_cart_form_location":"","bundle_editable_in_cart":false,"bundle_sold_individually_context":"","bundle_item_grouping":"","bundle_min_size":"","bundle_max_size":"","bundle_price":[],"bundled_items":[],"bundle_sell_ids":[],"acf":[],"spectra_custom_meta":{"hubwoo_ecomm_pro_id":["25101551384"],"_wcml_average_rating":[null],"_wcml_review_count":[null],"_wcml_rating_count":[null],"_backorders":["no"],"_download_limit":["-1"],"_download_expiry":["-1"],"_downloadable":["no"],"_manage_stock":["no"],"_sku":["UTRED-16F"],"_stock_status":["instock"],"_sold_individually":["no"],"_tax_class":[""],"_tax_status":["taxable"],"_virtual":["no"],"total_sales":["0"],"_price":["55.30","83.30","88.20","88.9","90.30","91.70","93.10"],"product_datasheet":[""],"_product_datasheet":["field_650ad7d6ea3a0"],"connectivity":["USB"],"_connectivity":["field_64dce263bb57c"],"brand":["LogTag"],"_brand":["field_64ddf62ed2593"],"brand_image":[""],"_brand_image":["field_650c5e7c84cae"],"_specifications_table":["field_65044e1db92a8"],"_display_data_alarm":["field_667d647bcb066"],"_resources":["field_650849c6945ee"],"_calibration":["field_66a0ddd599972"],"_accessories":["field_650849e6945f0"],"_faqs":["field_650859523d8d5"],"_calibration_suitable_ids_gb":["field_654b4c4acb54a"],"_calibration_suitable_ids_us":["field_654b4c56cb54b"],"_show_in_calibration_suitable":["field_654cfb691d345"],"_other_features":["field_668524f8c98a4"],"_shipping":["field_66852535c98a5"],"_refrigerant_cabinet":["field_66852557c98a6"],"_main_specifications":["field_66855b25b1245"],"_usd_price_4":["field_651570dcac479"],"_usd_price_9":["field_6515713eb4807"],"_usd_price_24":["field_65157141b4809"],"_usd_price_49":["field_65157140b4808"],"_usd_price_99":["field_6515715bb480a"],"_gbp_price_4":["field_6515716e83bfa"],"_gbp_price_9":["field_6515724783bfb"],"_gbp_price_24":["field_6515724b83bfc"],"_gbp_price_49":["field_6515725983bfd"],"_gbp_price_99":["field_6515725d83bfe"],"_usdhk_price_4":["field_6515726f83bff"],"_usdhk_price_9":["field_6515727c83c00"],"_usdhk_price_24":["field_6515728083c01"],"_usdhk_price_49":["field_6515728983c02"],"_usdhk_price_99":["field_6515728e83c03"],"stock_options":["In stock"],"_stock_options":["field_6544b605dc7f9"],"rank_math_primary_product_cat":["87"],"min_temp":["-40"],"max_temp":["99"],"_min_temp":["field_67ea5eb4e0a77"],"_max_temp":["field_67ea5f81e0a79"],"_top_nav_excluded":[""],"_cms_nav_minihome":[""],"wcml_sync_hash":["a:1:{s:15:\"postmeta_fields\";s:32:\"7ff739f4b4a69fc574c450d3b130e388\";}"],"attr_label_translations":["a:0:{}"],"_product_attributes":["a:2:{s:16:\"pa_product-brand\";a:6:{s:4:\"name\";s:16:\"pa_product-brand\";s:5:\"value\";s:0:\"\";s:8:\"position\";i:0;s:10:\"is_visible\";i:1;s:12:\"is_variation\";i:0;s:11:\"is_taxonomy\";i:1;}s:22:\"pa_logtag-probe-choice\";a:6:{s:4:\"name\";s:22:\"pa_logtag-probe-choice\";s:5:\"value\";s:0:\"\";s:8:\"position\";i:1;s:10:\"is_visible\";i:1;s:12:\"is_variation\";i:1;s:11:\"is_taxonomy\";i:1;}}"],"_thumbnail_id":["50115"],"_product_image_gallery":["50121"],"_crosssell_ids":["a:0:{}"],"_wpml_word_count":["264"],"_last_translation_edit_mode":["translation-editor"],"_global_unique_id":["850040258011"],"rank_math_focus_keyword":["UTRED-16F"],"resources":["<ul class=\"resources-list\">\n \t<li><img src=\"https:\/\/praxas.com\/wp-content\/uploads\/document-icon.png\" alt=\"Dokument-Symbol\"><a href=\"https:\/\/praxas.com\/wp-content\/uploads\/LogTag_UTRED-16_Brochure.pdf\">LogTag UTRED-16F Brosch\u00fcre<\/a><\/li>\n \t<li><img src=\"https:\/\/praxas.com\/wp-content\/uploads\/document-icon.png\" alt=\"Dokument-Symbol\"><a href=\"https:\/\/praxas.com\/wp-content\/uploads\/UTRED-16_QuickStartGuide.pdf\">LogTag UTRED-16F Schnellstartanleitung<\/a><\/li>\n \t<li><img src=\"https:\/\/praxas.com\/wp-content\/uploads\/document-icon.png\" alt=\"Dokument-Symbol\"><a href=\"https:\/\/praxas.com\/wp-content\/uploads\/Vaccine-Product-Comparison-2.pdf\">LogTag UTRED-16F Vergleichsleitfaden<\/a><\/li>\n<\/ul>"],"accessories":["[products skus=\"ST100T,ST100L,ST100S,WMB-1,Buffer Bottle\"]"],"_uag_page_assets":["a:9:{s:3:\"css\";s:0:\"\";s:2:\"js\";s:0:\"\";s:18:\"current_block_list\";a:0:{}s:8:\"uag_flag\";b:0;s:11:\"uag_version\";s:10:\"1775212209\";s:6:\"gfonts\";a:0:{}s:10:\"gfonts_url\";s:0:\"\";s:12:\"gfonts_files\";a:0:{}s:14:\"uag_faq_layout\";b:0;}"],"_max_variation_price":[""],"_max_variation_regular_price":[""],"_max_variation_sale_price":[""],"_min_variation_price":[""],"_min_variation_regular_price":[""],"_min_variation_sale_price":[""],"_regular_price":[""],"_sale_price":[""],"_wc_pb_base_regular_price":[""],"_wc_pb_base_sale_price":[""],"_wc_pb_base_price":[""],"_wc_sw_max_price":[""],"_wc_sw_max_regular_price":[""],"_wc_rating_count":[""],"_wc_review_count":[""],"_wc_average_rating":[0]},"uagb_featured_image_src":{"full":["https:\/\/praxas.com\/wp-content\/uploads\/UTRED-16F-With-Cap.jpg",1200,680,false],"thumbnail":["https:\/\/praxas.com\/wp-content\/uploads\/UTRED-16F-With-Cap-150x150.jpg",150,150,true],"medium":["https:\/\/praxas.com\/wp-content\/uploads\/UTRED-16F-With-Cap-300x170.jpg",300,170,true],"medium_large":["https:\/\/praxas.com\/wp-content\/uploads\/UTRED-16F-With-Cap-768x435.jpg",768,435,true],"large":["https:\/\/praxas.com\/wp-content\/uploads\/UTRED-16F-With-Cap-1024x580.jpg",1024,580,true],"1536x1536":["https:\/\/praxas.com\/wp-content\/uploads\/UTRED-16F-With-Cap.jpg",1200,680,false],"2048x2048":["https:\/\/praxas.com\/wp-content\/uploads\/UTRED-16F-With-Cap.jpg",1200,680,false],"crunchify-admin-post-featured-image":["https:\/\/praxas.com\/wp-content\/uploads\/UTRED-16F-With-Cap-120x68.jpg",120,68,true],"commercegurus-pdp-large":["https:\/\/praxas.com\/wp-content\/uploads\/UTRED-16F-With-Cap-990x561.jpg",990,561,true],"commercegurus-plp-mobile":["https:\/\/praxas.com\/wp-content\/uploads\/UTRED-16F-With-Cap-441x250.jpg",441,250,true],"cgkit_image_swatch":["https:\/\/praxas.com\/wp-content\/uploads\/UTRED-16F-With-Cap-100x100.jpg",100,100,true],"woocommerce_thumbnail":["https:\/\/praxas.com\/wp-content\/uploads\/UTRED-16F-With-Cap-350x198.jpg",350,198,true],"woocommerce_single":["https:\/\/praxas.com\/wp-content\/uploads\/UTRED-16F-With-Cap-800x453.jpg",800,453,true],"woocommerce_gallery_thumbnail":["https:\/\/praxas.com\/wp-content\/uploads\/UTRED-16F-With-Cap-150x85.jpg",150,85,true]},"uagb_author_info":{"display_name":"Alex James","author_link":"https:\/\/praxas.com\/de\/author\/"},"uagb_comment_info":0,"uagb_excerpt":"Display mit Live-Temperatur und 6-Alarm-Status Automatischer PDF-Bericht \u00fcber USB Vielseitig einsetzbar mit 2 Jahren Batterielebensdauer Kompatibel mit LogTag Analyzer Ben\u00f6tigt ST100 externe Sonde","_links":{"self":[{"href":"https:\/\/praxas.com\/de\/wp-json\/wp\/v2\/product\/50145","targetHints":{"allow":["GET"]}}],"collection":[{"href":"https:\/\/praxas.com\/de\/wp-json\/wp\/v2\/product"}],"about":[{"href":"https:\/\/praxas.com\/de\/wp-json\/wp\/v2\/types\/product"}],"wp:featuredmedia":[{"embeddable":true,"href":"https:\/\/praxas.com\/de\/wp-json\/wp\/v2\/media\/50115"}],"wp:attachment":[{"href":"https:\/\/praxas.com\/de\/wp-json\/wp\/v2\/media?parent=50145"}],"wp:term":[{"taxonomy":"product_brand","embeddable":true,"href":"https:\/\/praxas.com\/de\/wp-json\/wp\/v2\/product_brand?post=50145"},{"taxonomy":"product_cat","embeddable":true,"href":"https:\/\/praxas.com\/de\/wp-json\/wp\/v2\/product_cat?post=50145"},{"taxonomy":"product_tag","embeddable":true,"href":"https:\/\/praxas.com\/de\/wp-json\/wp\/v2\/product_tag?post=50145"}],"curies":[{"name":"wp","href":"https:\/\/api.w.org\/{rel}","templated":true}]}}