{"id":50225,"date":"2025-06-23T10:41:27","date_gmt":"2025-06-23T08:41:27","guid":{"rendered":"https:\/\/praxas.com\/product\/unkategorisiert\/utrel30-16-niedrigtemperatur-logger\/"},"modified":"2025-10-09T10:22:04","modified_gmt":"2025-10-09T08:22:04","slug":"utrel30-16-niedrigtemperatur-logger","status":"publish","type":"product","link":"https:\/\/praxas.com\/de\/product\/datenlogger\/temperatur-datenlogger\/utrel30-16-niedrigtemperatur-logger\/","title":{"rendered":"UTREL30-16 Niedrigtemperatur-Logger"},"content":{"rendered":"<p data-start=\"199\" data-end=\"272\"><strong data-start=\"203\" data-end=\"272\">LogTag UTREL30-16 &#8211; Mehrkanal-LCD-Datenlogger f\u00fcr niedrige Temperaturen<\/strong><\/p>\n<p data-start=\"274\" data-end=\"537\">Der LogTag UTREL30-16 ist ein Zweikanal-Temperaturdatenlogger f\u00fcr die \u00dcberwachung von Tiefsttemperaturen. Er kann bis zu 32.000 Temperaturmesswerte aufzeichnen und speichern und bietet eine zuverl\u00e4ssige L\u00f6sung f\u00fcr K\u00fchlketten und langfristige temperaturempfindliche Anwendungen. <\/p>\n<p data-start=\"539\" data-end=\"789\">Das gro\u00dfe, klare Display bietet einen \u00dcberblick \u00fcber die aktuelle Temperatur, den Aufzeichnungsstatus und Alarmmeldungen f\u00fcr bis zu 30 Tage. Ein auff\u00e4lliges \u2717 Symbol und ein optionaler akustischer Alarm signalisieren, wenn die voreingestellten Alarmgrenzen \u00fcberschritten wurden. <\/p>\n<p data-start=\"791\" data-end=\"928\">Der UTREL30-16 ist ideal f\u00fcr die Verwendung mit der externen Sonde ST10 und ist eine zuverl\u00e4ssige Wahl f\u00fcr die genaue und kontinuierliche \u00dcberwachung niedriger Temperaturen.<\/p>\n<p data-start=\"930\" data-end=\"947\"><strong data-start=\"930\" data-end=\"947\">Wichtige Merkmale:<\/strong><\/p>\n<ul data-start=\"949\" data-end=\"1257\">\n<li data-start=\"949\" data-end=\"1004\">\n<p data-start=\"951\" data-end=\"1004\">Messbereich: -90\u00b0C bis +40\u00b0C (abh\u00e4ngig von der Sonde)<\/p>\n<\/li>\n<li data-start=\"1005\" data-end=\"1038\">\n<p data-start=\"1007\" data-end=\"1038\">Zeichnet bis zu 32.000 Messwerte auf<\/p>\n<\/li>\n<li data-start=\"1039\" data-end=\"1099\">\n<p data-start=\"1041\" data-end=\"1099\">LCD zeigt den Alarm- und Temperaturstatus f\u00fcr bis zu 30 Tage an<\/p>\n<\/li>\n<li data-start=\"1100\" data-end=\"1136\">\n<p data-start=\"1102\" data-end=\"1136\">Akustischer Alarm mit LED-Anzeige<\/p>\n<\/li>\n<li data-start=\"1137\" data-end=\"1161\">\n<p data-start=\"1139\" data-end=\"1161\">Dual-Channel-Unterst\u00fctzung<\/p>\n<\/li>\n<li data-start=\"1162\" data-end=\"1219\">\n<p data-start=\"1164\" data-end=\"1219\">Kompatibel mit der externen Sonde ST10<\/p>\n<\/li>\n<li data-start=\"1220\" data-end=\"1257\">\n<p data-start=\"1222\" data-end=\"1257\">Batteriebetriebenes Mehrzweckger\u00e4t<\/p>\n<\/li>\n<\/ul>\n","protected":false},"excerpt":{"rendered":"<ul>\n<li data-start=\"1291\" data-end=\"1323\">-90\u00b0C bis +40\u00b0C<\/li>\n<li data-start=\"1324\" data-end=\"1356\">Speichert bis zu 32.000 Messwerte<\/li>\n<li data-start=\"1357\" data-end=\"1396\">Gro\u00dfes LCD mit 30-Tage-Alarmanzeige<\/li>\n<li data-start=\"1397\" data-end=\"1426\">Akustischer Alarm + LED-Warnung<\/li>\n<li data-start=\"1427\" data-end=\"1459\">Unterst\u00fctzt die externe Sonde ST10<\/li>\n<\/ul>\n","protected":false},"featured_media":50219,"template":"","meta":{"_acf_changed":false,"content-type":"","_uag_custom_page_level_css":""},"product_brand":[],"product_cat":[1010,1075],"product_tag":[2513,2262,1016],"class_list":{"0":"post-50225","1":"product","2":"type-product","3":"status-publish","4":"has-post-thumbnail","6":"product_cat-temperatur-datenlogger","7":"product_cat-datenlogger","8":"product_tag-logtag-de","9":"product_tag-temperatur","10":"product_tag-usb-de","12":"first","13":"instock","14":"taxable","15":"shipping-taxable","16":"purchasable","17":"product-type-variable"},"bundled_by":[],"bundle_stock_status":"instock","bundle_stock_quantity":null,"bundle_virtual":false,"bundle_layout":"","bundle_add_to_cart_form_location":"","bundle_editable_in_cart":false,"bundle_sold_individually_context":"","bundle_item_grouping":"","bundle_min_size":"","bundle_max_size":"","bundle_price":[],"bundled_items":[],"bundle_sell_ids":[],"acf":[],"spectra_custom_meta":{"hubwoo_ecomm_pro_id":["25080497698"],"_wcml_average_rating":[null],"_wcml_review_count":[null],"_wcml_rating_count":[null],"_backorders":["no"],"_download_limit":["-1"],"_download_expiry":["-1"],"_downloadable":["no"],"_manage_stock":["no"],"_sku":["UTREL30-16"],"_stock_status":["instock"],"_sold_individually":["no"],"_tax_class":[""],"_tax_status":["taxable"],"_virtual":["no"],"total_sales":["1"],"_price":["134.40","169.40","172.90"],"product_datasheet":[""],"_product_datasheet":["field_650ad7d6ea3a0"],"connectivity":["USB"],"_connectivity":["field_64dce263bb57c"],"brand":["LogTag"],"_brand":["field_64ddf62ed2593"],"brand_image":[""],"_brand_image":["field_650c5e7c84cae"],"_specifications_table":["field_65044e1db92a8"],"_display_data_alarm":["field_667d647bcb066"],"_resources":["field_650849c6945ee"],"_calibration":["field_66a0ddd599972"],"_accessories":["field_650849e6945f0"],"_faqs":["field_650859523d8d5"],"_calibration_suitable_ids_gb":["field_654b4c4acb54a"],"_calibration_suitable_ids_us":["field_654b4c56cb54b"],"_show_in_calibration_suitable":["field_654cfb691d345"],"_other_features":["field_668524f8c98a4"],"_shipping":["field_66852535c98a5"],"_refrigerant_cabinet":["field_66852557c98a6"],"_main_specifications":["field_66855b25b1245"],"_usd_price_4":["field_651570dcac479"],"_usd_price_9":["field_6515713eb4807"],"_usd_price_24":["field_65157141b4809"],"_usd_price_49":["field_65157140b4808"],"_usd_price_99":["field_6515715bb480a"],"_gbp_price_4":["field_6515716e83bfa"],"_gbp_price_9":["field_6515724783bfb"],"_gbp_price_24":["field_6515724b83bfc"],"_gbp_price_49":["field_6515725983bfd"],"_gbp_price_99":["field_6515725d83bfe"],"_usdhk_price_4":["field_6515726f83bff"],"_usdhk_price_9":["field_6515727c83c00"],"_usdhk_price_24":["field_6515728083c01"],"_usdhk_price_49":["field_6515728983c02"],"_usdhk_price_99":["field_6515728e83c03"],"stock_options":["In stock"],"_stock_options":["field_6544b605dc7f9"],"rank_math_primary_product_cat":["87"],"min_temp":["-90"],"max_temp":["40"],"_min_temp":["field_67ea5eb4e0a77"],"_max_temp":["field_67ea5f81e0a79"],"_top_nav_excluded":[""],"_cms_nav_minihome":[""],"_product_image_gallery":["50213"],"wcml_sync_hash":["a:1:{s:15:\"postmeta_fields\";s:32:\"60c3ac6aa8af417b33eb5dcafd69e9a4\";}"],"attr_label_translations":["a:0:{}"],"_product_attributes":["a:2:{s:16:\"pa_product-brand\";a:6:{s:4:\"name\";s:16:\"pa_product-brand\";s:5:\"value\";s:0:\"\";s:8:\"position\";i:0;s:10:\"is_visible\";i:1;s:12:\"is_variation\";i:0;s:11:\"is_taxonomy\";i:1;}s:22:\"pa_logtag-probe-choice\";a:6:{s:4:\"name\";s:22:\"pa_logtag-probe-choice\";s:5:\"value\";s:0:\"\";s:8:\"position\";i:1;s:10:\"is_visible\";i:1;s:12:\"is_variation\";i:1;s:11:\"is_taxonomy\";i:1;}}"],"_thumbnail_id":["50219"],"_crosssell_ids":["a:0:{}"],"_wpml_word_count":["223"],"_last_translation_edit_mode":["translation-editor"],"_global_unique_id":["850040258059"],"rank_math_focus_keyword":["UTREL30-16"],"specifications_table":["<table class=\"w-full\">\n<tbody>\n<tr>\n<td class=\"text-base font-semibold font-gray\">Externer Sensor Messbereich<\/td>\n<td class=\"text-base font-gray-300\">-90\u00b0C bis +40\u00b0C (-130\u00b0F bis +104\u00b0F).<\/td>\n<\/tr>\n<tr>\n<td class=\"text-base font-semibold font-gray\">Betriebstemperaturbereich<\/td>\n<td class=\"text-base font-gray-300\">-30\u00b0C bis +60\u00b0C (-22\u00b0F bis +140\u00b0F)\n0-99% RH (nicht kondensierend)<\/td>\n<\/tr>\n<tr>\n<td class=\"text-base font-semibold font-gray\">Temperaturbereich bei Lagerung<\/td>\n<td class=\"text-base font-gray-300\">0\u00b0C bis +40\u00b0C (32\u00b0F bis +104\u00b0F).<\/td>\n<\/tr>\n<tr>\n<td class=\"text-base font-semibold font-gray\">Nenntemperatur Aufl\u00f6sung<\/td>\n<td class=\"text-base font-gray-300\">Besser als 0.1\u00b0C (0.2\u00b0F) f\u00fcr Messungen von -80\u00b0C bis 10\u00b0C (-112\u00b0F bis 50\u00b0F)\nBesser als 0.2\u00b0C (0.4\u00b0F) f\u00fcr Messungen von 10\u00b0C bis 20\u00b0C (50\u00b0F bis 68\u00b0F) und -90\u00b0C bis -80\u00b0C (-130\u00b0F bis -112\u00b0F)\nBesser als 0.3\u00b0C (0.5\u00b0F) f\u00fcr Messungen von 20\u00b0C bis 30\u00b0C (68\u00b0F bis 86\u00b0F)\nBesser als 0.5\u00b0C (0.9\u00b0F) f\u00fcr Messungen von 30\u00b0C bis 40\u00b0C (86\u00b0F bis 104\u00b0F)\nLogTag Analyzer zeigt derzeit eine Dezimalstelle von \u00b0C oder \u00b0F an. Die native Aufl\u00f6sung ist die, die im LogTag\u00ae gespeichert ist. <\/td>\n<\/tr>\n<tr>\n<td class=\"text-base font-semibold font-gray\">Sensor-Reaktionszeit<\/td>\n<td class=\"text-base font-gray-300\">Typischerweise weniger als 2 Minuten (T90) in bewegter Luft (1m\/s) f\u00fcr den Typ ST10S<\/td>\n<\/tr>\n<tr>\n<td class=\"text-base font-semibold font-gray\">Genauigkeit der Nenntemperaturanzeige<\/td>\n<td class=\"text-base font-gray-300\">Besser als \u00b10,5\u00b0C f\u00fcr -20\u00b0C bis +10\u00b0C (-4\u00b0F bis 50\u00b0F)\nBesser als \u00b10.7\u00b0C f\u00fcr -50\u00b0C bis -20\u00b0C (-58\u00b0F bis -4\u00b0F) und +10\u00b0C bis +30\u00b0C (50\u00b0F bis 86\u00b0F)\nBesser als \u00b11\u00b0C f\u00fcr -80\u00b0C bis -50\u00b0C (-112\u00b0F bis -58\u00b0F ) und +30\u00b0C bis +40\u00b0C (86\u00b0F bis 104\u00b0F)\nBesser als \u00b11,8\u00b0C f\u00fcr -90\u00b0C bis -80\u00b0C (-130\u00b0F bis -112\u00b0F)<\/td>\n<\/tr>\n<tr>\n<td class=\"text-base font-semibold font-gray\">Konnektivit\u00e4t der Sonde<\/td>\n<td class=\"text-base font-gray-300\">Bis zu 2<\/td>\n<\/tr>\n<tr>\n<td class=\"text-base font-semibold font-gray\">Kompatibilit\u00e4t der Sonde<\/td>\n<td class=\"text-base font-gray-300\">Alle externen ST10-Pr\u00e4zisions-Thermistorf\u00fchler k\u00f6nnen austauschbar an den UTREL30-16 angeschlossen werden.\nKompatible externe F\u00fchler finden Sie im Abschnitt Zubeh\u00f6r. F\u00fcr jeden Kanal k\u00f6nnen unterschiedliche F\u00fchlermodelle verwendet werden. Nicht kompatibel mit ST100 Sensoren.  <\/td>\n<\/tr>\n<tr>\n<td class=\"text-base font-semibold font-gray\">Aufnahmekapazit\u00e4t<\/td>\n<td class=\"text-base font-gray-300\">32.000 Gesamtprotokollspeicher. Bietet 16.000 Temperaturmesswerte pro Kanal.\nTagesstatistikspeicher (zur Anzeige auf dem LCD): bis zu 30 Tage Min\/Max\/Dauer und Alarmausl\u00f6ser-Statistiken. <\/td>\n<\/tr>\n<tr>\n<td class=\"text-base font-semibold font-gray\">Stichprobenintervall<\/td>\n<td class=\"text-base font-gray-300\">Konfigurierbar von 30 Sekunden bis 18 Stunden. (Normalerweise 5 Minuten Aufzeichnung) <\/td>\n<\/tr>\n<tr>\n<td class=\"text-base font-semibold font-gray\">Alarme<\/td>\n<td class=\"text-base font-gray-300\">Bis zu 6 konfigurierbare Alarme f\u00fcr jeden Kanal.\nEs ist m\u00f6glich, den Alarm f\u00fcr Kanal 1 und Kanal 2 getrennt einzustellen.<\/td>\n<\/tr>\n<tr>\n<td class=\"text-base font-semibold font-gray\">Startoptionen f\u00fcr die Aufzeichnung<\/td>\n<td class=\"text-base font-gray-300\">Start per Knopfdruck (mit konfigurierbarer Startverz\u00f6gerung von 1 Minute bis 72 Stunden) oder bestimmtes Datum und Uhrzeit.<\/td>\n<\/tr>\n<tr>\n<td class=\"text-base font-semibold font-gray\">Download-Zeit<\/td>\n<td class=\"text-base font-gray-300\">Normalerweise mit vollem Speicher (32.000 Messwerte) in weniger als 20 Sekunden.<\/td>\n<\/tr>\n<tr>\n<td class=\"text-base font-semibold font-gray\">Umgebungsbedingungen<\/td>\n<td class=\"text-base font-gray-300\">IP61 (bei vertikaler Montage oder Aufh\u00e4ngung mit aufgesetzter USB-Staubschutzkappe).<\/td>\n<\/tr>\n<tr>\n<td class=\"text-base font-semibold font-gray\">Stromquelle<\/td>\n<td class=\"text-base font-gray-300\">5V \u00fcber Micro-USB-Buchse oder 2 x 1,5V AAA-Batterien. CR2032 LiMnO2-Knopfzelle (nur Backup-Logging-Funktion). <\/td>\n<\/tr>\n<tr>\n<td class=\"text-base font-semibold font-gray\">Lebensdauer der Batterie<\/td>\n<td class=\"text-base font-gray-300\">AAA-Batterie bis zu 12 Monate - wenn das Ger\u00e4t ohne Stromanschluss betrieben wird.<\/td>\n<\/tr>\n<tr>\n<td class=\"text-base font-semibold font-gray\">Echtzeituhr<\/td>\n<td class=\"text-base font-gray-300\">Eingebaute Echtzeituhr.\nTypische Genauigkeit \u00b125ppm bei 25\u00b0C (entspricht 2,5 Sekunden\/Tag).\nDer Nenntemperaturkoeffizient betr\u00e4gt -0,034 \u00b10,006ppm\/\u00b0C (d.h. typisch +\/- 0,00294 Sekunden\/Tag\/\u00b0C).<\/td>\n<\/tr>\n<tr>\n<td class=\"text-base font-semibold font-gray\">Verbindungsschnittstelle<\/td>\n<td class=\"text-base font-gray-300\">USB 2.0 \/ Micro USB-Buchse.<\/td>\n<\/tr>\n<tr>\n<td class=\"text-base font-semibold font-gray\">Standard-Fernbedienungskabel-L\u00e4ngen<\/td>\n<td class=\"text-base font-gray-300\">Standard: 1,5m (4 \u201e11 \u201a).\nVerl\u00e4ngert: 3m (9\u2018 10\u201c) (empfohlenes Maximum).<\/td>\n<\/tr>\n<tr>\n<td class=\"text-base font-semibold font-gray\">Fernbedienungssondenkabel Typ<\/td>\n<td class=\"text-base font-gray-300\">PTFE (FDA-zertifiziert f\u00fcr den Kontakt mit Lebensmitteln), koaxial.<\/td>\n<\/tr>\n<tr>\n<td class=\"text-base font-semibold font-gray\">Gr\u00f6\u00dfe<\/td>\n<td class=\"text-base font-gray-300\">141mm(H) x 72mm(B) x 18mm(T).<\/td>\n<\/tr>\n<tr>\n<td class=\"text-base font-semibold font-gray\">Gewicht<\/td>\n<td class=\"text-base font-gray-300\">156g mit AAA-Batterien, (132g - ohne Sonde und AAA-Batterien).<\/td>\n<\/tr>\n<tr>\n<td class=\"text-base font-semibold font-gray\">Material Geh\u00e4use<\/td>\n<td class=\"text-base font-gray-300\">Polykarbonat.<\/td>\n<\/tr>\n<\/tbody>\n<\/table>"],"resources":["<ul class=\"resources-list\">\n \t<li><img src=\"https:\/\/praxas.com\/wp-content\/uploads\/document-icon.png\" alt=\"Dokument-Symbol\"><a href=\"https:\/\/praxas.com\/wp-content\/uploads\/LogTag_UTREL30-16_Brochure.pdf\">LogTag UTREL30-16 Brosch\u00fcre<\/a><\/li>\n \t<li><img src=\"https:\/\/praxas.com\/wp-content\/uploads\/document-icon.png\" alt=\"Dokument-Symbol\"><a href=\"https:\/\/praxas.com\/wp-content\/uploads\/UTREL30-16-QuickStartGuide.pdf\">LogTag UTREL30-16 Schnellstartanleitung<\/a><\/li>\n<\/ul>"],"accessories":["[products skus=\"WBM-02,Buffer Bottle\"]"],"_uag_page_assets":["a:9:{s:3:\"css\";s:0:\"\";s:2:\"js\";s:0:\"\";s:18:\"current_block_list\";a:0:{}s:8:\"uag_flag\";b:0;s:11:\"uag_version\";s:10:\"1775212209\";s:6:\"gfonts\";a:0:{}s:10:\"gfonts_url\";s:0:\"\";s:12:\"gfonts_files\";a:0:{}s:14:\"uag_faq_layout\";b:0;}"],"_max_variation_price":[""],"_max_variation_regular_price":[""],"_max_variation_sale_price":[""],"_min_variation_price":[""],"_min_variation_regular_price":[""],"_min_variation_sale_price":[""],"_regular_price":[""],"_sale_price":[""],"_wc_pb_base_regular_price":[""],"_wc_pb_base_sale_price":[""],"_wc_pb_base_price":[""],"_wc_sw_max_price":[""],"_wc_sw_max_regular_price":[""],"_wc_rating_count":[""],"_wc_review_count":[""],"_wc_average_rating":[0]},"uagb_featured_image_src":{"full":["https:\/\/praxas.com\/wp-content\/uploads\/UTREL30-16-3probe.jpg",1200,680,false],"thumbnail":["https:\/\/praxas.com\/wp-content\/uploads\/UTREL30-16-3probe-150x150.jpg",150,150,true],"medium":["https:\/\/praxas.com\/wp-content\/uploads\/UTREL30-16-3probe-300x170.jpg",300,170,true],"medium_large":["https:\/\/praxas.com\/wp-content\/uploads\/UTREL30-16-3probe-768x435.jpg",768,435,true],"large":["https:\/\/praxas.com\/wp-content\/uploads\/UTREL30-16-3probe-1024x580.jpg",1024,580,true],"1536x1536":["https:\/\/praxas.com\/wp-content\/uploads\/UTREL30-16-3probe.jpg",1200,680,false],"2048x2048":["https:\/\/praxas.com\/wp-content\/uploads\/UTREL30-16-3probe.jpg",1200,680,false],"crunchify-admin-post-featured-image":["https:\/\/praxas.com\/wp-content\/uploads\/UTREL30-16-3probe-120x68.jpg",120,68,true],"commercegurus-pdp-large":["https:\/\/praxas.com\/wp-content\/uploads\/UTREL30-16-3probe-990x561.jpg",990,561,true],"commercegurus-plp-mobile":["https:\/\/praxas.com\/wp-content\/uploads\/UTREL30-16-3probe-441x250.jpg",441,250,true],"cgkit_image_swatch":["https:\/\/praxas.com\/wp-content\/uploads\/UTREL30-16-3probe-100x100.jpg",100,100,true],"woocommerce_thumbnail":["https:\/\/praxas.com\/wp-content\/uploads\/UTREL30-16-3probe-350x198.jpg",350,198,true],"woocommerce_single":["https:\/\/praxas.com\/wp-content\/uploads\/UTREL30-16-3probe-800x453.jpg",800,453,true],"woocommerce_gallery_thumbnail":["https:\/\/praxas.com\/wp-content\/uploads\/UTREL30-16-3probe-150x85.jpg",150,85,true]},"uagb_author_info":{"display_name":"Alex James","author_link":"https:\/\/praxas.com\/de\/author\/"},"uagb_comment_info":0,"uagb_excerpt":"-90\u00b0C bis +40\u00b0C Speichert bis zu 32.000 Messwerte Gro\u00dfes LCD mit 30-Tage-Alarmanzeige Akustischer Alarm + LED-Warnung Unterst\u00fctzt die externe Sonde ST10","_links":{"self":[{"href":"https:\/\/praxas.com\/de\/wp-json\/wp\/v2\/product\/50225","targetHints":{"allow":["GET"]}}],"collection":[{"href":"https:\/\/praxas.com\/de\/wp-json\/wp\/v2\/product"}],"about":[{"href":"https:\/\/praxas.com\/de\/wp-json\/wp\/v2\/types\/product"}],"wp:featuredmedia":[{"embeddable":true,"href":"https:\/\/praxas.com\/de\/wp-json\/wp\/v2\/media\/50219"}],"wp:attachment":[{"href":"https:\/\/praxas.com\/de\/wp-json\/wp\/v2\/media?parent=50225"}],"wp:term":[{"taxonomy":"product_brand","embeddable":true,"href":"https:\/\/praxas.com\/de\/wp-json\/wp\/v2\/product_brand?post=50225"},{"taxonomy":"product_cat","embeddable":true,"href":"https:\/\/praxas.com\/de\/wp-json\/wp\/v2\/product_cat?post=50225"},{"taxonomy":"product_tag","embeddable":true,"href":"https:\/\/praxas.com\/de\/wp-json\/wp\/v2\/product_tag?post=50225"}],"curies":[{"name":"wp","href":"https:\/\/api.w.org\/{rel}","templated":true}]}}