{"id":50242,"date":"2025-06-23T11:04:22","date_gmt":"2025-06-23T09:04:22","guid":{"rendered":"https:\/\/praxas.com\/product\/unkategorisiert\/utrel30-wifi-niedrigtemperatur-logger\/"},"modified":"2025-10-09T10:21:36","modified_gmt":"2025-10-09T08:21:36","slug":"utrel30-wifi-niedrigtemperatur-logger","status":"publish","type":"product","link":"https:\/\/praxas.com\/de\/product\/datenlogger\/temperatur-datenlogger\/utrel30-wifi-niedrigtemperatur-logger\/","title":{"rendered":"UTREL30-WiFi Niedrigtemperatur-Logger"},"content":{"rendered":"<p data-start=\"214\" data-end=\"289\"><strong data-start=\"218\" data-end=\"289\">LogTag UTREL30-WiFi &#8211; Zweikanal-WiFi-Datenlogger f\u00fcr niedrige Temperaturen<\/strong><\/p>\n<p data-start=\"291\" data-end=\"639\">Der LogTag UTREL30-WiFi ist ein Zweikanal-Datenlogger f\u00fcr niedrige Temperaturen, der Temperaturdaten automatisch in Echtzeit \u00fcber WiFi auf Ihr LogTag Online Cloud-Konto hochl\u00e4dt. Der LogTag UTREL30-WiFi wurde f\u00fcr eine genaue und kontinuierliche \u00dcberwachung entwickelt. Er unterst\u00fctzt zwei externe F\u00fchler und bietet sofortigen Zugriff auf Live- und historische Daten, ohne dass manuelle Downloads erforderlich sind. <\/p>\n<p data-start=\"641\" data-end=\"888\">Mit einer Kapazit\u00e4t von 32.000 Messwerten (16.000 pro Kanal), einem gro\u00dfen, leicht ablesbaren Display und eingebauten akustischen und visuellen Alarmen ist es ideal f\u00fcr die \u00dcberwachung von K\u00fchlketten, Impfstoffen und Labors, wo eine zuverl\u00e4ssige Fern\u00fcberwachung der Temperatur unerl\u00e4sslich ist.<\/p>\n<p data-start=\"890\" data-end=\"907\"><strong data-start=\"890\" data-end=\"907\">Wichtige Merkmale:<\/strong><\/p>\n<ul data-start=\"909\" data-end=\"1259\">\n<li data-start=\"909\" data-end=\"959\">\n<p data-start=\"911\" data-end=\"959\">Misst von -90\u00b0C bis +40\u00b0C (abh\u00e4ngig vom F\u00fchler)<\/p>\n<\/li>\n<li data-start=\"960\" data-end=\"1013\">\n<p data-start=\"962\" data-end=\"1013\">Zwei-Kanal-Protokollierung, 16.000 Messwerte pro Kanal<\/p>\n<\/li>\n<li data-start=\"1014\" data-end=\"1070\">\n<p data-start=\"1016\" data-end=\"1070\">Automatischer Echtzeit-Upload \u00fcber WiFi zu LogTag Online<\/p>\n<\/li>\n<li data-start=\"1071\" data-end=\"1116\">\n<p data-start=\"1073\" data-end=\"1116\">LCD mit 30-Tage-Alarm\u00fcbersicht auf einen Blick<\/p>\n<\/li>\n<li data-start=\"1117\" data-end=\"1156\">\n<p data-start=\"1119\" data-end=\"1156\">Akustische und optische Alarmanzeigen<\/p>\n<\/li>\n<li data-start=\"1157\" data-end=\"1215\">\n<p data-start=\"1159\" data-end=\"1215\">Kompatibel mit ST10 externen Sonden<\/p>\n<\/li>\n<li data-start=\"1216\" data-end=\"1259\">\n<p data-start=\"1218\" data-end=\"1259\">Vielseitiges Format mit langer Batterielebensdauer<\/p>\n<\/li>\n<\/ul>\n","protected":false},"excerpt":{"rendered":"<ul>\n<li data-start=\"1293\" data-end=\"1330\">-90\u00b0C bis +40\u00b0C<\/li>\n<li data-start=\"1331\" data-end=\"1372\">Zweikanal, 32.000 Lesevorg\u00e4nge<\/li>\n<li data-start=\"1373\" data-end=\"1415\">WiFi-Upload in Echtzeit zu LogTag Online<\/li>\n<li data-start=\"1416\" data-end=\"1447\">30-Tage-Alarm\u00fcbersicht auf dem LCD<\/li>\n<li data-start=\"1448\" data-end=\"1486\">Eingebaute akustische und optische Alarme<\/li>\n<\/ul>\n","protected":false},"featured_media":50238,"template":"","meta":{"_acf_changed":false,"content-type":"","_uag_custom_page_level_css":""},"product_brand":[],"product_cat":[1010,1075],"product_tag":[2513,2262,985],"class_list":{"0":"post-50242","1":"product","2":"type-product","3":"status-publish","4":"has-post-thumbnail","6":"product_cat-temperatur-datenlogger","7":"product_cat-datenlogger","8":"product_tag-logtag-de","9":"product_tag-temperatur","10":"product_tag-wifi-de","12":"first","13":"instock","14":"taxable","15":"shipping-taxable","16":"purchasable","17":"product-type-variable"},"bundled_by":[],"bundle_stock_status":"instock","bundle_stock_quantity":null,"bundle_virtual":false,"bundle_layout":"","bundle_add_to_cart_form_location":"","bundle_editable_in_cart":false,"bundle_sold_individually_context":"","bundle_item_grouping":"","bundle_min_size":"","bundle_max_size":"","bundle_price":[],"bundled_items":[],"bundle_sell_ids":[],"acf":[],"spectra_custom_meta":{"hubwoo_ecomm_pro_id":["25106778684"],"_wcml_average_rating":[null],"_wcml_review_count":[null],"_wcml_rating_count":[null],"_backorders":["no"],"_download_limit":["-1"],"_download_expiry":["-1"],"_downloadable":["no"],"_manage_stock":["no"],"_sku":["UTREL30-WIFI"],"_stock_status":["instock"],"_sold_individually":["no"],"_tax_class":[""],"_tax_status":["taxable"],"_virtual":["no"],"total_sales":["0"],"_price":["229.60","264.60","268.10"],"product_datasheet":[""],"_product_datasheet":["field_650ad7d6ea3a0"],"connectivity":["WiFi"],"_connectivity":["field_64dce263bb57c"],"brand":["LogTag"],"_brand":["field_64ddf62ed2593"],"brand_image":[""],"_brand_image":["field_650c5e7c84cae"],"_specifications_table":["field_65044e1db92a8"],"_display_data_alarm":["field_667d647bcb066"],"_resources":["field_650849c6945ee"],"_calibration":["field_66a0ddd599972"],"_accessories":["field_650849e6945f0"],"_faqs":["field_650859523d8d5"],"_calibration_suitable_ids_gb":["field_654b4c4acb54a"],"_calibration_suitable_ids_us":["field_654b4c56cb54b"],"_show_in_calibration_suitable":["field_654cfb691d345"],"_other_features":["field_668524f8c98a4"],"_shipping":["field_66852535c98a5"],"_refrigerant_cabinet":["field_66852557c98a6"],"_main_specifications":["field_66855b25b1245"],"_usd_price_4":["field_651570dcac479"],"_usd_price_9":["field_6515713eb4807"],"_usd_price_24":["field_65157141b4809"],"_usd_price_49":["field_65157140b4808"],"_usd_price_99":["field_6515715bb480a"],"_gbp_price_4":["field_6515716e83bfa"],"_gbp_price_9":["field_6515724783bfb"],"_gbp_price_24":["field_6515724b83bfc"],"_gbp_price_49":["field_6515725983bfd"],"_gbp_price_99":["field_6515725d83bfe"],"_usdhk_price_4":["field_6515726f83bff"],"_usdhk_price_9":["field_6515727c83c00"],"_usdhk_price_24":["field_6515728083c01"],"_usdhk_price_49":["field_6515728983c02"],"_usdhk_price_99":["field_6515728e83c03"],"stock_options":["In stock"],"_stock_options":["field_6544b605dc7f9"],"rank_math_primary_product_cat":["87"],"min_temp":["-90"],"max_temp":["40"],"_min_temp":["field_67ea5eb4e0a77"],"_max_temp":["field_67ea5f81e0a79"],"_top_nav_excluded":[""],"_cms_nav_minihome":[""],"wcml_sync_hash":["a:1:{s:15:\"postmeta_fields\";s:32:\"19251acf1aedb7c6da1b26ce3ff41f6b\";}"],"attr_label_translations":["a:0:{}"],"_product_attributes":["a:2:{s:16:\"pa_product-brand\";a:6:{s:4:\"name\";s:16:\"pa_product-brand\";s:5:\"value\";s:0:\"\";s:8:\"position\";i:0;s:10:\"is_visible\";i:1;s:12:\"is_variation\";i:0;s:11:\"is_taxonomy\";i:1;}s:22:\"pa_logtag-probe-choice\";a:6:{s:4:\"name\";s:22:\"pa_logtag-probe-choice\";s:5:\"value\";s:0:\"\";s:8:\"position\";i:1;s:10:\"is_visible\";i:1;s:12:\"is_variation\";i:1;s:11:\"is_taxonomy\";i:1;}}"],"_thumbnail_id":["50238"],"_product_image_gallery":["50232"],"_crosssell_ids":["a:0:{}"],"_wpml_word_count":["232"],"_last_translation_edit_mode":["translation-editor"],"_global_unique_id":["850040258066"],"rank_math_focus_keyword":["UTREL30-WiFi"],"specifications_table":["<table class=\"w-full\">\n<tbody>\n<tr>\n<td class=\"text-base font-semibold font-gray\">Externer Sensor Messbereich<\/td>\n<td class=\"text-base font-gray-300\">-90\u00b0C bis +40\u00b0C (-130\u00b0F bis +104\u00b0F).<\/td>\n<\/tr>\n<tr>\n<td class=\"text-base font-semibold font-gray\">Betriebstemperaturbereich<\/td>\n<td class=\"text-base font-gray-300\">-30\u00b0C bis +60\u00b0C (-22\u00b0F bis +140\u00b0F).<\/td>\n<\/tr>\n<tr>\n<td class=\"text-base font-semibold font-gray\">Nenntemperatur Aufl\u00f6sung<\/td>\n<td class=\"text-base font-gray-300\">0.1\u00b0C (0.2\u00b0F) f\u00fcr Messungen -80\u00b0C bis 10\u00b0C (-112\u00b0F bis 50\u00b0F)\n0.2\u00b0C (0.4\u00b0F) f\u00fcr Messungen 10\u00b0C bis 20\u00b0C (50\u00b0F bis 68\u00b0F) und -90\u00b0C bis -80\u00b0C (-130\u00b0F bis -112\u00b0F)\n0.3\u00b0C (0.5\u00b0F) f\u00fcr Messungen von 20\u00b0C bis 30\u00b0C (68\u00b0F bis 86\u00b0F)\n0.5\u00b0C (0.9\u00b0F) f\u00fcr Messungen von 30\u00b0C bis 40\u00b0C (86\u00b0F bis 104\u00b0F)\nLogTag Analyzer zeigt derzeit eine Dezimalstelle von \u00b0C oder \u00b0F an. Die native Aufl\u00f6sung ist die, die im LogTag\u00ae gespeichert ist. <\/td>\n<\/tr>\n<tr>\n<td class=\"text-base font-semibold font-gray\">Genauigkeit der Nenntemperaturanzeige<\/td>\n<td class=\"text-base font-gray-300\">Besser als \u00b10,5\u00b0C f\u00fcr -20\u00b0C bis +10\u00b0C (-4\u00b0F bis 50\u00b0F)\nBesser als \u00b10.7\u00b0C f\u00fcr -50\u00b0C bis -20\u00b0C (-58\u00b0F bis -4\u00b0F) und +10\u00b0C bis +30\u00b0C (50\u00b0F bis 86\u00b0F)\nBesser als \u00b11\u00b0C f\u00fcr -80\u00b0C bis -50\u00b0C (-112\u00b0F bis -58\u00b0F ) und +30\u00b0C bis +40\u00b0C (86\u00b0F bis 104\u00b0F)\nBesser als \u00b11,8\u00b0C f\u00fcr -90\u00b0C bis -80\u00b0C (-130\u00b0F bis -112\u00b0F)<\/td>\n<\/tr>\n<tr>\n<td class=\"text-base font-semibold font-gray\">Konnektivit\u00e4t der Sonde<\/td>\n<td class=\"text-base font-gray-300\">Bis zu 2<\/td>\n<\/tr>\n<tr>\n<td class=\"text-base font-semibold font-gray\">Kompatibilit\u00e4t der Sonde<\/td>\n<td class=\"text-base font-gray-300\">Alle externen ST100-Pr\u00e4zisions-Thermistorf\u00fchler k\u00f6nnen austauschbar an das UTREL30-WiFi angeschlossen werden. Bitte besuchen Sie die Seite f\u00fcr externe Messf\u00fchler auf der LogTag North America Website. <\/td>\n<\/tr>\n<tr>\n<td class=\"text-base font-semibold font-gray\">Aufnahmekapazit\u00e4t<\/td>\n<td class=\"text-base font-gray-300\">32.000 Gesamtprotokollspeicher. Bietet 16.000 Temperaturmesswerte pro Kanal.\nTagesstatistikspeicher (zur Anzeige auf dem LCD): bis zu 30 Tage Min\/Max\/Dauer und Alarmausl\u00f6ser-Statistiken. <\/td>\n<\/tr>\n<tr>\n<td class=\"text-base font-semibold font-gray\">Intervall der Probenahme<\/td>\n<td class=\"text-base font-gray-300\">Konfigurierbar von 30 Sekunden bis 18 Stunden.<\/td>\n<\/tr>\n<tr>\n<td class=\"text-base font-semibold font-gray\">Startoptionen f\u00fcr die Aufzeichnung<\/td>\n<td class=\"text-base font-gray-300\">Start per Knopfdruck (mit konfigurierbarer Startverz\u00f6gerung von 1 Minute bis 72 Stunden) oder bestimmtes Datum und Uhrzeit.<\/td>\n<\/tr>\n<tr>\n<td class=\"text-base font-semibold font-gray\">Download-Zeit<\/td>\n<td class=\"text-base font-gray-300\">Normalerweise mit vollem Speicher (32.130 Messwerte) in weniger als 10 Sekunden.<\/td>\n<\/tr>\n<tr>\n<td class=\"text-base font-semibold font-gray\">Umgebungsbedingungen<\/td>\n<td class=\"text-base font-gray-300\">IP61 (wenn vertikal montiert oder aufgeh\u00e4ngt).<\/td>\n<\/tr>\n<tr>\n<td class=\"text-base font-semibold font-gray\">Kalibrierung<\/td>\n<td class=\"text-base font-gray-300\">Werkskalibriert mit einem NIST-\u00e4quivalenten Referenzger\u00e4t. Ein Kalibrierungszertifikat ist auf Anfrage erh\u00e4ltlich. <\/td>\n<\/tr>\n<tr>\n<td class=\"text-base font-semibold font-gray\">Stromquelle<\/td>\n<td class=\"text-base font-gray-300\">5V \u00fcber Micro-USB-Buchse oder 2 x 1,5V AAA-Alkalibatterien,\nCR2032 3V LiMnO2 (nur Backup-Logging-Funktion)<\/td>\n<\/tr>\n<tr>\n<td class=\"text-base font-semibold font-gray\">Lebensdauer der Batterie<\/td>\n<td class=\"text-base font-gray-300\">Das Ger\u00e4t sollte normalerweise \u00fcber USB mit Strom versorgt werden.\nAAA-Batterien bieten eine Notstromversorgung f\u00fcr bis zu 2 Monate <\/td>\n<\/tr>\n<tr>\n<td class=\"text-base font-semibold font-gray\">Anschluss Schnittstelle<\/td>\n<td class=\"text-base font-gray-300\">USB 2.0 \/ Micro USB-Stecker.<\/td>\n<\/tr>\n<tr>\n<td class=\"text-base font-semibold font-gray\">WiFi<\/td>\n<td class=\"text-base font-gray-300\">802.11 b\/g\/n<\/td>\n<\/tr>\n<tr>\n<td class=\"text-base font-semibold font-gray\">WiFi-Authentifizierungsmethoden<\/td>\n<td class=\"text-base font-gray-300\">Offen, WPA2\/PSK (mit oder ohne PMF), EAP-PEAP, EAP-TTLS<\/td>\n<\/tr>\n<tr>\n<td class=\"text-base font-semibold font-gray\">Bluetooth\u00ae.<\/td>\n<td class=\"text-base font-gray-300\">Das Ger\u00e4t sollte normalerweise \u00fcber USB mit Strom versorgt werden.\nAAA-Batterien bieten eine Notstromversorgung f\u00fcr bis zu 2 Monate <\/td>\n<\/tr>\n<tr>\n<td class=\"text-base font-semibold font-gray\">Anschluss Schnittstelle<\/td>\n<td class=\"text-base font-gray-300\">USB 2.0 \/ Micro USB-Stecker.<\/td>\n<\/tr>\n<tr>\n<td class=\"text-base font-semibold font-gray\">WiFi<\/td>\n<td class=\"text-base font-gray-300\">802.11 b\/g\/n<\/td>\n<\/tr>\n<tr>\n<td class=\"text-base font-semibold font-gray\">WiFi-Authentifizierungsmethoden<\/td>\n<td class=\"text-base font-gray-300\">Offen, WPA2\/PSK (mit oder ohne PMF), EAP-PEAP, EAP-TTLS<\/td>\n<\/tr>\n<tr>\n<td class=\"text-base font-semibold font-gray\">Bluetooth\u00ae.<\/td>\n<td class=\"text-base font-gray-300\">Bluetooth\u00ae V4.2 BR\/EDR und Bluetooth LE\u00ae.<\/td>\n<\/tr>\n<tr>\n<td class=\"text-base font-semibold font-gray\">Gr\u00f6\u00dfe<\/td>\n<td class=\"text-base font-gray-300\">141mm(H) x 72mm(B) x 18mm(T).<\/td>\n<\/tr>\n<tr>\n<td class=\"text-base font-semibold font-gray\">Gewicht<\/td>\n<td class=\"text-base font-gray-300\">158g mit AAA-Batterien, (134g - ohne Sonde und AAA-Batterien).<\/td>\n<\/tr>\n<tr>\n<td class=\"text-base font-semibold font-gray\">Material Geh\u00e4use<\/td>\n<td class=\"text-base font-gray-300\">Polykarbonat.<\/td>\n<\/tr>\n<\/tbody>\n<\/table>"],"resources":["<ul class=\"resources-list\">\n \t<li><img src=\"https:\/\/praxas.com\/wp-content\/uploads\/document-icon.png\" alt=\"Dokument-Symbol\"><a href=\"https:\/\/praxas.com\/wp-content\/uploads\/LogTag_UTREL30-WiFi_Brochure.pdf\">LogTag UTREL30-WiFi Brosch\u00fcre<\/a><\/li>\n \t<li><img src=\"https:\/\/praxas.com\/wp-content\/uploads\/document-icon.png\" alt=\"Dokument-Symbol\"><a href=\"https:\/\/praxas.com\/wp-content\/uploads\/UTREL30-WiFi-QuickStartGuide.pdf\">LogTag UTREL30-WiFi Schnellstartanleitung<\/a><\/li>\n \t<li><img src=\"https:\/\/praxas.com\/wp-content\/uploads\/document-icon.png\" alt=\"Dokument-Symbol\"><a href=\"https:\/\/praxas.com\/wp-content\/uploads\/Bluetooth_Connection_Guide-1.pdf\">LogTag UTREL30-WiFi Bluetooth Anleitung<\/a><\/li>\n<\/ul>"],"accessories":["[products skus=\"WBM-02,Buffer Bottle\"]"],"_uag_page_assets":["a:9:{s:3:\"css\";s:0:\"\";s:2:\"js\";s:0:\"\";s:18:\"current_block_list\";a:0:{}s:8:\"uag_flag\";b:0;s:11:\"uag_version\";s:10:\"1775212209\";s:6:\"gfonts\";a:0:{}s:10:\"gfonts_url\";s:0:\"\";s:12:\"gfonts_files\";a:0:{}s:14:\"uag_faq_layout\";b:0;}"],"_max_variation_price":[""],"_max_variation_regular_price":[""],"_max_variation_sale_price":[""],"_min_variation_price":[""],"_min_variation_regular_price":[""],"_min_variation_sale_price":[""],"_regular_price":[""],"_sale_price":[""],"_wc_pb_base_regular_price":[""],"_wc_pb_base_sale_price":[""],"_wc_pb_base_price":[""],"_wc_sw_max_price":[""],"_wc_sw_max_regular_price":[""],"_wc_rating_count":[""],"_wc_review_count":[""],"_wc_average_rating":[0]},"uagb_featured_image_src":{"full":["https:\/\/praxas.com\/wp-content\/uploads\/UTREL30-WiFi.jpg",1200,680,false],"thumbnail":["https:\/\/praxas.com\/wp-content\/uploads\/UTREL30-WiFi-150x150.jpg",150,150,true],"medium":["https:\/\/praxas.com\/wp-content\/uploads\/UTREL30-WiFi-300x170.jpg",300,170,true],"medium_large":["https:\/\/praxas.com\/wp-content\/uploads\/UTREL30-WiFi-768x435.jpg",768,435,true],"large":["https:\/\/praxas.com\/wp-content\/uploads\/UTREL30-WiFi-1024x580.jpg",1024,580,true],"1536x1536":["https:\/\/praxas.com\/wp-content\/uploads\/UTREL30-WiFi.jpg",1200,680,false],"2048x2048":["https:\/\/praxas.com\/wp-content\/uploads\/UTREL30-WiFi.jpg",1200,680,false],"crunchify-admin-post-featured-image":["https:\/\/praxas.com\/wp-content\/uploads\/UTREL30-WiFi-120x68.jpg",120,68,true],"commercegurus-pdp-large":["https:\/\/praxas.com\/wp-content\/uploads\/UTREL30-WiFi-990x561.jpg",990,561,true],"commercegurus-plp-mobile":["https:\/\/praxas.com\/wp-content\/uploads\/UTREL30-WiFi-441x250.jpg",441,250,true],"cgkit_image_swatch":["https:\/\/praxas.com\/wp-content\/uploads\/UTREL30-WiFi-100x100.jpg",100,100,true],"woocommerce_thumbnail":["https:\/\/praxas.com\/wp-content\/uploads\/UTREL30-WiFi-350x198.jpg",350,198,true],"woocommerce_single":["https:\/\/praxas.com\/wp-content\/uploads\/UTREL30-WiFi-800x453.jpg",800,453,true],"woocommerce_gallery_thumbnail":["https:\/\/praxas.com\/wp-content\/uploads\/UTREL30-WiFi-150x85.jpg",150,85,true]},"uagb_author_info":{"display_name":"Alex James","author_link":"https:\/\/praxas.com\/de\/author\/"},"uagb_comment_info":0,"uagb_excerpt":"-90\u00b0C bis +40\u00b0C Zweikanal, 32.000 Lesevorg\u00e4nge WiFi-Upload in Echtzeit zu LogTag Online 30-Tage-Alarm\u00fcbersicht auf dem LCD Eingebaute akustische und optische Alarme","_links":{"self":[{"href":"https:\/\/praxas.com\/de\/wp-json\/wp\/v2\/product\/50242","targetHints":{"allow":["GET"]}}],"collection":[{"href":"https:\/\/praxas.com\/de\/wp-json\/wp\/v2\/product"}],"about":[{"href":"https:\/\/praxas.com\/de\/wp-json\/wp\/v2\/types\/product"}],"wp:featuredmedia":[{"embeddable":true,"href":"https:\/\/praxas.com\/de\/wp-json\/wp\/v2\/media\/50238"}],"wp:attachment":[{"href":"https:\/\/praxas.com\/de\/wp-json\/wp\/v2\/media?parent=50242"}],"wp:term":[{"taxonomy":"product_brand","embeddable":true,"href":"https:\/\/praxas.com\/de\/wp-json\/wp\/v2\/product_brand?post=50242"},{"taxonomy":"product_cat","embeddable":true,"href":"https:\/\/praxas.com\/de\/wp-json\/wp\/v2\/product_cat?post=50242"},{"taxonomy":"product_tag","embeddable":true,"href":"https:\/\/praxas.com\/de\/wp-json\/wp\/v2\/product_tag?post=50242"}],"curies":[{"name":"wp","href":"https:\/\/api.w.org\/{rel}","templated":true}]}}