{"id":50280,"date":"2025-06-23T12:18:40","date_gmt":"2025-06-23T10:18:40","guid":{"rendered":"https:\/\/praxas.com\/product\/unkategorisiert\/vaxtag-impfstoff-temperaturlogger\/"},"modified":"2025-10-09T10:20:27","modified_gmt":"2025-10-09T08:20:27","slug":"vaxtag-impfstoff-temperaturlogger","status":"publish","type":"product","link":"https:\/\/praxas.com\/de\/product\/datenlogger\/impfstoff-uberwachung\/vaxtag-impfstoff-temperaturlogger\/","title":{"rendered":"VAXTAG Impfstoff-Temperaturlogger"},"content":{"rendered":"<p data-start=\"221\" data-end=\"293\"><strong data-start=\"225\" data-end=\"293\">VAXTAG &#8211; Multi-Trip LCD-Temperatur-Datenlogger | WHO PQS-gelistet<\/strong><\/p>\n<p data-start=\"295\" data-end=\"578\">Der VAXTAG ist ein vielseitig einsetzbarer Temperaturdatenlogger, der f\u00fcr die \u00dcberwachung der Lagerbedingungen von Impfstoffen gem\u00e4\u00df der WHO PQS-Spezifikation E006\/013 entwickelt wurde. Er ist mit WHO-konformen Alarmeinstellungen vorkonfiguriert und bietet eine \u00fcbersichtliche LCD-Anzeige des aktuellen Status und 30-Tage-Statistiken. <\/p>\n<p data-start=\"580\" data-end=\"808\">Das Ger\u00e4t eignet sich f\u00fcr den Einsatz in Impfstoffk\u00fchlschr\u00e4nken, Zwischenlagern und als Backup in K\u00fchlr\u00e4umen. Es speichert bis zu 7.770 mit Zeitstempel versehene Temperaturmesswerte und verf\u00fcgt \u00fcber eine visuelle Alarmanzeige, wenn eine Temperaturverletzung auftritt.<\/p>\n<p data-start=\"810\" data-end=\"827\"><strong data-start=\"810\" data-end=\"827\">Wichtige Merkmale:<\/strong><\/p>\n<ul data-start=\"829\" data-end=\"1233\">\n<li data-start=\"829\" data-end=\"866\">\n<p data-start=\"831\" data-end=\"866\">Temperaturbereich: -40\u00b0C bis +60\u00b0C<\/p>\n<\/li>\n<li data-start=\"867\" data-end=\"906\">\n<p data-start=\"869\" data-end=\"906\">WHO PQS-gelistet &#8211; E006\/013-konform<\/p>\n<\/li>\n<li data-start=\"907\" data-end=\"1008\">\n<p data-start=\"909\" data-end=\"932\">Vorkonfigurierte Alarme:<\/p>\n<ul data-start=\"935\" data-end=\"1008\">\n<li data-start=\"935\" data-end=\"971\">\n<p data-start=\"937\" data-end=\"971\">Niedrig: -0,5\u00b0C oder weniger f\u00fcr 60 Minuten<\/p>\n<\/li>\n<li data-start=\"974\" data-end=\"1008\">\n<p data-start=\"976\" data-end=\"1008\">Hoch: +8\u00b0C oder mehr f\u00fcr 10 Stunden<\/p>\n<\/li>\n<\/ul>\n<\/li>\n<li data-start=\"1009\" data-end=\"1048\">\n<p data-start=\"1011\" data-end=\"1048\">30-Tage-Zusammenfassung auf dem Display verf\u00fcgbar<\/p>\n<\/li>\n<li data-start=\"1049\" data-end=\"1093\">\n<p data-start=\"1051\" data-end=\"1093\">Speichert bis zu 7.770 Messwerte zum Herunterladen<\/p>\n<\/li>\n<li data-start=\"1094\" data-end=\"1145\">\n<p data-start=\"1096\" data-end=\"1145\">Visuelle Alarmanzeige f\u00fcr Temperatur\u00fcberschreitungen<\/p>\n<\/li>\n<li data-start=\"1146\" data-end=\"1233\">\n<p data-start=\"1148\" data-end=\"1233\">Daten k\u00f6nnen \u00fcber die Standard LogTag Schnittstelle mit der kostenlosen LogTag Analyzer Software heruntergeladen werden<\/p>\n<\/li>\n<\/ul>\n","protected":false},"excerpt":{"rendered":"<ul>\n<li>-40\u00b0C bis +60\u00b0C<\/li>\n<li>WHO PQS Code E006\/013<\/li>\n<li data-start=\"1330\" data-end=\"1374\">Vorkonfigurierte Alarme f\u00fcr die Lagerung von Impfstoffen<\/li>\n<li data-start=\"1375\" data-end=\"1400\">30-Tage-Zusammenfassung auf dem LCD<\/li>\n<li data-start=\"1401\" data-end=\"1432\">7.770 Messwerte mit Zeitstempel<\/li>\n<\/ul>\n","protected":false},"featured_media":50250,"template":"","meta":{"_acf_changed":false,"content-type":"","_uag_custom_page_level_css":""},"product_brand":[],"product_cat":[1011,1010,1075],"product_tag":[2513,2262],"class_list":{"0":"post-50280","1":"product","2":"type-product","3":"status-publish","4":"has-post-thumbnail","6":"product_cat-impfstoff-uberwachung","7":"product_cat-temperatur-datenlogger","8":"product_cat-datenlogger","9":"product_tag-logtag-de","10":"product_tag-temperatur","12":"first","13":"instock","14":"taxable","15":"shipping-taxable","16":"purchasable","17":"product-type-simple"},"bundled_by":[],"bundle_stock_status":"instock","bundle_stock_quantity":null,"bundle_virtual":false,"bundle_layout":"","bundle_add_to_cart_form_location":"","bundle_editable_in_cart":false,"bundle_sold_individually_context":"","bundle_item_grouping":"","bundle_min_size":"","bundle_max_size":"","bundle_price":[],"bundled_items":[],"bundle_sell_ids":[],"acf":[],"spectra_custom_meta":{"hubwoo_ecomm_pro_id":["25106779562"],"_wcml_average_rating":[null],"_wcml_review_count":[null],"_wcml_rating_count":[null],"_backorders":["no"],"_download_limit":["-1"],"_download_expiry":["-1"],"_downloadable":["no"],"_manage_stock":["no"],"_sku":["vaxtag"],"_stock_status":["instock"],"_sold_individually":["no"],"_tax_class":[""],"_tax_status":["taxable"],"_virtual":["no"],"total_sales":["0"],"_regular_price":["51.10"],"_price":["51.10"],"product_datasheet":[""],"_product_datasheet":["field_650ad7d6ea3a0"],"connectivity":["Interface Cradle"],"_connectivity":["field_64dce263bb57c"],"brand":["LogTag"],"_brand":["field_64ddf62ed2593"],"brand_image":[""],"_brand_image":["field_650c5e7c84cae"],"_specifications_table":["field_65044e1db92a8"],"_display_data_alarm":["field_667d647bcb066"],"_resources":["field_650849c6945ee"],"_calibration":["field_66a0ddd599972"],"_accessories":["field_650849e6945f0"],"_faqs":["field_650859523d8d5"],"_calibration_suitable_ids_gb":["field_654b4c4acb54a"],"_calibration_suitable_ids_us":["field_654b4c56cb54b"],"_show_in_calibration_suitable":["field_654cfb691d345"],"_other_features":["field_668524f8c98a4"],"_shipping":["field_66852535c98a5"],"_refrigerant_cabinet":["field_66852557c98a6"],"_main_specifications":["field_66855b25b1245"],"_usd_price_4":["field_651570dcac479"],"_usd_price_9":["field_6515713eb4807"],"_usd_price_24":["field_65157141b4809"],"_usd_price_49":["field_65157140b4808"],"_usd_price_99":["field_6515715bb480a"],"_gbp_price_4":["field_6515716e83bfa"],"_gbp_price_9":["field_6515724783bfb"],"_gbp_price_24":["field_6515724b83bfc"],"_gbp_price_49":["field_6515725983bfd"],"_gbp_price_99":["field_6515725d83bfe"],"_usdhk_price_4":["field_6515726f83bff"],"_usdhk_price_9":["field_6515727c83c00"],"_usdhk_price_24":["field_6515728083c01"],"_usdhk_price_49":["field_6515728983c02"],"_usdhk_price_99":["field_6515728e83c03"],"stock_options":["In stock"],"_stock_options":["field_6544b605dc7f9"],"rank_math_primary_product_cat":["100"],"min_temp":["-40"],"max_temp":["60"],"_min_temp":["field_67ea5eb4e0a77"],"_max_temp":["field_67ea5f81e0a79"],"_top_nav_excluded":[""],"_cms_nav_minihome":[""],"wcml_sync_hash":["a:1:{s:15:\"postmeta_fields\";s:32:\"8a4d11054d250014a32e55d03eef596b\";}"],"attr_label_translations":["a:0:{}"],"_product_attributes":["a:1:{s:16:\"pa_product-brand\";a:6:{s:4:\"name\";s:16:\"pa_product-brand\";s:5:\"value\";s:0:\"\";s:8:\"position\";i:0;s:10:\"is_visible\";i:1;s:12:\"is_variation\";i:0;s:11:\"is_taxonomy\";i:1;}}"],"_thumbnail_id":["50250"],"_product_image_gallery":["50256"],"_crosssell_ids":["a:0:{}"],"_wpml_word_count":["230"],"_last_translation_edit_mode":["translation-editor"],"rank_math_focus_keyword":["VAXTAG"],"specifications_table":["<table class=\"w-full\">\n<tbody>\n<tr>\n<td class=\"text-base font-semibold font-gray\">Sensor Messbereich<\/td>\n<td class=\"text-base font-gray-300\">-30\u00b0C bis +60\u00b0C (-22\u00b0F bis +140\u00b0F).<\/td>\n<\/tr>\n<tr>\n<td class=\"text-base font-semibold font-gray\">Betriebstemperaturbereich<\/td>\n<td class=\"text-base font-gray-300\">-30\u00b0C bis +60\u00b0C (-22\u00b0F bis +140\u00b0F).<\/td>\n<\/tr>\n<tr>\n<td class=\"text-base font-semibold font-gray\">Temperaturbereich bei Lagerung<\/td>\n<td class=\"text-base font-gray-300\">-10\u00b0C bis +40\u00b0C (-14\u00b0F bis +104\u00b0F).<\/td>\n<\/tr>\n<tr>\n<td class=\"text-base font-semibold font-gray\">Nenngenauigkeit der Temperaturanzeige<\/td>\n<td class=\"text-base font-gray-300\">Besser als \u00b10,5\u00b0C (\u00b10,9\u00b0F) f\u00fcr -20\u00b0C bis +40\u00b0C (-4\u00b0F bis +104\u00b0F), typischerweise \u00b10,3\u00b0C (0,6\u00b0F).\nBesser als \u00b10,8\u00b0C (\u00b11,5\u00b0F) f\u00fcr andere Messungen, typischerweise \u00b10,5\u00b0C (0,9\u00b0F).\nDie tats\u00e4chliche Leistung ist typischerweise viel besser als die Nennwerte.\nDie Genauigkeitsangaben k\u00f6nnen durch Nachkalibrierung verbessert werden.<\/td>\n<\/tr>\n<tr>\n<td class=\"text-base font-semibold font-gray\">Aufl\u00f6sung der Nenntemperaturanzeige<\/td>\n<td class=\"text-base font-gray-300\">0.1\u00b0C(0.2\u00b0F) f\u00fcr Messungen von -30\u00b0C bis +40\u00b0C (-22\u00b0F bis +104\u00b0F).\n0.2\u00b0C(0.4\u00b0F) f\u00fcr Messungen \u00fcber +40\u00b0C (+104\u00b0F).\nLogTag Analyzer\u00ae zeigt derzeit eine Dezimalstelle von \u00b0C oder \u00b0F an. Die systemeigene Aufl\u00f6sung ist die, die im LogTag\u00ae gespeichert ist. <\/td>\n<\/tr>\n<tr>\n<td class=\"text-base font-semibold font-gray\">Sensor-Reaktionszeit<\/td>\n<td class=\"text-base font-gray-300\">Normalerweise weniger als 5 Minuten (T90) in bewegter Luft (1m\/s).<\/td>\n<\/tr>\n<tr>\n<td class=\"text-base font-semibold font-gray\">Aufnahmekapazit\u00e4t<\/td>\n<td class=\"text-base font-gray-300\">7770 Temperaturmesswerte. 32 Tage @ 6 Minuten Protokollierung. Speicher f\u00fcr Tagesstatistiken (zur Anzeige auf dem LCD): bis zu 30 Tage Max\/Min- und Dauerwerte.  <\/td>\n<\/tr>\n<tr>\n<td class=\"text-base font-semibold font-gray\">Intervall der Probenahme<\/td>\n<td class=\"text-base font-gray-300\">Werkseitig auf 6 Minuten Intervall eingestellt.<\/td>\n<\/tr>\n<tr>\n<td class=\"text-base font-semibold font-gray\">Startoptionen f\u00fcr die Protokollierung<\/td>\n<td class=\"text-base font-gray-300\">Werkseitig auf Start per Knopfdruck eingestellt.<\/td>\n<\/tr>\n<tr>\n<td class=\"text-base font-semibold font-gray\">Aufnahme-Anzeige<\/td>\n<td class=\"text-base font-gray-300\">Statusanzeige \u201eRECORDING\u201c.<\/td>\n<\/tr>\n<tr>\n<td class=\"text-base font-semibold font-gray\">Alarmausl\u00f6sung<\/td>\n<td class=\"text-base font-gray-300\">Niedriger Alarm : Ein einzelnes Temperaturereignis von -0,5\u00b0C oder weniger f\u00fcr 60 Minuten.\nHoher Alarm: Ein einzelnes Temperaturereignis von +8\u00b0C oder mehr f\u00fcr 10 Stunden.<\/td>\n<\/tr>\n<tr>\n<td class=\"text-base font-semibold font-gray\">Download-Zeit<\/td>\n<td class=\"text-base font-gray-300\">Normalerweise weniger als 5 Sekunden f\u00fcr einen vollen Speicher (7770 Messwerte), abh\u00e4ngig vom verwendeten Computer oder Ausleseger\u00e4t.<\/td>\n<\/tr>\n<tr>\n<td class=\"text-base font-semibold font-gray\">Umgebungsbedingungen<\/td>\n<td class=\"text-base font-gray-300\">IP65 (entspricht ungef\u00e4hr NEMA 4) bei vertikaler Montage oder Aufh\u00e4ngung.<\/td>\n<\/tr>\n<tr>\n<td class=\"text-base font-semibold font-gray\">Stromquelle<\/td>\n<td class=\"text-base font-gray-300\">CR2450 3V LiMnO2 (feste Batterie).<\/td>\n<\/tr>\n<tr>\n<td class=\"text-base font-semibold font-gray\">Lebensdauer der Batterie<\/td>\n<td class=\"text-base font-gray-300\">1 Jahr Speicherung, gefolgt von 2 Jahren Betrieb bei normaler Nutzung (6 Minuten Aufzeichnung, \u00dcberpr\u00fcfung der Statistiken auf dem Display h\u00f6chstens einmal t\u00e4glich f\u00fcr jeweils 30 Sekunden, monatlicher Download der Daten).<\/td>\n<\/tr>\n<tr>\n<td class=\"text-base font-semibold font-gray\">Echtzeituhr<\/td>\n<td class=\"text-base font-gray-300\">Eingebaute Echtzeituhr.\nNenngenauigkeit \u00b125ppm bei 25\u00b0C (entspricht 2,5 Sekunden\/Tag).\nDer Nenntemperaturkoeffizient betr\u00e4gt -0,034 \u00b10,006ppm\/\u00b0C (d.h. typischerweise +\/- 0,00294 Sekunden\/Tag\/\u00b0C).<\/td>\n<\/tr>\n<tr>\n<td class=\"text-base font-semibold font-gray\">Gr\u00f6\u00dfe<\/td>\n<td class=\"text-base font-gray-300\">93mm(H) x 54.5mm(B) x 8.6mm(T).<\/td>\n<\/tr>\n<tr>\n<td class=\"text-base font-semibold font-gray\">Gewicht<\/td>\n<td class=\"text-base font-gray-300\">43g.<\/td>\n<\/tr>\n<\/tbody>\n<\/table>"],"resources":["<ul class=\"resources-list\">\n \t<li><img src=\"https:\/\/praxas.com\/wp-content\/uploads\/document-icon.png\" alt=\"Dokument-Symbol\"><a href=\"https:\/\/praxas.com\/wp-content\/uploads\/LogTag_Vaxtag_Brochure.pdf\">LogTag VAXTAG Brosch\u00fcre<\/a><\/li>\n \t<li><img src=\"https:\/\/praxas.com\/wp-content\/uploads\/document-icon.png\" alt=\"Dokument-Symbol\"><a href=\"https:\/\/praxas.com\/wp-content\/uploads\/LogTag_Vaxtag_Quickstart_Guide.pdf\">LogTag VAXTAG Schnellstartanleitung<\/a><\/li>\n \t<li><img src=\"https:\/\/praxas.com\/wp-content\/uploads\/document-icon.png\" alt=\"Dokument-Symbol\"><a href=\"https:\/\/praxas.com\/wp-content\/uploads\/LogTag_Vaxtag_User_Guide.pdf\">LogTag VAXTAG Handbuch<\/a><\/li>\n<\/ul>"],"accessories":["[products skus=\"LTI-HID,WMB-1,PROTECTIVE ENCLOSURE\"]"],"_uag_page_assets":["a:9:{s:3:\"css\";s:0:\"\";s:2:\"js\";s:0:\"\";s:18:\"current_block_list\";a:0:{}s:8:\"uag_flag\";b:0;s:11:\"uag_version\";s:10:\"1775212209\";s:6:\"gfonts\";a:0:{}s:10:\"gfonts_url\";s:0:\"\";s:12:\"gfonts_files\";a:0:{}s:14:\"uag_faq_layout\";b:0;}"],"_max_variation_price":[""],"_max_variation_regular_price":[""],"_max_variation_sale_price":[""],"_min_variation_price":[""],"_min_variation_regular_price":[""],"_min_variation_sale_price":[""],"_sale_price":[""],"_wc_pb_base_regular_price":[""],"_wc_pb_base_sale_price":[""],"_wc_pb_base_price":[""],"_wc_sw_max_price":[""],"_wc_sw_max_regular_price":[""],"_wc_rating_count":[""],"_wc_review_count":[""],"_wc_average_rating":[0]},"uagb_featured_image_src":{"full":["https:\/\/praxas.com\/wp-content\/uploads\/VAXTAG-Front.jpg",1200,680,false],"thumbnail":["https:\/\/praxas.com\/wp-content\/uploads\/VAXTAG-Front-150x150.jpg",150,150,true],"medium":["https:\/\/praxas.com\/wp-content\/uploads\/VAXTAG-Front-300x170.jpg",300,170,true],"medium_large":["https:\/\/praxas.com\/wp-content\/uploads\/VAXTAG-Front-768x435.jpg",768,435,true],"large":["https:\/\/praxas.com\/wp-content\/uploads\/VAXTAG-Front-1024x580.jpg",1024,580,true],"1536x1536":["https:\/\/praxas.com\/wp-content\/uploads\/VAXTAG-Front.jpg",1200,680,false],"2048x2048":["https:\/\/praxas.com\/wp-content\/uploads\/VAXTAG-Front.jpg",1200,680,false],"crunchify-admin-post-featured-image":["https:\/\/praxas.com\/wp-content\/uploads\/VAXTAG-Front-120x68.jpg",120,68,true],"commercegurus-pdp-large":["https:\/\/praxas.com\/wp-content\/uploads\/VAXTAG-Front-990x561.jpg",990,561,true],"commercegurus-plp-mobile":["https:\/\/praxas.com\/wp-content\/uploads\/VAXTAG-Front-441x250.jpg",441,250,true],"cgkit_image_swatch":["https:\/\/praxas.com\/wp-content\/uploads\/VAXTAG-Front-100x100.jpg",100,100,true],"woocommerce_thumbnail":["https:\/\/praxas.com\/wp-content\/uploads\/VAXTAG-Front-350x198.jpg",350,198,true],"woocommerce_single":["https:\/\/praxas.com\/wp-content\/uploads\/VAXTAG-Front-800x453.jpg",800,453,true],"woocommerce_gallery_thumbnail":["https:\/\/praxas.com\/wp-content\/uploads\/VAXTAG-Front-150x85.jpg",150,85,true]},"uagb_author_info":{"display_name":"Alex James","author_link":"https:\/\/praxas.com\/de\/author\/"},"uagb_comment_info":0,"uagb_excerpt":"-40\u00b0C bis +60\u00b0C WHO PQS Code E006\/013 Vorkonfigurierte Alarme f\u00fcr die Lagerung von Impfstoffen 30-Tage-Zusammenfassung auf dem LCD 7.770 Messwerte mit Zeitstempel","_links":{"self":[{"href":"https:\/\/praxas.com\/de\/wp-json\/wp\/v2\/product\/50280","targetHints":{"allow":["GET"]}}],"collection":[{"href":"https:\/\/praxas.com\/de\/wp-json\/wp\/v2\/product"}],"about":[{"href":"https:\/\/praxas.com\/de\/wp-json\/wp\/v2\/types\/product"}],"wp:featuredmedia":[{"embeddable":true,"href":"https:\/\/praxas.com\/de\/wp-json\/wp\/v2\/media\/50250"}],"wp:attachment":[{"href":"https:\/\/praxas.com\/de\/wp-json\/wp\/v2\/media?parent=50280"}],"wp:term":[{"taxonomy":"product_brand","embeddable":true,"href":"https:\/\/praxas.com\/de\/wp-json\/wp\/v2\/product_brand?post=50280"},{"taxonomy":"product_cat","embeddable":true,"href":"https:\/\/praxas.com\/de\/wp-json\/wp\/v2\/product_cat?post=50280"},{"taxonomy":"product_tag","embeddable":true,"href":"https:\/\/praxas.com\/de\/wp-json\/wp\/v2\/product_tag?post=50280"}],"curies":[{"name":"wp","href":"https:\/\/api.w.org\/{rel}","templated":true}]}}