{"id":50304,"date":"2025-06-23T12:32:47","date_gmt":"2025-06-23T10:32:47","guid":{"rendered":"https:\/\/praxas.com\/product\/unkategorisiert\/vaxtag-impfstoff-temperaturlogger-2\/"},"modified":"2025-10-09T10:20:37","modified_gmt":"2025-10-09T08:20:37","slug":"vaxtag-impfstoff-temperaturlogger-2","status":"publish","type":"product","link":"https:\/\/praxas.com\/de\/product\/datenlogger\/impfstoff-uberwachung\/vaxtag-impfstoff-temperaturlogger-2\/","title":{"rendered":"VAXTAG+ Impfstoff-Temperaturlogger"},"content":{"rendered":"<p><strong>USB-Temperatur-Datenlogger mit Mehrfachausl\u00f6sung | WHO PQS<\/strong><\/p>\n<p data-start=\"452\" data-end=\"761\">Der VAXTAG+ ist ein vielseitig einsetzbarer Temperaturdatenlogger f\u00fcr die \u00dcberwachung der Lagerbedingungen von Impfstoffen in Gesundheitseinrichtungen und Zwischenlagern. Er entspricht vollst\u00e4ndig der PQS-Spezifikation E006\/TR06.013 der Weltgesundheitsorganisation und ist unter dem WHO PQS-Code E006\/013 gelistet. <\/p>\n<p data-start=\"763\" data-end=\"1139\">Ausgestattet mit einem leicht ablesbaren LCD-Display und einem integrierten USB-Anschluss erm\u00f6glicht der VAXTAG+ das schnelle Herunterladen von PDF-Berichten, ohne dass Sie eine spezielle Software ben\u00f6tigen. Er speichert \u00fcber 16.000 Temperaturwerte mit Zeitstempel und bietet eine rollierende 30-Tage-Zusammenfassung, die direkt auf dem Bildschirm angezeigt werden kann, sowie eine separate Aufzeichnung der h\u00f6chsten und niedrigsten aufgezeichneten Temperaturen \u00fcber einen Zeitraum von 67 Tagen. <\/p>\n<p data-start=\"1141\" data-end=\"1181\">Zu den vorkonfigurierten Alarmeinstellungen geh\u00f6ren:<\/p>\n<ul data-start=\"1182\" data-end=\"1278\">\n<li data-start=\"1182\" data-end=\"1231\">\n<p data-start=\"1184\" data-end=\"1231\"><strong data-start=\"1184\" data-end=\"1198\">Niedriger Alarm:<\/strong> -0,5\u00b0C oder weniger f\u00fcr 60 Minuten<\/p>\n<\/li>\n<li data-start=\"1232\" data-end=\"1278\">\n<p data-start=\"1234\" data-end=\"1278\"><strong data-start=\"1234\" data-end=\"1249\">Hoher Alarm:<\/strong> +8\u00b0C oder mehr f\u00fcr 10 Stunden<\/p>\n<\/li>\n<\/ul>\n<p data-start=\"1280\" data-end=\"1375\">Eine visuelle Anzeige erscheint auf dem Display, wenn eine Temperaturabweichung diese Grenzen \u00fcberschreitet.<\/p>\n<p data-start=\"1377\" data-end=\"1673\">Benutzer k\u00f6nnen den Alarmverlauf direkt auf dem Ger\u00e4t \u00fcberpr\u00fcfen oder detaillierte Aufzeichnungen \u00fcber USB zur Analyse in der kostenlosen LogTag Analyzer Software herunterladen. Die Software erm\u00f6glicht Diagramm-, Tabellen- und Statistikansichten sowie Datenexport- und Archivierungsfunktionen zur Unterst\u00fctzung einer zuverl\u00e4ssigen Aufzeichnung und Einhaltung von Vorschriften. <\/p>\n","protected":false},"excerpt":{"rendered":"<ul>\n<li>-30\u00b0C bis +60\u00b0C<\/li>\n<li data-start=\"272\" data-end=\"318\">Eingebauter USB-Anschluss f\u00fcr softwarefreie PDF-Berichte<\/li>\n<li data-start=\"319\" data-end=\"353\">WHO PQS gelistet (Code E006\/013)<\/li>\n<li data-start=\"354\" data-end=\"402\">Visueller Alarm auf dem LCD f\u00fcr Temperatur\u00fcberschreitungen<\/li>\n<li data-start=\"403\" data-end=\"450\">67-Tage-Speicher mit 30-Tage-Zusammenfassung auf dem Bildschirm<\/li>\n<\/ul>\n","protected":false},"featured_media":50299,"template":"","meta":{"_acf_changed":false,"content-type":"","_uag_custom_page_level_css":""},"product_brand":[],"product_cat":[1011,1010,1075],"product_tag":[2513,2262],"class_list":{"0":"post-50304","1":"product","2":"type-product","3":"status-publish","4":"has-post-thumbnail","6":"product_cat-impfstoff-uberwachung","7":"product_cat-temperatur-datenlogger","8":"product_cat-datenlogger","9":"product_tag-logtag-de","10":"product_tag-temperatur","12":"first","13":"instock","14":"taxable","15":"shipping-taxable","16":"purchasable","17":"product-type-simple"},"bundled_by":[],"bundle_stock_status":"instock","bundle_stock_quantity":null,"bundle_virtual":false,"bundle_layout":"","bundle_add_to_cart_form_location":"","bundle_editable_in_cart":false,"bundle_sold_individually_context":"","bundle_item_grouping":"","bundle_min_size":"","bundle_max_size":"","bundle_price":[],"bundled_items":[],"bundle_sell_ids":[],"acf":[],"spectra_custom_meta":{"hubwoo_ecomm_pro_id":["25169094791"],"_wcml_average_rating":[null],"_wcml_review_count":[null],"_wcml_rating_count":[null],"_backorders":["no"],"_download_limit":["-1"],"_download_expiry":["-1"],"_downloadable":["no"],"_manage_stock":["no"],"_sku":["VAXTAG+"],"_stock_status":["instock"],"_sold_individually":["no"],"_tax_class":[""],"_tax_status":["taxable"],"_virtual":["no"],"total_sales":["0"],"_regular_price":["55.30"],"_price":["55.30"],"product_datasheet":[""],"_product_datasheet":["field_650ad7d6ea3a0"],"connectivity":["USB"],"_connectivity":["field_64dce263bb57c"],"brand":["LogTag"],"_brand":["field_64ddf62ed2593"],"brand_image":[""],"_brand_image":["field_650c5e7c84cae"],"_specifications_table":["field_65044e1db92a8"],"_display_data_alarm":["field_667d647bcb066"],"_resources":["field_650849c6945ee"],"_calibration":["field_66a0ddd599972"],"_accessories":["field_650849e6945f0"],"_faqs":["field_650859523d8d5"],"_calibration_suitable_ids_gb":["field_654b4c4acb54a"],"_calibration_suitable_ids_us":["field_654b4c56cb54b"],"_show_in_calibration_suitable":["field_654cfb691d345"],"_other_features":["field_668524f8c98a4"],"_shipping":["field_66852535c98a5"],"_refrigerant_cabinet":["field_66852557c98a6"],"_main_specifications":["field_66855b25b1245"],"_usd_price_4":["field_651570dcac479"],"_usd_price_9":["field_6515713eb4807"],"_usd_price_24":["field_65157141b4809"],"_usd_price_49":["field_65157140b4808"],"_usd_price_99":["field_6515715bb480a"],"_gbp_price_4":["field_6515716e83bfa"],"_gbp_price_9":["field_6515724783bfb"],"_gbp_price_24":["field_6515724b83bfc"],"_gbp_price_49":["field_6515725983bfd"],"_gbp_price_99":["field_6515725d83bfe"],"_usdhk_price_4":["field_6515726f83bff"],"_usdhk_price_9":["field_6515727c83c00"],"_usdhk_price_24":["field_6515728083c01"],"_usdhk_price_49":["field_6515728983c02"],"_usdhk_price_99":["field_6515728e83c03"],"stock_options":["In stock"],"_stock_options":["field_6544b605dc7f9"],"rank_math_primary_product_cat":["100"],"min_temp":["-30"],"max_temp":["60"],"_min_temp":["field_67ea5eb4e0a77"],"_max_temp":["field_67ea5f81e0a79"],"_top_nav_excluded":[""],"_cms_nav_minihome":[""],"wcml_sync_hash":["a:1:{s:15:\"postmeta_fields\";s:32:\"696eb5834436b06c4430a2857d349d36\";}"],"attr_label_translations":["a:0:{}"],"_product_attributes":["a:1:{s:16:\"pa_product-brand\";a:6:{s:4:\"name\";s:16:\"pa_product-brand\";s:5:\"value\";s:0:\"\";s:8:\"position\";i:0;s:10:\"is_visible\";i:1;s:12:\"is_variation\";i:0;s:11:\"is_taxonomy\";i:1;}}"],"_thumbnail_id":["50299"],"_product_image_gallery":[""],"_crosssell_ids":["a:0:{}"],"_wpml_word_count":["309"],"_last_translation_edit_mode":["translation-editor"],"rank_math_focus_keyword":["VAXTAG+"],"specifications_table":["<table class=\"w-full\">\n<tbody>\n<tr>\n<td class=\"text-base font-semibold font-gray\">Sensor Messbereich<\/td>\n<td class=\"text-base font-gray-300\">-30 \u00b0C bis +60 \u00b0C (-22 \u00b0F bis +140 \u00b0F)<\/td>\n<\/tr>\n<tr>\n<td class=\"text-base font-semibold font-gray\">Betriebstemperaturbereich<\/td>\n<td class=\"text-base font-gray-300\">-30 \u00b0C bis +65 \u00b0C (-22 \u00b0F bis +149 \u00b0F)<\/td>\n<\/tr>\n<tr>\n<td class=\"text-base font-semibold font-gray\">Temperaturbereich bei Lagerung<\/td>\n<td class=\"text-base font-gray-300\">0 \u00b0C bis +55 \u00b0C (+32\u00b0 F bis +131 \u00b0F)<\/td>\n<\/tr>\n<tr>\n<td class=\"text-base font-semibold font-gray\">Aufl\u00f6sung der Nenntemperaturanzeige<\/td>\n<td class=\"text-base font-gray-300\">0,1 \u00b0C (0,1 \u00b0F) \u00fcber den gesamten Bereich<\/td>\n<\/tr>\n<tr>\n<td class=\"text-base font-semibold font-gray\">Nenngenauigkeit der Temperaturanzeige<\/td>\n<td class=\"text-base font-gray-300\">Besser als \u00b10,5 \u00b0C (\u00b10,9 \u00b0F) f\u00fcr -20 \u00b0C bis +40 \u00b0C (-4 \u00b0F bis 104 \u00b0F)\nBesser als \u00b10,7 \u00b0C (\u00b11,3 \u00b0F) f\u00fcr -30 \u00b0C bis -20 \u00b0C (-22 \u00b0F bis -4 \u00b0F)\nBesser als \u00b10,7 \u00b0C (\u00b11,3 \u00b0F) f\u00fcr +40 \u00b0C bis +60 \u00b0C (104 \u00b0F bis 140 \u00b0F)<\/td>\n<\/tr>\n<tr>\n<td class=\"text-base font-semibold font-gray\">Sonde Typ<\/td>\n<td class=\"text-base font-gray-300\">Intern<\/td>\n<\/tr>\n<tr>\n<td class=\"text-base font-semibold font-gray\">Aufnahmekapazit\u00e4t<\/td>\n<td class=\"text-base font-gray-300\">16.065 Temperaturmesswerte. 67 Tage bei einer Aufzeichnung von 6 Minuten. <\/td>\n<\/tr>\n<tr>\n<td class=\"text-base font-semibold font-gray\">Intervall der Probenahme<\/td>\n<td class=\"text-base font-gray-300\">Werkseitig auf 6 Minuten Intervall eingestellt.<\/td>\n<\/tr>\n<tr>\n<td class=\"text-base font-semibold font-gray\">Startoptionen f\u00fcr die Protokollierung<\/td>\n<td class=\"text-base font-gray-300\">Start per Knopfdruck mit 30-min\u00fctiger Startverz\u00f6gerung<\/td>\n<\/tr>\n<tr>\n<td class=\"text-base font-semibold font-gray\">Aufnahme-Anzeige<\/td>\n<td class=\"text-base font-gray-300\">Statusanzeige \u201eRECORDING\u201c.<\/td>\n<\/tr>\n<tr>\n<td class=\"text-base font-semibold font-gray\">Alarmausl\u00f6sung<\/td>\n<td class=\"text-base font-gray-300\">Niedriger Alarm : Ein einzelnes Temperaturereignis von -0,5\u00b0C oder weniger f\u00fcr 60 Minuten.\nHoher Alarm: Ein einzelnes Temperaturereignis von +8\u00b0C oder mehr f\u00fcr 10 Stunden.<\/td>\n<\/tr>\n<tr>\n<td class=\"text-base font-semibold font-gray\">Download-Zeit<\/td>\n<td class=\"text-base font-gray-300\">Bei vollem Speicher (16.065 Messwerte) in der Regel weniger als 30 Sekunden vom Zeitpunkt des Einf\u00fcgens bis zur Verf\u00fcgbarkeit des PDF-Berichts\n.\nIn der Regel weniger als 10 Sekunden vom Zeitpunkt des Einf\u00fcgens bis zur Verf\u00fcgbarkeit der LTD-Datei in LogTag Analyzer (falls konfiguriert)<\/td>\n<\/tr>\n<tr>\n<td class=\"text-base font-semibold font-gray\">Umgebungsbedingungen<\/td>\n<td class=\"text-base font-gray-300\">IEC 60529: IP65 mit aufgesetzter USB-Kappe<\/td>\n<\/tr>\n<tr>\n<td class=\"text-base font-semibold font-gray\">Kalibrierung<\/td>\n<td class=\"text-base font-gray-300\">Werkskalibrierung mit Instrumenten, die auf ein nach ISO\/IEC 17025 akkreditiertes Pr\u00fcflabor r\u00fcckf\u00fchrbar sind<\/td>\n<\/tr>\n<tr>\n<td class=\"text-base font-semibold font-gray\">Stromquelle<\/td>\n<td class=\"text-base font-gray-300\">CR2450 3V LiMnO2 (feste Batterie).<\/td>\n<\/tr>\n<tr>\n<td class=\"text-base font-semibold font-gray\">Lebensdauer der Batterie<\/td>\n<td class=\"text-base font-gray-300\">In der Regel 4 Jahre im Bildschirmschoner-Modus (6 Minuten Aufzeichnung, \u00dcberpr\u00fcfung der Statistiken auf dem Display h\u00f6chstens einmal t\u00e4glich f\u00fcr jeweils 30 Sekunden, monatliches Herunterladen der Daten), vorausgesetzt, der Rekorder wird bei Nichtgebrauch innerhalb des Lagertemperaturbereichs gehalten und das Produkt wird vor der ersten Verwendung nicht l\u00e4nger als 2 Jahre gelagert.<\/td>\n<\/tr>\n<tr>\n<td class=\"text-base font-semibold font-gray\">Anschluss Schnittstelle<\/td>\n<td class=\"text-base font-gray-300\">USB 2.0<\/td>\n<\/tr>\n<tr>\n<td class=\"text-base font-semibold font-gray\">Gr\u00f6\u00dfe<\/td>\n<td class=\"text-base font-gray-300\">107 mm(H) x 54,5 mm (B) x 8,6 mm (T) einschlie\u00dflich USB-Kappe<\/td>\n<\/tr>\n<tr>\n<td class=\"text-base font-semibold font-gray\">Gewicht<\/td>\n<td class=\"text-base font-gray-300\">46.8 g<\/td>\n<\/tr>\n<tr>\n<td class=\"text-base font-semibold font-gray\">Material Geh\u00e4use<\/td>\n<td class=\"text-base font-gray-300\">Polycarbonat<\/td>\n<\/tr>\n<\/tbody>\n<\/table>"],"resources":["<ul class=\"resources-list\">\n \t<li><img src=\"https:\/\/praxas.com\/wp-content\/uploads\/document-icon.png\" alt=\"Dokument-Symbol\"><a href=\"https:\/\/praxas.com\/wp-content\/uploads\/VAXTAG-Brochure-ver.B-1.pdf\">LogTag VAXTAG+ Brosch\u00fcre<\/a><\/li>\n \t<li><img src=\"https:\/\/praxas.com\/wp-content\/uploads\/document-icon.png\" alt=\"Dokument-Symbol\"><a href=\"https:\/\/praxas.com\/wp-content\/uploads\/LogTag_vaxtag_6-language-guide.pdf\">LogTag VAXTAG+ Schnellstartanleitung<\/a><\/li>\n<\/ul>"],"accessories":["[products skus=\"WMB-1,PROTECTIVE ENCLOSURE\"]"],"_uag_page_assets":["a:9:{s:3:\"css\";s:0:\"\";s:2:\"js\";s:0:\"\";s:18:\"current_block_list\";a:0:{}s:8:\"uag_flag\";b:0;s:11:\"uag_version\";s:10:\"1775212209\";s:6:\"gfonts\";a:0:{}s:10:\"gfonts_url\";s:0:\"\";s:12:\"gfonts_files\";a:0:{}s:14:\"uag_faq_layout\";b:0;}"],"_max_variation_price":[""],"_max_variation_regular_price":[""],"_max_variation_sale_price":[""],"_min_variation_price":[""],"_min_variation_regular_price":[""],"_min_variation_sale_price":[""],"_sale_price":[""],"_wc_pb_base_regular_price":[""],"_wc_pb_base_sale_price":[""],"_wc_pb_base_price":[""],"_wc_sw_max_price":[""],"_wc_sw_max_regular_price":[""],"_wc_rating_count":[""],"_wc_review_count":[""],"_wc_average_rating":[0]},"uagb_featured_image_src":{"full":["https:\/\/praxas.com\/wp-content\/uploads\/vaxtag-f.jpg",1200,680,false],"thumbnail":["https:\/\/praxas.com\/wp-content\/uploads\/vaxtag-f-150x150.jpg",150,150,true],"medium":["https:\/\/praxas.com\/wp-content\/uploads\/vaxtag-f-300x170.jpg",300,170,true],"medium_large":["https:\/\/praxas.com\/wp-content\/uploads\/vaxtag-f-768x435.jpg",768,435,true],"large":["https:\/\/praxas.com\/wp-content\/uploads\/vaxtag-f-1024x580.jpg",1024,580,true],"1536x1536":["https:\/\/praxas.com\/wp-content\/uploads\/vaxtag-f.jpg",1200,680,false],"2048x2048":["https:\/\/praxas.com\/wp-content\/uploads\/vaxtag-f.jpg",1200,680,false],"crunchify-admin-post-featured-image":["https:\/\/praxas.com\/wp-content\/uploads\/vaxtag-f-120x68.jpg",120,68,true],"commercegurus-pdp-large":["https:\/\/praxas.com\/wp-content\/uploads\/vaxtag-f-990x561.jpg",990,561,true],"commercegurus-plp-mobile":["https:\/\/praxas.com\/wp-content\/uploads\/vaxtag-f-441x250.jpg",441,250,true],"cgkit_image_swatch":["https:\/\/praxas.com\/wp-content\/uploads\/vaxtag-f-100x100.jpg",100,100,true],"woocommerce_thumbnail":["https:\/\/praxas.com\/wp-content\/uploads\/vaxtag-f-350x198.jpg",350,198,true],"woocommerce_single":["https:\/\/praxas.com\/wp-content\/uploads\/vaxtag-f-800x453.jpg",800,453,true],"woocommerce_gallery_thumbnail":["https:\/\/praxas.com\/wp-content\/uploads\/vaxtag-f-150x85.jpg",150,85,true]},"uagb_author_info":{"display_name":"Alex James","author_link":"https:\/\/praxas.com\/de\/author\/"},"uagb_comment_info":0,"uagb_excerpt":"-30\u00b0C bis +60\u00b0C Eingebauter USB-Anschluss f\u00fcr softwarefreie PDF-Berichte WHO PQS gelistet (Code E006\/013) Visueller Alarm auf dem LCD f\u00fcr Temperatur\u00fcberschreitungen 67-Tage-Speicher mit 30-Tage-Zusammenfassung auf dem Bildschirm","_links":{"self":[{"href":"https:\/\/praxas.com\/de\/wp-json\/wp\/v2\/product\/50304","targetHints":{"allow":["GET"]}}],"collection":[{"href":"https:\/\/praxas.com\/de\/wp-json\/wp\/v2\/product"}],"about":[{"href":"https:\/\/praxas.com\/de\/wp-json\/wp\/v2\/types\/product"}],"wp:featuredmedia":[{"embeddable":true,"href":"https:\/\/praxas.com\/de\/wp-json\/wp\/v2\/media\/50299"}],"wp:attachment":[{"href":"https:\/\/praxas.com\/de\/wp-json\/wp\/v2\/media?parent=50304"}],"wp:term":[{"taxonomy":"product_brand","embeddable":true,"href":"https:\/\/praxas.com\/de\/wp-json\/wp\/v2\/product_brand?post=50304"},{"taxonomy":"product_cat","embeddable":true,"href":"https:\/\/praxas.com\/de\/wp-json\/wp\/v2\/product_cat?post=50304"},{"taxonomy":"product_tag","embeddable":true,"href":"https:\/\/praxas.com\/de\/wp-json\/wp\/v2\/product_tag?post=50304"}],"curies":[{"name":"wp","href":"https:\/\/api.w.org\/{rel}","templated":true}]}}