{"id":50329,"date":"2025-06-23T15:25:32","date_gmt":"2025-06-23T13:25:32","guid":{"rendered":"https:\/\/praxas.com\/product\/unkategorisiert\/haso-8-temperatur-und-luftfeuchtigkeitslogger\/"},"modified":"2025-08-06T08:08:48","modified_gmt":"2025-08-06T08:08:48","slug":"haso-8-temperatur-und-luftfeuchtigkeitslogger","status":"publish","type":"product","link":"https:\/\/praxas.com\/de\/product\/datenlogger\/temperatur-luftfeuchtigkeit-de\/haso-8-temperatur-und-luftfeuchtigkeitslogger\/","title":{"rendered":"HASO-8 Temperatur- und Luftfeuchtigkeitslogger"},"content":{"rendered":"<p data-start=\"137\" data-end=\"195\"><strong data-start=\"137\" data-end=\"195\">HASO-8 &#8211; Einweg-Datenlogger f\u00fcr Temperatur und Luftfeuchtigkeit<\/strong><\/p>\n<p data-start=\"197\" data-end=\"396\">Der HASO-8 ist ein Einweg-Datenlogger f\u00fcr die gleichzeitige Aufzeichnung von hochaufl\u00f6senden Temperatur- und Feuchtigkeitsdaten und damit ideal f\u00fcr die \u00dcberwachung der K\u00fchlkette sowie f\u00fcr Lager- und Transportanwendungen.<\/p>\n<p data-start=\"398\" data-end=\"724\">Der HASO-8 kann bis zu 8.000 gepaarte Luftfeuchtigkeits- und Temperaturmesswerte speichern. Er ist in einem robusten Polycarbonatgeh\u00e4use untergebracht und verf\u00fcgt \u00fcber einen reaktionsschnellen Sensor mit Echtzeituhr f\u00fcr genaue Aufzeichnungen mit Zeitstempel. Anpassbare obere und untere Alarmgrenzen l\u00f6sen bei \u00dcberschreitung eine visuelle \u201eALERT\u201c-Anzeige aus. <\/p>\n<p data-start=\"726\" data-end=\"739\">Wichtige Merkmale:<\/p>\n<ul data-start=\"741\" data-end=\"1334\">\n<li data-start=\"741\" data-end=\"821\">Messbereiche:\n<ul data-start=\"765\" data-end=\"821\">\n<li data-start=\"765\" data-end=\"794\">Temperatur: -40\u00b0C bis +85\u00b0C<\/li>\n<li data-start=\"797\" data-end=\"821\">Luftfeuchtigkeit: 0 bis 100% RH<\/li>\n<\/ul>\n<\/li>\n<li data-start=\"823\" data-end=\"884\">Speichert bis zu 8.000 gepaarte Temperatur- und Luftfeuchtigkeitswerte<\/li>\n<li data-start=\"886\" data-end=\"945\">OK&#8220;- und &#8222;ALERT&#8220;-Anzeigen f\u00fcr sofortige Statusr\u00fcckmeldung<\/li>\n<li data-start=\"947\" data-end=\"977\">Strapazierf\u00e4higes Geh\u00e4use aus Polycarbonat<\/li>\n<li data-start=\"979\" data-end=\"1035\">Schnell reagierender Sensor f\u00fcr pr\u00e4zise Echtzeit-\u00dcberwachung<\/li>\n<li data-start=\"1037\" data-end=\"1087\">Individuell anpassbare Alarme \u00fcber die LogTag Analyzer Software<\/li>\n<li data-start=\"1089\" data-end=\"1172\">Herunterladen von Daten \u00fcber die Standard LogTag Schnittstelle mit der kostenlosen LogTag Analyzer Software<\/li>\n<li data-start=\"1174\" data-end=\"1334\">Entspricht den wichtigsten internationalen Standards:\n<ul data-start=\"1219\" data-end=\"1334\">\n<li data-start=\"1219\" data-end=\"1239\">FDA 21 CFR Teil 11<\/li>\n<li data-start=\"1242\" data-end=\"1255\">EG-Anhang 11<\/li>\n<li data-start=\"1258\" data-end=\"1307\">IATA-Gefahrgutvorschriften (59. Ausgabe)<\/li>\n<li data-start=\"1310\" data-end=\"1334\">CE, FCC, RCM und RoHS<\/li>\n<\/ul>\n<\/li>\n<\/ul>\n<p>&nbsp;<\/p>\n","protected":false},"excerpt":{"rendered":"<ul>\n<li>-40\u00b0C bis +85\u00b0C<\/li>\n<li>Luftfeuchtigkeitsbereich 0 bis 100% RH<\/li>\n<li>Zum einmaligen Gebrauch mit 8.000 gepaarten Messwerten<\/li>\n<li>Statusanzeigen \u201eOK\u201c &amp; \u201eALERT\u201c<\/li>\n<li>Schnelle Reaktionszeit f\u00fcr die Transport\u00fcberwachung<\/li>\n<\/ul>\n","protected":false},"featured_media":50324,"template":"","meta":{"_acf_changed":false,"content-type":"","_uag_custom_page_level_css":""},"product_brand":[],"product_cat":[1002,1075],"product_tag":[2513,2262],"class_list":{"0":"post-50329","1":"product","2":"type-product","3":"status-publish","4":"has-post-thumbnail","6":"product_cat-temperatur-luftfeuchtigkeit-de","7":"product_cat-datenlogger","8":"product_tag-logtag-de","9":"product_tag-temperatur","11":"first","12":"instock","13":"taxable","14":"shipping-taxable","15":"purchasable","16":"product-type-simple"},"bundled_by":[],"bundle_stock_status":"instock","bundle_stock_quantity":null,"bundle_virtual":false,"bundle_layout":"","bundle_add_to_cart_form_location":"","bundle_editable_in_cart":false,"bundle_sold_individually_context":"","bundle_item_grouping":"","bundle_min_size":"","bundle_max_size":"","bundle_price":[],"bundled_items":[],"bundle_sell_ids":[],"acf":[],"spectra_custom_meta":{"hubwoo_ecomm_pro_id":["25103799659"],"_wcml_average_rating":[null],"_wcml_review_count":[null],"_wcml_rating_count":[null],"_backorders":["no"],"_download_limit":["-1"],"_download_expiry":["-1"],"_downloadable":["no"],"_manage_stock":["no"],"_sku":["HASO-8"],"_stock_status":["instock"],"_sold_individually":["no"],"_tax_class":[""],"_tax_status":["taxable"],"_virtual":["no"],"total_sales":["7"],"_regular_price":["60.90"],"_price":["60.90"],"product_datasheet":[""],"_product_datasheet":["field_650ad7d6ea3a0"],"connectivity":["Interface Cradle"],"_connectivity":["field_64dce263bb57c"],"brand":["LogTag"],"_brand":["field_64ddf62ed2593"],"brand_image":[""],"_brand_image":["field_650c5e7c84cae"],"_specifications_table":["field_65044e1db92a8"],"_display_data_alarm":["field_667d647bcb066"],"_resources":["field_650849c6945ee"],"_calibration":["field_66a0ddd599972"],"_accessories":["field_650849e6945f0"],"_faqs":["field_650859523d8d5"],"_calibration_suitable_ids_gb":["field_654b4c4acb54a"],"_calibration_suitable_ids_us":["field_654b4c56cb54b"],"_show_in_calibration_suitable":["field_654cfb691d345"],"_shipping":["field_66852535c98a5"],"_refrigerant_cabinet":["field_66852557c98a6"],"_main_specifications":["field_66855b25b1245"],"_usd_price_4":["field_651570dcac479"],"_usd_price_9":["field_6515713eb4807"],"_usd_price_24":["field_65157141b4809"],"_usd_price_49":["field_65157140b4808"],"_usd_price_99":["field_6515715bb480a"],"_gbp_price_4":["field_6515716e83bfa"],"_gbp_price_9":["field_6515724783bfb"],"_gbp_price_24":["field_6515724b83bfc"],"_gbp_price_49":["field_6515725983bfd"],"_gbp_price_99":["field_6515725d83bfe"],"_usdhk_price_4":["field_6515726f83bff"],"_usdhk_price_9":["field_6515727c83c00"],"_usdhk_price_24":["field_6515728083c01"],"_usdhk_price_49":["field_6515728983c02"],"_usdhk_price_99":["field_6515728e83c03"],"stock_options":["In stock"],"_stock_options":["field_6544b605dc7f9"],"rank_math_primary_product_cat":["97"],"min_temp":["-40"],"max_temp":["85"],"_min_temp":["field_67ea5eb4e0a77"],"_max_temp":["field_67ea5f81e0a79"],"_top_nav_excluded":[""],"_cms_nav_minihome":[""],"wcml_sync_hash":["a:1:{s:15:\"postmeta_fields\";s:32:\"b1263cadc20bbfd0d6f482b2f797714e\";}"],"attr_label_translations":["a:0:{}"],"_product_attributes":["a:1:{s:16:\"pa_product-brand\";a:6:{s:4:\"name\";s:16:\"pa_product-brand\";s:5:\"value\";s:0:\"\";s:8:\"position\";i:0;s:10:\"is_visible\";i:1;s:12:\"is_variation\";i:0;s:11:\"is_taxonomy\";i:1;}}"],"_thumbnail_id":["50324"],"_product_image_gallery":["50318"],"_crosssell_ids":["a:0:{}"],"_wpml_word_count":["271"],"_last_translation_edit_mode":["translation-editor"],"_other_features":["field_686fa2aa98dce"],"_global_unique_id":["850040258189"],"rank_math_focus_keyword":["HASO-8"],"specifications_table":["<table class=\"w-full\">\n<tbody>\n<tr>\n<td class=\"text-base font-semibold font-gray\">Sensor Messbereich<\/td>\n<td class=\"text-base font-gray-300\">-40\u00b0C bis +85\u00b0C (-40\u00b0F bis +185\u00b0F)<\/td>\n<\/tr>\n<tr>\n<td class=\"text-base font-semibold font-gray\">Betriebstemperaturbereich<\/td>\n<td class=\"text-base font-gray-300\">-40\u00b0C bis +85\u00b0C (-40\u00b0F bis +185\u00b0F)<\/td>\n<\/tr>\n<tr>\n<td class=\"text-base font-semibold font-gray\">Temperaturbereich bei Lagerung<\/td>\n<td class=\"text-base font-gray-300\">+10\u00b0C bis +50\u00b0C (+50\u00b0F bis +122\u00b0F)<\/td>\n<\/tr>\n<tr>\n<td class=\"text-base font-semibold font-gray\">Messbereich Luftfeuchtigkeit<\/td>\n<td class=\"text-base font-gray-300\">0% RH bis 100% RH (nicht kondensierend), mit Einschr\u00e4nkungen<\/td>\n<\/tr>\n<tr>\n<td class=\"text-base font-semibold font-gray\">Luftfeuchtigkeit Betriebsbereich<\/td>\n<td class=\"text-base font-gray-300\">0% RH bis 100% RH (nicht kondensierend), mit Einschr\u00e4nkungen<\/td>\n<\/tr>\n<tr>\n<td class=\"text-base font-semibold font-gray\">Luftfeuchtigkeitsbereich bei Lagerung<\/td>\n<td class=\"text-base font-gray-300\">20% RH bis 65% RH<\/td>\n<\/tr>\n<tr>\n<td class=\"text-base font-semibold font-gray\">Nenngenauigkeit der Temperaturanzeige<\/td>\n<td class=\"text-base font-gray-300\">Besser als \u00b10,45\u00b0C (\u00b10,8\u00b0F) f\u00fcr +0\u00b0C bis +50\u00b0C (+32\u00b0F bis +122\u00b0F), typisch \u00b10,3\u00b0C (0,6\u00b0F).\nBesser als \u00b10,8\u00b0C (\u00b11,4\u00b0F) f\u00fcr +50\u00b0C bis +80\u00b0C (+122\u00b0F bis +176\u00b0F), typisch \u00b10,5\u00b0C (0,9\u00b0F).\nBesser als \u00b10,95\u00b0C (\u00b11,7\u00b0F) f\u00fcr -40\u00b0C bis +0\u00b0C (-40\u00b0F bis +32\u00b0F), typischerweise \u00b10,6\u00b0C (1,1\u00b0F).\nDie tats\u00e4chliche Leistung ist in der Regel viel besser als die Nennwerte.\nDie Genauigkeitsangaben k\u00f6nnen durch Nachkalibrierung verbessert werden.<\/td>\n<\/tr>\n<tr>\n<td class=\"text-base font-semibold font-gray\">Nenngenauigkeit der Luftfeuchtigkeit<\/td>\n<td class=\"text-base font-gray-300\">Besser als \u00b15%RH f\u00fcr 10%RH bis 80%RH.\nBesser als \u00b16%RH f\u00fcr 0%RH bis 10%RH.\nBesser als \u00b17%RH f\u00fcr 80%RH bis 100%RH.\nDie tats\u00e4chliche Leistung ist in der Regel viel besser als die Nennwerte.\nDie Genauigkeitsangaben k\u00f6nnen durch Nachkalibrierung verbessert werden.<\/td>\n<\/tr>\n<tr>\n<td class=\"text-base font-semibold font-gray\">Aufl\u00f6sung Luftfeuchtigkeit<\/td>\n<td class=\"text-base font-gray-300\">Besser als 0,1% RH.<\/td>\n<\/tr>\n<tr>\n<td class=\"text-base font-semibold font-gray\">Aufl\u00f6sung der Temperatur<\/td>\n<td class=\"text-base font-gray-300\">Besser als 0,1\u00b0C oder 0,1\u00b0F<\/td>\n<\/tr>\n<tr>\n<td class=\"text-base font-semibold font-gray\">Aufnahmekapazit\u00e4t<\/td>\n<td class=\"text-base font-gray-300\">8.003 Paare von Luftfeuchtigkeits- und Temperaturmesswerten. 53 Tage bei 10min Aufzeichnung, 80 Tage bei 15min Aufzeichnung. <\/td>\n<\/tr>\n<tr>\n<td class=\"text-base font-semibold font-gray\">Stichprobenintervall<\/td>\n<td class=\"text-base font-gray-300\">Stichprobenintervall<\/td>\n<\/tr>\n<tr>\n<td class=\"text-base font-semibold font-gray\">Startoptionen f\u00fcr die Protokollierung<\/td>\n<td class=\"text-base font-gray-300\">Startoptionen f\u00fcr die Protokollierung<\/td>\n<\/tr>\n<tr>\n<td class=\"text-base font-semibold font-gray\">Aufnahme-Anzeige<\/td>\n<td class=\"text-base font-gray-300\">Blinkende \u201eOK\u201c-Anzeige \/ blinkende \u201eALERT\u201c-Anzeige.<\/td>\n<\/tr>\n<tr>\n<td class=\"text-base font-semibold font-gray\">Download-Zeit<\/td>\n<td class=\"text-base font-gray-300\">Normalerweise weniger als 10 Sekunden bei vollem Speicher, abh\u00e4ngig vom verwendeten Computer oder Ausleseger\u00e4t.<\/td>\n<\/tr>\n<tr>\n<td class=\"text-base font-semibold font-gray\">Umgebungsbedingungen<\/td>\n<td class=\"text-base font-gray-300\">IP61 (wenn vertikal aufgeh\u00e4ngt oder montiert).<\/td>\n<\/tr>\n<tr>\n<td class=\"text-base font-semibold font-gray\">Stromquelle<\/td>\n<td class=\"text-base font-gray-300\">CR2032 3V LiMnO2 (fest)<\/td>\n<\/tr>\n<tr>\n<td class=\"text-base font-semibold font-gray\">Lebensdauer der Batterie<\/td>\n<td class=\"text-base font-gray-300\">2 Jahre Lagerung, gefolgt von 6 Monaten Betriebsdauer.<\/td>\n<\/tr>\n<tr>\n<td class=\"text-base font-semibold font-gray\">Echtzeituhr<\/td>\n<td class=\"text-base font-gray-300\">Eingebaute Echtzeituhr.\nNenngenauigkeit \u00b125ppm bei 25\u00b0C (entspricht 2,5 Sekunden\/Tag).\nDer Nenntemperaturkoeffizient betr\u00e4gt -0,034 \u00b10,006ppm\/\u00b0C (d.h. typischerweise +\/- 0,00294 Sekunden\/Tag\/\u00b0C).<\/td>\n<\/tr>\n<tr>\n<td class=\"text-base font-semibold font-gray\">Anschluss Interface<\/td>\n<td class=\"text-base font-gray-300\">Schnittstelle Cradle.<\/td>\n<\/tr>\n<tr>\n<td class=\"text-base font-semibold font-gray\">Software<\/td>\n<td class=\"text-base font-gray-300\">LogTag\u00ae Analyzer.<\/td>\n<\/tr>\n<tr>\n<td class=\"text-base font-semibold font-gray\">Gr\u00f6\u00dfe<\/td>\n<td class=\"text-base font-gray-300\">86mm(H) x 54.5mm(B) x 8.6mm(T).<\/td>\n<\/tr>\n<tr>\n<td class=\"text-base font-semibold font-gray\">Gewicht<\/td>\n<td class=\"text-base font-gray-300\">34g.<\/td>\n<\/tr>\n<tr>\n<td class=\"text-base font-semibold font-gray\">Material Geh\u00e4use<\/td>\n<td class=\"text-base font-gray-300\">Polykarbonat.<\/td>\n<\/tr>\n<\/tbody>\n<\/table>"],"resources":["<ul class=\"resources-list\">\n \t<li><img src=\"https:\/\/praxas.com\/wp-content\/uploads\/document-icon.png\" alt=\"Dokument-Symbol\"><a href=\"https:\/\/praxas.com\/wp-content\/uploads\/LogTag_HASO-8_Brochure.pdf\">LogTag HASO-8 Brosch\u00fcre<\/a><\/li>\n \t<li><img src=\"https:\/\/praxas.com\/wp-content\/uploads\/document-icon.png\" alt=\"Dokument-Symbol\"><a href=\"https:\/\/praxas.com\/wp-content\/uploads\/HAXO-8-QuickStartGuide.pdf\">LogTag HASO-8 Schnellstartanleitung<\/a><\/li>\n<\/ul>"],"accessories":["[products skus=\"LTI-HID,WMB-1\"]"],"_uag_page_assets":["a:9:{s:3:\"css\";s:0:\"\";s:2:\"js\";s:0:\"\";s:18:\"current_block_list\";a:0:{}s:8:\"uag_flag\";b:0;s:11:\"uag_version\";s:10:\"1775212209\";s:6:\"gfonts\";a:0:{}s:10:\"gfonts_url\";s:0:\"\";s:12:\"gfonts_files\";a:0:{}s:14:\"uag_faq_layout\";b:0;}"],"_max_variation_price":[""],"_max_variation_regular_price":[""],"_max_variation_sale_price":[""],"_min_variation_price":[""],"_min_variation_regular_price":[""],"_min_variation_sale_price":[""],"_sale_price":[""],"_wc_pb_base_regular_price":[""],"_wc_pb_base_sale_price":[""],"_wc_pb_base_price":[""],"_wc_sw_max_price":[""],"_wc_sw_max_regular_price":[""],"_wc_rating_count":[""],"_wc_review_count":[""],"_wc_average_rating":[0]},"uagb_featured_image_src":{"full":["https:\/\/praxas.com\/wp-content\/uploads\/HASO-8_front.jpg",1200,680,false],"thumbnail":["https:\/\/praxas.com\/wp-content\/uploads\/HASO-8_front-150x150.jpg",150,150,true],"medium":["https:\/\/praxas.com\/wp-content\/uploads\/HASO-8_front-300x170.jpg",300,170,true],"medium_large":["https:\/\/praxas.com\/wp-content\/uploads\/HASO-8_front-768x435.jpg",768,435,true],"large":["https:\/\/praxas.com\/wp-content\/uploads\/HASO-8_front-1024x580.jpg",1024,580,true],"1536x1536":["https:\/\/praxas.com\/wp-content\/uploads\/HASO-8_front.jpg",1200,680,false],"2048x2048":["https:\/\/praxas.com\/wp-content\/uploads\/HASO-8_front.jpg",1200,680,false],"crunchify-admin-post-featured-image":["https:\/\/praxas.com\/wp-content\/uploads\/HASO-8_front-120x68.jpg",120,68,true],"commercegurus-pdp-large":["https:\/\/praxas.com\/wp-content\/uploads\/HASO-8_front-990x561.jpg",990,561,true],"commercegurus-plp-mobile":["https:\/\/praxas.com\/wp-content\/uploads\/HASO-8_front-441x250.jpg",441,250,true],"cgkit_image_swatch":["https:\/\/praxas.com\/wp-content\/uploads\/HASO-8_front-100x100.jpg",100,100,true],"woocommerce_thumbnail":["https:\/\/praxas.com\/wp-content\/uploads\/HASO-8_front-350x198.jpg",350,198,true],"woocommerce_single":["https:\/\/praxas.com\/wp-content\/uploads\/HASO-8_front-800x453.jpg",800,453,true],"woocommerce_gallery_thumbnail":["https:\/\/praxas.com\/wp-content\/uploads\/HASO-8_front-150x85.jpg",150,85,true]},"uagb_author_info":{"display_name":"Alex James","author_link":"https:\/\/praxas.com\/de\/author\/"},"uagb_comment_info":0,"uagb_excerpt":"-40\u00b0C bis +85\u00b0C Luftfeuchtigkeitsbereich 0 bis 100% RH Zum einmaligen Gebrauch mit 8.000 gepaarten Messwerten Statusanzeigen \u201eOK\u201c &amp; \u201eALERT\u201c Schnelle Reaktionszeit f\u00fcr die Transport\u00fcberwachung","_links":{"self":[{"href":"https:\/\/praxas.com\/de\/wp-json\/wp\/v2\/product\/50329","targetHints":{"allow":["GET"]}}],"collection":[{"href":"https:\/\/praxas.com\/de\/wp-json\/wp\/v2\/product"}],"about":[{"href":"https:\/\/praxas.com\/de\/wp-json\/wp\/v2\/types\/product"}],"wp:featuredmedia":[{"embeddable":true,"href":"https:\/\/praxas.com\/de\/wp-json\/wp\/v2\/media\/50324"}],"wp:attachment":[{"href":"https:\/\/praxas.com\/de\/wp-json\/wp\/v2\/media?parent=50329"}],"wp:term":[{"taxonomy":"product_brand","embeddable":true,"href":"https:\/\/praxas.com\/de\/wp-json\/wp\/v2\/product_brand?post=50329"},{"taxonomy":"product_cat","embeddable":true,"href":"https:\/\/praxas.com\/de\/wp-json\/wp\/v2\/product_cat?post=50329"},{"taxonomy":"product_tag","embeddable":true,"href":"https:\/\/praxas.com\/de\/wp-json\/wp\/v2\/product_tag?post=50329"}],"curies":[{"name":"wp","href":"https:\/\/api.w.org\/{rel}","templated":true}]}}