{"id":51395,"date":"2025-08-06T11:48:42","date_gmt":"2025-08-06T09:48:42","guid":{"rendered":"https:\/\/praxas.com\/product\/unkategorisiert\/haxo-16u-temperatur-und-luftfeuchtigkeitslogger\/"},"modified":"2026-01-20T14:16:44","modified_gmt":"2026-01-20T13:16:44","slug":"haxo-16u-temperatur-und-luftfeuchtigkeitslogger","status":"publish","type":"product","link":"https:\/\/praxas.com\/de\/product\/datenlogger\/temperatur-luftfeuchtigkeit-de\/haxo-16u-temperatur-und-luftfeuchtigkeitslogger\/","title":{"rendered":"HAXO-16U Temperatur- und Luftfeuchtigkeitslogger"},"content":{"rendered":"<p data-start=\"239\" data-end=\"648\">Der <strong data-start=\"243\" data-end=\"255\">HAXO-16U<\/strong> ist ein zuverl\u00e4ssiger, einfach zu bedienender Temperatur- und Feuchtigkeitsdatenlogger, der zum Schutz empfindlicher G\u00fcter wie Arzneimittel, Gesundheitsprodukte, Lebensmittel, Blumen, Pulver und Vieh w\u00e4hrend des Transports und der Lagerung entwickelt wurde. Sie ben\u00f6tigen keine Software, um auf Ihre Daten zuzugreifen. Schlie\u00dfen Sie das Ger\u00e4t einfach \u00fcber den eingebauten USB-Anschluss an einen PC an, um sofort schnelle und \u00fcbersichtliche PDF- und CSV-Berichte zu erstellen.<\/p>\n<p data-start=\"650\" data-end=\"1080\">Dank des hellen LCD-Displays ist die \u00dcberwachung m\u00fchelos und Sie k\u00f6nnen w\u00e4hrend des Versands oder der Lagerung auf einen Blick die aktuellen Daten ablesen. Der HAXO-16U unterst\u00fctzt eine einfache Ein-Tasten-Bedienung, mit der Sie schnell Ereignisse markieren oder die Aufzeichnung starten\/stoppen k\u00f6nnen, ohne dass Sie eine komplizierte Schulung ben\u00f6tigen. Der HAXO-16U ist f\u00fcr den Einsatz in rauen Umgebungen konzipiert und verf\u00fcgt \u00fcber ein robustes Polycarbonatgeh\u00e4use. Er arbeitet zuverl\u00e4ssig bis zu -30 \u00b0C und ist damit ideal f\u00fcr die K\u00fchlkettenlogistik.  <\/p>\n<p data-start=\"1082\" data-end=\"1505\">Mit einer <strong data-start=\"1097\" data-end=\"1122\">Aufzeichnungsdauer<\/strong> von bis zu <strong data-start=\"1097\" data-end=\"1122\">365 Tagen<\/strong> oder <strong data-start=\"1126\" data-end=\"1145\">32.000 Messwerten<\/strong> eignet sich das Ger\u00e4t f\u00fcr ausgedehnte Schiffsreisen und die Langzeit\u00fcberwachung. Das Ger\u00e4t ist sowohl f\u00fcr den einmaligen als auch f\u00fcr den mehrmaligen Gebrauch erh\u00e4ltlich und ist eine kosteng\u00fcnstige Wahl f\u00fcr Unternehmen, die eine genaue und zuverl\u00e4ssige \u00dcberwachung ohne laufende Software- oder Hardwarekosten ben\u00f6tigen. F\u00fcr diejenigen, die mehr Kontrolle w\u00fcnschen, ist die Konfiguration \u00fcber die kostenlose LogTag\u00ae Analyzer Software m\u00f6glich.<\/p>\n","protected":false},"excerpt":{"rendered":"<ul>\n<li>\u00dcberwachung von Temperatur und Luftfeuchtigkeit<\/li>\n<li data-start=\"245\" data-end=\"267\">Bereich -30\u00b0C bis +70\u00b0C<\/li>\n<li data-start=\"270\" data-end=\"294\">Bis zu 365 Tage Aufzeichnung<\/li>\n<li data-start=\"297\" data-end=\"322\">32.000 Lesepl\u00e4tze<\/li>\n<li data-start=\"351\" data-end=\"372\">USB-Direkt-Download<\/li>\n<\/ul>\n","protected":false},"featured_media":51378,"template":"","meta":{"_acf_changed":false,"content-type":"","_uag_custom_page_level_css":""},"product_brand":[],"product_cat":[1002],"product_tag":[2513,1016],"class_list":{"0":"post-51395","1":"product","2":"type-product","3":"status-publish","4":"has-post-thumbnail","6":"product_cat-temperatur-luftfeuchtigkeit-de","7":"product_tag-logtag-de","8":"product_tag-usb-de","10":"first","11":"instock","12":"taxable","13":"shipping-taxable","14":"purchasable","15":"product-type-variable"},"bundled_by":[],"bundle_stock_status":"instock","bundle_stock_quantity":null,"bundle_virtual":false,"bundle_layout":"","bundle_add_to_cart_form_location":"","bundle_editable_in_cart":false,"bundle_sold_individually_context":"","bundle_item_grouping":"","bundle_min_size":"","bundle_max_size":"","bundle_price":[],"bundled_items":[],"bundle_sell_ids":[],"acf":[],"spectra_custom_meta":{"hubwoo_ecomm_pro_id":["27203292950"],"_wcml_average_rating":[null],"_wcml_review_count":[null],"_wcml_rating_count":[null],"_backorders":["no"],"_download_limit":["-1"],"_download_expiry":["-1"],"_downloadable":["no"],"_manage_stock":["no"],"_sku":["HAXO-16U"],"_stock_status":["instock"],"_sold_individually":["no"],"_tax_class":[""],"_tax_status":["taxable"],"_virtual":["no"],"_weight":["0.0468"],"_width":["0.86"],"_height":["10.7"],"_length":["5.45"],"total_sales":["1"],"_price":["85.40","114.80"],"connectivity":["USB"],"_connectivity":["field_64dce263bb57c"],"brand":["LogTag"],"_brand":["field_64ddf62ed2593"],"brand_image":[""],"_brand_image":["field_650c5e7c84cae"],"_specifications_table":["field_65044e1db92a8"],"_display_data_alarm":["field_667d647bcb066"],"_resources":["field_650849c6945ee"],"_calibration":["field_66a0ddd599972"],"_accessories":["field_650849e6945f0"],"_faqs":["field_650859523d8d5"],"_other_features":["field_686fa2aa98dce"],"_shipping":["field_66852535c98a5"],"_refrigerant_cabinet":["field_66852557c98a6"],"_main_specifications":["field_66855b25b1245"],"stock_options":["In stock"],"_stock_options":["field_6544b605dc7f9"],"rank_math_primary_product_cat":["0"],"min_temp":["-30"],"max_temp":["70"],"_min_temp":["field_67ea5eb4e0a77"],"_max_temp":["field_67ea5f81e0a79"],"_top_nav_excluded":[""],"_cms_nav_minihome":[""],"_product_image_gallery":["51384,51390"],"wcml_sync_hash":["a:1:{s:15:\"postmeta_fields\";s:32:\"a9b9c1c4d524c0eb017c98d12316c862\";}"],"attr_label_translations":["a:0:{}"],"_product_attributes":["a:2:{s:16:\"pa_product-brand\";a:6:{s:4:\"name\";s:16:\"pa_product-brand\";s:5:\"value\";s:0:\"\";s:8:\"position\";i:0;s:10:\"is_visible\";i:1;s:12:\"is_variation\";i:0;s:11:\"is_taxonomy\";i:1;}s:16:\"pa_make-a-choice\";a:6:{s:4:\"name\";s:16:\"pa_make-a-choice\";s:5:\"value\";s:0:\"\";s:8:\"position\";i:1;s:10:\"is_visible\";i:1;s:12:\"is_variation\";i:1;s:11:\"is_taxonomy\";i:1;}}"],"_thumbnail_id":["51378"],"_crosssell_ids":["a:0:{}"],"_wpml_word_count":["306"],"rank_math_focus_keyword":["haxo-16"],"specifications_table":["<table class=\"specifications\">\n<tbody>\n<tr>\n<td class=\"left-td\">Produkt Modell<\/td>\n<td>HAXO-16U (Einweg- und Mehrwegoptionen verf\u00fcgbar)<\/td>\n<\/tr>\n<tr>\n<td class=\"left-td\">Sensor Messbereich<\/td>\n<td>-30\u00b0C bis +70\u00b0C (-22\u00b0F bis +158\u00b0F)<\/td>\n<\/tr>\n<tr>\n<td class=\"left-td\">Betriebstemperaturbereich<\/td>\n<td>-30\u00b0C bis +70\u00b0C (-22\u00b0F bis +158\u00b0F)<\/td>\n<\/tr>\n<tr>\n<td class=\"left-td\">Temperaturbereich bei Lagerung<\/td>\n<td>0\u00b0C bis +40\u00b0C (32\u00b0F bis +104\u00b0F)<\/td>\n<\/tr>\n<tr>\n<td class=\"left-td\">Messbereich Luftfeuchtigkeit<\/td>\n<td>0%RH bis 100%RH (nicht kondensierend), mit Einschr\u00e4nkungen<\/td>\n<\/tr>\n<tr>\n<td class=\"left-td\">Luftfeuchtigkeit Betriebsbereich<\/td>\n<td>0%RH bis 100%RH (nicht kondensierend), mit Einschr\u00e4nkungen<\/td>\n<\/tr>\n<tr>\n<td class=\"left-td\">Luftfeuchtigkeit Lagerbereich<\/td>\n<td>20%RH bis 60%RH*<\/td>\n<\/tr>\n<tr>\n<td class=\"left-td\">Temperatur-Genauigkeit<\/td>\n<td>\u00b10.45\u00b0C (\u00b10.8\u00b0F) von 0\u00b0C bis +50\u00b0C, typisch \u00b10.3\u00b0C (\u00b10.6\u00b0F)\n\u00b10.8\u00b0C (\u00b11.4\u00b0F) von +50\u00b0C bis +70\u00b0C, typisch \u00b10.5\u00b0C (\u00b10.9\u00b0F)\n\u00b10.95\u00b0C (\u00b11.7\u00b0F) von -30\u00b0C bis 0\u00b0C, typisch \u00b10.6\u00b0C (\u00b11.1\u00b0F)<\/td>\n<\/tr>\n<tr>\n<td class=\"left-td\">Luftfeuchtigkeit Genauigkeit<\/td>\n<td>\u00b13%RH von 20%RH bis 80%RH, typisch \u00b12%RH\n\u00b15%RH von 0%RH bis 20%RH, typisch \u00b14%RH\n\u00b15%RH von 80%RH bis 100%RH, typisch \u00b14%RH<\/td>\n<\/tr>\n<tr>\n<td class=\"left-td\">Aufl\u00f6sung Luftfeuchtigkeit<\/td>\n<td>Besser als 0,1%RH<\/td>\n<\/tr>\n<tr>\n<td class=\"left-td\">Aufl\u00f6sung der Temperatur<\/td>\n<td>Besser als 0,1\u00b0C oder 0,1\u00b0F<\/td>\n<\/tr>\n<tr>\n<td class=\"left-td\">Aufzeichnungskapazit\u00e4t<\/td>\n<td>32.000 Protokolle, bis zu 365 Tage in 16-min\u00fctigen Abst\u00e4nden<\/td>\n<\/tr>\n<tr>\n<td class=\"left-td\">Abtastintervall<\/td>\n<td>Konfigurierbar von 10 Sekunden bis 18 Stunden<\/td>\n<\/tr>\n<tr>\n<td class=\"left-td\">Startoptionen f\u00fcr die Protokollierung<\/td>\n<td>Start per Knopfdruck oder Datum\/Uhrzeit<\/td>\n<\/tr>\n<tr>\n<td class=\"left-td\">Umgebung<\/td>\n<td>IP61 mit aufgesetzter USB-Kappe<\/td>\n<\/tr>\n<tr>\n<td class=\"left-td\">Stromquelle<\/td>\n<td>CR2450 3V Li-MnO2-Knopfzelle (nicht wiederaufladbar, nicht austauschbar)<\/td>\n<\/tr>\n<tr>\n<td class=\"left-td\">Lebensdauer der Batterie<\/td>\n<td>3 Jahre Lagerung, 2 Jahre normale Nutzung (basierend auf 5 Minuten Aufzeichnung)<\/td>\n<\/tr>\n<tr>\n<td class=\"left-td\">Verbindungsschnittstelle<\/td>\n<td>Eingebauter USB 2.0<\/td>\n<\/tr>\n<tr>\n<td class=\"left-td\">Gr\u00f6\u00dfe<\/td>\n<td>107 mm (H) x 54,5 mm (B) x 8,6 mm (T)<\/td>\n<\/tr>\n<tr>\n<td class=\"left-td\">Gewicht<\/td>\n<td>46.8g<\/td>\n<\/tr>\n<tr>\n<td class=\"left-td\">Material Geh\u00e4use<\/td>\n<td>Polycarbonat<\/td>\n<\/tr>\n<\/tbody>\n<\/table>"],"resources":["<ul>\n \t<li><a href=\"https:\/\/praxas.com\/wp-content\/uploads\/HAXO-16U-Brochure.pdf\"><img src=\"https:\/\/praxas.com\/wp-content\/uploads\/document-icon.png\" alt=\"Dokument-Symbol\">LogTag HAXO-16U Brosch\u00fcre<\/a><\/li>\n \t<li><img src=\"https:\/\/praxas.com\/wp-content\/uploads\/document-icon.png\" alt=\"Dokument-Symbol\"><a href=\"https:\/\/praxas.com\/wp-content\/uploads\/HAXO-16U-QSG.pdf\">LogTag HAXO-16U Schnellstartanleitung<\/a><\/li>\n<\/ul>\nSehen Sie sich das <a href=\"https:\/\/www.youtube.com\/watch?v=1Zs-xYGUK1s\">HAXO-16U-Anleitungsvideo<\/a> von LogTag an.\n\n\u00a0"],"_last_translation_edit_mode":["translation-editor"],"_uag_page_assets":["a:9:{s:3:\"css\";s:0:\"\";s:2:\"js\";s:0:\"\";s:18:\"current_block_list\";a:0:{}s:8:\"uag_flag\";b:0;s:11:\"uag_version\";s:10:\"1775212209\";s:6:\"gfonts\";a:0:{}s:10:\"gfonts_url\";s:0:\"\";s:12:\"gfonts_files\";a:0:{}s:14:\"uag_faq_layout\";b:0;}"],"rank_math_internal_links_processed":["1"],"_max_variation_price":[""],"_max_variation_regular_price":[""],"_max_variation_sale_price":[""],"_min_variation_price":[""],"_min_variation_regular_price":[""],"_min_variation_sale_price":[""],"_regular_price":[""],"_sale_price":[""],"_wc_pb_base_regular_price":[""],"_wc_pb_base_sale_price":[""],"_wc_pb_base_price":[""],"_wc_sw_max_price":[""],"_wc_sw_max_regular_price":[""],"_wc_rating_count":[""],"_wc_review_count":[""],"_wc_average_rating":[0]},"uagb_featured_image_src":{"full":["https:\/\/praxas.com\/wp-content\/uploads\/HAXO-16U_C_max_Print.jpg",1200,680,false],"thumbnail":["https:\/\/praxas.com\/wp-content\/uploads\/HAXO-16U_C_max_Print-150x150.jpg",150,150,true],"medium":["https:\/\/praxas.com\/wp-content\/uploads\/HAXO-16U_C_max_Print-300x170.jpg",300,170,true],"medium_large":["https:\/\/praxas.com\/wp-content\/uploads\/HAXO-16U_C_max_Print-768x435.jpg",768,435,true],"large":["https:\/\/praxas.com\/wp-content\/uploads\/HAXO-16U_C_max_Print-1024x580.jpg",1024,580,true],"1536x1536":["https:\/\/praxas.com\/wp-content\/uploads\/HAXO-16U_C_max_Print.jpg",1200,680,false],"2048x2048":["https:\/\/praxas.com\/wp-content\/uploads\/HAXO-16U_C_max_Print.jpg",1200,680,false],"crunchify-admin-post-featured-image":["https:\/\/praxas.com\/wp-content\/uploads\/HAXO-16U_C_max_Print-120x68.jpg",120,68,true],"commercegurus-pdp-large":["https:\/\/praxas.com\/wp-content\/uploads\/HAXO-16U_C_max_Print-990x561.jpg",990,561,true],"commercegurus-plp-mobile":["https:\/\/praxas.com\/wp-content\/uploads\/HAXO-16U_C_max_Print-441x250.jpg",441,250,true],"cgkit_image_swatch":["https:\/\/praxas.com\/wp-content\/uploads\/HAXO-16U_C_max_Print-100x100.jpg",100,100,true],"woocommerce_thumbnail":["https:\/\/praxas.com\/wp-content\/uploads\/HAXO-16U_C_max_Print-350x198.jpg",350,198,true],"woocommerce_single":["https:\/\/praxas.com\/wp-content\/uploads\/HAXO-16U_C_max_Print-800x453.jpg",800,453,true],"woocommerce_gallery_thumbnail":["https:\/\/praxas.com\/wp-content\/uploads\/HAXO-16U_C_max_Print-150x85.jpg",150,85,true]},"uagb_author_info":{"display_name":"Alex James","author_link":"https:\/\/praxas.com\/de\/author\/"},"uagb_comment_info":0,"uagb_excerpt":"\u00dcberwachung von Temperatur und Luftfeuchtigkeit Bereich -30\u00b0C bis +70\u00b0C Bis zu 365 Tage Aufzeichnung 32.000 Lesepl\u00e4tze USB-Direkt-Download","_links":{"self":[{"href":"https:\/\/praxas.com\/de\/wp-json\/wp\/v2\/product\/51395","targetHints":{"allow":["GET"]}}],"collection":[{"href":"https:\/\/praxas.com\/de\/wp-json\/wp\/v2\/product"}],"about":[{"href":"https:\/\/praxas.com\/de\/wp-json\/wp\/v2\/types\/product"}],"wp:featuredmedia":[{"embeddable":true,"href":"https:\/\/praxas.com\/de\/wp-json\/wp\/v2\/media\/51378"}],"wp:attachment":[{"href":"https:\/\/praxas.com\/de\/wp-json\/wp\/v2\/media?parent=51395"}],"wp:term":[{"taxonomy":"product_brand","embeddable":true,"href":"https:\/\/praxas.com\/de\/wp-json\/wp\/v2\/product_brand?post=51395"},{"taxonomy":"product_cat","embeddable":true,"href":"https:\/\/praxas.com\/de\/wp-json\/wp\/v2\/product_cat?post=51395"},{"taxonomy":"product_tag","embeddable":true,"href":"https:\/\/praxas.com\/de\/wp-json\/wp\/v2\/product_tag?post=51395"}],"curies":[{"name":"wp","href":"https:\/\/api.w.org\/{rel}","templated":true}]}}