{"id":53341,"date":"2025-11-11T15:37:55","date_gmt":"2025-11-11T14:37:55","guid":{"rendered":"https:\/\/praxas.com\/?post_type=product&#038;p=53341"},"modified":"2025-11-11T16:04:35","modified_gmt":"2025-11-11T15:04:35","slug":"trix-16-temperatur-logger-copy","status":"publish","type":"product","link":"https:\/\/praxas.com\/de\/product\/datenlogger\/temperatur-datenlogger\/trix-16-temperatur-logger-copy\/","title":{"rendered":"TRIX-8 Temperatur-Logger"},"content":{"rendered":"<p data-start=\"236\" data-end=\"628\">\u00dcberwachen und protokollieren Sie die Temperaturbelastung von Produkten genau mit dem <strong data-start=\"308\" data-end=\"354\">LogTag TRIX-8 Multi-Use Temperaturlogger<\/strong>. Dieses vielseitige Ger\u00e4t wurde f\u00fcr eine zuverl\u00e4ssige Leistung in einer Vielzahl von Anwendungen entwickelt. Es erfasst pr\u00e4zise Temperaturdaten in einem Messbereich von <strong data-start=\"511\" data-end=\"529\">-40\u00b0C bis +85\u00b0C<\/strong> und ist damit ideal f\u00fcr den Transport, die Lagerung und die Verarbeitung \u00fcber kurze und lange Strecken. <\/p>\n<p data-start=\"630\" data-end=\"945\">Der TRIX-8 ist mit einem <strong data-start=\"647\" data-end=\"666\">internen Sensor<\/strong> und einer <strong data-start=\"673\" data-end=\"692\">Echtzeituhr<\/strong> ausgestattet, die jeden Messwert mit einem Zeitstempel versieht und so die vollst\u00e4ndige R\u00fcckverfolgbarkeit der Temperaturdaten gew\u00e4hrleistet. Mit einer <strong data-start=\"785\" data-end=\"822\">Speicherkapazit\u00e4t von 8.000 Messwerten<\/strong> und einer <strong data-start=\"829\" data-end=\"862\">Batterielebensdauer von bis zu 3 Jahren<\/strong> ist es eine langlebige und zuverl\u00e4ssige L\u00f6sung f\u00fcr die laufende Temperatur\u00fcberwachung. <\/p>\n<p data-start=\"947\" data-end=\"1140\">Der LogTag TRIX-8 ist <strong data-start=\"968\" data-end=\"1020\">von der WHO PQS pr\u00e4qualifiziert (E06\/06: PQS Code E006\/00)<\/strong>, was best\u00e4tigt, dass er die internationalen Standards f\u00fcr Qualit\u00e4t und Leistung in der temperatursensiblen Logistik erf\u00fcllt.<\/p>\n<p><strong>Zu den Vorteilen des LogTag TRIX-8 Temperaturloggers geh\u00f6ren:<\/strong><\/p>\n<ul>\n<li data-start=\"1219\" data-end=\"1274\">Messbereich: <strong data-start=\"1236\" data-end=\"1272\">-40\u00b0C bis +85\u00b0C (-40\u00b0F bis +185\u00b0F)<\/strong><\/li>\n<li data-start=\"1277\" data-end=\"1299\"><strong data-start=\"1277\" data-end=\"1290\">Genauigkeit:<\/strong> \u00b10,5\u00b0C<\/li>\n<li data-start=\"1302\" data-end=\"1339\"><strong data-start=\"1302\" data-end=\"1322\">Speicherkapazit\u00e4t:<\/strong> 8.000 Messwerte<\/li>\n<li data-start=\"1342\" data-end=\"1375\"><strong data-start=\"1342\" data-end=\"1359\">Lebensdauer der Batterie:<\/strong> Bis zu 3 Jahre<\/li>\n<li data-start=\"1378\" data-end=\"1455\"><strong data-start=\"1378\" data-end=\"1407\">OK&#8220;- und &#8222;ALERT&#8220;-Anzeigen<\/strong> mit anpassbaren Einstellungen f\u00fcr hohen und niedrigen Alarm<\/li>\n<li data-start=\"1458\" data-end=\"1520\"><strong data-start=\"1458\" data-end=\"1482\">Schnelle Download-Geschwindigkeit:<\/strong> Weniger als 5 Sekunden f\u00fcr vollen Speicher<\/li>\n<li data-start=\"1523\" data-end=\"1582\"><strong data-start=\"1523\" data-end=\"1556\">Langlebiges Polycarbonat-Geh\u00e4use<\/strong> f\u00fcr hervorragenden Schutz<\/li>\n<li data-start=\"1585\" data-end=\"1642\"><strong data-start=\"1585\" data-end=\"1605\">Vielseitiges Design<\/strong> f\u00fcr langfristige, wiederholte \u00dcberwachung<\/li>\n<li data-start=\"1645\" data-end=\"1716\"><strong data-start=\"1645\" data-end=\"1670\">WHO PQS vorqualifiziert<\/strong>, was weltweite Zuverl\u00e4ssigkeit und Konformit\u00e4t gew\u00e4hrleistet<\/li>\n<\/ul>\n<h3 data-start=\"1723\" data-end=\"1775\">Effiziente Multi-Trip-Temperatur\u00fcberwachung<\/h3>\n<p data-start=\"1777\" data-end=\"2093\">Der auf Leistung und Flexibilit\u00e4t ausgelegte TRIX-8 ist ideal f\u00fcr den wiederholten Einsatz bei mehreren Sendungen oder Lageranwendungen. Sein robustes Design gew\u00e4hrleistet einen konstanten Betrieb in anspruchsvollen Umgebungen und sch\u00fctzt die Integrit\u00e4t temperaturempfindlicher G\u00fcter wie Impfstoffe, Arzneimittel, Lebensmittel und verderbliche Waren. <\/p>\n<h3 data-start=\"2100\" data-end=\"2141\">Einfache Datenverwaltung und -analyse<\/h3>\n<p data-start=\"2143\" data-end=\"2494\">Greifen Sie \u00fcber die <strong data-start=\"2183\" data-end=\"2203\">LogTag Schnittstelle<\/strong> und die <strong data-start=\"2212\" data-end=\"2245\">kostenlose <a href=\"https:\/\/praxas.com\/de\/software\/logtag-software\/\">LogTag Analyzer<\/a> Software<\/strong> m\u00fchelos auf Ihre Daten zu. Konfigurieren Sie die Logger-Einstellungen, laden Sie die aufgezeichneten Daten herunter und visualisieren Sie die Ergebnisse durch Diagramme, Statistiken und Berichte. Der Export in <strong data-start=\"2374\" data-end=\"2406\">Excel und andere Anwendungen<\/strong> ist schnell und einfach und erm\u00f6glicht eine nahtlose Integration in Ihr Qualit\u00e4tsmanagementsystem.  <\/p>\n<h3 data-start=\"2501\" data-end=\"2541\">Zertifizierte Qualit\u00e4t und Compliance<\/h3>\n<p data-start=\"2543\" data-end=\"2867\">Der LogTag TRIX-8 erf\u00fcllt die wichtigsten internationalen Zertifizierungen, darunter <strong data-start=\"2611\" data-end=\"2663\">FCC, CE, C-TICK, T\u00dcV, EN12830, WHO PQS und RoHS<\/strong>, was ihn zu einem der zuverl\u00e4ssigsten und konformsten Temperaturlogger auf dem Markt macht. Seine Genauigkeit, Geschwindigkeit und Vielseitigkeit machen ihn zum <strong data-start=\"2806\" data-end=\"2866\">Ma\u00dfstab f\u00fcr zuverl\u00e4ssige Temperatur\u00fcberwachung in der Branche<\/strong>. <\/p>\n","protected":false},"excerpt":{"rendered":"<ul>\n<li>8.000 Messwerte Speicherkapazit\u00e4t<\/li>\n<li>-40\u00b0C bis +85\u00b0C<\/li>\n<li>&#8218;OK&#8216; und &#8218;ALERT&#8216; Alarm-Anzeigen<\/li>\n<li>Bis zu 3 Jahre Batterielebensdauer<\/li>\n<li>Fast Download Schnelle Reaktionszeit<\/li>\n<\/ul>\n","protected":false},"featured_media":53354,"template":"","meta":{"_acf_changed":false,"content-type":"","_uag_custom_page_level_css":""},"product_brand":[],"product_cat":[1010],"product_tag":[2513],"class_list":{"0":"post-53341","1":"product","2":"type-product","3":"status-publish","4":"has-post-thumbnail","6":"product_cat-temperatur-datenlogger","7":"product_tag-logtag-de","9":"first","10":"instock","11":"taxable","12":"shipping-taxable","13":"purchasable","14":"product-type-simple"},"bundled_by":[],"bundle_stock_status":"instock","bundle_stock_quantity":null,"bundle_virtual":false,"bundle_layout":"","bundle_add_to_cart_form_location":"","bundle_editable_in_cart":false,"bundle_sold_individually_context":"","bundle_item_grouping":"","bundle_min_size":"","bundle_max_size":"","bundle_price":[],"bundled_items":[],"bundle_sell_ids":[],"acf":[],"spectra_custom_meta":{"_regular_price":["25.20"],"total_sales":["28"],"_tax_status":["taxable"],"_tax_class":[""],"_manage_stock":["no"],"_backorders":["no"],"_sold_individually":["no"],"_weight":["0.033"],"_virtual":["no"],"_downloadable":["no"],"_product_image_gallery":["53360"],"_download_limit":["-1"],"_download_expiry":["-1"],"_thumbnail_id":["53354"],"_stock":[null],"_stock_status":["instock"],"_wcml_average_rating":[null],"_wcml_review_count":[null],"_wcml_rating_count":[null],"_wc_average_rating":[0],"_wc_review_count":["0"],"_product_attributes":["a:1:{s:16:\"pa_product-brand\";a:6:{s:4:\"name\";s:16:\"pa_product-brand\";s:5:\"value\";s:0:\"\";s:8:\"position\";i:0;s:10:\"is_visible\";i:1;s:12:\"is_variation\";i:0;s:11:\"is_taxonomy\";i:1;}}"],"_product_version":["10.3.3"],"_price":["25.20"],"attr_label_translations":["a:1:{s:2:\"de\";a:1:{s:13:\"make-a-choice\";s:21:\"Treffen Sie eine Wahl\";}}"],"product_datasheet":[""],"_product_datasheet":["field_650ad7d6ea3a0"],"_connectivity":["field_64dce263bb57c"],"brand":["LogTag"],"_brand":["field_64ddf62ed2593"],"brand_image":[""],"_brand_image":["field_650c5e7c84cae"],"_specifications_table":["field_65044e1db92a8"],"_display_data_alarm":["field_667d647bcb066"],"_resources":["field_650849c6945ee"],"_accessories":["field_650849e6945f0"],"_faqs":["field_650859523d8d5"],"_calibration_suitable_ids_gb":["field_654b4c4acb54a"],"_calibration_suitable_ids_us":["field_654b4c56cb54b"],"_show_in_calibration_suitable":["field_654cfb691d345"],"_shipping":["field_66852535c98a5"],"_refrigerant_cabinet":["field_66852557c98a6"],"_main_specifications":["field_66855b25b1245"],"_usd_price_4":["field_651570dcac479"],"_usd_price_9":["field_6515713eb4807"],"_usd_price_24":["field_65157141b4809"],"_usd_price_49":["field_65157140b4808"],"_usd_price_99":["field_6515715bb480a"],"_gbp_price_4":["field_6515716e83bfa"],"_gbp_price_9":["field_6515724783bfb"],"_gbp_price_24":["field_6515724b83bfc"],"_gbp_price_49":["field_6515725983bfd"],"_gbp_price_99":["field_6515725d83bfe"],"_usdhk_price_4":["field_6515726f83bff"],"_usdhk_price_9":["field_6515727c83c00"],"_usdhk_price_24":["field_6515728083c01"],"_usdhk_price_49":["field_6515728983c02"],"_usdhk_price_99":["field_6515728e83c03"],"stock_options":["In stock"],"_stock_options":["field_6544b605dc7f9"],"_top_nav_excluded":[""],"_cms_nav_minihome":[""],"wcml_sync_hash":["a:1:{s:15:\"postmeta_fields\";s:32:\"b5c9eab1b2104102b184a534b57f0fd1\";}"],"_last_translation_edit_mode":["translation-editor"],"_calibration":["field_66a0ddd599972"],"connectivity":["Interface Cradle"],"classic-editor-remember":["classic-editor"],"rank_math_seo_score":["29"],"rank_math_contentai_score":["a:5:{s:8:\"keywords\";s:5:\"74.51\";s:9:\"wordCount\";s:1:\"0\";s:9:\"linkCount\";s:1:\"0\";s:12:\"headingCount\";s:1:\"0\";s:10:\"mediaCount\";s:1:\"0\";}"],"commercekit_gallery_layout":[""],"commercekit_disable_sticky_atc":["0"],"commercekit_wc_video_gallery":["a:0:{}"],"_rank_math_gtin_code":[""],"usd_price_4":[""],"usd_price_9":[""],"usd_price_24":[""],"usd_price_49":[""],"usd_price_99":[""],"gbp_price_4":[""],"gbp_price_9":[""],"gbp_price_24":[""],"gbp_price_49":[""],"gbp_price_99":[""],"usdhk_price_4":[""],"usdhk_price_9":[""],"usdhk_price_24":[""],"usdhk_price_49":[""],"usdhk_price_99":[""],"display_data_alarm":[""],"calibration":[""],"faqs":[""],"calibration_suitable_ids_gb":[""],"calibration_suitable_ids_us":[""],"show_in_calibration_suitable":[""],"other_features":[""],"shipping":[""],"refrigerant_cabinet":[""],"main_specifications":[""],"shoptimizer_layout_pdp_short_description_position":["default"],"rank_math_analytic_object_id":["1361"],"_wpml_media_duplicate":["1"],"_wpml_media_featured":["1"],"min_temp":["-40"],"max_temp":["85"],"_min_temp":["field_67ea5eb4e0a77"],"_max_temp":["field_67ea5f81e0a79"],"_wpml_word_count":["529"],"rank_math_primary_product_cat":["87"],"rank_math_primary_product_brand":["0"],"_sku":["TRIX-8"],"_other_features":["field_686fa2aa98dce"],"rank_math_description":["\u00dcberwachen Sie Temperaturen von -40\u00b0C bis +85\u00b0C mit dem LogTag Trix-16 Temperaturlogger. Er zeichnet bis zu 8.000 Messwerte auf, verf\u00fcgt \u00fcber anpassbare Alarme und ein robustes Design."],"rank_math_focus_keyword":["TRIX-8"],"specifications_table":["<table class=\"specifications\">\n<tbody>\n<tr>\n<td class=\"left-td\">Sensor Messbereich<\/td>\n<td>-40\u00b0C bis +85\u00b0C (-40\u00b0F bis +185\u00b0F)<\/td>\n<\/tr>\n<tr>\n<td class=\"left-td\">Betriebstemperaturbereich<\/td>\n<td>-40\u00b0C bis +85\u00b0C (-40\u00b0F bis +185\u00b0F)<\/td>\n<\/tr>\n<tr>\n<td class=\"left-td\">Temperaturbereich bei Lagerung<\/td>\n<td>-30\u00b0C bis +55\u00b0C (-22\u00b0F bis +131\u00b0F)<\/td>\n<\/tr>\n<tr>\n<td class=\"left-td\">Genauigkeit der Nenntemperaturanzeige<\/td>\n<td>Besser als \u00b10,5\u00b0C f\u00fcr -20\u00b0C bis +40\u00b0C\nBesser als \u00b10,7\u00b0C f\u00fcr -30\u00b0C bis -20\u00b0C und +40\u00b0C bis +60\u00b0C\nBesser als \u00b10,8\u00b0C f\u00fcr +60\u00b0C bis +85\u00b0C\nBesser als \u00b10,9\u00b0C f\u00fcr -40\u00b0C bis -30\u00b0C\nDie tats\u00e4chliche Leistung ist in der Regel viel besser als die Nennwerte.\nDie Genauigkeitsangaben k\u00f6nnen durch Nachkalibrierung verbessert werden.<\/td>\n<\/tr>\n<tr>\n<td class=\"left-td\">Aufl\u00f6sung der Nenntemperaturanzeige<\/td>\n<td>Weniger als 0,1\u00b0C f\u00fcr -40\u00b0C bis +40\u00b0C\nWeniger als 0,2\u00b0C f\u00fcr +40\u00b0C bis +80\u00b0C\nWeniger als 0,4\u00b0C f\u00fcr +80\u00b0C bis +85\u00b0C\nLogTag Analyzer\u00ae zeigt derzeit eine Dezimalstelle von \u00b0C oder \u00b0F an. Die native Aufl\u00f6sung ist die, die im LogTag\u00ae gespeichert ist. <\/td>\n<\/tr>\n<tr>\n<td class=\"left-td\">Sensor-Reaktionszeit<\/td>\n<td>Normalerweise weniger als 5 Minuten (T90) in bewegter Luft (1m\/s)<\/td>\n<\/tr>\n<tr>\n<td class=\"left-td\">Aufnahmekapazit\u00e4t<\/td>\n<td>8031 Temperaturmesswerte.\n53 Tage @ 10min Aufzeichnung, 80 Tage @ 15min Aufzeichnung <\/td>\n<\/tr>\n<tr>\n<td class=\"left-td\">Abtastintervall<\/td>\n<td>Konfigurierbar von 30 Sekunden bis zu mehreren Stunden<\/td>\n<\/tr>\n<tr>\n<td class=\"left-td\">Startoptionen f\u00fcr die Protokollierung<\/td>\n<td>Start per Knopfdruck oder mit Datum und Uhrzeit.\nOptionale Startverz\u00f6gerung von bis zu 18 Stunden <\/td>\n<\/tr>\n<tr>\n<td class=\"left-td\">Aufnahme-Anzeige<\/td>\n<td>Blinkende 'OK'-Anzeige \/ blinkende 'ALERT'-Anzeige<\/td>\n<\/tr>\n<tr>\n<td class=\"left-td\">Alarme<\/td>\n<td>1 konfigurierbarer oberer und 1 konfigurierbarer unterer Alarm<\/td>\n<\/tr>\n<tr>\n<td class=\"left-td\">Download-Zeit<\/td>\n<td>Normalerweise weniger als 5 Sekunden f\u00fcr einen vollen Speicher (8031 Messwerte), abh\u00e4ngig vom verwendeten Computer oder Ausleseger\u00e4t<\/td>\n<\/tr>\n<tr>\n<td class=\"left-td\">Umgebungsbedingungen<\/td>\n<td>IP65 (entspricht ungef\u00e4hr NEMA 4)<\/td>\n<\/tr>\n<tr>\n<td class=\"left-td\">Stromquelle<\/td>\n<td>CR2450 3V LiMnO2 Batterie (fest)<\/td>\n<\/tr>\n<tr>\n<td class=\"left-td\">Lebensdauer der Batterie<\/td>\n<td>1 Jahr Lagerung, gefolgt von 2 - 3 Jahren normaler Nutzung (basierend auf 15-min\u00fctiger Aufzeichnung, monatlicher Download der Daten)<\/td>\n<\/tr>\n<tr>\n<td class=\"left-td\">Echtzeituhr<\/td>\n<td>Eingebaute Echtzeituhr\nNenngenauigkeit \u00b125ppm bei 25\u00b0C (entspricht 2,5 Sekunden\/Tag)\nDer Nenntemperaturkoeffizient betr\u00e4gt -0,034 \u00b10,006ppm\/\u00b0C (d.h. typischerweise \u00b10,00294 Sekunden\/Tag\/\u00b0C)<\/td>\n<\/tr>\n<tr>\n<td class=\"left-td\">Gr\u00f6\u00dfe<\/td>\n<td>86mm(H) x 54,5mm(B) x 8,6mm(T)<\/td>\n<\/tr>\n<tr>\n<td class=\"left-td\">Gewicht<\/td>\n<td>33g<\/td>\n<\/tr>\n<tr>\n<td class=\"left-td\">Material Geh\u00e4use<\/td>\n<td>Polycarbonat<\/td>\n<\/tr>\n<\/tbody>\n<\/table>"],"resources":["<ul class=\"resources-list\">\n \t<li><img src=\"https:\/\/praxas.com\/wp-content\/uploads\/document-icon.png\" alt=\"Dokument-Symbol\"><a href=\"https:\/\/praxas.com\/wp-content\/uploads\/LogTag_TRIX-8_Brochure.pdf\">LogTag TRIX-8 Brosch\u00fcre<\/a><\/li>\n \t<li><img src=\"https:\/\/praxas.com\/wp-content\/uploads\/document-icon.png\" alt=\"Dokument-Symbol\"><a href=\"https:\/\/praxas.com\/wp-content\/uploads\/General_LogTag_Quick_Start_Guide.pdf\">LogTag TRIX-8 Schnellstartanleitung<\/a><\/li>\n<\/ul>\n\u00a0"],"accessories":["[products skus=\"LTI-HID,PROTECTIVE ENCLOSURE,WMB-1\"]"],"_uag_page_assets":["a:9:{s:3:\"css\";s:0:\"\";s:2:\"js\";s:0:\"\";s:18:\"current_block_list\";a:0:{}s:8:\"uag_flag\";b:0;s:11:\"uag_version\";s:10:\"1775742760\";s:6:\"gfonts\";a:0:{}s:10:\"gfonts_url\";s:0:\"\";s:12:\"gfonts_files\";a:0:{}s:14:\"uag_faq_layout\";b:0;}"],"hubwoo_ecomm_pro_id":["25307430445"],"rank_math_internal_links_processed":["1"],"_max_variation_price":[""],"_max_variation_regular_price":[""],"_max_variation_sale_price":[""],"_min_variation_price":[""],"_min_variation_regular_price":[""],"_min_variation_sale_price":[""],"_sale_price":[""],"_wc_pb_base_regular_price":[""],"_wc_pb_base_sale_price":[""],"_wc_pb_base_price":[""],"_wc_sw_max_price":[""],"_wc_sw_max_regular_price":[""],"_wc_rating_count":[""]},"uagb_featured_image_src":{"full":["https:\/\/praxas.com\/wp-content\/uploads\/TRIX-8-Front.jpg",1200,680,false],"thumbnail":["https:\/\/praxas.com\/wp-content\/uploads\/TRIX-8-Front-150x150.jpg",150,150,true],"medium":["https:\/\/praxas.com\/wp-content\/uploads\/TRIX-8-Front-300x170.jpg",300,170,true],"medium_large":["https:\/\/praxas.com\/wp-content\/uploads\/TRIX-8-Front-768x435.jpg",768,435,true],"large":["https:\/\/praxas.com\/wp-content\/uploads\/TRIX-8-Front-1024x580.jpg",1024,580,true],"1536x1536":["https:\/\/praxas.com\/wp-content\/uploads\/TRIX-8-Front.jpg",1200,680,false],"2048x2048":["https:\/\/praxas.com\/wp-content\/uploads\/TRIX-8-Front.jpg",1200,680,false],"crunchify-admin-post-featured-image":["https:\/\/praxas.com\/wp-content\/uploads\/TRIX-8-Front-120x68.jpg",120,68,true],"commercegurus-pdp-large":["https:\/\/praxas.com\/wp-content\/uploads\/TRIX-8-Front-990x561.jpg",990,561,true],"commercegurus-plp-mobile":["https:\/\/praxas.com\/wp-content\/uploads\/TRIX-8-Front-441x250.jpg",441,250,true],"cgkit_image_swatch":["https:\/\/praxas.com\/wp-content\/uploads\/TRIX-8-Front-100x100.jpg",100,100,true],"woocommerce_thumbnail":["https:\/\/praxas.com\/wp-content\/uploads\/TRIX-8-Front-350x198.jpg",350,198,true],"woocommerce_single":["https:\/\/praxas.com\/wp-content\/uploads\/TRIX-8-Front-800x453.jpg",800,453,true],"woocommerce_gallery_thumbnail":["https:\/\/praxas.com\/wp-content\/uploads\/TRIX-8-Front-150x85.jpg",150,85,true]},"uagb_author_info":{"display_name":"Alex James","author_link":"https:\/\/praxas.com\/de\/author\/"},"uagb_comment_info":0,"uagb_excerpt":"8.000 Messwerte Speicherkapazit\u00e4t -40\u00b0C bis +85\u00b0C 'OK' und 'ALERT' Alarm-Anzeigen Bis zu 3 Jahre Batterielebensdauer Fast Download Schnelle Reaktionszeit","_links":{"self":[{"href":"https:\/\/praxas.com\/de\/wp-json\/wp\/v2\/product\/53341","targetHints":{"allow":["GET"]}}],"collection":[{"href":"https:\/\/praxas.com\/de\/wp-json\/wp\/v2\/product"}],"about":[{"href":"https:\/\/praxas.com\/de\/wp-json\/wp\/v2\/types\/product"}],"wp:featuredmedia":[{"embeddable":true,"href":"https:\/\/praxas.com\/de\/wp-json\/wp\/v2\/media\/53354"}],"wp:attachment":[{"href":"https:\/\/praxas.com\/de\/wp-json\/wp\/v2\/media?parent=53341"}],"wp:term":[{"taxonomy":"product_brand","embeddable":true,"href":"https:\/\/praxas.com\/de\/wp-json\/wp\/v2\/product_brand?post=53341"},{"taxonomy":"product_cat","embeddable":true,"href":"https:\/\/praxas.com\/de\/wp-json\/wp\/v2\/product_cat?post=53341"},{"taxonomy":"product_tag","embeddable":true,"href":"https:\/\/praxas.com\/de\/wp-json\/wp\/v2\/product_tag?post=53341"}],"curies":[{"name":"wp","href":"https:\/\/api.w.org\/{rel}","templated":true}]}}