{"id":57853,"date":"2025-02-24T16:52:37","date_gmt":"2025-02-24T15:52:37","guid":{"rendered":"https:\/\/praxas.com\/product\/unkategorisiert\/el-usb-tpx\/"},"modified":"2025-02-24T16:52:37","modified_gmt":"2025-02-24T15:52:37","slug":"el-usb-tpx","status":"publish","type":"product","link":"https:\/\/praxas.com\/de\/product\/datenlogger\/temperatur-datenlogger\/el-usb-tpx\/","title":{"rendered":"EL-USB-TPX+"},"content":{"rendered":"<p data-start=\"94\" data-end=\"171\"><strong data-start=\"94\" data-end=\"169\">Erzielen Sie eine un\u00fcbertroffene Temperaturgenauigkeit mit dem EL-USB-TPX+ Datenlogger<\/strong><\/p>\n<p data-start=\"173\" data-end=\"487\">Der hochpr\u00e4zise Temperatur-Datenlogger EL-USB-TPX+ sorgt f\u00fcr eine pr\u00e4zise Temperatur\u00fcberwachung und erf\u00fcllt dabei alle Industriestandards. Dieses vielseitige Ger\u00e4t wurde f\u00fcr anspruchsvolle Anwendungen entwickelt, bei denen genaue Temperaturmessungen unerl\u00e4sslich sind, und bietet au\u00dfergew\u00f6hnliche Zuverl\u00e4ssigkeit und Leistung. <\/p>\n<h3 data-start=\"489\" data-end=\"511\"><strong data-start=\"493\" data-end=\"509\">Wesentliche Merkmale<\/strong><\/h3>\n<ul data-start=\"513\" data-end=\"1345\">\n<li data-start=\"513\" data-end=\"654\">\n<p data-start=\"515\" data-end=\"654\"><strong data-start=\"515\" data-end=\"541\">Gro\u00dfer Temperaturbereich<\/strong> &#8211; Misst Temperaturen von -40\u00b0C bis +125\u00b0C und eignet sich damit f\u00fcr industrielle, wissenschaftliche und Laborumgebungen.<\/p>\n<\/li>\n<li data-start=\"656\" data-end=\"787\">\n<p data-start=\"658\" data-end=\"787\"><strong data-start=\"658\" data-end=\"684\">Umfangreiche Datenspeicherung<\/strong> &#8211; Zeichnet \u00fcber 1.000.000 Messwerte auf und bietet so ein umfassendes Protokoll der Temperaturschwankungen im Laufe der Zeit.<\/p>\n<\/li>\n<li data-start=\"789\" data-end=\"907\">\n<p data-start=\"791\" data-end=\"907\"><strong data-start=\"791\" data-end=\"820\">Hochpr\u00e4zise Smart Probe<\/strong> &#8211; Erm\u00f6glicht pr\u00e4zise Temperaturmessungen f\u00fcr kritische Anwendungen und Prozesse.<\/p>\n<\/li>\n<li data-start=\"909\" data-end=\"1046\">\n<p data-start=\"911\" data-end=\"1046\"><strong data-start=\"911\" data-end=\"940\">Hot-Swap-f\u00e4hige Kalibrierung<\/strong> &#8211; Erm\u00f6glicht eine Rekalibrierung vor Ort ohne Ausfallzeiten, so dass Sie das Ger\u00e4t nicht wegschicken m\u00fcssen.<\/p>\n<\/li>\n<li data-start=\"1048\" data-end=\"1185\">\n<p data-start=\"1050\" data-end=\"1185\"><strong data-start=\"1050\" data-end=\"1070\">Onboard-Software<\/strong> &#8211; Erm\u00f6glicht die grafische Darstellung und Konfiguration von Einstellungen direkt auf dem Ger\u00e4t und vereinfacht so die Datenanalyse und -verwaltung.<\/p>\n<\/li>\n<li data-start=\"1187\" data-end=\"1345\">\n<p data-start=\"1189\" data-end=\"1345\"><strong data-start=\"1189\" data-end=\"1217\">Integrierte Alarmsirene<\/strong> &#8211; Verf\u00fcgt \u00fcber einen lokalen akustischen und optischen Alarm, der Sie fr\u00fchzeitig vor Temperaturschwankungen warnt, bevor diese kritisch werden.<\/p>\n<\/li>\n<\/ul>\n<p data-start=\"1347\" data-end=\"1641\">Im Gegensatz zu herk\u00f6mmlichen Loggern vereinfacht der EL-USB-TPX+ die Kalibrierung, da die Sonde ohne Unterbrechung des Betriebs ausgetauscht werden kann, was eine kontinuierliche \u00dcberwachung gew\u00e4hrleistet. Seine konfigurierbaren Alarme, das intuitive Display und die umfangreiche Datenspeicherung von \u00fcber 1.000.000 Messwerten verbessern die Benutzerfreundlichkeit und Effizienz. <\/p>\n<p data-start=\"1643\" data-end=\"1982\">Die Einrichtung des Ger\u00e4ts ist dank der PC- und Mac-Kompatibilit\u00e4t sowie der EasyLog Cloud-Integration f\u00fcr nahtlosen Online-Datenzugriff und -Analyse ganz einfach. Eine wiederaufladbare Batterie mit einer Lebensdauer von bis zu sechs Monaten und eine mitgelieferte Wandhalterung machen diesen Datenlogger zur idealen Wahl f\u00fcr eine ununterbrochene, hochpr\u00e4zise Temperatur\u00fcberwachung. <\/p>\n<h3 data-start=\"1984\" data-end=\"2033\"><strong data-start=\"1988\" data-end=\"2031\">Pr\u00e4zision und Zuverl\u00e4ssigkeit, der Sie vertrauen k\u00f6nnen<\/strong><\/h3>\n<p data-start=\"2035\" data-end=\"2296\">Das EL-USB-TPX+ ist die ideale L\u00f6sung f\u00fcr Profis, die ein H\u00f6chstma\u00df an Genauigkeit und Zuverl\u00e4ssigkeit bei der Temperatur\u00fcberwachung ben\u00f6tigen. Mit seinen hochmodernen Merkmalen und anpassungsf\u00e4higen Funktionen ist es ein unverzichtbares Werkzeug f\u00fcr eine Vielzahl von Anwendungen. <\/p>\n","protected":false},"excerpt":{"rendered":"<ul>\n<li>Temperatur-Datenlogger<\/li>\n<li>-40 bis +125\u00b0C<\/li>\n<li>Hot-Swap-f\u00e4hige Sonde<\/li>\n<li>Speichert \u00fcber 1.000.000 Messwerte<\/li>\n<li>Integrierte Alarmt\u00f6ne<\/li>\n<\/ul>\n","protected":false},"featured_media":46048,"template":"","meta":{"_acf_changed":false,"content-type":"","_uag_custom_page_level_css":""},"product_brand":[],"product_cat":[1010],"product_tag":[2432,3959,2262,1016],"class_list":{"0":"post-57853","1":"product","2":"type-product","3":"status-publish","4":"has-post-thumbnail","6":"product_cat-temperatur-datenlogger","7":"product_tag-easylog","8":"product_tag-intelligente-sonden","9":"product_tag-temperatur","10":"product_tag-usb-de","12":"first","13":"instock","14":"taxable","15":"shipping-taxable","16":"purchasable","17":"product-type-simple"},"bundled_by":[],"bundle_stock_status":"instock","bundle_stock_quantity":null,"bundle_virtual":false,"bundle_layout":"","bundle_add_to_cart_form_location":"","bundle_editable_in_cart":false,"bundle_sold_individually_context":"","bundle_item_grouping":"","bundle_min_size":"","bundle_max_size":"","bundle_price":[],"bundled_items":[],"bundle_sell_ids":[],"acf":[],"spectra_custom_meta":{"hubwoo_ecomm_pro_id":["37317505601"],"_wcml_average_rating":[null],"_wcml_review_count":[null],"_wcml_rating_count":[null],"_backorders":["no"],"_download_limit":["-1"],"_download_expiry":["-1"],"_downloadable":["no"],"_manage_stock":["no"],"_sku":["EL-USB-TPX+"],"_stock_status":["instock"],"_sold_individually":["no"],"_tax_class":[""],"_tax_status":["taxable"],"_virtual":["no"],"_weight":["0.134"],"_width":["6.8"],"_height":["2.3"],"_length":["8"],"total_sales":["0"],"_regular_price":["161"],"_price":["161"],"product_datasheet":[""],"_product_datasheet":["field_650ad7d6ea3a0"],"connectivity":["USB"],"_connectivity":["field_64dce263bb57c"],"brand":["EasyLog"],"_brand":["field_64ddf62ed2593"],"brand_image":[""],"_brand_image":["field_650c5e7c84cae"],"_specifications_table":["field_65044e1db92a8"],"_display_data_alarm":["field_667d647bcb066"],"_resources":["field_650849c6945ee"],"_calibration":["field_66a0ddd599972"],"_accessories":["field_650849e6945f0"],"_faqs":["field_650859523d8d5"],"_calibration_suitable_ids_gb":["field_654b4c4acb54a"],"_calibration_suitable_ids_us":["field_654b4c56cb54b"],"_show_in_calibration_suitable":["field_654cfb691d345"],"_other_features":["field_668524f8c98a4"],"_shipping":["field_66852535c98a5"],"_refrigerant_cabinet":["field_66852557c98a6"],"_main_specifications":["field_66855b25b1245"],"_usd_price_4":["field_651570dcac479"],"_usd_price_9":["field_6515713eb4807"],"_usd_price_24":["field_65157141b4809"],"_usd_price_49":["field_65157140b4808"],"_usd_price_99":["field_6515715bb480a"],"_gbp_price_4":["field_6515716e83bfa"],"_gbp_price_9":["field_6515724783bfb"],"_gbp_price_24":["field_6515724b83bfc"],"_gbp_price_49":["field_6515725983bfd"],"_gbp_price_99":["field_6515725d83bfe"],"_usdhk_price_4":["field_6515726f83bff"],"_usdhk_price_9":["field_6515727c83c00"],"_usdhk_price_24":["field_6515728083c01"],"_usdhk_price_49":["field_6515728983c02"],"_usdhk_price_99":["field_6515728e83c03"],"stock_options":["In stock"],"_stock_options":["field_6544b605dc7f9"],"rank_math_primary_product_cat":["87"],"min_temp":["-40"],"max_temp":["125"],"_min_temp":["field_67ea5eb4e0a77"],"_max_temp":["field_67ea5f81e0a79"],"_top_nav_excluded":[""],"_cms_nav_minihome":[""],"rank_math_title":["%title%%sep% Leistungsstarker Temperaturlogger %sep% %sitename%"],"rank_math_focus_keyword":["Temperatur"],"specifications_table":["<table class=\"specifications\">\n<tbody>\n<tr class=\"even-row\">\n<td class=\"left-td\">Modell<\/td>\n<td>EL-USB-TPX+<\/td>\n<\/tr>\n<tr class=\"odd-row\">\n<td class=\"left-td\">Bestimmungsgem\u00e4\u00dfe Verwendung<\/td>\n<td>Protokollierung von Temperaturdaten und Alarmierung<\/td>\n<\/tr>\n<tr class=\"even-row\">\n<td class=\"left-td\">Temperatur-Messbereich<\/td>\n<td>-40 bis +125\u00b0C (-40 bis +257\u00b0F)<\/td>\n<\/tr>\n<tr class=\"odd-row\">\n<td class=\"left-td\">Temperaturmessgenauigkeit typisch<\/td>\n<td>\u00b10,2\u00b0C (-15 bis +80\u00b0C) \/ \u00b10,4\u00b0F (+5 bis +176\u00b0F)<\/td>\n<\/tr>\n<tr class=\"even-row\">\n<td class=\"left-td\">Temperaturmessgenauigkeit maximal<\/td>\n<td>\u00b10,5\u00b0C (-40 bis +125\u00b0C) \/ \u00b10,9\u00b0F (-40 bis +257\u00b0F)<\/td>\n<\/tr>\n<tr class=\"odd-row\">\n<td class=\"left-td\">Aufl\u00f6sung der Temperaturmessung<\/td>\n<td>0.01\u00b0C (0.02\u00b0F)<\/td>\n<\/tr>\n<tr class=\"even-row\">\n<td class=\"left-td\">Aufl\u00f6sung der Temperaturanzeige<\/td>\n<td>0.01<\/td>\n<\/tr>\n<tr class=\"odd-row\">\n<td class=\"left-td\">Protokollierungszeitraum (vom Benutzer w\u00e4hlbar)<\/td>\n<td>1 Minute bis 24 Stunden<\/td>\n<\/tr>\n<tr class=\"even-row\">\n<td class=\"left-td\">Start-Modi<\/td>\n<td>Sofort, Push-to-Start, verz\u00f6gerter Start, temperaturgesteuert<\/td>\n<\/tr>\n<tr class=\"odd-row\">\n<td class=\"left-td\">Interne Speicherkapazit\u00e4t<\/td>\n<td>\u00dcber 1.000.000 Messwerte<\/td>\n<\/tr>\n<tr class=\"even-row\">\n<td class=\"left-td\">Signalgeber<\/td>\n<td>Integrierter Alarmtongeber<\/td>\n<\/tr>\n<tr class=\"odd-row\">\n<td class=\"left-td\">Betriebsumgebung (Logger)<\/td>\n<td>-20 bis +60\u00b0C, 5 bis 85%RH, 75 bis 106kPa<\/td>\n<\/tr>\n<tr class=\"even-row\">\n<td class=\"left-td\">Transportumgebung<\/td>\n<td>-20 bis +60\u00b0C, 5 bis 85%RH, 75 bis 106kPa<\/td>\n<\/tr>\n<tr class=\"odd-row\">\n<td class=\"left-td\">Schutz vor Eindringlingen<\/td>\n<td>Logger: IP4X, Sonde: IP67<\/td>\n<\/tr>\n<tr class=\"even-row\">\n<td class=\"left-td\">Verschmutzungsgrad der vorgesehenen Einsatzumgebung<\/td>\n<td>2<\/td>\n<\/tr>\n<tr class=\"odd-row\">\n<td class=\"left-td\">Lebensdauer der Batterie<\/td>\n<td>6 Monate<\/td>\n<\/tr>\n<tr class=\"even-row\">\n<td class=\"left-td\">Interner Akku<\/td>\n<td>3,7V, 1750mAh, 6,475Wh, Li-Ion<\/td>\n<\/tr>\n<tr class=\"odd-row\">\n<td class=\"left-td\">USB-Versorgungsspannung<\/td>\n<td>4,5 bis 5,5VDC, 500mA<\/td>\n<\/tr>\n<tr class=\"even-row\">\n<td class=\"left-td\">Abmessungen (Logger)<\/td>\n<td>80 x 68 x 23mm (3,15 x 2,68 x 0,91\")<\/td>\n<\/tr>\n<tr class=\"odd-row\">\n<td class=\"left-td\">Nettogewicht<\/td>\n<td>134g<\/td>\n<\/tr>\n<tr class=\"even-row\">\n<td class=\"left-td\">Empfohlene Schrauben zur Wandbefestigung<\/td>\n<td>4 x 20mm, Senkkopf, Kreuzschlitz, Edelstahl<\/td>\n<\/tr>\n<\/tbody>\n<\/table>"],"resources":["<ul class=\"resources-list\">\n \t<li style=\"list-style-type: none;\">\n<ul class=\"resources-list\">\n \t<li><img src=\"https:\/\/praxas.com\/wp-content\/uploads\/document-icon.png\" alt=\"Dokument-Symbol\"><a href=\"https:\/\/praxas.com\/wp-content\/uploads\/Datasheet_EL-USB-TPX_Iss1_09-2024_White.pdf\">EL-USB-TPX+ Datenblatt<\/a><\/li>\n \t<li><img src=\"https:\/\/praxas.com\/wp-content\/uploads\/document-icon.png\" alt=\"Dokument-Symbol\"><a href=\"https:\/\/praxas.com\/wp-content\/uploads\/help-guide-3-network-requirements-and-settings-12-09-2022_issue-6-5.pdf\">Netzwerkanforderungen und -einstellungen<\/a><\/li>\n \t<li><img src=\"https:\/\/praxas.com\/wp-content\/uploads\/document-icon.png\" alt=\"Dokument-Symbol\"><a href=\"https:\/\/praxas.com\/wp-content\/uploads\/EASYLOG-VERSION-EL-USB-TPXCS-_VFC-311-USB-QSG-v8.pdf\">EL-USB Schnellstartanleitung<\/a><\/li>\n \t<li><img src=\"https:\/\/praxas.com\/wp-content\/uploads\/document-icon.png\" alt=\"Dokument-Symbol\"><a href=\"https:\/\/praxas.com\/wp-content\/uploads\/bs-en-12830-record-of-compliance-issue-1-5.pdf\">BS EN 12830:2021 Nachweis der Konformit\u00e4t<\/a><\/li>\n \t<li><img src=\"https:\/\/praxas.com\/wp-content\/uploads\/document-icon.png\" alt=\"Dokument-Symbol\"><a href=\"https:\/\/praxas.com\/wp-content\/uploads\/Declaration-of-Conformity_EL-USB-TPX_iss1.pdf\">EL-USB-TPX+ Konformit\u00e4tserkl\u00e4rung<\/a><\/li>\n<\/ul>\n<\/li>\n<\/ul>\n<a class=\"button button-secondary\" href=\"http:\/\/praxas.com\/support\/\">Mehr Unterst\u00fctzung<\/a>"],"accessories":["[products skus=\"EL-P-TPX+,EL-WiFi Wall Bracket,PSU-USB-UK\"]"],"rank_math_robots":["a:1:{i:0;s:7:\"noindex\";}"],"_thumbnail_id":["46048"],"_product_attributes":["a:1:{s:16:\"pa_product-brand\";a:6:{s:4:\"name\";s:16:\"pa_product-brand\";s:5:\"value\";s:0:\"\";s:8:\"position\";i:0;s:10:\"is_visible\";i:1;s:12:\"is_variation\";i:0;s:11:\"is_taxonomy\";i:1;}}"],"_last_translation_edit_mode":["translation-editor"],"_wpml_word_count":["454"],"_uag_page_assets":["a:9:{s:3:\"css\";s:0:\"\";s:2:\"js\";s:0:\"\";s:18:\"current_block_list\";a:0:{}s:8:\"uag_flag\";b:0;s:11:\"uag_version\";s:10:\"1775212209\";s:6:\"gfonts\";a:0:{}s:10:\"gfonts_url\";s:0:\"\";s:12:\"gfonts_files\";a:0:{}s:14:\"uag_faq_layout\";b:0;}"],"_max_variation_price":[""],"_max_variation_regular_price":[""],"_max_variation_sale_price":[""],"_min_variation_price":[""],"_min_variation_regular_price":[""],"_min_variation_sale_price":[""],"_sale_price":[""],"_wc_pb_base_regular_price":[""],"_wc_pb_base_sale_price":[""],"_wc_pb_base_price":[""],"_wc_sw_max_price":[""],"_wc_sw_max_regular_price":[""],"_wc_rating_count":[""],"_wc_review_count":[""],"_wc_average_rating":[0]},"uagb_featured_image_src":{"full":["https:\/\/praxas.com\/wp-content\/uploads\/EL-USB-TPX-White-Version-2.jpg",800,463,false],"thumbnail":["https:\/\/praxas.com\/wp-content\/uploads\/EL-USB-TPX-White-Version-2-150x150.jpg",150,150,true],"medium":["https:\/\/praxas.com\/wp-content\/uploads\/EL-USB-TPX-White-Version-2-300x174.jpg",300,174,true],"medium_large":["https:\/\/praxas.com\/wp-content\/uploads\/EL-USB-TPX-White-Version-2-768x444.jpg",768,444,true],"large":["https:\/\/praxas.com\/wp-content\/uploads\/EL-USB-TPX-White-Version-2.jpg",800,463,false],"1536x1536":["https:\/\/praxas.com\/wp-content\/uploads\/EL-USB-TPX-White-Version-2.jpg",800,463,false],"2048x2048":["https:\/\/praxas.com\/wp-content\/uploads\/EL-USB-TPX-White-Version-2.jpg",800,463,false],"crunchify-admin-post-featured-image":["https:\/\/praxas.com\/wp-content\/uploads\/EL-USB-TPX-White-Version-2-120x69.jpg",120,69,true],"commercegurus-pdp-large":["https:\/\/praxas.com\/wp-content\/uploads\/EL-USB-TPX-White-Version-2.jpg",800,463,false],"commercegurus-plp-mobile":["https:\/\/praxas.com\/wp-content\/uploads\/EL-USB-TPX-White-Version-2-441x255.jpg",441,255,true],"cgkit_image_swatch":["https:\/\/praxas.com\/wp-content\/uploads\/EL-USB-TPX-White-Version-2-100x100.jpg",100,100,true],"woocommerce_thumbnail":["https:\/\/praxas.com\/wp-content\/uploads\/EL-USB-TPX-White-Version-2-350x203.jpg",350,203,true],"woocommerce_single":["https:\/\/praxas.com\/wp-content\/uploads\/EL-USB-TPX-White-Version-2.jpg",800,463,false],"woocommerce_gallery_thumbnail":["https:\/\/praxas.com\/wp-content\/uploads\/EL-USB-TPX-White-Version-2-150x87.jpg",150,87,true]},"uagb_author_info":{"display_name":"Alex James","author_link":"https:\/\/praxas.com\/de\/author\/"},"uagb_comment_info":0,"uagb_excerpt":"Temperatur-Datenlogger -40 bis +125\u00b0C Hot-Swap-f\u00e4hige Sonde Speichert \u00fcber 1.000.000 Messwerte Integrierte Alarmt\u00f6ne","_links":{"self":[{"href":"https:\/\/praxas.com\/de\/wp-json\/wp\/v2\/product\/57853","targetHints":{"allow":["GET"]}}],"collection":[{"href":"https:\/\/praxas.com\/de\/wp-json\/wp\/v2\/product"}],"about":[{"href":"https:\/\/praxas.com\/de\/wp-json\/wp\/v2\/types\/product"}],"wp:featuredmedia":[{"embeddable":true,"href":"https:\/\/praxas.com\/de\/wp-json\/wp\/v2\/media\/46048"}],"wp:attachment":[{"href":"https:\/\/praxas.com\/de\/wp-json\/wp\/v2\/media?parent=57853"}],"wp:term":[{"taxonomy":"product_brand","embeddable":true,"href":"https:\/\/praxas.com\/de\/wp-json\/wp\/v2\/product_brand?post=57853"},{"taxonomy":"product_cat","embeddable":true,"href":"https:\/\/praxas.com\/de\/wp-json\/wp\/v2\/product_cat?post=57853"},{"taxonomy":"product_tag","embeddable":true,"href":"https:\/\/praxas.com\/de\/wp-json\/wp\/v2\/product_tag?post=57853"}],"curies":[{"name":"wp","href":"https:\/\/api.w.org\/{rel}","templated":true}]}}