{"id":58092,"date":"2026-02-18T11:50:48","date_gmt":"2026-02-18T10:50:48","guid":{"rendered":"https:\/\/praxas.com\/product\/unkategorisiert\/trel30-16u-niedrigtemperatur-logger\/"},"modified":"2026-02-25T11:16:13","modified_gmt":"2026-02-25T10:16:13","slug":"trel30-16u-niedrigtemperatur-logger","status":"publish","type":"product","link":"https:\/\/praxas.com\/de\/product\/datenlogger\/temperatur-datenlogger\/trel30-16u-niedrigtemperatur-logger\/","title":{"rendered":"TREL30-16U Ultra-Niedrigtemperatur-Logger"},"content":{"rendered":"<p data-start=\"156\" data-end=\"467\">Der TREL30-16U ist die n\u00e4chste Generation der Tiefsttemperatur\u00fcberwachung und wurde speziell f\u00fcr die anspruchsvollsten kalten Umgebungen entwickelt. Er wurde entwickelt, um pr\u00e4zise und zuverl\u00e4ssige Messungen bis zu <strong data-start=\"358\" data-end=\"368\">-90 \u00b0C<\/strong> zu liefern und eignet sich ideal f\u00fcr die \u00dcberwachung empfindlicher Proben, die Lagerung im Labor und die Trockeneislogistik. <\/p>\n<p data-start=\"469\" data-end=\"738\">Der TREL30-16U wurde f\u00fcr die zuverl\u00e4ssige Aufbewahrung von biologischen Proben und pharmazeutischen K\u00fchlketten entwickelt, bei denen Trockeneis unverzichtbar ist, und ist auch bei extremer K\u00e4lte zuverl\u00e4ssig. Seine robuste Leistung gew\u00e4hrleistet die Datenintegrit\u00e4t auch unter den h\u00e4rtesten Bedingungen bei extrem niedrigen Temperaturen. <\/p>\n<p data-start=\"740\" data-end=\"1030\">Zur Verbesserung der Benutzerfreundlichkeit bietet der TREL30-16U <strong data-start=\"785\" data-end=\"847\">softwarefreie Datendownloads \u00fcber eine moderne USB-C-Verbindung<\/strong> und kombiniert bew\u00e4hrte Zuverl\u00e4ssigkeit mit m\u00fchelosem, zeitsparendem Komfort. Mit seiner intuitiven Bedienung und verbesserten Benutzerfreundlichkeit setzt er einen neuen Standard bei der \u00dcberwachung von Tiefsttemperaturen. <\/p>\n","protected":false},"excerpt":{"rendered":"<ul>\n<li>-90\u00b0C bis +40\u00b0C<\/li>\n<li>USB-C Verbindung<\/li>\n<li>17.500+ Sets mit Aufnahmen<\/li>\n<li>Eingebauter akustischer Alarm<\/li>\n<li>Auto-Pause-Funktion<\/li>\n<\/ul>\n","protected":false},"featured_media":58093,"template":"","meta":{"_acf_changed":false,"content-type":"","_uag_custom_page_level_css":""},"product_brand":[],"product_cat":[1075,1010],"product_tag":[2513,2262],"class_list":{"0":"post-58092","1":"product","2":"type-product","3":"status-publish","4":"has-post-thumbnail","6":"product_cat-datenlogger","7":"product_cat-temperatur-datenlogger","8":"product_tag-logtag-de","9":"product_tag-temperatur","11":"first","12":"instock","13":"taxable","14":"shipping-taxable","15":"purchasable","16":"product-type-variable"},"bundled_by":[],"bundle_stock_status":"instock","bundle_stock_quantity":null,"bundle_virtual":false,"bundle_layout":"","bundle_add_to_cart_form_location":"","bundle_editable_in_cart":false,"bundle_sold_individually_context":"","bundle_item_grouping":"","bundle_min_size":"","bundle_max_size":"","bundle_price":[],"bundled_items":[],"bundle_sell_ids":[],"acf":[],"spectra_custom_meta":{"hubwoo_ecomm_pro_id":["41512230786"],"_wcml_average_rating":[null],"_wcml_review_count":[null],"_wcml_rating_count":[null],"_backorders":["no"],"_download_limit":["-1"],"_download_expiry":["-1"],"_downloadable":["no"],"_manage_stock":["no"],"_sku":["TREL30-16U"],"_stock_status":["instock"],"_sold_individually":["no"],"_tax_class":[""],"_tax_status":["taxable"],"_virtual":["no"],"_weight":["0.043"],"total_sales":["0"],"_price":["91.90","126.90"],"connectivity":["USB-C"],"_connectivity":["field_64dce263bb57c"],"brand":["LogTag"],"_brand":["field_64ddf62ed2593"],"brand_image":[""],"_brand_image":["field_650c5e7c84cae"],"_specifications_table":["field_65044e1db92a8"],"_display_data_alarm":["field_667d647bcb066"],"_resources":["field_650849c6945ee"],"_calibration":["field_66a0ddd599972"],"_accessories":["field_650849e6945f0"],"_faqs":["field_650859523d8d5"],"_other_features":["field_686fa2aa98dce"],"_refrigerant_cabinet":["field_66852557c98a6"],"_main_specifications":["field_66855b25b1245"],"stock_options":["In stock"],"_stock_options":["field_6544b605dc7f9"],"min_temp":["-90"],"max_temp":["40"],"_min_temp":["field_67ea5eb4e0a77"],"_max_temp":["field_67ea5f81e0a79"],"_top_nav_excluded":[""],"_cms_nav_minihome":[""],"_thumbnail_id":["58093"],"_product_attributes":["a:1:{s:22:\"pa_logtag-probe-choice\";a:6:{s:4:\"name\";s:22:\"pa_logtag-probe-choice\";s:5:\"value\";s:0:\"\";s:8:\"position\";i:0;s:10:\"is_visible\";i:1;s:12:\"is_variation\";i:1;s:11:\"is_taxonomy\";i:1;}}"],"_last_translation_edit_mode":["translation-editor"],"_wpml_word_count":["209"],"_product_image_gallery":["58094,58095,58096"],"specifications_table":["<table class=\"specifications\">\n<tbody>\n<tr>\n<td class=\"left-td\">Produkt Modell<\/td>\n<td>TREL30-16U (Auswechselbare Batterie)<\/td>\n<\/tr>\n<tr>\n<td class=\"left-td\">Sensor Typ<\/td>\n<td>Externer Temperatursensor<\/td>\n<\/tr>\n<tr>\n<td class=\"left-td\">Sensor Messbereich<\/td>\n<td>-90 \u00b0C bis +40 \u00b0C (-130 \u00b0F bis +104 \u00b0F)<\/td>\n<\/tr>\n<tr>\n<td class=\"left-td\">Betriebstemperaturbereich<\/td>\n<td>-30 \u00b0C bis +60 \u00b0C (-22 \u00b0F bis +140 \u00b0F)<\/td>\n<\/tr>\n<tr>\n<td class=\"left-td\">Temperaturbereich bei Lagerung<\/td>\n<td>-10 \u00b0C bis +40 \u00b0C (14 \u00b0F bis +104 \u00b0F)<\/td>\n<\/tr>\n<tr>\n<td class=\"left-td\">Nenntemperatur Ablesegenauigkeit<\/td>\n<td>Besser als \u00b10.5 \u00b0C f\u00fcr -20 \u00b0C bis +10 \u00b0C (-4 \u00b0F bis +50 \u00b0F)\nBesser als \u00b10.7 \u00b0C f\u00fcr -50 \u00b0C bis -20 \u00b0C (-58 \u00b0F bis -4 \u00b0F)\nBesser als \u00b10.7 \u00b0C f\u00fcr +10 \u00b0C bis +30 \u00b0C (+50 \u00b0F bis +86 \u00b0F)\nBesser als \u00b11.0 \u00b0C f\u00fcr -80 \u00b0C bis -50 \u00b0C (-112 \u00b0F bis -58 \u00b0F)\nBesser als \u00b11,0 \u00b0C f\u00fcr +30 \u00b0C bis +40 \u00b0C (+86 \u00b0F bis +104 \u00b0F)\nBesser als \u00b11,8 \u00b0C f\u00fcr -90 \u00b0C bis -80 \u00b0C (-130 \u00b0F bis -112 \u00b0F)\nDie tats\u00e4chliche Leistung ist in der Regel viel besser als die Nennwerte.<\/td>\n<\/tr>\n<tr>\n<td class=\"left-td\">Aufl\u00f6sung der Nenntemperaturanzeige<\/td>\n<td>0.1 \u00b0C (0.2 \u00b0F) f\u00fcr -80 \u00b0C bis +10 \u00b0C (-112 \u00b0F bis +50 \u00b0F)\n0.2 \u00b0C (0.4 \u00b0F) f\u00fcr -90 \u00b0C bis -80 \u00b0C (-130 \u00b0F bis -112 \u00b0F)\n0.2 \u00b0C (0.4 \u00b0F) f\u00fcr +10 \u00b0C bis +20 \u00b0C (+50 \u00b0F bis +68 \u00b0F)\n0.3 \u00b0C (0.5 \u00b0F) f\u00fcr +20 \u00b0C bis +30 \u00b0C (+68 \u00b0F bis +86 \u00b0F)\n0.5 \u00b0C (0.9 \u00b0F) f\u00fcr +30 \u00b0C bis +40 \u00b0C (+86 \u00b0F bis +104 \u00b0F)\nLogTag Analyzer\u00ae zeigt mit einer Dezimalstelle an. Die urspr\u00fcngliche Aufl\u00f6sung ist im LogTag\u00ae gespeichert. <\/td>\n<\/tr>\n<tr>\n<td class=\"left-td\">Aufzeichnungskapazit\u00e4t<\/td>\n<td>17.526 Temperaturmesswerte\n60 Tage @ 5 Minuten Aufzeichnung\nTages\u00fcbersichtsstatistik (LCD): bis zu 30 Tage Max\/Min\/Dauer und Alarmstatistik<\/td>\n<\/tr>\n<tr>\n<td class=\"left-td\">Abtastintervall<\/td>\n<td>Konfigurierbar von 30 Sekunden bis 18 Stunden<\/td>\n<\/tr>\n<tr>\n<td class=\"left-td\">Startoptionen f\u00fcr die Protokollierung<\/td>\n<td>Start per Knopfdruck oder \u00fcber ein bestimmtes Datum und eine bestimmte Uhrzeit. Optionale Startverz\u00f6gerung von bis zu 18 Stunden <\/td>\n<\/tr>\n<tr>\n<td class=\"left-td\">Aufnahme-Anzeige<\/td>\n<td>Statusanzeige \"REC\"<\/td>\n<\/tr>\n<tr>\n<td class=\"left-td\">Download-Zeit<\/td>\n<td>In der Regel weniger als 10 Sekunden f\u00fcr den vollen Speicher (17.526 Messwerte) bei USB-Verbindung<\/td>\n<\/tr>\n<tr>\n<td class=\"left-td\">Umgebungsbedingungen<\/td>\n<td>IP61 (wenn vertikal montiert oder aufgeh\u00e4ngt)<\/td>\n<\/tr>\n<tr>\n<td class=\"left-td\">Stromquelle<\/td>\n<td>3V CR2032 <sub>LiMnO2-Knopfzelle<\/sub>, vom Benutzer austauschbar<\/td>\n<\/tr>\n<tr>\n<td class=\"left-td\">Lebensdauer der Batterie<\/td>\n<td>1 Jahr Lagerung, gefolgt von 1 Jahr Betrieb bei normaler Nutzung\n(6 Minuten Protokollierung, einmal t\u00e4gliche \u00dcberpr\u00fcfung des Displays, monatliche Daten-Downloads)\n<strong>Hinweis:<\/strong> Die kontinuierliche Aktivierung des akustischen Alarms verk\u00fcrzt die Batterielebensdauer.<\/td>\n<\/tr>\n<tr>\n<td class=\"left-td\">Echtzeituhr<\/td>\n<td>Eingebaute Echtzeituhr\nNenngenauigkeit \u00b125ppm @ 25 \u00b0C (\u22482,5 Sekunden\/Tag)\nTemperaturkoeffizient: -0,034 \u00b10,006ppm\/\u00b0C<\/td>\n<\/tr>\n<tr>\n<td class=\"left-td\">Standardl\u00e4ngen der externen Sondenkabel<\/td>\n<td>Standard: 1,5m (4'11\")\nVerl\u00e4ngert: 3m (9'10\") (empfohlenes Maximum)<\/td>\n<\/tr>\n<tr>\n<td class=\"left-td\">Fernbedienungssensor Kabeltyp<\/td>\n<td>PTFE (FDA-konform f\u00fcr Lebensmittelkontakt), koaxial<\/td>\n<\/tr>\n<tr>\n<td class=\"left-td\">Anschluss Schnittstelle<\/td>\n<td>USB-C-Stecker aus Metall<\/td>\n<\/tr>\n<tr>\n<td class=\"left-td\">Gr\u00f6\u00dfe<\/td>\n<td>93mm (H) x 54,5mm (B) x 8,6mm (T)<\/td>\n<\/tr>\n<tr>\n<td class=\"left-td\">Gewicht<\/td>\n<td>43g (ohne externe Sonde)<\/td>\n<\/tr>\n<tr>\n<td class=\"left-td\">Material Geh\u00e4use<\/td>\n<td>Polycarbonat<\/td>\n<\/tr>\n<\/tbody>\n<\/table>"],"resources":["<ul class=\"resources-list\">\n \t<li style=\"list-style-type: none;\">\n<ul class=\"resources-list\">\n \t<li><img src=\"https:\/\/praxas.com\/wp-content\/uploads\/document-icon.png\" alt=\"Dokument-Symbol\"><a href=\"https:\/\/praxas.com\/wp-content\/uploads\/TREL30-16U-Brochure.pdf\">LogTag TREL30-16U Brosch\u00fcre<\/a><\/li>\n \t<li><img src=\"https:\/\/praxas.com\/wp-content\/uploads\/document-icon.png\" alt=\"Dokument-Symbol\"><a href=\"https:\/\/praxas.com\/wp-content\/uploads\/TREL30-16U-QuickStartGuide.pdf\">LogTag TREL30-16U Schnellstartanleitung<\/a><\/li>\n \t<li><img src=\"https:\/\/praxas.com\/wp-content\/uploads\/document-icon.png\" alt=\"Dokument-Symbol\"><a href=\"https:\/\/praxas.com\/wp-content\/uploads\/Primer-Guide-TREL30-16U.pdf\">LogTag TREL30-16U Primer Anleitung<\/a><\/li>\n<\/ul>\n<\/li>\n<\/ul>\n\u00a0"],"accessories":["[products skus=\"LTI-HID,Buffer Bottle,WMB-1\"]"],"_uag_page_assets":["a:9:{s:3:\"css\";s:0:\"\";s:2:\"js\";s:0:\"\";s:18:\"current_block_list\";a:0:{}s:8:\"uag_flag\";b:0;s:11:\"uag_version\";s:10:\"1775742760\";s:6:\"gfonts\";a:0:{}s:10:\"gfonts_url\";s:0:\"\";s:12:\"gfonts_files\";a:0:{}s:14:\"uag_faq_layout\";b:0;}"],"rank_math_internal_links_processed":["1"],"_max_variation_price":[""],"_max_variation_regular_price":[""],"_max_variation_sale_price":[""],"_min_variation_price":[""],"_min_variation_regular_price":[""],"_min_variation_sale_price":[""],"_regular_price":[""],"_sale_price":[""],"_wc_pb_base_regular_price":[""],"_wc_pb_base_sale_price":[""],"_wc_pb_base_price":[""],"_wc_sw_max_price":[""],"_wc_sw_max_regular_price":[""],"_wc_rating_count":[""],"_wc_review_count":[""],"_wc_average_rating":[0]},"uagb_featured_image_src":{"full":["https:\/\/praxas.com\/wp-content\/uploads\/TREL30-16U_NS_Web.jpg",1200,680,false],"thumbnail":["https:\/\/praxas.com\/wp-content\/uploads\/TREL30-16U_NS_Web-150x150.jpg",150,150,true],"medium":["https:\/\/praxas.com\/wp-content\/uploads\/TREL30-16U_NS_Web-300x170.jpg",300,170,true],"medium_large":["https:\/\/praxas.com\/wp-content\/uploads\/TREL30-16U_NS_Web-768x435.jpg",768,435,true],"large":["https:\/\/praxas.com\/wp-content\/uploads\/TREL30-16U_NS_Web-1024x580.jpg",1024,580,true],"1536x1536":["https:\/\/praxas.com\/wp-content\/uploads\/TREL30-16U_NS_Web.jpg",1200,680,false],"2048x2048":["https:\/\/praxas.com\/wp-content\/uploads\/TREL30-16U_NS_Web.jpg",1200,680,false],"crunchify-admin-post-featured-image":["https:\/\/praxas.com\/wp-content\/uploads\/TREL30-16U_NS_Web-120x68.jpg",120,68,true],"commercegurus-pdp-large":["https:\/\/praxas.com\/wp-content\/uploads\/TREL30-16U_NS_Web-990x561.jpg",990,561,true],"commercegurus-plp-mobile":["https:\/\/praxas.com\/wp-content\/uploads\/TREL30-16U_NS_Web-441x250.jpg",441,250,true],"cgkit_image_swatch":["https:\/\/praxas.com\/wp-content\/uploads\/TREL30-16U_NS_Web-100x100.jpg",100,100,true],"woocommerce_thumbnail":["https:\/\/praxas.com\/wp-content\/uploads\/TREL30-16U_NS_Web-350x198.jpg",350,198,true],"woocommerce_single":["https:\/\/praxas.com\/wp-content\/uploads\/TREL30-16U_NS_Web-800x453.jpg",800,453,true],"woocommerce_gallery_thumbnail":["https:\/\/praxas.com\/wp-content\/uploads\/TREL30-16U_NS_Web-150x85.jpg",150,85,true]},"uagb_author_info":{"display_name":"Alex James","author_link":"https:\/\/praxas.com\/de\/author\/"},"uagb_comment_info":0,"uagb_excerpt":"-90\u00b0C bis +40\u00b0C USB-C Verbindung 17.500+ Sets mit Aufnahmen Eingebauter akustischer Alarm Auto-Pause-Funktion","_links":{"self":[{"href":"https:\/\/praxas.com\/de\/wp-json\/wp\/v2\/product\/58092","targetHints":{"allow":["GET"]}}],"collection":[{"href":"https:\/\/praxas.com\/de\/wp-json\/wp\/v2\/product"}],"about":[{"href":"https:\/\/praxas.com\/de\/wp-json\/wp\/v2\/types\/product"}],"wp:featuredmedia":[{"embeddable":true,"href":"https:\/\/praxas.com\/de\/wp-json\/wp\/v2\/media\/58093"}],"wp:attachment":[{"href":"https:\/\/praxas.com\/de\/wp-json\/wp\/v2\/media?parent=58092"}],"wp:term":[{"taxonomy":"product_brand","embeddable":true,"href":"https:\/\/praxas.com\/de\/wp-json\/wp\/v2\/product_brand?post=58092"},{"taxonomy":"product_cat","embeddable":true,"href":"https:\/\/praxas.com\/de\/wp-json\/wp\/v2\/product_cat?post=58092"},{"taxonomy":"product_tag","embeddable":true,"href":"https:\/\/praxas.com\/de\/wp-json\/wp\/v2\/product_tag?post=58092"}],"curies":[{"name":"wp","href":"https:\/\/api.w.org\/{rel}","templated":true}]}}