{"id":58252,"date":"2026-03-31T11:48:38","date_gmt":"2026-03-31T09:48:38","guid":{"rendered":"https:\/\/praxas.com\/product\/unkategorisiert\/l3-usb-pdf-temperatur-logger\/"},"modified":"2026-04-01T17:10:52","modified_gmt":"2026-04-01T15:10:52","slug":"l3-usb-pdf-temperatur-logger","status":"publish","type":"product","link":"https:\/\/praxas.com\/de\/product\/datenlogger\/kuhlketten-logistik\/l3-usb-pdf-temperatur-logger\/","title":{"rendered":"L3 USB PDF Temperatur-Logger"},"content":{"rendered":"<p>Der <strong>LogTag\u00ae L3<\/strong> ist ein kompakter Einweg-Temperaturschreiber, der speziell f\u00fcr die <strong>K\u00fchlketten\u00fcberwachung<\/strong> in der Lebensmittel-, Pharma- und Life-Science-Logistik entwickelt wurde. Der L3 wurde f\u00fcr die Zuverl\u00e4ssigkeit vom Versand bis zur Auslieferung entwickelt und bietet eine pr\u00e4zise Temperatur\u00fcberwachung, um die Produktintegrit\u00e4t in der gesamten K\u00fchlkette sicherzustellen. <\/p>\n<div>\n<p>Der LogTag L3 ist mit einem <strong>integrierten USB-Anschluss<\/strong> ausgestattet und generiert automatisch einen <strong>mehrsprachigen PDF-Bericht; <\/strong>eine spezielle Software ist nicht erforderlich*. Dies macht die Erstellung von Berichten \u00fcber die Einhaltung von Vorschriften schnell, m\u00fchelos und universell an jedem Punkt der Lieferkette zug\u00e4nglich. <\/p>\n<p>Mit einer Betriebsdauer von bis zu <strong>6 Monaten<\/strong> und einem erweiterten <strong>Messbereich von -30 \u00b0C bis +70 \u00b0C<\/strong> bietet der L3 eine kontinuierliche, genaue \u00dcberwachung von gek\u00fchlten, gefrorenen oder umgebungsempfindlichen Waren. Mit <strong>voreingestellten Industriestandard-Konfigurationseinstellungen<\/strong> und <strong>vorkonfigurierten Alarmschwellen<\/strong> ist das Ger\u00e4t sofort einsatzbereit. Klare <strong>gr\u00fcne &#8222;OK&#8220;-<\/strong> und <strong>rote &#8222;Fail&#8220;-LED-Anzeigen<\/strong> bieten eine sofortige visuelle Best\u00e4tigung von Temperaturverletzungen.  <\/p>\n<p>Der LogTag L3 verf\u00fcgt \u00fcber einen <strong>Speicher mit 16.000 Protokollen<\/strong> und gew\u00e4hrleistet so eine robuste Datenerfassung selbst f\u00fcr die l\u00e4ngsten Transportwege.<\/p>\n<\/div>\n<p>&nbsp;<\/p>\n<p>*LogTag bietet mit <strong><a href=\"https:\/\/logtagrecorders.com\/software\/logtag-analyzer\/\" target=\"_blank\" rel=\"noopener\">LogTag\u00ae Analyzer<\/a> <\/strong>eine kostenlose Zusatzsoftware. Sie bietet eine einfach zu bedienende, leistungsstarke Plattform zum Konfigurieren, Herunterladen und Anzeigen von Daten von jedem LogTag Datenlogger. <\/p>\n","protected":false},"excerpt":{"rendered":"<ul>\n<li data-section-id=\"1616lch\" data-start=\"21\" data-end=\"41\">-30 \u00b0C bis +70 \u00b0C<\/li>\n<li data-section-id=\"dqrch8\" data-start=\"42\" data-end=\"66\">USB-Auto-PDF-Berichte<\/li>\n<li data-section-id=\"td831m\" data-start=\"67\" data-end=\"92\">16,129 Lesespeicher<\/li>\n<li data-section-id=\"18z36rj\" data-start=\"93\" data-end=\"118\">OK \/ ALERT-Anzeigen<\/li>\n<li data-section-id=\"80gnr8\" data-start=\"119\" data-end=\"139\" data-is-last-node=\"\">Robustes IP67-Design<\/li>\n<\/ul>\n","protected":false},"featured_media":58253,"template":"","meta":{"_acf_changed":false,"content-type":"","_uag_custom_page_level_css":""},"product_brand":[],"product_cat":[1074],"product_tag":[],"class_list":{"0":"post-58252","1":"product","2":"type-product","3":"status-publish","4":"has-post-thumbnail","6":"product_cat-kuhlketten-logistik","8":"first","9":"instock","10":"taxable","11":"shipping-taxable","12":"purchasable","13":"product-type-simple"},"bundled_by":[],"bundle_stock_status":"instock","bundle_stock_quantity":null,"bundle_virtual":false,"bundle_layout":"","bundle_add_to_cart_form_location":"","bundle_editable_in_cart":false,"bundle_sold_individually_context":"","bundle_item_grouping":"","bundle_min_size":"","bundle_max_size":"","bundle_price":[],"bundled_items":[],"bundle_sell_ids":[],"acf":[],"spectra_custom_meta":{"hubwoo_ecomm_pro_id":["43396713808"],"_wcml_average_rating":[null],"_wcml_review_count":[null],"_wcml_rating_count":[null],"_backorders":["no"],"_download_limit":["-1"],"_download_expiry":["-1"],"_downloadable":["no"],"_manage_stock":["no"],"_sku":["L3"],"_stock_status":["instock"],"_sold_individually":["no"],"_tax_class":[""],"_tax_status":["taxable"],"_virtual":["no"],"_weight":["0.031"],"total_sales":["0"],"_regular_price":["16.28"],"_price":["16.28"],"connectivity":["USB"],"_connectivity":["field_64dce263bb57c"],"brand":["LogTag"],"_brand":["field_64ddf62ed2593"],"brand_image":[""],"_brand_image":["field_650c5e7c84cae"],"_specifications_table":["field_65044e1db92a8"],"_display_data_alarm":["field_667d647bcb066"],"_resources":["field_650849c6945ee"],"_calibration":["field_66a0ddd599972"],"_accessories":["field_650849e6945f0"],"_faqs":["field_650859523d8d5"],"_other_features":["field_686fa2aa98dce"],"_refrigerant_cabinet":["field_66852557c98a6"],"_main_specifications":["field_66855b25b1245"],"stock_options":["In stock"],"_stock_options":["field_6544b605dc7f9"],"rank_math_primary_product_cat":["101"],"min_temp":["-30"],"max_temp":["70"],"_min_temp":["field_67ea5eb4e0a77"],"_max_temp":["field_67ea5f81e0a79"],"_top_nav_excluded":[""],"_cms_nav_minihome":[""],"_product_image_gallery":[""],"_thumbnail_id":["58253"],"_last_translation_edit_mode":["translation-editor"],"_wpml_word_count":["296"],"rank_math_description":["Der L3 ist ein kompakter Einweg-Temperaturschreiber speziell f\u00fcr die \u00dcberwachung der K\u00fchlkette in der Lebensmittel-, Pharma- und Life-Science-Logistik."],"specifications_table":["<table class=\"specifications\">\n<tbody>\n<tr>\n<td class=\"left-td\">Produkt Modell<\/td>\n<td>L3<\/td>\n<\/tr>\n<tr>\n<td class=\"left-td\">Sensor Messbereich<\/td>\n<td>-30 \u00b0C bis +70 \u00b0C (-22 \u00b0F bis +158 \u00b0F)<\/td>\n<\/tr>\n<tr>\n<td class=\"left-td\">Betriebstemperaturbereich<\/td>\n<td>-30 \u00b0C bis +70 \u00b0C (-22 \u00b0F bis +158 \u00b0F)<\/td>\n<\/tr>\n<tr>\n<td class=\"left-td\">Temperaturbereich bei Lagerung<\/td>\n<td>0 \u00b0C bis +40 \u00b0C (32 \u00b0F bis +104 \u00b0F)<\/td>\n<\/tr>\n<tr>\n<td class=\"left-td\">Genauigkeit der Nenntemperaturanzeige<\/td>\n<td>Besser als \u00b10,5 \u00b0C (\u00b10,9 \u00b0F) f\u00fcr -5 \u00b0C bis +30 \u00b0C (23 \u00b0F bis +86 \u00b0F).\nBesser als \u00b10,8 \u00b0C f\u00fcr andere Bereiche des Nennbereichs.\nDie tats\u00e4chliche Leistung ist in der Regel viel besser als die Nennwerte.\nDie Genauigkeitsangaben k\u00f6nnen durch Nachkalibrierung verbessert werden.<\/td>\n<\/tr>\n<tr>\n<td class=\"left-td\">Nennaufl\u00f6sung der Temperaturmessung<\/td>\n<td>Besser als 0,1 \u00b0C oder 0,1 \u00b0F.\nDie native Aufl\u00f6sung ist die, die im LogTag\u00ae L3 gespeichert ist.<\/td>\n<\/tr>\n<tr>\n<td class=\"left-td\">Aufzeichnungskapazit\u00e4t<\/td>\n<td>16.129 Temperaturmesswerte.\n112 Tage bei 10 Minuten Aufzeichnung, 168 Tage bei 15 Minuten Aufzeichnung.<\/td>\n<\/tr>\n<tr>\n<td class=\"left-td\">Aufzeichnungsintervall<\/td>\n<td>Voreingestelltes Aufzeichnungsintervall von 30 Sekunden bis 18 Stunden (typischerweise 5 Minuten Aufzeichnung).<\/td>\n<\/tr>\n<tr>\n<td class=\"left-td\">Startoptionen f\u00fcr die Protokollierung<\/td>\n<td>Start per Knopfdruck. Optionale Startverz\u00f6gerung (1 Minute bis 72 Stunden) je nach voreingestellter Konfiguration. <\/td>\n<\/tr>\n<tr>\n<td class=\"left-td\">Aufnahme-Anzeige<\/td>\n<td>Blinkende 'OK'-Anzeige \/ blinkende 'ALERT'-Anzeige<\/td>\n<\/tr>\n<tr>\n<td class=\"left-td\">Download-Zeit<\/td>\n<td>Normalerweise weniger als 30 Sekunden f\u00fcr den vollen Speicher (16.129 Messwerte) vom Einf\u00fcgen bis zur Verf\u00fcgbarkeit der PDF-Datei.<\/td>\n<\/tr>\n<tr>\n<td class=\"left-td\">Umgebung<\/td>\n<td>IEC 60529: IP67 bei intaktem Kunststoff<\/td>\n<\/tr>\n<tr>\n<td class=\"left-td\">Stromquelle<\/td>\n<td>CR2032 <sub>LiMnO2-Batterie<\/sub> (fest eingebaut)<\/td>\n<\/tr>\n<tr>\n<td class=\"left-td\">Lebensdauer der Batterie<\/td>\n<td>2 Jahre Lagerung, gefolgt von 6 Monaten normaler Nutzung (basierend auf 6 Minuten Protokollierung, monatliche Downloads).<\/td>\n<\/tr>\n<tr>\n<td class=\"left-td\">Echtzeituhr<\/td>\n<td>Eingebaute Echtzeituhr.\nNenngenauigkeit \u00b125ppm @ 25 \u00b0C (\u22482.5 Sekunden\/Tag).\nTemperaturkoeffizient: -0.034 \u00b10.006ppm\/\u00b0C (\u2248\u00b10.00294 Sekunden\/Tag\/\u00b0C).<\/td>\n<\/tr>\n<tr>\n<td class=\"left-td\">Anschluss Schnittstelle<\/td>\n<td>USB 2.0, A-Stecker<\/td>\n<\/tr>\n<tr>\n<td class=\"left-td\">Gr\u00f6\u00dfe<\/td>\n<td>93mm (H) x 54,5mm (B) x 8,6mm (T)<\/td>\n<\/tr>\n<tr>\n<td class=\"left-td\">Gewicht<\/td>\n<td>31g<\/td>\n<\/tr>\n<tr>\n<td class=\"left-td\">Material Geh\u00e4use<\/td>\n<td>LDPE \/ ABS<\/td>\n<\/tr>\n<\/tbody>\n<\/table>"],"resources":["<ul class=\"resources-list\">\n \t<li style=\"list-style-type: none;\">\n<ul class=\"resources-list\">\n \t<li><img src=\"https:\/\/praxas.com\/wp-content\/uploads\/document-icon.png\" alt=\"Dokument-Symbol\"><a href=\"https:\/\/praxas.com\/wp-content\/uploads\/LogTag-L3-Brochure.pdf\">LogTag L3 Brosch\u00fcre<\/a><\/li>\n \t<li><img src=\"https:\/\/praxas.com\/wp-content\/uploads\/document-icon.png\" alt=\"Dokument-Symbol\"><a href=\"https:\/\/praxas.com\/wp-content\/uploads\/LogTag-L3-4-how-to-steps.pdf\">LogTag L3 Gebrauchsanweisung Schritte<\/a><\/li>\n<\/ul>\n<\/li>\n<\/ul>"],"rank_math_internal_links_processed":["1"],"_uag_page_assets":["a:9:{s:3:\"css\";s:0:\"\";s:2:\"js\";s:0:\"\";s:18:\"current_block_list\";a:0:{}s:8:\"uag_flag\";b:0;s:11:\"uag_version\";s:10:\"1777651425\";s:6:\"gfonts\";a:0:{}s:10:\"gfonts_url\";s:0:\"\";s:12:\"gfonts_files\";a:0:{}s:14:\"uag_faq_layout\";b:0;}"],"_max_variation_price":[""],"_max_variation_regular_price":[""],"_max_variation_sale_price":[""],"_min_variation_price":[""],"_min_variation_regular_price":[""],"_min_variation_sale_price":[""],"_sale_price":[""],"_wc_pb_base_regular_price":[""],"_wc_pb_base_sale_price":[""],"_wc_pb_base_price":[""],"_wc_sw_max_price":[""],"_wc_sw_max_regular_price":[""],"_wc_rating_count":[""],"_wc_review_count":[""],"_wc_average_rating":[0]},"uagb_featured_image_src":{"full":["https:\/\/praxas.com\/wp-content\/uploads\/L3-Product-Image.jpg",800,463,false],"thumbnail":["https:\/\/praxas.com\/wp-content\/uploads\/L3-Product-Image-150x150.jpg",150,150,true],"medium":["https:\/\/praxas.com\/wp-content\/uploads\/L3-Product-Image-300x174.jpg",300,174,true],"medium_large":["https:\/\/praxas.com\/wp-content\/uploads\/L3-Product-Image-768x444.jpg",768,444,true],"large":["https:\/\/praxas.com\/wp-content\/uploads\/L3-Product-Image.jpg",800,463,false],"1536x1536":["https:\/\/praxas.com\/wp-content\/uploads\/L3-Product-Image.jpg",800,463,false],"2048x2048":["https:\/\/praxas.com\/wp-content\/uploads\/L3-Product-Image.jpg",800,463,false],"crunchify-admin-post-featured-image":["https:\/\/praxas.com\/wp-content\/uploads\/L3-Product-Image-120x69.jpg",120,69,true],"commercegurus-pdp-large":["https:\/\/praxas.com\/wp-content\/uploads\/L3-Product-Image.jpg",800,463,false],"commercegurus-plp-mobile":["https:\/\/praxas.com\/wp-content\/uploads\/L3-Product-Image-441x255.jpg",441,255,true],"cgkit_image_swatch":["https:\/\/praxas.com\/wp-content\/uploads\/L3-Product-Image-100x100.jpg",100,100,true],"woocommerce_thumbnail":["https:\/\/praxas.com\/wp-content\/uploads\/L3-Product-Image-350x203.jpg",350,203,true],"woocommerce_single":["https:\/\/praxas.com\/wp-content\/uploads\/L3-Product-Image.jpg",800,463,false],"woocommerce_gallery_thumbnail":["https:\/\/praxas.com\/wp-content\/uploads\/L3-Product-Image-150x87.jpg",150,87,true]},"uagb_author_info":{"display_name":"Alex James","author_link":"https:\/\/praxas.com\/de\/author\/"},"uagb_comment_info":0,"uagb_excerpt":"-30 \u00b0C bis +70 \u00b0C USB-Auto-PDF-Berichte 16,129 Lesespeicher OK \/ ALERT-Anzeigen Robustes IP67-Design","_links":{"self":[{"href":"https:\/\/praxas.com\/de\/wp-json\/wp\/v2\/product\/58252","targetHints":{"allow":["GET"]}}],"collection":[{"href":"https:\/\/praxas.com\/de\/wp-json\/wp\/v2\/product"}],"about":[{"href":"https:\/\/praxas.com\/de\/wp-json\/wp\/v2\/types\/product"}],"wp:featuredmedia":[{"embeddable":true,"href":"https:\/\/praxas.com\/de\/wp-json\/wp\/v2\/media\/58253"}],"wp:attachment":[{"href":"https:\/\/praxas.com\/de\/wp-json\/wp\/v2\/media?parent=58252"}],"wp:term":[{"taxonomy":"product_brand","embeddable":true,"href":"https:\/\/praxas.com\/de\/wp-json\/wp\/v2\/product_brand?post=58252"},{"taxonomy":"product_cat","embeddable":true,"href":"https:\/\/praxas.com\/de\/wp-json\/wp\/v2\/product_cat?post=58252"},{"taxonomy":"product_tag","embeddable":true,"href":"https:\/\/praxas.com\/de\/wp-json\/wp\/v2\/product_tag?post=58252"}],"curies":[{"name":"wp","href":"https:\/\/api.w.org\/{rel}","templated":true}]}}