{"id":58347,"date":"2026-04-17T11:03:17","date_gmt":"2026-04-17T09:03:17","guid":{"rendered":"https:\/\/praxas.com\/product\/unkategorisiert\/lt5geo-e-externer-sondenlogger\/"},"modified":"2026-04-17T11:07:30","modified_gmt":"2026-04-17T09:07:30","slug":"lt5geo-e-externer-sondenlogger","status":"publish","type":"product","link":"https:\/\/praxas.com\/de\/product\/datenlogger\/lt5geo-e-externer-sondenlogger\/","title":{"rendered":"LT5GEO-E Externer Sondenlogger"},"content":{"rendered":"<p>Der LogTag LT5GEO-E External Probe ist ein mobiler 4G\/5G Echtzeit-Datenlogger, der f\u00fcr die kontinuierliche \u00dcberwachung der Umgebungsbedingungen w\u00e4hrend der Lagerung und des Transports entwickelt wurde. Der LogTag LT5GEO-E misst Temperatur (bis zu -40\u00b0C), Licht, Ersch\u00fctterungen und den Standort und bietet so einen umfassenden \u00dcberblick \u00fcber die Produktbedingungen in der gesamten Lieferkette. <\/p>\n<p>Die Daten werden automatisch in die LogTag Online-Cloud hochgeladen und bieten sofortigen Zugriff auf Live-Messwerte, Berichte und Warnmeldungen ohne manuelle Downloads. Echtzeit-Benachrichtigungen per E-Mail, SMS, Telefonanruf oder WhatsApp helfen dem Benutzer, schnell auf Probleme zu reagieren. <\/p>\n<p>Mit globaler Mobilfunkkonnektivit\u00e4t, automatischem Flugmodus und Optionen f\u00fcr den einmaligen oder mehrfachen Einsatz ist der LT5GEO-E eine zuverl\u00e4ssige L\u00f6sung f\u00fcr Branchen wie Pharmazeutik, Lebensmittellogistik und klinische Forschung, in denen die Produktintegrit\u00e4t entscheidend ist.<\/p>\n","protected":false},"excerpt":{"rendered":"<ul>\n<li data-section-id=\"1vpolqp\" data-start=\"0\" data-end=\"18\">-40\u00b0C bis +99\u00b0C<\/li>\n<li data-section-id=\"sj0r9z\" data-start=\"19\" data-end=\"39\">Warnmeldungen in Echtzeit<\/li>\n<li data-section-id=\"1ptxt2b\" data-start=\"40\" data-end=\"62\">4G\/5G-Konnektivit\u00e4t<\/li>\n<li data-section-id=\"1qfdfiu\" data-start=\"63\" data-end=\"90\">Multi-Sensor-\u00dcberwachung<\/li>\n<li data-section-id=\"165h3xp\" data-start=\"91\" data-end=\"110\" data-is-last-node=\"\">Zugriff auf Cloud-Daten<\/li>\n<\/ul>\n","protected":false},"featured_media":58350,"template":"","meta":{"_acf_changed":false,"content-type":"","_uag_custom_page_level_css":""},"product_brand":[],"product_cat":[1075,1002,1010],"product_tag":[2513],"class_list":{"0":"post-58347","1":"product","2":"type-product","3":"status-publish","4":"has-post-thumbnail","6":"product_cat-datenlogger","7":"product_cat-temperatur-luftfeuchtigkeit-de","8":"product_cat-temperatur-datenlogger","9":"product_tag-logtag-de","11":"first","12":"instock","13":"taxable","14":"shipping-taxable","15":"purchasable","16":"product-type-variable"},"bundled_by":[],"bundle_stock_status":"instock","bundle_stock_quantity":null,"bundle_virtual":false,"bundle_layout":"","bundle_add_to_cart_form_location":"","bundle_editable_in_cart":false,"bundle_sold_individually_context":"","bundle_item_grouping":"","bundle_min_size":"","bundle_max_size":"","bundle_price":[],"bundled_items":[],"bundle_sell_ids":[],"acf":[],"spectra_custom_meta":{"hubwoo_ecomm_pro_id":["43919521543"],"_last_translation_edit_mode":["translation-editor"],"_wcml_average_rating":[null],"_wcml_review_count":[null],"_wcml_rating_count":[null],"_backorders":["no"],"_download_limit":["-1"],"_download_expiry":["-1"],"_downloadable":["no"],"_manage_stock":["no"],"_sku":["LT5GEO-E"],"_stock_status":["instock"],"_sold_individually":["no"],"_tax_class":[""],"_tax_status":["taxable"],"_virtual":["no"],"_width":["6.8"],"_height":["9"],"_length":["2.5"],"total_sales":["0"],"_price":["73.50","157.50"],"connectivity":["Cellular"],"_connectivity":["field_64dce263bb57c"],"brand":["LogTag"],"_brand":["field_64ddf62ed2593"],"brand_image":[""],"_brand_image":["field_650c5e7c84cae"],"_specifications_table":["field_65044e1db92a8"],"_display_data_alarm":["field_667d647bcb066"],"_resources":["field_650849c6945ee"],"_calibration":["field_66a0ddd599972"],"_accessories":["field_650849e6945f0"],"_faqs":["field_650859523d8d5"],"_other_features":["field_686fa2aa98dce"],"_refrigerant_cabinet":["field_66852557c98a6"],"_main_specifications":["field_66855b25b1245"],"stock_options":["In stock"],"_stock_options":["field_6544b605dc7f9"],"rank_math_primary_product_cat":["144"],"min_temp":["-40"],"max_temp":["99"],"_min_temp":["field_67ea5eb4e0a77"],"_max_temp":["field_67ea5f81e0a79"],"_top_nav_excluded":[""],"_cms_nav_minihome":[""],"_thumbnail_id":["58350"],"_product_attributes":["a:2:{s:16:\"pa_product-brand\";a:6:{s:4:\"name\";s:16:\"pa_product-brand\";s:5:\"value\";s:0:\"\";s:8:\"position\";i:0;s:10:\"is_visible\";i:1;s:12:\"is_variation\";i:0;s:11:\"is_taxonomy\";i:1;}s:16:\"pa_make-a-choice\";a:6:{s:4:\"name\";s:16:\"pa_make-a-choice\";s:5:\"value\";s:0:\"\";s:8:\"position\";i:1;s:10:\"is_visible\";i:1;s:12:\"is_variation\";i:1;s:11:\"is_taxonomy\";i:1;}}"],"_wpml_word_count":["198"],"_product_image_gallery":["58348,58349"],"specifications_table":["<table class=\"specifications\">\n<tbody>\n<tr class=\"even-row\">\n<td class=\"left-td\">Produkt Modell<\/td>\n<td>LT5GEO-E-S (Einweg) \/ LT5GEO-E-M (Mehrweg)<\/td>\n<\/tr>\n<tr class=\"odd-row\">\n<td class=\"left-td\">Konnektivit\u00e4t<\/td>\n<td>LTE Kat. M1\/EGPRS<\/td>\n<\/tr>\n<tr class=\"even-row\">\n<td class=\"left-td\">Sensor Messbereich<\/td>\n<td>-40 \u00b0C bis +99 \u00b0C (-40 \u00b0F bis +210 \u00b0F)<\/td>\n<\/tr>\n<tr class=\"odd-row\">\n<td class=\"left-td\">Betriebstemperaturbereich<\/td>\n<td>-30 \u00b0C bis +70 \u00b0C (-22 \u00b0F bis +158 \u00b0F)<\/td>\n<\/tr>\n<tr class=\"even-row\">\n<td class=\"left-td\">Temperaturbereich bei Lagerung<\/td>\n<td>0 \u00b0C bis +40 \u00b0C (+32 \u00b0F bis +104 \u00b0F)<\/td>\n<\/tr>\n<tr class=\"odd-row\">\n<td class=\"left-td\">Genauigkeit der Temperaturmessung<\/td>\n<td>Besser als \u00b10,5 \u00b0C (\u00b10,9 \u00b0F) f\u00fcr -20 \u00b0C bis +40 \u00b0C (-4 \u00b0F bis +104 \u00b0F)\nBesser als \u00b10,8 \u00b0C (\u00b11,4 \u00b0F) f\u00fcr -40 \u00b0C bis -20 \u00b0C (-40 \u00b0F bis -4 \u00b0F)\nBesser als \u00b10,8 \u00b0C (\u00b11.4 \u00b0F) f\u00fcr +40 \u00b0C bis +70 \u00b0C (+104 \u00b0F bis +158 \u00b0F)\nBesser als \u00b11,2 \u00b0C (\u00b12,2 \u00b0F) f\u00fcr +70 \u00b0C bis +99 \u00b0C (+158 \u00b0F bis +210 \u00b0F)\nDie tats\u00e4chliche Leistung ist in der Regel viel besser als die Nennwerte. Die Genauigkeitsangaben k\u00f6nnen durch eine Rekalibrierung verbessert werden.<\/td>\n<\/tr>\n<tr class=\"even-row\">\n<td class=\"left-td\">Lichtsensor Bereich<\/td>\n<td>0 - 120.000 Lux<\/td>\n<\/tr>\n<tr class=\"odd-row\">\n<td class=\"left-td\">Schocksensor Bereich<\/td>\n<td>0-16g<\/td>\n<\/tr>\n<tr class=\"even-row\">\n<td class=\"left-td\">Aufl\u00f6sung des Schocksensors<\/td>\n<td>0,1g (1 <sup>m\/s2<\/sup>)<\/td>\n<\/tr>\n<tr class=\"odd-row\">\n<td class=\"left-td\">Schocksensor Abtastrate<\/td>\n<td>25Hz<\/td>\n<\/tr>\n<tr class=\"even-row\">\n<td class=\"left-td\">Kapazit\u00e4t der Datenaufzeichnung<\/td>\n<td>16.320 lokale Logger-Speicher (1 Million Aufzeichnungen mit LogTag\u00ae Online)<\/td>\n<\/tr>\n<tr class=\"odd-row\">\n<td class=\"left-td\">\u00dcbertragungsintervall<\/td>\n<td>20 Minuten bis 24 Stunden (konfigurierbar); l\u00e4dt sofort hoch, wenn der Alarm ausgel\u00f6st wird<\/td>\n<\/tr>\n<tr class=\"even-row\">\n<td class=\"left-td\">Abtastintervall<\/td>\n<td>Konfigurierbar von 1 Minute bis 18 Stunden<\/td>\n<\/tr>\n<tr class=\"odd-row\">\n<td class=\"left-td\">Startoptionen f\u00fcr die Protokollierung<\/td>\n<td>Start auf Knopfdruck mit konfigurierbarer Verz\u00f6gerung (1 Minute bis 72 Stunden)<\/td>\n<\/tr>\n<tr class=\"even-row\">\n<td class=\"left-td\">Umwelt Bewertung<\/td>\n<td>IP61<\/td>\n<\/tr>\n<tr class=\"odd-row\">\n<td class=\"left-td\">Software<\/td>\n<td>LogTag\u00ae Online und optionale LogTag\u00ae Mobile App<\/td>\n<\/tr>\n<tr class=\"even-row\">\n<td class=\"left-td\">Akku-Typ<\/td>\n<td>Nicht-Lithium Wiederaufladbare Nickel-Metall-Hydrid (NiMH)<\/td>\n<\/tr>\n<tr class=\"odd-row\">\n<td class=\"left-td\">Lebensdauer der Batterie<\/td>\n<td>Passt sich an das \u00dcbertragungsintervall an; maximale Laufzeit bis zu 90 Tage<\/td>\n<\/tr>\n<tr class=\"even-row\">\n<td class=\"left-td\">Anschluss Schnittstelle<\/td>\n<td>USB 2.0 \/ USB Typ-C Metallstecker<\/td>\n<\/tr>\n<tr class=\"odd-row\">\n<td class=\"left-td\">Abmessungen<\/td>\n<td>90mm (H) x 68mm (B) x 25mm (T)<\/td>\n<\/tr>\n<tr class=\"even-row\">\n<td class=\"left-td\">Gewicht<\/td>\n<td>166g<\/td>\n<\/tr>\n<tr class=\"odd-row\">\n<td class=\"left-td\">Material Geh\u00e4use<\/td>\n<td>Polycarbonat<\/td>\n<\/tr>\n<\/tbody>\n<\/table>"],"resources":["<ul class=\"resources-list\">\n \t<li><img src=\"https:\/\/praxas.com\/wp-content\/uploads\/document-icon.png\" alt=\"Dokument-Symbol\"><a href=\"https:\/\/praxas.com\/wp-content\/uploads\/LT5GEO-External-Probe-Brochure.pdf\">LogTag LT5GEO-E Brosch\u00fcre<\/a><\/li>\n \t<li><img src=\"https:\/\/praxas.com\/wp-content\/uploads\/document-icon.png\" alt=\"Dokument-Symbol\"><a href=\"https:\/\/praxas.com\/wp-content\/uploads\/LT5GEO-E-LT5GEO-LE-Transportation-QSG.pdf\">LogTag LT5GEO-E Transport Schnellstartanleitung<\/a><\/li>\n \t<li><img src=\"https:\/\/praxas.com\/wp-content\/uploads\/document-icon.png\" alt=\"Dokument-Symbol\"><a href=\"https:\/\/praxas.com\/wp-content\/uploads\/LT5GEO-E-LT5GEO-LE-Fridge-Freezer-QSG.pdf\">LogTag LT5GEO-E K\u00fchl-Gefrierkombination Schnellstartanleitung<\/a><\/li>\n<\/ul>\n\u00a0\n\n\u00a0\n<div style=\"text-align: center;\">\n<div style=\"display: inline-block; margin: 10px;\"><iframe title=\"YouTube-Video-Player\" src=\"https:\/\/www.youtube.com\/embed\/pyN-Ea5rM1I?si=35uGuVFEvLaCYrTz\" width=\"448\" height=\"252\" frameborder=\"0\" allowfullscreen=\"allowfullscreen\"><\/iframe><\/div>\n<div style=\"display: inline-block; margin: 10px;\"><iframe title=\"YouTube-Video-Player\" src=\"https:\/\/www.youtube.com\/embed\/tFSEVocGcnw?si=gb4TxH1S2Bfm29cW\" width=\"448\" height=\"252\" frameborder=\"0\" allowfullscreen=\"allowfullscreen\"><span data-mce-type=\"bookmark\" style=\"display: inline-block; width: 0px; overflow: hidden; line-height: 0;\" class=\"mce_SELRES_start\"><\/span><\/iframe><\/div>\n<\/div>"],"rank_math_internal_links_processed":["1"],"_uag_page_assets":["a:9:{s:3:\"css\";s:0:\"\";s:2:\"js\";s:0:\"\";s:18:\"current_block_list\";a:0:{}s:8:\"uag_flag\";b:0;s:11:\"uag_version\";s:10:\"1777885450\";s:6:\"gfonts\";a:0:{}s:10:\"gfonts_url\";s:0:\"\";s:12:\"gfonts_files\";a:0:{}s:14:\"uag_faq_layout\";b:0;}"],"_max_variation_price":[""],"_max_variation_regular_price":[""],"_max_variation_sale_price":[""],"_min_variation_price":[""],"_min_variation_regular_price":[""],"_min_variation_sale_price":[""],"_regular_price":[""],"_sale_price":[""],"_wc_pb_base_regular_price":[""],"_wc_pb_base_sale_price":[""],"_wc_pb_base_price":[""],"_wc_sw_max_price":[""],"_wc_sw_max_regular_price":[""],"_wc_rating_count":[""],"_wc_review_count":[""],"_wc_average_rating":[0]},"uagb_featured_image_src":{"full":["https:\/\/praxas.com\/wp-content\/uploads\/LT5GEO-E-solo.jpg",1200,680,false],"thumbnail":["https:\/\/praxas.com\/wp-content\/uploads\/LT5GEO-E-solo-150x150.jpg",150,150,true],"medium":["https:\/\/praxas.com\/wp-content\/uploads\/LT5GEO-E-solo-300x170.jpg",300,170,true],"medium_large":["https:\/\/praxas.com\/wp-content\/uploads\/LT5GEO-E-solo-768x435.jpg",768,435,true],"large":["https:\/\/praxas.com\/wp-content\/uploads\/LT5GEO-E-solo-1024x580.jpg",1024,580,true],"1536x1536":["https:\/\/praxas.com\/wp-content\/uploads\/LT5GEO-E-solo.jpg",1200,680,false],"2048x2048":["https:\/\/praxas.com\/wp-content\/uploads\/LT5GEO-E-solo.jpg",1200,680,false],"crunchify-admin-post-featured-image":["https:\/\/praxas.com\/wp-content\/uploads\/LT5GEO-E-solo-120x68.jpg",120,68,true],"commercegurus-pdp-large":["https:\/\/praxas.com\/wp-content\/uploads\/LT5GEO-E-solo-990x561.jpg",990,561,true],"commercegurus-plp-mobile":["https:\/\/praxas.com\/wp-content\/uploads\/LT5GEO-E-solo-441x250.jpg",441,250,true],"cgkit_image_swatch":["https:\/\/praxas.com\/wp-content\/uploads\/LT5GEO-E-solo-100x100.jpg",100,100,true],"woocommerce_thumbnail":["https:\/\/praxas.com\/wp-content\/uploads\/LT5GEO-E-solo-350x198.jpg",350,198,true],"woocommerce_single":["https:\/\/praxas.com\/wp-content\/uploads\/LT5GEO-E-solo-800x453.jpg",800,453,true],"woocommerce_gallery_thumbnail":["https:\/\/praxas.com\/wp-content\/uploads\/LT5GEO-E-solo-150x85.jpg",150,85,true]},"uagb_author_info":{"display_name":"Alex James","author_link":"https:\/\/praxas.com\/de\/author\/"},"uagb_comment_info":0,"uagb_excerpt":"-40\u00b0C bis +99\u00b0C Warnmeldungen in Echtzeit 4G\/5G-Konnektivit\u00e4t Multi-Sensor-\u00dcberwachung Zugriff auf Cloud-Daten","_links":{"self":[{"href":"https:\/\/praxas.com\/de\/wp-json\/wp\/v2\/product\/58347","targetHints":{"allow":["GET"]}}],"collection":[{"href":"https:\/\/praxas.com\/de\/wp-json\/wp\/v2\/product"}],"about":[{"href":"https:\/\/praxas.com\/de\/wp-json\/wp\/v2\/types\/product"}],"wp:featuredmedia":[{"embeddable":true,"href":"https:\/\/praxas.com\/de\/wp-json\/wp\/v2\/media\/58350"}],"wp:attachment":[{"href":"https:\/\/praxas.com\/de\/wp-json\/wp\/v2\/media?parent=58347"}],"wp:term":[{"taxonomy":"product_brand","embeddable":true,"href":"https:\/\/praxas.com\/de\/wp-json\/wp\/v2\/product_brand?post=58347"},{"taxonomy":"product_cat","embeddable":true,"href":"https:\/\/praxas.com\/de\/wp-json\/wp\/v2\/product_cat?post=58347"},{"taxonomy":"product_tag","embeddable":true,"href":"https:\/\/praxas.com\/de\/wp-json\/wp\/v2\/product_tag?post=58347"}],"curies":[{"name":"wp","href":"https:\/\/api.w.org\/{rel}","templated":true}]}}