{"id":31393,"date":"2023-09-21T11:37:38","date_gmt":"2023-09-21T09:37:38","guid":{"rendered":"https:\/\/staging.praxas.com\/soporte-del-registrador-de-datos-el-sie\/"},"modified":"2025-10-20T10:11:21","modified_gmt":"2025-10-20T08:11:21","slug":"soporte-del-registrador-de-datos-el-sie","status":"publish","type":"page","link":"https:\/\/praxas.com\/es\/ayuda\/soporte-del-registrador-de-datos-el-sie\/","title":{"rendered":"Soporte del Registrador de Datos EL-SIE"},"content":{"rendered":"<div class=\"accordion\">\n<h2 class=\"accordion-header\"><strong>El mensaje \u00abBater\u00eda baja\u00bb sigue apareciendo en mi EL-SIE incluso despu\u00e9s de insertar pilas nuevas. \u00bfQu\u00e9 hago? <\/strong><strong><br \/>\n<\/strong><br \/>\n<i class=\"fas fa-chevron-circle-down\"><\/i><\/h2>\n<div class=\"accordion-content\">Tu EL-SIE s\u00f3lo mostrar\u00e1 el icono de \u00abbater\u00eda llena\u00bb una vez que se haya reiniciado. Desconecta el cable USB y saca las pilas, luego espera unos segundos y vuelve a introducirlas.<\/div>\n<\/div>\n<div class=\"accordion\">\n<h2 class=\"accordion-header\"><strong>\u00bfC\u00f3mo guardo el sitio web de EL-SIE en mis Favoritos o Marcadores? <\/strong><strong><br \/>\n<\/strong><br \/>\n<i class=\"fas fa-chevron-circle-down\"><\/i><\/h2>\n<div class=\"accordion-content\">Puedes utilizar la forma normal de crear un favorito o marcador en tu navegador. Debes hacerlo mientras se muestra la pantalla de carga (cubo giratorio). Si no, puedes crear manualmente un marcador con esta URL: http:\/\/easylog.local<\/div>\n<\/div>\n<div class=\"accordion\">\n<h2 class=\"accordion-header\"><strong>Las lecturas de temperatura aumentan sin motivo. \u00bfQu\u00e9 ocurre? <\/strong><strong><br \/>\n<\/strong><br \/>\n<i class=\"fas fa-chevron-circle-down\"><\/i><\/h2>\n<div class=\"accordion-content\">Las lecturas de temperatura aumentar\u00e1n ligeramente cuando tu EL-SIE est\u00e9 conectada a un PC o Mac mediante el cable USB. Cuando lo desconectes, las lecturas volver\u00e1n a la normalidad.<\/div>\n<\/div>\n<div class=\"accordion\">\n<h2 class=\"accordion-header\"><strong> Mi bater\u00eda EL-SIE no se carga. \u00bfQu\u00e9 hago?<\/strong> <strong><br \/>\n<\/strong><br \/>\n<i class=\"fas fa-chevron-circle-down\"><\/i><\/h2>\n<div class=\"accordion-content\">EL-SIE no recarga sus pilas, ni siquiera cuando est\u00e1 enchufado mediante un cable USB.<\/div>\n<\/div>\n<div class=\"accordion\">\n<h2 class=\"accordion-header\"><strong>\u00bfNecesito instalar un controlador para utilizar mi EL-SIE? <\/strong><br \/>\n<i class=\"fas fa-chevron-circle-down\"><\/i><\/h2>\n<div class=\"accordion-content\">No es necesario instalar ning\u00fan controlador. Puedes configurar completamente tu EL-SIE y acceder a todos tus datos almacenados utilizando un navegador web, s\u00f3lo tienes que conectar el EL-SIE mediante el cable USB y escribir http:\/\/easylog.local en la barra de direcciones.<\/div>\n<\/div>\n<div class=\"accordion\">\n<h2 class=\"accordion-header\"><strong>\u00bfTengo que reiniciar mi EL-SIE cada vez que descargo datos a mi PC o Mac? <\/strong><strong><br \/>\n<\/strong><br \/>\n<i class=\"fas fa-chevron-circle-down\"><\/i><\/h2>\n<div class=\"accordion-content\">No. Incluso puedes descargar datos mientras tu EL-SIE sigue registrando.<\/div>\n<\/div>\n<div class=\"accordion\">\n<h2 class=\"accordion-header\"><strong>\u00bfCon qu\u00e9 frecuencia debo enviar mi El-SIE a calibrar? <\/strong><strong><br \/>\n<\/strong><br \/>\n<i class=\"fas fa-chevron-circle-down\"><\/i><\/h2>\n<div class=\"accordion-content\">Te recomendamos que env\u00edes tu EL-SIE a calibrar una vez al a\u00f1o, pero puedes hacerlo con m\u00e1s frecuencia si lo prefieres.<\/div>\n<\/div>\n<div class=\"accordion\">\n<h2 class=\"accordion-header\"><strong>El marcador que cre\u00e9 para el sitio web de EL-SIE est\u00e1 roto. \u00bfC\u00f3mo lo arreglo? <\/strong><strong><br \/>\n<\/strong><br \/>\n<i class=\"fas fa-chevron-circle-down\"><\/i><\/h2>\n<div class=\"accordion-content\">Lo mejor que puedes hacer es editar manualmente el marcador, para que sea http:\/\/easylog.local. Si no, crea un nuevo marcador, pero s\u00f3lo cuando aparezca la pantalla de carga (cubo giratorio).<\/div>\n<\/div>\n<div class=\"accordion\">\n<h2 class=\"accordion-header\"><strong>\u00bfC\u00f3mo puedo maximizar la duraci\u00f3n de la bater\u00eda de mi EL-SIE? <\/strong><strong><br \/>\n<\/strong><br \/>\n<i class=\"fas fa-chevron-circle-down\"><\/i><\/h2>\n<div class=\"accordion-content\">Con un uso normal, las pilas deber\u00edan durar al menos un a\u00f1o. Las mejores formas de hacer que duren lo m\u00e1ximo posible son:<\/p>\n<ul>\n<li>Establece un ritmo de registro m\u00e1s largo (por ejemplo, utiliza minutos en lugar de segundos)<\/li>\n<li>Ajusta el Modo LED a &#8216;Desactivado&#8217; o &#8216;Parpadeo s\u00f3lo en Alarma&#8217;<\/li>\n<li>Desactiva la sirena<\/li>\n<li>Ajusta el modo de visualizaci\u00f3n a \u00abPulsar bot\u00f3n\u00bb.<\/li>\n<\/ul>\n<\/div>\n<\/div>\n<div class=\"accordion\">\n<h2 class=\"accordion-header\"><strong>\u00bfQu\u00e9 hacen los distintos tipos de alarma? <\/strong><br \/>\n<i class=\"fas fa-chevron-circle-down\"><\/i><\/h2>\n<div class=\"accordion-content\">\n<ul>\n<li>Alarma alta: se activa cuando la lectura supera un umbral.<\/li>\n<li>Alarma baja: se activa cuando la lectura est\u00e1 por debajo de un umbral.<\/li>\n<li>Prealarma: se puede programar para que se active por encima o por debajo de un umbral, y activar\u00e1 el LED amarillo pero no el LED rojo ni la sirena.<\/li>\n<li>Alarma acumulativa: cuenta el n\u00famero de lecturas que est\u00e1n entre dos l\u00edmites definidos, y se activa cuando se alcanza el recuento. El recuento s\u00f3lo se reinicia cuando paras y reinicias tu EL-SIE. Este tipo de alarma se suele utilizar para controlar mercanc\u00edas que se da\u00f1an por el tiempo que pasan a una temperatura demasiado alta o demasiado baja, por ejemplo, las vacunas.<\/li>\n<\/ul>\n<\/div>\n<\/div>\n<div class=\"accordion\">\n<h2 class=\"accordion-header\"><strong>\u00bfQu\u00e9 es un retardo de alarma? <\/strong><strong><br \/>\n<\/strong><br \/>\n<i class=\"fas fa-chevron-circle-down\"><\/i><\/h2>\n<div class=\"accordion-content\">Se puede establecer un retardo de alarma para una alarma alta, baja o previa, y es el n\u00famero de lecturas que tu dispositivo de registro esperar\u00e1 despu\u00e9s de alcanzar el umbral de alarma antes de activar la alarma. La cuenta atr\u00e1s se reinicia en cuanto la lectura vuelve a estar dentro del umbral. Un buen ejemplo de uso de un retardo de alarma es dentro de un frigor\u00edfico, cuando no quieres que la alarma se active cada vez que se abre la puerta.<\/div>\n<\/div>\n<div class=\"accordion\">\n<h2 class=\"accordion-header\"><strong>\u00bfQu\u00e9 es la retenci\u00f3n de alarma? <\/strong><strong><br \/>\n<\/strong><br \/>\n<i class=\"fas fa-chevron-circle-down\"><\/i><\/h2>\n<div class=\"accordion-content\">Normalmente, si se activa una alarma, se desactiva autom\u00e1ticamente en cuanto las lecturas vuelven a estar dentro del umbral. Configurar la retenci\u00f3n de alarma significa que la alarma permanece activa aunque las lecturas vuelvan a la normalidad, de modo que puedas ver que se ha producido un problema aunque ahora est\u00e9 bien.<\/div>\n<\/div>\n<div class=\"accordion\">\n<h2 class=\"accordion-header\"><strong>\u00bfC\u00f3mo establezco una nueva alarma en mi configuraci\u00f3n? <\/strong><strong><br \/>\n<\/strong><br \/>\n<i class=\"fas fa-chevron-circle-down\"><\/i><\/h2>\n<div class=\"accordion-content\">En la parte inferior de cada pesta\u00f1a Canal, hay una secci\u00f3n Avanzado. Haz clic en las flechas para expandirla, elige el tipo de alarma que quieras del men\u00fa desplegable y haz clic en \u00abA\u00f1adir\u00bb.<\/div>\n<\/div>\n<div class=\"accordion\">\n<h2 class=\"accordion-header\"><strong>\u00bfCu\u00e1ntas alarmas puedo programar en mi EL-SIE? <\/strong><strong><br \/>\n<\/strong><br \/>\n<i class=\"fas fa-chevron-circle-down\"><\/i><\/h2>\n<div class=\"accordion-content\">Puedes establecer dos alarmas de cada tipo, y seis alarmas en total, en cada canal.<\/div>\n<\/div>\n<div class=\"accordion\">\n<h2 class=\"accordion-header\"><strong>\u00bfCu\u00e1l es el orden de prioridad de las alarmas en mi EL-SIE?<\/strong> <strong><br \/>\n<\/strong><br \/>\n<i class=\"fas fa-chevron-circle-down\"><\/i><\/h2>\n<div class=\"accordion-content\">Las alarmas altas o bajas completas tienen prioridad sobre las prealarmas, y las alarmas acumulativas tienen prioridad sobre ambas. Esto significa que, si utilizas las opciones Avanzadas de alarma, es posible configurar prealarmas pero no ver nunca el LED amarillo porque al mismo tiempo se activa una alarma completa.<\/div>\n<\/div>\n<div class=\"accordion\">\n<h2 class=\"accordion-header\"><strong>\u00bfC\u00f3mo puedo subir datos a la Nube? <\/strong><strong><br \/>\n<\/strong><br \/>\n<i class=\"fas fa-chevron-circle-down\"><\/i><\/h2>\n<div class=\"accordion-content\">Antes de poder cargar datos, tienes que crear una cuenta en la Nube EasyLog, haz clic en <span style=\"text-decoration: underline;\"><br \/>\n<strong><br \/>\n<a href=\"https:\/\/praxas.com\/es\/easylog-cloud-es\/\" target=\"_blank\" rel=\"noopener\">este enlace<\/a><br \/>\n<\/strong><br \/>\n<\/span> para hacerlo. Una vez activada tu cuenta, selecciona la opci\u00f3n \u00abDatos EL-SIE\u00bb en la p\u00e1gina \u00abConfiguraci\u00f3n de la cuenta\u00bb. A continuaci\u00f3n, en el navegador web EL-SIE, haz clic en el icono \u00abCargar datos en la nube\u00bb situado en la parte superior de la p\u00e1gina. S\u00f3lo tienes que introducir tu nombre de usuario y contrase\u00f1a de la Nube, y todos los datos de tu EL-SIE se cargar\u00e1n en tu cuenta de la Nube. Cada EL-SIE del que cargues datos aparecer\u00e1 autom\u00e1ticamente en tu lista de Dispositivos.<\/div>\n<\/div>\n<div class=\"accordion\">\n<h2 class=\"accordion-header\"><strong>\u00bfPuedo utilizar el modo de inicio disparado durante periodos prolongados?<\/strong> <strong><br \/>\n<\/strong><br \/>\n<i class=\"fas fa-chevron-circle-down\"><\/i><\/h2>\n<div class=\"accordion-content\">Este modo est\u00e1 dise\u00f1ado para que puedas evitar falsas lecturas y alarmas al inicio de una sesi\u00f3n de registro, por ejemplo, si pones tu EL-SIE en un frigor\u00edfico tardar\u00e1 unos minutos en enfriarse. Si dejas una EL-SIE en modo Disparo durante m\u00e1s de unas horas, empezar\u00e1 a reducirse la duraci\u00f3n total de la bater\u00eda.<\/div>\n<\/div>\n<div class=\"accordion\">\n<h2 class=\"accordion-header\"><strong>\u00bfTienes un tutorial para configurar el EL-SIE? <\/strong><strong><br \/>\n<\/strong><br \/>\n<i class=\"fas fa-chevron-circle-down\"><\/i><\/h2>\n<div class=\"accordion-content\">S\u00ed, hemos creado una serie de v\u00eddeos en nuestro<span style=\"text-decoration: underline;\"><strong> <a href=\"https:\/\/www.youtube.com\/playlist?list=PL_yZedoZ_7MrFJR7JPSQPoTegZBsG4ROO\" target=\"_blank\" rel=\"noopener\">YouTube<\/a><br \/>\n<\/strong><br \/>\n<\/span> explicando c\u00f3mo <span style=\"text-decoration: underline;\"><strong><a href=\"https:\/\/www.youtube.com\/watch?v=8s9O9LocQZs&amp;list=PL_yZedoZ_7MrFJR7JPSQPoTegZBsG4ROO&amp;index=3&amp;t=17s\" target=\"_blank\" rel=\"noopener\">configurar tu EL-SIE<\/a><\/strong><\/span>,<span style=\"text-decoration: underline;\"><strong> <a href=\"https:\/\/www.youtube.com\/watch?v=I6MAIh75C0A&amp;list=PL_yZedoZ_7MrFJR7JPSQPoTegZBsG4ROO&amp;index=2\" target=\"_blank\" rel=\"noopener\">c\u00f3mo utilizar tu registrador de datos EL-SIE<\/a><br \/>\n<\/strong><br \/>\n<\/span>y c\u00f3mo<strong> <a href=\"https:\/\/www.youtube.com\/watch?v=SA7GCRHlJgo&amp;list=PL_yZedoZ_7MrFJR7JPSQPoTegZBsG4ROO&amp;index=4\" target=\"_blank\" rel=\"noopener\"><span style=\"text-decoration: underline;\">ver y analizar todos los datos registrados. <\/span><\/a><\/strong><\/div>\n<\/div>\n","protected":false},"excerpt":{"rendered":"","protected":false},"author":2,"featured_media":0,"parent":31456,"menu_order":0,"comment_status":"closed","ping_status":"closed","template":"template-fullwidth.php","meta":{"_acf_changed":false,"content-type":"","_uag_custom_page_level_css":"","footnotes":""},"class_list":["post-31393","page","type-page","status-publish","hentry"],"acf":[],"spectra_custom_meta":{"hero_image":[""],"_hero_image":["field_64f1a7da7af44"],"_hero_h1":["field_64f19e1edd052"],"_hero_h2":["field_64f19e2ddd053"],"_hero_text":["field_64f19e42dd054"],"_hero_button_text":["field_64f19e4edd055"],"_hero_button_link":["field_64f19e5ddd056"],"_top_nav_excluded":[""],"_cms_nav_minihome":[""],"_wp_page_template":["template-fullwidth.php"],"_last_translation_edit_mode":["native-editor"],"_edit_lock":["1760947752:8383"],"classic-editor-remember":["classic-editor"],"rank_math_seo_score":["70"],"_edit_last":["8383"],"hero_h1":[""],"hero_h2":[""],"hero_text":[""],"hero_button_text":[""],"hero_button_link":[""],"_wpml_media_duplicate":["1"],"_wpml_media_featured":["1"],"_wpml_word_count":["996"],"rank_math_title":["Soporte Del Registrador de Datos | Soporte EL-SIE | Praxas"],"rank_math_description":["\u00bfNecesitas asistencia para la gama EL-SIE? Consulta las Preguntas Frecuentes o ponte en contacto con nuestro equipo de ventas para obtener ayuda. "],"rank_math_focus_keyword":["Soporte Del Registrador de Datos"],"rank_math_contentai_score":["a:5:{s:8:\"keywords\";s:5:\"74.51\";s:9:\"wordCount\";s:1:\"0\";s:9:\"linkCount\";s:1:\"0\";s:12:\"headingCount\";s:1:\"0\";s:10:\"mediaCount\";s:1:\"0\";}"],"rank_math_rich_snippet":["off"],"rank_math_analytic_object_id":["1292"],"_uag_page_assets":["a:9:{s:3:\"css\";s:0:\"\";s:2:\"js\";s:0:\"\";s:18:\"current_block_list\";a:0:{}s:8:\"uag_flag\";b:0;s:11:\"uag_version\";s:10:\"1775742760\";s:6:\"gfonts\";a:0:{}s:10:\"gfonts_url\";s:0:\"\";s:12:\"gfonts_files\";a:0:{}s:14:\"uag_faq_layout\";b:0;}"]},"uagb_featured_image_src":{"full":false,"thumbnail":false,"medium":false,"medium_large":false,"large":false,"1536x1536":false,"2048x2048":false,"crunchify-admin-post-featured-image":false,"commercegurus-pdp-large":false,"commercegurus-plp-mobile":false,"cgkit_image_swatch":false,"woocommerce_thumbnail":false,"woocommerce_single":false,"woocommerce_gallery_thumbnail":false},"uagb_author_info":{"display_name":"Andy Price","author_link":"https:\/\/praxas.com\/es\/author\/andyp\/"},"uagb_comment_info":0,"uagb_excerpt":null,"_links":{"self":[{"href":"https:\/\/praxas.com\/es\/wp-json\/wp\/v2\/pages\/31393","targetHints":{"allow":["GET"]}}],"collection":[{"href":"https:\/\/praxas.com\/es\/wp-json\/wp\/v2\/pages"}],"about":[{"href":"https:\/\/praxas.com\/es\/wp-json\/wp\/v2\/types\/page"}],"author":[{"embeddable":true,"href":"https:\/\/praxas.com\/es\/wp-json\/wp\/v2\/users\/2"}],"replies":[{"embeddable":true,"href":"https:\/\/praxas.com\/es\/wp-json\/wp\/v2\/comments?post=31393"}],"version-history":[{"count":7,"href":"https:\/\/praxas.com\/es\/wp-json\/wp\/v2\/pages\/31393\/revisions"}],"predecessor-version":[{"id":52762,"href":"https:\/\/praxas.com\/es\/wp-json\/wp\/v2\/pages\/31393\/revisions\/52762"}],"up":[{"embeddable":true,"href":"https:\/\/praxas.com\/es\/wp-json\/wp\/v2\/pages\/31456"}],"wp:attachment":[{"href":"https:\/\/praxas.com\/es\/wp-json\/wp\/v2\/media?parent=31393"}],"curies":[{"name":"wp","href":"https:\/\/api.w.org\/{rel}","templated":true}]}}