{"id":31403,"date":"2023-09-21T11:34:18","date_gmt":"2023-09-21T09:34:18","guid":{"rendered":"https:\/\/staging.praxas.com\/soporte-panelpilot-b\/"},"modified":"2025-10-20T15:22:56","modified_gmt":"2025-10-20T13:22:56","slug":"soporte-panelpilot-b","status":"publish","type":"page","link":"https:\/\/praxas.com\/es\/ayuda\/soporte-panelpilot-b\/","title":{"rendered":"Soporte PanelPilot B"},"content":{"rendered":"<h2><strong>Preguntas frecuentes<\/strong><\/h2>\n<p><span class=\"ui-provider azr azs azt azu azv azw azx azy azz baa bab bac bae baf bag bah bai baj bak bal bam ban bao bap baq bar bas bat bau bav baw bax bay baz bba\" dir=\"ltr\"><\/p>\n<div class=\"accordion\">\n<h2 class=\"accordion-header\">\u00bfEl SGD 21-B es resistente al agua?<br \/>\n<i class=\"fas fa-chevron-circle-down\"><\/i><\/h2>\n<div class=\"accordion-content\">El panel frontal del producto tiene una clasificaci\u00f3n IP54. Esto significa que est\u00e1 protegido de las salpicaduras de agua cuando se instala en un panel.<\/div>\n<\/div>\n<p><\/span><\/p>\n<p><span class=\"ui-provider azr azs azt azu azv azw azx azy azz baa bab bac bae baf bag bah bai baj bak bal bam ban bao bap baq bar bas bat bau bav baw bax bay baz bba\" dir=\"ltr\"><\/p>\n<div class=\"accordion\">\n<h2 class=\"accordion-header\">\u00bfD\u00f3nde puedo consultar la \u00faltima versi\u00f3n del software de configuraci\u00f3n del PanelPilot B?<br \/>\n<i class=\"fas fa-chevron-circle-down\"><\/i><\/h2>\n<div class=\"accordion-content\">Visita nuestro <span style=\"text-decoration: underline;\"><strong><a href=\"\/es\/software\/software-panelpilot\/panelpiloto-b\/\" target=\"_blank\" rel=\"noopener\">Software PanelPilot B<\/a><\/strong><\/span> p\u00e1gina.<\/div>\n<\/div>\n<p><\/span><strong><br \/>\n<\/strong><\/p>\n<p><span class=\"ui-provider azr azs azt azu azv azw azx azy azz baa bab bac bae baf bag bah bai baj bak bal bam ban bao bap baq bar bas bat bau bav baw bax bay baz bba\" dir=\"ltr\"><\/p>\n<div class=\"accordion\">\n<h2 class=\"accordion-header\">\u00bfPuedo a\u00f1adir el logotipo de mi empresa al expositor SGD 21-B?<br \/>\n<i class=\"fas fa-chevron-circle-down\"><\/i><\/h2>\n<div class=\"accordion-content\">S\u00ed. Al configurar tu medidor mediante el software PanelPilot B, hay un paso que te permite a\u00f1adir un archivo gr\u00e1fico para utilizarlo como pantalla de inicio, que se mostrar\u00e1 en la pantalla durante los primeros segundos tras encenderla. Para obtener los mejores resultados, la imagen utilizada debe ser en blanco y negro con una resoluci\u00f3n de 250 x 122 p\u00edxeles. Los formatos de imagen permitidos son png, bmp, jpg, gif, exif y tiff.<\/div>\n<\/div>\n<p><\/span><strong><br \/>\n<\/strong><\/p>\n<p><span class=\"ui-provider azr azs azt azu azv azw azx azy azz baa bab bac bae baf bag bah bai baj bak bal bam ban bao bap baq bar bas bat bau bav baw bax bay baz bba\" dir=\"ltr\"><\/p>\n<div class=\"accordion\">\n<h2 class=\"accordion-header\">Estoy buscando una configuraci\u00f3n que no aparece en el software PanelPilot B, \u00bfpuedes hacerme una?<br \/>\n<i class=\"fas fa-chevron-circle-down\"><\/i><\/h2>\n<div class=\"accordion-content\">Podemos ofrecer un servicio gratuito de dise\u00f1o de aplicaciones para pedidos de m\u00e1s de 500 unidades. Ponte en contacto con nuestro <span style=\"text-decoration: underline;\"><strong><a href=\"\/es\/contacta-con-nosotros\/\">equipo de ventas<\/a><\/strong><\/span> para hablar de tus necesidades.<\/div>\n<\/div>\n<p><\/span><\/p>\n<p><span class=\"ui-provider azr azs azt azu azv azw azx azy azz baa bab bac bae baf bag bah bai baj bak bal bam ban bao bap baq bar bas bat bau bav baw bax bay baz bba\" dir=\"ltr\"><\/p>\n<div class=\"accordion\">\n<h2 class=\"accordion-header\">\u00bfTienes un tutorial para configurar el SGD 21-B utilizando el software PanelPilot B?<br \/>\n<i class=\"fas fa-chevron-circle-down\"><\/i><\/h2>\n<div class=\"accordion-content\">S\u00ed, consulta nuestra Configuraci\u00f3n del SGD 21-B <span style=\"text-decoration: underline;\"><strong><a href=\"https:\/\/www.youtube.com\/watch?v=97e6ebL5ljI&amp;feature=youtu.be\" target=\"_blank\" rel=\"noopener\">Tutorial en v\u00eddeo<\/a><\/strong><\/span> en YouTube.<\/div>\n<\/div>\n<p><\/span><\/p>\n<p><span class=\"ui-provider azr azs azt azu azv azw azx azy azz baa bab bac bae baf bag bah bai baj bak bal bam ban bao bap baq bar bas bat bau bav baw bax bay baz bba\" dir=\"ltr\"><\/p>\n<div class=\"accordion\">\n<h2 class=\"accordion-header\">\u00bfCu\u00e1l es la tensi\u00f3n m\u00e1xima que puedo medir con el SGD 21-B?<br \/>\n<i class=\"fas fa-chevron-circle-down\"><\/i><\/h2>\n<div class=\"accordion-content\">Con el aparato de serie, la tensi\u00f3n de entrada m\u00e1xima que se puede medir es de 1,25 V. Sin embargo, se pueden medir tensiones de entrada de hasta 30,0 V instalando resistencias de escala (no suministradas) en el dispositivo. Consulta la hoja de datos (disponible en el <span style=\"text-decoration: underline;\"><strong><a href=\"\/es\/product\/panelpilot-displays-es\/panelpiloto-b\/sgd-21-b\/\">SGD 21-B<\/a><\/strong><\/span> para obtener instrucciones sobre c\u00f3mo hacerlo.<\/div>\n<\/div>\n<p><\/span><\/p>\n<p><span class=\"ui-provider azr azs azt azu azv azw azx azy azz baa bab bac bae baf bag bah bai baj bak bal bam ban bao bap baq bar bas bat bau bav baw bax bay baz bba\" dir=\"ltr\"><\/p>\n<div class=\"accordion\">\n<h2 class=\"accordion-header\">\u00bfPara qu\u00e9 sirve montar resistencias de escala en el SGD 21-B?<br \/>\n<i class=\"fas fa-chevron-circle-down\"><\/i><\/h2>\n<div class=\"accordion-content\">De serie, el aparato puede medir tensiones de entrada de hasta 1,25 V. Si colocas resistencias de escala (no suministradas), podr\u00e1s medir tensiones de entrada de hasta 30,0 V. Para m\u00e1s detalles sobre c\u00f3mo instalarlos, consulta la hoja de datos (disponible en el<span style=\"text-decoration: underline;\"><strong> <a href=\"\/es\/product\/panelpilot-displays-es\/panelpiloto-b\/sgd-21-b\/\">SGD 21-B<\/a><\/strong><\/span> ).<\/div>\n<\/div>\n<p><\/span><\/p>\n","protected":false},"excerpt":{"rendered":"<p>Preguntas frecuentes<\/p>\n","protected":false},"author":2,"featured_media":0,"parent":31456,"menu_order":2,"comment_status":"closed","ping_status":"closed","template":"template-fullwidth.php","meta":{"_acf_changed":false,"content-type":"","_uag_custom_page_level_css":"","footnotes":""},"class_list":["post-31403","page","type-page","status-publish","hentry"],"acf":[],"spectra_custom_meta":{"hero_image":[""],"_hero_image":["field_64f1a7da7af44"],"_hero_h1":["field_64f19e1edd052"],"_hero_h2":["field_64f19e2ddd053"],"_hero_text":["field_64f19e42dd054"],"_hero_button_text":["field_64f19e4edd055"],"_hero_button_link":["field_64f19e5ddd056"],"_top_nav_excluded":[""],"_cms_nav_minihome":[""],"_wp_page_template":["template-fullwidth.php"],"_last_translation_edit_mode":["native-editor"],"rank_math_title":["Asistencia PanelPilot B | PanelPilot y Preguntas Frecuentes"],"rank_math_description":["Consulta nuestra p\u00e1gina de asistencia PanelPilot B si necesitas ayuda con tus dispositivos PanelPilot B o llama a nuestro equipo de ventas para obtener m\u00e1s asistencia u otras consultas."],"rank_math_focus_keyword":["Asistencia PanelPilot B"],"_edit_lock":["1760966438:8383"],"classic-editor-remember":["classic-editor"],"rank_math_seo_score":["64"],"_edit_last":["8383"],"hero_h1":[""],"hero_h2":[""],"hero_text":[""],"hero_button_text":[""],"hero_button_link":[""],"_wpml_media_duplicate":["1"],"_wpml_media_featured":["1"],"rank_math_contentai_score":["a:5:{s:8:\"keywords\";s:5:\"74.51\";s:9:\"wordCount\";s:1:\"0\";s:9:\"linkCount\";s:1:\"0\";s:12:\"headingCount\";s:1:\"0\";s:10:\"mediaCount\";s:1:\"0\";}"],"rank_math_rich_snippet":["off"],"rank_math_robots":["a:1:{i:0;s:7:\"noindex\";}"],"rank_math_analytic_object_id":["1299"],"_wpml_word_count":["337"],"_uag_page_assets":["a:9:{s:3:\"css\";s:0:\"\";s:2:\"js\";s:0:\"\";s:18:\"current_block_list\";a:0:{}s:8:\"uag_flag\";b:0;s:11:\"uag_version\";s:10:\"1777651425\";s:6:\"gfonts\";a:0:{}s:10:\"gfonts_url\";s:0:\"\";s:12:\"gfonts_files\";a:0:{}s:14:\"uag_faq_layout\";b:0;}"]},"uagb_featured_image_src":{"full":false,"thumbnail":false,"medium":false,"medium_large":false,"large":false,"1536x1536":false,"2048x2048":false,"crunchify-admin-post-featured-image":false,"commercegurus-pdp-large":false,"commercegurus-plp-mobile":false,"cgkit_image_swatch":false,"woocommerce_thumbnail":false,"woocommerce_single":false,"woocommerce_gallery_thumbnail":false},"uagb_author_info":{"display_name":"Andy Price","author_link":"https:\/\/praxas.com\/es\/author\/andyp\/"},"uagb_comment_info":0,"uagb_excerpt":"Preguntas frecuentes","_links":{"self":[{"href":"https:\/\/praxas.com\/es\/wp-json\/wp\/v2\/pages\/31403","targetHints":{"allow":["GET"]}}],"collection":[{"href":"https:\/\/praxas.com\/es\/wp-json\/wp\/v2\/pages"}],"about":[{"href":"https:\/\/praxas.com\/es\/wp-json\/wp\/v2\/types\/page"}],"author":[{"embeddable":true,"href":"https:\/\/praxas.com\/es\/wp-json\/wp\/v2\/users\/2"}],"replies":[{"embeddable":true,"href":"https:\/\/praxas.com\/es\/wp-json\/wp\/v2\/comments?post=31403"}],"version-history":[{"count":4,"href":"https:\/\/praxas.com\/es\/wp-json\/wp\/v2\/pages\/31403\/revisions"}],"predecessor-version":[{"id":38433,"href":"https:\/\/praxas.com\/es\/wp-json\/wp\/v2\/pages\/31403\/revisions\/38433"}],"up":[{"embeddable":true,"href":"https:\/\/praxas.com\/es\/wp-json\/wp\/v2\/pages\/31456"}],"wp:attachment":[{"href":"https:\/\/praxas.com\/es\/wp-json\/wp\/v2\/media?parent=31403"}],"curies":[{"name":"wp","href":"https:\/\/api.w.org\/{rel}","templated":true}]}}