{"id":31416,"date":"2023-09-21T11:29:59","date_gmt":"2023-09-21T11:29:59","guid":{"rendered":"https:\/\/staging.praxas.com\/soporte-del-registrador-de-datos-sgd-atp\/"},"modified":"2025-06-20T09:43:10","modified_gmt":"2025-06-20T09:43:10","slug":"soporte-del-registrador-de-datos-sgd-atp","status":"publish","type":"page","link":"https:\/\/praxas.com\/es\/ayuda\/soporte-del-registrador-de-datos-sgd-atp\/","title":{"rendered":"Soporte del Registrador de Datos SGD-ATP"},"content":{"rendered":"<h2>Preguntas frecuentes<\/h2>\n<p><span class=\"ui-provider azr azs azt azu azv azw azx azy azz baa bab bac bae baf bag bah bai baj bak bal bam ban bao bap baq bar bas bat bau bav baw bax bay baz bba\" dir=\"ltr\"><\/p>\n<div class=\"accordion\">\n<h2 class=\"accordion-header\">\u00bfQu\u00e9 significa el s\u00edmbolo ERR en mi aparato ATP EL-SGD?<br \/>\n<i class=\"fas fa-chevron-circle-down\"><\/i><\/h2>\n<div class=\"accordion-content\"><\/span>Significa que algo ha afectado a los registros mostrados en el dispositivo, ten en cuenta que esto no afectar\u00e1 a los datos que realmente se han registrado. Las causas principales son:<\/p>\n<ul>\n<li>Sonda Error en alg\u00fan momento.<\/li>\n<li>Se ha desbordado el n\u00famero de registros.<span class=\"ui-provider azr azs azt azu azv azw azx azy azz baa bab bac bae baf bag bah bai baj bak bal bam ban bao bap baq bar bas bat bau bav baw bax bay baz bba\" dir=\"ltr\"><\/div>\n<\/div>\n<p><\/span><\/li>\n<\/ul>\n<p><span class=\"ui-provider azr azs azt azu azv azw azx azy azz baa bab bac bae baf bag bah bai baj bak bal bam ban bao bap baq bar bas bat bau bav baw bax bay baz bba\" dir=\"ltr\"><\/p>\n<div class=\"accordion\">\n<h2 class=\"accordion-header\">\u00bfPor qu\u00e9 el bot\u00f3n \u00abiniciar todos los registros\u00bb est\u00e1 en gris en mi EL-SGD 43\/70-ATP?<br \/>\n<i class=\"fas fa-chevron-circle-down\"><\/i><\/h2>\n<div class=\"accordion-content\">Esto significa que el dispositivo est\u00e1 en modo de inicio retardado y esperar\u00e1 hasta la hora\/fecha de inicio especificada antes de que comience el registro.<\/span><span class=\"ui-provider azr azs azt azu azv azw azx azy azz baa bab bac bae baf bag bah bai baj bak bal bam ban bao bap baq bar bas bat bau bav baw bax bay baz bba\" dir=\"ltr\"><\/div>\n<\/div>\n<p><\/span><\/p>\n<p><strong><br \/>\n<\/strong><span class=\"ui-provider azr azs azt azu azv azw azx azy azz baa bab bac bae baf bag bah bai baj bak bal bam ban bao bap baq bar bas bat bau bav baw bax bay baz bba\" dir=\"ltr\"><\/p>\n<div class=\"accordion\">\n<h2 class=\"accordion-header\">\u00bfC\u00f3mo compruebo los niveles de alarma y la velocidad de registro en mi EL-SGD 43\/70-ATP?<br \/>\n<i class=\"fas fa-chevron-circle-down\"><\/i><\/h2>\n<div class=\"accordion-content\">En la pantalla de informaci\u00f3n, si mantienes pulsada la casilla de valor alto o bajo registrado, se sustituir\u00e1 por los valores alto o bajo de la alarma (suponiendo que se hayan configurado). Si mantienes pulsada la casilla de n\u00famero de registros, te mostrar\u00e1 el ritmo de registro.<\/span><span class=\"ui-provider azr azs azt azu azv azw azx azy azz baa bab bac bae baf bag bah bai baj bak bal bam ban bao bap baq bar bas bat bau bav baw bax bay baz bba\" dir=\"ltr\"><\/div>\n<\/div>\n<p><\/span><\/p>\n<p><span class=\"ui-provider azr azs azt azu azv azw azx azy azz baa bab bac bae baf bag bah bai baj bak bal bam ban bao bap baq bar bas bat bau bav baw bax bay baz bba\" dir=\"ltr\"><\/p>\n<div class=\"accordion\">\n<h2 class=\"accordion-header\">He cometido un error con la configuraci\u00f3n de mi dispositivo en la gama de registradores de datos EL-SGD, \u00bfc\u00f3mo lo cambio?<br \/>\n<i class=\"fas fa-chevron-circle-down\"><\/i><\/h2>\n<div class=\"accordion-content\">Ve a cualquier pantalla de informaci\u00f3n y luego a la pantalla de ajustes. Desde aqu\u00ed puedes seleccionar restablecimiento de f\u00e1brica, que te permitir\u00e1 reconfigurar tu dispositivo.<\/span><span class=\"ui-provider azr azs azt azu azv azw azx azy azz baa bab bac bae baf bag bah bai baj bak bal bam ban bao bap baq bar bas bat bau bav baw bax bay baz bba\" dir=\"ltr\"><\/div>\n<\/div>\n<p><\/span><\/p>\n<p><strong><br \/>\n<\/strong><span class=\"ui-provider azr azs azt azu azv azw azx azy azz baa bab bac bae baf bag bah bai baj bak bal bam ban bao bap baq bar bas bat bau bav baw bax bay baz bba\" dir=\"ltr\"><\/p>\n<div class=\"accordion\">\n<h2 class=\"accordion-header\">Si realizo un restablecimiento de f\u00e1brica o apago mi EL-SGD 43\/70-ATP, \u00bfperder\u00e9 mis registros?<br \/>\n<i class=\"fas fa-chevron-circle-down\"><\/i><\/h2>\n<div class=\"accordion-content\">No, la \u00fanica forma de que se pierdan tus registros es si seleccionas borrarlos despu\u00e9s de descargarlos. De lo contrario, s\u00f3lo se har\u00e1 una copia de seguridad en un archivo con fecha\/hora.<\/span><span class=\"ui-provider azr azs azt azu azv azw azx azy azz baa bab bac bae baf bag bah bai baj bak bal bam ban bao bap baq bar bas bat bau bav baw bax bay baz bba\" dir=\"ltr\"><\/div>\n<\/div>\n<p><\/span><\/p>\n<p><span class=\"ui-provider azr azs azt azu azv azw azx azy azz baa bab bac bae baf bag bah bai baj bak bal bam ban bao bap baq bar bas bat bau bav baw bax bay baz bba\" dir=\"ltr\"><\/p>\n<div class=\"accordion\">\n<h2 class=\"accordion-header\">Creo que mi registrador de datos EL-SGD 43\/70-ATP ha perdido potencia y ahora el recuento de mis registros ha vuelto a 1, \u00bfhe perdido todos mis datos?<br \/>\n<i class=\"fas fa-chevron-circle-down\"><\/i><\/h2>\n<div class=\"accordion-content\">No, cuando el aparato se queda sin corriente, el registro de datos que se estaba realizando se detiene y se hace una copia de seguridad, luego se inicia uno nuevo una vez que el aparato se ha vuelto a encender.<\/span><span class=\"ui-provider azr azs azt azu azv azw azx azy azz baa bab bac bae baf bag bah bai baj bak bal bam ban bao bap baq bar bas bat bau bav baw bax bay baz bba\" dir=\"ltr\"><\/div>\n<\/div>\n<p><\/span><\/p>\n","protected":false},"excerpt":{"rendered":"<p>Preguntas frecuentes<\/p>\n","protected":false},"author":2,"featured_media":0,"parent":31456,"menu_order":0,"comment_status":"closed","ping_status":"closed","template":"template-fullwidth.php","meta":{"_acf_changed":false,"content-type":"","_uag_custom_page_level_css":"","footnotes":""},"class_list":["post-31416","page","type-page","status-publish","hentry"],"acf":[],"spectra_custom_meta":{"hero_image":[""],"_hero_image":["field_64f1a7da7af44"],"_hero_h1":["field_64f19e1edd052"],"_hero_h2":["field_64f19e2ddd053"],"_hero_text":["field_64f19e42dd054"],"_hero_button_text":["field_64f19e4edd055"],"_hero_button_link":["field_64f19e5ddd056"],"_top_nav_excluded":[""],"_cms_nav_minihome":[""],"_wp_page_template":["template-fullwidth.php"],"rank_math_focus_keyword":["Registrador de datos OEM"],"_last_translation_edit_mode":["translation-editor"],"_wpml_word_count":["324"],"rank_math_title":["Soporte de Registradores de Datos OEM | Soporte de Registradores de Datos EasyLog"],"rank_math_description":["Consulta las preguntas m\u00e1s frecuentes en nuestro sitio web o ponte en contacto con nuestro equipo de ventas de Lascar Electronics si necesitas ayuda con nuestros registradores de datos OEM."],"_uag_page_assets":["a:9:{s:3:\"css\";s:0:\"\";s:2:\"js\";s:0:\"\";s:18:\"current_block_list\";a:0:{}s:8:\"uag_flag\";b:0;s:11:\"uag_version\";s:10:\"1775742760\";s:6:\"gfonts\";a:0:{}s:10:\"gfonts_url\";s:0:\"\";s:12:\"gfonts_files\";a:0:{}s:14:\"uag_faq_layout\";b:0;}"]},"uagb_featured_image_src":{"full":false,"thumbnail":false,"medium":false,"medium_large":false,"large":false,"1536x1536":false,"2048x2048":false,"crunchify-admin-post-featured-image":false,"commercegurus-pdp-large":false,"commercegurus-plp-mobile":false,"cgkit_image_swatch":false,"woocommerce_thumbnail":false,"woocommerce_single":false,"woocommerce_gallery_thumbnail":false},"uagb_author_info":{"display_name":"Andy Price","author_link":"https:\/\/praxas.com\/es\/author\/andyp\/"},"uagb_comment_info":0,"uagb_excerpt":"Preguntas frecuentes","_links":{"self":[{"href":"https:\/\/praxas.com\/es\/wp-json\/wp\/v2\/pages\/31416","targetHints":{"allow":["GET"]}}],"collection":[{"href":"https:\/\/praxas.com\/es\/wp-json\/wp\/v2\/pages"}],"about":[{"href":"https:\/\/praxas.com\/es\/wp-json\/wp\/v2\/types\/page"}],"author":[{"embeddable":true,"href":"https:\/\/praxas.com\/es\/wp-json\/wp\/v2\/users\/2"}],"replies":[{"embeddable":true,"href":"https:\/\/praxas.com\/es\/wp-json\/wp\/v2\/comments?post=31416"}],"version-history":[{"count":2,"href":"https:\/\/praxas.com\/es\/wp-json\/wp\/v2\/pages\/31416\/revisions"}],"predecessor-version":[{"id":46916,"href":"https:\/\/praxas.com\/es\/wp-json\/wp\/v2\/pages\/31416\/revisions\/46916"}],"up":[{"embeddable":true,"href":"https:\/\/praxas.com\/es\/wp-json\/wp\/v2\/pages\/31456"}],"wp:attachment":[{"href":"https:\/\/praxas.com\/es\/wp-json\/wp\/v2\/media?parent=31416"}],"curies":[{"name":"wp","href":"https:\/\/api.w.org\/{rel}","templated":true}]}}