{"id":31417,"date":"2023-09-21T11:29:06","date_gmt":"2023-09-21T09:29:06","guid":{"rendered":"https:\/\/staging.praxas.com\/compatibilidad-con-el-registrador-de-datos-el-wifi\/"},"modified":"2025-10-20T10:07:05","modified_gmt":"2025-10-20T08:07:05","slug":"compatibilidad-con-el-registrador-de-datos-el-wifi","status":"publish","type":"page","link":"https:\/\/praxas.com\/es\/ayuda\/compatibilidad-con-el-registrador-de-datos-el-wifi\/","title":{"rendered":"Compatibilidad con el registrador de datos EL-WiFi"},"content":{"rendered":"<div class=\"accordion\">\n<h2 class=\"accordion-header\"><span class=\"ui-provider ee beg beh bei bej bek bel bem ben beo bep beq ber bes bet beu bev bew bex bey bez bfa bfb bfc bfd bfe bff bfg bfh bfi bfj bfk bfl bfm bfn\" dir=\"ltr\"> <\/span><strong>\u00bfExiste alg\u00fan documento que oriente sobre los requisitos y ajustes de red para los sensores de registro de datos de EasyLog? <\/strong><span class=\"ui-provider ee beg beh bei bej bek bel bem ben beo bep beq ber bes bet beu bev bew bex bey bez bfa bfb bfc bfd bfe bff bfg bfh bfi bfj bfk bfl bfm bfn\" dir=\"ltr\"><\/span><strong><br \/>\n<\/strong><br \/>\n<span class=\"ui-provider ee beg beh bei bej bek bel bem ben beo bep beq ber bes bet beu bev bew bex bey bez bfa bfb bfc bfd bfe bff bfg bfh bfi bfj bfk bfl bfm bfn\" dir=\"ltr\"><br \/>\n<i class=\"fas fa-chevron-circle-down\"><\/i><\/h2>\n<div class=\"accordion-content\"><\/span>S\u00ed, consulta este <a href=\"https:\/\/praxas.com\/wp-content\/uploads\/help-guide-3-network-requirements-and-settings-12-09-2022_issue-6-1.pdf\" target=\"_blank\" rel=\"noopener\">documento Requisitos y configuraci\u00f3n de la red. <\/a><\/div>\n<\/div>\n<p><span class=\"ui-provider ee beg beh bei bej bek bel bem ben beo bep beq ber bes bet beu bev bew bex bey bez bfa bfb bfc bfd bfe bff bfg bfh bfi bfj bfk bfl bfm bfn\" dir=\"ltr\"><\/p>\n<div class=\"accordion\">\n<h2 class=\"accordion-header\"><\/span><br \/>\n<span class=\"ui-provider ee beg beh bei bej bek bel bem ben beo bep beq ber bes bet beu bev bew bex bey bez bfa bfb bfc bfd bfe bff bfg bfh bfi bfj bfk bfl bfm bfn\" dir=\"ltr\"> <\/span><strong>\u00bfMis dispositivos no se comunican con la nube EasyLog?<\/strong><br \/>\n<i class=\"fas fa-chevron-circle-down\"><\/i><\/h2>\n<div class=\"accordion-content\">Las razones por las que tu dispositivo puede estar teniendo problemas de comunicaci\u00f3n con la nube pueden ser;<\/p>\n<ul>\n<li>Hay una se\u00f1al d\u00e9bil entre el dispositivo y el router<\/li>\n<li>La bater\u00eda de tu dispositivo est\u00e1 baja.<\/li>\n<li>Puede que el SSID o la contrase\u00f1a del router hayan cambiado<\/li>\n<li>El router se ha desconectado o se ha apagado<\/li>\n<li>Hay un obst\u00e1culo que bloquea la se\u00f1al, como paredes met\u00e1licas o de hormig\u00f3n<\/li>\n<\/ul>\n<p>Estas razones deben tenerse en cuenta al configurar inicialmente tu dispositivo para tener el mayor \u00e9xito al comunicarte con la Nube.<\/p><\/div>\n<\/div>\n<p><\/span><\/p>\n<p><span class=\"ui-provider ee beg beh bei bej bek bel bem ben beo bep beq ber bes bet beu bev bew bex bey bez bfa bfb bfc bfd bfe bff bfg bfh bfi bfj bfk bfl bfm bfn\" dir=\"ltr\"><\/p>\n<div class=\"accordion\">\n<h2 class=\"accordion-header\"><\/span><br \/>\n<span class=\"ui-provider ee beg beh bei bej bek bel bem ben beo bep beq ber bes bet beu bev bew bex bey bez bfa bfb bfc bfd bfe bff bfg bfh bfi bfj bfk bfl bfm bfn\" dir=\"ltr\"> <\/span><strong>\u00bfC\u00f3mo fuerzo una transmisi\u00f3n desde mi dispositivo?<\/strong> <span class=\"ui-provider ee beg beh bei bej bek bel bem ben beo bep beq ber bes bet beu bev bew bex bey bez bfa bfb bfc bfd bfe bff bfg bfh bfi bfj bfk bfl bfm bfn\" dir=\"ltr\"><\/span><br \/>\n<i class=\"fas fa-chevron-circle-down\"><\/i><\/h2>\n<div class=\"accordion-content\">EL-WIFI &#8211; Cuando el sensor est\u00e9 mostrando la pantalla principal de lectura en la pantalla LCD, pulsa tres veces el bot\u00f3n de la parte frontal. Aparecer\u00e1n r\u00e1pidamente las pantallas de M\u00c1X, M\u00cdN e Intensidad de la se\u00f1al. El aparato intentar\u00e1 transmitir sus \u00faltimos datos inmediatamente, independientemente del ajuste de la velocidad de transmisi\u00f3n.<\/p>\n<p>EL-IOT &#8211; Debes mantener pulsado el bot\u00f3n principal del dispositivo durante 1-8 segundos. Esto reconoce una alarma, crea un evento de auditor\u00eda en el registro y fuerza la sincronizaci\u00f3n de datos con la Nube.<\/p>\n<p>EL-WEM &#8211; Como el EL-WEM tiene una frecuencia de actualizaci\u00f3n r\u00e1pida por defecto, no hay forma de forzar la transmisi\u00f3n con la nube.<\/p><\/div>\n<\/div>\n<p><span class=\"ui-provider ee beg beh bei bej bek bel bem ben beo bep beq ber bes bet beu bev bew bex bey bez bfa bfb bfc bfd bfe bff bfg bfh bfi bfj bfk bfl bfm bfn\" dir=\"ltr\"><\/p>\n<div class=\"accordion\">\n<h2 class=\"accordion-header\"><\/span><br \/>\n<span class=\"ui-provider ee beg beh bei bej bek bel bem ben beo bep beq ber bes bet beu bev bew bex bey bez bfa bfb bfc bfd bfe bff bfg bfh bfi bfj bfk bfl bfm bfn\" dir=\"ltr\"> <\/span><strong>\u00bfC\u00f3mo puedo restablecer mi sensor?<\/strong> <span class=\"ui-provider ee beg beh bei bej bek bel bem ben beo bep beq ber bes bet beu bev bew bex bey bez bfa bfb bfc bfd bfe bff bfg bfh bfi bfj bfk bfl bfm bfn\" dir=\"ltr\"><\/span><br \/>\n<i class=\"fas fa-chevron-circle-down\"><\/i><\/h2>\n<div class=\"accordion-content\">SE RECOMIENDA QUE ARCHIVES EL DISPOSITIVO EN TU P\u00c1GINA DE DISPOSITIVOS EN LA NUBE EASYLOG ANTES DE REALIZAR UN RESTABLECIMIENTO DE F\u00c1BRICA.<\/p>\n<p>EL-WIFI &#8211; El aparato se puede reiniciar manteniendo pulsado el bot\u00f3n durante 10 segundos. Suelta el bot\u00f3n cuando aparezca RST en la pantalla. El dispositivo conservar\u00e1 todos los ajustes, pero perder\u00e1 los datos que no se hayan transferido a la Nube EasyLog. Seguir\u00e1 conectado a la cuenta con la que se configur\u00f3 y simplemente iniciar\u00e1 una nueva sesi\u00f3n de grabaci\u00f3n.<\/p>\n<p>Si es necesario, tambi\u00e9n se puede realizar un restablecimiento completo de f\u00e1brica manteniendo pulsado el bot\u00f3n durante 20 segundos hasta que aparezca FArS en la pantalla. Al hacer esto, el dispositivo volver\u00e1 al estado de f\u00e1brica, eliminando todos los ajustes y borrando los datos restantes. El dispositivo dejar\u00e1 de estar conectado a cualquier red o cuenta de EasyLog Cloud.<\/p>\n<p>EL-IOT &#8211; Para reiniciar el aparato, debes quitar la tapa de la bater\u00eda con un destornillador. Una vez retirado, hay un bot\u00f3n de reinicio que se puede pulsar con un alfiler. Mant\u00e9n pulsado este bot\u00f3n durante unos segundos hasta que el aparato emita un pitido.<\/p>\n<p>EL-WEM &#8211; Para reiniciar el aparato, hay un bot\u00f3n de reinicio en la parte inferior de la base. Pulsa el bot\u00f3n y su\u00e9ltalo despu\u00e9s de 1 segundo.<\/p>\n<p>Para restablecer de f\u00e1brica el dispositivo, mant\u00e9n pulsado el mismo bot\u00f3n de restablecimiento durante 5 segundos.<\/p><\/div>\n<\/div>\n<p><span class=\"ui-provider ee beg beh bei bej bek bel bem ben beo bep beq ber bes bet beu bev bew bex bey bez bfa bfb bfc bfd bfe bff bfg bfh bfi bfj bfk bfl bfm bfn\" dir=\"ltr\"><\/p>\n<div class=\"accordion\">\n<h2 class=\"accordion-header\"><\/span><br \/>\n<span class=\"ui-provider ee beg beh bei bej bek bel bem ben beo bep beq ber bes bet beu bev bew bex bey bez bfa bfb bfc bfd bfe bff bfg bfh bfi bfj bfk bfl bfm bfn\" dir=\"ltr\"> <\/span><strong>\u00bfPor qu\u00e9 han desaparecido mis datos y c\u00f3mo puedo verlos?<\/strong><br \/>\n<i class=\"fas fa-chevron-circle-down\"><\/i><\/h2>\n<div class=\"accordion-content\">Abre la Nube EasyLog y ve a la vista gr\u00e1fica del sensor del que deseas ver los datos. Ahora selecciona el bot\u00f3n \u00abSesiones\u00bb y selecciona la sesi\u00f3n que tiene el rango de datos que deseas ver. Se registra el motivo de las nuevas sesiones, a menudo se debe a cambios de zona horaria, como el horario de verano. De esta forma se mantiene la integridad de los datos.<\/p>\n<p><img loading=\"lazy\" decoding=\"async\" class=\"alignnone wp-image-10761\" src=\"https:\/\/praxas.com\/wp-content\/uploads\/EL-Cloud-View-of-Graph-300x174.png\" alt=\"Vista del gr\u00e1fico EL-Cloud\" width=\"800\" height=\"464\" srcset=\"https:\/\/praxas.com\/wp-content\/uploads\/EL-Cloud-View-of-Graph-300x174.png 300w, https:\/\/praxas.com\/wp-content\/uploads\/EL-Cloud-View-of-Graph-768x444.png 768w, https:\/\/praxas.com\/wp-content\/uploads\/EL-Cloud-View-of-Graph-120x69.png 120w, https:\/\/praxas.com\/wp-content\/uploads\/EL-Cloud-View-of-Graph-441x255.png 441w, https:\/\/praxas.com\/wp-content\/uploads\/EL-Cloud-View-of-Graph-150x87.png 150w, https:\/\/praxas.com\/wp-content\/uploads\/EL-Cloud-View-of-Graph.png 800w\" sizes=\"auto, (max-width: 800px) 100vw, 800px\" \/><\/div>\n<\/div>\n<div class=\"accordion\">\n<h2 class=\"accordion-header\"><strong>\u00bfPor qu\u00e9 mi dispositivo no se conecta a la red inal\u00e1mbrica? <\/strong><br \/>\n<i class=\"fas fa-chevron-circle-down\"><\/i><\/h2>\n<div class=\"accordion-content\">Puedes realizar los siguientes pasos para solucionar este problema:<\/p>\n<p>Comprobaciones b\u00e1sicas:<\/p>\n<p>1) Comprueba que la contrase\u00f1a introducida es correcta.<\/p>\n<p>2) Aseg\u00farate de que el nombre del SSID no contiene espacios ni otros caracteres especiales.<\/p>\n<p>3) Comprueba que tu red tiene conexi\u00f3n a Internet.<\/p>\n<p>4) Comprueba que el dispositivo est\u00e1 dentro del alcance del router.<\/p>\n<p>5) Se requiere una red de 2,4 GHz compatible con 802.11b, g o n. Las redes de 5GHz no son compatibles.<\/p>\n<p>Comprobaciones avanzadas de la red:<\/p>\n<p>6) El puerto TCP 14354 est\u00e1 abierto para el tr\u00e1fico saliente en toda tu red y cortafuegos.<\/p>\n<p>7) Aseg\u00farate de que el filtrado MAC no est\u00e1 activado, o si lo est\u00e1, que la direcci\u00f3n MAC del dispositivo est\u00e1 incluida en la lista de dispositivos conocidos.<\/p>\n<p>8) Comprueba que el servicio DHCP est\u00e1 en funcionamiento. Esto permite asignar al dispositivo una direcci\u00f3n IP. Normalmente, el servicio DHCP se ejecuta en tu router o en un servidor de red. Aseg\u00farate de que el rango de direcciones IP DHCP configurado permite a\u00f1adir nuevos dispositivos, si no ampl\u00eda el rango.<\/p>\n<p>9) Si tu red inal\u00e1mbrica utiliza la autenticaci\u00f3n WPA Enterprise, aseg\u00farate de que durante la configuraci\u00f3n se selecciona el tipo de autenticaci\u00f3n correcto en el cuadro desplegable. S\u00f3lo se admiten los tipos indicados.<\/p><\/div>\n<\/div>\n<div class=\"accordion\">\n<h2 class=\"accordion-header\"><strong>\u00bfQu\u00e9 duraci\u00f3n de bater\u00eda puedo esperar de mi dispositivo, y perder\u00e9 mis datos si se agota?<\/strong><br \/>\n<i class=\"fas fa-chevron-circle-down\"><\/i><\/h2>\n<div class=\"accordion-content\">Hay varios factores que pueden afectar significativamente a la duraci\u00f3n de la bater\u00eda del dispositivo, entre ellos: el horario de sincronizaci\u00f3n, el m\u00e9todo de encriptaci\u00f3n Wi-Fi, la frecuencia de rotaci\u00f3n de la clave de encriptaci\u00f3n Wi-Fi (determinada por el punto de acceso o el router), la intensidad de la se\u00f1al entre el punto de acceso o el router y el dispositivo, el volumen de presencia y el tipo de tr\u00e1fico Wi-Fi de otros dispositivos, la frecuencia de muestreo y la temperatura de funcionamiento. En nuestras pruebas, conseguimos regularmente una duraci\u00f3n de la bater\u00eda superior a seis meses con una velocidad de transmisi\u00f3n de una hora o m\u00e1s a temperatura ambiente. El aparato no tomar\u00e1 lecturas cuando no haya corriente, pero se sincronizar\u00e1n todas las lecturas tomadas antes de la p\u00e9rdida de corriente. Una vez recargado, el dispositivo volver\u00e1 a conectarse a la nube EasyLog, iniciar\u00e1 una nueva sesi\u00f3n de grabaci\u00f3n y continuar\u00e1 grabando.<\/p>\n<p>EL-WIFI &#8211; La bater\u00eda de este dispositivo es recargable y la carga suele durar 6 meses. Tambi\u00e9n puedes alimentar el aparato a trav\u00e9s de la red el\u00e9ctrica.<\/p>\n<p>EL-IOT &#8211; Las pilas suelen durar m\u00e1s de un a\u00f1o. El aparato funciona con 4 pilas AA de 1,5 V<\/p>\n<p>EL-WEM &#8211; Este aparato debe estar siempre alimentado por la red el\u00e9ctrica.<\/p><\/div>\n<\/div>\n<div class=\"accordion\">\n<h2 class=\"accordion-header\"><strong>\u00bfC\u00f3mo archivo o elimino un dispositivo?<\/strong> <span class=\"ui-provider ee beg beh bei bej bek bel bem ben beo bep beq ber bes bet beu bev bew bex bey bez bfa bfb bfc bfd bfe bff bfg bfh bfi bfj bfk bfl bfm bfn\" dir=\"ltr\"><\/span><br \/>\n<i class=\"fas fa-chevron-circle-down\"><\/i><\/h2>\n<div class=\"accordion-content\">Selecciona el\/los dispositivo(s) y haz clic en el bot\u00f3n de men\u00fa en la parte superior derecha de la P\u00e1gina de Dispositivos, este men\u00fa contiene las opciones tanto para archivar como para eliminar un dispositivo.<\/div>\n<\/div>\n<div class=\"accordion\">\n<h2 class=\"accordion-header\"><strong>\u00bfEn qu\u00e9 se diferencia 21CFR de EasyLog Cloud?<\/strong><br \/>\n<i class=\"fas fa-chevron-circle-down\"><\/i><\/h2>\n<div class=\"accordion-content\">21CFR Parte 11 es una normativa de la FDA estadounidense que regula los registros electr\u00f3nicos de datos para los fabricantes de alimentos y productos farmac\u00e9uticos. Los sistemas que cumplen la normativa 21CFR requieren nuestro hardware designado 21CFR y nuestro servicio en la nube independiente 21CFR.<\/div>\n<\/div>\n<div class=\"accordion\">\n<h2 class=\"accordion-header\"><strong>\u00bfC\u00f3mo funciona la suscripci\u00f3n a EasyLog Cloud?<\/strong><br \/>\n<i class=\"fas fa-chevron-circle-down\"><\/i><\/h2>\n<div class=\"accordion-content\">Visita la p\u00e1gina de inscripci\u00f3n, donde podr\u00e1s mover los controles deslizantes para seleccionar las distintas funciones que necesites. Puedes suscribirte con tarjeta para una facturaci\u00f3n mensual autom\u00e1tica o las empresas pueden ponerse en contacto con su oficina de ventas local para suscripciones a m\u00e1s largo plazo. <a href=\"https:\/\/www.easylogcloud.com\/accounttype.aspx\" target=\"_blank\" rel=\"noopener\">https:\/\/www.easylogcloud.com\/accounttype.aspx<\/a><\/div>\n<\/div>\n<div class=\"accordion\">\n<h2 class=\"accordion-header\"><strong>\u00bfPor qu\u00e9 no recibo correos electr\u00f3nicos de mis alertas Cloud?<\/strong><br \/>\n<i class=\"fas fa-chevron-circle-down\"><\/i><\/h2>\n<div class=\"accordion-content\">Si no recibes notificaciones por correo electr\u00f3nico de las alertas en la nube, puede deberse a que;<\/p>\n<ul>\n<li>Puede que te hayas dado de baja de la lista de correo. Puedes restablecerlo en la p\u00e1gina de la cuenta en la nube o poni\u00e9ndote en contacto con nosotros a trav\u00e9s de la p\u00e1gina de asistencia.<\/li>\n<li>Es posible que tu empresa tenga bloqueada nuestra direcci\u00f3n de correo electr\u00f3nico en su sistema como parte de su pol\u00edtica. Puede que tengas que pedir permiso para permitir que se reciban los correos electr\u00f3nicos.<\/li>\n<li>Puede que no tengas correctamente configuradas las notificaciones por correo electr\u00f3nico. Mira este tutorial sobre c\u00f3mo configurar las notificaciones &#8211; <a href=\"https:\/\/youtu.be\/bSCzU2txTIo\" target=\"_blank\" rel=\"noopener\"><br \/>\n<strong>https:\/\/youtu.be\/bSCzU2txTIo<\/strong><br \/>\n<\/a><\/li>\n<\/ul>\n<\/div>\n<\/div>\n<div class=\"accordion\">\n<h2 class=\"accordion-header\"><strong>\u00bfPor qu\u00e9 algunas de mis pesta\u00f1as en la configuraci\u00f3n de la cuenta est\u00e1n en gris y son inaccesibles?<\/strong><br \/>\n<i class=\"fas fa-chevron-circle-down\"><\/i><\/h2>\n<div class=\"accordion-content\">Si tienes problemas para acceder a las pesta\u00f1as en gris, intenta reducir el nivel de zoom de tu navegador. Puedes hacerlo utilizando Ctrl &#8211; o Ctrl y la rueda del rat\u00f3n. En los dispositivos m\u00f3viles, pueden ser inaccesibles debido al tama\u00f1o de la pantalla.<\/div>\n<\/div>\n","protected":false},"excerpt":{"rendered":"","protected":false},"author":2,"featured_media":0,"parent":31456,"menu_order":0,"comment_status":"closed","ping_status":"closed","template":"template-fullwidth.php","meta":{"_acf_changed":false,"content-type":"","_uag_custom_page_level_css":"","footnotes":""},"class_list":["post-31417","page","type-page","status-publish","hentry"],"acf":[],"spectra_custom_meta":{"hero_image":[""],"_hero_image":["field_64f1a7da7af44"],"_hero_h1":["field_64f19e1edd052"],"_hero_h2":["field_64f19e2ddd053"],"_hero_text":["field_64f19e42dd054"],"_hero_button_text":["field_64f19e4edd055"],"_hero_button_link":["field_64f19e5ddd056"],"_top_nav_excluded":[""],"_cms_nav_minihome":[""],"_wp_page_template":["template-fullwidth.php"],"_last_translation_edit_mode":["native-editor"],"rank_math_og_content_image":["a:2:{s:5:\"check\";s:32:\"e57e96d8b0ef88356a348bfd69698118\";s:6:\"images\";a:1:{i:0;i:10761;}}"],"_edit_lock":["1760947495:8383"],"classic-editor-remember":["classic-editor"],"rank_math_seo_score":["60"],"_edit_last":["8383"],"hero_h1":[""],"hero_h2":[""],"hero_text":[""],"hero_button_text":[""],"hero_button_link":[""],"_wpml_media_duplicate":["1"],"_wpml_media_featured":["1"],"_wpml_word_count":["1398"],"rank_math_title":["Soporte EL-WiFi | Soporte Registrador de datos WiFi | Praxas"],"rank_math_description":["Si necesitas ayuda con tus Registradores de Datos WiFi, consulta nuestra p\u00e1gina de Soporte para Registradores de Datos WiFI o ponte en contacto con Praxas hoy mismo."],"rank_math_focus_keyword":["Soporte EL-WiFi"],"rank_math_contentai_score":["a:5:{s:8:\"keywords\";s:5:\"74.51\";s:9:\"wordCount\";s:1:\"0\";s:9:\"linkCount\";s:1:\"0\";s:12:\"headingCount\";s:1:\"0\";s:10:\"mediaCount\";s:1:\"0\";}"],"rank_math_rich_snippet":["off"],"rank_math_analytic_object_id":["1291"],"_uag_page_assets":["a:9:{s:3:\"css\";s:0:\"\";s:2:\"js\";s:0:\"\";s:18:\"current_block_list\";a:0:{}s:8:\"uag_flag\";b:0;s:11:\"uag_version\";s:10:\"1776763693\";s:6:\"gfonts\";a:0:{}s:10:\"gfonts_url\";s:0:\"\";s:12:\"gfonts_files\";a:0:{}s:14:\"uag_faq_layout\";b:0;}"]},"uagb_featured_image_src":{"full":false,"thumbnail":false,"medium":false,"medium_large":false,"large":false,"1536x1536":false,"2048x2048":false,"crunchify-admin-post-featured-image":false,"commercegurus-pdp-large":false,"commercegurus-plp-mobile":false,"cgkit_image_swatch":false,"woocommerce_thumbnail":false,"woocommerce_single":false,"woocommerce_gallery_thumbnail":false},"uagb_author_info":{"display_name":"Andy Price","author_link":"https:\/\/praxas.com\/es\/author\/andyp\/"},"uagb_comment_info":0,"uagb_excerpt":null,"_links":{"self":[{"href":"https:\/\/praxas.com\/es\/wp-json\/wp\/v2\/pages\/31417","targetHints":{"allow":["GET"]}}],"collection":[{"href":"https:\/\/praxas.com\/es\/wp-json\/wp\/v2\/pages"}],"about":[{"href":"https:\/\/praxas.com\/es\/wp-json\/wp\/v2\/types\/page"}],"author":[{"embeddable":true,"href":"https:\/\/praxas.com\/es\/wp-json\/wp\/v2\/users\/2"}],"replies":[{"embeddable":true,"href":"https:\/\/praxas.com\/es\/wp-json\/wp\/v2\/comments?post=31417"}],"version-history":[{"count":9,"href":"https:\/\/praxas.com\/es\/wp-json\/wp\/v2\/pages\/31417\/revisions"}],"predecessor-version":[{"id":52760,"href":"https:\/\/praxas.com\/es\/wp-json\/wp\/v2\/pages\/31417\/revisions\/52760"}],"up":[{"embeddable":true,"href":"https:\/\/praxas.com\/es\/wp-json\/wp\/v2\/pages\/31456"}],"wp:attachment":[{"href":"https:\/\/praxas.com\/es\/wp-json\/wp\/v2\/media?parent=31417"}],"curies":[{"name":"wp","href":"https:\/\/api.w.org\/{rel}","templated":true}]}}