{"id":31419,"date":"2023-09-21T11:28:08","date_gmt":"2023-09-21T11:28:08","guid":{"rendered":"https:\/\/staging.praxas.com\/soporte-del-registrador-de-datos-de-la-cadena-de-frio\/"},"modified":"2025-06-20T09:44:25","modified_gmt":"2025-06-20T09:44:25","slug":"soporte-del-registrador-de-datos-de-la-cadena-de-frio","status":"publish","type":"page","link":"https:\/\/praxas.com\/es\/ayuda\/soporte-del-registrador-de-datos-de-la-cadena-de-frio\/","title":{"rendered":"Soporte del Registrador de Datos de la Cadena de Fr\u00edo"},"content":{"rendered":"<h2><strong>Preguntas frecuentes<\/strong><\/h2>\n<p><span class=\"ui-provider azr azs azt azu azv azw azx azy azz baa bab bac bae baf bag bah bai baj bak bal bam ban bao bap baq bar bas bat bau bav baw bax bay baz bba\" dir=\"ltr\"><\/p>\n<div class=\"accordion\">\n<h2 class=\"accordion-header\">\u00bfEs mi registrador CC-2 resistente al agua?<br \/>\n<i class=\"fas fa-chevron-circle-down\"><\/i><\/h2>\n<div class=\"accordion-content\">Est\u00e1 contenido en una cartera de pl\u00e1stico con clasificaci\u00f3n IP67, por lo que es resistente al agua hasta que rompas el precinto de la cartera.<\/div>\n<\/div>\n<p><\/span><\/p>\n<p><span class=\"ui-provider azr azs azt azu azv azw azx azy azz baa bab bac bae baf bag bah bai baj bak bal bam ban bao bap baq bar bas bat bau bav baw bax bay baz bba\" dir=\"ltr\"><\/p>\n<div class=\"accordion\">\n<h2 class=\"accordion-header\">\u00bfPuedo cambiar los niveles de alarma de mi registrador CC-2?<br \/>\n<i class=\"fas fa-chevron-circle-down\"><\/i><\/h2>\n<div class=\"accordion-content\">No, los niveles de alarma est\u00e1n preestablecidos y no se pueden cambiar. Sin embargo, Lascar tambi\u00e9n puede proporcionar configuraciones personalizadas de este registrador si lo solicitas, en las que las alarmas de alta y baja temperatura y humedad se ajustan a tus requisitos. Si te interesa, ponte en contacto con su <a href=\"https:\/\/lascarelectronics.com\/contact-us\/\" target=\"_blank\" rel=\"noopener\">equipo de ventas<\/a>.<\/div>\n<\/div>\n<p><\/span><\/p>\n<p><span class=\"ui-provider azr azs azt azu azv azw azx azy azz baa bab bac bae baf bag bah bai baj bak bal bam ban bao bap baq bar bas bat bau bav baw bax bay baz bba\" dir=\"ltr\"><\/p>\n<div class=\"accordion\">\n<h2 class=\"accordion-header\">\u00bfC\u00f3mo apago mi registrador CC-2?<br \/>\n<i class=\"fas fa-chevron-circle-down\"><\/i><\/h2>\n<div class=\"accordion-content\">No es posible apagar completamente el registrador, pero puedes detener su registro pulsando el bot\u00f3n Inicio\/Parada.<\/div>\n<\/div>\n<p><\/span><\/p>\n<p><span class=\"ui-provider azr azs azt azu azv azw azx azy azz baa bab bac bae baf bag bah bai baj bak bal bam ban bao bap baq bar bas bat bau bav baw bax bay baz bba\" dir=\"ltr\"><\/p>\n<div class=\"accordion\">\n<h2 class=\"accordion-header\">\u00bfHay alarmas de nivel de humedad en mi registrador CC-2?<br \/>\n<i class=\"fas fa-chevron-circle-down\"><\/i><\/h2>\n<div class=\"accordion-content\">No, en los modelos est\u00e1ndar los niveles de alarma s\u00f3lo se fijan para la temperatura, pero el registrador registrar\u00e1 tanto los datos de temperatura como los de humedad. Ten en cuenta, no obstante, que Lascar puede ofrecer versiones personalizadas de este registrador en las que las alarmas de temperatura y humedad se ajustan a tus especificaciones. Si te interesa, ponte en contacto con nuestro <a href=\"https:\/\/lascarelectronics.com\/contact-us\/\" target=\"_blank\" rel=\"noopener\">equipo de ventas<\/a>.<\/div>\n<\/div>\n<p><\/span><\/p>\n<p><span class=\"ui-provider azr azs azt azu azv azw azx azy azz baa bab bac bae baf bag bah bai baj bak bal bam ban bao bap baq bar bas bat bau bav baw bax bay baz bba\" dir=\"ltr\"><\/p>\n<div class=\"accordion\">\n<h2 class=\"accordion-header\">\u00bfC\u00f3mo puedo saber si mi registrador CC-2 funciona normalmente?<br \/>\n<i class=\"fas fa-chevron-circle-down\"><\/i><\/h2>\n<div class=\"accordion-content\">Puedes obtener informaci\u00f3n sobre el estado del registrador pulsando el bot\u00f3n circular rojo y blanco, que har\u00e1 parpadear un indicador LED. Consulta la <span style=\"text-decoration: underline;\"><br \/>\n  <strong><br \/>\n    <a href=\"\/wp-content\/uploads\/easylog_cc-2_quick-start-guide_v1_07-17.pdf\">Gu\u00eda de inicio r\u00e1pido<\/a><br \/>\n  <\/strong><br \/>\n<\/span> para saber qu\u00e9 significan los parpadeos.<\/div>\n<\/div>\n<p><\/span><\/p>\n<p><span class=\"ui-provider azr azs azt azu azv azw azx azy azz baa bab bac bae baf bag bah bai baj bak bal bam ban bao bap baq bar bas bat bau bav baw bax bay baz bba\" dir=\"ltr\"><\/p>\n<div class=\"accordion\">\n<h2 class=\"accordion-header\">\u00bfC\u00f3mo configuro mi registrador CC-2?<br \/>\n<i class=\"fas fa-chevron-circle-down\"><\/i><\/h2>\n<div class=\"accordion-content\">El aparato est\u00e1 preconfigurado con niveles de alarma de temperatura, s\u00f3lo tienes que pulsar el bot\u00f3n circular rojo y blanco para empezar a registrar la temperatura y la humedad.<\/div>\n<\/div>\n<p><\/span><\/p>\n<p>&nbsp;<\/p>\n","protected":false},"excerpt":{"rendered":"<p>Preguntas frecuentes &nbsp;<\/p>\n","protected":false},"author":2,"featured_media":0,"parent":31456,"menu_order":0,"comment_status":"closed","ping_status":"closed","template":"template-fullwidth.php","meta":{"_acf_changed":false,"content-type":"","_uag_custom_page_level_css":"","footnotes":""},"class_list":["post-31419","page","type-page","status-publish","hentry"],"acf":[],"spectra_custom_meta":{"hero_image":[""],"_hero_image":["field_64f1a7da7af44"],"_hero_h1":["field_64f19e1edd052"],"_hero_h2":["field_64f19e2ddd053"],"_hero_text":["field_64f19e42dd054"],"_hero_button_text":["field_64f19e4edd055"],"_hero_button_link":["field_64f19e5ddd056"],"_top_nav_excluded":[""],"_cms_nav_minihome":[""],"_wp_page_template":["template-fullwidth.php"],"_last_translation_edit_mode":["translation-editor"],"_edit_lock":["1721723131:8383"],"classic-editor-remember":["classic-editor"],"rank_math_seo_score":["18"],"_edit_last":["8383"],"hero_h1":[""],"hero_h2":[""],"hero_text":[""],"hero_button_text":[""],"hero_button_link":[""],"_wpml_media_duplicate":["1"],"_wpml_media_featured":["1"],"rank_math_title":["Soporte Registrador de Datos de la Cadena de Fr\u00edo | EL-CC y EL-PDF | Lascar"],"rank_math_description":["Si necesitas asistencia para el registrador de datos de la cadena de fr\u00edo, \u00a1no dudes en ponerte en contacto con nuestro equipo de ventas hoy mismo! O puedes consultar una serie de preguntas frecuentes en nuestro sitio web"],"rank_math_focus_keyword":["Soporte del Registrador de Datos de la Cadena de Fr\u00edo"],"_wpml_word_count":["302"],"_uag_page_assets":["a:9:{s:3:\"css\";s:0:\"\";s:2:\"js\";s:0:\"\";s:18:\"current_block_list\";a:0:{}s:8:\"uag_flag\";b:0;s:11:\"uag_version\";s:10:\"1776763693\";s:6:\"gfonts\";a:0:{}s:10:\"gfonts_url\";s:0:\"\";s:12:\"gfonts_files\";a:0:{}s:14:\"uag_faq_layout\";b:0;}"]},"uagb_featured_image_src":{"full":false,"thumbnail":false,"medium":false,"medium_large":false,"large":false,"1536x1536":false,"2048x2048":false,"crunchify-admin-post-featured-image":false,"commercegurus-pdp-large":false,"commercegurus-plp-mobile":false,"cgkit_image_swatch":false,"woocommerce_thumbnail":false,"woocommerce_single":false,"woocommerce_gallery_thumbnail":false},"uagb_author_info":{"display_name":"Andy Price","author_link":"https:\/\/praxas.com\/es\/author\/andyp\/"},"uagb_comment_info":0,"uagb_excerpt":"Preguntas frecuentes &nbsp;","_links":{"self":[{"href":"https:\/\/praxas.com\/es\/wp-json\/wp\/v2\/pages\/31419","targetHints":{"allow":["GET"]}}],"collection":[{"href":"https:\/\/praxas.com\/es\/wp-json\/wp\/v2\/pages"}],"about":[{"href":"https:\/\/praxas.com\/es\/wp-json\/wp\/v2\/types\/page"}],"author":[{"embeddable":true,"href":"https:\/\/praxas.com\/es\/wp-json\/wp\/v2\/users\/2"}],"replies":[{"embeddable":true,"href":"https:\/\/praxas.com\/es\/wp-json\/wp\/v2\/comments?post=31419"}],"version-history":[{"count":3,"href":"https:\/\/praxas.com\/es\/wp-json\/wp\/v2\/pages\/31419\/revisions"}],"predecessor-version":[{"id":49840,"href":"https:\/\/praxas.com\/es\/wp-json\/wp\/v2\/pages\/31419\/revisions\/49840"}],"up":[{"embeddable":true,"href":"https:\/\/praxas.com\/es\/wp-json\/wp\/v2\/pages\/31456"}],"wp:attachment":[{"href":"https:\/\/praxas.com\/es\/wp-json\/wp\/v2\/media?parent=31419"}],"curies":[{"name":"wp","href":"https:\/\/api.w.org\/{rel}","templated":true}]}}