{"id":31421,"date":"2023-09-21T11:27:16","date_gmt":"2023-09-21T11:27:16","guid":{"rendered":"https:\/\/staging.praxas.com\/soporte-para-registrador-de-datos-el-usb\/"},"modified":"2025-06-20T09:44:22","modified_gmt":"2025-06-20T09:44:22","slug":"soporte-para-registrador-de-datos-el-usb","status":"publish","type":"page","link":"https:\/\/praxas.com\/es\/ayuda\/soporte-para-registrador-de-datos-el-usb\/","title":{"rendered":"Soporte para registrador de datos EL-USB"},"content":{"rendered":"<div class=\"accordion\">\n<h2 class=\"accordion-header\"><strong>\u00bfC\u00f3mo instalo manualmente los controladores para mi registrador de datos USB EasyLog? <\/strong><strong><br \/>\n<\/strong><br \/>\n<i class=\"fas fa-chevron-circle-down\"><\/i><\/h2>\n<div class=\"accordion-content\">Para los usuarios que necesiten instalar manualmente los controladores para su registrador de datos USB, por favor <span style=\"text-decoration: underline;\"><a href=\"\/wp-content\/uploads\/easylog_usb-manual-driver-install.pdf\"><strong>haz clic aqu\u00ed<\/strong><\/a><\/span> para obtener instrucciones basadas en tu sistema operativo individual.<\/div>\n<\/div>\n<div class=\"accordion\">\n<h2 class=\"accordion-header\"><strong>\u00bfC\u00f3mo cambio la pila de mi registrador?  <\/strong><strong><br \/>\n<\/strong><br \/>\n<i class=\"fas fa-chevron-circle-down\"><\/i><\/h2>\n<div class=\"accordion-content\">\n<ul>\n<li>Gama EL-USB<br \/>\nTu registrador de datos se suministra con una<span style=\"text-decoration: underline;\"> <a href=\"https:\/\/praxas.com\/es\/product\/registradores-de-datos\/accesorios-es\/bat-3v6-1-2aa\/\"><strong>pila de 3,6 V 1\/2AA<\/strong><\/a><\/span> ya instalada. Puedes cambiar la pila siguiendo las instrucciones que aparecen a continuaci\u00f3n.<img loading=\"lazy\" decoding=\"async\" class=\"alignnone wp-image-10717\" src=\"https:\/\/praxas.com\/wp-content\/uploads\/el-usb-batteryreplacement-300x90.png\" alt=\"Sustituci\u00f3n de la pila de El USB\" width=\"702\" height=\"211\" srcset=\"https:\/\/praxas.com\/wp-content\/uploads\/el-usb-batteryreplacement-300x90.png 300w, https:\/\/praxas.com\/wp-content\/uploads\/el-usb-batteryreplacement-768x231.png 768w, https:\/\/praxas.com\/wp-content\/uploads\/el-usb-batteryreplacement-120x36.png 120w, https:\/\/praxas.com\/wp-content\/uploads\/el-usb-batteryreplacement-441x133.png 441w, https:\/\/praxas.com\/wp-content\/uploads\/el-usb-batteryreplacement-150x45.png 150w, https:\/\/praxas.com\/wp-content\/uploads\/el-usb-batteryreplacement.png 800w\" sizes=\"auto, (max-width: 702px) 100vw, 702px\" \/><\/li>\n<li>Gamas EL-CC-1 \/ EL-CC-2 \/ EL-PDF-1<\/li>\n<\/ul>\n<p>Son unidades selladas y las pilas no son sustituibles. Si se te ha agotado la pila, tendr\u00e1s que comprar un producto de sustituci\u00f3n.<\/p>\n<ul>\n<li>Gama EL-GFX<\/li>\n<\/ul>\n<p>Cuando sustituyas las dos <span style=\"text-decoration: underline;\"><strong><a href=\"https:\/\/praxas.com\/es\/product\/registradores-de-datos\/accesorios-es\/bat-3v6-1-2aa\/\">pilas de 3,6 V 1\/2AA<\/a><\/strong><\/span>afloja los dos tornillos situados en la base de la unidad. Retira la parte inferior de la carcasa para dejar al descubierto el compartimento de la bater\u00eda. Retira las pilas usadas y coloca las nuevas en su sitio. Vuelve a colocar la carcasa inferior y aprieta los tornillos.<\/p>\n<p><img loading=\"lazy\" decoding=\"async\" class=\"alignnone size-full wp-image-10722\" src=\"https:\/\/praxas.com\/wp-content\/uploads\/el-gfx-batteryreplacement.png\" alt=\"Cambio de bater\u00eda EL GFX\" width=\"199\" height=\"199\" srcset=\"https:\/\/praxas.com\/wp-content\/uploads\/el-gfx-batteryreplacement.png 199w, https:\/\/praxas.com\/wp-content\/uploads\/el-gfx-batteryreplacement-150x150.png 150w, https:\/\/praxas.com\/wp-content\/uploads\/el-gfx-batteryreplacement-120x120.png 120w, https:\/\/praxas.com\/wp-content\/uploads\/el-gfx-batteryreplacement-100x100.png 100w\" sizes=\"auto, (max-width: 199px) 100vw, 199px\" \/><\/p>\n<ul>\n<li>EL-USB-LITE<\/li>\n<\/ul>\n<p>Sin la tapa del registrador, retira el tornillo del extremo opuesto del registrador. Separa con cuidado las dos molduras y retira la bater\u00eda del soporte met\u00e1lico. Sustituye la pila por una <strong><a href=\"https:\/\/praxas.com\/es\/product\/registradores-de-datos\/accesorios-es\/mtd-3vx5\/\"><span style=\"text-decoration: underline;\">BAT 3VX5<\/span>.<\/a><\/strong><\/p>\n<p><img loading=\"lazy\" decoding=\"async\" class=\"alignnone wp-image-10724\" src=\"https:\/\/praxas.com\/wp-content\/uploads\/el-usb-lite-batteryreplacement-300x77.png\" alt=\"Sustituci\u00f3n de la pila del EL USB Lite\" width=\"656\" height=\"168\" srcset=\"https:\/\/praxas.com\/wp-content\/uploads\/el-usb-lite-batteryreplacement-300x77.png 300w, https:\/\/praxas.com\/wp-content\/uploads\/el-usb-lite-batteryreplacement-768x197.png 768w, https:\/\/praxas.com\/wp-content\/uploads\/el-usb-lite-batteryreplacement-120x31.png 120w, https:\/\/praxas.com\/wp-content\/uploads\/el-usb-lite-batteryreplacement-441x113.png 441w, https:\/\/praxas.com\/wp-content\/uploads\/el-usb-lite-batteryreplacement-150x38.png 150w, https:\/\/praxas.com\/wp-content\/uploads\/el-usb-lite-batteryreplacement.png 801w\" sizes=\"auto, (max-width: 656px) 100vw, 656px\" \/><\/p>\n<ul>\n<li>EL-USB-1-PRO<\/li>\n<\/ul>\n<p>Retira la tapa de la bater\u00eda con una moneda peque\u00f1a o algo similar y deja que la bater\u00eda se deslice hacia fuera. Sustituye la pila por una <span style=\"text-decoration: underline;\"><strong><a href=\"https:\/\/praxas.com\/es\/product\/registradores-de-datos\/accesorios-es\/bat-3v6-2-3aa-h-temp\/\">BATER\u00cdA 3V6 2\/3AA<\/a><\/strong><\/span> H TEMPy, a continuaci\u00f3n, vuelve a enroscar la tapa de la pila. Ten en cuenta que se trata de una pila especializada que permite el funcionamiento del registrador a alta temperatura. El uso de pilas inadecuadas puede provocar un incendio o una explosi\u00f3n a altas temperaturas.<\/p>\n<p><img loading=\"lazy\" decoding=\"async\" class=\"alignnone wp-image-10727\" src=\"https:\/\/praxas.com\/wp-content\/uploads\/el-usb-pro-batteryreplacement-300x77.png\" alt=\"Sustituci\u00f3n de la pila EL USB pro  \" width=\"647\" height=\"166\" srcset=\"https:\/\/praxas.com\/wp-content\/uploads\/el-usb-pro-batteryreplacement-300x77.png 300w, https:\/\/praxas.com\/wp-content\/uploads\/el-usb-pro-batteryreplacement-768x196.png 768w, https:\/\/praxas.com\/wp-content\/uploads\/el-usb-pro-batteryreplacement-120x31.png 120w, https:\/\/praxas.com\/wp-content\/uploads\/el-usb-pro-batteryreplacement-441x113.png 441w, https:\/\/praxas.com\/wp-content\/uploads\/el-usb-pro-batteryreplacement-150x38.png 150w, https:\/\/praxas.com\/wp-content\/uploads\/el-usb-pro-batteryreplacement.png 799w\" sizes=\"auto, (max-width: 647px) 100vw, 647px\" \/><\/p>\n<ul>\n<li>EL-USB-ACT<\/li>\n<\/ul>\n<p>El EL-USB-ACT se suministra con dos pilas AA instaladas. Para empezar a utilizarlo, hay que quitar la leng\u00fceta de la bater\u00eda como se muestra a continuaci\u00f3n. Para cambiar las pilas, s\u00f3lo tienes que aflojar el tornillo de la parte posterior del aparato y sustituirlas por otras dos pilas AA.<\/p>\n<p><img loading=\"lazy\" decoding=\"async\" class=\"alignnone wp-image-10728\" src=\"https:\/\/praxas.com\/wp-content\/uploads\/el-usb-act-batteryreplacement.png\" alt=\"Sustituci\u00f3n de la pila del acto USB EL\" width=\"213\" height=\"213\" srcset=\"https:\/\/praxas.com\/wp-content\/uploads\/el-usb-act-batteryreplacement.png 199w, https:\/\/praxas.com\/wp-content\/uploads\/el-usb-act-batteryreplacement-150x150.png 150w, https:\/\/praxas.com\/wp-content\/uploads\/el-usb-act-batteryreplacement-120x120.png 120w, https:\/\/praxas.com\/wp-content\/uploads\/el-usb-act-batteryreplacement-100x100.png 100w\" sizes=\"auto, (max-width: 213px) 100vw, 213px\" \/><\/p>\n<ul>\n<li>EL-USB-1-RCG<\/li>\n<\/ul>\n<p>El EL-USB-1-RCG incorpora una bater\u00eda recargable no sustituible. Si crees que la pila se ha agotado, conecta el registrador a un PC mediante un cable mini USB (CABLE USB A-MF) durante un m\u00e1ximo de cinco horas.<\/p><\/div>\n<\/div>\n<div class=\"accordion\">\n<h2 class=\"accordion-header\"><strong>\u00bfPor qu\u00e9 no funcionan mis pilas?  <\/strong><strong><br \/>\n<\/strong><br \/>\n<i class=\"fas fa-chevron-circle-down\"><\/i><\/h2>\n<div class=\"accordion-content\">Si no se utilizan durante largos periodos de tiempo, las pilas de litio metal, incluidas las utilizadas en la gama EasyLog de registradores de datos, forman de forma natural una capa interna no conductora -una capa de Pasivaci\u00f3n- que impide que se autodescarguen y aumenta eficazmente su vida \u00fatil. Cuando se instala por primera vez en el registrador de datos, puede provocar una ca\u00edda moment\u00e1nea de la tensi\u00f3n de la bater\u00eda (la Tensi\u00f3n M\u00ednima Transitoria) al romperse la capa interna, lo que provoca el reinicio del registrador de datos. Colocar las pilas en el registrador de datos y dejarlo conectado a un PC durante unos 30 segundos eliminar\u00e1 esta capa. Despu\u00e9s de esto, quita y vuelve a poner las pilas para reiniciar el registrador de datos. La duraci\u00f3n total de la bater\u00eda no se ver\u00e1 afectada.<\/div>\n<\/div>\n<div class=\"accordion\">\n<h2 class=\"accordion-header\"><strong>\u00bfCu\u00e1nto durar\u00e1 la bater\u00eda de mi registrador de datos?  <\/strong><strong><br \/>\n<\/strong><br \/>\n<i class=\"fas fa-chevron-circle-down\"><\/i><\/h2>\n<div class=\"accordion-content\">La duraci\u00f3n de la bater\u00eda depende del registrador que tengas y de la configuraci\u00f3n, en la hoja de datos de tu producto puedes ver la duraci\u00f3n de la bater\u00eda mostrada en la tabla de especificaciones.<\/div>\n<\/div>\n<div class=\"accordion\">\n<h2 class=\"accordion-header\"><strong>\u00bfLos registradores de datos USB son resistentes al agua?  <\/strong><br \/>\n<i class=\"fas fa-chevron-circle-down\"><\/i><\/h2>\n<div class=\"accordion-content\">Todos nuestros registradores de datos tienen una clasificaci\u00f3n IP en sus hojas de datos. La clasificaci\u00f3n IP es un c\u00f3digo de dos d\u00edgitos que indica el nivel de protecci\u00f3n que se proporciona contra objetos s\u00f3lidos y la entrada de agua, como se detalla a continuaci\u00f3n:<\/p>\n<p>Primera cifra &#8211; Protecci\u00f3n mec\u00e1nica<\/p>\n<ol>\n<li>Protegido contra objetos s\u00f3lidos de m\u00e1s de 50 mm<\/li>\n<li>Protegido contra objetos s\u00f3lidos de m\u00e1s de 12 mm<\/li>\n<li>Protegido contra objetos s\u00f3lidos de m\u00e1s de 2,5 mm<\/li>\n<li>Protegido contra objetos s\u00f3lidos de m\u00e1s de 1 mm<\/li>\n<li>Protegido contra el polvo nocivo, entrada limitada permitida<\/li>\n<li>Totalmente protegido contra el polvo<\/li>\n<\/ol>\n<p>Segunda cifra &#8211; Protecci\u00f3n contra la penetraci\u00f3n de agua<\/p>\n<ol>\n<li>Protegido contra la ca\u00edda vertical de gotas de agua<\/li>\n<li>Protegido contra los chorros directos de agua hasta 15\u00b0 de la vertical<\/li>\n<li>Protegido contra los chorros directos de agua hasta 60\u00b0 de la vertical<\/li>\n<li>Protegido contra salpicaduras de agua desde todas las direcciones, se permite una entrada limitada<\/li>\n<li>Protegido contra chorros de agua a baja presi\u00f3n desde todas las direcciones, se permite una entrada limitada<\/li>\n<li>Protegido contra fuertes chorros de agua, entrada limitada permitida<\/li>\n<li>Protegido contra la inmersi\u00f3n hasta 1 m de profundidad durante un m\u00e1ximo de 30 minutos<\/li>\n<\/ol>\n<\/div>\n<\/div>\n<div class=\"accordion\">\n<h2 class=\"accordion-header\"><strong>\u00bfQu\u00e9 significan los s\u00edmbolos de mi datalogger USB-LCD?  <\/strong><br \/>\n<i class=\"fas fa-chevron-circle-down\"><\/i><\/h2>\n<div class=\"accordion-content\">\n<ul>\n<li>Si ves \u00ab&#8212;\u00bb en la pantalla de tu registrador de datos cuando pulsas el bot\u00f3n, esto indica que el registrador no est\u00e1 registrando.<\/li>\n<li>PS\u00bb indica que el registrador de datos est\u00e1 en modo Pulsar para Arrancar. Al pulsar el bot\u00f3n se iniciar\u00e1 la sesi\u00f3n de registro de datos.<\/li>\n<li>&#8216;dS&#8217; indica que el registrador de datos est\u00e1 en modo Arranque diferido. La sesi\u00f3n de registro de datos comenzar\u00e1 a la hora especificada cuando se configur\u00f3 el registrador.<\/div>\n<\/div>\n<div class=\"accordion\">\n<h2 class=\"accordion-header\"><strong>\u00bfExiste una vida \u00fatil para el sensor de CO de mi EL-USB-CO\/EL-USB-CO300?  <\/strong><strong><br \/>\n<\/strong><br \/>\n<i class=\"fas fa-chevron-circle-down\"><\/i><\/h2>\n<div class=\"accordion-content\">La vida \u00fatil del sensor de un registrador EL-USB-CO\/CO300 suele ser de 4 a\u00f1os. Puedes encontrar la fecha de caducidad exacta en el software EasyLog, en Estado actual.<\/div>\n<\/div>\n<div class=\"accordion\">\n<h2 class=\"accordion-header\"><strong>\u00bfC\u00f3mo puedo comprobar cu\u00e1ntas lecturas\/muestras he tomado en mi GFX-D2?  <\/strong><strong><br \/>\n<\/strong><br \/>\n<i class=\"fas fa-chevron-circle-down\"><\/i><\/h2>\n<div class=\"accordion-content\">Pulsa el bot\u00f3n i del dispositivo y navega hacia abajo hasta la \u00faltima p\u00e1gina.<\/div>\n<\/div>\n<div class=\"accordion\">\n<h2 class=\"accordion-header\"><strong>Mi registrador EL-USB no se conecta. \u00bfC\u00f3mo compruebo y resuelvo los problemas de bater\u00eda y controladores?  <\/strong><strong><br \/>\n<\/strong><br \/>\n<i class=\"fas fa-chevron-circle-down\"><\/i><\/h2>\n<div class=\"accordion-content\">Hemos elaborado una gu\u00eda de ayuda sobre problemas con la bater\u00eda y los controladores, cons\u00faltala <span style=\"text-decoration: underline;\"><strong><a href=\"\/wp-content\/uploads\/el-usb-range-includes-el-gfx-range-troubleshooting-1.pdf\" target=\"_blank\" rel=\"noopener\">aqu\u00ed.<\/a><\/strong><\/span><\/div>\n<\/div>\n<p>&nbsp;<\/p>\n","protected":false},"excerpt":{"rendered":"<p>&nbsp;<\/p>\n","protected":false},"author":2,"featured_media":0,"parent":31456,"menu_order":0,"comment_status":"closed","ping_status":"closed","template":"template-fullwidth.php","meta":{"_acf_changed":false,"content-type":"","_uag_custom_page_level_css":"","footnotes":""},"class_list":["post-31421","page","type-page","status-publish","hentry"],"acf":[],"spectra_custom_meta":{"hero_image":[""],"_hero_image":["field_64f1a7da7af44"],"_hero_h1":["field_64f19e1edd052"],"_hero_h2":["field_64f19e2ddd053"],"_hero_text":["field_64f19e42dd054"],"_hero_button_text":["field_64f19e4edd055"],"_hero_button_link":["field_64f19e5ddd056"],"_top_nav_excluded":[""],"_cms_nav_minihome":[""],"_wp_page_template":["template-fullwidth.php"],"_last_translation_edit_mode":["translation-editor"],"rank_math_og_content_image":["a:2:{s:5:\"check\";s:32:\"b47866ef64caa008a66e0461ba782e2c\";s:6:\"images\";a:1:{i:0;i:10717;}}"],"_edit_lock":["1721723968:8383"],"classic-editor-remember":["classic-editor"],"rank_math_seo_score":["12"],"_edit_last":["8383"],"hero_h1":[""],"hero_h2":[""],"hero_text":[""],"hero_button_text":[""],"hero_button_link":[""],"_wpml_media_duplicate":["1"],"_wpml_media_featured":["1"],"rank_math_title":["Soporte EL-USB | Soporte Registrador de Datos USB | Soporte EasyLog"],"rank_math_description":["Si necesitas asistencia sobre Registradores de Datos USB o tienes curiosidad sobre nuestros Registradores de Datos USB, lee nuestras Preguntas Frecuentes o llama a un miembro de nuestro equipo de ventas."],"rank_math_focus_keyword":["Soporte USB para Registrador de Datos"],"_wpml_word_count":["959"],"_uag_page_assets":["a:9:{s:3:\"css\";s:0:\"\";s:2:\"js\";s:0:\"\";s:18:\"current_block_list\";a:0:{}s:8:\"uag_flag\";b:0;s:11:\"uag_version\";s:10:\"1775658900\";s:6:\"gfonts\";a:0:{}s:10:\"gfonts_url\";s:0:\"\";s:12:\"gfonts_files\";a:0:{}s:14:\"uag_faq_layout\";b:0;}"]},"uagb_featured_image_src":{"full":false,"thumbnail":false,"medium":false,"medium_large":false,"large":false,"1536x1536":false,"2048x2048":false,"crunchify-admin-post-featured-image":false,"commercegurus-pdp-large":false,"commercegurus-plp-mobile":false,"cgkit_image_swatch":false,"woocommerce_thumbnail":false,"woocommerce_single":false,"woocommerce_gallery_thumbnail":false},"uagb_author_info":{"display_name":"Andy Price","author_link":"https:\/\/praxas.com\/es\/author\/andyp\/"},"uagb_comment_info":0,"uagb_excerpt":"&nbsp;","_links":{"self":[{"href":"https:\/\/praxas.com\/es\/wp-json\/wp\/v2\/pages\/31421","targetHints":{"allow":["GET"]}}],"collection":[{"href":"https:\/\/praxas.com\/es\/wp-json\/wp\/v2\/pages"}],"about":[{"href":"https:\/\/praxas.com\/es\/wp-json\/wp\/v2\/types\/page"}],"author":[{"embeddable":true,"href":"https:\/\/praxas.com\/es\/wp-json\/wp\/v2\/users\/2"}],"replies":[{"embeddable":true,"href":"https:\/\/praxas.com\/es\/wp-json\/wp\/v2\/comments?post=31421"}],"version-history":[{"count":7,"href":"https:\/\/praxas.com\/es\/wp-json\/wp\/v2\/pages\/31421\/revisions"}],"predecessor-version":[{"id":49839,"href":"https:\/\/praxas.com\/es\/wp-json\/wp\/v2\/pages\/31421\/revisions\/49839"}],"up":[{"embeddable":true,"href":"https:\/\/praxas.com\/es\/wp-json\/wp\/v2\/pages\/31456"}],"wp:attachment":[{"href":"https:\/\/praxas.com\/es\/wp-json\/wp\/v2\/media?parent=31421"}],"curies":[{"name":"wp","href":"https:\/\/api.w.org\/{rel}","templated":true}]}}