{"id":31429,"date":"2023-08-24T08:03:36","date_gmt":"2023-08-24T06:03:36","guid":{"rendered":"https:\/\/staging.praxas.com\/cimsense\/"},"modified":"2025-08-18T10:30:33","modified_gmt":"2025-08-18T08:30:33","slug":"cimsense","status":"publish","type":"page","link":"https:\/\/praxas.com\/es\/cimsense\/","title":{"rendered":"CIMSENSE"},"content":{"rendered":"<p>&nbsp;&nbsp;<\/p>\n<p><a href=\"https:\/\/cimsense.com\/\" target=\"_blank\" rel=\"noopener\"><img loading=\"lazy\" decoding=\"async\" class=\"aligncenter wp-image-14340\" src=\"https:\/\/praxas.com\/wp-content\/uploads\/cimsense-logo-300x65.png\" alt=\"Logotipo CIMSENSE\" width=\"402\" height=\"87\" srcset=\"https:\/\/praxas.com\/wp-content\/uploads\/cimsense-logo-300x65.png 300w, https:\/\/praxas.com\/wp-content\/uploads\/cimsense-logo-768x167.png 768w, https:\/\/praxas.com\/wp-content\/uploads\/cimsense-logo-120x26.png 120w, https:\/\/praxas.com\/wp-content\/uploads\/cimsense-logo-441x96.png 441w, https:\/\/praxas.com\/wp-content\/uploads\/cimsense-logo-150x33.png 150w, https:\/\/praxas.com\/wp-content\/uploads\/cimsense-logo.png 784w\" sizes=\"auto, (max-width: 402px) 100vw, 402px\" \/><\/a><\/p>\n<p>&nbsp;<\/p>\n<h1 style=\"text-align: center;\">Somos CIMSENSE<\/h1>\n<p style=\"text-align: center;\">Formamos parte de una red mundial de ingenieros, t\u00e9cnicos y profesionales expertos que nos permite ofrecer a nuestros clientes las mejores soluciones para el proyecto adecuado. \u00a1Incluidas las soluciones alternativas! <\/p>\n<p>&nbsp;<\/p>\n<div style=\"border: none; overflow: hidden; margin: 15px auto; max-width: 1575px;\">\n<p><iframe style=\"border: 0px none; height: 2200px; margin-top: -486px; width: 100%;\" src=\"https:\/\/cimsense.com\/our-companies\/\" scrolling=\"no\">&nbsp;<\/p>\n<p><\/iframe><\/p>\n<\/div>\n","protected":false},"excerpt":{"rendered":"<p>&nbsp;&nbsp; &nbsp; Somos CIMSENSE Formamos parte de una red mundial de ingenieros, t\u00e9cnicos y profesionales expertos que nos permite ofrecer a nuestros clientes las mejores soluciones para el proyecto adecuado. \u00a1Incluidas las soluciones alternativas! &nbsp; &nbsp;<\/p>\n","protected":false},"author":8383,"featured_media":0,"parent":0,"menu_order":0,"comment_status":"closed","ping_status":"closed","template":"template-fullwidth-no-heading.php","meta":{"_acf_changed":false,"content-type":"","_uag_custom_page_level_css":"","footnotes":""},"class_list":["post-31429","page","type-page","status-publish","hentry"],"acf":[],"spectra_custom_meta":{"hero_image":[""],"_hero_image":["field_64f1a7da7af44"],"_hero_h1":["field_64f19e1edd052"],"_hero_h2":["field_64f19e2ddd053"],"_hero_text":["field_64f19e42dd054"],"_hero_button_text":["field_64f19e4edd055"],"_hero_button_link":["field_64f19e5ddd056"],"_card_1_image":["field_652e5c21818d7"],"_card_1_text":["field_652e5e3f9ba95"],"card_1_link_url":["a:3:{s:5:\"title\";s:0:\"\";s:3:\"url\";s:34:\"https:\/\/www.advantagecontrols.com\/\";s:6:\"target\";s:6:\"_blank\";}"],"_card_1_link_url":["field_652e61d14cdee"],"_card_2_image":["field_652e5c54818d8"],"_card_2_text":["field_652e5e689ba96"],"card_2_link_url":["a:3:{s:5:\"title\";s:0:\"\";s:3:\"url\";s:24:\"https:\/\/www.arctiko.com\/\";s:6:\"target\";s:6:\"_blank\";}"],"_card_2_link_url":["field_652e6267ec9d4"],"_card_3_image":["field_652e5c815afac"],"_card_3_text":["field_652e5e8925fff"],"card_3_link_url":["a:3:{s:5:\"title\";s:0:\"\";s:3:\"url\";s:21:\"https:\/\/arjayeng.com\/\";s:6:\"target\";s:6:\"_blank\";}"],"_card_3_link_url":["field_652e6267ec9d3"],"_card_4_image":["field_652e5c75bfc26"],"_card_4_text":["field_652e5e8825ffe"],"card_4_link_url":["a:3:{s:5:\"title\";s:0:\"\";s:3:\"url\";s:34:\"https:\/\/www.arjaygasdetection.com\/\";s:6:\"target\";s:6:\"_blank\";}"],"_card_4_link_url":["field_652e6266ec9d2"],"_card_5_image":["field_652e5c75bfc25"],"_card_5_text":["field_652e5e8825ffd"],"card_5_link_url":["a:3:{s:5:\"title\";s:0:\"\";s:3:\"url\";s:19:\"https:\/\/can-am.net\/\";s:6:\"target\";s:6:\"_blank\";}"],"_card_5_link_url":["field_652e6266ec9d1"],"_card_6_image":["field_652e5c74bfc24"],"_card_6_text":["field_652e5e8725ffc"],"card_6_link_url":["a:3:{s:5:\"title\";s:0:\"\";s:3:\"url\";s:28:\"https:\/\/www.carlonmeter.com\/\";s:6:\"target\";s:6:\"_blank\";}"],"_card_6_link_url":["field_652e6265ec9d0"],"_card_7_image":["field_652e5c74bfc23"],"_card_7_text":["field_652e5e8725ffb"],"card_7_link_url":["a:3:{s:5:\"title\";s:0:\"\";s:3:\"url\";s:31:\"https:\/\/www.vfcdataloggers.com\/\";s:6:\"target\";s:6:\"_blank\";}"],"_card_7_link_url":["field_652e6265ec9cf"],"_card_8_image":["field_652e5c73bfc22"],"_card_8_text":["field_652e5e8625ffa"],"card_8_link_url":["a:3:{s:5:\"title\";s:0:\"\";s:3:\"url\";s:26:\"https:\/\/www.corintech.com\/\";s:6:\"target\";s:6:\"_blank\";}"],"_card_8_link_url":["field_652e6264ec9ce"],"_card_9_image":["field_652e5c73bfc21"],"_card_9_text":["field_652e5e8625ff9"],"_card_9_link_url":["field_652e6264ec9cd"],"_card_10_image":["field_652e5c72bfc20"],"_card_10_text":["field_652e5e8525ff8"],"card_10_link_url":["a:3:{s:5:\"title\";s:0:\"\";s:3:\"url\";s:22:\"https:\/\/envirolog.net\/\";s:6:\"target\";s:6:\"_blank\";}"],"_card_10_link_url":["field_652e6264ec9cc"],"_card_11_image":["field_652e5c71bfc1f"],"_card_11_text":["field_652e5e8525ff7"],"card_11_link_url":["a:3:{s:5:\"title\";s:0:\"\";s:3:\"url\";s:27:\"https:\/\/global-sensors.com\/\";s:6:\"target\";s:6:\"_blank\";}"],"_card_11_link_url":["field_652e6263ec9cb"],"_card_12_image":["field_652e5c71bfc1e"],"_card_12_text":["field_652e5e8425ff6"],"card_12_link_url":["a:3:{s:5:\"title\";s:0:\"\";s:3:\"url\";s:26:\"https:\/\/www.icontrols.net\/\";s:6:\"target\";s:6:\"_blank\";}"],"_card_12_link_url":["field_652e6263ec9ca"],"_card_13_image":["field_652e5c70bfc1d"],"_card_13_text":["field_652e5e8425ff5"],"_card_13_link_url":["field_652e6262ec9c9"],"_card_14_image":["field_652e5c70bfc1c"],"_card_14_text":["field_652e5e8325ff4"],"card_14_link_url":["a:3:{s:5:\"title\";s:0:\"\";s:3:\"url\";s:28:\"https:\/\/logtagrecorders.com\/\";s:6:\"target\";s:6:\"_blank\";}"],"_card_14_link_url":["field_652e6262ec9c8"],"_card_15_image":["field_652e5c6fbfc1b"],"_card_15_text":["field_652e5e8325ff3"],"_card_15_link_url":["field_652e6261ec9c7"],"_card_16_image":["field_652e5c6fbfc1a"],"_card_16_text":["field_652e5e8325ff2"],"card_16_link_url":["a:3:{s:5:\"title\";s:0:\"\";s:3:\"url\";s:23:\"https:\/\/www.pmt-fl.com\/\";s:6:\"target\";s:6:\"_blank\";}"],"_card_16_link_url":["field_652e6261ec9c6"],"_card_17_image":["field_652e5c6ebfc19"],"_card_17_text":["field_652e5e8225ff1"],"card_17_link_url":["a:3:{s:5:\"title\";s:0:\"\";s:3:\"url\";s:36:\"https:\/\/taloslightningdetectors.com\/\";s:6:\"target\";s:6:\"_blank\";}"],"_card_17_link_url":["field_652e6260ec9c5"],"_card_18_image":["field_652e5c6dbfc18"],"_card_18_text":["field_652e5e8225ff0"],"card_18_link_url":["a:3:{s:5:\"title\";s:0:\"\";s:3:\"url\";s:28:\"https:\/\/thermcoproducts.com\/\";s:6:\"target\";s:6:\"_blank\";}"],"_card_18_link_url":["field_652e6260ec9c4"],"_card_19_image":["field_652e5c6dbfc17"],"_card_19_text":["field_652e5e8125fef"],"card_19_link_url":["a:3:{s:5:\"title\";s:0:\"\";s:3:\"url\";s:30:\"https:\/\/transducersdirect.com\/\";s:6:\"target\";s:6:\"_blank\";}"],"_card_19_link_url":["field_652e625fec9c3"],"_card_20_image":["field_652e5c6cbfc16"],"_card_20_text":["field_652e5e8125fee"],"card_20_link_url":["a:3:{s:5:\"title\";s:0:\"\";s:3:\"url\";s:27:\"https:\/\/waterpartsplus.com\/\";s:6:\"target\";s:6:\"_blank\";}"],"_card_20_link_url":["field_652e625fec9c2"],"card_21_image":[""],"_card_21_image":["field_652e5c6cbfc15"],"_card_21_text":["field_652e5e8025fed"],"_card_21_link_url":["field_652e625eec9c1"],"card_22_image":[""],"_card_22_image":["field_652e5c6bbfc14"],"_card_22_text":["field_652e5e8025fec"],"_card_22_link_url":["field_652e625eec9c0"],"card_23_image":[""],"_card_23_image":["field_652e5c6abfc13"],"_card_23_text":["field_652e5e7f25feb"],"_card_23_link_url":["field_652e625dec9bf"],"card_24_image":[""],"_card_24_image":["field_652e5c69bfc12"],"_card_24_link_url":["field_652e625dec9be"],"_card_24_text":["field_652e5e7d25fea"],"_top_nav_excluded":[""],"_cms_nav_minihome":[""],"_wp_page_template":["template-fullwidth-no-heading.php"],"rank_math_og_content_image":["a:2:{s:5:\"check\";s:32:\"e5a0f312bb84e4a0ad12f81fbd8d4b55\";s:6:\"images\";a:1:{i:0;i:14340;}}"],"_edit_lock":["1721379396:8383"],"classic-editor-remember":["classic-editor"],"rank_math_seo_score":["23"],"_edit_last":["8383"],"card_21_text":[""],"card_22_text":[""],"card_23_text":[""],"card_24_text":[""],"hero_h1":[""],"hero_h2":[""],"hero_text":[""],"hero_button_text":[""],"hero_button_link":[""],"card_1_image":["14247"],"card_2_image":["14245"],"card_3_image":["14253"],"card_4_image":["14258"],"card_5_image":["14259"],"card_6_image":["14261"],"card_7_image":["14263"],"card_8_image":["14265"],"card_10_image":["14276"],"card_11_image":["14296"],"card_12_image":["14298"],"card_13_image":["19459"],"card_14_image":["14300"],"card_16_image":["14306"],"card_17_image":["14308"],"card_18_image":["14309"],"card_19_image":["14311"],"card_20_image":["14312"],"_wpml_media_duplicate":["1"],"_wpml_media_featured":["1"],"_last_translation_edit_mode":["translation-editor"],"_wpml_word_count":["48"],"rank_math_primary_product_cat":["0"],"rank_math_focus_keyword":["Cimsense"],"card_9_text":["<h3 class=\"card-header\">ArchivosPorElAire<h3>\n<p>Proveedor de instrumentos de medida para la industria de las ciencias de la vida.<\/p>"],"card_15_text":["<h3 class=\"card-header\">Praxas<h3>\n<p>Venta de registradores de datos y soluciones de gesti\u00f3n de la temperatura y la humedad a la industria log\u00edstica.<\/p>"],"card_9_image":[""],"card_13_link_url":["a:3:{s:5:\"title\";s:0:\"\";s:3:\"url\";s:35:\"https:\/\/lascarelectronics.com\/intl\/\";s:6:\"target\";s:6:\"_blank\";}"],"card_15_image":[""],"rank_math_robots":["a:1:{i:0;s:7:\"noindex\";}"],"card_9_link_url":["a:1:{i:0;s:0:\"\";}"],"card_15_link_url":["a:1:{i:0;s:0:\"\";}"],"card_21_link_url":["a:1:{i:0;s:0:\"\";}"],"card_22_link_url":["a:1:{i:0;s:0:\"\";}"],"card_23_link_url":["a:1:{i:0;s:0:\"\";}"],"card_24_link_url":["a:1:{i:0;s:0:\"\";}"],"rank_math_title":["CIMSENSE: Innovando en seguridad y control %sep% %sitename%"],"rank_math_description":["CIMSENSE es l\u00edder mundial en el dise\u00f1o de controles, sensores y dispositivos de medici\u00f3n innovadores que protegen la vida, la seguridad y el medio ambiente."],"card_1_text":["<h3 class=\"card-header\">Controles Advantage<h3>\n<p>Fabricante de controladores y bombas para las industrias de tratamiento de aguas industriales y torres de refrigeraci\u00f3n.<\/p>"],"card_2_text":["<h3 class=\"card-header\">Arctiko<h3>\n<p>Fabricante de congeladores y productos de refrigeraci\u00f3n para los mercados m\u00e9dico y de laboratorio.<\/p>"],"card_3_text":["<h3 class=\"card-header\">Ingenier\u00eda Arjay<h3>\n<p>Fabricante de controles de procesos y medioambientales; Laboratorio de calibraci\u00f3n certificado.<\/p>"],"card_4_text":["<h3 class=\"card-header\">Arjay Engineering Detecci\u00f3n de gases<h3>\n<p>Fabricante de controles de procesos y medioambientales; Laboratorio de calibraci\u00f3n certificado.<\/p>"],"card_5_text":["<h3 class=\"card-header\">Instrumentos Can-Am<h3>\n<p>Productos y soluciones para las industrias de laboratorio, aguas residuales, viscosidad, medici\u00f3n del color, aceite en el agua; Laboratorio de calibraci\u00f3n certificado.<\/p>"],"card_6_text":["<h3 class=\"card-header\">Contador Carlon<h3>\n<p>Fabricante de contadores y controles para la industria de tratamiento qu\u00edmico (comercial e industrial).<\/p>"],"card_7_text":["<h3 class=\"card-header\">Soluciones de control<h3>\n<p>Laboratorio de calibraci\u00f3n con acreditaci\u00f3n ISO17025, venta de equipos de control de temperatura, transporte y almacenamiento de vacunas.<\/p>"],"card_8_text":["<h3 class=\"card-header\">Corintech<h3>\n<p>Ingenieros, dise\u00f1adores de productos y especialistas en fabricaci\u00f3n, desde la gesti\u00f3n de la cadena de suministro y el montaje de placas de circuito impreso, hasta el suministro de productos acabados.<\/p>"],"card_10_text":["<h3 class=\"card-header\">Envirolog<h3>\n<p>Registro de datos de temperatura en PDF USB de un solo uso.<\/p>"],"card_11_text":["<h3 class=\"card-header\">Sensores globales<h3>\n<p>Venta de productos de registro de datos y termometr\u00eda.<\/p>"],"card_12_text":["<h3 class=\"card-header\">iControls<h3>\n<p>Ofrece una l\u00ednea completa de controladores de \u00f3smosis inversa.<\/p>"],"card_13_text":["<h3 class=\"card-header\">Lascar Electr\u00f3nica<h3>\n<p>Proveedor l\u00edder de registradores y visualizadores de datos de alta tecnolog\u00eda para la supervisi\u00f3n y el control industriales.<\/p>"],"card_14_text":["<h3 class=\"card-header\">LogTag<h3>\n<p>Fabricante de registradores de datos de temperatura y productos de humedad.<\/p>"],"card_16_text":["<h3 class=\"card-header\">Tecnolog\u00edas de medici\u00f3n de precisi\u00f3n<h3>\n<p>Fabricante y dise\u00f1ador de sensores, placas de circuitos y firmware, incluidos los componentes del producto sensor de rayos Talos.<\/p>"],"card_17_text":["<h3 class=\"card-header\">Talos<h3>\n<p>Detecci\u00f3n de rayos en exteriores.<\/p>"],"card_18_text":["<h3 class=\"card-header\">Thermco Products Inc.<h3>\n<p>Venta de productos de termometr\u00eda e instrumentaci\u00f3n de temperatura de alta precisi\u00f3n; Laboratorio de calibraci\u00f3n certificado.<\/p>"],"card_19_text":["<h3 class=\"card-header\">Transductores Direct<h3>\n<p>Fabricante de sensores e interruptores de temperatura y presi\u00f3n.<\/p>"],"card_20_text":["<h3 class=\"card-header\">Water Parts Plus<h3>\n<p>Controladores, bombas y equipos de tratamiento de aguas industriales.<\/p>"],"_uag_page_assets":["a:9:{s:3:\"css\";s:0:\"\";s:2:\"js\";s:0:\"\";s:18:\"current_block_list\";a:0:{}s:8:\"uag_flag\";b:0;s:11:\"uag_version\";s:10:\"1776692660\";s:6:\"gfonts\";a:0:{}s:10:\"gfonts_url\";s:0:\"\";s:12:\"gfonts_files\";a:0:{}s:14:\"uag_faq_layout\";b:0;}"]},"uagb_featured_image_src":{"full":false,"thumbnail":false,"medium":false,"medium_large":false,"large":false,"1536x1536":false,"2048x2048":false,"crunchify-admin-post-featured-image":false,"commercegurus-pdp-large":false,"commercegurus-plp-mobile":false,"cgkit_image_swatch":false,"woocommerce_thumbnail":false,"woocommerce_single":false,"woocommerce_gallery_thumbnail":false},"uagb_author_info":{"display_name":"Alex James","author_link":"https:\/\/praxas.com\/es\/author\/alex\/"},"uagb_comment_info":0,"uagb_excerpt":"&nbsp;&nbsp; &nbsp; Somos CIMSENSE Formamos parte de una red mundial de ingenieros, t\u00e9cnicos y profesionales expertos que nos permite ofrecer a nuestros clientes las mejores soluciones para el proyecto adecuado. \u00a1Incluidas las soluciones alternativas! &nbsp; &nbsp;","_links":{"self":[{"href":"https:\/\/praxas.com\/es\/wp-json\/wp\/v2\/pages\/31429","targetHints":{"allow":["GET"]}}],"collection":[{"href":"https:\/\/praxas.com\/es\/wp-json\/wp\/v2\/pages"}],"about":[{"href":"https:\/\/praxas.com\/es\/wp-json\/wp\/v2\/types\/page"}],"author":[{"embeddable":true,"href":"https:\/\/praxas.com\/es\/wp-json\/wp\/v2\/users\/8383"}],"replies":[{"embeddable":true,"href":"https:\/\/praxas.com\/es\/wp-json\/wp\/v2\/comments?post=31429"}],"version-history":[{"count":3,"href":"https:\/\/praxas.com\/es\/wp-json\/wp\/v2\/pages\/31429\/revisions"}],"predecessor-version":[{"id":51531,"href":"https:\/\/praxas.com\/es\/wp-json\/wp\/v2\/pages\/31429\/revisions\/51531"}],"wp:attachment":[{"href":"https:\/\/praxas.com\/es\/wp-json\/wp\/v2\/media?parent=31429"}],"curies":[{"name":"wp","href":"https:\/\/api.w.org\/{rel}","templated":true}]}}