{"id":31456,"date":"2023-08-22T14:06:56","date_gmt":"2023-08-22T14:06:56","guid":{"rendered":"https:\/\/staging.praxas.com\/ayuda\/"},"modified":"2025-06-20T09:52:23","modified_gmt":"2025-06-20T09:52:23","slug":"ayuda","status":"publish","type":"page","link":"https:\/\/praxas.com\/es\/ayuda\/","title":{"rendered":"Ayuda"},"content":{"rendered":"\n<div class=\"wp-block-cover alignfull\" style=\"min-height:350px;aspect-ratio:unset;\"><span aria-hidden=\"true\" class=\"wp-block-cover__background has-background-dim-10 has-background-dim\" style=\"background-color:#58779e\"><\/span><img loading=\"lazy\" decoding=\"async\" width=\"3780\" height=\"709\" class=\"wp-block-cover__image-background wp-image-44740\" alt=\"Support - New Style Banner - Biomedical\" src=\"https:\/\/praxas.com\/wp-content\/uploads\/PRAXAS_SupportBIO3.png\" data-object-fit=\"cover\" srcset=\"https:\/\/praxas.com\/wp-content\/uploads\/PRAXAS_SupportBIO3.png 3780w, https:\/\/praxas.com\/wp-content\/uploads\/PRAXAS_SupportBIO3-300x56.png 300w, https:\/\/praxas.com\/wp-content\/uploads\/PRAXAS_SupportBIO3-1024x192.png 1024w, https:\/\/praxas.com\/wp-content\/uploads\/PRAXAS_SupportBIO3-768x144.png 768w, https:\/\/praxas.com\/wp-content\/uploads\/PRAXAS_SupportBIO3-1536x288.png 1536w, https:\/\/praxas.com\/wp-content\/uploads\/PRAXAS_SupportBIO3-2048x384.png 2048w, https:\/\/praxas.com\/wp-content\/uploads\/PRAXAS_SupportBIO3-120x23.png 120w, https:\/\/praxas.com\/wp-content\/uploads\/PRAXAS_SupportBIO3-990x186.png 990w, https:\/\/praxas.com\/wp-content\/uploads\/PRAXAS_SupportBIO3-441x83.png 441w, https:\/\/praxas.com\/wp-content\/uploads\/PRAXAS_SupportBIO3-350x66.png 350w, https:\/\/praxas.com\/wp-content\/uploads\/PRAXAS_SupportBIO3-800x150.png 800w, https:\/\/praxas.com\/wp-content\/uploads\/PRAXAS_SupportBIO3-150x28.png 150w\" sizes=\"auto, (max-width: 3780px) 100vw, 3780px\" \/><div class=\"wp-block-cover__inner-container has-global-padding is-layout-constrained wp-container-core-cover-is-layout-a4c69c57 wp-block-cover-is-layout-constrained\">\n<div class=\"wp-block-columns is-layout-flex wp-container-core-columns-is-layout-28f84493 wp-block-columns-is-layout-flex\">\n<div class=\"wp-block-column is-layout-flow wp-block-column-is-layout-flow\" style=\"flex-basis:70%\">\n<h1 class=\"wp-block-heading has-white-color has-text-color has-link-color wp-elements-5d69cbd24c2d999a53fa2018bee82696\">Ayuda<\/h1>\n\n\n\n<div style=\"height:30px\" aria-hidden=\"true\" class=\"wp-block-spacer\"><\/div>\n\n\n\n<p class=\"has-white-color has-text-color has-link-color wp-elements-12f1c1bdabbed55ddb4159c08ae75b29\">Estamos aqu\u00ed para ayudarte con cualquier pregunta o problema que puedas tener sobre nuestros productos EasyLog y LogTag. A continuaci\u00f3n encontrar\u00e1s recursos e informaci\u00f3n de contacto que te ayudar\u00e1n a encontrar las respuestas que necesitas.<\/p>\n<\/div>\n\n\n\n<div class=\"wp-block-column is-layout-flow wp-block-column-is-layout-flow\"><\/div>\n<\/div>\n<\/div><\/div>\n\n<div style=\"height:70px\" aria-hidden=\"true\" class=\"wp-block-spacer\"><\/div>\n\n<div class=\"wp-block-group alignfull has-global-padding is-layout-constrained wp-container-core-group-is-layout-a4c69c57 wp-block-group-is-layout-constrained\">\n<div class=\"wp-block-columns is-layout-flex wp-container-core-columns-is-layout-28f84493 wp-block-columns-is-layout-flex\">\n<div class=\"wp-block-column has-background is-layout-flow wp-block-column-is-layout-flow\" style=\"border-radius:15px;background-color:#e5e5e5;padding-top:var(--wp--preset--spacing--medium);padding-right:var(--wp--preset--spacing--medium);padding-bottom:var(--wp--preset--spacing--medium);padding-left:var(--wp--preset--spacing--medium)\">\n<h2 class=\"wp-block-heading has-text-align-center has-text-color has-link-color wp-elements-a1d3460403d0d008b89cf93addfbf2ed\" style=\"color:#009ee0\">Soporte Praxas<\/h2>\n\n\n\n<div style=\"height:5px\" aria-hidden=\"true\" class=\"wp-block-spacer\"><\/div>\n\n\n\n<p class=\"has-text-align-center\">Antes de ponerte en contacto con nuestro equipo de asistencia, te recomendamos que consultes nuestras Preguntas frecuentes para encontrar soluciones r\u00e1pidas a los problemas m\u00e1s comunes. Encontrar\u00e1s secciones de preguntas frecuentes dedicadas a los productos EasyLog y LogTag en la pesta\u00f1a de soporte o siguiendo los enlaces que aparecen a continuaci\u00f3n.<\/p>\n\n\n\n<div style=\"height:30px\" aria-hidden=\"true\" class=\"wp-block-spacer\"><\/div>\n<\/div>\n<\/div>\n<\/div>\n\n<div style=\"height:70px\" aria-hidden=\"true\" class=\"wp-block-spacer\"><\/div>\n\n<div class=\"wp-block-group alignfull has-global-padding is-layout-constrained wp-container-core-group-is-layout-a4c69c57 wp-block-group-is-layout-constrained\">\n<h3 class=\"wp-block-heading has-text-align-center has-text-color has-link-color has-large-font-size wp-elements-b279a1bd0491cffcd876e6d6b6d36b35\" style=\"color:#009ee0\">Soporte EasyLog<\/h3>\n\n\n\n<div class=\"wp-block-columns is-layout-flex wp-container-core-columns-is-layout-28f84493 wp-block-columns-is-layout-flex\">\n<div class=\"wp-block-column is-layout-flow wp-block-column-is-layout-flow\" style=\"flex-basis:50%\">\n<div style=\"height:50px\" aria-hidden=\"true\" class=\"wp-block-spacer\"><\/div>\n\n\n\n<figure class=\"wp-block-image aligncenter size-full\"><img loading=\"lazy\" decoding=\"async\" width=\"1200\" height=\"630\" src=\"https:\/\/praxas.com\/wp-content\/uploads\/EasyLog-Group-1.jpg\" alt=\"\" class=\"wp-image-15284\" srcset=\"https:\/\/praxas.com\/wp-content\/uploads\/EasyLog-Group-1.jpg 1200w, https:\/\/praxas.com\/wp-content\/uploads\/EasyLog-Group-1-300x158.jpg 300w, https:\/\/praxas.com\/wp-content\/uploads\/EasyLog-Group-1-1024x538.jpg 1024w, https:\/\/praxas.com\/wp-content\/uploads\/EasyLog-Group-1-768x403.jpg 768w, https:\/\/praxas.com\/wp-content\/uploads\/EasyLog-Group-1-120x63.jpg 120w, https:\/\/praxas.com\/wp-content\/uploads\/EasyLog-Group-1-990x520.jpg 990w, https:\/\/praxas.com\/wp-content\/uploads\/EasyLog-Group-1-441x232.jpg 441w, https:\/\/praxas.com\/wp-content\/uploads\/EasyLog-Group-1-800x420.jpg 800w, https:\/\/praxas.com\/wp-content\/uploads\/EasyLog-Group-1-150x79.jpg 150w\" sizes=\"auto, (max-width: 1200px) 100vw, 1200px\" \/><\/figure>\n<\/div>\n\n\n\n<div class=\"wp-block-column is-layout-flow wp-block-column-is-layout-flow\" style=\"flex-basis:66.66%\">\n<div class=\"wp-block-columns is-layout-flex wp-container-core-columns-is-layout-28f84493 wp-block-columns-is-layout-flex\">\n<div class=\"wp-block-column is-layout-flow wp-block-column-is-layout-flow\">\n<div class=\"wp-block-buttons is-content-justification-center is-layout-flex wp-container-core-buttons-is-layout-a89b3969 wp-block-buttons-is-layout-flex\">\n<div class=\"wp-block-button\"><a class=\"wp-block-button__link has-background wp-element-button\" href=\"https:\/\/praxas.com\/es\/ayuda\/soporte-para-registrador-de-datos-el-usb\/\" style=\"border-radius:5px;background-color:#009ee0\"><strong>Registradores de datos EL-USB<\/strong><\/a><\/div>\n<\/div>\n<\/div>\n\n\n\n<div class=\"wp-block-column is-layout-flow wp-block-column-is-layout-flow\">\n<div class=\"wp-block-buttons is-content-justification-center is-layout-flex wp-container-core-buttons-is-layout-a89b3969 wp-block-buttons-is-layout-flex\">\n<div class=\"wp-block-button\"><a class=\"wp-block-button__link has-background wp-element-button\" href=\"https:\/\/praxas.com\/es\/ayuda\/compatibilidad-con-el-registrador-de-datos-el-wifi\/\" style=\"border-radius:5px;background-color:#009ee0\"><strong>Registradores de datos EL-WiFi<\/strong><\/a><\/div>\n<\/div>\n<\/div>\n\n\n\n<div class=\"wp-block-column is-layout-flow wp-block-column-is-layout-flow\">\n<div class=\"wp-block-buttons is-content-justification-center is-layout-flex wp-container-core-buttons-is-layout-a89b3969 wp-block-buttons-is-layout-flex\">\n<div class=\"wp-block-button\"><a class=\"wp-block-button__link has-background wp-element-button\" href=\"https:\/\/praxas.com\/es\/ayuda\/soporte-del-registrador-de-datos-21cfr\/\" style=\"border-radius:5px;background-color:#009ee0\"><strong>Registradores de datos 21CFR<\/strong><\/a><\/div>\n<\/div>\n<\/div>\n<\/div>\n\n\n\n<div class=\"wp-block-columns is-layout-flex wp-container-core-columns-is-layout-28f84493 wp-block-columns-is-layout-flex\">\n<div class=\"wp-block-column is-layout-flow wp-block-column-is-layout-flow\">\n<div class=\"wp-block-buttons is-content-justification-center is-layout-flex wp-container-core-buttons-is-layout-a89b3969 wp-block-buttons-is-layout-flex\">\n<div class=\"wp-block-button\"><a class=\"wp-block-button__link has-background wp-element-button\" href=\"https:\/\/praxas.com\/es\/ayuda\/soporte-del-registrador-de-datos-de-la-cadena-de-frio\/\" style=\"border-radius:5px;background-color:#009ee0\"><strong>Registradores de datos de la cadena de fr\u00edo<\/strong><\/a><\/div>\n<\/div>\n<\/div>\n\n\n\n<div class=\"wp-block-column is-layout-flow wp-block-column-is-layout-flow\">\n<div class=\"wp-block-buttons is-content-justification-center is-layout-flex wp-container-core-buttons-is-layout-a89b3969 wp-block-buttons-is-layout-flex\">\n<div class=\"wp-block-button\"><a class=\"wp-block-button__link has-background wp-element-button\" href=\"https:\/\/praxas.com\/es\/ayuda\/soporte-el-iot\/\" style=\"border-radius:5px;background-color:#009ee0\"><strong>Registradores de datos EL-IOT<\/strong><\/a><\/div>\n<\/div>\n<\/div>\n\n\n\n<div class=\"wp-block-column is-layout-flow wp-block-column-is-layout-flow\">\n<div class=\"wp-block-buttons is-content-justification-center is-layout-flex wp-container-core-buttons-is-layout-a89b3969 wp-block-buttons-is-layout-flex\">\n<div class=\"wp-block-button\"><a class=\"wp-block-button__link has-background wp-element-button\" href=\"https:\/\/praxas.com\/es\/ayuda\/soporte-el-sms\/\" style=\"border-radius:5px;background-color:#009ee0\"><strong>Registradores de datos EL-SMS<\/strong><\/a><\/div>\n<\/div>\n<\/div>\n<\/div>\n\n\n\n<div class=\"wp-block-columns is-layout-flex wp-container-core-columns-is-layout-28f84493 wp-block-columns-is-layout-flex\">\n<div class=\"wp-block-column is-layout-flow wp-block-column-is-layout-flow\">\n<div class=\"wp-block-buttons is-content-justification-center is-layout-flex wp-container-core-buttons-is-layout-a89b3969 wp-block-buttons-is-layout-flex\">\n<div class=\"wp-block-button\"><a class=\"wp-block-button__link has-background wp-element-button\" href=\"https:\/\/praxas.com\/es\/ayuda\/soporte-del-monitor-de-calidad-del-aire-el-wem\/\" style=\"border-radius:5px;background-color:#009ee0\"><strong>Registradores de datos EL-WEM<\/strong><\/a><\/div>\n<\/div>\n<\/div>\n\n\n\n<div class=\"wp-block-column is-layout-flow wp-block-column-is-layout-flow\">\n<div class=\"wp-block-buttons is-content-justification-center is-layout-flex wp-container-core-buttons-is-layout-a89b3969 wp-block-buttons-is-layout-flex\">\n<div class=\"wp-block-button\"><a class=\"wp-block-button__link has-background wp-element-button\" href=\"https:\/\/praxas.com\/es\/ayuda\/soporte-del-registrador-de-datos-el-sie\/\" style=\"border-radius:5px;background-color:#009ee0\"><strong>Registradores de datos EL-SIE<\/strong><\/a><\/div>\n<\/div>\n<\/div>\n\n\n\n<div class=\"wp-block-column is-layout-flow wp-block-column-is-layout-flow\">\n<div class=\"wp-block-buttons is-content-justification-center is-layout-flex wp-container-core-buttons-is-layout-a89b3969 wp-block-buttons-is-layout-flex\">\n<div class=\"wp-block-button\"><a class=\"wp-block-button__link has-background wp-element-button\" href=\"https:\/\/praxas.com\/es\/ayuda\/soporte-del-registrador-de-datos-sgd-atp\/\" style=\"border-radius:5px;background-color:#009ee0\"><strong>Registradores de datos SGD-ATP<\/strong><\/a><\/div>\n<\/div>\n<\/div>\n<\/div>\n<\/div>\n<\/div>\n<\/div>\n\n<div style=\"height:30px\" aria-hidden=\"true\" class=\"wp-block-spacer\"><\/div>\n\n<hr class=\"wp-block-separator has-alpha-channel-opacity\"\/>\n\n<div style=\"height:30px\" aria-hidden=\"true\" class=\"wp-block-spacer\"><\/div>\n\n<div class=\"wp-block-group alignfull has-global-padding is-layout-constrained wp-container-core-group-is-layout-a4c69c57 wp-block-group-is-layout-constrained\">\n<h3 class=\"wp-block-heading has-text-align-center has-text-color has-link-color has-large-font-size wp-elements-227c988fe501c633582068da17e5de08\" style=\"color:#009ee0\">Soporte LogTag<\/h3>\n\n\n\n<div class=\"wp-block-columns is-layout-flex wp-container-core-columns-is-layout-28f84493 wp-block-columns-is-layout-flex\">\n<div class=\"wp-block-column is-layout-flow wp-block-column-is-layout-flow\" style=\"flex-basis:66.66%\">\n<div class=\"wp-block-columns is-layout-flex wp-container-core-columns-is-layout-28f84493 wp-block-columns-is-layout-flex\">\n<div class=\"wp-block-column is-layout-flow wp-block-column-is-layout-flow\">\n<div class=\"wp-block-buttons is-content-justification-center is-layout-flex wp-container-core-buttons-is-layout-a89b3969 wp-block-buttons-is-layout-flex\">\n<div class=\"wp-block-button\"><a class=\"wp-block-button__link has-background wp-element-button\" href=\"https:\/\/praxas.com\/es\/soporte-logtag\/logtag-utred30\/\" style=\"border-radius:5px;background-color:#009ee0\"><strong>UTRED30<\/strong><\/a><\/div>\n<\/div>\n<\/div>\n\n\n\n<div class=\"wp-block-column is-layout-flow wp-block-column-is-layout-flow\">\n<div class=\"wp-block-buttons is-content-justification-center is-layout-flex wp-container-core-buttons-is-layout-a89b3969 wp-block-buttons-is-layout-flex\">\n<div class=\"wp-block-button\"><a class=\"wp-block-button__link has-background wp-element-button\" href=\"https:\/\/praxas.com\/es\/soporte-logtag\/soporte-logtagonline\/\" style=\"border-radius:5px;background-color:#009ee0\"><strong>LogTagOnline<\/strong><\/a><\/div>\n<\/div>\n<\/div>\n\n\n\n<div class=\"wp-block-column is-layout-flow wp-block-column-is-layout-flow\">\n<div class=\"wp-block-buttons is-content-justification-center is-layout-flex wp-container-core-buttons-is-layout-a89b3969 wp-block-buttons-is-layout-flex\">\n<div class=\"wp-block-button\"><a class=\"wp-block-button__link has-background wp-element-button\" href=\"https:\/\/praxas.com\/es\/soporte-logtag\/soporte-analizador-logtag\/\" style=\"border-radius:5px;background-color:#009ee0\"><strong>Analizador LogTag<\/strong><\/a><\/div>\n<\/div>\n<\/div>\n<\/div>\n\n\n\n<div class=\"wp-block-columns is-layout-flex wp-container-core-columns-is-layout-28f84493 wp-block-columns-is-layout-flex\">\n<div class=\"wp-block-column is-layout-flow wp-block-column-is-layout-flow\">\n<div class=\"wp-block-buttons is-content-justification-right is-layout-flex wp-container-core-buttons-is-layout-d445cf74 wp-block-buttons-is-layout-flex\">\n<div class=\"wp-block-button\"><a class=\"wp-block-button__link has-background wp-element-button\" href=\"https:\/\/praxas.com\/es\/soporte-logtag\/sustitucion-de-la-pila-logtag\/\" style=\"border-radius:5px;background-color:#009ee0\"><strong>Sustituci\u00f3n de la bater\u00eda<\/strong><\/a><\/div>\n<\/div>\n<\/div>\n\n\n\n<div class=\"wp-block-column is-layout-flow wp-block-column-is-layout-flow\">\n<div class=\"wp-block-buttons is-content-justification-center is-layout-flex wp-container-core-buttons-is-layout-a89b3969 wp-block-buttons-is-layout-flex\">\n<div class=\"wp-block-button\"><a class=\"wp-block-button__link has-background wp-element-button\" href=\"https:\/\/praxas.com\/es\/soporte-logtag\/mensajes-de-error-logtag\/\" style=\"border-radius:5px;background-color:#009ee0\"><strong>Mensajes de error<\/strong><\/a><\/div>\n<\/div>\n<\/div>\n<\/div>\n<\/div>\n\n\n\n<div class=\"wp-block-column is-layout-flow wp-block-column-is-layout-flow\" style=\"flex-basis:50%\">\n<figure class=\"wp-block-image aligncenter size-full is-resized\"><img loading=\"lazy\" decoding=\"async\" width=\"1000\" height=\"500\" src=\"https:\/\/praxas.com\/wp-content\/uploads\/LogTag-Group-Reflection-2.png\" alt=\"P&#xE1;gina de soporte Imagen del grupo LogTag\" class=\"wp-image-44137\" style=\"width:462px;height:auto\" srcset=\"https:\/\/praxas.com\/wp-content\/uploads\/LogTag-Group-Reflection-2.png 1000w, https:\/\/praxas.com\/wp-content\/uploads\/LogTag-Group-Reflection-2-300x150.png 300w, https:\/\/praxas.com\/wp-content\/uploads\/LogTag-Group-Reflection-2-768x384.png 768w, https:\/\/praxas.com\/wp-content\/uploads\/LogTag-Group-Reflection-2-120x60.png 120w, https:\/\/praxas.com\/wp-content\/uploads\/LogTag-Group-Reflection-2-990x495.png 990w, https:\/\/praxas.com\/wp-content\/uploads\/LogTag-Group-Reflection-2-441x221.png 441w, https:\/\/praxas.com\/wp-content\/uploads\/LogTag-Group-Reflection-2-350x175.png 350w, https:\/\/praxas.com\/wp-content\/uploads\/LogTag-Group-Reflection-2-800x400.png 800w, https:\/\/praxas.com\/wp-content\/uploads\/LogTag-Group-Reflection-2-150x75.png 150w\" sizes=\"auto, (max-width: 1000px) 100vw, 1000px\" \/><\/figure>\n<\/div>\n<\/div>\n<\/div>\n\n<div style=\"height:70px\" aria-hidden=\"true\" class=\"wp-block-spacer\"><\/div>\n\n<div class=\"wp-block-group alignfull has-global-padding is-layout-constrained wp-container-core-group-is-layout-a4c69c57 wp-block-group-is-layout-constrained\">\n<div class=\"wp-block-columns is-layout-flex wp-container-core-columns-is-layout-28f84493 wp-block-columns-is-layout-flex\">\n<div class=\"wp-block-column has-background is-layout-flow wp-block-column-is-layout-flow\" style=\"border-radius:15px;background-color:#e5e5e5;padding-top:var(--wp--preset--spacing--medium);padding-right:var(--wp--preset--spacing--medium);padding-bottom:var(--wp--preset--spacing--medium);padding-left:var(--wp--preset--spacing--medium)\">\n<h2 class=\"wp-block-heading has-text-align-center has-text-color has-link-color wp-elements-d4fa798cc3628f9eff2f2bfb38e59242\" style=\"color:#009ee0\">Apoyo adicional<\/h2>\n\n\n\n<div style=\"height:5px\" aria-hidden=\"true\" class=\"wp-block-spacer\"><\/div>\n\n\n\n<p class=\"has-text-align-center\">Si sigues sin encontrar las respuestas que necesitas, no dudes en ponerte en contacto con nuestro <strong><a href=\"https:\/\/praxas.com\/es\/contacta-con-nosotros\/\">equipo de atenci\u00f3n al cliente<\/a><\/strong>.<\/p>\n\n\n\n<p class=\"has-text-align-center\">Nuestro equipo responder\u00e1 a tus consultas con prontitud y te ayudar\u00e1 a resolver cualquier problema que puedas tener.<\/p>\n\n\n\n<div style=\"height:30px\" aria-hidden=\"true\" class=\"wp-block-spacer\"><\/div>\n<\/div>\n<\/div>\n<\/div>\n\n<div style=\"height:70px\" aria-hidden=\"true\" class=\"wp-block-spacer\"><\/div>\n","protected":false},"excerpt":{"rendered":"<p>Soporte Praxas Antes de ponerte en contacto con nuestro equipo de asistencia, te recomendamos que consultes nuestras Preguntas frecuentes para encontrar soluciones r\u00e1pidas a los problemas m\u00e1s comunes. Encontrar\u00e1s secciones de preguntas frecuentes dedicadas a los productos EasyLog y LogTag en la pesta\u00f1a de soporte o siguiendo los enlaces que aparecen a continuaci\u00f3n. Soporte EasyLog [&hellip;]<\/p>\n","protected":false},"author":8383,"featured_media":0,"parent":0,"menu_order":0,"comment_status":"closed","ping_status":"closed","template":"template-fullwidth-no-heading.php","meta":{"_acf_changed":false,"content-type":"","_uag_custom_page_level_css":"","footnotes":""},"class_list":["post-31456","page","type-page","status-publish","hentry"],"acf":[],"spectra_custom_meta":{"_hero_image":["field_64f1a7da7af44"],"_hero_h1":["field_64f19e1edd052"],"_hero_h2":["field_64f19e2ddd053"],"_hero_text":["field_64f19e42dd054"],"_hero_button_text":["field_64f19e4edd055"],"_hero_button_link":["field_64f19e5ddd056"],"_top_nav_excluded":[""],"_cms_nav_minihome":[""],"_wp_page_template":["template-fullwidth-no-heading.php"],"_edit_lock":["1722585574:8383"],"classic-editor-remember":["classic-editor"],"rank_math_seo_score":["38"],"_edit_last":["8383"],"hero_h1":[""],"hero_h2":[""],"hero_text":[""],"hero_button_text":[""],"hero_button_link":[""],"_wpml_media_duplicate":["1"],"_wpml_media_featured":["1"],"_last_translation_edit_mode":["translation-editor"],"hero_image":["13627"],"rank_math_analytic_object_id":["843"],"rank_math_og_content_image":["a:2:{s:5:\"check\";s:32:\"fc9490c10c589bef2c0d82b0a3f5ab71\";s:6:\"images\";a:2:{i:0;i:44740;i:1;i:15284;}}"],"_wpml_word_count":["222"],"rank_math_title":["Soporte | Soporte Registrador de Datos EasyLog | Soporte PanelPilot"],"rank_math_description":["\u00a1Estamos aqu\u00ed para ayudarte! \u00bfTienes alguna pregunta o problema sobre nuestras l\u00edneas de productos?  Consulta nuestra p\u00e1gina de asistencia o ll\u00e1manos para obtener m\u00e1s informaci\u00f3n."],"rank_math_focus_keyword":["Ayuda"],"_uag_css_file_name":["uag-css-31456.css"],"_uag_page_assets":["a:9:{s:3:\"css\";s:263:\".uag-blocks-common-selector{z-index:var(--z-index-desktop) !important}@media (max-width: 976px){.uag-blocks-common-selector{z-index:var(--z-index-tablet) !important}}@media (max-width: 767px){.uag-blocks-common-selector{z-index:var(--z-index-mobile) !important}}\n\";s:2:\"js\";s:0:\"\";s:18:\"current_block_list\";a:11:{i:0;s:10:\"core\/cover\";i:1;s:12:\"core\/columns\";i:2;s:11:\"core\/column\";i:3;s:12:\"core\/heading\";i:4;s:11:\"core\/spacer\";i:5;s:14:\"core\/paragraph\";i:6;s:10:\"core\/group\";i:7;s:10:\"core\/image\";i:11;s:12:\"core\/buttons\";i:12;s:11:\"core\/button\";i:13;s:14:\"core\/separator\";}s:8:\"uag_flag\";b:0;s:11:\"uag_version\";s:10:\"1776763693\";s:6:\"gfonts\";a:0:{}s:10:\"gfonts_url\";s:0:\"\";s:12:\"gfonts_files\";a:0:{}s:14:\"uag_faq_layout\";b:0;}"]},"uagb_featured_image_src":{"full":false,"thumbnail":false,"medium":false,"medium_large":false,"large":false,"1536x1536":false,"2048x2048":false,"crunchify-admin-post-featured-image":false,"commercegurus-pdp-large":false,"commercegurus-plp-mobile":false,"cgkit_image_swatch":false,"woocommerce_thumbnail":false,"woocommerce_single":false,"woocommerce_gallery_thumbnail":false},"uagb_author_info":{"display_name":"Alex James","author_link":"https:\/\/praxas.com\/es\/author\/alex\/"},"uagb_comment_info":0,"uagb_excerpt":"Soporte Praxas Antes de ponerte en contacto con nuestro equipo de asistencia, te recomendamos que consultes nuestras Preguntas frecuentes para encontrar soluciones r\u00e1pidas a los problemas m\u00e1s comunes. Encontrar\u00e1s secciones de preguntas frecuentes dedicadas a los productos EasyLog y LogTag en la pesta\u00f1a de soporte o siguiendo los enlaces que aparecen a continuaci\u00f3n. Soporte EasyLog&hellip;","_links":{"self":[{"href":"https:\/\/praxas.com\/es\/wp-json\/wp\/v2\/pages\/31456","targetHints":{"allow":["GET"]}}],"collection":[{"href":"https:\/\/praxas.com\/es\/wp-json\/wp\/v2\/pages"}],"about":[{"href":"https:\/\/praxas.com\/es\/wp-json\/wp\/v2\/types\/page"}],"author":[{"embeddable":true,"href":"https:\/\/praxas.com\/es\/wp-json\/wp\/v2\/users\/8383"}],"replies":[{"embeddable":true,"href":"https:\/\/praxas.com\/es\/wp-json\/wp\/v2\/comments?post=31456"}],"version-history":[{"count":14,"href":"https:\/\/praxas.com\/es\/wp-json\/wp\/v2\/pages\/31456\/revisions"}],"predecessor-version":[{"id":44750,"href":"https:\/\/praxas.com\/es\/wp-json\/wp\/v2\/pages\/31456\/revisions\/44750"}],"wp:attachment":[{"href":"https:\/\/praxas.com\/es\/wp-json\/wp\/v2\/media?parent=31456"}],"curies":[{"name":"wp","href":"https:\/\/api.w.org\/{rel}","templated":true}]}}