{"id":31476,"date":"2023-08-22T10:28:33","date_gmt":"2023-08-22T10:28:33","guid":{"rendered":"https:\/\/staging.praxas.com\/panelpiloto-m\/"},"modified":"2024-07-17T13:48:08","modified_gmt":"2024-07-17T13:48:08","slug":"panelpiloto-m","status":"publish","type":"page","link":"https:\/\/praxas.com\/es\/panelpiloto-m\/","title":{"rendered":"PanelPiloto M"},"content":{"rendered":"","protected":false},"excerpt":{"rendered":"","protected":false},"author":1,"featured_media":31482,"parent":0,"menu_order":1,"comment_status":"closed","ping_status":"closed","template":"template-software.php","meta":{"_acf_changed":false,"content-type":"","_uag_custom_page_level_css":"","footnotes":""},"class_list":["post-31476","page","type-page","status-publish","has-post-thumbnail","hentry"],"acf":[],"spectra_custom_meta":{"hero_image":[""],"_hero_image":["field_64f1a7da7af44"],"_hero_h1":["field_64f19e1edd052"],"_hero_h2":["field_64f19e2ddd053"],"_hero_text":["field_64f19e42dd054"],"_hero_button_text":["field_64f19e4edd055"],"_hero_button_link":["field_64f19e5ddd056"],"section_1_left_logo":["16605"],"_section_1_left_logo":["field_651e72281c3c5"],"_section_1_header_text":["field_651e7c25d75f7"],"_section_1_content":["field_651e75bf15788"],"_section_1_download_button_link":["field_651e75feff811"],"_section_2_header_text":["field_651e773b3573b"],"_section_2_content":["field_651e775b3573d"],"_section_3_header_text":["field_651e7df523dc1"],"_section_3_content":["field_651e7e0c23dc2"],"_top_nav_excluded":[""],"_cms_nav_minihome":[""],"_wp_page_template":["template-software.php"],"_thumbnail_id":["31482"],"_last_translation_edit_mode":["translation-editor"],"rank_math_title":["Software PanelPilot M | Pantallas e IHM personalizables"],"rank_math_description":["Descarga el software PanelPilot M para Windows v2.29 para personalizar la gama M original de pantallas PanelPilot, compatible con Windows 10 y 11.  "],"rank_math_focus_keyword":["Software PanelPilot M"],"section_1_header_text":["PanelPiloto M"],"section_1_content":["Descarga PanelPilot para Windows v2.29 para personalizar la gama M original de pantallas PanelPilot, compatible con Windows 10 y 11.\n\n<strong>IMPORTANTE:<\/strong> Aseg\u00farate de ejecutar \"Buscar actualizaciones\" antes de cargar cualquier configuraci\u00f3n en el dispositivo Panel Pilot. Si no est\u00e1s seguro de c\u00f3mo hacerlo, o para cualquier otra ayuda con el software, ponte en contacto con nuestro equipo de asistencia.\n\nSi no est\u00e1s seguro de si \u00e9ste es el software que necesitas descargar, consulta nuestro men\u00fa desplegable <strong>\"Software para uso con...\"<\/strong>, situado a la izquierda."],"section_1_download_button_link":["https:\/\/s3.amazonaws.com\/lascar_downloads\/Panel+Pilot\/Panel+Pilot+V2_29.exe"],"section_2_header_text":["Bienvenido al software PanelPilot M"],"section_2_content":["PanelPilot es una plataforma de software exclusiva basada en Windows que permite a los usuarios configurar y personalizar una serie de pantallas compatibles con Lascar con un simple clic de rat\u00f3n. Elige entre m\u00e1s de 40 configuraciones y personal\u00edzalas en segundos seg\u00fan tus requisitos exactos. Las configuraciones incluyen gr\u00e1fico de barras, nivel del dep\u00f3sito, estilo anal\u00f3gico, gr\u00e1ficos de tendencias y muchas m\u00e1s. Los usuarios pueden personalizar los colores, las etiquetas de texto, las unidades y la escala de entrada antes de cargarlos en una pantalla PanelPilot M mediante USB."],"section_3_header_text":["F\u00e1cil de usar - 6 sencillos pasos"],"section_3_content":["\u00a0\n\n<strong><img class=\"alignleft wp-image-12682\" src=\"https:\/\/praxas.com\/wp-content\/uploads\/sgd-m-sw-300x180.png\" alt=\"\" width=\"486\" height=\"292\"><\/strong>\n\n<strong>Paso 1. Configuraciones<\/strong>\nElige entre una biblioteca de configuraciones que incluye estilos anal\u00f3gico, digital y gr\u00e1fico de barras con entradas anal\u00f3gicas simples o dobles. El usuario recibir\u00e1 autom\u00e1ticamente acceso a las \u00faltimas actualizaciones cada vez que abra el software PanelPilot.\n\n<strong>Paso 2. Colores y etiquetas<\/strong>\nCada elemento de la configuraci\u00f3n puede colorearse individualmente. En determinadas configuraciones, el bot\u00f3n \"fX\" crear\u00e1 un relleno degradado en los elementos. Las etiquetas de texto tambi\u00e9n son totalmente editables.\n\n\u00a0\n\n<strong><img class=\"alignleft wp-image-12683\" src=\"https:\/\/praxas.com\/wp-content\/uploads\/sgd-m-sw2-300x180.png\" alt=\"\" width=\"420\" height=\"252\"><\/strong>\n\n<strong>Paso 3. Escalado<\/strong>\nLos niveles de entrada de tensi\u00f3n se pueden ajustar mediante el software. Esto elimina la necesidad de resistencias de escalado en tensiones de entrada de hasta 40Vd.c.\n\n<strong>Paso 4. Pantalla de inicio<\/strong>\nAl encenderse, la pantalla de un PanelPilot puede configurarse para que muestre una imagen de tu elecci\u00f3n, como un logotipo\n\n\u00a0\n\n<strong><img class=\"alignleft wp-image-12684\" src=\"https:\/\/praxas.com\/wp-content\/uploads\/sgd-m-sw3-300x180.png\" alt=\"\" width=\"420\" height=\"252\"><\/strong>\n\n<strong>Paso 5. Cargar configuraci\u00f3n<\/strong>\nConecta una pantalla compatible con PanelPilot al PC mediante un cable USB y carga la configuraci\u00f3n. Las configuraciones personalizadas tambi\u00e9n se pueden guardar para utilizarlas en el futuro.\n\n<strong>Paso 6. Conecta<\/strong>\nTu pantalla compatible con PanelPilot tiene ahora tu configuraci\u00f3n guardada en la memoria y puede conectarse a tu aplicaci\u00f3n. Puedes reconfigurar tu pantalla en cualquier momento. S\u00f3lo tienes que conectarlo por USB y seguir los pasos anteriores.\n\n\u00a0"],"_uag_page_assets":["a:9:{s:3:\"css\";s:0:\"\";s:2:\"js\";s:0:\"\";s:18:\"current_block_list\";a:0:{}s:8:\"uag_flag\";b:0;s:11:\"uag_version\";s:10:\"1777534559\";s:6:\"gfonts\";a:0:{}s:10:\"gfonts_url\";s:0:\"\";s:12:\"gfonts_files\";a:0:{}s:14:\"uag_faq_layout\";b:0;}"]},"uagb_featured_image_src":{"full":["https:\/\/praxas.com\/wp-content\/uploads\/SoftwarePage_Icons_PPM-2.jpg",1024,538,false],"thumbnail":["https:\/\/praxas.com\/wp-content\/uploads\/SoftwarePage_Icons_PPM-2-150x150.jpg",150,150,true],"medium":["https:\/\/praxas.com\/wp-content\/uploads\/SoftwarePage_Icons_PPM-2-300x158.jpg",300,158,true],"medium_large":["https:\/\/praxas.com\/wp-content\/uploads\/SoftwarePage_Icons_PPM-2-768x404.jpg",768,404,true],"large":["https:\/\/praxas.com\/wp-content\/uploads\/SoftwarePage_Icons_PPM-2.jpg",1024,538,false],"1536x1536":["https:\/\/praxas.com\/wp-content\/uploads\/SoftwarePage_Icons_PPM-2.jpg",1024,538,false],"2048x2048":["https:\/\/praxas.com\/wp-content\/uploads\/SoftwarePage_Icons_PPM-2.jpg",1024,538,false],"crunchify-admin-post-featured-image":["https:\/\/praxas.com\/wp-content\/uploads\/SoftwarePage_Icons_PPM-2-120x63.jpg",120,63,true],"commercegurus-pdp-large":["https:\/\/praxas.com\/wp-content\/uploads\/SoftwarePage_Icons_PPM-2-990x520.jpg",990,520,true],"commercegurus-plp-mobile":["https:\/\/praxas.com\/wp-content\/uploads\/SoftwarePage_Icons_PPM-2-441x232.jpg",441,232,true],"cgkit_image_swatch":["https:\/\/praxas.com\/wp-content\/uploads\/SoftwarePage_Icons_PPM-2-100x100.jpg",100,100,true],"woocommerce_thumbnail":["https:\/\/praxas.com\/wp-content\/uploads\/SoftwarePage_Icons_PPM-2-350x184.jpg",350,184,true],"woocommerce_single":["https:\/\/praxas.com\/wp-content\/uploads\/SoftwarePage_Icons_PPM-2-800x420.jpg",800,420,true],"woocommerce_gallery_thumbnail":["https:\/\/praxas.com\/wp-content\/uploads\/SoftwarePage_Icons_PPM-2-150x79.jpg",150,79,true]},"uagb_author_info":{"display_name":"AndyS","author_link":"https:\/\/praxas.com\/es\/author\/andys\/"},"uagb_comment_info":0,"uagb_excerpt":null,"_links":{"self":[{"href":"https:\/\/praxas.com\/es\/wp-json\/wp\/v2\/pages\/31476","targetHints":{"allow":["GET"]}}],"collection":[{"href":"https:\/\/praxas.com\/es\/wp-json\/wp\/v2\/pages"}],"about":[{"href":"https:\/\/praxas.com\/es\/wp-json\/wp\/v2\/types\/page"}],"author":[{"embeddable":true,"href":"https:\/\/praxas.com\/es\/wp-json\/wp\/v2\/users\/1"}],"replies":[{"embeddable":true,"href":"https:\/\/praxas.com\/es\/wp-json\/wp\/v2\/comments?post=31476"}],"version-history":[{"count":1,"href":"https:\/\/praxas.com\/es\/wp-json\/wp\/v2\/pages\/31476\/revisions"}],"predecessor-version":[{"id":31532,"href":"https:\/\/praxas.com\/es\/wp-json\/wp\/v2\/pages\/31476\/revisions\/31532"}],"wp:featuredmedia":[{"embeddable":true,"href":"https:\/\/praxas.com\/es\/wp-json\/wp\/v2\/media\/31482"}],"wp:attachment":[{"href":"https:\/\/praxas.com\/es\/wp-json\/wp\/v2\/media?parent=31476"}],"curies":[{"name":"wp","href":"https:\/\/api.w.org\/{rel}","templated":true}]}}