{"id":31503,"date":"2023-08-22T10:55:48","date_gmt":"2023-08-22T10:55:48","guid":{"rendered":"https:\/\/staging.praxas.com\/empleo\/"},"modified":"2025-06-20T09:52:01","modified_gmt":"2025-06-20T09:52:01","slug":"empleo","status":"publish","type":"page","link":"https:\/\/praxas.com\/es\/sobre-nosotros\/empleo\/","title":{"rendered":"Empleo"},"content":{"rendered":"\n<div class=\"wp-block-cover alignfull\" style=\"min-height:350px;aspect-ratio:unset;\"><span aria-hidden=\"true\" class=\"wp-block-cover__background has-background-dim-10 has-background-dim\"><\/span><img loading=\"lazy\" decoding=\"async\" width=\"3780\" height=\"709\" class=\"wp-block-cover__image-background wp-image-44685\" alt=\"Careers - Join Our Team - New Style Banner - Biomedical\" src=\"https:\/\/praxas.com\/wp-content\/uploads\/PRAXAS_CareersBIO.png\" data-object-fit=\"cover\" srcset=\"https:\/\/praxas.com\/wp-content\/uploads\/PRAXAS_CareersBIO.png 3780w, https:\/\/praxas.com\/wp-content\/uploads\/PRAXAS_CareersBIO-300x56.png 300w, https:\/\/praxas.com\/wp-content\/uploads\/PRAXAS_CareersBIO-1024x192.png 1024w, https:\/\/praxas.com\/wp-content\/uploads\/PRAXAS_CareersBIO-768x144.png 768w, https:\/\/praxas.com\/wp-content\/uploads\/PRAXAS_CareersBIO-1536x288.png 1536w, https:\/\/praxas.com\/wp-content\/uploads\/PRAXAS_CareersBIO-2048x384.png 2048w, https:\/\/praxas.com\/wp-content\/uploads\/PRAXAS_CareersBIO-120x23.png 120w, https:\/\/praxas.com\/wp-content\/uploads\/PRAXAS_CareersBIO-990x186.png 990w, https:\/\/praxas.com\/wp-content\/uploads\/PRAXAS_CareersBIO-441x83.png 441w, https:\/\/praxas.com\/wp-content\/uploads\/PRAXAS_CareersBIO-350x66.png 350w, https:\/\/praxas.com\/wp-content\/uploads\/PRAXAS_CareersBIO-800x150.png 800w, https:\/\/praxas.com\/wp-content\/uploads\/PRAXAS_CareersBIO-150x28.png 150w\" sizes=\"auto, (max-width: 3780px) 100vw, 3780px\" \/><div class=\"wp-block-cover__inner-container has-global-padding is-layout-constrained wp-container-core-cover-is-layout-a4c69c57 wp-block-cover-is-layout-constrained\">\n<div class=\"wp-block-group has-global-padding is-layout-constrained wp-container-core-group-is-layout-a4c69c57 wp-block-group-is-layout-constrained\">\n<div class=\"wp-block-columns is-layout-flex wp-container-core-columns-is-layout-28f84493 wp-block-columns-is-layout-flex\">\n<div class=\"wp-block-column is-layout-flow wp-block-column-is-layout-flow\" style=\"flex-basis:70%\">\n<h1 class=\"wp-block-heading\">Explora una carrera en Praxas<\/h1>\n\n\n\n<p>En Praxas, protegemos los productos sensibles a la temperatura con soluciones innovadoras de control y almacenamiento. Como parte del Grupo mundial CIMSENSE, ofrecemos un entorno din\u00e1mico en el que tu carrera puede prosperar. <\/p>\n\n\n\n<p>Da el siguiente paso en tu carrera y ejerce un impacto real en el cumplimiento de la temperatura en todo el mundo.<\/p>\n<\/div>\n\n\n\n<div class=\"wp-block-column is-layout-flow wp-block-column-is-layout-flow\" style=\"flex-basis:33.33%\"><\/div>\n<\/div>\n<\/div>\n<\/div><\/div>\n\n<div style=\"height:60px\" aria-hidden=\"true\" class=\"wp-block-spacer\"><\/div>\n\n<div class=\"wp-block-group alignfull has-global-padding is-layout-constrained wp-container-core-group-is-layout-a4c69c57 wp-block-group-is-layout-constrained\">\n<div class=\"wp-block-columns is-layout-flex wp-container-core-columns-is-layout-28f84493 wp-block-columns-is-layout-flex\">\n<div class=\"wp-block-column is-layout-flow wp-block-column-is-layout-flow\">\n<h2 class=\"wp-block-heading has-text-color has-link-color wp-elements-c01fa2c26e14c14d7aa097c420d5462e\" style=\"color:#009ee0\">\u00bfQui\u00e9nes somos?<\/h2>\n\n\n\n<p>En Praxas, nos aseguramos de que los clientes dispongan de un entorno fiable y seguro para sus bienes, personas y posesiones. Nuestro equipo de expertos se dedica a prestar un servicio excepcional, ayudando a los socios a trabajar de forma m\u00e1s eficaz y segura con nuestros productos y servicios innovadores.<\/p>\n\n\n\n<p>Como parte del <a href=\"https:\/\/praxas.com\/es\/cimsense\/\" data-type=\"link\" data-id=\"https:\/\/praxas.com\/en\/we-are-cimsense\/\">Grupo CIMSENSE<\/a>, l\u00edder mundial en controles, instrumentos, dispositivos de medici\u00f3n y sensores, operamos desde los Pa\u00edses Bajos, atendiendo principalmente a Europa y el Reino Unido. Con planes de expansi\u00f3n a trav\u00e9s de nuestra tienda web y nuestra red de distribuidores, Praxas est\u00e1 preparada para un fuerte crecimiento en los pr\u00f3ximos a\u00f1os. <\/p>\n\n\n\n<p>Una carrera en Praxas significa unirse a un equipo que valora la innovaci\u00f3n, la precisi\u00f3n y la protecci\u00f3n. Creemos que, mediante la medici\u00f3n y la protecci\u00f3n, podemos contribuir a un mundo mejor y m\u00e1s seguro.<\/p>\n<\/div>\n<\/div>\n<\/div>\n\n<div style=\"height:60px\" aria-hidden=\"true\" class=\"wp-block-spacer\"><\/div>\n\n<div class=\"wp-block-group alignfull has-global-padding is-layout-constrained wp-container-core-group-is-layout-a4c69c57 wp-block-group-is-layout-constrained\">\n<div class=\"wp-block-columns is-layout-flex wp-container-core-columns-is-layout-a5331a9e wp-block-columns-is-layout-flex\" style=\"padding-top:0;padding-right:0;padding-bottom:0;padding-left:0\">\n<div class=\"wp-block-column is-layout-flow wp-block-column-is-layout-flow\">\n<h3 class=\"wp-block-heading has-text-color has-link-color has-x-large-font-size wp-elements-e7f23fff1f0d122c0e7797828f543358\" style=\"color:#009ee0\">Oportunidades profesionales actuales<\/h3>\n\n\n\n<div class=\"wp-block-columns has-background is-layout-flex wp-container-core-columns-is-layout-85bea71e wp-block-columns-is-layout-flex\" style=\"background-color:#f2f3f7;padding-top:var(--wp--preset--spacing--small);padding-right:var(--wp--preset--spacing--small);padding-bottom:var(--wp--preset--spacing--small);padding-left:var(--wp--preset--spacing--small)\">\n<div class=\"wp-block-column is-layout-flow wp-block-column-is-layout-flow\" style=\"padding-top:0;padding-right:var(--wp--preset--spacing--medium);padding-bottom:0;padding-left:var(--wp--preset--spacing--medium)\">\n<div style=\"height:20px\" aria-hidden=\"true\" class=\"wp-block-spacer\"><\/div>\n\n\n\n<h4 class=\"wp-block-heading has-medium-font-size\">Vacante: Empleado (comercial) de servicios internos en Praxas B.V. en Breda<\/h4>\n\n\n\n<p class=\"has-text-align-left has-small-font-size\">\u00bfEst\u00e1s buscando un puesto desafiante en el servicio de oficina en un entorno din\u00e1mico y en crecimiento? En Praxas, especialista en ofrecer soluciones para la prevenci\u00f3n de da\u00f1os en la cadena de suministro, buscamos un entusiasta Empleado de Servicios Internos para que se una a nuestro equipo. Nuestra misi\u00f3n es clara: trabajamos cada d\u00eda para comprobar y proteger mercanc\u00edas valiosas contra da\u00f1os y para garantizar que lleguen a su destino en buenas condiciones. \u00bfTe atrae esto? Entonces, \u00a1sigue leyendo!    <\/p>\n\n\n\n<p class=\"has-text-align-left has-small-font-size\">Tu papel como Empleado (Comercial) de Servicios Internos en Praxas es un puesto vers\u00e1til en el que ning\u00fan d\u00eda es igual. En Praxas eres el enlace entre nuestra empresa y nuestros clientes. Con tu actitud orientada al servicio y tus habilidades comerciales, garantizas un proceso de pedido fluido y una excelente experiencia del cliente.  <\/p>\n\n\n\n<div class=\"wp-block-columns is-layout-flex wp-container-core-columns-is-layout-28f84493 wp-block-columns-is-layout-flex\">\n<div class=\"wp-block-column has-background is-layout-flow wp-block-column-is-layout-flow\" style=\"border-radius:15px;background-color:#e5e5e5;padding-top:var(--wp--preset--spacing--medium);padding-right:var(--wp--preset--spacing--medium);padding-bottom:var(--wp--preset--spacing--medium);padding-left:var(--wp--preset--spacing--medium)\">\n<h5 class=\"wp-block-heading has-small-font-size\">\u00bfQu\u00e9 esperamos de ti?<\/h5>\n\n\n\n<ul class=\"wp-block-list has-small-font-size\">\n<li>Apoyo interno: Eres el punto de contacto para los compa\u00f1eros y proporcionas apoyo cuando es necesario.<\/li>\n\n\n\n<li>Ganas de aprender y entusiasmo: Te gusta aprender cosas nuevas y tomar la iniciativa.<\/li>\n\n\n\n<li>Independiente y orientado al trabajo en equipo: Puedes trabajar de forma independiente, pero tambi\u00e9n funcionar bien en equipo.<\/li>\n\n\n\n<li>Nivel m\u00ednimo de trabajo y pensamiento MBO+: Preferiblemente complementado con experiencia en un entorno B2B t\u00e9cnico, comercial y orientado al servicio.<\/li>\n\n\n\n<li>Aptitudes comerciales: Tienes sentido de la orientaci\u00f3n al cliente y puedes identificarte con nuestra misi\u00f3n, visi\u00f3n y valores fundamentales.<\/li>\n\n\n\n<li>Conocimientos ling\u00fc\u00edsticos: Tienes un buen dominio del neerland\u00e9s y del ingl\u00e9s, tanto oral como escrito.<\/li>\n\n\n\n<li>Conocimientos inform\u00e1ticos: Tienes una buena base en el uso de ordenadores y diferentes sistemas.<\/li>\n<\/ul>\n<\/div>\n\n\n\n<div class=\"wp-block-column has-background is-layout-flow wp-block-column-is-layout-flow\" style=\"border-radius:15px;background-color:#e5e5e5;padding-top:var(--wp--preset--spacing--medium);padding-right:var(--wp--preset--spacing--medium);padding-bottom:var(--wp--preset--spacing--medium);padding-left:var(--wp--preset--spacing--medium)\">\n<h5 class=\"wp-block-heading has-small-font-size\">Tus tareas principales son:<\/h5>\n\n\n\n<ul class=\"wp-block-list has-small-font-size\">\n<li>Gesti\u00f3n de existencias: Garantizar niveles \u00f3ptimos de existencias e identificar las carencias.<\/li>\n\n\n\n<li>Tramitaci\u00f3n de pedidos: Recepci\u00f3n y env\u00edo de pedidos para proporcionar a nuestros clientes sus productos a tiempo.<\/li>\n\n\n\n<li>Preparar grabadores de datos: Configura y documenta los grabadores de datos para que est\u00e9n listos para su env\u00edo.<\/li>\n\n\n\n<li>Materiales de embalaje: Responsabilidad de los materiales de embalaje correctos para que cada env\u00edo se realice de forma segura.<\/li>\n\n\n\n<li>Contacto con los clientes: Mantener las relaciones con los clientes y responder a preguntas (t\u00e9cnicas) sobre el proceso de tramitaci\u00f3n de pedidos y los plazos de entrega.<\/li>\n\n\n\n<li>Proceso de cotizaci\u00f3n: Pensar en soluciones para los clientes dentro del proceso de cotizaci\u00f3n y asesorar sobre los mejores productos y servicios.<\/li>\n<\/ul>\n<\/div>\n<\/div>\n\n\n\n<p class=\"has-text-align-left has-small-font-size\"><strong>\u00bfQu\u00e9 te ofrecemos?<\/strong>  En Praxas te encontrar\u00e1s en un entorno de trabajo abierto e informal, donde la satisfacci\u00f3n en el trabajo y la cooperaci\u00f3n son fundamentales. Adem\u00e1s, ofrecemos: <\/p>\n\n\n\n<ul class=\"wp-block-list\">\n<li>Contrato: 40 horas semanales, con flexibilidad para menos horas si se desea.<\/li>\n\n\n\n<li>Vacaciones: 25 d\u00edas al a\u00f1o (sobre la base de una semana laboral de 40 horas).<\/li>\n\n\n\n<li>Salario: Un buen salario acorde con tu experiencia y responsabilidades.<\/li>\n\n\n\n<li>Plan de pensiones: Para un futuro sin preocupaciones.<\/li>\n\n\n\n<li>Paga de vacaciones: Una prima para tus planes de vacaciones.<\/li>\n\n\n\n<li>Dietas de viaje: Para desplazamientos a partir de 10 km.<\/li>\n<\/ul>\n\n\n\n<div style=\"height:10px\" aria-hidden=\"true\" class=\"wp-block-spacer\"><\/div>\n\n\n\n<p><strong>\u00bfTe interesa?<\/strong>  \u00bfEst\u00e1s preparado para un nuevo reto y quieres formar parte de un equipo divertido e informal en Breda? Entonces env\u00edanos tu solicitud a <a href=\"mailto:vacature@praxas.com\">vacature@praxas.com<\/a> o consulta nuestro <a href=\"https:\/\/www.linkedin.com\/company\/praxas-b-v-\/jobs\/\" data-type=\"link\" data-id=\"https:\/\/www.linkedin.com\/company\/praxas-b-v-\/jobs\/\" target=\"_blank\" rel=\"noopener\">LinkedIn<\/a> <\/p>\n\n\n\n<div style=\"height:30px\" aria-hidden=\"true\" class=\"wp-block-spacer\"><\/div>\n<\/div>\n<\/div>\n\n\n\n<div style=\"height:30px\" aria-hidden=\"true\" class=\"wp-block-spacer\"><\/div>\n\n\n\n<p><em>No se valorar\u00e1 la adquisici\u00f3n en respuesta a estas vacantes<\/em><\/p>\n<\/div>\n<\/div>\n<\/div>\n\n<div style=\"height:60px\" aria-hidden=\"true\" class=\"wp-block-spacer\"><\/div>\n","protected":false},"excerpt":{"rendered":"<p>\u00bfQui\u00e9nes somos? En Praxas, nos aseguramos de que los clientes dispongan de un entorno fiable y seguro para sus bienes, personas y posesiones. Nuestro equipo de expertos se dedica a prestar un servicio excepcional, ayudando a los socios a trabajar de forma m\u00e1s eficaz y segura con nuestros productos y servicios innovadores. Como parte del [&hellip;]<\/p>\n","protected":false},"author":8383,"featured_media":0,"parent":31676,"menu_order":0,"comment_status":"closed","ping_status":"closed","template":"template-fullwidth-no-heading.php","meta":{"_acf_changed":false,"content-type":"","_uag_custom_page_level_css":"","footnotes":""},"class_list":["post-31503","page","type-page","status-publish","hentry"],"acf":[],"spectra_custom_meta":{"hero_image":[""],"_hero_image":["field_64f1a7da7af44"],"_hero_h1":["field_64f19e1edd052"],"_hero_h2":["field_64f19e2ddd053"],"_hero_text":["field_64f19e42dd054"],"_hero_button_text":["field_64f19e4edd055"],"_hero_button_link":["field_64f19e5ddd056"],"_top_nav_excluded":[""],"_cms_nav_minihome":[""],"_wp_page_template":["template-fullwidth-no-heading.php"],"_last_translation_edit_mode":["translation-editor"],"rank_math_og_content_image":["a:2:{s:5:\"check\";s:32:\"9751f8deaf6bca29fe69ee5018a054b0\";s:6:\"images\";a:1:{i:0;i:44685;}}"],"rank_math_analytic_object_id":["791"],"rank_math_title":["Oportunidades profesionales - \u00danete al equipo %sep% %sitename%"],"rank_math_description":["Explora las apasionantes carreras profesionales en Praxas. \u00danete a nuestro equipo y crece con nosotros: \u00a1descubre hoy mismo las oportunidades laborales que se ajustan a tus habilidades y ambiciones! "],"rank_math_focus_keyword":["Carrera profesional"],"_wpml_word_count":["802"],"_uag_css_file_name":["uag-css-31503.css"],"_uag_page_assets":["a:9:{s:3:\"css\";s:263:\".uag-blocks-common-selector{z-index:var(--z-index-desktop) !important}@media (max-width: 976px){.uag-blocks-common-selector{z-index:var(--z-index-tablet) !important}}@media (max-width: 767px){.uag-blocks-common-selector{z-index:var(--z-index-mobile) !important}}\n\";s:2:\"js\";s:0:\"\";s:18:\"current_block_list\";a:9:{i:0;s:10:\"core\/cover\";i:1;s:10:\"core\/group\";i:2;s:12:\"core\/columns\";i:3;s:11:\"core\/column\";i:4;s:12:\"core\/heading\";i:5;s:14:\"core\/paragraph\";i:6;s:11:\"core\/spacer\";i:7;s:9:\"core\/list\";i:8;s:14:\"core\/list-item\";}s:8:\"uag_flag\";b:0;s:11:\"uag_version\";s:10:\"1775742760\";s:6:\"gfonts\";a:0:{}s:10:\"gfonts_url\";s:0:\"\";s:12:\"gfonts_files\";a:0:{}s:14:\"uag_faq_layout\";b:0;}"]},"uagb_featured_image_src":{"full":false,"thumbnail":false,"medium":false,"medium_large":false,"large":false,"1536x1536":false,"2048x2048":false,"crunchify-admin-post-featured-image":false,"commercegurus-pdp-large":false,"commercegurus-plp-mobile":false,"cgkit_image_swatch":false,"woocommerce_thumbnail":false,"woocommerce_single":false,"woocommerce_gallery_thumbnail":false},"uagb_author_info":{"display_name":"Alex James","author_link":"https:\/\/praxas.com\/es\/author\/alex\/"},"uagb_comment_info":0,"uagb_excerpt":"\u00bfQui\u00e9nes somos? En Praxas, nos aseguramos de que los clientes dispongan de un entorno fiable y seguro para sus bienes, personas y posesiones. Nuestro equipo de expertos se dedica a prestar un servicio excepcional, ayudando a los socios a trabajar de forma m\u00e1s eficaz y segura con nuestros productos y servicios innovadores. Como parte del&hellip;","_links":{"self":[{"href":"https:\/\/praxas.com\/es\/wp-json\/wp\/v2\/pages\/31503","targetHints":{"allow":["GET"]}}],"collection":[{"href":"https:\/\/praxas.com\/es\/wp-json\/wp\/v2\/pages"}],"about":[{"href":"https:\/\/praxas.com\/es\/wp-json\/wp\/v2\/types\/page"}],"author":[{"embeddable":true,"href":"https:\/\/praxas.com\/es\/wp-json\/wp\/v2\/users\/8383"}],"replies":[{"embeddable":true,"href":"https:\/\/praxas.com\/es\/wp-json\/wp\/v2\/comments?post=31503"}],"version-history":[{"count":10,"href":"https:\/\/praxas.com\/es\/wp-json\/wp\/v2\/pages\/31503\/revisions"}],"predecessor-version":[{"id":45351,"href":"https:\/\/praxas.com\/es\/wp-json\/wp\/v2\/pages\/31503\/revisions\/45351"}],"up":[{"embeddable":true,"href":"https:\/\/praxas.com\/es\/wp-json\/wp\/v2\/pages\/31676"}],"wp:attachment":[{"href":"https:\/\/praxas.com\/es\/wp-json\/wp\/v2\/media?parent=31503"}],"curies":[{"name":"wp","href":"https:\/\/api.w.org\/{rel}","templated":true}]}}