{"id":31510,"date":"2023-08-22T10:41:44","date_gmt":"2023-08-22T10:41:44","guid":{"rendered":"https:\/\/staging.praxas.com\/estudio-de-diseno-panelpilotace\/"},"modified":"2024-07-23T08:13:53","modified_gmt":"2024-07-23T08:13:53","slug":"estudio-de-diseno-panelpilotace","status":"publish","type":"page","link":"https:\/\/praxas.com\/es\/estudio-de-diseno-panelpilotace\/","title":{"rendered":"Estudio de dise\u00f1o PanelPilotACE"},"content":{"rendered":"","protected":false},"excerpt":{"rendered":"","protected":false},"author":1,"featured_media":31513,"parent":0,"menu_order":3,"comment_status":"closed","ping_status":"closed","template":"template-software.php","meta":{"_acf_changed":false,"content-type":"","_uag_custom_page_level_css":"","footnotes":""},"class_list":["post-31510","page","type-page","status-publish","has-post-thumbnail","hentry"],"acf":[],"spectra_custom_meta":{"hero_image":[""],"_hero_image":["field_64f1a7da7af44"],"_hero_h1":["field_64f19e1edd052"],"_hero_h2":["field_64f19e2ddd053"],"_hero_text":["field_64f19e42dd054"],"_hero_button_text":["field_64f19e4edd055"],"_hero_button_link":["field_64f19e5ddd056"],"_section_1_left_logo":["field_651e72281c3c5"],"_section_1_header_text":["field_651e7c25d75f7"],"_section_1_content":["field_651e75bf15788"],"_section_1_download_button_link":["field_651e75feff811"],"_section_2_header_text":["field_651e773b3573b"],"_section_2_content":["field_651e775b3573d"],"_section_3_header_text":["field_651e7df523dc1"],"_section_3_content":["field_651e7e0c23dc2"],"_top_nav_excluded":[""],"_cms_nav_minihome":[""],"_wp_page_template":["template-software.php"],"_thumbnail_id":["31513"],"_last_translation_edit_mode":["native-editor"],"rank_math_title":["Estudio de dise\u00f1o PanelPilotACE | HMI y pantallas personalizables"],"rank_math_description":["Descarga nuestro software gratuito PanelPilotACE Design Studio, para utilizarlo con todos los productos PanelPilotACE. Llama a nuestro equipo de ventas si deseas soluciones m\u00e1s personalizadas."],"rank_math_focus_keyword":["Estudio de dise\u00f1o PanelPilotACE"],"section_1_header_text":["Estudio de dise\u00f1o PanelPilotACE"],"section_1_content":["Descarga la versi\u00f3n 4.0.2.4064 de nuestro software PanelPilotACE Design Studio, para utilizar con todos los <span style=\"text-decoration: underline;\"><strong><a href=\"\/es\/categorias-de-producto\/panelpilot-displays-es\/panelpilotace-es\/\">PanelPilotACE<\/a><\/strong><\/span> incluido el <span style=\"text-decoration: underline;\"><strong><a href=\"\/es\/product\/registradores-de-datos\/registradores-de-datos-de-temperatura\/el-sgd-70-atp\/\">EL-SGD 70-ATP<\/a><\/strong><\/span> y <span style=\"text-decoration: underline;\"><strong><a href=\"\/es\/product\/registradores-de-datos\/registradores-de-datos-de-temperatura\/el-sgd-43-atp\/\">EL-SGD 43-ATP<\/a><\/strong><\/span>. Esta \u00faltima versi\u00f3n de PanelPilotACE Design Studio sirve para dise\u00f1ar aplicaciones que se ejecutar\u00e1n en el hardware de las pantallas PanelPilotACE de 4,3\" y 7\", y es compatible con Windows 10 y 11.\r\n\r\nLa \u00faltima versi\u00f3n te ofrece el protocolo CAN bus J1939 (para usar con el <span style=\"text-decoration: underline;\"><strong><a href=\"\/es\/product\/panelpilot-displays-es\/accesorios-es-2\/s70-can\/\">placa complementaria S70-CAN<\/a><\/strong><\/span>), el elemento de giro num\u00e9rico que proporciona una forma m\u00e1s c\u00f3moda de crear una interfaz de usuario de selecci\u00f3n num\u00e9rica, y gr\u00e1ficos y registro de datos multicanal mejorados.\r\n\r\nLas versiones anteriores a\u00f1adieron Control PID, FTP Ethernet para los datos registrados y Registro de datos multicanal y gr\u00e1ficos de tendencias. \u00c9stos se unen a los ya populares protocolos RS485 y MODBUS, as\u00ed como a las funciones Constructor de cadenas, Elementos de termistor y Protecci\u00f3n por contrase\u00f1a."],"section_1_download_button_link":["https:\/\/s3.amazonaws.com\/lascar_downloads\/Panel+Pilot+ACE\/PanelPilotACE_4.0.2.4064.exe"],"section_2_header_text":["<center><h1>Bienvenido al software PanelPilotACE Design Studio<\/h1><\/center>"],"section_2_content":["<p style=\"text-align: center;\"><iframe title=\"PanelPilotACE - Pantallas Gr\u00e1ficas Inteligentes. Sin escribir c\u00f3digo.\" src=\"https:\/\/www.youtube.com\/embed\/EV_m3dcdRc8\" width=\"824\" height=\"464\" frameborder=\"0\" allowfullscreen=\"allowfullscreen\"><\/iframe><\/p>"],"section_3_header_text":["Canal Tutorial PanelPilot"],"section_3_content":["<img class=\"size-medium wp-image-12662 alignleft\" src=\"https:\/\/praxas.com\/wp-content\/uploads\/youtubetutorialonscreen-displays-300x300.png\" alt=\"\" width=\"300\" height=\"300\" \/>\r\n\r\nVer y suscribirse al <span style=\"text-decoration: underline;\"><strong><a href=\"https:\/\/www.youtube.com\/c\/panelpilot\" target=\"_blank\" rel=\"noopener\">Canal de tutoriales de PanelPilot<\/a><\/strong><\/span> ahora y mira una serie de v\u00eddeos tutoriales que te mostrar\u00e1n c\u00f3mo construir un panel\u00f3metro multicanal en unos 15 minutos.\r\n\r\nEl Canal Tutorial de PanelPilot incluye opciones tanto para <span style=\"text-decoration: underline;\"><strong><a href=\"https:\/\/www.youtube.com\/watch?v=5VqRoIJtgVc&amp;list=PLKSUxzXJy0JKrWoW4x4m3h3bRdwfe2fxY\" target=\"_blank\" rel=\"noopener\">B\u00c1SICO<\/a><\/strong><\/span> y <span style=\"text-decoration: underline;\"><strong><a href=\"https:\/\/www.youtube.com\/watch?v=EcnayNJ-OpI&amp;list=PLKSUxzXJy0JJDe0t7q3GUiRRiwmxzaRYd\" target=\"_blank\" rel=\"noopener\">AVANZADO<\/a><\/strong><\/span> de modo que, sea cual sea tu experiencia con PanelPilotACE, tendr\u00e1s acceso a magn\u00edficas herramientas de v\u00eddeo para iniciar y completar tu proyecto de forma r\u00e1pida y eficaz."],"_edit_lock":["1721722294:8383"],"classic-editor-remember":["classic-editor"],"rank_math_seo_score":["67"],"_edit_last":["8383"],"hero_h1":[""],"hero_h2":[""],"hero_text":[""],"hero_button_text":[""],"hero_button_link":[""],"section_1_left_logo":["14590"],"_wpml_media_duplicate":["1"],"_wpml_media_featured":["1"],"_uag_page_assets":["a:9:{s:3:\"css\";s:0:\"\";s:2:\"js\";s:0:\"\";s:18:\"current_block_list\";a:0:{}s:8:\"uag_flag\";b:0;s:11:\"uag_version\";s:10:\"1776763693\";s:6:\"gfonts\";a:0:{}s:10:\"gfonts_url\";s:0:\"\";s:12:\"gfonts_files\";a:0:{}s:14:\"uag_faq_layout\";b:0;}"]},"uagb_featured_image_src":{"full":["https:\/\/praxas.com\/wp-content\/uploads\/SGD-70-A-Design-Studio.jpg",1200,630,false],"thumbnail":["https:\/\/praxas.com\/wp-content\/uploads\/SGD-70-A-Design-Studio-150x150.jpg",150,150,true],"medium":["https:\/\/praxas.com\/wp-content\/uploads\/SGD-70-A-Design-Studio-300x158.jpg",300,158,true],"medium_large":["https:\/\/praxas.com\/wp-content\/uploads\/SGD-70-A-Design-Studio-768x403.jpg",768,403,true],"large":["https:\/\/praxas.com\/wp-content\/uploads\/SGD-70-A-Design-Studio-1024x538.jpg",1024,538,true],"1536x1536":["https:\/\/praxas.com\/wp-content\/uploads\/SGD-70-A-Design-Studio.jpg",1200,630,false],"2048x2048":["https:\/\/praxas.com\/wp-content\/uploads\/SGD-70-A-Design-Studio.jpg",1200,630,false],"crunchify-admin-post-featured-image":["https:\/\/praxas.com\/wp-content\/uploads\/SGD-70-A-Design-Studio-120x63.jpg",120,63,true],"commercegurus-pdp-large":["https:\/\/praxas.com\/wp-content\/uploads\/SGD-70-A-Design-Studio-990x520.jpg",990,520,true],"commercegurus-plp-mobile":["https:\/\/praxas.com\/wp-content\/uploads\/SGD-70-A-Design-Studio-441x232.jpg",441,232,true],"cgkit_image_swatch":["https:\/\/praxas.com\/wp-content\/uploads\/SGD-70-A-Design-Studio-100x100.jpg",100,100,true],"woocommerce_thumbnail":["https:\/\/praxas.com\/wp-content\/uploads\/SGD-70-A-Design-Studio-300x158.jpg",300,158,true],"woocommerce_single":["https:\/\/praxas.com\/wp-content\/uploads\/SGD-70-A-Design-Studio-800x420.jpg",800,420,true],"woocommerce_gallery_thumbnail":["https:\/\/praxas.com\/wp-content\/uploads\/SGD-70-A-Design-Studio-150x79.jpg",150,79,true]},"uagb_author_info":{"display_name":"AndyS","author_link":"https:\/\/praxas.com\/es\/author\/andys\/"},"uagb_comment_info":0,"uagb_excerpt":null,"_links":{"self":[{"href":"https:\/\/praxas.com\/es\/wp-json\/wp\/v2\/pages\/31510","targetHints":{"allow":["GET"]}}],"collection":[{"href":"https:\/\/praxas.com\/es\/wp-json\/wp\/v2\/pages"}],"about":[{"href":"https:\/\/praxas.com\/es\/wp-json\/wp\/v2\/types\/page"}],"author":[{"embeddable":true,"href":"https:\/\/praxas.com\/es\/wp-json\/wp\/v2\/users\/1"}],"replies":[{"embeddable":true,"href":"https:\/\/praxas.com\/es\/wp-json\/wp\/v2\/comments?post=31510"}],"version-history":[{"count":2,"href":"https:\/\/praxas.com\/es\/wp-json\/wp\/v2\/pages\/31510\/revisions"}],"predecessor-version":[{"id":38411,"href":"https:\/\/praxas.com\/es\/wp-json\/wp\/v2\/pages\/31510\/revisions\/38411"}],"wp:featuredmedia":[{"embeddable":true,"href":"https:\/\/praxas.com\/es\/wp-json\/wp\/v2\/media\/31513"}],"wp:attachment":[{"href":"https:\/\/praxas.com\/es\/wp-json\/wp\/v2\/media?parent=31510"}],"curies":[{"name":"wp","href":"https:\/\/api.w.org\/{rel}","templated":true}]}}