{"id":31531,"date":"2023-08-22T09:00:05","date_gmt":"2023-08-22T07:00:05","guid":{"rendered":"https:\/\/staging.praxas.com\/software-panelpilot\/"},"modified":"2025-02-04T11:56:04","modified_gmt":"2025-02-04T11:56:04","slug":"software-panelpilot","status":"publish","type":"page","link":"https:\/\/praxas.com\/es\/software\/software-panelpilot\/","title":{"rendered":"Software PanelPilot"},"content":{"rendered":"\n<div class=\"wp-block-cover alignfull\" style=\"min-height:350px;aspect-ratio:unset;\"><span aria-hidden=\"true\" class=\"wp-block-cover__background has-background-dim-10 has-background-dim\" style=\"background-color:#3a6187\"><\/span><img loading=\"lazy\" decoding=\"async\" width=\"3780\" height=\"709\" class=\"wp-block-cover__image-background wp-image-43558\" alt=\"Software new style banner\" src=\"https:\/\/praxas.com\/wp-content\/uploads\/PRAXAS_Software.png\" data-object-fit=\"cover\" srcset=\"https:\/\/praxas.com\/wp-content\/uploads\/PRAXAS_Software.png 3780w, https:\/\/praxas.com\/wp-content\/uploads\/PRAXAS_Software-300x56.png 300w, https:\/\/praxas.com\/wp-content\/uploads\/PRAXAS_Software-1024x192.png 1024w, https:\/\/praxas.com\/wp-content\/uploads\/PRAXAS_Software-768x144.png 768w, https:\/\/praxas.com\/wp-content\/uploads\/PRAXAS_Software-1536x288.png 1536w, https:\/\/praxas.com\/wp-content\/uploads\/PRAXAS_Software-2048x384.png 2048w, https:\/\/praxas.com\/wp-content\/uploads\/PRAXAS_Software-120x23.png 120w, https:\/\/praxas.com\/wp-content\/uploads\/PRAXAS_Software-990x186.png 990w, https:\/\/praxas.com\/wp-content\/uploads\/PRAXAS_Software-441x83.png 441w, https:\/\/praxas.com\/wp-content\/uploads\/PRAXAS_Software-350x66.png 350w, https:\/\/praxas.com\/wp-content\/uploads\/PRAXAS_Software-800x150.png 800w, https:\/\/praxas.com\/wp-content\/uploads\/PRAXAS_Software-150x28.png 150w\" sizes=\"auto, (max-width: 3780px) 100vw, 3780px\" \/><div class=\"wp-block-cover__inner-container has-global-padding is-layout-constrained wp-container-core-cover-is-layout-a4c69c57 wp-block-cover-is-layout-constrained\">\n<div class=\"wp-block-columns is-layout-flex wp-container-core-columns-is-layout-28f84493 wp-block-columns-is-layout-flex\">\n<div class=\"wp-block-column is-layout-flow wp-block-column-is-layout-flow\" style=\"flex-basis:70%\">\n<h1 class=\"wp-block-heading has-white-color has-text-color has-link-color wp-elements-1c5890778b546da9a4e414bbd8a486bd\">Software PanelPilot<\/h1>\n\n\n\n<div style=\"height:30px\" aria-hidden=\"true\" class=\"wp-block-spacer\"><\/div>\n\n\n\n<p class=\"has-white-color has-text-color has-link-color wp-elements-52d1120e2ff0f7dc8178854c93057453\">Accede a toda la gama de software dise\u00f1ado para dar soporte a tus dispositivos PanelPilot, incluidos <strong>PanelPilot M<\/strong>, <strong>PanelPilot B<\/strong> y <strong>PanelPilotACE<\/strong>. Tanto si quieres personalizar ajustes, configurar entradas o actualizar tu pantalla, este software te permite gestionar y optimizar tus dispositivos de forma sencilla. <\/p>\n<\/div>\n\n\n\n<div class=\"wp-block-column is-layout-flow wp-block-column-is-layout-flow\"><\/div>\n<\/div>\n<\/div><\/div>\n\n<div style=\"height:40px\" aria-hidden=\"true\" class=\"wp-block-spacer\"><\/div>\n\n<div class=\"wp-block-group alignfull has-global-padding is-layout-constrained wp-container-core-group-is-layout-a4c69c57 wp-block-group-is-layout-constrained\">\n<div class=\"wp-block-columns is-layout-flex wp-container-core-columns-is-layout-28f84493 wp-block-columns-is-layout-flex\">\n<div class=\"wp-block-column has-background is-layout-flow wp-block-column-is-layout-flow\" style=\"border-radius:15px;background-color:#e5e5e5;padding-top:var(--wp--preset--spacing--medium);padding-right:var(--wp--preset--spacing--medium);padding-bottom:var(--wp--preset--spacing--medium);padding-left:var(--wp--preset--spacing--medium)\">\n<div class=\"wp-block-media-text is-stacked-on-mobile\" style=\"grid-template-columns:30% auto\"><figure class=\"wp-block-media-text__media\"><img loading=\"lazy\" decoding=\"async\" width=\"1024\" height=\"1024\" src=\"https:\/\/praxas.com\/wp-content\/uploads\/Praxas-Cog-PP-M-1024x1024.png\" alt=\"PanelPilot M PRAXAS Cog\" class=\"wp-image-43546 size-full\" srcset=\"https:\/\/praxas.com\/wp-content\/uploads\/Praxas-Cog-PP-M-1024x1024.png 1024w, https:\/\/praxas.com\/wp-content\/uploads\/Praxas-Cog-PP-M-300x300.png 300w, https:\/\/praxas.com\/wp-content\/uploads\/Praxas-Cog-PP-M-150x150.png 150w, https:\/\/praxas.com\/wp-content\/uploads\/Praxas-Cog-PP-M-768x768.png 768w, https:\/\/praxas.com\/wp-content\/uploads\/Praxas-Cog-PP-M-1536x1536.png 1536w, https:\/\/praxas.com\/wp-content\/uploads\/Praxas-Cog-PP-M-2048x2048.png 2048w, https:\/\/praxas.com\/wp-content\/uploads\/Praxas-Cog-PP-M-120x120.png 120w, https:\/\/praxas.com\/wp-content\/uploads\/Praxas-Cog-PP-M-990x990.png 990w, https:\/\/praxas.com\/wp-content\/uploads\/Praxas-Cog-PP-M-441x441.png 441w, https:\/\/praxas.com\/wp-content\/uploads\/Praxas-Cog-PP-M-100x100.png 100w, https:\/\/praxas.com\/wp-content\/uploads\/Praxas-Cog-PP-M-350x350.png 350w, https:\/\/praxas.com\/wp-content\/uploads\/Praxas-Cog-PP-M-800x800.png 800w\" sizes=\"auto, (max-width: 1024px) 100vw, 1024px\" \/><\/figure><div class=\"wp-block-media-text__content\">\n<h2 class=\"wp-block-heading has-text-color has-link-color wp-elements-7c296c72a402fd3eeda8ba263ff1cf7b\" style=\"color:#009ee0\">Software PanelPilot M<\/h2>\n<\/div><\/div>\n\n\n\n<p>El software PanelPilot M te permite personalizar y configurar f\u00e1cilmente tus pantallas de la gama M. Compatible con Windows 10 y 11, ofrece m\u00e1s de 40 opciones de dise\u00f1o y una r\u00e1pida personalizaci\u00f3n para tus necesidades espec\u00edficas. <\/p>\n\n\n\n<div class=\"wp-block-buttons is-content-justification-right is-layout-flex wp-container-core-buttons-is-layout-d445cf74 wp-block-buttons-is-layout-flex\">\n<div class=\"wp-block-button\"><a class=\"wp-block-button__link has-background wp-element-button\" href=\"https:\/\/praxas.com\/es\/software\/software-panelpilot\/panelpiloto-m\/\" style=\"border-radius:6px;background-color:#009ee0\"><strong>Ver m\u00e1s<\/strong><\/a><\/div>\n\n\n\n<div class=\"wp-block-button is-style-outline is-style-outline--1\"><a class=\"wp-block-button__link has-text-color has-link-color wp-element-button\" href=\"https:\/\/s3.amazonaws.com\/lascar_downloads\/Panel+Pilot\/Panel+Pilot+V2_29.exe\" style=\"border-radius:6px;color:#009ee0\" target=\"_blank\" rel=\"noopener\"><strong>Descargar software  <i class=\"fa-solid fa-download\" style=\"color: #009ee0;\"><\/i><\/strong><\/a><\/div>\n<\/div>\n<\/div>\n\n\n\n<div class=\"wp-block-column has-background is-layout-flow wp-block-column-is-layout-flow\" style=\"border-radius:15px;background-color:#e5e5e5;padding-top:var(--wp--preset--spacing--medium);padding-right:var(--wp--preset--spacing--medium);padding-bottom:var(--wp--preset--spacing--medium);padding-left:var(--wp--preset--spacing--medium)\">\n<div class=\"wp-block-media-text is-stacked-on-mobile\" style=\"grid-template-columns:30% auto\"><figure class=\"wp-block-media-text__media\"><img loading=\"lazy\" decoding=\"async\" width=\"1024\" height=\"1024\" src=\"https:\/\/praxas.com\/wp-content\/uploads\/Praxas-Cog-PP-B-1024x1024.png\" alt=\"PanelPilot B PRAXAS Cog\" class=\"wp-image-43540 size-full\" srcset=\"https:\/\/praxas.com\/wp-content\/uploads\/Praxas-Cog-PP-B-1024x1024.png 1024w, https:\/\/praxas.com\/wp-content\/uploads\/Praxas-Cog-PP-B-300x300.png 300w, https:\/\/praxas.com\/wp-content\/uploads\/Praxas-Cog-PP-B-150x150.png 150w, https:\/\/praxas.com\/wp-content\/uploads\/Praxas-Cog-PP-B-768x768.png 768w, https:\/\/praxas.com\/wp-content\/uploads\/Praxas-Cog-PP-B-1536x1536.png 1536w, https:\/\/praxas.com\/wp-content\/uploads\/Praxas-Cog-PP-B-2048x2048.png 2048w, https:\/\/praxas.com\/wp-content\/uploads\/Praxas-Cog-PP-B-120x120.png 120w, https:\/\/praxas.com\/wp-content\/uploads\/Praxas-Cog-PP-B-990x990.png 990w, https:\/\/praxas.com\/wp-content\/uploads\/Praxas-Cog-PP-B-441x441.png 441w, https:\/\/praxas.com\/wp-content\/uploads\/Praxas-Cog-PP-B-100x100.png 100w, https:\/\/praxas.com\/wp-content\/uploads\/Praxas-Cog-PP-B-350x350.png 350w, https:\/\/praxas.com\/wp-content\/uploads\/Praxas-Cog-PP-B-800x800.png 800w\" sizes=\"auto, (max-width: 1024px) 100vw, 1024px\" \/><\/figure><div class=\"wp-block-media-text__content\">\n<h2 class=\"wp-block-heading has-text-color has-link-color wp-elements-fd8d9851c3d7081468627520a282493c\" style=\"color:#009ee0\">Software PanelPilot B<\/h2>\n<\/div><\/div>\n\n\n\n<p>El software PanelPilot B simplifica la personalizaci\u00f3n y configuraci\u00f3n de tus pantallas de la serie B. Compatible con Windows 10 y 11, ofrece una forma sencilla de personalizar los ajustes y cargarlos directamente en tu dispositivo. <\/p>\n\n\n\n<div class=\"wp-block-buttons is-content-justification-right is-layout-flex wp-container-core-buttons-is-layout-d445cf74 wp-block-buttons-is-layout-flex\">\n<div class=\"wp-block-button\"><a class=\"wp-block-button__link has-background wp-element-button\" href=\"https:\/\/praxas.com\/es\/software\/software-panelpilot\/panelpiloto-b\/\" style=\"border-radius:6px;background-color:#009ee0\"><strong>Ver m\u00e1s<\/strong><\/a><\/div>\n\n\n\n<div class=\"wp-block-button is-style-outline is-style-outline--2\"><a class=\"wp-block-button__link has-text-color has-link-color wp-element-button\" href=\"https:\/\/s3.amazonaws.com\/lascar_downloads\/Panel+Pilot+B\/PanelPilot+B+V1.04.exe\" style=\"border-radius:6px;color:#009ee0\" target=\"_blank\" rel=\"noopener\"><strong>Descargar software  <i class=\"fa-solid fa-download\" style=\"color: #009ee0;\"><\/i><\/strong><\/a><\/div>\n<\/div>\n<\/div>\n<\/div>\n<\/div>\n\n<div style=\"height:50px\" aria-hidden=\"true\" class=\"wp-block-spacer\"><\/div>\n\n<hr class=\"wp-block-separator has-alpha-channel-opacity\"\/>\n\n<div style=\"height:20px\" aria-hidden=\"true\" class=\"wp-block-spacer\"><\/div>\n\n<div class=\"wp-block-group alignfull has-white-background-color has-background has-global-padding is-layout-constrained wp-container-core-group-is-layout-9f45cca8 wp-block-group-is-layout-constrained\" style=\"padding-top:var(--wp--preset--spacing--large);padding-right:0;padding-bottom:var(--wp--preset--spacing--large);padding-left:0\">\n<h3 class=\"wp-block-heading has-text-align-center wp-embed-aspect-16-9 wp-has-aspect-ratio has-text-color has-link-color has-large-font-size wp-elements-397cd826f73e0c96468a7dc9482653d6\" style=\"color:#009ee0\">Estudio de dise\u00f1o PanelPilotACE<\/h3>\n\n\n\n<div style=\"height:20px\" aria-hidden=\"true\" class=\"wp-block-spacer\"><\/div>\n\n\n\n<div class=\"wp-block-columns wp-embed-aspect-16-9 wp-has-aspect-ratio is-layout-flex wp-container-core-columns-is-layout-28f84493 wp-block-columns-is-layout-flex\">\n<div class=\"wp-block-column is-layout-flow wp-block-column-is-layout-flow\">\n<div class=\"wp-block-columns is-layout-flex wp-container-core-columns-is-layout-28f84493 wp-block-columns-is-layout-flex\">\n<div class=\"wp-block-column is-layout-flow wp-block-column-is-layout-flow\" style=\"flex-basis:33.33%\">\n<figure class=\"wp-block-embed is-type-video is-provider-youtube wp-block-embed-youtube wp-embed-aspect-16-9 wp-has-aspect-ratio\"><div class=\"wp-block-embed__wrapper\">\n<div class=\"video-container\"><iframe loading=\"lazy\" title=\"PanelPilotACE Design Studio - Version 2\" width=\"1170\" height=\"658\" src=\"https:\/\/www.youtube.com\/embed\/igl0u6cR2uw?feature=oembed\" frameborder=\"0\" allow=\"accelerometer; autoplay; clipboard-write; encrypted-media; gyroscope; picture-in-picture; web-share\" referrerpolicy=\"strict-origin-when-cross-origin\" allowfullscreen><\/iframe><\/div>\n<\/div><\/figure>\n<\/div>\n\n\n\n<div class=\"wp-block-column is-layout-flow wp-block-column-is-layout-flow\" style=\"flex-basis:66.66%\">\n<p>PanelPilotACE Design Studio es un software de arrastrar y soltar f\u00e1cil de usar para crear aplicaciones personalizadas en pantallas PanelPilotACE. Compatible con Windows 10 y 11, funciona con productos como el EL-SGD 70-ATP y el EL-SGD 43-ATP, facilitando el dise\u00f1o de interfaces a medida para tus pantallas. <\/p>\n\n\n\n<div class=\"wp-block-buttons is-content-justification-right is-layout-flex wp-container-core-buttons-is-layout-d445cf74 wp-block-buttons-is-layout-flex\">\n<div class=\"wp-block-button\"><a class=\"wp-block-button__link has-background wp-element-button\" href=\"https:\/\/praxas.com\/es\/software\/software-panelpilot\/estudio-de-diseno-panelpilotace\/\" style=\"border-radius:6px;background-color:#009ee0\"><strong>Saber m\u00e1s<\/strong><\/a><\/div>\n\n\n\n<div class=\"wp-block-button is-style-outline is-style-outline--3\"><a class=\"wp-block-button__link has-text-color has-link-color wp-element-button\" href=\"https:\/\/s3.amazonaws.com\/lascar_downloads\/Panel+Pilot+ACE\/PanelPilotACE_4.0.2.4064.exe\" style=\"border-radius:6px;color:#009ee0\" target=\"_blank\" rel=\"noopener\"><strong>Descargar software  <i class=\"fa-solid fa-download\" style=\"color: #009ee0;\"><\/i><\/strong><\/a><\/div>\n<\/div>\n<\/div>\n<\/div>\n<\/div>\n<\/div>\n\n\n\n<div style=\"height:40px\" aria-hidden=\"true\" class=\"wp-block-spacer\"><\/div>\n\n\n\n<div class=\"wp-block-columns is-layout-flex wp-container-core-columns-is-layout-28f84493 wp-block-columns-is-layout-flex\">\n<div class=\"wp-block-column has-background is-layout-flow wp-block-column-is-layout-flow\" style=\"border-radius:10px;background-color:#e5e5e5;padding-top:var(--wp--preset--spacing--medium);padding-right:var(--wp--preset--spacing--medium);padding-bottom:var(--wp--preset--spacing--medium);padding-left:var(--wp--preset--spacing--medium)\">\n<div class=\"wp-block-media-text is-stacked-on-mobile\" style=\"padding-top:0;padding-bottom:0;grid-template-columns:25% auto\"><figure class=\"wp-block-media-text__media\"><img loading=\"lazy\" decoding=\"async\" width=\"1024\" height=\"1024\" src=\"https:\/\/praxas.com\/wp-content\/uploads\/Praxas-Cog-PP-ACE-1024x1024.png\" alt=\"PanelPilotACE PRAXAS Cog\" class=\"wp-image-43552 size-full\" srcset=\"https:\/\/praxas.com\/wp-content\/uploads\/Praxas-Cog-PP-ACE-1024x1024.png 1024w, https:\/\/praxas.com\/wp-content\/uploads\/Praxas-Cog-PP-ACE-300x300.png 300w, https:\/\/praxas.com\/wp-content\/uploads\/Praxas-Cog-PP-ACE-150x150.png 150w, https:\/\/praxas.com\/wp-content\/uploads\/Praxas-Cog-PP-ACE-768x768.png 768w, https:\/\/praxas.com\/wp-content\/uploads\/Praxas-Cog-PP-ACE-1536x1536.png 1536w, https:\/\/praxas.com\/wp-content\/uploads\/Praxas-Cog-PP-ACE-2048x2048.png 2048w, https:\/\/praxas.com\/wp-content\/uploads\/Praxas-Cog-PP-ACE-120x120.png 120w, https:\/\/praxas.com\/wp-content\/uploads\/Praxas-Cog-PP-ACE-990x990.png 990w, https:\/\/praxas.com\/wp-content\/uploads\/Praxas-Cog-PP-ACE-441x441.png 441w, https:\/\/praxas.com\/wp-content\/uploads\/Praxas-Cog-PP-ACE-100x100.png 100w, https:\/\/praxas.com\/wp-content\/uploads\/Praxas-Cog-PP-ACE-350x350.png 350w, https:\/\/praxas.com\/wp-content\/uploads\/Praxas-Cog-PP-ACE-800x800.png 800w\" sizes=\"auto, (max-width: 1024px) 100vw, 1024px\" \/><\/figure><div class=\"wp-block-media-text__content\">\n<h4 class=\"wp-block-heading has-text-align-left has-text-color has-link-color has-large-font-size wp-elements-986fdb71706ff1a3c6212846c2950a20\" style=\"color:#009ee0\">Utilidad de dispositivos PanelPilotACE<\/h4>\n<\/div><\/div>\n\n\n\n<p class=\"has-text-align-left\">La Utilidad de dispositivos PanelPilotACE (V1.0.2.25) te permite gestionar productos PanelPilotACE como el EL-SGD 70-ATP y el EL-SGD 43-ATP. Util\u00edzala para descargar registros, cargar archivos de proyecto, actualizar el software y sincronizar el reloj en tiempo real. <\/p>\n\n\n\n<div class=\"wp-block-buttons is-content-justification-right is-layout-flex wp-container-core-buttons-is-layout-d445cf74 wp-block-buttons-is-layout-flex\">\n<div class=\"wp-block-button\"><a class=\"wp-block-button__link has-background wp-element-button\" href=\"https:\/\/praxas.com\/es\/software\/software-panelpilot\/utilidad-de-dispositivos-panelpilotace\/\" style=\"border-radius:6px;background-color:#009ee0\"><strong>Saber m\u00e1s<\/strong><\/a><\/div>\n\n\n\n<div class=\"wp-block-button is-style-outline is-style-outline--4\"><a class=\"wp-block-button__link has-text-color has-link-color wp-element-button\" href=\"https:\/\/s3.amazonaws.com\/lascar_downloads\/Panel+Pilot+ACE\/Standalone\/PanelPilot+ACE+Device+Utility+-+1.0.2.25+.exe\" style=\"border-radius:6px;color:#009ee0\" target=\"_blank\" rel=\"noopener\"><strong>Descargar software  <i class=\"fa-solid fa-download\" style=\"color: #009ee0;\"><\/i><\/strong><\/a><\/div>\n<\/div>\n<\/div>\n\n\n\n<div class=\"wp-block-column has-background is-layout-flow wp-block-column-is-layout-flow\" style=\"border-radius:10px;background-color:#e5e5e5;padding-top:var(--wp--preset--spacing--medium);padding-right:var(--wp--preset--spacing--medium);padding-bottom:var(--wp--preset--spacing--medium);padding-left:var(--wp--preset--spacing--medium)\">\n<div class=\"wp-block-media-text is-stacked-on-mobile\" style=\"grid-template-columns:25% auto\"><figure class=\"wp-block-media-text__media\"><img loading=\"lazy\" decoding=\"async\" width=\"1024\" height=\"1024\" src=\"https:\/\/praxas.com\/wp-content\/uploads\/Praxas-Cog-PP-ACE-1024x1024.png\" alt=\"PanelPilotACE PRAXAS Cog\" class=\"wp-image-43552 size-full\" srcset=\"https:\/\/praxas.com\/wp-content\/uploads\/Praxas-Cog-PP-ACE-1024x1024.png 1024w, https:\/\/praxas.com\/wp-content\/uploads\/Praxas-Cog-PP-ACE-300x300.png 300w, https:\/\/praxas.com\/wp-content\/uploads\/Praxas-Cog-PP-ACE-150x150.png 150w, https:\/\/praxas.com\/wp-content\/uploads\/Praxas-Cog-PP-ACE-768x768.png 768w, https:\/\/praxas.com\/wp-content\/uploads\/Praxas-Cog-PP-ACE-1536x1536.png 1536w, https:\/\/praxas.com\/wp-content\/uploads\/Praxas-Cog-PP-ACE-2048x2048.png 2048w, https:\/\/praxas.com\/wp-content\/uploads\/Praxas-Cog-PP-ACE-120x120.png 120w, https:\/\/praxas.com\/wp-content\/uploads\/Praxas-Cog-PP-ACE-990x990.png 990w, https:\/\/praxas.com\/wp-content\/uploads\/Praxas-Cog-PP-ACE-441x441.png 441w, https:\/\/praxas.com\/wp-content\/uploads\/Praxas-Cog-PP-ACE-100x100.png 100w, https:\/\/praxas.com\/wp-content\/uploads\/Praxas-Cog-PP-ACE-350x350.png 350w, https:\/\/praxas.com\/wp-content\/uploads\/Praxas-Cog-PP-ACE-800x800.png 800w\" sizes=\"auto, (max-width: 1024px) 100vw, 1024px\" \/><\/figure><div class=\"wp-block-media-text__content\">\n<h4 class=\"wp-block-heading has-text-align-left has-text-color has-link-color has-large-font-size wp-elements-dd905046d6bb1e7f41088d0b5d555705\" style=\"color:#009ee0\">Software del dispositivo PanelPilotACE<\/h4>\n<\/div><\/div>\n\n\n\n<p class=\"has-text-align-left\">El software para dispositivos PanelPilotACE (V4.0.2.4064) te permite actualizar manualmente tu dispositivo. S\u00f3lo tienes que descargarlo, descomprimirlo y utilizar PanelPilotACE Design Studio para cargar el software m\u00e1s reciente en tu dispositivo a trav\u00e9s de USB. <\/p>\n\n\n\n<div class=\"wp-block-buttons is-content-justification-right is-layout-flex wp-container-core-buttons-is-layout-d445cf74 wp-block-buttons-is-layout-flex\">\n<div class=\"wp-block-button\"><a class=\"wp-block-button__link has-background wp-element-button\" href=\"https:\/\/praxas.com\/es\/software\/software-panelpilot\/software-del-dispositivo-panelpilotace\/\" style=\"border-radius:6px;background-color:#009ee0\"><strong>Saber m\u00e1s<\/strong><\/a><\/div>\n\n\n\n<div class=\"wp-block-button is-style-outline is-style-outline--5\"><a class=\"wp-block-button__link has-text-color has-link-color wp-element-button\" href=\"https:\/\/s3.amazonaws.com\/lascar_downloads\/Panel+Pilot+ACE\/PanelPilotACE4.0.2.4064.zip\" style=\"border-radius:6px;color:#009ee0\" target=\"_blank\" rel=\"noopener\"><strong>Descargar software  <i class=\"fa-solid fa-download\" style=\"color: #009ee0;\"><\/i><\/strong><\/a><\/div>\n<\/div>\n<\/div>\n<\/div>\n<\/div>\n\n<div style=\"height:50px\" aria-hidden=\"true\" class=\"wp-block-spacer\"><\/div>\n","protected":false},"excerpt":{"rendered":"<p>Software PanelPilot M El software PanelPilot M te permite personalizar y configurar f\u00e1cilmente tus pantallas de la gama M. Compatible con Windows 10 y 11, ofrece m\u00e1s de 40 opciones de dise\u00f1o y una r\u00e1pida personalizaci\u00f3n para tus necesidades espec\u00edficas. Software PanelPilot B El software PanelPilot B simplifica la personalizaci\u00f3n y configuraci\u00f3n de tus pantallas [&hellip;]<\/p>\n","protected":false},"author":1,"featured_media":0,"parent":31549,"menu_order":0,"comment_status":"closed","ping_status":"closed","template":"template-fullwidth-no-heading.php","meta":{"_acf_changed":false,"content-type":"","_uag_custom_page_level_css":"","footnotes":""},"class_list":["post-31531","page","type-page","status-publish","hentry"],"acf":[],"spectra_custom_meta":{"hero_image":[""],"_hero_image":["field_64f1a7da7af44"],"_hero_h1":["field_64f19e1edd052"],"_hero_h2":["field_64f19e2ddd053"],"_hero_text":["field_64f19e42dd054"],"_hero_button_text":["field_64f19e4edd055"],"_hero_button_link":["field_64f19e5ddd056"],"_top_nav_excluded":[""],"_cms_nav_minihome":[""],"_wp_page_template":["template-fullwidth-no-heading.php"],"_last_translation_edit_mode":["translation-editor"],"_edit_lock":["1721126010:8383"],"classic-editor-remember":["classic-editor"],"rank_math_seo_score":["50"],"_edit_last":["8383"],"hero_h1":[""],"hero_h2":[""],"hero_text":[""],"hero_button_text":[""],"hero_button_link":[""],"_wpml_media_duplicate":["1"],"_wpml_media_featured":["1"],"rank_math_title":["PanelPilot Software | Free Software for PanelPilot Displays"],"rank_math_description":["Browse all of Lascar Electronics' free software for the PanelPilot Displays. If you would like a cusom software solution please contact the sales team today"],"rank_math_focus_keyword":["PanelPilot Software"],"rank_math_analytic_object_id":["825"],"rank_math_og_content_image":["a:2:{s:5:\"check\";s:32:\"8387b37ba162f1b7094fb14350a5607a\";s:6:\"images\";a:2:{i:0;i:43558;i:1;i:43546;}}"],"_oembed_3af5c40b322b747a884662d2e097124a":["<iframe title=\"PanelPilotACE Design Studio - Version 2\" width=\"1170\" height=\"658\" src=\"https:\/\/www.youtube.com\/embed\/igl0u6cR2uw?feature=oembed\" frameborder=\"0\" allow=\"accelerometer; autoplay; clipboard-write; encrypted-media; gyroscope; picture-in-picture; web-share\" referrerpolicy=\"strict-origin-when-cross-origin\" allowfullscreen><\/iframe>"],"_oembed_time_3af5c40b322b747a884662d2e097124a":["1734451500"],"_uag_css_file_name":["uag-css-31531.css"],"_uag_page_assets":["a:9:{s:3:\"css\";s:263:\".uag-blocks-common-selector{z-index:var(--z-index-desktop) !important}@media (max-width: 976px){.uag-blocks-common-selector{z-index:var(--z-index-tablet) !important}}@media (max-width: 767px){.uag-blocks-common-selector{z-index:var(--z-index-mobile) !important}}\n\";s:2:\"js\";s:0:\"\";s:18:\"current_block_list\";a:12:{i:0;s:10:\"core\/cover\";i:1;s:12:\"core\/columns\";i:2;s:11:\"core\/column\";i:3;s:12:\"core\/heading\";i:4;s:11:\"core\/spacer\";i:5;s:14:\"core\/paragraph\";i:6;s:10:\"core\/group\";i:9;s:15:\"core\/media-text\";i:10;s:12:\"core\/buttons\";i:11;s:11:\"core\/button\";i:12;s:14:\"core\/separator\";i:17;s:10:\"core\/embed\";}s:8:\"uag_flag\";b:0;s:11:\"uag_version\";s:10:\"1776692660\";s:6:\"gfonts\";a:0:{}s:10:\"gfonts_url\";s:0:\"\";s:12:\"gfonts_files\";a:0:{}s:14:\"uag_faq_layout\";b:0;}"]},"uagb_featured_image_src":{"full":false,"thumbnail":false,"medium":false,"medium_large":false,"large":false,"1536x1536":false,"2048x2048":false,"crunchify-admin-post-featured-image":false,"commercegurus-pdp-large":false,"commercegurus-plp-mobile":false,"cgkit_image_swatch":false,"woocommerce_thumbnail":false,"woocommerce_single":false,"woocommerce_gallery_thumbnail":false},"uagb_author_info":{"display_name":"AndyS","author_link":"https:\/\/praxas.com\/es\/author\/andys\/"},"uagb_comment_info":0,"uagb_excerpt":"Software PanelPilot M El software PanelPilot M te permite personalizar y configurar f\u00e1cilmente tus pantallas de la gama M. Compatible con Windows 10 y 11, ofrece m\u00e1s de 40 opciones de dise\u00f1o y una r\u00e1pida personalizaci\u00f3n para tus necesidades espec\u00edficas. Software PanelPilot B El software PanelPilot B simplifica la personalizaci\u00f3n y configuraci\u00f3n de tus pantallas&hellip;","_links":{"self":[{"href":"https:\/\/praxas.com\/es\/wp-json\/wp\/v2\/pages\/31531","targetHints":{"allow":["GET"]}}],"collection":[{"href":"https:\/\/praxas.com\/es\/wp-json\/wp\/v2\/pages"}],"about":[{"href":"https:\/\/praxas.com\/es\/wp-json\/wp\/v2\/types\/page"}],"author":[{"embeddable":true,"href":"https:\/\/praxas.com\/es\/wp-json\/wp\/v2\/users\/1"}],"replies":[{"embeddable":true,"href":"https:\/\/praxas.com\/es\/wp-json\/wp\/v2\/comments?post=31531"}],"version-history":[{"count":4,"href":"https:\/\/praxas.com\/es\/wp-json\/wp\/v2\/pages\/31531\/revisions"}],"predecessor-version":[{"id":43594,"href":"https:\/\/praxas.com\/es\/wp-json\/wp\/v2\/pages\/31531\/revisions\/43594"}],"up":[{"embeddable":true,"href":"https:\/\/praxas.com\/es\/wp-json\/wp\/v2\/pages\/31549"}],"wp:attachment":[{"href":"https:\/\/praxas.com\/es\/wp-json\/wp\/v2\/media?parent=31531"}],"curies":[{"name":"wp","href":"https:\/\/api.w.org\/{rel}","templated":true}]}}