{"id":31634,"date":"2023-08-22T09:43:45","date_gmt":"2023-08-22T09:43:45","guid":{"rendered":"https:\/\/staging.praxas.com\/software\/software-easylog\/cadena-de-frio-easylog\/"},"modified":"2025-06-20T09:56:45","modified_gmt":"2025-06-20T09:56:45","slug":"cadena-de-frio-easylog","status":"publish","type":"page","link":"https:\/\/praxas.com\/es\/software\/software-easylog\/cadena-de-frio-easylog\/","title":{"rendered":"Cadena de fr\u00edo EasyLog"},"content":{"rendered":"","protected":false},"excerpt":{"rendered":"","protected":false},"author":1,"featured_media":31637,"parent":31538,"menu_order":3,"comment_status":"closed","ping_status":"closed","template":"template-software.php","meta":{"_acf_changed":false,"content-type":"","_uag_custom_page_level_css":"","footnotes":""},"class_list":["post-31634","page","type-page","status-publish","has-post-thumbnail","hentry"],"acf":[],"spectra_custom_meta":{"hero_image":[""],"_hero_image":["field_64f1a7da7af44"],"_hero_h1":["field_64f19e1edd052"],"_hero_h2":["field_64f19e2ddd053"],"_hero_text":["field_64f19e42dd054"],"_hero_button_text":["field_64f19e4edd055"],"_hero_button_link":["field_64f19e5ddd056"],"_section_1_left_logo":["field_651e72281c3c5"],"_section_1_header_text":["field_651e7c25d75f7"],"_section_1_content":["field_651e75bf15788"],"_section_1_download_button_link":["field_651e75feff811"],"_section_2_header_text":["field_651e773b3573b"],"_section_2_content":["field_651e775b3573d"],"_section_3_header_text":["field_651e7df523dc1"],"_section_3_content":["field_651e7e0c23dc2"],"_top_nav_excluded":[""],"_cms_nav_minihome":[""],"_wp_page_template":["template-software.php"],"_thumbnail_id":["31637"],"_edit_lock":["1721721537:8383"],"classic-editor-remember":["classic-editor"],"rank_math_seo_score":["60"],"_edit_last":["8383"],"section_2_content":[""],"hero_h1":[""],"hero_h2":[""],"hero_text":[""],"hero_button_text":[""],"hero_button_link":[""],"section_1_left_logo":["14549"],"_wpml_media_duplicate":["1"],"_wpml_media_featured":["1"],"_last_translation_edit_mode":["translation-editor"],"_wpml_word_count":["4"],"rank_math_title":["Software EasyLog para la cadena de fr\u00edo | Registradores de datos para la cadena de fr\u00edo"],"rank_math_description":["El software EasyLog para la cadena de fr\u00edo incluye la configuraci\u00f3n gratuita de todos los registradores de datos EL-CC-1 y EL-CC-2. \u00a1Llama para m\u00e1s detalles! "],"rank_math_focus_keyword":["easylog cadena de fr\u00edo"],"section_1_header_text":["Cadena de fr\u00edo EasyLog"],"section_1_content":["Versi\u00f3n 2.0 de nuestro software EasyLog para la cadena de fr\u00edo, compatible con Windows 10 y 11."],"section_1_download_button_link":["https:\/\/s3.amazonaws.com\/lascar_downloads\/EasyLog+CC+Installer.exe"],"section_2_header_text":["Bienvenido al software EasyLog para la cadena de fr\u00edo"],"section_3_header_text":["Caracter\u00edsticas"],"section_3_content":["<img class=\"alignleft wp-image-12619 size-medium\" src=\"https:\/\/praxas.com\/wp-content\/uploads\/cc-swscreens-300x270.png\" alt=\"Software EasyLog para la cadena de fr\u00edo\" width=\"300\" height=\"270\">Los registradores de datos EL-CC Coldchain de Lascar se suministran con un software de configuraci\u00f3n gratuito para todos los registradores de datos de la gama <strong>\n  <a href=\"https:\/\/praxas.com\/?s=EL-CC-1\">EL-CC-1<\/a>\n<\/strong> y <strong><a href=\"https:\/\/praxas.com\/?s=EL-CC-2\">EL-CC-2<\/a> <\/strong>y EL-CC-2.\n\nComo los registradores est\u00e1n preconfigurados, no es necesario ning\u00fan paso previo. En su lugar, s\u00f3lo tienes que hacer clic en <strong>Iniciar registrador<\/strong> para empezar a registrar; <strong>Guardar datos<\/strong> para descargar datos del registrador o <strong>Ver datos anteriores<\/strong> para ver las sesiones de registro anteriores.\n\nLos datos se descargan en el software EasyLog en formato gr\u00e1fico. Pasa el cursor sobre el gr\u00e1fico para ver los registros con fecha y hora. Exporta todos los datos a Excel para su posterior an\u00e1lisis o visualiza las estad\u00edsticas medias durante un periodo de tiempo utilizando el Informe de Resumen EasyLog.\n\n\u00a0"],"_uag_page_assets":["a:9:{s:3:\"css\";s:0:\"\";s:2:\"js\";s:0:\"\";s:18:\"current_block_list\";a:0:{}s:8:\"uag_flag\";b:0;s:11:\"uag_version\";s:10:\"1775548579\";s:6:\"gfonts\";a:0:{}s:10:\"gfonts_url\";s:0:\"\";s:12:\"gfonts_files\";a:0:{}s:14:\"uag_faq_layout\";b:0;}"]},"uagb_featured_image_src":{"full":["https:\/\/praxas.com\/wp-content\/uploads\/SoftwarePage_Icons_EL-CC.jpg",1200,630,false],"thumbnail":["https:\/\/praxas.com\/wp-content\/uploads\/SoftwarePage_Icons_EL-CC-150x150.jpg",150,150,true],"medium":["https:\/\/praxas.com\/wp-content\/uploads\/SoftwarePage_Icons_EL-CC-300x158.jpg",300,158,true],"medium_large":["https:\/\/praxas.com\/wp-content\/uploads\/SoftwarePage_Icons_EL-CC-768x403.jpg",768,403,true],"large":["https:\/\/praxas.com\/wp-content\/uploads\/SoftwarePage_Icons_EL-CC-1024x538.jpg",1024,538,true],"1536x1536":["https:\/\/praxas.com\/wp-content\/uploads\/SoftwarePage_Icons_EL-CC.jpg",1200,630,false],"2048x2048":["https:\/\/praxas.com\/wp-content\/uploads\/SoftwarePage_Icons_EL-CC.jpg",1200,630,false],"crunchify-admin-post-featured-image":["https:\/\/praxas.com\/wp-content\/uploads\/SoftwarePage_Icons_EL-CC-120x63.jpg",120,63,true],"commercegurus-pdp-large":["https:\/\/praxas.com\/wp-content\/uploads\/SoftwarePage_Icons_EL-CC-990x520.jpg",990,520,true],"commercegurus-plp-mobile":["https:\/\/praxas.com\/wp-content\/uploads\/SoftwarePage_Icons_EL-CC-441x232.jpg",441,232,true],"cgkit_image_swatch":["https:\/\/praxas.com\/wp-content\/uploads\/SoftwarePage_Icons_EL-CC-100x100.jpg",100,100,true],"woocommerce_thumbnail":["https:\/\/praxas.com\/wp-content\/uploads\/SoftwarePage_Icons_EL-CC-300x158.jpg",300,158,true],"woocommerce_single":["https:\/\/praxas.com\/wp-content\/uploads\/SoftwarePage_Icons_EL-CC-800x420.jpg",800,420,true],"woocommerce_gallery_thumbnail":["https:\/\/praxas.com\/wp-content\/uploads\/SoftwarePage_Icons_EL-CC-150x79.jpg",150,79,true]},"uagb_author_info":{"display_name":"AndyS","author_link":"https:\/\/praxas.com\/es\/author\/andys\/"},"uagb_comment_info":0,"uagb_excerpt":null,"_links":{"self":[{"href":"https:\/\/praxas.com\/es\/wp-json\/wp\/v2\/pages\/31634","targetHints":{"allow":["GET"]}}],"collection":[{"href":"https:\/\/praxas.com\/es\/wp-json\/wp\/v2\/pages"}],"about":[{"href":"https:\/\/praxas.com\/es\/wp-json\/wp\/v2\/types\/page"}],"author":[{"embeddable":true,"href":"https:\/\/praxas.com\/es\/wp-json\/wp\/v2\/users\/1"}],"replies":[{"embeddable":true,"href":"https:\/\/praxas.com\/es\/wp-json\/wp\/v2\/comments?post=31634"}],"version-history":[{"count":1,"href":"https:\/\/praxas.com\/es\/wp-json\/wp\/v2\/pages\/31634\/revisions"}],"predecessor-version":[{"id":38408,"href":"https:\/\/praxas.com\/es\/wp-json\/wp\/v2\/pages\/31634\/revisions\/38408"}],"up":[{"embeddable":true,"href":"https:\/\/praxas.com\/es\/wp-json\/wp\/v2\/pages\/31538"}],"wp:featuredmedia":[{"embeddable":true,"href":"https:\/\/praxas.com\/es\/wp-json\/wp\/v2\/media\/31637"}],"wp:attachment":[{"href":"https:\/\/praxas.com\/es\/wp-json\/wp\/v2\/media?parent=31634"}],"curies":[{"name":"wp","href":"https:\/\/api.w.org\/{rel}","templated":true}]}}