{"id":31638,"date":"2023-08-22T09:38:14","date_gmt":"2023-08-22T09:38:14","guid":{"rendered":"https:\/\/staging.praxas.com\/software\/software-easylog\/easylog-21cfr-usb\/"},"modified":"2025-06-20T09:56:39","modified_gmt":"2025-06-20T09:56:39","slug":"easylog-21cfr-usb","status":"publish","type":"page","link":"https:\/\/praxas.com\/es\/software\/software-easylog\/easylog-21cfr-usb\/","title":{"rendered":"EasyLog 21CFR USB"},"content":{"rendered":"","protected":false},"excerpt":{"rendered":"","protected":false},"author":1,"featured_media":31641,"parent":31538,"menu_order":7,"comment_status":"closed","ping_status":"closed","template":"template-software.php","meta":{"_acf_changed":false,"content-type":"","_uag_custom_page_level_css":"","footnotes":""},"class_list":["post-31638","page","type-page","status-publish","has-post-thumbnail","hentry"],"acf":[],"spectra_custom_meta":{"hero_image":[""],"_hero_image":["field_64f1a7da7af44"],"_hero_h1":["field_64f19e1edd052"],"_hero_h2":["field_64f19e2ddd053"],"_hero_text":["field_64f19e42dd054"],"_hero_button_text":["field_64f19e4edd055"],"_hero_button_link":["field_64f19e5ddd056"],"section_1_left_logo":["14546"],"_section_1_left_logo":["field_651e72281c3c5"],"_section_1_header_text":["field_651e7c25d75f7"],"_section_1_content":["field_651e75bf15788"],"_section_1_download_button_link":["field_651e75feff811"],"_section_2_header_text":["field_651e773b3573b"],"_section_2_content":["field_651e775b3573d"],"_section_3_header_text":["field_651e7df523dc1"],"_section_3_content":["field_651e7e0c23dc2"],"_top_nav_excluded":[""],"_cms_nav_minihome":[""],"_wp_page_template":["template-software.php"],"_thumbnail_id":["31641"],"_last_translation_edit_mode":["translation-editor"],"_wpml_word_count":["3"],"rank_math_title":["Software USB EasyLog 21CFR | Registradores de datos EasyLog 21CFR"],"rank_math_description":["El software EasyLog 21CFR USB de Lascar garantiza la seguridad digital y el cumplimiento de la normativa. Para soluciones personalizadas, \u00a1llama hoy mismo a nuestro equipo de ventas! "],"rank_math_focus_keyword":["21CFR Software USB"],"section_1_header_text":["EasyLog 21CFR USB"],"section_1_content":["Descarga la versi\u00f3n 2.5.2 de nuestro software EasyLog 21CFR, compatible con Windows 10 y 11."],"section_1_download_button_link":["https:\/\/s3.amazonaws.com\/lascar_downloads\/EasyLog+21CFR+Installer.exe"],"section_2_header_text":["Mira nuestros V\u00eddeos Tutoriales de Software"],"section_2_content":["<strong>Configuraci\u00f3n del software EasyLog<\/strong> 21CFR\nEl software EasyLog 21CFR USB es un sistema basado en el administrador. Mira este v\u00eddeo para ver c\u00f3mo configurar un administrador y todos los dem\u00e1s permisos y ajustes de usuario.\n\n<strong>Configuraci\u00f3n del registr<\/strong>ador 21CFR EasyLog\n\u00bfNo sabes c\u00f3mo configurar tu registrador de datos 21CFR EasyLog? Este v\u00eddeo te guiar\u00e1 a trav\u00e9s de la configuraci\u00f3n inicial de tu registrador, desde sacarlo de la caja hasta desplegarlo sobre el terreno.\n\nDetener y <strong>descargar tus datos 21CFR<\/strong>\nMira este v\u00eddeo para obtener una gu\u00eda detallada sobre c\u00f3mo detener y descargar los datos almacenados en tu registrador de datos USB y c\u00f3mo aprovechar al m\u00e1ximo las funciones de an\u00e1lisis incluidas en el software de gr\u00e1ficos EasyLog de Lascar."],"section_3_header_text":["\u00bfC\u00f3mo cumple nuestro software?"],"section_3_content":["<img class=\"wp-image-12625 alignright\" src=\"https:\/\/praxas.com\/wp-content\/uploads\/21cfr-300x270.png\" alt=\"\" width=\"607\" height=\"546\">Adem\u00e1s de las ofertas b\u00e1sicas del software EasyLog existente, el software 21CFR de Lascar permite a los usuarios iniciar sesi\u00f3n en el software con permisos espec\u00edficos, recoger lecturas del registrador de datos en un formato encriptado que no se puede editar, proporcionar una pista de auditor\u00eda completa de las actividades y acciones realizadas y a\u00f1adir comentarios a lecturas espec\u00edficas antes de que las apruebe un usuario autorizado. Se a\u00f1aden firmas electr\u00f3nicas a todos los informes para mostrar qui\u00e9n ha iniciado, detenido y aprobado los datos de la sesi\u00f3n.\n\nEl software EasyLog 21CFR garantiza la seguridad digital y el cumplimiento de la normativa. Entre sus caracter\u00edsticas particulares se incluyen:\n<ul>\n \t<li>Asignar permisos espec\u00edficos a usuarios individuales<\/li>\n \t<li>Registros de auditor\u00eda completos del software y de los datos de la sesi\u00f3n<\/li>\n \t<li>Recibe alertas por correo electr\u00f3nico de los intentos fallidos de inicio de sesi\u00f3n<\/li>\n \t<li>Firmas digitales a\u00f1adidas a todos los informes<\/li>\n \t<li>A\u00f1adir comentarios a lecturas espec\u00edficas<\/li>\n<\/ul>\n\u00a0\n\n\u00a0\n\n\u00a0"],"_uag_page_assets":["a:9:{s:3:\"css\";s:0:\"\";s:2:\"js\";s:0:\"\";s:18:\"current_block_list\";a:0:{}s:8:\"uag_flag\";b:0;s:11:\"uag_version\";s:10:\"1776763693\";s:6:\"gfonts\";a:0:{}s:10:\"gfonts_url\";s:0:\"\";s:12:\"gfonts_files\";a:0:{}s:14:\"uag_faq_layout\";b:0;}"]},"uagb_featured_image_src":{"full":["https:\/\/praxas.com\/wp-content\/uploads\/SoftwarePage_Icons_EasyLog21CFR.jpg",1200,630,false],"thumbnail":["https:\/\/praxas.com\/wp-content\/uploads\/SoftwarePage_Icons_EasyLog21CFR-150x150.jpg",150,150,true],"medium":["https:\/\/praxas.com\/wp-content\/uploads\/SoftwarePage_Icons_EasyLog21CFR-300x158.jpg",300,158,true],"medium_large":["https:\/\/praxas.com\/wp-content\/uploads\/SoftwarePage_Icons_EasyLog21CFR-768x403.jpg",768,403,true],"large":["https:\/\/praxas.com\/wp-content\/uploads\/SoftwarePage_Icons_EasyLog21CFR-1024x538.jpg",1024,538,true],"1536x1536":["https:\/\/praxas.com\/wp-content\/uploads\/SoftwarePage_Icons_EasyLog21CFR.jpg",1200,630,false],"2048x2048":["https:\/\/praxas.com\/wp-content\/uploads\/SoftwarePage_Icons_EasyLog21CFR.jpg",1200,630,false],"crunchify-admin-post-featured-image":["https:\/\/praxas.com\/wp-content\/uploads\/SoftwarePage_Icons_EasyLog21CFR-120x63.jpg",120,63,true],"commercegurus-pdp-large":["https:\/\/praxas.com\/wp-content\/uploads\/SoftwarePage_Icons_EasyLog21CFR-990x520.jpg",990,520,true],"commercegurus-plp-mobile":["https:\/\/praxas.com\/wp-content\/uploads\/SoftwarePage_Icons_EasyLog21CFR-441x232.jpg",441,232,true],"cgkit_image_swatch":["https:\/\/praxas.com\/wp-content\/uploads\/SoftwarePage_Icons_EasyLog21CFR-100x100.jpg",100,100,true],"woocommerce_thumbnail":["https:\/\/praxas.com\/wp-content\/uploads\/SoftwarePage_Icons_EasyLog21CFR-300x158.jpg",300,158,true],"woocommerce_single":["https:\/\/praxas.com\/wp-content\/uploads\/SoftwarePage_Icons_EasyLog21CFR-800x420.jpg",800,420,true],"woocommerce_gallery_thumbnail":["https:\/\/praxas.com\/wp-content\/uploads\/SoftwarePage_Icons_EasyLog21CFR-150x79.jpg",150,79,true]},"uagb_author_info":{"display_name":"AndyS","author_link":"https:\/\/praxas.com\/es\/author\/andys\/"},"uagb_comment_info":0,"uagb_excerpt":null,"_links":{"self":[{"href":"https:\/\/praxas.com\/es\/wp-json\/wp\/v2\/pages\/31638","targetHints":{"allow":["GET"]}}],"collection":[{"href":"https:\/\/praxas.com\/es\/wp-json\/wp\/v2\/pages"}],"about":[{"href":"https:\/\/praxas.com\/es\/wp-json\/wp\/v2\/types\/page"}],"author":[{"embeddable":true,"href":"https:\/\/praxas.com\/es\/wp-json\/wp\/v2\/users\/1"}],"replies":[{"embeddable":true,"href":"https:\/\/praxas.com\/es\/wp-json\/wp\/v2\/comments?post=31638"}],"version-history":[{"count":1,"href":"https:\/\/praxas.com\/es\/wp-json\/wp\/v2\/pages\/31638\/revisions"}],"predecessor-version":[{"id":46888,"href":"https:\/\/praxas.com\/es\/wp-json\/wp\/v2\/pages\/31638\/revisions\/46888"}],"up":[{"embeddable":true,"href":"https:\/\/praxas.com\/es\/wp-json\/wp\/v2\/pages\/31538"}],"wp:featuredmedia":[{"embeddable":true,"href":"https:\/\/praxas.com\/es\/wp-json\/wp\/v2\/media\/31641"}],"wp:attachment":[{"href":"https:\/\/praxas.com\/es\/wp-json\/wp\/v2\/media?parent=31638"}],"curies":[{"name":"wp","href":"https:\/\/api.w.org\/{rel}","templated":true}]}}