{"id":31642,"date":"2023-08-22T09:11:15","date_gmt":"2023-08-22T09:11:15","guid":{"rendered":"https:\/\/staging.praxas.com\/software\/software-easylog\/easylog-21cfr-wifi\/"},"modified":"2025-06-20T09:57:02","modified_gmt":"2025-06-20T09:57:02","slug":"easylog-21cfr-wifi","status":"publish","type":"page","link":"https:\/\/praxas.com\/es\/software\/software-easylog\/easylog-21cfr-wifi\/","title":{"rendered":"EasyLog 21CFR WiFi"},"content":{"rendered":"<h3><\/h3>\n","protected":false},"excerpt":{"rendered":"","protected":false},"author":1,"featured_media":31646,"parent":31538,"menu_order":8,"comment_status":"closed","ping_status":"closed","template":"template-software.php","meta":{"_acf_changed":false,"content-type":"","_uag_custom_page_level_css":"","footnotes":""},"class_list":["post-31642","page","type-page","status-publish","has-post-thumbnail","hentry"],"acf":[],"spectra_custom_meta":{"hero_image":[""],"_hero_image":["field_64f1a7da7af44"],"_hero_h1":["field_64f19e1edd052"],"_hero_h2":["field_64f19e2ddd053"],"_hero_text":["field_64f19e42dd054"],"_hero_button_text":["field_64f19e4edd055"],"_hero_button_link":["field_64f19e5ddd056"],"_section_1_left_logo":["field_651e72281c3c5"],"_section_1_header_text":["field_651e7c25d75f7"],"_section_1_content":["field_651e75bf15788"],"_section_1_download_button_link":["field_651e75feff811"],"_section_2_header_text":["field_651e773b3573b"],"_section_2_content":["field_651e775b3573d"],"_section_3_header_text":["field_651e7df523dc1"],"_section_3_content":["field_651e7e0c23dc2"],"_top_nav_excluded":[""],"_cms_nav_minihome":[""],"_wp_page_template":["template-software.php"],"_thumbnail_id":["31646"],"_edit_lock":["1721722041:8383"],"classic-editor-remember":["classic-editor"],"rank_math_seo_score":["19"],"_edit_last":["8383"],"hero_h1":[""],"hero_h2":[""],"hero_text":[""],"hero_button_text":[""],"hero_button_link":[""],"section_1_left_logo":["14543"],"_wpml_media_duplicate":["1"],"_wpml_media_featured":["1"],"_last_translation_edit_mode":["translation-editor"],"rank_math_title":["Software WiFi EasyLog 21CFR | Registradores de datos inal\u00e1mbricos EasyLog"],"rank_math_description":["\u00a1Descarga nuestro software EasyLog 21CFR WiFi que se utiliza junto con la gama de registradores de datos remotos de temperatura y temperatura y humedad 21CFR de Lascar!"],"rank_math_focus_keyword":["21CFR Software WiFi"],"section_1_header_text":["EasyLog 21CFR WiFi"],"section_1_content":["Descarga la versi\u00f3n 1.00.12 de nuestro software EasyLog 21CFR WiFi, compatible con Windows 10 y 11."],"section_1_download_button_link":["https:\/\/s3.amazonaws.com\/easylogcloud\/WiFi+Sensor+Software+21CFR.exe"],"section_2_header_text":["Bienvenido a 21CFR Cloud"],"section_2_content":["Visita nuestro <strong>\n  <a href=\"https:\/\/www.youtube.com\/playlist?list=PL_yZedoZ_7MrSRnF7Sh4M-BymVVqeuO2p\" target=\"_blank\" rel=\"noopener\">Canal Tutorial EasyLog<\/a>\n<\/strong> para saber c\u00f3mo utilizar los dispositivos WiFi 21CFR de Lascar."],"section_3_header_text":["Caracter\u00edsticas"],"section_3_content":["Utilizado junto con la gama Lascar de registradores de datos remotos de temperatura y temperatura y humedad 21CFR, este sistema de supervisi\u00f3n de hardware y software proporciona la capacidad de supervisar a distancia un entorno, proporcionando una recopilaci\u00f3n y almacenamiento de datos regulados y conformes con 21CFR Parte 11.\n\nLos datos se transmiten directamente a la Nube FilesThruTheAir para una gesti\u00f3n sin complicaciones utilizando una red WiFi existente, sin tener que recoger f\u00edsicamente las unidades y conectarlas a tu PC.\n\n<strong><img class=\" wp-image-12631 alignleft\" src=\"https:\/\/praxas.com\/wp-content\/uploads\/21cfrwifi-300x180.png\" alt=\"\" width=\"354\" height=\"212\">La suscripci\u00f3n a 21CFR Cloud ofrece toda la flexibilidad de un sistema de supervisi\u00f3n remota:<\/strong>\n<ul>\n \t<li>Interact\u00faa con los sensores a trav\u00e9s de cualquier dispositivo con conexi\u00f3n a Internet<\/li>\n \t<li>Gestionar y controlar los sensores<\/li>\n \t<li>Accede a los registros de eventos y configura alertas por correo electr\u00f3nico<\/li>\n \t<li>Asigna niveles de autorizaci\u00f3n a las cuentas de usuario y visualiza un registro de auditor\u00eda completo<\/li>\n<\/ul>\n\u00a0\n\n\u00a0\n<ul>\n \t<li><strong><img class=\"alignleft wp-image-12630\" src=\"https:\/\/praxas.com\/wp-content\/uploads\/21cfrwifi2-300x180.png\" alt=\"\" width=\"354\" height=\"212\">Sin embargo, a diferencia del servicio est\u00e1ndar FilesThruTheAir Cloud, la funcionalidad 21CFR Cloud incluye otros controles como:<\/strong><\/li>\n \t<li>Datos encriptados<\/li>\n \t<li>Uso basado en permisos<\/li>\n \t<li>Visto bueno de la autoridad<\/li>\n \t<li>Firmas electr\u00f3nicas<\/li>\n<\/ul>\n\u00a0\n\n\u00a0\n\nLa suscripci\u00f3n a la Nube se crea durante el proceso de configuraci\u00f3n del sensor WiFi mediante el software del sensor WiFi FilesThruTheAir 21CFR. Los sensores WiFi 21CFR s\u00f3lo son compatibles con la Nube 21CFR.\n\n\u00a0"],"_wpml_word_count":["3"],"_uag_page_assets":["a:9:{s:3:\"css\";s:0:\"\";s:2:\"js\";s:0:\"\";s:18:\"current_block_list\";a:0:{}s:8:\"uag_flag\";b:0;s:11:\"uag_version\";s:10:\"1775742760\";s:6:\"gfonts\";a:0:{}s:10:\"gfonts_url\";s:0:\"\";s:12:\"gfonts_files\";a:0:{}s:14:\"uag_faq_layout\";b:0;}"]},"uagb_featured_image_src":{"full":["https:\/\/praxas.com\/wp-content\/uploads\/SoftwarePage_Icons_21CFRWiFi.jpg",1200,630,false],"thumbnail":["https:\/\/praxas.com\/wp-content\/uploads\/SoftwarePage_Icons_21CFRWiFi-150x150.jpg",150,150,true],"medium":["https:\/\/praxas.com\/wp-content\/uploads\/SoftwarePage_Icons_21CFRWiFi-300x158.jpg",300,158,true],"medium_large":["https:\/\/praxas.com\/wp-content\/uploads\/SoftwarePage_Icons_21CFRWiFi-768x403.jpg",768,403,true],"large":["https:\/\/praxas.com\/wp-content\/uploads\/SoftwarePage_Icons_21CFRWiFi-1024x538.jpg",1024,538,true],"1536x1536":["https:\/\/praxas.com\/wp-content\/uploads\/SoftwarePage_Icons_21CFRWiFi.jpg",1200,630,false],"2048x2048":["https:\/\/praxas.com\/wp-content\/uploads\/SoftwarePage_Icons_21CFRWiFi.jpg",1200,630,false],"crunchify-admin-post-featured-image":["https:\/\/praxas.com\/wp-content\/uploads\/SoftwarePage_Icons_21CFRWiFi-120x63.jpg",120,63,true],"commercegurus-pdp-large":["https:\/\/praxas.com\/wp-content\/uploads\/SoftwarePage_Icons_21CFRWiFi-990x520.jpg",990,520,true],"commercegurus-plp-mobile":["https:\/\/praxas.com\/wp-content\/uploads\/SoftwarePage_Icons_21CFRWiFi-441x232.jpg",441,232,true],"cgkit_image_swatch":["https:\/\/praxas.com\/wp-content\/uploads\/SoftwarePage_Icons_21CFRWiFi-100x100.jpg",100,100,true],"woocommerce_thumbnail":["https:\/\/praxas.com\/wp-content\/uploads\/SoftwarePage_Icons_21CFRWiFi-300x158.jpg",300,158,true],"woocommerce_single":["https:\/\/praxas.com\/wp-content\/uploads\/SoftwarePage_Icons_21CFRWiFi-800x420.jpg",800,420,true],"woocommerce_gallery_thumbnail":["https:\/\/praxas.com\/wp-content\/uploads\/SoftwarePage_Icons_21CFRWiFi-150x79.jpg",150,79,true]},"uagb_author_info":{"display_name":"AndyS","author_link":"https:\/\/praxas.com\/es\/author\/andys\/"},"uagb_comment_info":0,"uagb_excerpt":null,"_links":{"self":[{"href":"https:\/\/praxas.com\/es\/wp-json\/wp\/v2\/pages\/31642","targetHints":{"allow":["GET"]}}],"collection":[{"href":"https:\/\/praxas.com\/es\/wp-json\/wp\/v2\/pages"}],"about":[{"href":"https:\/\/praxas.com\/es\/wp-json\/wp\/v2\/types\/page"}],"author":[{"embeddable":true,"href":"https:\/\/praxas.com\/es\/wp-json\/wp\/v2\/users\/1"}],"replies":[{"embeddable":true,"href":"https:\/\/praxas.com\/es\/wp-json\/wp\/v2\/comments?post=31642"}],"version-history":[{"count":1,"href":"https:\/\/praxas.com\/es\/wp-json\/wp\/v2\/pages\/31642\/revisions"}],"predecessor-version":[{"id":38410,"href":"https:\/\/praxas.com\/es\/wp-json\/wp\/v2\/pages\/31642\/revisions\/38410"}],"up":[{"embeddable":true,"href":"https:\/\/praxas.com\/es\/wp-json\/wp\/v2\/pages\/31538"}],"wp:featuredmedia":[{"embeddable":true,"href":"https:\/\/praxas.com\/es\/wp-json\/wp\/v2\/media\/31646"}],"wp:attachment":[{"href":"https:\/\/praxas.com\/es\/wp-json\/wp\/v2\/media?parent=31642"}],"curies":[{"name":"wp","href":"https:\/\/api.w.org\/{rel}","templated":true}]}}