{"id":31650,"date":"2023-08-22T09:05:07","date_gmt":"2023-08-22T09:05:07","guid":{"rendered":"https:\/\/staging.praxas.com\/software\/software-easylog\/easylog-bt\/"},"modified":"2025-06-20T09:33:28","modified_gmt":"2025-06-20T09:33:28","slug":"easylog-bt","status":"publish","type":"page","link":"https:\/\/praxas.com\/es\/software\/software-easylog\/easylog-bt\/","title":{"rendered":"EasyLog BT"},"content":{"rendered":"","protected":false},"excerpt":{"rendered":"","protected":false},"author":1,"featured_media":31656,"parent":31538,"menu_order":5,"comment_status":"closed","ping_status":"closed","template":"template-software.php","meta":{"_acf_changed":false,"content-type":"","_uag_custom_page_level_css":"","footnotes":""},"class_list":["post-31650","page","type-page","status-publish","has-post-thumbnail","hentry"],"acf":[],"spectra_custom_meta":{"hero_image":[""],"_hero_image":["field_64f1a7da7af44"],"_hero_h1":["field_64f19e1edd052"],"_hero_h2":["field_64f19e2ddd053"],"_hero_text":["field_64f19e42dd054"],"_hero_button_text":["field_64f19e4edd055"],"_hero_button_link":["field_64f19e5ddd056"],"section_1_left_logo":["15257"],"_section_1_left_logo":["field_651e72281c3c5"],"_section_1_header_text":["field_651e7c25d75f7"],"_section_1_content":["field_651e75bf15788"],"_section_1_download_button_link":["field_651e75feff811"],"_section_2_header_text":["field_651e773b3573b"],"_section_2_content":["field_651e775b3573d"],"_section_3_header_text":["field_651e7df523dc1"],"_section_3_content":["field_651e7e0c23dc2"],"_top_nav_excluded":[""],"_cms_nav_minihome":[""],"_wp_page_template":["template-software.php"],"_thumbnail_id":["31656"],"_last_translation_edit_mode":["translation-editor"],"_wpml_word_count":["2"],"rank_math_title":["Software EasyLog BT | Registradores de datos Bluetooth | Praxas"],"rank_math_description":["Descarga el software EasyLog BT para registradores de datos Bluetooth Lascar. Para soluciones personalizadas, \u00a1contacta con nuestro equipo de ventas! "],"rank_math_focus_keyword":["Software EasyLog BT"],"section_1_header_text":["EasyLog BT para Android"],"section_1_content":["Descarga la versi\u00f3n 1.16 de la aplicaci\u00f3n EasyLog Bluetooth para las versiones de Android 4.0 y posteriores."],"section_1_download_button_link":["https:\/\/play.google.com\/store\/apps\/details?id=com.LascarElectronics.EasyLogBT"],"section_2_header_text":["Bienvenido al software EasyLog BT para Android"],"section_3_header_text":["Caracter\u00edsticas"],"section_3_content":["<h3>Gestiona tu registrador EL-BT-2 con facilidad:<\/h3>\n<img class=\"alignleft size-medium wp-image-12510\" src=\"https:\/\/praxas.com\/wp-content\/uploads\/bluetoothsw-300x180.png\" alt=\"Gestiona tu registrador EL-BT-2\" width=\"300\" height=\"180\">\n<ul>\n \t<li>Gu\u00eda animada del proceso de configuraci\u00f3n<\/li>\n \t<li>Descarga los datos grabados y visual\u00edzalos en tu dispositivo<\/li>\n \t<li>Exporta la informaci\u00f3n del registrador por correo electr\u00f3nico u otros servicios en la nube<\/li>\n<\/ul>\n<br style=\"clear: both;\"><img class=\"alignleft size-medium wp-image-12512\" src=\"https:\/\/praxas.com\/wp-content\/uploads\/bluetoothsw2-300x300.png\" alt=\"Registrador EL-BT-2\" width=\"300\" height=\"300\">\nDentro de la aplicaci\u00f3n puedes programar tu registrador, incluyendo el ajuste de la frecuencia de muestreo, la escala de temperatura, las alarmas de temperatura y humedad, los ajustes de ahorro de energ\u00eda por Bluetooth, los ajustes de la pantalla LCD y las horas de inicio variables.\n\nLos datos descargados se guardar\u00e1n en la tarjeta de memoria de tu tel\u00e9fono y podr\u00e1s verlos en cualquier momento. A continuaci\u00f3n, puedes enviar los datos por correo electr\u00f3nico o a trav\u00e9s de tu servicio en la nube preferido a otro dispositivo o PC con Windows para su posterior an\u00e1lisis."],"_uag_page_assets":["a:9:{s:3:\"css\";s:0:\"\";s:2:\"js\";s:0:\"\";s:18:\"current_block_list\";a:0:{}s:8:\"uag_flag\";b:0;s:11:\"uag_version\";s:10:\"1775742760\";s:6:\"gfonts\";a:0:{}s:10:\"gfonts_url\";s:0:\"\";s:12:\"gfonts_files\";a:0:{}s:14:\"uag_faq_layout\";b:0;}"]},"uagb_featured_image_src":{"full":["https:\/\/praxas.com\/wp-content\/uploads\/SoftwarePage_Icons_EL-BT-1.jpg",1200,630,false],"thumbnail":["https:\/\/praxas.com\/wp-content\/uploads\/SoftwarePage_Icons_EL-BT-1-150x150.jpg",150,150,true],"medium":["https:\/\/praxas.com\/wp-content\/uploads\/SoftwarePage_Icons_EL-BT-1-300x158.jpg",300,158,true],"medium_large":["https:\/\/praxas.com\/wp-content\/uploads\/SoftwarePage_Icons_EL-BT-1-768x403.jpg",768,403,true],"large":["https:\/\/praxas.com\/wp-content\/uploads\/SoftwarePage_Icons_EL-BT-1-1024x538.jpg",1024,538,true],"1536x1536":["https:\/\/praxas.com\/wp-content\/uploads\/SoftwarePage_Icons_EL-BT-1.jpg",1200,630,false],"2048x2048":["https:\/\/praxas.com\/wp-content\/uploads\/SoftwarePage_Icons_EL-BT-1.jpg",1200,630,false],"crunchify-admin-post-featured-image":["https:\/\/praxas.com\/wp-content\/uploads\/SoftwarePage_Icons_EL-BT-1-120x63.jpg",120,63,true],"commercegurus-pdp-large":["https:\/\/praxas.com\/wp-content\/uploads\/SoftwarePage_Icons_EL-BT-1-990x520.jpg",990,520,true],"commercegurus-plp-mobile":["https:\/\/praxas.com\/wp-content\/uploads\/SoftwarePage_Icons_EL-BT-1-441x232.jpg",441,232,true],"cgkit_image_swatch":["https:\/\/praxas.com\/wp-content\/uploads\/SoftwarePage_Icons_EL-BT-1-100x100.jpg",100,100,true],"woocommerce_thumbnail":["https:\/\/praxas.com\/wp-content\/uploads\/SoftwarePage_Icons_EL-BT-1-300x158.jpg",300,158,true],"woocommerce_single":["https:\/\/praxas.com\/wp-content\/uploads\/SoftwarePage_Icons_EL-BT-1-800x420.jpg",800,420,true],"woocommerce_gallery_thumbnail":["https:\/\/praxas.com\/wp-content\/uploads\/SoftwarePage_Icons_EL-BT-1-150x79.jpg",150,79,true]},"uagb_author_info":{"display_name":"AndyS","author_link":"https:\/\/praxas.com\/es\/author\/andys\/"},"uagb_comment_info":0,"uagb_excerpt":null,"_links":{"self":[{"href":"https:\/\/praxas.com\/es\/wp-json\/wp\/v2\/pages\/31650","targetHints":{"allow":["GET"]}}],"collection":[{"href":"https:\/\/praxas.com\/es\/wp-json\/wp\/v2\/pages"}],"about":[{"href":"https:\/\/praxas.com\/es\/wp-json\/wp\/v2\/types\/page"}],"author":[{"embeddable":true,"href":"https:\/\/praxas.com\/es\/wp-json\/wp\/v2\/users\/1"}],"replies":[{"embeddable":true,"href":"https:\/\/praxas.com\/es\/wp-json\/wp\/v2\/comments?post=31650"}],"version-history":[{"count":1,"href":"https:\/\/praxas.com\/es\/wp-json\/wp\/v2\/pages\/31650\/revisions"}],"predecessor-version":[{"id":46847,"href":"https:\/\/praxas.com\/es\/wp-json\/wp\/v2\/pages\/31650\/revisions\/46847"}],"up":[{"embeddable":true,"href":"https:\/\/praxas.com\/es\/wp-json\/wp\/v2\/pages\/31538"}],"wp:featuredmedia":[{"embeddable":true,"href":"https:\/\/praxas.com\/es\/wp-json\/wp\/v2\/media\/31656"}],"wp:attachment":[{"href":"https:\/\/praxas.com\/es\/wp-json\/wp\/v2\/media?parent=31650"}],"curies":[{"name":"wp","href":"https:\/\/api.w.org\/{rel}","templated":true}]}}