{"id":31676,"date":"2020-10-09T13:39:05","date_gmt":"2020-10-09T11:39:05","guid":{"rendered":"https:\/\/staging.praxas.com\/sobre-nosotros\/"},"modified":"2025-10-14T13:21:24","modified_gmt":"2025-10-14T11:21:24","slug":"sobre-nosotros","status":"publish","type":"page","link":"https:\/\/praxas.com\/es\/sobre-nosotros\/","title":{"rendered":"Sobre nosotros"},"content":{"rendered":"\n<div class=\"wp-block-cover alignfull\" style=\"margin-top:0;margin-bottom:0;min-height:350px;aspect-ratio:unset;\"><img loading=\"lazy\" decoding=\"async\" width=\"3780\" height=\"709\" class=\"wp-block-cover__image-background wp-image-44636\" alt=\"About Us - Over ons - New Style Banner - Biomedical\" src=\"https:\/\/praxas.com\/wp-content\/uploads\/PRAXAS_About-UsBIO.png\" data-object-fit=\"cover\" srcset=\"https:\/\/praxas.com\/wp-content\/uploads\/PRAXAS_About-UsBIO.png 3780w, https:\/\/praxas.com\/wp-content\/uploads\/PRAXAS_About-UsBIO-300x56.png 300w, https:\/\/praxas.com\/wp-content\/uploads\/PRAXAS_About-UsBIO-1024x192.png 1024w, https:\/\/praxas.com\/wp-content\/uploads\/PRAXAS_About-UsBIO-768x144.png 768w, https:\/\/praxas.com\/wp-content\/uploads\/PRAXAS_About-UsBIO-1536x288.png 1536w, https:\/\/praxas.com\/wp-content\/uploads\/PRAXAS_About-UsBIO-2048x384.png 2048w, https:\/\/praxas.com\/wp-content\/uploads\/PRAXAS_About-UsBIO-120x23.png 120w, https:\/\/praxas.com\/wp-content\/uploads\/PRAXAS_About-UsBIO-990x186.png 990w, https:\/\/praxas.com\/wp-content\/uploads\/PRAXAS_About-UsBIO-441x83.png 441w, https:\/\/praxas.com\/wp-content\/uploads\/PRAXAS_About-UsBIO-350x66.png 350w, https:\/\/praxas.com\/wp-content\/uploads\/PRAXAS_About-UsBIO-800x150.png 800w, https:\/\/praxas.com\/wp-content\/uploads\/PRAXAS_About-UsBIO-150x28.png 150w\" sizes=\"auto, (max-width: 3780px) 100vw, 3780px\" \/><span aria-hidden=\"true\" class=\"wp-block-cover__background has-background-dim-10 has-background-dim\"><\/span><div class=\"wp-block-cover__inner-container has-global-padding is-layout-constrained wp-container-core-cover-is-layout-cbb85da7 wp-block-cover-is-layout-constrained\">\n<div class=\"wp-block-group has-global-padding is-layout-constrained wp-container-core-group-is-layout-a4c69c57 wp-block-group-is-layout-constrained\">\n<div class=\"wp-block-columns is-layout-flex wp-container-core-columns-is-layout-28f84493 wp-block-columns-is-layout-flex\">\n<div class=\"wp-block-column is-layout-flow wp-block-column-is-layout-flow\" style=\"flex-basis:70%\">\n<h1 class=\"wp-block-heading has-white-color has-text-color has-link-color wp-elements-b2f6cec34e9dba94ac21455d20a76512\">Sobre nosotros<\/h1>\n\n\n\n<p class=\"has-white-color has-text-color has-link-color wp-elements-637325c18f81ba93214bb4c5ae86def6\">Praxas es especialista en soluciones de control de temperatura y almacenamiento, que garantizan la seguridad y el cumplimiento de los productos biom\u00e9dicos en diversos sectores. Desde productos farmac\u00e9uticos y vacunas hasta almacenamiento en laboratorio, ofrecemos soluciones expertas para mantener unas condiciones ambientales precisas. Nuestros avanzados sistemas de control, soluciones de refrigeraci\u00f3n y experiencia en cumplimiento de normativas ayudan a salvaguardar la integridad de los productos, reducir riesgos y cumplir estrictas normas reglamentarias. Conf\u00eda en Praxas para mantener protegidos tus productos sensibles a la temperatura en todo momento.   <\/p>\n<\/div>\n\n\n\n<div class=\"wp-block-column is-layout-flow wp-block-column-is-layout-flow\" style=\"flex-basis:33.33%\"><\/div>\n<\/div>\n<\/div>\n<\/div><\/div>\n\n<div style=\"height:60px\" aria-hidden=\"true\" class=\"wp-block-spacer\"><\/div>\n\n<div class=\"wp-block-group alignfull has-global-padding is-layout-constrained wp-container-core-group-is-layout-a4c69c57 wp-block-group-is-layout-constrained\">\n<h2 class=\"wp-block-heading has-text-align-center has-text-color has-link-color wp-elements-b003100497d7e5bd3ecdd9dc83da3cd0\" style=\"color:#009ee0\">Nuestro Objetivo es el 0% de Desviaciones de Temperatura en el Almacenamiento y Transporte Biom\u00e9dico.<\/h2>\n\n\n\n<h3 class=\"wp-block-heading has-text-align-center has-text-color has-link-color wp-elements-db11d839c9d79fbcc30abe8e80d00cb0\" style=\"color:#205d8f;margin-top:-4px\">No s\u00f3lo protegemos tus productos; protegemos tu reputaci\u00f3n<\/h3>\n<\/div>\n\n<div style=\"height:30px\" aria-hidden=\"true\" class=\"wp-block-spacer\"><\/div>\n\n<div class=\"wp-block-group alignfull has-global-padding is-layout-constrained wp-container-core-group-is-layout-a4c69c57 wp-block-group-is-layout-constrained\">\n<div class=\"wp-block-columns has-background is-layout-flex wp-container-core-columns-is-layout-2567d070 wp-block-columns-is-layout-flex\" style=\"border-radius:30px;background-color:#e5e5e5;padding-top:var(--wp--preset--spacing--large);padding-right:var(--wp--preset--spacing--medium);padding-bottom:var(--wp--preset--spacing--large);padding-left:var(--wp--preset--spacing--medium)\">\n<div class=\"wp-block-column is-layout-flow wp-block-column-is-layout-flow\">\n<h2 class=\"wp-block-heading has-text-color has-link-color wp-elements-89c82246d776a44159b1bab1f3ef2162\" style=\"color:#205d8f\">M\u00e1s sobre nosotros&#8230;<\/h2>\n\n\n\n<p>Praxas empez\u00f3 hace m\u00e1s de 20 a\u00f1os, ayudando a las empresas a proteger su carga con soluciones como los filtros de etileno para las industrias AGF y de flores. A medida que crec\u00edamos, introdujimos registradores de datos para dar a las empresas un mejor control de sus condiciones de almacenamiento y transporte. Esto nos llev\u00f3 a centrarnos m\u00e1s en la log\u00edstica sensible a la temperatura, donde es fundamental mantener las condiciones adecuadas. Hoy nos especializamos en el control de la temperatura y el almacenamiento, proporcionando registradores de datos, refrigeraci\u00f3n m\u00e9dica y soluciones de control basadas en la nube. Ya se trate de productos farmac\u00e9uticos, ciencias de la vida u otras industrias sensibles, ayudamos a las empresas a cumplir la normativa y mantener sus productos seguros en todo momento.    <\/p>\n<\/div>\n<\/div>\n<\/div>\n\n<div style=\"height:60px\" aria-hidden=\"true\" class=\"wp-block-spacer\"><\/div>\n\n<div class=\"wp-block-group alignfull has-global-padding is-layout-constrained wp-container-core-group-is-layout-a4c69c57 wp-block-group-is-layout-constrained\">\n<h2 class=\"wp-block-heading has-text-align-center has-text-color has-link-color wp-elements-fcfce7d0927a999b1697aab8c59a27fb\" style=\"color:#205d8f\">Misi\u00f3n y visi\u00f3n de Praxas<\/h2>\n\n\n\n<div class=\"wp-block-columns is-layout-flex wp-container-core-columns-is-layout-28f84493 wp-block-columns-is-layout-flex\">\n<div class=\"wp-block-column is-layout-flow wp-block-column-is-layout-flow\">\n<p class=\"has-text-align-center\">Nuestra misi\u00f3n es garantizar el cumplimiento de la temperatura y la seguridad de los productos proporcionando soluciones fiables de control y almacenamiento.<\/p>\n\n\n\n<p class=\"has-text-align-center\" style=\"margin-top:-2px\">Imaginamos un mundo en el que las vacunas, los productos farmac\u00e9uticos y las muestras de laboratorio se almacenen y transporten siempre en condiciones \u00f3ptimas. Para conseguirlo, nos centramos en la <strong>experiencia<\/strong>, la <strong>innovaci\u00f3n<\/strong> y la <strong>calidad<\/strong>. <\/p>\n<\/div>\n<\/div>\n<\/div>\n\n<div style=\"height:100px\" aria-hidden=\"true\" class=\"wp-block-spacer\"><\/div>\n\n<div class=\"wp-block-group alignfull has-background has-global-padding is-layout-constrained wp-container-core-group-is-layout-a4c69c57 wp-block-group-is-layout-constrained\" style=\"background-color:#e5e5e5\">\n<div class=\"wp-block-columns is-layout-flex wp-container-core-columns-is-layout-28f84493 wp-block-columns-is-layout-flex\">\n<div class=\"wp-block-column is-layout-flow wp-block-column-is-layout-flow\" style=\"padding-top:var(--wp--preset--spacing--medium);padding-right:var(--wp--preset--spacing--medium);padding-bottom:var(--wp--preset--spacing--medium);padding-left:var(--wp--preset--spacing--medium)\">\n<div style=\"height:30px\" aria-hidden=\"true\" class=\"wp-block-spacer\"><\/div>\n\n\n\n<figure class=\"wp-block-image aligncenter size-large\"><img decoding=\"async\" src=\"https:\/\/praxas.com\/wp-content\/uploads\/cimsense-logo.png\" alt=\"Logotipo CIMSENSE\"\/><\/figure>\n\n\n\n<p class=\"has-text-align-center\">En 2021, Praxas fue adquirida por CIMSENSE, l\u00edder mundial en controles, instrumentaci\u00f3n, medici\u00f3n y sensores. Esta asociaci\u00f3n ha permitido a Praxas crecer y ampliar su oferta, benefici\u00e1ndose de la experiencia y la red global de CIMSENSE. Con m\u00e1s de 20 adquisiciones en cuatro a\u00f1os y sedes en todo el mundo, incluidos EE.UU., Reino Unido, Canad\u00e1 y Asia, Praxas dispone ahora de m\u00e1s recursos para ofrecer soluciones innovadoras de temperatura a una gama m\u00e1s amplia de industrias.  <\/p>\n\n\n\n<div class=\"wp-block-buttons is-content-justification-center is-layout-flex wp-container-core-buttons-is-layout-a89b3969 wp-block-buttons-is-layout-flex\">\n<div class=\"wp-block-button\"><a class=\"wp-block-button__link has-background wp-element-button\" href=\"https:\/\/praxas.com\/es\/cimsense\/\" style=\"border-radius:6px;background-color:#009ee0\"><strong>Saber m\u00e1s<\/strong><\/a><\/div>\n\n\n\n<div class=\"wp-block-button\"><a class=\"wp-block-button__link has-text-color has-background has-link-color has-border-color wp-element-button\" href=\"https:\/\/cimsense.com\/\" style=\"border-color:#009ee0;border-width:2px;border-radius:6px;color:#009ee0;background-color:#e5e5e5\" target=\"_blank\" rel=\"noopener\"><strong>CIMSENSE<\/strong><\/a><\/div>\n<\/div>\n\n\n\n<div style=\"height:50px\" aria-hidden=\"true\" class=\"wp-block-spacer\"><\/div>\n<\/div>\n<\/div>\n<\/div>\n\n<div style=\"height:60px\" aria-hidden=\"true\" id=\"stay-updated\" class=\"wp-block-spacer\"><\/div>\n\n<div class=\"wp-block-group alignfull has-global-padding is-layout-constrained wp-container-core-group-is-layout-a4c69c57 wp-block-group-is-layout-constrained\">\n<div class=\"wp-block-columns has-background is-layout-flex wp-container-core-columns-is-layout-a5331a9e wp-block-columns-is-layout-flex\" style=\"border-radius:30px;background-color:#205d8f;padding-top:0;padding-right:0;padding-bottom:0;padding-left:0\">\n<div class=\"wp-block-column is-layout-flow wp-block-column-is-layout-flow\" style=\"padding-top:var(--wp--preset--spacing--medium);padding-right:var(--wp--preset--spacing--medium);padding-bottom:var(--wp--preset--spacing--medium);padding-left:var(--wp--preset--spacing--medium)\">\n<div class=\"wp-block-media-text is-stacked-on-mobile\"><figure class=\"wp-block-media-text__media\"><img loading=\"lazy\" decoding=\"async\" width=\"400\" height=\"513\" src=\"https:\/\/praxas.com\/wp-content\/uploads\/MicrosoftTeams-image-138.jpg\" alt=\"\" class=\"wp-image-18763 size-full\" srcset=\"https:\/\/praxas.com\/wp-content\/uploads\/MicrosoftTeams-image-138.jpg 400w, https:\/\/praxas.com\/wp-content\/uploads\/MicrosoftTeams-image-138-234x300.jpg 234w, https:\/\/praxas.com\/wp-content\/uploads\/MicrosoftTeams-image-138-94x120.jpg 94w, https:\/\/praxas.com\/wp-content\/uploads\/MicrosoftTeams-image-138-350x449.jpg 350w, https:\/\/praxas.com\/wp-content\/uploads\/MicrosoftTeams-image-138-150x192.jpg 150w\" sizes=\"auto, (max-width: 400px) 100vw, 400px\" \/><\/figure><div class=\"wp-block-media-text__content\">\n<h3 class=\"wp-block-heading has-white-color has-text-color has-link-color wp-elements-0c33ff3474462cac99ef531cff16daa1\">MANTENTE INFORMADO<\/h3>\n\n\n\n<p class=\"has-white-color has-text-color has-link-color wp-elements-c35f1bf7bd630acf4c139e513475ca77\">Suscr\u00edbete a nuestra lista de correo para recibir las \u00faltimas actualizaciones, noticias y ofertas exclusivas de Praxas.<\/p>\n<\/div><\/div>\n<\/div>\n\n\n\n<div class=\"wp-block-column is-layout-flow wp-block-column-is-layout-flow\" style=\"padding-top:var(--wp--preset--spacing--small);padding-right:var(--wp--preset--spacing--small);padding-bottom:var(--wp--preset--spacing--small);padding-left:var(--wp--preset--spacing--small)\">\n<div class=\"wp-block-columns has-background is-layout-flex wp-container-core-columns-is-layout-28f84493 wp-block-columns-is-layout-flex\" style=\"border-radius:30px;background-color:#e6e6e6d4\">\n<div class=\"wp-block-column is-layout-flow wp-block-column-is-layout-flow\"><p><script src=\"https:\/\/js.hsforms.net\/forms\/embed\/22752398.js\" defer><\/script><\/p>\n<div class=\"hs-form-frame\" data-region=\"na1\" data-form-id=\"e27d971c-b869-46e8-82f4-17a091072c74\" data-portal-id=\"22752398\"><\/div>\n<\/div>\n<\/div>\n<\/div>\n<\/div>\n<\/div>\n\n<div style=\"height:60px\" aria-hidden=\"true\" class=\"wp-block-spacer\"><\/div>\n","protected":false},"excerpt":{"rendered":"<p>Nuestro Objetivo es el 0% de Desviaciones de Temperatura en el Almacenamiento y Transporte Biom\u00e9dico. No s\u00f3lo protegemos tus productos; protegemos tu reputaci\u00f3n M\u00e1s sobre nosotros&#8230; Praxas empez\u00f3 hace m\u00e1s de 20 a\u00f1os, ayudando a las empresas a proteger su carga con soluciones como los filtros de etileno para las industrias AGF y de flores. [&hellip;]<\/p>\n","protected":false},"author":8383,"featured_media":0,"parent":0,"menu_order":0,"comment_status":"closed","ping_status":"closed","template":"template-fullwidth-no-heading.php","meta":{"_acf_changed":false,"content-type":"","_uag_custom_page_level_css":"","footnotes":""},"class_list":["post-31676","page","type-page","status-publish","hentry"],"acf":[],"spectra_custom_meta":{"hero_image":[""],"_hero_image":["field_64f1a7da7af44"],"_hero_h1":["field_64f19e1edd052"],"_hero_h2":["field_64f19e2ddd053"],"_hero_text":["field_64f19e42dd054"],"_hero_button_text":["field_64f19e4edd055"],"_hero_button_link":["field_64f19e5ddd056"],"_top_nav_excluded":[""],"_cms_nav_minihome":[""],"_wp_page_template":["template-fullwidth-no-heading.php"],"_last_translation_edit_mode":["translation-editor"],"rank_math_og_content_image":["a:2:{s:5:\"check\";s:32:\"3d8ae6f4d00399d446c02ada9aedeb1f\";s:6:\"images\";a:3:{i:0;i:44636;i:1;i:14340;i:2;i:18763;}}"],"_edit_lock":["1721388876:8383"],"classic-editor-remember":["classic-editor"],"rank_math_seo_score":["73"],"_edit_last":["8383"],"hero_h1":[""],"hero_h2":[""],"hero_text":[""],"hero_button_text":[""],"hero_button_link":[""],"_wpml_media_duplicate":["0"],"_wpml_media_featured":["1"],"rank_math_analytic_object_id":["780"],"_wpml_word_count":["473"],"rank_math_title":["Sobre nosotros | Experiencia probada y de confianza %sep% %sitename%"],"rank_math_description":["Sobre Praxas: Praxas es especialista en soluciones de control de temperatura y almacenamiento, que garantizan la seguridad y la conformidad de los productos biom\u00e9dicos."],"rank_math_focus_keyword":["Sobre nosotros"],"_yoast_wpseo_title":["%%title%%","%%title%%"],"_uag_css_file_name":["uag-css-31676.css"],"_uag_page_assets":["a:9:{s:3:\"css\";s:263:\".uag-blocks-common-selector{z-index:var(--z-index-desktop) !important}@media (max-width: 976px){.uag-blocks-common-selector{z-index:var(--z-index-tablet) !important}}@media (max-width: 767px){.uag-blocks-common-selector{z-index:var(--z-index-mobile) !important}}\n\";s:2:\"js\";s:0:\"\";s:18:\"current_block_list\";a:12:{i:0;s:10:\"core\/cover\";i:1;s:10:\"core\/group\";i:2;s:12:\"core\/columns\";i:3;s:11:\"core\/column\";i:4;s:12:\"core\/heading\";i:5;s:14:\"core\/paragraph\";i:6;s:11:\"core\/spacer\";i:7;s:10:\"core\/image\";i:8;s:12:\"core\/buttons\";i:9;s:11:\"core\/button\";i:13;s:15:\"core\/media-text\";i:17;s:14:\"core\/shortcode\";}s:8:\"uag_flag\";b:0;s:11:\"uag_version\";s:10:\"1775742760\";s:6:\"gfonts\";a:0:{}s:10:\"gfonts_url\";s:0:\"\";s:12:\"gfonts_files\";a:0:{}s:14:\"uag_faq_layout\";b:0;}"]},"uagb_featured_image_src":{"full":false,"thumbnail":false,"medium":false,"medium_large":false,"large":false,"1536x1536":false,"2048x2048":false,"crunchify-admin-post-featured-image":false,"commercegurus-pdp-large":false,"commercegurus-plp-mobile":false,"cgkit_image_swatch":false,"woocommerce_thumbnail":false,"woocommerce_single":false,"woocommerce_gallery_thumbnail":false},"uagb_author_info":{"display_name":"Alex James","author_link":"https:\/\/praxas.com\/es\/author\/alex\/"},"uagb_comment_info":0,"uagb_excerpt":"Nuestro Objetivo es el 0% de Desviaciones de Temperatura en el Almacenamiento y Transporte Biom\u00e9dico. No s\u00f3lo protegemos tus productos; protegemos tu reputaci\u00f3n M\u00e1s sobre nosotros&#8230; Praxas empez\u00f3 hace m\u00e1s de 20 a\u00f1os, ayudando a las empresas a proteger su carga con soluciones como los filtros de etileno para las industrias AGF y de flores.&hellip;","_links":{"self":[{"href":"https:\/\/praxas.com\/es\/wp-json\/wp\/v2\/pages\/31676","targetHints":{"allow":["GET"]}}],"collection":[{"href":"https:\/\/praxas.com\/es\/wp-json\/wp\/v2\/pages"}],"about":[{"href":"https:\/\/praxas.com\/es\/wp-json\/wp\/v2\/types\/page"}],"author":[{"embeddable":true,"href":"https:\/\/praxas.com\/es\/wp-json\/wp\/v2\/users\/8383"}],"replies":[{"embeddable":true,"href":"https:\/\/praxas.com\/es\/wp-json\/wp\/v2\/comments?post=31676"}],"version-history":[{"count":29,"href":"https:\/\/praxas.com\/es\/wp-json\/wp\/v2\/pages\/31676\/revisions"}],"predecessor-version":[{"id":52056,"href":"https:\/\/praxas.com\/es\/wp-json\/wp\/v2\/pages\/31676\/revisions\/52056"}],"wp:attachment":[{"href":"https:\/\/praxas.com\/es\/wp-json\/wp\/v2\/media?parent=31676"}],"curies":[{"name":"wp","href":"https:\/\/api.w.org\/{rel}","templated":true}]}}