{"id":33133,"date":"2024-07-01T08:05:48","date_gmt":"2024-07-01T08:05:48","guid":{"rendered":"https:\/\/staging.praxas.com\/software\/software-logtag\/"},"modified":"2025-06-20T10:31:42","modified_gmt":"2025-06-20T10:31:42","slug":"software-logtag","status":"publish","type":"page","link":"https:\/\/praxas.com\/es\/software\/software-logtag\/","title":{"rendered":"Software LogTag"},"content":{"rendered":"\n<div class=\"wp-block-cover alignfull\" style=\"min-height:350px;aspect-ratio:unset;\"><span aria-hidden=\"true\" class=\"wp-block-cover__background has-background-dim-10 has-background-dim\" style=\"background-color:#3a6187\"><\/span><img loading=\"lazy\" decoding=\"async\" width=\"3780\" height=\"709\" class=\"wp-block-cover__image-background wp-image-43558\" alt=\"Software new style banner\" src=\"https:\/\/praxas.com\/wp-content\/uploads\/PRAXAS_Software.png\" data-object-fit=\"cover\" srcset=\"https:\/\/praxas.com\/wp-content\/uploads\/PRAXAS_Software.png 3780w, https:\/\/praxas.com\/wp-content\/uploads\/PRAXAS_Software-300x56.png 300w, https:\/\/praxas.com\/wp-content\/uploads\/PRAXAS_Software-1024x192.png 1024w, https:\/\/praxas.com\/wp-content\/uploads\/PRAXAS_Software-768x144.png 768w, https:\/\/praxas.com\/wp-content\/uploads\/PRAXAS_Software-1536x288.png 1536w, https:\/\/praxas.com\/wp-content\/uploads\/PRAXAS_Software-2048x384.png 2048w, https:\/\/praxas.com\/wp-content\/uploads\/PRAXAS_Software-120x23.png 120w, https:\/\/praxas.com\/wp-content\/uploads\/PRAXAS_Software-990x186.png 990w, https:\/\/praxas.com\/wp-content\/uploads\/PRAXAS_Software-441x83.png 441w, https:\/\/praxas.com\/wp-content\/uploads\/PRAXAS_Software-350x66.png 350w, https:\/\/praxas.com\/wp-content\/uploads\/PRAXAS_Software-800x150.png 800w, https:\/\/praxas.com\/wp-content\/uploads\/PRAXAS_Software-150x28.png 150w\" sizes=\"auto, (max-width: 3780px) 100vw, 3780px\" \/><div class=\"wp-block-cover__inner-container has-global-padding is-layout-constrained wp-container-core-cover-is-layout-a4c69c57 wp-block-cover-is-layout-constrained\">\n<div class=\"wp-block-columns is-layout-flex wp-container-core-columns-is-layout-28f84493 wp-block-columns-is-layout-flex\">\n<div class=\"wp-block-column is-layout-flow wp-block-column-is-layout-flow\" style=\"flex-basis:70%\">\n<h1 class=\"wp-block-heading has-white-color has-text-color has-link-color wp-elements-50d7a4cca505fc85d3d20056a2b5e8d3\">Software LogTag<\/h1>\n\n\n\n<div style=\"height:30px\" aria-hidden=\"true\" class=\"wp-block-spacer\"><\/div>\n\n\n\n<p class=\"has-white-color has-text-color has-link-color wp-elements-2786eab88569785c53f321b2305e6374\">Explora la gama de herramientas de software dise\u00f1adas para dar soporte a tus dispositivos LogTag. Desde la configuraci\u00f3n y la supervisi\u00f3n hasta la conversi\u00f3n de datos, estas soluciones simplifican y hacen m\u00e1s eficaz la gesti\u00f3n de tus productos LogTag. <\/p>\n<\/div>\n\n\n\n<div class=\"wp-block-column is-layout-flow wp-block-column-is-layout-flow\"><\/div>\n<\/div>\n<\/div><\/div>\n\n<div style=\"height:60px\" aria-hidden=\"true\" class=\"wp-block-spacer\"><\/div>\n\n<div class=\"wp-block-group alignfull has-global-padding is-layout-constrained wp-container-core-group-is-layout-a4c69c57 wp-block-group-is-layout-constrained\">\n<div class=\"wp-block-columns is-layout-flex wp-container-core-columns-is-layout-28f84493 wp-block-columns-is-layout-flex\">\n<div class=\"wp-block-column has-background is-layout-flow wp-block-column-is-layout-flow\" style=\"border-radius:15px;background-color:#e5e5e5;padding-top:var(--wp--preset--spacing--medium);padding-right:var(--wp--preset--spacing--medium);padding-bottom:var(--wp--preset--spacing--medium);padding-left:var(--wp--preset--spacing--medium)\">\n<div class=\"wp-block-media-text is-stacked-on-mobile\" style=\"grid-template-columns:20% auto\"><figure class=\"wp-block-media-text__media\"><img loading=\"lazy\" decoding=\"async\" width=\"558\" height=\"614\" src=\"https:\/\/praxas.com\/wp-content\/uploads\/LT_Analyzer-1.png\" alt=\"Caja del Software Analizador LogTag\" class=\"wp-image-43282 size-full\" srcset=\"https:\/\/praxas.com\/wp-content\/uploads\/LT_Analyzer-1.png 558w, https:\/\/praxas.com\/wp-content\/uploads\/LT_Analyzer-1-273x300.png 273w, https:\/\/praxas.com\/wp-content\/uploads\/LT_Analyzer-1-109x120.png 109w, https:\/\/praxas.com\/wp-content\/uploads\/LT_Analyzer-1-441x485.png 441w, https:\/\/praxas.com\/wp-content\/uploads\/LT_Analyzer-1-350x385.png 350w, https:\/\/praxas.com\/wp-content\/uploads\/LT_Analyzer-1-150x165.png 150w\" sizes=\"auto, (max-width: 558px) 100vw, 558px\" \/><\/figure><div class=\"wp-block-media-text__content\">\n<h2 class=\"wp-block-heading has-text-color has-link-color wp-elements-59b9b3741cb734edad2e8588907510a4\" style=\"color:#009ee0\">Analizador LogTag<\/h2>\n\n\n\n<p>Para los propietarios de productos LogTag, LogTag Analyser es el software gratuito recomendado. Esta plataforma, robusta pero f\u00e1cil de usar, te permite configurar, descargar y visualizar datos de cualquier registrador de datos LogTag.<\/p>\n\n\n\n<div class=\"wp-block-buttons is-content-justification-right is-layout-flex wp-container-core-buttons-is-layout-d445cf74 wp-block-buttons-is-layout-flex\">\n<div class=\"wp-block-button\"><a class=\"wp-block-button__link has-background wp-element-button\" href=\"https:\/\/logtagrecorders.com\/software\/logtag-analyzer\/\" style=\"border-radius:6px;background-color:#009ee0\" target=\"_blank\" rel=\"noopener\"><strong>Saber m\u00e1s  <i class=\"fas fa fa-external-link\" style=\"margin-left:5px;color:#fffff;\"><\/i><\/strong><\/a><\/div>\n<\/div>\n<\/div><\/div>\n<\/div>\n<\/div>\n\n\n\n<div style=\"height:60px\" aria-hidden=\"true\" class=\"wp-block-spacer\"><\/div>\n\n\n\n<div class=\"wp-block-columns is-layout-flex wp-container-core-columns-is-layout-28f84493 wp-block-columns-is-layout-flex\">\n<div class=\"wp-block-column is-layout-flow wp-block-column-is-layout-flow\" style=\"border-radius:15px;padding-top:0;padding-right:0;padding-bottom:0;padding-left:0\">\n<div class=\"wp-block-media-text is-stacked-on-mobile\" style=\"padding-right:var(--wp--preset--spacing--medium);padding-left:var(--wp--preset--spacing--medium);grid-template-columns:20% auto\"><figure class=\"wp-block-media-text__media\"><img loading=\"lazy\" decoding=\"async\" width=\"558\" height=\"614\" src=\"https:\/\/praxas.com\/wp-content\/uploads\/LT_Convert-1.png\" alt=\"Caja del software LogTag Convert\" class=\"wp-image-43288 size-full\" srcset=\"https:\/\/praxas.com\/wp-content\/uploads\/LT_Convert-1.png 558w, https:\/\/praxas.com\/wp-content\/uploads\/LT_Convert-1-273x300.png 273w, https:\/\/praxas.com\/wp-content\/uploads\/LT_Convert-1-109x120.png 109w, https:\/\/praxas.com\/wp-content\/uploads\/LT_Convert-1-441x485.png 441w, https:\/\/praxas.com\/wp-content\/uploads\/LT_Convert-1-350x385.png 350w, https:\/\/praxas.com\/wp-content\/uploads\/LT_Convert-1-150x165.png 150w\" sizes=\"auto, (max-width: 558px) 100vw, 558px\" \/><\/figure><div class=\"wp-block-media-text__content\">\n<h2 class=\"wp-block-heading has-text-color has-link-color wp-elements-72ebca4ad2eec33086a179ec47bff754\" style=\"color:#009ee0\">Convertir LogTag<\/h2>\n\n\n\n<p>Transforma tus archivos LogTag Datalogger en formato CSV con varias opciones configurables. Realiza conversiones masivas seleccionando una carpeta y escaneando subdirectorios. Personaliza ampliamente tu salida CSV, incluyendo formatos de fecha y zonas horarias.<\/p>\n\n\n\n<div class=\"wp-block-buttons is-content-justification-right is-layout-flex wp-container-core-buttons-is-layout-d445cf74 wp-block-buttons-is-layout-flex\">\n<div class=\"wp-block-button\"><a class=\"wp-block-button__link has-background wp-element-button\" href=\"https:\/\/logtagrecorders.com\/software\/logtag-convert\/\" style=\"border-radius:6px;background-color:#009ee0\" target=\"_blank\" rel=\"noopener\"><strong>Saber m\u00e1s  <i class=\"fas fa fa-external-link\" style=\"margin-left:5px;color:#fffff;\"><\/i><\/strong><\/a><\/div>\n<\/div>\n<\/div><\/div>\n<\/div>\n<\/div>\n\n\n\n<div style=\"height:60px\" aria-hidden=\"true\" class=\"wp-block-spacer\"><\/div>\n\n\n\n<div class=\"wp-block-columns is-layout-flex wp-container-core-columns-is-layout-28f84493 wp-block-columns-is-layout-flex\">\n<div class=\"wp-block-column has-background is-layout-flow wp-block-column-is-layout-flow\" style=\"border-radius:15px;background-color:#e5e5e5;padding-top:var(--wp--preset--spacing--medium);padding-right:var(--wp--preset--spacing--medium);padding-bottom:var(--wp--preset--spacing--medium);padding-left:var(--wp--preset--spacing--medium)\">\n<div class=\"wp-block-media-text is-stacked-on-mobile\" style=\"grid-template-columns:20% auto\"><figure class=\"wp-block-media-text__media\"><img loading=\"lazy\" decoding=\"async\" width=\"558\" height=\"614\" src=\"https:\/\/praxas.com\/wp-content\/uploads\/LT_Xpress-1.png\" alt=\"Caja del software LogTag Xpress\" class=\"wp-image-43294 size-full\" srcset=\"https:\/\/praxas.com\/wp-content\/uploads\/LT_Xpress-1.png 558w, https:\/\/praxas.com\/wp-content\/uploads\/LT_Xpress-1-273x300.png 273w, https:\/\/praxas.com\/wp-content\/uploads\/LT_Xpress-1-109x120.png 109w, https:\/\/praxas.com\/wp-content\/uploads\/LT_Xpress-1-441x485.png 441w, https:\/\/praxas.com\/wp-content\/uploads\/LT_Xpress-1-350x385.png 350w, https:\/\/praxas.com\/wp-content\/uploads\/LT_Xpress-1-150x165.png 150w\" sizes=\"auto, (max-width: 558px) 100vw, 558px\" \/><\/figure><div class=\"wp-block-media-text__content\">\n<h2 class=\"wp-block-heading has-text-color has-link-color wp-elements-3c7b9f7ccf6fd88963f23f38bbef251f\" style=\"color:#009ee0\">LogTag Xpress<\/h2>\n\n\n\n<p>LogTag Xpress ofrece una alternativa simplificada al completo software LogTag Analyser. Dise\u00f1ado para ser eficaz, simplifica la configuraci\u00f3n y descarga de todos los productos de registro de datos LogTag, minimizando la necesidad de interacci\u00f3n del usuario.<\/p>\n\n\n\n<div class=\"wp-block-buttons is-content-justification-right is-layout-flex wp-container-core-buttons-is-layout-d445cf74 wp-block-buttons-is-layout-flex\">\n<div class=\"wp-block-button\"><a class=\"wp-block-button__link has-background wp-element-button\" href=\"https:\/\/logtagrecorders.com\/software\/logtag-xpress\/\" style=\"border-radius:6px;background-color:#009ee0\" target=\"_blank\" rel=\"noopener\"><strong>Saber m\u00e1s  <i class=\"fas fa fa-external-link\" style=\"margin-left:5px;color:#fffff;\"><\/i><\/strong><\/a><\/div>\n<\/div>\n<\/div><\/div>\n<\/div>\n<\/div>\n<\/div>\n\n<div style=\"height:80px\" aria-hidden=\"true\" class=\"wp-block-spacer\"><\/div>\n\n<div class=\"wp-block-group alignfull has-global-padding is-layout-constrained wp-container-core-group-is-layout-a4c69c57 wp-block-group-is-layout-constrained\">\n<div class=\"wp-block-columns is-layout-flex wp-container-core-columns-is-layout-28f84493 wp-block-columns-is-layout-flex\">\n<div class=\"wp-block-column is-layout-flow wp-block-column-is-layout-flow\">\n<div class=\"wp-block-columns is-layout-flex wp-container-core-columns-is-layout-28f84493 wp-block-columns-is-layout-flex\">\n<div class=\"wp-block-column is-layout-flow wp-block-column-is-layout-flow\" style=\"flex-basis:33.33%\">\n<figure class=\"wp-block-image aligncenter size-large is-resized has-custom-border\"><img loading=\"lazy\" decoding=\"async\" width=\"1024\" height=\"1024\" src=\"https:\/\/praxas.com\/wp-content\/uploads\/Logtag-online-1024x1024.jpg\" alt=\"Imagen de la nube LogTagOnline\" class=\"wp-image-43260\" style=\"border-radius:10px;aspect-ratio:1;object-fit:cover;width:293px;height:auto\" srcset=\"https:\/\/praxas.com\/wp-content\/uploads\/Logtag-online-1024x1024.jpg 1024w, https:\/\/praxas.com\/wp-content\/uploads\/Logtag-online-300x300.jpg 300w, https:\/\/praxas.com\/wp-content\/uploads\/Logtag-online-150x150.jpg 150w, https:\/\/praxas.com\/wp-content\/uploads\/Logtag-online-768x768.jpg 768w, https:\/\/praxas.com\/wp-content\/uploads\/Logtag-online-1536x1536.jpg 1536w, https:\/\/praxas.com\/wp-content\/uploads\/Logtag-online-120x120.jpg 120w, https:\/\/praxas.com\/wp-content\/uploads\/Logtag-online-990x990.jpg 990w, https:\/\/praxas.com\/wp-content\/uploads\/Logtag-online-441x441.jpg 441w, https:\/\/praxas.com\/wp-content\/uploads\/Logtag-online-100x100.jpg 100w, https:\/\/praxas.com\/wp-content\/uploads\/Logtag-online-350x350.jpg 350w, https:\/\/praxas.com\/wp-content\/uploads\/Logtag-online-800x800.jpg 800w, https:\/\/praxas.com\/wp-content\/uploads\/Logtag-online.jpg 2048w\" sizes=\"auto, (max-width: 1024px) 100vw, 1024px\" \/><\/figure>\n<\/div>\n\n\n\n<div class=\"wp-block-column is-layout-flow wp-block-column-is-layout-flow\" style=\"flex-basis:66.66%\">\n<h4 class=\"wp-block-heading has-text-align-left has-text-color has-link-color has-large-font-size wp-elements-25348f4f7b58a293616be44b83015365\" style=\"color:#009ee0\">LogTagOnline<\/h4>\n\n\n\n<p>LogTagOnline es un sistema basado en la nube dise\u00f1ado espec\u00edficamente para funcionar a la perfecci\u00f3n con los dispositivos LogTag. Proporciona una soluci\u00f3n integral para gestionar los datos medioambientales, garantizando la accesibilidad y el control est\u00e9s donde est\u00e9s.<\/p>\n\n\n\n<div class=\"wp-block-buttons is-content-justification-right is-layout-flex wp-container-core-buttons-is-layout-d445cf74 wp-block-buttons-is-layout-flex\">\n<div class=\"wp-block-button\"><a class=\"wp-block-button__link has-background wp-element-button\" href=\"https:\/\/praxas.com\/es\/logtag-online\/\" style=\"border-radius:6px;background-color:#009ee0\"><strong>Saber m\u00e1s<\/strong><\/a><\/div>\n\n\n\n<div class=\"wp-block-button is-style-outline is-style-outline--1\"><a class=\"wp-block-button__link has-text-color has-link-color wp-element-button\" href=\"https:\/\/logtagonline.com\/login\" style=\"border-radius:6px;color:#009ee0\" target=\"_blank\" rel=\"noreferrer noopener\"><strong>Inscr\u00edbete  <i class=\"fas fa fa-external-link\" style=\"margin-left:5px;color:#fffff;\"><\/i><\/strong><\/a><\/div>\n<\/div>\n<\/div>\n<\/div>\n<\/div>\n<\/div>\n<\/div>\n\n<div style=\"height:80px\" aria-hidden=\"true\" class=\"wp-block-spacer\"><\/div>\n","protected":false},"excerpt":{"rendered":"<p>Analizador LogTag Para los propietarios de productos LogTag, LogTag Analyser es el software gratuito recomendado. Esta plataforma, robusta pero f\u00e1cil de usar, te permite configurar, descargar y visualizar datos de cualquier registrador de datos LogTag. Convertir LogTag Transforma tus archivos LogTag Datalogger en formato CSV con varias opciones configurables. Realiza conversiones masivas seleccionando una carpeta [&hellip;]<\/p>\n","protected":false},"author":8383,"featured_media":0,"parent":31549,"menu_order":0,"comment_status":"closed","ping_status":"closed","template":"template-fullwidth-no-heading.php","meta":{"_acf_changed":false,"content-type":"","_uag_custom_page_level_css":"","footnotes":""},"class_list":["post-33133","page","type-page","status-publish","hentry"],"acf":[],"spectra_custom_meta":{"hero_image":[""],"_hero_image":["field_64f1a7da7af44"],"_hero_h1":["field_64f19e1edd052"],"_hero_h2":["field_64f19e2ddd053"],"_hero_text":["field_64f19e42dd054"],"_hero_button_text":["field_64f19e4edd055"],"_hero_button_link":["field_64f19e5ddd056"],"_top_nav_excluded":[""],"_cms_nav_minihome":[""],"_wp_page_template":["template-fullwidth-no-heading.php"],"_edit_lock":["1721126055:8383"],"classic-editor-remember":["classic-editor"],"rank_math_seo_score":["12"],"_edit_last":["8383"],"hero_h1":[""],"hero_h2":[""],"hero_text":[""],"hero_button_text":[""],"hero_button_link":[""],"_wpml_media_duplicate":["1"],"_wpml_media_featured":["1"],"_last_translation_edit_mode":["translation-editor"],"rank_math_analytic_object_id":["814"],"rank_math_og_content_image":["a:2:{s:5:\"check\";s:32:\"b28cc4dba881a0727df7b649a6530553\";s:6:\"images\";a:2:{i:0;i:43558;i:1;i:43282;}}"],"rank_math_focus_keyword":["Software LogTag"],"_wpml_word_count":["249"],"_uag_css_file_name":["uag-css-33133.css"],"_uag_page_assets":["a:9:{s:3:\"css\";s:263:\".uag-blocks-common-selector{z-index:var(--z-index-desktop) !important}@media (max-width: 976px){.uag-blocks-common-selector{z-index:var(--z-index-tablet) !important}}@media (max-width: 767px){.uag-blocks-common-selector{z-index:var(--z-index-mobile) !important}}\n\";s:2:\"js\";s:0:\"\";s:18:\"current_block_list\";a:11:{i:0;s:10:\"core\/cover\";i:1;s:12:\"core\/columns\";i:2;s:11:\"core\/column\";i:3;s:12:\"core\/heading\";i:4;s:11:\"core\/spacer\";i:5;s:14:\"core\/paragraph\";i:6;s:10:\"core\/group\";i:9;s:15:\"core\/media-text\";i:10;s:12:\"core\/buttons\";i:11;s:11:\"core\/button\";i:17;s:10:\"core\/image\";}s:8:\"uag_flag\";b:0;s:11:\"uag_version\";s:10:\"1777651425\";s:6:\"gfonts\";a:0:{}s:10:\"gfonts_url\";s:0:\"\";s:12:\"gfonts_files\";a:0:{}s:14:\"uag_faq_layout\";b:0;}"]},"uagb_featured_image_src":{"full":false,"thumbnail":false,"medium":false,"medium_large":false,"large":false,"1536x1536":false,"2048x2048":false,"crunchify-admin-post-featured-image":false,"commercegurus-pdp-large":false,"commercegurus-plp-mobile":false,"cgkit_image_swatch":false,"woocommerce_thumbnail":false,"woocommerce_single":false,"woocommerce_gallery_thumbnail":false},"uagb_author_info":{"display_name":"Alex James","author_link":"https:\/\/praxas.com\/es\/author\/alex\/"},"uagb_comment_info":0,"uagb_excerpt":"Analizador LogTag Para los propietarios de productos LogTag, LogTag Analyser es el software gratuito recomendado. Esta plataforma, robusta pero f\u00e1cil de usar, te permite configurar, descargar y visualizar datos de cualquier registrador de datos LogTag. Convertir LogTag Transforma tus archivos LogTag Datalogger en formato CSV con varias opciones configurables. Realiza conversiones masivas seleccionando una carpeta&hellip;","_links":{"self":[{"href":"https:\/\/praxas.com\/es\/wp-json\/wp\/v2\/pages\/33133","targetHints":{"allow":["GET"]}}],"collection":[{"href":"https:\/\/praxas.com\/es\/wp-json\/wp\/v2\/pages"}],"about":[{"href":"https:\/\/praxas.com\/es\/wp-json\/wp\/v2\/types\/page"}],"author":[{"embeddable":true,"href":"https:\/\/praxas.com\/es\/wp-json\/wp\/v2\/users\/8383"}],"replies":[{"embeddable":true,"href":"https:\/\/praxas.com\/es\/wp-json\/wp\/v2\/comments?post=33133"}],"version-history":[{"count":6,"href":"https:\/\/praxas.com\/es\/wp-json\/wp\/v2\/pages\/33133\/revisions"}],"predecessor-version":[{"id":43646,"href":"https:\/\/praxas.com\/es\/wp-json\/wp\/v2\/pages\/33133\/revisions\/43646"}],"up":[{"embeddable":true,"href":"https:\/\/praxas.com\/es\/wp-json\/wp\/v2\/pages\/31549"}],"wp:attachment":[{"href":"https:\/\/praxas.com\/es\/wp-json\/wp\/v2\/media?parent=33133"}],"curies":[{"name":"wp","href":"https:\/\/api.w.org\/{rel}","templated":true}]}}