{"id":33134,"date":"2024-06-28T10:13:47","date_gmt":"2024-06-28T10:13:47","guid":{"rendered":"https:\/\/staging.praxas.com\/politicas-de-empresa\/comunicacion-y-fraude\/"},"modified":"2025-06-20T10:31:45","modified_gmt":"2025-06-20T10:31:45","slug":"comunicacion-y-fraude","status":"publish","type":"page","link":"https:\/\/praxas.com\/es\/politicas-de-empresa\/comunicacion-y-fraude\/","title":{"rendered":"Comunicaci\u00f3n y fraude"},"content":{"rendered":"<h2>Protecci\u00f3n de datos en Praxas<\/h2>\n<p>En Praxas, la seguridad de tus datos es nuestra m\u00e1xima prioridad. Tu tarjeta de fidelidad contiene datos personales.<\/p>\n<p>&nbsp;<\/p>\n<h3>\u00bfC\u00f3mo puedes proteger mejor tus propios datos?<\/h3>\n<p>Es aconsejable que cambies tu contrase\u00f1a con regularidad. Al hacerlo, evita la informaci\u00f3n personal o las secuencias l\u00f3gicas de n\u00fameros. Guarda tu contrase\u00f1a s\u00f3lo para ti.<\/p>\n<p>Si tienes alguna pregunta o si observas que tus datos han cambiado, siempre puedes ponerte en contacto con nosotros en info@praxas.com o llamando al +31 (0)76 50 40268. Estaremos encantados de ayudarte.<\/p>\n<p>&nbsp;<\/p>\n<h3>\u00bfQu\u00e9 ocurre si detectas una actividad sospechosa en relaci\u00f3n con tus datos?<\/h3>\n<p>Por favor, informa de ello a Praxas inmediatamente. Lo comprobaremos contigo inmediatamente y haremos los ajustes necesarios para evitar el fraude.<\/p>\n<p>&nbsp;<\/p>\n<h2>PRAXAS ADVIERTE DE COMPORTAMIENTOS FRAUDULENTOS<\/h2>\n<p>Ten en cuenta que actualmente circulan correos electr\u00f3nicos fraudulentos que utilizan indebidamente el nombre de Praxas y, a veces, su logotipo.<\/p>\n<p>Por favor, mantente alerta cuando recibas este tipo de mensajes, ya que se trata de intentos de fraude, tambi\u00e9n conocidos como phishing. En particular, estamos viendo un aumento del phishing por correo electr\u00f3nico. \u00a1No abras los archivos adjuntos de los correos electr\u00f3nicos!<\/p>\n<p>&nbsp;<\/p>\n<h3>\u00bfC\u00f3mo reconocer un intento de phishing por correo electr\u00f3nico?<\/h3>\n<p>Los correos electr\u00f3nicos de phishing pueden parecer muy realistas reproduciendo la marca Praxas. Presta atenci\u00f3n al remitente, al asunto y al contenido del correo electr\u00f3nico. No hagas clic en enlaces sospechosos y no compartas informaci\u00f3n personal como tu nombre, direcci\u00f3n de correo electr\u00f3nico, datos bancarios, etc.<\/p>\n<p>Actualmente, los correos electr\u00f3nicos se env\u00edan desde el nombre de Petra Manley (Compras). Esta se\u00f1ora no es empleada de Praxas.<\/p>\n<p>&nbsp;<\/p>\n<h3>\u00bfQu\u00e9 hacer si te encuentras con un fraude por correo electr\u00f3nico o por tel\u00e9fono?<\/h3>\n<p>No respondas a solicitudes sospechosas ni compartas datos personales. Informa de cualquier sospecha de fraude a nuestro equipo de atenci\u00f3n al cliente.<\/p>\n<p>&nbsp;<\/p>\n<h3>\u00bfQu\u00e9 pasa si has sido v\u00edctima de un fraude por correo electr\u00f3nico o por tel\u00e9fono?<\/h3>\n<p>Si compartiste datos y sospechas de fraude, bloquea inmediatamente tu cuenta bancaria y den\u00fancialo a la polic\u00eda.<\/p>\n","protected":false},"excerpt":{"rendered":"<p>Protecci\u00f3n de datos en Praxas En Praxas, la seguridad de tus datos es nuestra m\u00e1xima prioridad. Tu tarjeta de fidelidad contiene datos personales. &nbsp; \u00bfC\u00f3mo puedes proteger mejor tus propios datos? Es aconsejable que cambies tu contrase\u00f1a con regularidad. Al hacerlo, evita la informaci\u00f3n personal o las secuencias l\u00f3gicas de n\u00fameros. Guarda tu contrase\u00f1a s\u00f3lo [&hellip;]<\/p>\n","protected":false},"author":8383,"featured_media":0,"parent":31452,"menu_order":5,"comment_status":"closed","ping_status":"closed","template":"template-fullwidth.php","meta":{"_acf_changed":false,"content-type":"","_uag_custom_page_level_css":"","footnotes":""},"class_list":["post-33134","page","type-page","status-publish","hentry"],"acf":[],"spectra_custom_meta":{"hero_image":[""],"_hero_image":["field_64f1a7da7af44"],"_hero_h1":["field_64f19e1edd052"],"_hero_h2":["field_64f19e2ddd053"],"_hero_text":["field_64f19e42dd054"],"_hero_button_text":["field_64f19e4edd055"],"_hero_button_link":["field_64f19e5ddd056"],"_top_nav_excluded":[""],"_cms_nav_minihome":[""],"_wp_page_template":["template-fullwidth.php"],"_last_translation_edit_mode":["translation-editor"],"_wpml_word_count":["388"],"_uag_page_assets":["a:9:{s:3:\"css\";s:0:\"\";s:2:\"js\";s:0:\"\";s:18:\"current_block_list\";a:0:{}s:8:\"uag_flag\";b:0;s:11:\"uag_version\";s:10:\"1775171553\";s:6:\"gfonts\";a:0:{}s:10:\"gfonts_url\";s:0:\"\";s:12:\"gfonts_files\";a:0:{}s:14:\"uag_faq_layout\";b:0;}"]},"uagb_featured_image_src":{"full":false,"thumbnail":false,"medium":false,"medium_large":false,"large":false,"1536x1536":false,"2048x2048":false,"crunchify-admin-post-featured-image":false,"commercegurus-pdp-large":false,"commercegurus-plp-mobile":false,"cgkit_image_swatch":false,"woocommerce_thumbnail":false,"woocommerce_single":false,"woocommerce_gallery_thumbnail":false},"uagb_author_info":{"display_name":"Alex James","author_link":"https:\/\/praxas.com\/es\/author\/alex\/"},"uagb_comment_info":0,"uagb_excerpt":"Protecci\u00f3n de datos en Praxas En Praxas, la seguridad de tus datos es nuestra m\u00e1xima prioridad. Tu tarjeta de fidelidad contiene datos personales. &nbsp; \u00bfC\u00f3mo puedes proteger mejor tus propios datos? Es aconsejable que cambies tu contrase\u00f1a con regularidad. Al hacerlo, evita la informaci\u00f3n personal o las secuencias l\u00f3gicas de n\u00fameros. Guarda tu contrase\u00f1a s\u00f3lo&hellip;","_links":{"self":[{"href":"https:\/\/praxas.com\/es\/wp-json\/wp\/v2\/pages\/33134","targetHints":{"allow":["GET"]}}],"collection":[{"href":"https:\/\/praxas.com\/es\/wp-json\/wp\/v2\/pages"}],"about":[{"href":"https:\/\/praxas.com\/es\/wp-json\/wp\/v2\/types\/page"}],"author":[{"embeddable":true,"href":"https:\/\/praxas.com\/es\/wp-json\/wp\/v2\/users\/8383"}],"replies":[{"embeddable":true,"href":"https:\/\/praxas.com\/es\/wp-json\/wp\/v2\/comments?post=33134"}],"version-history":[{"count":1,"href":"https:\/\/praxas.com\/es\/wp-json\/wp\/v2\/pages\/33134\/revisions"}],"predecessor-version":[{"id":49928,"href":"https:\/\/praxas.com\/es\/wp-json\/wp\/v2\/pages\/33134\/revisions\/49928"}],"up":[{"embeddable":true,"href":"https:\/\/praxas.com\/es\/wp-json\/wp\/v2\/pages\/31452"}],"wp:attachment":[{"href":"https:\/\/praxas.com\/es\/wp-json\/wp\/v2\/media?parent=33134"}],"curies":[{"name":"wp","href":"https:\/\/api.w.org\/{rel}","templated":true}]}}