{"id":33145,"date":"2024-06-28T08:26:25","date_gmt":"2024-06-28T08:26:25","guid":{"rendered":"https:\/\/staging.praxas.com\/politicas-de-empresa\/forma-de-pago\/"},"modified":"2025-06-20T10:34:52","modified_gmt":"2025-06-20T10:34:52","slug":"forma-de-pago","status":"publish","type":"page","link":"https:\/\/praxas.com\/es\/politicas-de-empresa\/forma-de-pago\/","title":{"rendered":"Forma de pago"},"content":{"rendered":"<p>&nbsp;<\/p>\n<p><strong>Ideal<\/strong><br \/>\nRabobank, ABN AMRO, ING Bank, Postbank, Fortis, Triodos Bank y SNS Bank participan en ella. iDeal funciona sin ambig\u00fcedades. El m\u00e9todo de pago funciona igual para todos los bancos. Cualquier consumidor que utilice la banca por internet con un banco que trabaje con iDeal puede pagar f\u00e1cilmente con \u00e9l.<\/p>\n<p>Las ventajas de iDEAL son la seguridad, el pago se ejecuta inmediatamente para que recibas tus compras r\u00e1pidamente, la comodidad porque se basa en la banca por Internet.<\/p>\n<p>&nbsp;<\/p>\n<p><strong>Pago por adelantado<\/strong><\/p>\n<p>Tras realizar el pedido, recibir\u00e1s una factura con la informaci\u00f3n necesaria para transferir el importe del pedido (n\u00famero de cuenta bancaria, n\u00famero de factura, etc.). Este importe lo pagas t\u00fa mismo, por ejemplo, mediante transferencia o banca por internet. En cuanto se nos haya abonado el importe, se te enviar\u00e1 el pedido.<\/p>\n<p>&nbsp;<\/p>\n<p><strong>En factura<\/strong><\/p>\n<p>Primero recibes los productos y luego la factura. La factura se paga a trav\u00e9s de Ideal tras la recepci\u00f3n de los productos. S\u00f3lo los pedidos con direcci\u00f3n de entrega y facturaci\u00f3n en Holanda pueden optar al pospago.<\/p>\n","protected":false},"excerpt":{"rendered":"<p>&nbsp; Ideal Rabobank, ABN AMRO, ING Bank, Postbank, Fortis, Triodos Bank y SNS Bank participan en ella. iDeal funciona sin ambig\u00fcedades. El m\u00e9todo de pago funciona igual para todos los bancos. Cualquier consumidor que utilice la banca por internet con un banco que trabaje con iDeal puede pagar f\u00e1cilmente con \u00e9l. Las ventajas de iDEAL [&hellip;]<\/p>\n","protected":false},"author":8383,"featured_media":0,"parent":31452,"menu_order":2,"comment_status":"closed","ping_status":"closed","template":"template-fullwidth.php","meta":{"_acf_changed":false,"content-type":"","_uag_custom_page_level_css":"","footnotes":""},"class_list":["post-33145","page","type-page","status-publish","hentry"],"acf":[],"spectra_custom_meta":{"hero_image":[""],"_hero_image":["field_64f1a7da7af44"],"_hero_h1":["field_64f19e1edd052"],"_hero_h2":["field_64f19e2ddd053"],"_hero_text":["field_64f19e42dd054"],"_hero_button_text":["field_64f19e4edd055"],"_hero_button_link":["field_64f19e5ddd056"],"_top_nav_excluded":[""],"_cms_nav_minihome":[""],"_wp_page_template":["template-fullwidth.php"],"_last_translation_edit_mode":["translation-editor"],"_wpml_word_count":["184"],"_uag_page_assets":["a:9:{s:3:\"css\";s:0:\"\";s:2:\"js\";s:0:\"\";s:18:\"current_block_list\";a:0:{}s:8:\"uag_flag\";b:0;s:11:\"uag_version\";s:10:\"1775742760\";s:6:\"gfonts\";a:0:{}s:10:\"gfonts_url\";s:0:\"\";s:12:\"gfonts_files\";a:0:{}s:14:\"uag_faq_layout\";b:0;}"]},"uagb_featured_image_src":{"full":false,"thumbnail":false,"medium":false,"medium_large":false,"large":false,"1536x1536":false,"2048x2048":false,"crunchify-admin-post-featured-image":false,"commercegurus-pdp-large":false,"commercegurus-plp-mobile":false,"cgkit_image_swatch":false,"woocommerce_thumbnail":false,"woocommerce_single":false,"woocommerce_gallery_thumbnail":false},"uagb_author_info":{"display_name":"Alex James","author_link":"https:\/\/praxas.com\/es\/author\/alex\/"},"uagb_comment_info":0,"uagb_excerpt":"&nbsp; Ideal Rabobank, ABN AMRO, ING Bank, Postbank, Fortis, Triodos Bank y SNS Bank participan en ella. iDeal funciona sin ambig\u00fcedades. El m\u00e9todo de pago funciona igual para todos los bancos. Cualquier consumidor que utilice la banca por internet con un banco que trabaje con iDeal puede pagar f\u00e1cilmente con \u00e9l. Las ventajas de iDEAL&hellip;","_links":{"self":[{"href":"https:\/\/praxas.com\/es\/wp-json\/wp\/v2\/pages\/33145","targetHints":{"allow":["GET"]}}],"collection":[{"href":"https:\/\/praxas.com\/es\/wp-json\/wp\/v2\/pages"}],"about":[{"href":"https:\/\/praxas.com\/es\/wp-json\/wp\/v2\/types\/page"}],"author":[{"embeddable":true,"href":"https:\/\/praxas.com\/es\/wp-json\/wp\/v2\/users\/8383"}],"replies":[{"embeddable":true,"href":"https:\/\/praxas.com\/es\/wp-json\/wp\/v2\/comments?post=33145"}],"version-history":[{"count":2,"href":"https:\/\/praxas.com\/es\/wp-json\/wp\/v2\/pages\/33145\/revisions"}],"predecessor-version":[{"id":49963,"href":"https:\/\/praxas.com\/es\/wp-json\/wp\/v2\/pages\/33145\/revisions\/49963"}],"up":[{"embeddable":true,"href":"https:\/\/praxas.com\/es\/wp-json\/wp\/v2\/pages\/31452"}],"wp:attachment":[{"href":"https:\/\/praxas.com\/es\/wp-json\/wp\/v2\/media?parent=33145"}],"curies":[{"name":"wp","href":"https:\/\/api.w.org\/{rel}","templated":true}]}}