{"id":33148,"date":"2023-11-14T09:37:42","date_gmt":"2023-11-14T09:37:42","guid":{"rendered":"https:\/\/staging.praxas.com\/plantillas-de-proyectos\/"},"modified":"2024-07-23T07:51:17","modified_gmt":"2024-07-23T07:51:17","slug":"plantillas-de-proyectos","status":"publish","type":"page","link":"https:\/\/praxas.com\/es\/panelpilotace-universidad\/plantillas-de-proyectos\/","title":{"rendered":"Plantillas de proyectos"},"content":{"rendered":"<p>Hemos creado algunas funciones b\u00e1sicas para que empieces con tu pr\u00f3ximo proyecto de visualizaci\u00f3n. Navega por la lista de abajo y desc\u00e1rgate pr\u00e1cticas funciones, como una ruleta num\u00e9rica, alarmas y gr\u00e1ficos de tendencias.<\/p>\n<p><img loading=\"lazy\" decoding=\"async\" class=\"alignnone wp-image-16151\" src=\"https:\/\/praxas.com\/wp-content\/uploads\/numerickeypad-300x176.png\" alt=\"Teclado num\u00e9rico\" width=\"348\" height=\"204\" srcset=\"https:\/\/praxas.com\/wp-content\/uploads\/numerickeypad-300x176.png 300w, https:\/\/praxas.com\/wp-content\/uploads\/numerickeypad-120x70.png 120w, https:\/\/praxas.com\/wp-content\/uploads\/numerickeypad-350x205.png 350w, https:\/\/praxas.com\/wp-content\/uploads\/numerickeypad-150x88.png 150w, https:\/\/praxas.com\/wp-content\/uploads\/numerickeypad.png 400w\" sizes=\"auto, (max-width: 348px) 100vw, 348px\" \/><\/p>\n<h3>Teclado num\u00e9rico<\/h3>\n<p>Este ejemplo te muestra c\u00f3mo configurar una pantalla de bloqueo de 4 d\u00edgitos utilizando un teclado num\u00e9rico. La plantilla muestra el uso de las funciones Maths Builder y Trigger dentro de un proyecto PanelPilotACE. Estas plantillas son personalizables seg\u00fan tus propias necesidades.<\/p>\n<p><a class=\"button button-orange\" href=\"\/wp-content\/uploads\/ppa-design-studio_graphics-guide_iss1_07-20.pdf\" target=\"_blank\" rel=\"noopener\">SGD 43-A<\/a> <a class=\"button button-orange\" href=\"\/wp-content\/uploads\/panelpilotace_numerickeypad_sgd70a.zip\" target=\"_blank\" rel=\"noopener\">SGD70-A<\/a><\/p>\n<h3><img loading=\"lazy\" decoding=\"async\" class=\"alignnone wp-image-16174\" src=\"https:\/\/praxas.com\/wp-content\/uploads\/keyboard-300x176.png\" alt=\"Teclado\" width=\"338\" height=\"198\" srcset=\"https:\/\/praxas.com\/wp-content\/uploads\/keyboard-300x176.png 300w, https:\/\/praxas.com\/wp-content\/uploads\/keyboard-120x70.png 120w, https:\/\/praxas.com\/wp-content\/uploads\/keyboard-350x205.png 350w, https:\/\/praxas.com\/wp-content\/uploads\/keyboard-150x88.png 150w, https:\/\/praxas.com\/wp-content\/uploads\/keyboard.png 400w\" sizes=\"auto, (max-width: 338px) 100vw, 338px\" \/><\/h3>\n<h3>Teclado QWERTY<\/h3>\n<p>Esta plantilla permite al creador de la App a\u00f1adir funcionalidad de teclado a la pantalla t\u00e1ctil del PanelPilotACE. Un ejemplo de las funciones avanzadas que se pueden programar en las unidades. La plantilla es personalizable y puede a\u00f1adirse a Proyectos existentes o utilizarse para crear algo nuevo. Esta plantilla s\u00f3lo est\u00e1 disponible para el modelo SGD 70-A.<\/p>\n<p><a class=\"button button-orange\" href=\"\/wp-content\/uploads\/panelpilotaceqwertykeyboard_sgd70a-2.zip\" target=\"_blank\" rel=\"noopener\">SGD 70-A<\/a><\/p>\n<h3>Gr\u00e1fico de tendencias<\/h3>\n<p><img loading=\"lazy\" decoding=\"async\" class=\"alignnone wp-image-16177\" src=\"https:\/\/praxas.com\/wp-content\/uploads\/trendgraph-300x176.png\" alt=\"\" width=\"331\" height=\"194\" srcset=\"https:\/\/praxas.com\/wp-content\/uploads\/trendgraph-300x176.png 300w, https:\/\/praxas.com\/wp-content\/uploads\/trendgraph-120x70.png 120w, https:\/\/praxas.com\/wp-content\/uploads\/trendgraph-350x205.png 350w, https:\/\/praxas.com\/wp-content\/uploads\/trendgraph-150x88.png 150w, https:\/\/praxas.com\/wp-content\/uploads\/trendgraph.png 400w\" sizes=\"auto, (max-width: 331px) 100vw, 331px\" \/><\/p>\n<p>La funci\u00f3n Gr\u00e1fico de tendencias es una potente caracter\u00edstica disponible en ambos modelos de PanelPilotACE. Estas plantillas demuestran c\u00f3mo puede representarse el registro de datos de forma gr\u00e1fica, lo que mejora la experiencia del usuario. Esta funci\u00f3n se ha creado en el Estudio de Dise\u00f1o de PanelPilotACE.<\/p>\n<p><a class=\"button button-orange\" href=\"\/wp-content\/uploads\/panelpilotace_trendgraph_sgd43a.zip\" target=\"_blank\" rel=\"noopener\">SGD 43-A<\/a> <a class=\"button button-orange\" href=\"\/wp-content\/uploads\/panelpilotace_trend-graph_sgd70a.zip\" target=\"_blank\" rel=\"noopener\">SGD 70-A<\/a><\/p>\n<h3>Registro de datos<\/h3>\n<p><img loading=\"lazy\" decoding=\"async\" class=\"alignnone wp-image-16188\" src=\"https:\/\/praxas.com\/wp-content\/uploads\/datalogging-300x176.png\" alt=\"registro de datos\" width=\"322\" height=\"189\" srcset=\"https:\/\/praxas.com\/wp-content\/uploads\/datalogging-300x176.png 300w, https:\/\/praxas.com\/wp-content\/uploads\/datalogging-768x449.png 768w, https:\/\/praxas.com\/wp-content\/uploads\/datalogging-120x70.png 120w, https:\/\/praxas.com\/wp-content\/uploads\/datalogging-990x579.png 990w, https:\/\/praxas.com\/wp-content\/uploads\/datalogging-441x258.png 441w, https:\/\/praxas.com\/wp-content\/uploads\/datalogging-350x205.png 350w, https:\/\/praxas.com\/wp-content\/uploads\/datalogging-800x468.png 800w, https:\/\/praxas.com\/wp-content\/uploads\/datalogging-150x88.png 150w, https:\/\/praxas.com\/wp-content\/uploads\/datalogging.png 1000w\" sizes=\"auto, (max-width: 322px) 100vw, 322px\" \/><\/p>\n<p>Este es el ejemplo del v\u00eddeo Tutorial PanelPilotACE sobre registro de datos. Demuestra el uso del registro de datos en el PanelPilotACE Design Studio.<\/p>\n<p><a class=\"button button-orange\" href=\"\/wp-content\/uploads\/panelpilotace_datalogging_sgd43a.zip\" target=\"_blank\" rel=\"noopener\">SGD 43-A<\/a> <a class=\"button button-orange\" href=\"\/wp-content\/uploads\/panelpilotace_datalogging_sgd70a.zip\" target=\"_blank\" rel=\"noopener\">SGD 70-A<\/a><\/p>\n<h3>Gira n\u00fameros<\/h3>\n<p><img loading=\"lazy\" decoding=\"async\" class=\"alignnone wp-image-16198\" src=\"https:\/\/praxas.com\/wp-content\/uploads\/numberspinner-300x176.png\" alt=\"Gira n\u00fameros\" width=\"324\" height=\"190\" srcset=\"https:\/\/praxas.com\/wp-content\/uploads\/numberspinner-300x176.png 300w, https:\/\/praxas.com\/wp-content\/uploads\/numberspinner-768x449.png 768w, https:\/\/praxas.com\/wp-content\/uploads\/numberspinner-120x70.png 120w, https:\/\/praxas.com\/wp-content\/uploads\/numberspinner-990x579.png 990w, https:\/\/praxas.com\/wp-content\/uploads\/numberspinner-441x258.png 441w, https:\/\/praxas.com\/wp-content\/uploads\/numberspinner-350x205.png 350w, https:\/\/praxas.com\/wp-content\/uploads\/numberspinner-800x468.png 800w, https:\/\/praxas.com\/wp-content\/uploads\/numberspinner-150x88.png 150w, https:\/\/praxas.com\/wp-content\/uploads\/numberspinner.png 1000w\" sizes=\"auto, (max-width: 324px) 100vw, 324px\" \/><\/p>\n<p>Una ruleta num\u00e9rica b\u00e1sica que puede tener diversos usos dentro de un Proyecto. Esta versi\u00f3n tiene l\u00edmites y tama\u00f1o de paso variables. Utiliza la funci\u00f3n Constructor de matem\u00e1ticas junto con los botones m\u00e1s y menos.<\/p>\n<p><a class=\"button button-orange\" href=\"\/wp-content\/uploads\/panelpilotace_numberspinner_sgd43a.zip\" target=\"_blank\" rel=\"noopener\">SGD 43-A<\/a> <a class=\"button button-orange\" href=\"\/wp-content\/uploads\/panelpilotace_numberspinner_sgd70a.zip\" target=\"_blank\" rel=\"noopener\">SGD 70-A<\/a><\/p>\n<h3>Contador con Alarma Variable<\/h3>\n<p><img loading=\"lazy\" decoding=\"async\" class=\"alignnone wp-image-16204\" src=\"https:\/\/praxas.com\/wp-content\/uploads\/meterwvariablealarm-300x176.png\" alt=\"Contador con alarma variable\" width=\"336\" height=\"197\" srcset=\"https:\/\/praxas.com\/wp-content\/uploads\/meterwvariablealarm-300x176.png 300w, https:\/\/praxas.com\/wp-content\/uploads\/meterwvariablealarm-768x449.png 768w, https:\/\/praxas.com\/wp-content\/uploads\/meterwvariablealarm-120x70.png 120w, https:\/\/praxas.com\/wp-content\/uploads\/meterwvariablealarm-990x579.png 990w, https:\/\/praxas.com\/wp-content\/uploads\/meterwvariablealarm-441x258.png 441w, https:\/\/praxas.com\/wp-content\/uploads\/meterwvariablealarm-350x205.png 350w, https:\/\/praxas.com\/wp-content\/uploads\/meterwvariablealarm-800x468.png 800w, https:\/\/praxas.com\/wp-content\/uploads\/meterwvariablealarm-150x88.png 150w, https:\/\/praxas.com\/wp-content\/uploads\/meterwvariablealarm.png 1000w\" sizes=\"auto, (max-width: 336px) 100vw, 336px\" \/><\/p>\n<p>Este Proyecto utiliza un Constructor L\u00f3gico, un Disparador de Propiedades, un Conjunto de Reglas y un Constructor Matem\u00e1tico para crear una funci\u00f3n de alarma variable de usuario.<\/p>\n<p><a class=\"button button-orange\" href=\"\/wp-content\/uploads\/basic-meter-w-variable-alarm_sgd43a.zip\" target=\"_blank\" rel=\"noopener\">SGD 43-A<\/a> <a class=\"button button-orange\" href=\"\/wp-content\/uploads\/basic-meter-wvariable-alarm_sgd70a.zip\" target=\"_blank\" rel=\"noopener\">SGD 70-A<\/a><\/p>\n<h3>Contador anal\u00f3gico<\/h3>\n<p><img loading=\"lazy\" decoding=\"async\" class=\"alignnone wp-image-16209\" src=\"https:\/\/praxas.com\/wp-content\/uploads\/analoguecounter-300x176.png\" alt=\"Contador anal\u00f3gico\" width=\"332\" height=\"195\" srcset=\"https:\/\/praxas.com\/wp-content\/uploads\/analoguecounter-300x176.png 300w, https:\/\/praxas.com\/wp-content\/uploads\/analoguecounter-768x449.png 768w, https:\/\/praxas.com\/wp-content\/uploads\/analoguecounter-120x70.png 120w, https:\/\/praxas.com\/wp-content\/uploads\/analoguecounter-990x579.png 990w, https:\/\/praxas.com\/wp-content\/uploads\/analoguecounter-441x258.png 441w, https:\/\/praxas.com\/wp-content\/uploads\/analoguecounter-350x205.png 350w, https:\/\/praxas.com\/wp-content\/uploads\/analoguecounter-800x468.png 800w, https:\/\/praxas.com\/wp-content\/uploads\/analoguecounter-150x88.png 150w, https:\/\/praxas.com\/wp-content\/uploads\/analoguecounter.png 1000w\" sizes=\"auto, (max-width: 332px) 100vw, 332px\" \/><\/p>\n<p>Esta plantilla utiliza un recuento desbordado de una Entrada anal\u00f3gica. Para ello, utiliza un Activador de Propiedades, un Constructor L\u00f3gico, un Constructor Matem\u00e1tico y un Conjunto de Reglas. Los niveles de disparo est\u00e1n ajustados a 3V = alto. Se puede ajustar en la funci\u00f3n Constructor l\u00f3gico.<\/p>\n<p><a class=\"button button-orange\" href=\"\/wp-content\/uploads\/panelpilotace_analoguecounter_sgd43a.zip\" target=\"_blank\" rel=\"noopener\">SGD 43-A<\/a> <a class=\"button button-orange\" href=\"\/wp-content\/uploads\/panelpilotace_analoguecounter_sgd70a.zip\" target=\"_blank\" rel=\"noopener\">SGD 70-A<\/a><\/p>\n<h3>Tara<\/h3>\n<p><img loading=\"lazy\" decoding=\"async\" class=\"alignnone wp-image-16214\" src=\"https:\/\/praxas.com\/wp-content\/uploads\/tare-300x176.png\" alt=\"Indicaci\u00f3n de tara\" width=\"324\" height=\"190\" srcset=\"https:\/\/praxas.com\/wp-content\/uploads\/tare-300x176.png 300w, https:\/\/praxas.com\/wp-content\/uploads\/tare-768x449.png 768w, https:\/\/praxas.com\/wp-content\/uploads\/tare-120x70.png 120w, https:\/\/praxas.com\/wp-content\/uploads\/tare-990x579.png 990w, https:\/\/praxas.com\/wp-content\/uploads\/tare-441x258.png 441w, https:\/\/praxas.com\/wp-content\/uploads\/tare-350x205.png 350w, https:\/\/praxas.com\/wp-content\/uploads\/tare-800x468.png 800w, https:\/\/praxas.com\/wp-content\/uploads\/tare-150x88.png 150w, https:\/\/praxas.com\/wp-content\/uploads\/tare.png 1000w\" sizes=\"auto, (max-width: 324px) 100vw, 324px\" \/><\/p>\n<p>Este es un ejemplo de c\u00f3mo crear una aplicaci\u00f3n de Tara utilizando Constructores Matem\u00e1ticos, Variables y Acciones L\u00f3gicas. Ajusta la escala lineal de la Entrada anal\u00f3gica mediante las Propiedades de las variables en el proyecto.<\/p>\n<p><a class=\"button button-orange\" href=\"\/wp-content\/uploads\/panelpilotacetaredisplay_sgd43a.zip\" target=\"_blank\" rel=\"noopener\">SGD 43-A<\/a> <a class=\"button button-orange\" href=\"\/wp-content\/uploads\/panelpilot_taredisplay_sgd70a.zip\" target=\"_blank\" rel=\"noopener\">SGD 70-A<\/a><\/p>\n<h3>Alarma que cambia de color<\/h3>\n<p><img loading=\"lazy\" decoding=\"async\" class=\"alignnone size-medium wp-image-18100\" src=\"https:\/\/praxas.com\/wp-content\/uploads\/colourchangealarm-1-300x176.png\" alt=\"\" width=\"300\" height=\"176\" srcset=\"https:\/\/praxas.com\/wp-content\/uploads\/colourchangealarm-1-300x176.png 300w, https:\/\/praxas.com\/wp-content\/uploads\/colourchangealarm-1-768x449.png 768w, https:\/\/praxas.com\/wp-content\/uploads\/colourchangealarm-1-120x70.png 120w, https:\/\/praxas.com\/wp-content\/uploads\/colourchangealarm-1-990x579.png 990w, https:\/\/praxas.com\/wp-content\/uploads\/colourchangealarm-1-441x258.png 441w, https:\/\/praxas.com\/wp-content\/uploads\/colourchangealarm-1-350x205.png 350w, https:\/\/praxas.com\/wp-content\/uploads\/colourchangealarm-1-800x468.png 800w, https:\/\/praxas.com\/wp-content\/uploads\/colourchangealarm-1-150x88.png 150w, https:\/\/praxas.com\/wp-content\/uploads\/colourchangealarm-1.png 1000w\" sizes=\"auto, (max-width: 300px) 100vw, 300px\" \/><\/p>\n<p>Este proyecto muestra un m\u00e9todo para cambiar el color de un Elemento Visual. En este caso, el Icono de Alarma cambiar\u00e1 de color cuando se encuentre en diferentes estados de alarma. La plantilla utiliza Variables para los colores y los valores de alarma alto\/bajo.<\/p>\n<p><a class=\"button button-orange\" href=\"https:\/\/praxas.com\/wp-content\/uploads\/panelpilotace_colourchangealarm_sgd43a-1.zip\" target=\"_blank\" rel=\"noopener\">SGD 43-A<\/a> <a class=\"button button-orange\" href=\"https:\/\/praxas.com\/wp-content\/uploads\/panelpilotace_colourchangealarm_sgd70a-1.zip\" target=\"_blank\" rel=\"noopener\">SGD 70-A<\/a><\/p>\n<h3>Registro PID con FTP<\/h3>\n<p><img loading=\"lazy\" decoding=\"async\" class=\"alignnone wp-image-16222\" src=\"https:\/\/praxas.com\/wp-content\/uploads\/pidController-300x176.png\" alt=\"Regulador PID \" width=\"319\" height=\"187\" srcset=\"https:\/\/praxas.com\/wp-content\/uploads\/pidController-300x176.png 300w, https:\/\/praxas.com\/wp-content\/uploads\/pidController-768x449.png 768w, https:\/\/praxas.com\/wp-content\/uploads\/pidController-120x70.png 120w, https:\/\/praxas.com\/wp-content\/uploads\/pidController-990x579.png 990w, https:\/\/praxas.com\/wp-content\/uploads\/pidController-441x258.png 441w, https:\/\/praxas.com\/wp-content\/uploads\/pidController-350x205.png 350w, https:\/\/praxas.com\/wp-content\/uploads\/pidController-800x468.png 800w, https:\/\/praxas.com\/wp-content\/uploads\/pidController-150x88.png 150w, https:\/\/praxas.com\/wp-content\/uploads\/pidController.png 1000w\" sizes=\"auto, (max-width: 319px) 100vw, 319px\" \/><\/p>\n<p>\u00c9sta es una plantilla de demostraci\u00f3n con funciones de Control PID para PanelPilotACE. Muestra el registro de datos y la transferencia FTP. Ten en cuenta que esta plantilla s\u00f3lo est\u00e1 disponible para el modelo SGD 70-A.<\/p>\n<p><a class=\"button button-orange\" href=\"\/wp-content\/uploads\/panelpilotace_pidloggingwithftp_sgd70a.zip\" target=\"_blank\" rel=\"noopener\">SGD 70-A<\/a><\/p>\n<h3>RS232<\/h3>\n<p><img loading=\"lazy\" decoding=\"async\" class=\"alignnone wp-image-16226\" src=\"https:\/\/praxas.com\/wp-content\/uploads\/rs232-300x176.png\" alt=\"RS232\" width=\"319\" height=\"187\" srcset=\"https:\/\/praxas.com\/wp-content\/uploads\/rs232-300x176.png 300w, https:\/\/praxas.com\/wp-content\/uploads\/rs232-768x449.png 768w, https:\/\/praxas.com\/wp-content\/uploads\/rs232-120x70.png 120w, https:\/\/praxas.com\/wp-content\/uploads\/rs232-990x579.png 990w, https:\/\/praxas.com\/wp-content\/uploads\/rs232-441x258.png 441w, https:\/\/praxas.com\/wp-content\/uploads\/rs232-350x205.png 350w, https:\/\/praxas.com\/wp-content\/uploads\/rs232-800x468.png 800w, https:\/\/praxas.com\/wp-content\/uploads\/rs232-150x88.png 150w, https:\/\/praxas.com\/wp-content\/uploads\/rs232.png 1000w\" sizes=\"auto, (max-width: 319px) 100vw, 319px\" \/><\/p>\n<p>Esta plantilla muestra c\u00f3mo utilizar las capacidades de comunicaci\u00f3n RS232 de PanelPilotACE. Se pueden enviar y recibir datos a trav\u00e9s del puerto serie. Env\u00eda los datos pulsando el bot\u00f3n tx. Ten en cuenta que el valor es igual al valor de la entrada anal\u00f3gica que aparece en el cuadro de texto adyacente. Se puede mostrar una cadena enviando \u00abin1,[string]\u00bb al dispositivo.<\/p>\n<p><a class=\"button button-orange\" href=\"\/wp-content\/uploads\/panelpilotace_rs232_sgd43a.zip\" target=\"_blank\" rel=\"noopener\">SGD 43-A<\/a> <a class=\"button button-orange\" href=\"\/wp-content\/uploads\/panelpilotace_rs232_sgd70a.zip\" target=\"_blank\" rel=\"noopener\">SGD 70-A <\/a><\/p>\n<h3>RS485 con Modbus<\/h3>\n<p><img loading=\"lazy\" decoding=\"async\" class=\"alignnone wp-image-16233\" src=\"https:\/\/praxas.com\/wp-content\/uploads\/rs485-300x176.png\" alt=\"RS485 \" width=\"324\" height=\"190\" srcset=\"https:\/\/praxas.com\/wp-content\/uploads\/rs485-300x176.png 300w, https:\/\/praxas.com\/wp-content\/uploads\/rs485-768x449.png 768w, https:\/\/praxas.com\/wp-content\/uploads\/rs485-120x70.png 120w, https:\/\/praxas.com\/wp-content\/uploads\/rs485-990x579.png 990w, https:\/\/praxas.com\/wp-content\/uploads\/rs485-441x258.png 441w, https:\/\/praxas.com\/wp-content\/uploads\/rs485-350x205.png 350w, https:\/\/praxas.com\/wp-content\/uploads\/rs485-800x468.png 800w, https:\/\/praxas.com\/wp-content\/uploads\/rs485-150x88.png 150w, https:\/\/praxas.com\/wp-content\/uploads\/rs485.png 1000w\" sizes=\"auto, (max-width: 324px) 100vw, 324px\" \/><\/p>\n<p>Estas plantillas son proyectos de demostraci\u00f3n que muestran c\u00f3mo se pueden utilizar los comandos de los protocolos RS485 y MODBUS RTU con PanelPilotACE. RS485 est\u00e1 disponible para el SGD 43-A con la adici\u00f3n del bot\u00f3n <a href=\"\/es\/product\/panelpilot-displays-es\/accesorios-es-2\/s43-rs485\/\" target=\"_blank\" rel=\"noopener\"><strong>RS485<\/strong><\/a> en la placa.<\/p>\n<p><a class=\"button button-orange\" href=\"\/wp-content\/uploads\/panelpilotace_rs485modbus_sgd43a.zip\" target=\"_blank\" rel=\"noopener\">SGD 43-A<\/a> <a class=\"button button-orange\" href=\"\/wp-content\/uploads\/panelpilotace_rs485modbus_sgd70a.zip\" target=\"_blank\" rel=\"noopener\">SGD70-A<\/a><\/p>\n<h3>Termostato con Modbus<\/h3>\n<p><img loading=\"lazy\" decoding=\"async\" class=\"alignnone wp-image-16237\" src=\"https:\/\/praxas.com\/wp-content\/uploads\/modbusthermo-300x176.png\" alt=\"\" width=\"327\" height=\"192\" srcset=\"https:\/\/praxas.com\/wp-content\/uploads\/modbusthermo-300x176.png 300w, https:\/\/praxas.com\/wp-content\/uploads\/modbusthermo-768x449.png 768w, https:\/\/praxas.com\/wp-content\/uploads\/modbusthermo-120x70.png 120w, https:\/\/praxas.com\/wp-content\/uploads\/modbusthermo-990x579.png 990w, https:\/\/praxas.com\/wp-content\/uploads\/modbusthermo-441x258.png 441w, https:\/\/praxas.com\/wp-content\/uploads\/modbusthermo-350x205.png 350w, https:\/\/praxas.com\/wp-content\/uploads\/modbusthermo-800x468.png 800w, https:\/\/praxas.com\/wp-content\/uploads\/modbusthermo-150x88.png 150w, https:\/\/praxas.com\/wp-content\/uploads\/modbusthermo.png 1000w\" sizes=\"auto, (max-width: 327px) 100vw, 327px\" \/><\/p>\n<p>Estas plantillas muestran c\u00f3mo se pueden utilizar los comandos MODBUS con PanelPilotACE. RS485 est\u00e1 disponible para el SGD 43-A con la adici\u00f3n del bot\u00f3n <strong><a href=\"\/es\/product\/panelpilot-displays-es\/accesorios-es-2\/s43-rs485\/\" target=\"_blank\" rel=\"noopener\">RS485<\/a><\/strong> en la placa.<\/p>\n<p><a class=\"button button-orange\" href=\"\/wp-content\/uploads\/panelpilotace_modbusthermostat_sgd43a.zip\" target=\"_blank\" rel=\"noopener\">SGD 43-A<\/a> <a class=\"button button-orange\" href=\"\/wp-content\/uploads\/panelpilotace_modbusthermostat_sgd70a.zip\" target=\"_blank\" rel=\"noopener\">SGD 70-A<\/a><\/p>\n<h3>Ethernet<\/h3>\n<p><img loading=\"lazy\" decoding=\"async\" class=\"alignnone wp-image-16242\" src=\"https:\/\/praxas.com\/wp-content\/uploads\/ethernet-300x176.png\" alt=\"Ethernet\" width=\"326\" height=\"191\" srcset=\"https:\/\/praxas.com\/wp-content\/uploads\/ethernet-300x176.png 300w, https:\/\/praxas.com\/wp-content\/uploads\/ethernet-768x449.png 768w, https:\/\/praxas.com\/wp-content\/uploads\/ethernet-120x70.png 120w, https:\/\/praxas.com\/wp-content\/uploads\/ethernet-990x579.png 990w, https:\/\/praxas.com\/wp-content\/uploads\/ethernet-441x258.png 441w, https:\/\/praxas.com\/wp-content\/uploads\/ethernet-350x205.png 350w, https:\/\/praxas.com\/wp-content\/uploads\/ethernet-800x468.png 800w, https:\/\/praxas.com\/wp-content\/uploads\/ethernet-150x88.png 150w, https:\/\/praxas.com\/wp-content\/uploads\/ethernet.png 1000w\" sizes=\"auto, (max-width: 326px) 100vw, 326px\" \/><\/p>\n<p>Esta es una plantilla de ejemplo que muestra las capacidades de conexi\u00f3n en red del modelo SGD 70-A a trav\u00e9s de Ethernet. Ten en cuenta que esta plantilla s\u00f3lo est\u00e1 disponible para el modelo SGD 70-A.<\/p>\n<p><a class=\"button button-orange\" href=\"\/wp-content\/uploads\/panelpilotace_ethernet_sgd70a.zip\" target=\"_blank\" rel=\"noopener\">SGD 70-A<\/a><\/p>\n<h3>Elementos termistores<\/h3>\n<p>Se trata de un archivo .zip que contiene tres plantillas para la interconexi\u00f3n con nuestra placa complementaria Termistor. Estas plantillas incluyen Elemento termistor, Elemento termistor con alarmas y Plantilla de media m\u00f3vil.<\/p>\n<p><a class=\"button button-orange\" href=\"\/wp-content\/uploads\/ThermistorElements.zip\" target=\"_blank\" rel=\"noopener\">DESCARGA<\/a><\/p>\n","protected":false},"excerpt":{"rendered":"<p>Hemos creado algunas funciones b\u00e1sicas para que empieces con tu pr\u00f3ximo proyecto de visualizaci\u00f3n. Navega por la lista de abajo y desc\u00e1rgate pr\u00e1cticas funciones, como una ruleta num\u00e9rica, alarmas y gr\u00e1ficos de tendencias. Teclado num\u00e9rico Este ejemplo te muestra c\u00f3mo configurar una pantalla de bloqueo de 4 d\u00edgitos utilizando un teclado num\u00e9rico. La plantilla muestra [&hellip;]<\/p>\n","protected":false},"author":5,"featured_media":0,"parent":33167,"menu_order":0,"comment_status":"closed","ping_status":"closed","template":"","meta":{"_acf_changed":false,"content-type":"","_uag_custom_page_level_css":"","footnotes":""},"class_list":["post-33148","page","type-page","status-publish","hentry"],"acf":[],"spectra_custom_meta":{"hero_image":[""],"_hero_image":["field_64f1a7da7af44"],"_hero_h1":["field_64f19e1edd052"],"_hero_h2":["field_64f19e2ddd053"],"_hero_text":["field_64f19e42dd054"],"_hero_button_text":["field_64f19e4edd055"],"_hero_button_link":["field_64f19e5ddd056"],"_top_nav_excluded":[""],"_cms_nav_minihome":[""],"_wp_page_template":["default"],"_last_translation_edit_mode":["native-editor"],"rank_math_og_content_image":["a:2:{s:5:\"check\";s:32:\"426da287a936445ac29300bbbfca1775\";s:6:\"images\";a:1:{i:0;i:16151;}}"],"_edit_lock":["1721720940:8383"],"classic-editor-remember":["classic-editor"],"rank_math_seo_score":["15"],"_edit_last":["8383"],"hero_h1":[""],"hero_h2":[""],"hero_text":[""],"hero_button_text":[""],"hero_button_link":[""],"_wpml_media_duplicate":["1"],"_wpml_media_featured":["1"],"_uag_page_assets":["a:9:{s:3:\"css\";s:0:\"\";s:2:\"js\";s:0:\"\";s:18:\"current_block_list\";a:0:{}s:8:\"uag_flag\";b:0;s:11:\"uag_version\";s:10:\"1775212209\";s:6:\"gfonts\";a:0:{}s:10:\"gfonts_url\";s:0:\"\";s:12:\"gfonts_files\";a:0:{}s:14:\"uag_faq_layout\";b:0;}"]},"uagb_featured_image_src":{"full":false,"thumbnail":false,"medium":false,"medium_large":false,"large":false,"1536x1536":false,"2048x2048":false,"crunchify-admin-post-featured-image":false,"commercegurus-pdp-large":false,"commercegurus-plp-mobile":false,"cgkit_image_swatch":false,"woocommerce_thumbnail":false,"woocommerce_single":false,"woocommerce_gallery_thumbnail":false},"uagb_author_info":{"display_name":"Ellen Potter","author_link":"https:\/\/praxas.com\/es\/author\/ellen\/"},"uagb_comment_info":0,"uagb_excerpt":"Hemos creado algunas funciones b\u00e1sicas para que empieces con tu pr\u00f3ximo proyecto de visualizaci\u00f3n. Navega por la lista de abajo y desc\u00e1rgate pr\u00e1cticas funciones, como una ruleta num\u00e9rica, alarmas y gr\u00e1ficos de tendencias. Teclado num\u00e9rico Este ejemplo te muestra c\u00f3mo configurar una pantalla de bloqueo de 4 d\u00edgitos utilizando un teclado num\u00e9rico. La plantilla muestra&hellip;","_links":{"self":[{"href":"https:\/\/praxas.com\/es\/wp-json\/wp\/v2\/pages\/33148","targetHints":{"allow":["GET"]}}],"collection":[{"href":"https:\/\/praxas.com\/es\/wp-json\/wp\/v2\/pages"}],"about":[{"href":"https:\/\/praxas.com\/es\/wp-json\/wp\/v2\/types\/page"}],"author":[{"embeddable":true,"href":"https:\/\/praxas.com\/es\/wp-json\/wp\/v2\/users\/5"}],"replies":[{"embeddable":true,"href":"https:\/\/praxas.com\/es\/wp-json\/wp\/v2\/comments?post=33148"}],"version-history":[{"count":3,"href":"https:\/\/praxas.com\/es\/wp-json\/wp\/v2\/pages\/33148\/revisions"}],"predecessor-version":[{"id":38404,"href":"https:\/\/praxas.com\/es\/wp-json\/wp\/v2\/pages\/33148\/revisions\/38404"}],"up":[{"embeddable":true,"href":"https:\/\/praxas.com\/es\/wp-json\/wp\/v2\/pages\/33167"}],"wp:attachment":[{"href":"https:\/\/praxas.com\/es\/wp-json\/wp\/v2\/media?parent=33148"}],"curies":[{"name":"wp","href":"https:\/\/api.w.org\/{rel}","templated":true}]}}