{"id":33167,"date":"2023-11-14T09:36:43","date_gmt":"2023-11-14T08:36:43","guid":{"rendered":"https:\/\/staging.praxas.com\/panelpilotace-universidad\/"},"modified":"2025-12-15T17:29:21","modified_gmt":"2025-12-15T16:29:21","slug":"panelpilotace-universidad","status":"publish","type":"page","link":"https:\/\/praxas.com\/es\/panelpilotace-universidad\/","title":{"rendered":"PanelPilotACE Universidad"},"content":{"rendered":"<p>&nbsp;<\/p>\n<p>Tanto si ya has elegido el <strong><a href=\"\/es\/software\/software-panelpilot\/estudio-de-diseno-panelpilotace\/\" target=\"_blank\" rel=\"noopener\">PanelPilotACE<\/a><\/strong> para tu pr\u00f3ximo proyecto de pantalla, hayas utilizado antes su paquete de software o a\u00fan est\u00e9s evaluando su potencial de desarrollo, la Universidad PanelPilotACE es tu ventanilla \u00fanica para todas las herramientas necesarias para convertir tu dise\u00f1o conceptual de pantalla en una aplicaci\u00f3n totalmente funcional.<\/p>\n<p>&nbsp;<\/p>\n<h3>PanelPilotACE University Design Studio Versi\u00f3n m\u00e1s Reciente &#8211; <span style=\"color: #009ee0;\"><a style=\"color: #009ee0;\" href=\"\/es\/software\/software-panelpilot\/estudio-de-diseno-panelpilotace\/\" target=\"_blank\" rel=\"noopener\">P\u00e1gina de descarga<\/a><\/span><\/h3>\n<p>Desde im\u00e1genes de fondo a elementos de texto, medidores de estilo anal\u00f3gico, elementos de navegaci\u00f3n de pantalla t\u00e1ctil e incluso complejas sentencias l\u00f3gicas, el software PanelPilotACE Design permite a los usuarios crear interfaces multipantalla sin necesidad de escribir una l\u00ednea de c\u00f3digo.<\/p>\n<p style=\"text-align: left;\"><strong>Control PID:<\/strong> Utiliza tu pantalla como unidad de control PID. Establece los coeficientes P, I y D, mide una variable del proceso y utiliza PanelPilotACE para corregir hasta el punto de consigna deseado, por ejemplo, variar la velocidad de un ventilador para mantener una temperatura.<\/p>\n<div style=\"text-align: centre;\">\n<p style=\"text-align: center;\"><iframe loading=\"lazy\" title=\"PanelPilotACE - Pantallas Gr\u00e1ficas Inteligentes. Sin escribir c\u00f3digo.\" src=\"https:\/\/www.youtube.com\/embed\/EV_m3dcdRc8\" width=\"816\" height=\"460\" frameborder=\"0\" allowfullscreen=\"allowfullscreen\"><span data-mce-type=\"bookmark\" style=\"display: inline-block; width: 0px; overflow: hidden; line-height: 0;\" class=\"mce_SELRES_start\"><\/span><\/iframe><\/p>\n<p>&nbsp;<\/p>\n<p><strong>FTP Ethernet para datos registrados:<\/strong> No conectes manualmente el PanelPilotACE por USB para obtener los datos registrados. Con\u00e9ctalo a un servidor FTP mediante un cable Ethernet, lo que permite una recogida de datos m\u00e1s r\u00e1pida y c\u00f3moda.<\/p>\n<p><strong>Registro de datos multicanal:<\/strong> Ahora tienes 10 canales de registro, lo que te permite registrar cualquier entrada al dispositivo que pueda definirse num\u00e9ricamente. Registra m\u00e1s temperaturas a la vez, as\u00ed como la tensi\u00f3n, la corriente, etc.<\/p>\n<p><strong>Gr\u00e1ficos de tendencias:<\/strong> Muestra los datos en gr\u00e1ficos a medida que se registran. Si utilizas un umbral de alarma como uno de tus canales de datos, los Gr\u00e1ficos de Tendencia te permitir\u00e1n controlar los datos registrados con respecto a los niveles de alarma.<\/p>\n<p><strong>Protocolo de bus CAN:<\/strong> Un bus CAN (Controller Area Network) es un protocolo de comunicaciones basado en mensajes, y se ha a\u00f1adido a la pantalla t\u00e1ctil capacitiva en color SGD 70-A PanelPilotACE.<\/p>\n<p>&nbsp;<\/p>\n<p style=\"text-align: center;\"><span style=\"color: #009ee0;\"><strong><a style=\"color: #009ee0;\" href=\"\/wp-content\/uploads\/can-bus-element-user-guide_iss2_10-19.pdf\" target=\"_blank\" rel=\"noopener\">Descarga aqu\u00ed la gu\u00eda del usuario del protocolo de bus CAN.<\/a><\/strong><\/span><\/p>\n<h3><\/h3>\n<p><img loading=\"lazy\" decoding=\"async\" class=\"wp-image-16104 alignleft\" src=\"https:\/\/praxas.com\/wp-content\/uploads\/youtube-image-pp-tablet-v2-300x300.png\" alt=\"Canal Youtube de la Universidad PanelPilotACE\" width=\"346\" height=\"346\" srcset=\"https:\/\/praxas.com\/wp-content\/uploads\/youtube-image-pp-tablet-v2-300x300.png 300w, https:\/\/praxas.com\/wp-content\/uploads\/youtube-image-pp-tablet-v2-150x150.png 150w, https:\/\/praxas.com\/wp-content\/uploads\/youtube-image-pp-tablet-v2-120x120.png 120w, https:\/\/praxas.com\/wp-content\/uploads\/youtube-image-pp-tablet-v2-100x100.png 100w, https:\/\/praxas.com\/wp-content\/uploads\/youtube-image-pp-tablet-v2-350x350.png 350w, https:\/\/praxas.com\/wp-content\/uploads\/youtube-image-pp-tablet-v2.png 400w\" sizes=\"auto, (max-width: 346px) 100vw, 346px\" \/><\/p>\n<h2><span style=\"color: #009ee0;\">Videotutoriales<\/span><\/h2>\n<p>\u00bfEs tu primer PanelPilotACE? Haz clic en <strong><a href=\"https:\/\/www.youtube.com\/watch?v=5VqRoIJtgVc&amp;list=PLKSUxzXJy0JKrWoW4x4m3h3bRdwfe2fxY\" target=\"_blank\" rel=\"noopener\">aqu\u00ed<\/a><\/strong> para ver nuestros v\u00eddeos tutoriales para Usuarios B\u00e1sicos. Te ense\u00f1ar\u00e1n a crear botones, medidores de dial y medidores de grupo.<\/p>\n<p>\u00bfUsuario experimentado de PanelPilotACE? <strong><a href=\"https:\/\/www.youtube.com\/watch?v=EcnayNJ-OpI&amp;list=PLKSUxzXJy0JJDe0t7q3GUiRRiwmxzaRYd\" target=\"_blank\" rel=\"noopener\">Visita<\/a><\/strong> nuestros v\u00eddeos tutoriales para usuarios avanzados para ver qu\u00e9 m\u00e1s puedes sacar de tu panel de visualizaci\u00f3n. Aprender\u00e1s todo sobre salidas de alarma, relojes digitales, sentencias l\u00f3gicas, variables, disparadores, acciones, <strong><a href=\"https:\/\/www.youtube.com\/watch?v=o_bLLKkohy8&amp;t=44s\" target=\"_blank\" rel=\"noopener\">registro y gr\u00e1ficos de tendencias<\/a><\/strong>, <strong><a href=\"https:\/\/www.youtube.com\/watch?v=i7xCh3sso3Y&amp;t=1s\" target=\"_blank\" rel=\"noopener\">Control PID<\/a><\/strong>, <strong><a href=\"https:\/\/www.youtube.com\/watch?v=71Qvi5GQ_yc\" target=\"_blank\" rel=\"noopener\">disparador de propiedades vs temporizador<\/a><\/strong>, <strong><a href=\"https:\/\/www.youtube.com\/watch?v=105lSsgkXj4&amp;t=4s\" target=\"_blank\" rel=\"noopener\">ethernet<\/a><\/strong>, <strong><a href=\"https:\/\/www.youtube.com\/watch?v=UHsCFVZUSvg&amp;t=5s\" target=\"_blank\" rel=\"noopener\">RS485<\/a><\/strong> y <strong><a href=\"https:\/\/www.youtube.com\/watch?v=75tkFOs3Crg&amp;t=3s\" target=\"_blank\" rel=\"noopener\">MODBUS.<\/a><\/strong><\/p>\n<p>Si quieres una explicaci\u00f3n m\u00e1s detallada de MODBUS, haz clic <strong><a href=\"\/wp-content\/uploads\/modbus-explained.pdf\" target=\"_blank\" rel=\"noopener\">aqu\u00ed.<\/a><\/strong><\/p>\n<h3><\/h3>\n<p>&nbsp;<\/p>\n<p>&nbsp;<\/p>\n<p><img loading=\"lazy\" decoding=\"async\" class=\"wp-image-16106 alignright\" src=\"https:\/\/praxas.com\/wp-content\/uploads\/optronix-social-post-300x157.png\" alt=\"PanelPilot ACE \" width=\"420\" height=\"220\" srcset=\"https:\/\/praxas.com\/wp-content\/uploads\/optronix-social-post-300x157.png 300w, https:\/\/praxas.com\/wp-content\/uploads\/optronix-social-post-768x402.png 768w, https:\/\/praxas.com\/wp-content\/uploads\/optronix-social-post-120x63.png 120w, https:\/\/praxas.com\/wp-content\/uploads\/optronix-social-post-990x518.png 990w, https:\/\/praxas.com\/wp-content\/uploads\/optronix-social-post-441x231.png 441w, https:\/\/praxas.com\/wp-content\/uploads\/optronix-social-post-350x183.png 350w, https:\/\/praxas.com\/wp-content\/uploads\/optronix-social-post-800x418.png 800w, https:\/\/praxas.com\/wp-content\/uploads\/optronix-social-post-150x78.png 150w, https:\/\/praxas.com\/wp-content\/uploads\/optronix-social-post.png 1000w\" sizes=\"auto, (max-width: 420px) 100vw, 420px\" \/><\/p>\n<h2><span style=\"color: #009ee0;\">Deja que Lascar haga el trabajo por ti<\/span><\/h2>\n<p>Nuestra plataforma de software PanelPilotACE permite a los usuarios reducir dr\u00e1sticamente el tiempo de dise\u00f1o de las aplicaciones de visualizaci\u00f3n al eliminar la necesidad de c\u00f3digo complejo. Pero si est\u00e1s realmente presionado para terminar un dise\u00f1o, \u00bfpor qu\u00e9 no hacer uso del Servicio de Dise\u00f1o Personalizado de Lascar para que PanelPilotACE te proporcione tu soluci\u00f3n? Facil\u00edtanos una descripci\u00f3n de tus requisitos de exposici\u00f3n y podremos completar el dise\u00f1o por ti.<\/p>\n<p><a class=\"button button-orange\" href=\"https:\/\/lascarelectronics.com\/contact-us\/\" target=\"_blank\" rel=\"noopener\">CONTACTA CON LASCAR<\/a><\/p>\n<p>&nbsp;<\/p>\n<h2 style=\"text-align: center;\"><span style=\"color: #009ee0;\">Fichas t\u00e9cnicas<\/span><\/h2>\n<p style=\"text-align: center;\"><a class=\"button button-orange\" href=\"\/wp-content\/uploads\/panelpilot-panel-instrument-sgd-43-a_iss9_07-19.pdf\" target=\"_blank\" rel=\"noopener\">SGD 43-A<\/a> <a class=\"button button-orange\" href=\"\/wp-content\/uploads\/panelpilot-panel-instrument-sgd-70-a_iss7_10-18.pdf\" target=\"_blank\" rel=\"noopener\">SGD 70-A<\/a> <a class=\"button button-orange\" href=\"\/wp-content\/uploads\/panelpilot-panel-instruments-development-kits-1.pdf\" target=\"_blank\" rel=\"noopener\">Kits de desarrollo<\/a><\/p>\n<p>&nbsp;<\/p>\n<p><img loading=\"lazy\" decoding=\"async\" class=\"wp-image-16119 alignleft\" src=\"https:\/\/praxas.com\/wp-content\/uploads\/ppauni_3d_mock-up.png\" alt=\"Pantalla de bloqueo PanelPilot ACE\" width=\"392\" height=\"215\" srcset=\"https:\/\/praxas.com\/wp-content\/uploads\/ppauni_3d_mock-up.png 201w, https:\/\/praxas.com\/wp-content\/uploads\/ppauni_3d_mock-up-120x66.png 120w, https:\/\/praxas.com\/wp-content\/uploads\/ppauni_3d_mock-up-150x82.png 150w\" sizes=\"auto, (max-width: 392px) 100vw, 392px\" \/><\/p>\n<h3><span style=\"color: #009ee0;\">Plantillas de proyectos<\/span><\/h3>\n<p>\u00bfQuieres crear una pantalla de bloqueo en tu panel de visualizaci\u00f3n para que sea segura en el lugar de trabajo? Accede a la secci\u00f3n de registro de datos de tu PanelPilotACE y crea gr\u00e1ficos de tendencias? \u00bfO tal vez quieres que el panel muestre diferentes colores seg\u00fan el estado de la alarma? Utiliza nuestras <a href=\"https:\/\/praxas.com\/es\/panelpilotace-universidad\/plantillas-de-proyectos\/\" target=\"_blank\" rel=\"noopener\"><strong>plantillas GRATUITAS<\/strong><\/a> para ayudarte a sacar el m\u00e1ximo partido a tu PanelPilotACE.<\/p>\n<h3><span style=\"color: #009ee0;\">Gr\u00e1ficos, iconos y s\u00edmbolos<\/span><\/h3>\n<p>Descargar predise\u00f1ados <a href=\"\/wp-content\/uploads\/PanelPilotACEicons.zip\" target=\"_blank\" rel=\"noopener\"><strong>Iconos y s\u00edmbolos<\/strong><\/a> y <a href=\"\/wp-content\/uploads\/LibraryElementsforPPADSV2.zip\"><strong>Elementos gr\u00e1ficos<\/strong><\/a> para cualquier proyecto de Design Studio sin restricciones comerciales.<\/p>\n<p>Estos ZIP contienen archivos PNG GRATUITOS. Descarga tu archivo ZIP correspondiente, extr\u00e1elo y arrastra y suelta las im\u00e1genes en tus proyectos para utilizarlas.<\/p>\n<h3><\/h3>\n<h3><span style=\"color: #009ee0;\">Gu\u00edas del usuario de PanelPilotACE<\/span><\/h3>\n<p><img loading=\"lazy\" decoding=\"async\" class=\"size-full wp-image-16128 alignright\" src=\"https:\/\/praxas.com\/wp-content\/uploads\/can-bus-element-user-guide_iss2_10-19-1-1.png\" alt=\"Gu\u00eda del usuario de PanelPilotACE\" width=\"200\" height=\"295\" srcset=\"https:\/\/praxas.com\/wp-content\/uploads\/can-bus-element-user-guide_iss2_10-19-1-1.png 200w, https:\/\/praxas.com\/wp-content\/uploads\/can-bus-element-user-guide_iss2_10-19-1-1-81x120.png 81w, https:\/\/praxas.com\/wp-content\/uploads\/can-bus-element-user-guide_iss2_10-19-1-1-150x221.png 150w\" sizes=\"auto, (max-width: 200px) 100vw, 200px\" \/>Tanto si est\u00e1s empezando como si ya has creado tu primera aplicaci\u00f3n PanelPilotACE, descarga las Gu\u00edas del usuario de PanelPilotACE para obtener toda la informaci\u00f3n que necesitas saber sobre PanelPilotACE Design Studio.<\/p>\n<p><a href=\"\/wp-content\/uploads\/can-bus-element-user-guide_iss2_10-19-1.pdf\" target=\"_blank\" rel=\"noopener\">Gu\u00eda del usuario del protocolo bus CAN<\/a><\/p>\n<p><a href=\"\/wp-content\/uploads\/ppa-design-studio_graphics-guide_iss1_07-20.pdf\" target=\"_blank\" rel=\"noopener\">Gu\u00eda gr\u00e1fica del Estudio de Dise\u00f1o<\/a><\/p>\n<p>&nbsp;<\/p>\n<h2><span style=\"color: #009ee0;\">Ayuda<\/span><\/h2>\n<p>Para obtener m\u00e1s ayuda sobre PanelPilotACE, visita nuestro <strong><a href=\"https:\/\/praxas.com\/es\/ayuda\/\" target=\"_blank\" rel=\"noopener\">soporte<\/a><\/strong> donde encontrar\u00e1s algunas preguntas frecuentes.<\/p>\n<\/div>\n","protected":false},"excerpt":{"rendered":"<p>&nbsp; Tanto si ya has elegido el PanelPilotACE para tu pr\u00f3ximo proyecto de pantalla, hayas utilizado antes su paquete de software o a\u00fan est\u00e9s evaluando su potencial de desarrollo, la Universidad PanelPilotACE es tu ventanilla \u00fanica para todas las herramientas necesarias para convertir tu dise\u00f1o conceptual de pantalla en una aplicaci\u00f3n totalmente funcional. &nbsp; PanelPilotACE [&hellip;]<\/p>\n","protected":false},"author":5,"featured_media":0,"parent":0,"menu_order":0,"comment_status":"closed","ping_status":"closed","template":"template-fullwidth.php","meta":{"_acf_changed":false,"content-type":"","_uag_custom_page_level_css":"","footnotes":""},"class_list":["post-33167","page","type-page","status-publish","hentry"],"acf":[],"spectra_custom_meta":{"hero_image":[""],"_hero_image":["field_64f1a7da7af44"],"_hero_h1":["field_64f19e1edd052"],"_hero_h2":["field_64f19e2ddd053"],"_hero_text":["field_64f19e42dd054"],"_hero_button_text":["field_64f19e4edd055"],"_hero_button_link":["field_64f19e5ddd056"],"_top_nav_excluded":[""],"_cms_nav_minihome":[""],"_wp_page_template":["template-fullwidth.php"],"_last_translation_edit_mode":["native-editor"],"rank_math_title":["PanelPilotACE Universidad | Desarrollo de pantallas HMI | Praxas"],"rank_math_description":["La Universidad PanelPilotACE es tu ventanilla \u00fanica para todas las herramientas necesarias para convertir tu dise\u00f1o conceptual de pantalla en una App totalmente funcional. M\u00e1s informaci\u00f3n"],"rank_math_og_content_image":["a:2:{s:5:\"check\";s:32:\"89af1b2325d85853953f400cf6965640\";s:6:\"images\";a:1:{i:0;i:16104;}}"],"_edit_lock":["1765816238:8383"],"classic-editor-remember":["classic-editor"],"rank_math_seo_score":["31"],"_edit_last":["8383"],"hero_h1":[""],"hero_h2":[""],"hero_text":[""],"hero_button_text":[""],"hero_button_link":[""],"_wpml_media_duplicate":["1"],"_wpml_media_featured":["1"],"rank_math_contentai_score":["a:5:{s:8:\"keywords\";s:5:\"74.51\";s:9:\"wordCount\";s:1:\"0\";s:9:\"linkCount\";s:1:\"0\";s:12:\"headingCount\";s:1:\"0\";s:10:\"mediaCount\";s:1:\"0\";}"],"rank_math_rich_snippet":["off"],"rank_math_robots":["a:1:{i:0;s:7:\"noindex\";}"],"rank_math_analytic_object_id":["1392"],"_wpml_word_count":["781"],"_uag_page_assets":["a:9:{s:3:\"css\";s:0:\"\";s:2:\"js\";s:0:\"\";s:18:\"current_block_list\";a:0:{}s:8:\"uag_flag\";b:0;s:11:\"uag_version\";s:10:\"1776092303\";s:6:\"gfonts\";a:0:{}s:10:\"gfonts_url\";s:0:\"\";s:12:\"gfonts_files\";a:0:{}s:14:\"uag_faq_layout\";b:0;}"]},"uagb_featured_image_src":{"full":false,"thumbnail":false,"medium":false,"medium_large":false,"large":false,"1536x1536":false,"2048x2048":false,"crunchify-admin-post-featured-image":false,"commercegurus-pdp-large":false,"commercegurus-plp-mobile":false,"cgkit_image_swatch":false,"woocommerce_thumbnail":false,"woocommerce_single":false,"woocommerce_gallery_thumbnail":false},"uagb_author_info":{"display_name":"Ellen Potter","author_link":"https:\/\/praxas.com\/es\/author\/ellen\/"},"uagb_comment_info":0,"uagb_excerpt":"&nbsp; Tanto si ya has elegido el PanelPilotACE para tu pr\u00f3ximo proyecto de pantalla, hayas utilizado antes su paquete de software o a\u00fan est\u00e9s evaluando su potencial de desarrollo, la Universidad PanelPilotACE es tu ventanilla \u00fanica para todas las herramientas necesarias para convertir tu dise\u00f1o conceptual de pantalla en una aplicaci\u00f3n totalmente funcional. &nbsp; PanelPilotACE&hellip;","_links":{"self":[{"href":"https:\/\/praxas.com\/es\/wp-json\/wp\/v2\/pages\/33167","targetHints":{"allow":["GET"]}}],"collection":[{"href":"https:\/\/praxas.com\/es\/wp-json\/wp\/v2\/pages"}],"about":[{"href":"https:\/\/praxas.com\/es\/wp-json\/wp\/v2\/types\/page"}],"author":[{"embeddable":true,"href":"https:\/\/praxas.com\/es\/wp-json\/wp\/v2\/users\/5"}],"replies":[{"embeddable":true,"href":"https:\/\/praxas.com\/es\/wp-json\/wp\/v2\/comments?post=33167"}],"version-history":[{"count":10,"href":"https:\/\/praxas.com\/es\/wp-json\/wp\/v2\/pages\/33167\/revisions"}],"predecessor-version":[{"id":38403,"href":"https:\/\/praxas.com\/es\/wp-json\/wp\/v2\/pages\/33167\/revisions\/38403"}],"wp:attachment":[{"href":"https:\/\/praxas.com\/es\/wp-json\/wp\/v2\/media?parent=33167"}],"curies":[{"name":"wp","href":"https:\/\/api.w.org\/{rel}","templated":true}]}}