{"id":44007,"date":"2024-12-18T11:18:12","date_gmt":"2024-12-18T11:18:12","guid":{"rendered":"https:\/\/praxas.com\/soporte-logtag\/sustitucion-de-la-pila-logtag\/"},"modified":"2025-06-20T10:36:33","modified_gmt":"2025-06-20T10:36:33","slug":"sustitucion-de-la-pila-logtag","status":"publish","type":"page","link":"https:\/\/praxas.com\/es\/soporte-logtag\/sustitucion-de-la-pila-logtag\/","title":{"rendered":"Sustituci\u00f3n de la pila LogTag"},"content":{"rendered":"<div class=\"accordion\"><\/div>\n<p><\/span><strong><br \/>\n<\/strong><br \/>\n[accordion_section]<span class=\"ui-provider ee beg beh bei bej bek bel bem ben beo bep beq ber bes bet beu bev bew bex bey bez bfa bfb bfc bfd bfe bff bfg bfh bfi bfj bfk bfl bfm bfn\" dir=\"ltr\">Para obtener una lista de los productos LogTag y las especificaciones de cada una de sus pilas, consulta la <span style=\"color: #3366ff;\"><strong><a style=\"color: #3366ff;\" href=\"https:\/\/praxas.com\/wp-content\/uploads\/Battery-Specifications-Table.pdf\">tabla de especificaciones de las pilas<\/a><\/strong><\/span> aqu\u00ed.<\/span><br \/>\n[\/accordion_section]<br \/>\n[\/accordion_header]<\/p>\n<p><span class=\"ui-provider ee beg beh bei bej bek bel bem ben beo bep beq ber bes bet beu bev bew bex bey bez bfa bfb bfc bfd bfe bff bfg bfh bfi bfj bfk bfl bfm bfn\" dir=\"ltr\"><\/p>\n<div class=\"accordion\">\n<h2 class=\"accordion-header\"><\/span><br \/>\n<span class=\"ui-provider ee beg beh bei bej bek bel bem ben beo bep beq ber bes bet beu bev bew bex bey bez bfa bfb bfc bfd bfe bff bfg bfh bfi bfj bfk bfl bfm bfn\" dir=\"ltr\"> <\/span><strong>\u00bfC\u00f3mo cambio las pilas AAA?<\/strong><br \/>\n<i class=\"fas fa-chevron-circle-down\"><\/i><\/h2>\n<div class=\"accordion-content\">\n<ol>\n<li>Quita el tornillo de la tapa del compartimento trasero.<\/li>\n<\/ol>\n<p><img decoding=\"async\" class=\"alignnone size-full wp-image-43982\" src=\"https:\/\/praxas.com\/wp-content\/uploads\/Rear_case.png\" alt=\"Sustituci\u00f3n de la pila Gu\u00eda LogTag 2\" width=\"125\" height=\"136.5\" srcset=\"https:\/\/praxas.com\/wp-content\/uploads\/Rear_case.png 250w, https:\/\/praxas.com\/wp-content\/uploads\/Rear_case-110x120.png 110w, https:\/\/praxas.com\/wp-content\/uploads\/Rear_case-150x164.png 150w\" sizes=\"(max-width: 250px) 100vw, 250px\" \/><\/p>\n<p>2. Quita las pilas existentes<\/p>\n<p><img loading=\"lazy\" decoding=\"async\" class=\"alignnone size-medium wp-image-43988\" src=\"https:\/\/praxas.com\/wp-content\/uploads\/Rear_case_old_batteries-282x300.png\" alt=\"Sustituci\u00f3n de la pila Gu\u00eda LogTag 3\" width=\"141\" height=\"150\" srcset=\"https:\/\/praxas.com\/wp-content\/uploads\/Rear_case_old_batteries-282x300.png 282w, https:\/\/praxas.com\/wp-content\/uploads\/Rear_case_old_batteries-961x1024.png 961w, https:\/\/praxas.com\/wp-content\/uploads\/Rear_case_old_batteries-768x818.png 768w, https:\/\/praxas.com\/wp-content\/uploads\/Rear_case_old_batteries-113x120.png 113w, https:\/\/praxas.com\/wp-content\/uploads\/Rear_case_old_batteries-990x1055.png 990w, https:\/\/praxas.com\/wp-content\/uploads\/Rear_case_old_batteries-441x470.png 441w, https:\/\/praxas.com\/wp-content\/uploads\/Rear_case_old_batteries-350x373.png 350w, https:\/\/praxas.com\/wp-content\/uploads\/Rear_case_old_batteries-800x852.png 800w, https:\/\/praxas.com\/wp-content\/uploads\/Rear_case_old_batteries-150x160.png 150w, https:\/\/praxas.com\/wp-content\/uploads\/Rear_case_old_batteries.png 1058w\" sizes=\"auto, (max-width: 141px) 100vw, 141px\" \/><\/p>\n<p>3. Cuando utilices pilas diferentes a las que recomendamos, puede que tengas que doblar ligeramente hacia dentro las dos leng\u00fcetas met\u00e1licas, marcadas m\u00e1s abajo, con una herramienta blanda, para asegurar un buen contacto con los bornes de la pila.<\/p>\n<p><img loading=\"lazy\" decoding=\"async\" class=\"alignnone size-medium wp-image-43976\" src=\"https:\/\/praxas.com\/wp-content\/uploads\/Battery_Tabs-300x240.png\" alt=\"Sustituci\u00f3n de la pila Gu\u00eda LogTag 1\" width=\"150\" height=\"120\" srcset=\"https:\/\/praxas.com\/wp-content\/uploads\/Battery_Tabs-300x240.png 300w, https:\/\/praxas.com\/wp-content\/uploads\/Battery_Tabs-1024x819.png 1024w, https:\/\/praxas.com\/wp-content\/uploads\/Battery_Tabs-768x614.png 768w, https:\/\/praxas.com\/wp-content\/uploads\/Battery_Tabs-1536x1229.png 1536w, https:\/\/praxas.com\/wp-content\/uploads\/Battery_Tabs-2048x1639.png 2048w, https:\/\/praxas.com\/wp-content\/uploads\/Battery_Tabs-120x96.png 120w, https:\/\/praxas.com\/wp-content\/uploads\/Battery_Tabs-990x792.png 990w, https:\/\/praxas.com\/wp-content\/uploads\/Battery_Tabs-441x353.png 441w, https:\/\/praxas.com\/wp-content\/uploads\/Battery_Tabs-350x280.png 350w, https:\/\/praxas.com\/wp-content\/uploads\/Battery_Tabs-800x640.png 800w, https:\/\/praxas.com\/wp-content\/uploads\/Battery_Tabs-150x120.png 150w\" sizes=\"auto, (max-width: 150px) 100vw, 150px\" \/><\/p>\n<p>4. Inserta las pilas AAA nuevas en la orientaci\u00f3n correcta, como se muestra. La polaridad est\u00e1 marcada en el interior del compartimento de las pilas.<br \/>\nRecomendamos pilas Energizer Ultimate de alta calidad, ya que tienen una qu\u00edmica especial de larga duraci\u00f3n. <\/p>\n<p><img loading=\"lazy\" decoding=\"async\" class=\"alignnone size-full wp-image-43994\" src=\"https:\/\/praxas.com\/wp-content\/uploads\/Rear_case_with_batteries.png\" alt=\"Sustituci\u00f3n de la pila Gu\u00eda LogTag 4\" width=\"125\" height=\"134\" srcset=\"https:\/\/praxas.com\/wp-content\/uploads\/Rear_case_with_batteries.png 250w, https:\/\/praxas.com\/wp-content\/uploads\/Rear_case_with_batteries-112x120.png 112w, https:\/\/praxas.com\/wp-content\/uploads\/Rear_case_with_batteries-150x161.png 150w\" sizes=\"auto, (max-width: 125px) 100vw, 125px\" \/><\/p>\n<p>El compartimento de las pilas es un buen lugar para guardar las tapas sobrantes de los z\u00f3calos de los sensores. Puedes retirarlas ahora por cada canal que quieras utilizar y a\u00f1adirlas al compartimento antes de cerrarlo. <\/p>\n<p>5. Vuelve a colocar la tapa trasera y el tornillo.<\/p>\n<p><img decoding=\"async\" class=\"alignnone size-full wp-image-43982\" src=\"https:\/\/praxas.com\/wp-content\/uploads\/Rear_case.png\" alt=\"Sustituci\u00f3n de la pila Gu\u00eda LogTag 2\" width=\"125\" height=\"136.5\" srcset=\"https:\/\/praxas.com\/wp-content\/uploads\/Rear_case.png 250w, https:\/\/praxas.com\/wp-content\/uploads\/Rear_case-110x120.png 110w, https:\/\/praxas.com\/wp-content\/uploads\/Rear_case-150x164.png 150w\" sizes=\"(max-width: 250px) 100vw, 250px\" \/><\/p>\n<p>6. Como \u00faltimo paso, pulsa cualquier bot\u00f3n de la parte frontal para encender la pantalla.<\/p><\/div>\n<\/div>\n<p><span class=\"ui-provider ee beg beh bei bej bek bel bem ben beo bep beq ber bes bet beu bev bew bex bey bez bfa bfb bfc bfd bfe bff bfg bfh bfi bfj bfk bfl bfm bfn\" dir=\"ltr\"><\/p>\n<div class=\"accordion\">\n<h2 class=\"accordion-header\"><\/span><br \/>\n<span class=\"ui-provider ee beg beh bei bej bek bel bem ben beo bep beq ber bes bet beu bev bew bex bey bez bfa bfb bfc bfd bfe bff bfg bfh bfi bfj bfk bfl bfm bfn\" dir=\"ltr\"> <\/span><strong>\u00bfC\u00f3mo cambio las pilas CR2032?<\/strong><br \/>\n<i class=\"fas fa-chevron-circle-down\"><\/i><\/h2>\n<div class=\"accordion-content\">Puedes encontrar una gu\u00eda para cambiar las pilas CR2032 <a href=\"https:\/\/praxas.com\/wp-content\/uploads\/TRID30-7R_TRED30-7R_Battery_replacement-1.pdf\"><span style=\"color: #3366ff;\"><strong>aqu\u00ed<\/strong><\/span><\/a>.<\/div>\n<\/div>\n<p><span class=\"ui-provider ee beg beh bei bej bek bel bem ben beo bep beq ber bes bet beu bev bew bex bey bez bfa bfb bfc bfd bfe bff bfg bfh bfi bfj bfk bfl bfm bfn\" dir=\"ltr\"><\/p>\n<div class=\"accordion\">\n<h2 class=\"accordion-header\"><\/span><br \/>\n<span class=\"ui-provider ee beg beh bei bej bek bel bem ben beo bep beq ber bes bet beu bev bew bex bey bez bfa bfb bfc bfd bfe bff bfg bfh bfi bfj bfk bfl bfm bfn\" dir=\"ltr\"> <\/span><strong>\u00bfPuedo oporar un registrador con la bater\u00eda descargada?<\/strong><br \/>\n<i class=\"fas fa-chevron-circle-down\"><\/i><\/h2>\n<div class=\"accordion-content\">Si utilizas un registrador con la bater\u00eda descargada, corres el riesgo de que el registrador sufra da\u00f1os en la memoria, lo que puede provocar una p\u00e9rdida de datos.<\/div>\n<\/div>\n","protected":false},"excerpt":{"rendered":"<p>[accordion_section]Para obtener una lista de los productos LogTag y las especificaciones de cada una de sus pilas, consulta la tabla de especificaciones de las pilas aqu\u00ed. [\/accordion_section] [\/accordion_header]<\/p>\n","protected":false},"author":8383,"featured_media":0,"parent":43953,"menu_order":0,"comment_status":"closed","ping_status":"closed","template":"","meta":{"_acf_changed":false,"content-type":"","_uag_custom_page_level_css":"","footnotes":""},"class_list":["post-44007","page","type-page","status-publish","hentry"],"acf":[],"spectra_custom_meta":{"hero_image":[""],"_hero_image":["field_64f1a7da7af44"],"_hero_h1":["field_64f19e1edd052"],"_hero_h2":["field_64f19e2ddd053"],"_hero_text":["field_64f19e42dd054"],"_hero_button_text":["field_64f19e4edd055"],"_hero_button_link":["field_64f19e5ddd056"],"_top_nav_excluded":[""],"_cms_nav_minihome":[""],"_wp_page_template":["default"],"_last_translation_edit_mode":["translation-editor"],"rank_math_og_content_image":["a:2:{s:5:\"check\";s:32:\"a3b622db44d03b64bf9f0011a81f863c\";s:6:\"images\";a:1:{i:0;i:43982;}}"],"_edit_lock":["1734622762:8383"],"classic-editor-remember":["classic-editor"],"rank_math_seo_score":["22"],"rank_math_contentai_score":["a:5:{s:8:\"keywords\";s:5:\"74.51\";s:9:\"wordCount\";s:1:\"0\";s:9:\"linkCount\";s:1:\"0\";s:12:\"headingCount\";s:1:\"0\";s:10:\"mediaCount\";s:1:\"0\";}"],"_edit_last":["8383"],"hero_h1":[""],"hero_h2":[""],"hero_text":[""],"hero_button_text":[""],"hero_button_link":[""],"rank_math_analytic_object_id":["853"],"_wpml_media_duplicate":["1"],"_wpml_media_featured":["1"],"_wpml_word_count":["257"],"_uag_page_assets":["a:9:{s:3:\"css\";s:0:\"\";s:2:\"js\";s:0:\"\";s:18:\"current_block_list\";a:0:{}s:8:\"uag_flag\";b:0;s:11:\"uag_version\";s:10:\"1775742760\";s:6:\"gfonts\";a:0:{}s:10:\"gfonts_url\";s:0:\"\";s:12:\"gfonts_files\";a:0:{}s:14:\"uag_faq_layout\";b:0;}"]},"uagb_featured_image_src":{"full":false,"thumbnail":false,"medium":false,"medium_large":false,"large":false,"1536x1536":false,"2048x2048":false,"crunchify-admin-post-featured-image":false,"commercegurus-pdp-large":false,"commercegurus-plp-mobile":false,"cgkit_image_swatch":false,"woocommerce_thumbnail":false,"woocommerce_single":false,"woocommerce_gallery_thumbnail":false},"uagb_author_info":{"display_name":"Alex James","author_link":"https:\/\/praxas.com\/es\/author\/alex\/"},"uagb_comment_info":0,"uagb_excerpt":"[accordion_section]Para obtener una lista de los productos LogTag y las especificaciones de cada una de sus pilas, consulta la tabla de especificaciones de las pilas aqu\u00ed. [\/accordion_section] [\/accordion_header]","_links":{"self":[{"href":"https:\/\/praxas.com\/es\/wp-json\/wp\/v2\/pages\/44007","targetHints":{"allow":["GET"]}}],"collection":[{"href":"https:\/\/praxas.com\/es\/wp-json\/wp\/v2\/pages"}],"about":[{"href":"https:\/\/praxas.com\/es\/wp-json\/wp\/v2\/types\/page"}],"author":[{"embeddable":true,"href":"https:\/\/praxas.com\/es\/wp-json\/wp\/v2\/users\/8383"}],"replies":[{"embeddable":true,"href":"https:\/\/praxas.com\/es\/wp-json\/wp\/v2\/comments?post=44007"}],"version-history":[{"count":7,"href":"https:\/\/praxas.com\/es\/wp-json\/wp\/v2\/pages\/44007\/revisions"}],"predecessor-version":[{"id":49998,"href":"https:\/\/praxas.com\/es\/wp-json\/wp\/v2\/pages\/44007\/revisions\/49998"}],"up":[{"embeddable":true,"href":"https:\/\/praxas.com\/es\/wp-json\/wp\/v2\/pages\/43953"}],"wp:attachment":[{"href":"https:\/\/praxas.com\/es\/wp-json\/wp\/v2\/media?parent=44007"}],"curies":[{"name":"wp","href":"https:\/\/api.w.org\/{rel}","templated":true}]}}