{"id":44047,"date":"2024-12-18T11:38:58","date_gmt":"2024-12-18T11:38:58","guid":{"rendered":"https:\/\/praxas.com\/soporte-logtag\/logtag-utred30\/"},"modified":"2025-06-20T10:36:16","modified_gmt":"2025-06-20T10:36:16","slug":"logtag-utred30","status":"publish","type":"page","link":"https:\/\/praxas.com\/es\/soporte-logtag\/logtag-utred30\/","title":{"rendered":"Soporte LogTag UTRED30"},"content":{"rendered":"<p>Actualmente, cuando una unidad UTRED30-WiFi, UTRED30-16, UTREL30-WiFi o UTREL30-16 dispara una alarma, se activan tanto el zumbador como el LED. Sin embargo, dejan de hacerlo en cuanto la temperatura medida vuelve al rango aceptable. El comportamiento previsto es que el zumbador y el LED permanezcan activos hasta que se borre manualmente la alarma.  <\/p>\n<p>Ten en cuenta que los marcadores de cruz y d\u00eda de la pantalla LCD, as\u00ed como el procesamiento de alarmas a trav\u00e9s de LogTag Online, funcionan como se espera.<\/p>\n<p>Actualmente no hay ninguna soluci\u00f3n para este problema.<\/p>\n<p style=\"text-align: left;\">LogTag lanzar\u00e1 una actualizaci\u00f3n de firmware para solucionar este problema.<\/p>\n","protected":false},"excerpt":{"rendered":"<p>Actualmente, cuando una unidad UTRED30-WiFi, UTRED30-16, UTREL30-WiFi o UTREL30-16 dispara una alarma, se activan tanto el zumbador como el LED. Sin embargo, dejan de hacerlo en cuanto la temperatura medida vuelve al rango aceptable. El comportamiento previsto es que el zumbador y el LED permanezcan activos hasta que se borre manualmente la alarma. Ten en [&hellip;]<\/p>\n","protected":false},"author":8383,"featured_media":0,"parent":43953,"menu_order":0,"comment_status":"closed","ping_status":"closed","template":"","meta":{"_acf_changed":false,"content-type":"","_uag_custom_page_level_css":"","footnotes":""},"class_list":["post-44047","page","type-page","status-publish","hentry"],"acf":[],"spectra_custom_meta":{"hero_image":[""],"_hero_image":["field_64f1a7da7af44"],"_hero_h1":["field_64f19e1edd052"],"_hero_h2":["field_64f19e2ddd053"],"_hero_text":["field_64f19e42dd054"],"_hero_button_text":["field_64f19e4edd055"],"_hero_button_link":["field_64f19e5ddd056"],"_top_nav_excluded":[""],"_cms_nav_minihome":[""],"_wp_page_template":["default"],"_last_translation_edit_mode":["translation-editor"],"_wpml_word_count":["111"],"rank_math_description":["Inf\u00f3rmate sobre el problema de las alarmas UTRED30 y UTREL30 y sobre la actualizaci\u00f3n del firmware para mantener el zumbador y el LED activos hasta que se borren manualmente."],"_uag_page_assets":["a:9:{s:3:\"css\";s:0:\"\";s:2:\"js\";s:0:\"\";s:18:\"current_block_list\";a:0:{}s:8:\"uag_flag\";b:0;s:11:\"uag_version\";s:10:\"1775742760\";s:6:\"gfonts\";a:0:{}s:10:\"gfonts_url\";s:0:\"\";s:12:\"gfonts_files\";a:0:{}s:14:\"uag_faq_layout\";b:0;}"]},"uagb_featured_image_src":{"full":false,"thumbnail":false,"medium":false,"medium_large":false,"large":false,"1536x1536":false,"2048x2048":false,"crunchify-admin-post-featured-image":false,"commercegurus-pdp-large":false,"commercegurus-plp-mobile":false,"cgkit_image_swatch":false,"woocommerce_thumbnail":false,"woocommerce_single":false,"woocommerce_gallery_thumbnail":false},"uagb_author_info":{"display_name":"Alex James","author_link":"https:\/\/praxas.com\/es\/author\/alex\/"},"uagb_comment_info":0,"uagb_excerpt":"Actualmente, cuando una unidad UTRED30-WiFi, UTRED30-16, UTREL30-WiFi o UTREL30-16 dispara una alarma, se activan tanto el zumbador como el LED. Sin embargo, dejan de hacerlo en cuanto la temperatura medida vuelve al rango aceptable. El comportamiento previsto es que el zumbador y el LED permanezcan activos hasta que se borre manualmente la alarma. Ten en&hellip;","_links":{"self":[{"href":"https:\/\/praxas.com\/es\/wp-json\/wp\/v2\/pages\/44047","targetHints":{"allow":["GET"]}}],"collection":[{"href":"https:\/\/praxas.com\/es\/wp-json\/wp\/v2\/pages"}],"about":[{"href":"https:\/\/praxas.com\/es\/wp-json\/wp\/v2\/types\/page"}],"author":[{"embeddable":true,"href":"https:\/\/praxas.com\/es\/wp-json\/wp\/v2\/users\/8383"}],"replies":[{"embeddable":true,"href":"https:\/\/praxas.com\/es\/wp-json\/wp\/v2\/comments?post=44047"}],"version-history":[{"count":2,"href":"https:\/\/praxas.com\/es\/wp-json\/wp\/v2\/pages\/44047\/revisions"}],"predecessor-version":[{"id":46859,"href":"https:\/\/praxas.com\/es\/wp-json\/wp\/v2\/pages\/44047\/revisions\/46859"}],"up":[{"embeddable":true,"href":"https:\/\/praxas.com\/es\/wp-json\/wp\/v2\/pages\/43953"}],"wp:attachment":[{"href":"https:\/\/praxas.com\/es\/wp-json\/wp\/v2\/media?parent=44047"}],"curies":[{"name":"wp","href":"https:\/\/api.w.org\/{rel}","templated":true}]}}