{"id":44077,"date":"2024-12-18T12:15:05","date_gmt":"2024-12-18T12:15:05","guid":{"rendered":"https:\/\/praxas.com\/soporte-logtag\/mensajes-de-error-logtag\/"},"modified":"2025-06-20T10:35:59","modified_gmt":"2025-06-20T10:35:59","slug":"mensajes-de-error-logtag","status":"publish","type":"page","link":"https:\/\/praxas.com\/es\/soporte-logtag\/mensajes-de-error-logtag\/","title":{"rendered":"Mensajes de error LogTag"},"content":{"rendered":"<div class=\"accordion\">\n<h2 class=\"accordion-header\">\u00bfPor qu\u00e9 aparece un mensaje de error en el Analizador LogTag?<br \/>\n<i class=\"fas fa-chevron-circle-down\"><\/i><\/h2>\n<div class=\"accordion-content\">Si ves un mensaje de error, aseg\u00farate de que est\u00e1s utilizando la \u00faltima versi\u00f3n de LogTag Analyzer. Esto resolver\u00e1 a menudo los problemas, incluido el \u201cerror interno de 1 $\u201d, que se produce cuando el software intenta comunicarse con un modelo que tu versi\u00f3n actual no admite. <\/p>\n<p>Puedes actualizar el software yendo a \u201cAyuda\u201d y seleccionando \u201cBuscar actualizaciones en Internet\u201d o visitando la p\u00e1gina web de LogTag para descargar la \u00faltima versi\u00f3n. El software se actualizar\u00e1 autom\u00e1ticamente si utilizas una versi\u00f3n anterior. <\/p>\n<p>Otra causa de los mensajes de error podr\u00eda ser una bater\u00eda baja. Comprueba la duraci\u00f3n de la bater\u00eda para estar seguro.<\/p><\/div>\n<\/div>\n<div class=\"accordion\">\n<h2 class=\"accordion-header\">\u00bfQu\u00e9 hago si aparecen los errores \u00abNo se puede conectar a LogTag&#8230;\u00bb o \u00ab$4:USB.0012345\u00bb?<br \/>\n<i class=\"fas fa-chevron-circle-down\"><\/i><\/h2>\n<div class=\"accordion-content\">Estos errores indican que LogTag Analyzer detect\u00f3 una interfaz y un Logger, pero no pudo establecer la comunicaci\u00f3n. Aqu\u00ed tienes algunos pasos para solucionar el problema: <\/p>\n<p>1.  <strong>Mala conexi\u00f3n entre el Logger y la interfaz:<\/strong> Limpia las almohadillas de contacto del Logger con un pa\u00f1o h\u00famedo o con la goma de borrar de un l\u00e1piz.<br \/>\n2.  <strong>Pasador de contacto atascado en la interfaz:<\/strong> Comprueba las clavijas de la interfaz y aseg\u00farate de que se mueven libremente cuando se aplica presi\u00f3n.<br \/>\n3.  <strong>Problema de alimentaci\u00f3n USB:<\/strong> Conecta la interfaz directamente al ordenador o utiliza un concentrador USB con alimentaci\u00f3n.<br \/>\n4.  <strong>Comunicaci\u00f3n interrumpida:<\/strong> Vuelve a conectar el Logger correctamente y reintenta la acci\u00f3n.<br \/>\n5.  <strong>Puerto USB defectuoso:<\/strong> Prueba a utilizar un puerto USB diferente.<br \/>\n6.  <strong>Bater\u00eda baja:<\/strong> Comprueba si la bater\u00eda del Logger est\u00e1 baja.<br \/>\n7.  <strong>Entorno fr\u00edo:<\/strong> Si el Logger se ha sacado recientemente de un entorno fr\u00edo, espera a que se aclimate.<br \/>\n8.  <strong>Da\u00f1os por agua:<\/strong> Si el Logger ha estado expuesto al agua, puede que deje de comunicarse correctamente.<br \/>\n9.  <strong>Interferencias electromagn\u00e9ticas:<\/strong> Los campos o radiaciones EMC fuertes pueden corromper la memoria interna del Logger.<\/div>\n<\/div>\n","protected":false},"excerpt":{"rendered":"","protected":false},"author":8383,"featured_media":0,"parent":43953,"menu_order":0,"comment_status":"closed","ping_status":"closed","template":"","meta":{"_acf_changed":false,"content-type":"","_uag_custom_page_level_css":"","footnotes":""},"class_list":["post-44077","page","type-page","status-publish","hentry"],"acf":[],"spectra_custom_meta":{"hero_image":[""],"_hero_image":["field_64f1a7da7af44"],"_hero_h1":["field_64f19e1edd052"],"_hero_h2":["field_64f19e2ddd053"],"_hero_text":["field_64f19e42dd054"],"_hero_button_text":["field_64f19e4edd055"],"_hero_button_link":["field_64f19e5ddd056"],"_top_nav_excluded":[""],"_cms_nav_minihome":[""],"_wp_page_template":["default"],"_last_translation_edit_mode":["translation-editor"],"_wpml_word_count":["338"],"_uag_page_assets":["a:9:{s:3:\"css\";s:0:\"\";s:2:\"js\";s:0:\"\";s:18:\"current_block_list\";a:0:{}s:8:\"uag_flag\";b:0;s:11:\"uag_version\";s:10:\"1775742760\";s:6:\"gfonts\";a:0:{}s:10:\"gfonts_url\";s:0:\"\";s:12:\"gfonts_files\";a:0:{}s:14:\"uag_faq_layout\";b:0;}"]},"uagb_featured_image_src":{"full":false,"thumbnail":false,"medium":false,"medium_large":false,"large":false,"1536x1536":false,"2048x2048":false,"crunchify-admin-post-featured-image":false,"commercegurus-pdp-large":false,"commercegurus-plp-mobile":false,"cgkit_image_swatch":false,"woocommerce_thumbnail":false,"woocommerce_single":false,"woocommerce_gallery_thumbnail":false},"uagb_author_info":{"display_name":"Alex James","author_link":"https:\/\/praxas.com\/es\/author\/alex\/"},"uagb_comment_info":0,"uagb_excerpt":null,"_links":{"self":[{"href":"https:\/\/praxas.com\/es\/wp-json\/wp\/v2\/pages\/44077","targetHints":{"allow":["GET"]}}],"collection":[{"href":"https:\/\/praxas.com\/es\/wp-json\/wp\/v2\/pages"}],"about":[{"href":"https:\/\/praxas.com\/es\/wp-json\/wp\/v2\/types\/page"}],"author":[{"embeddable":true,"href":"https:\/\/praxas.com\/es\/wp-json\/wp\/v2\/users\/8383"}],"replies":[{"embeddable":true,"href":"https:\/\/praxas.com\/es\/wp-json\/wp\/v2\/comments?post=44077"}],"version-history":[{"count":1,"href":"https:\/\/praxas.com\/es\/wp-json\/wp\/v2\/pages\/44077\/revisions"}],"predecessor-version":[{"id":49983,"href":"https:\/\/praxas.com\/es\/wp-json\/wp\/v2\/pages\/44077\/revisions\/49983"}],"up":[{"embeddable":true,"href":"https:\/\/praxas.com\/es\/wp-json\/wp\/v2\/pages\/43953"}],"wp:attachment":[{"href":"https:\/\/praxas.com\/es\/wp-json\/wp\/v2\/media?parent=44077"}],"curies":[{"name":"wp","href":"https:\/\/api.w.org\/{rel}","templated":true}]}}