{"id":44329,"date":"2025-01-07T12:21:29","date_gmt":"2025-01-07T12:21:29","guid":{"rendered":"https:\/\/praxas.com\/arctiko\/"},"modified":"2025-07-15T11:05:31","modified_gmt":"2025-07-15T11:05:31","slug":"arctiko","status":"publish","type":"page","link":"https:\/\/praxas.com\/es\/arctiko\/","title":{"rendered":"ARCTIKO"},"content":{"rendered":"\n<div class=\"wp-block-cover alignfull is-light\" style=\"min-height:850px;aspect-ratio:unset;\"><img loading=\"lazy\" decoding=\"async\" width=\"2450\" height=\"1330\" class=\"wp-block-cover__image-background wp-image-44322\" alt=\"Arctiko Brand landing page banner\" src=\"https:\/\/praxas.com\/wp-content\/uploads\/Praxas-Arctiko-banner-1.jpg\" data-object-fit=\"cover\" srcset=\"https:\/\/praxas.com\/wp-content\/uploads\/Praxas-Arctiko-banner-1.jpg 2450w, https:\/\/praxas.com\/wp-content\/uploads\/Praxas-Arctiko-banner-1-300x163.jpg 300w, https:\/\/praxas.com\/wp-content\/uploads\/Praxas-Arctiko-banner-1-1024x556.jpg 1024w, https:\/\/praxas.com\/wp-content\/uploads\/Praxas-Arctiko-banner-1-768x417.jpg 768w, https:\/\/praxas.com\/wp-content\/uploads\/Praxas-Arctiko-banner-1-1536x834.jpg 1536w, https:\/\/praxas.com\/wp-content\/uploads\/Praxas-Arctiko-banner-1-2048x1112.jpg 2048w, https:\/\/praxas.com\/wp-content\/uploads\/Praxas-Arctiko-banner-1-120x65.jpg 120w, https:\/\/praxas.com\/wp-content\/uploads\/Praxas-Arctiko-banner-1-990x537.jpg 990w, https:\/\/praxas.com\/wp-content\/uploads\/Praxas-Arctiko-banner-1-441x239.jpg 441w, https:\/\/praxas.com\/wp-content\/uploads\/Praxas-Arctiko-banner-1-350x190.jpg 350w, https:\/\/praxas.com\/wp-content\/uploads\/Praxas-Arctiko-banner-1-800x434.jpg 800w, https:\/\/praxas.com\/wp-content\/uploads\/Praxas-Arctiko-banner-1-150x81.jpg 150w\" sizes=\"auto, (max-width: 2450px) 100vw, 2450px\" \/><span aria-hidden=\"true\" class=\"wp-block-cover__background has-cyan-bluish-gray-background-color has-background-dim-0 has-background-dim\"><\/span><div class=\"wp-block-cover__inner-container has-global-padding is-layout-constrained wp-container-core-cover-is-layout-a4c69c57 wp-block-cover-is-layout-constrained\">\n<div class=\"wp-block-columns is-layout-flex wp-container-core-columns-is-layout-28f84493 wp-block-columns-is-layout-flex\">\n<div class=\"wp-block-column is-layout-flow wp-block-column-is-layout-flow\" style=\"flex-basis:50%\">\n<figure class=\"wp-block-image alignleft size-full is-resized\"><img loading=\"lazy\" decoding=\"async\" width=\"426\" height=\"105\" src=\"https:\/\/praxas.com\/wp-content\/uploads\/Arctiko-Logo.png\" alt=\"\" class=\"wp-image-44225\" style=\"width:200px\" srcset=\"https:\/\/praxas.com\/wp-content\/uploads\/Arctiko-Logo.png 426w, https:\/\/praxas.com\/wp-content\/uploads\/Arctiko-Logo-300x74.png 300w, https:\/\/praxas.com\/wp-content\/uploads\/Arctiko-Logo-120x30.png 120w, https:\/\/praxas.com\/wp-content\/uploads\/Arctiko-Logo-350x86.png 350w, https:\/\/praxas.com\/wp-content\/uploads\/Arctiko-Logo-150x37.png 150w\" sizes=\"auto, (max-width: 426px) 100vw, 426px\" \/><\/figure>\n\n\n\n<div style=\"height:50px\" aria-hidden=\"true\" class=\"wp-block-spacer\"><\/div>\n\n\n\n<h1 class=\"wp-block-heading has-text-color has-link-color wp-elements-53f94f4f17afce89d749b692b681ef0f\" style=\"color:#009ee0\">ARCTIKO: Redefinir la excelencia en el almacenamiento frigor\u00edfico<\/h1>\n\n\n\n<div style=\"height:10px\" aria-hidden=\"true\" class=\"wp-block-spacer\"><\/div>\n\n\n\n<p class=\"has-black-color has-text-color has-link-color wp-elements-ca18f1bf4a182eaf9114e2ff2ff11418\"><a href=\"https:\/\/arctiko.com\" data-type=\"link\" data-id=\"https:\/\/arctiko.com\" target=\"_blank\" rel=\"noopener\">ARCTIKO<\/a> es l\u00edder en soluciones de almacenamiento a temperatura controlada, proporcionando tecnolog\u00eda de refrigeraci\u00f3n avanzada para la investigaci\u00f3n cient\u00edfica, la sanidad y otros sectores. Con un legado de ingenier\u00eda de precisi\u00f3n y un enfoque en la sostenibilidad, ofrecen congeladores y frigor\u00edficos a medida que garantizan la conservaci\u00f3n segura de materiales cr\u00edticos. Desde laboratorios a hospitales, establecen el est\u00e1ndar de fiabilidad, eficiencia e innovaci\u00f3n, permitiendo a las industrias destacar incluso en los entornos m\u00e1s exigentes.  <\/p>\n\n\n\n<div class=\"wp-block-buttons is-content-justification-right is-layout-flex wp-container-core-buttons-is-layout-d445cf74 wp-block-buttons-is-layout-flex\">\n<div class=\"wp-block-button\"><a class=\"wp-block-button__link has-background wp-element-button\" href=\"\/en?product_cat=refrigeration_products\" style=\"border-radius:6px;background-color:#205d8f\"><strong>Explorar productos<\/strong><\/a><\/div>\n\n\n\n<div class=\"wp-block-button is-style-outline is-style-outline--1\"><a class=\"wp-block-button__link has-text-color has-link-color wp-element-button\" href=\"https:\/\/praxas.com\/es\/contacta-con-nosotros\/\" style=\"border-radius:6px;color:#205d8f\"><strong>Habla con un experto<\/strong><\/a><\/div>\n<\/div>\n\n\n\n<div style=\"height:100px\" aria-hidden=\"true\" class=\"wp-block-spacer\"><\/div>\n<\/div>\n\n\n\n<div class=\"wp-block-column is-layout-flow wp-block-column-is-layout-flow\"><\/div>\n<\/div>\n<\/div><\/div>\n\n<div class=\"wp-block-group alignfull has-background has-global-padding is-layout-constrained wp-container-core-group-is-layout-a4c69c57 wp-block-group-is-layout-constrained\" style=\"background-color:#205d8f\">\n<div style=\"height:20px\" aria-hidden=\"true\" class=\"wp-block-spacer\"><\/div>\n\n\n\n<h2 class=\"wp-block-heading has-text-align-center has-white-color has-text-color has-link-color wp-elements-143b05fd87db78df39db86ad01b30861\">La soluci\u00f3n perfecta para el almacenamiento en fr\u00edo<\/h2>\n\n\n\n<p class=\"has-text-align-center has-white-color has-text-color has-link-color wp-elements-13bdf0f4edb910309c425655c823531f\">Estos sistemas de refrigeraci\u00f3n de \u00faltima generaci\u00f3n est\u00e1n dise\u00f1ados para cumplir las normas m\u00e1s estrictas de almacenamiento en fr\u00edo. Desde congeladores de temperatura ultrabaja (ULT) que mantienen de -40 \u00b0C a -86 \u00b0C las muestras biol\u00f3gicas y las vacunas, hasta refrigeradores biom\u00e9dicos que garantizan condiciones precisas para reactivos y materiales, proporcionan una precisi\u00f3n y fiabilidad inigualables. Sus soluciones de almacenamiento en bancos de sangre garantizan una seguridad y un rendimiento \u00f3ptimos para aplicaciones m\u00e9dicas cr\u00edticas. Combinando la eficiencia energ\u00e9tica con dise\u00f1os f\u00e1ciles de usar, ARCTIKO ofrece una gama completa de sistemas de almacenamiento en fr\u00edo adaptados a necesidades espec\u00edficas, lo que les convierte en la elecci\u00f3n de confianza de profesionales de todo el mundo.<\/p>\n\n\n\n<div style=\"height:50px\" aria-hidden=\"true\" class=\"wp-block-spacer\"><\/div>\n<\/div>\n\n<div class=\"wp-block-group alignfull has-global-padding is-layout-constrained wp-container-core-group-is-layout-a4c69c57 wp-block-group-is-layout-constrained\">\n<div style=\"height:30px\" aria-hidden=\"true\" class=\"wp-block-spacer\"><\/div>\n\n\n\n<div class=\"wp-block-columns is-layout-flex wp-container-core-columns-is-layout-28f84493 wp-block-columns-is-layout-flex\">\n<div class=\"wp-block-column is-layout-flow wp-block-column-is-layout-flow\">\n<h3 class=\"wp-block-heading has-text-color has-link-color wp-elements-907b1de7c89e8508635e69acf4680c31\" style=\"color:#009ee0\">Mantente al d\u00eda<\/h3>\n\n\n\n<p>Inscr\u00edbete para recibir las \u00faltimas actualizaciones, incluidas noticias sobre productos, consejos para el cumplimiento de la normativa y perspectivas del sector.<\/p>\n\n\n<p><script src=\"https:\/\/js.hsforms.net\/forms\/embed\/22752398.js\" defer><\/script><\/p>\n<div class=\"hs-form-frame\" data-region=\"na1\" data-form-id=\"dbef3b09-315d-471b-bb3b-bf2cc435cdc7\" data-portal-id=\"22752398\"><\/div>\n<\/div>\n\n\n\n<div class=\"wp-block-column is-layout-flow wp-block-column-is-layout-flow\">\n<figure class=\"wp-block-image alignright size-full is-resized has-custom-border\"><img loading=\"lazy\" decoding=\"async\" width=\"1200\" height=\"1200\" src=\"https:\/\/praxas.com\/wp-content\/uploads\/Fridges-2.jpg\" alt=\"\" class=\"wp-image-44233\" style=\"border-radius:15px;width:403px;height:auto\" srcset=\"https:\/\/praxas.com\/wp-content\/uploads\/Fridges-2.jpg 1200w, https:\/\/praxas.com\/wp-content\/uploads\/Fridges-2-300x300.jpg 300w, https:\/\/praxas.com\/wp-content\/uploads\/Fridges-2-1024x1024.jpg 1024w, https:\/\/praxas.com\/wp-content\/uploads\/Fridges-2-150x150.jpg 150w, https:\/\/praxas.com\/wp-content\/uploads\/Fridges-2-768x768.jpg 768w, https:\/\/praxas.com\/wp-content\/uploads\/Fridges-2-120x120.jpg 120w, https:\/\/praxas.com\/wp-content\/uploads\/Fridges-2-990x990.jpg 990w, https:\/\/praxas.com\/wp-content\/uploads\/Fridges-2-441x441.jpg 441w, https:\/\/praxas.com\/wp-content\/uploads\/Fridges-2-100x100.jpg 100w, https:\/\/praxas.com\/wp-content\/uploads\/Fridges-2-350x350.jpg 350w, https:\/\/praxas.com\/wp-content\/uploads\/Fridges-2-800x800.jpg 800w\" sizes=\"auto, (max-width: 1200px) 100vw, 1200px\" \/><\/figure>\n<\/div>\n<\/div>\n<\/div>\n\n<div style=\"height:60px\" aria-hidden=\"true\" class=\"wp-block-spacer\"><\/div>\n\n<div class=\"wp-block-group alignfull has-global-padding is-layout-constrained wp-container-core-group-is-layout-a4c69c57 wp-block-group-is-layout-constrained\">\n<div class=\"wp-block-columns is-layout-flex wp-container-core-columns-is-layout-28f84493 wp-block-columns-is-layout-flex\">\n<div class=\"wp-block-column is-layout-flow wp-block-column-is-layout-flow\">\n<h4 class=\"wp-block-heading has-text-align-center has-text-color has-link-color has-large-font-size wp-elements-4133a8fce61afe327f0bc6a91ad3a921\" style=\"color:#009ee0\">Explorar los productos ARCTIKO<\/h4>\n\n\n<div class=\"woocommerce columns-3 \"><ul class=\"products columns-3\">\n<li class=\"product type-product post-33508 status-publish first instock product_cat-frigorificos-para-bancos-de-sangre product_cat-refrigeracion_productos product_tag-arctiko-es product_tag-frigorifico has-post-thumbnail taxable shipping-taxable purchasable product-type-simple\">\n\t<a href=\"https:\/\/praxas.com\/es\/product\/refrigeracion_productos\/frigorificos-para-bancos-de-sangre\/frigorifico-mediano-para-bancos-de-sangre-bbr-700-d\/\" class=\"woocommerce-LoopProduct-link woocommerce-loop-product__link\"><div class=\"product-inner\"><div class=\"product-content-catname\">Frigor\u00edficos para bancos de sangre<\/div><div class=\"woocommerce-image__wrapper\"><a href=\"https:\/\/praxas.com\/es\/product\/refrigeracion_productos\/frigorificos-para-bancos-de-sangre\/frigorifico-mediano-para-bancos-de-sangre-bbr-700-d\/\" title=\"Frigor\u00edfico mediano para bancos de sangre BBR 700-D\" class=\"woocommerce-LoopProduct-link woocommerce-loop-product__link\"><img loading=\"lazy\" decoding=\"async\" width=\"350\" height=\"203\" src=\"https:\/\/praxas.com\/wp-content\/uploads\/BBR-700-800x463-1-350x203.jpg\" class=\"attachment-woocommerce_thumbnail size-woocommerce_thumbnail\" alt=\"Frigor\u00edfico mediano para bancos de sangre BBR 700-D\" srcset=\"https:\/\/praxas.com\/wp-content\/uploads\/BBR-700-800x463-1-350x203.jpg 350w, https:\/\/praxas.com\/wp-content\/uploads\/BBR-700-800x463-1-300x174.jpg 300w, https:\/\/praxas.com\/wp-content\/uploads\/BBR-700-800x463-1-768x444.jpg 768w, https:\/\/praxas.com\/wp-content\/uploads\/BBR-700-800x463-1-120x69.jpg 120w, https:\/\/praxas.com\/wp-content\/uploads\/BBR-700-800x463-1-441x255.jpg 441w, https:\/\/praxas.com\/wp-content\/uploads\/BBR-700-800x463-1-150x87.jpg 150w, https:\/\/praxas.com\/wp-content\/uploads\/BBR-700-800x463-1.jpg 800w\" sizes=\"auto, (max-width: 360px) 147px, (max-width: 350px) 100vw, 350px\" \/>\t\t\t\n\t<\/a><\/div><div class=\"woocommerce-card__header\">\t\t\t\t\t<p class=\"product__categories\"><a href=\"https:\/\/praxas.com\/es\/categorias-de-producto\/refrigeracion_productos\/frigorificos-para-bancos-de-sangre\/\" rel=\"tag\">Frigor\u00edficos para bancos de sangre<\/a>, <a href=\"https:\/\/praxas.com\/es\/categorias-de-producto\/refrigeracion_productos\/\" rel=\"tag\">Refrigeraci\u00f3n<\/a><\/p>\t\t\t\t<div class=\"woocommerce-loop-product__title\"><a tabindex=\"0\" href=\"https:\/\/praxas.com\/es\/product\/refrigeracion_productos\/frigorificos-para-bancos-de-sangre\/frigorifico-mediano-para-bancos-de-sangre-bbr-700-d\/\" aria-label=\"Frigor\u00edfico mediano para bancos de sangre BBR 700-D\" class=\"woocommerce-LoopProduct-link woocommerce-loop-product__link\">Frigor\u00edfico mediano para bancos de sangre BBR 700-D<\/a><\/div>\n\t<span class=\"price\"><span class=\"woocommerce-Price-amount amount\"><bdi><span class=\"woocommerce-Price-currencySymbol\">&euro;<\/span>12.545,00<\/bdi><\/span> <small class=\"woocommerce-price-suffix\">ex. tax<\/small><\/span>\n<div class=\"card-short-description\"><ul>\n \t<li>+4 \u00b0C<\/li>\n \t<li>Modelo vertical - 628 L<\/li>\n \t<li>Tecnolog\u00eda True Dual<\/li>\n \t<li>Dispositivo m\u00e9dico de clase IIA<\/li>\n \t<li>Registrador de gr\u00e1ficos<\/li>\n \t<li>Cajones de acero inoxidable<\/li>\n \t<li>Puerta de cristal de doble hoja<\/li>\n \t<li>Capacidad de almacenamiento<\/li>\n \t<li>Refrigeraci\u00f3n por aire forzado<\/li>\n \t<li>Interior de acero inoxidable<\/li>\n \t<li>Estantes regulables<\/li>\n<\/ul><\/div><\/a><a href=\"\/es\/wp-json\/wp\/v2\/pages\/44329?add-to-cart=33508\" aria-describedby=\"woocommerce_loop_add_to_cart_link_describedby_33508\" data-quantity=\"1\" class=\"button product_type_simple add_to_cart_button ajax_add_to_cart\" data-product_id=\"33508\" data-product_sku=\"DAI 1150\" aria-label=\"A\u00f1adir al carrito: &ldquo;Frigor\u00edfico mediano para bancos de sangre BBR 700-D&rdquo;\" rel=\"nofollow\" data-success_message=\"\u00abFrigor\u00edfico mediano para bancos de sangre BBR 700-D\u00bb se ha a\u00f1adido a tu carrito\" role=\"button\">A\u00f1adir al carrito<\/a>\t<span id=\"woocommerce_loop_add_to_cart_link_describedby_33508\" class=\"screen-reader-text\">\n\t\t\t<\/span>\n<span class=\"gtm4wp_productdata\" style=\"display:none; visibility:hidden;\" data-gtm4wp_product_data=\"{&quot;internal_id&quot;:33508,&quot;item_id&quot;:33508,&quot;item_name&quot;:&quot;Frigor\\u00edfico mediano para bancos de sangre BBR 700-D&quot;,&quot;sku&quot;:&quot;DAI 1150&quot;,&quot;price&quot;:12545,&quot;stocklevel&quot;:null,&quot;stockstatus&quot;:&quot;instock&quot;,&quot;google_business_vertical&quot;:&quot;retail&quot;,&quot;item_category&quot;:&quot;Frigor\\u00edficos para bancos de sangre&quot;,&quot;id&quot;:33508,&quot;productlink&quot;:&quot;https:\\\/\\\/praxas.com\\\/es\\\/product\\\/refrigeracion_productos\\\/frigorificos-para-bancos-de-sangre\\\/frigorifico-mediano-para-bancos-de-sangre-bbr-700-d\\\/&quot;,&quot;item_list_name&quot;:&quot;Lista general de productos&quot;,&quot;index&quot;:1,&quot;product_type&quot;:&quot;simple&quot;,&quot;item_brand&quot;:&quot;&quot;}\"><\/span><\/div><div class=\"product-card-footer\"><\/div><\/div><\/li>\n<li class=\"product type-product post-33511 status-publish instock product_cat-frigorificos product_cat-1c-10c-refrigeradores-farmaceuticos-y-biomedicos product_cat-refrigeracion_productos product_tag-arctiko-es product_tag-bajo-encimera product_tag-frigorifico has-post-thumbnail taxable shipping-taxable purchasable product-type-simple\">\n\t<a href=\"https:\/\/praxas.com\/es\/product\/refrigeracion_productos\/frigorificos\/pequeno-frigorifico-biomedico-pr-100\/\" class=\"woocommerce-LoopProduct-link woocommerce-loop-product__link\"><div class=\"product-inner\"><div class=\"product-content-catname\">Frigor\u00edficos<\/div><div class=\"woocommerce-image__wrapper\"><a href=\"https:\/\/praxas.com\/es\/product\/refrigeracion_productos\/frigorificos\/pequeno-frigorifico-biomedico-pr-100\/\" title=\"Peque\u00f1o frigor\u00edfico biom\u00e9dico PR 100\" class=\"woocommerce-LoopProduct-link woocommerce-loop-product__link\"><img loading=\"lazy\" decoding=\"async\" width=\"350\" height=\"203\" src=\"https:\/\/praxas.com\/wp-content\/uploads\/PR_PF-100-350x203.jpg\" class=\"attachment-woocommerce_thumbnail size-woocommerce_thumbnail\" alt=\"Peque\u00f1o frigor\u00edfico biom\u00e9dico PR 100\" srcset=\"https:\/\/praxas.com\/wp-content\/uploads\/PR_PF-100-350x203.jpg 350w, https:\/\/praxas.com\/wp-content\/uploads\/PR_PF-100-300x174.jpg 300w, https:\/\/praxas.com\/wp-content\/uploads\/PR_PF-100-768x444.jpg 768w, https:\/\/praxas.com\/wp-content\/uploads\/PR_PF-100-120x69.jpg 120w, https:\/\/praxas.com\/wp-content\/uploads\/PR_PF-100-441x255.jpg 441w, https:\/\/praxas.com\/wp-content\/uploads\/PR_PF-100-150x87.jpg 150w, https:\/\/praxas.com\/wp-content\/uploads\/PR_PF-100.jpg 800w\" sizes=\"auto, (max-width: 360px) 147px, (max-width: 350px) 100vw, 350px\" \/>\t\t\t\n\t<\/a><\/div><div class=\"woocommerce-card__header\">\t\t\t\t\t<p class=\"product__categories\"><a href=\"https:\/\/praxas.com\/es\/categorias-de-producto\/refrigeracion_productos\/frigorificos\/\" rel=\"tag\">Frigor\u00edficos<\/a>, <a href=\"https:\/\/praxas.com\/es\/categorias-de-producto\/refrigeracion_productos\/frigorificos\/1c-10c-refrigeradores-farmaceuticos-y-biomedicos\/\" rel=\"tag\">+1\u00b0C \/ +10\u00b0C Refrigeradores farmac\u00e9uticos y biom\u00e9dicos<\/a>, <a href=\"https:\/\/praxas.com\/es\/categorias-de-producto\/refrigeracion_productos\/\" rel=\"tag\">Refrigeraci\u00f3n<\/a><\/p>\t\t\t\t<div class=\"woocommerce-loop-product__title\"><a tabindex=\"0\" href=\"https:\/\/praxas.com\/es\/product\/refrigeracion_productos\/frigorificos\/pequeno-frigorifico-biomedico-pr-100\/\" aria-label=\"Peque\u00f1o frigor\u00edfico biom\u00e9dico PR 100\" class=\"woocommerce-LoopProduct-link woocommerce-loop-product__link\">Peque\u00f1o frigor\u00edfico biom\u00e9dico PR 100<\/a><\/div>\n\t<span class=\"price\"><span class=\"woocommerce-Price-amount amount\"><bdi><span class=\"woocommerce-Price-currencySymbol\">&euro;<\/span>4.545,00<\/bdi><\/span> <small class=\"woocommerce-price-suffix\">ex. tax<\/small><\/span>\n<div class=\"card-short-description\"><ul class=\"small d-none d-sm-block ulnoindent\">\n \t<li class=\"fLight\">+1 \u00b0C\/ +10 \u00b0C<\/li>\n \t<li class=\"fLight\">Modelo de sobremesa\/bajo mostrador - 94 L.<\/li>\n \t<li class=\"fLight\">Refrigeraci\u00f3n por aire forzado<\/li>\n \t<li>Interior de acero inoxidable<\/li>\n \t<li>Estantes regulables<\/li>\n \t<li>Cerradura con llave en la puerta<\/li>\n \t<li>Desescarche autom\u00e1tico<\/li>\n \t<li>Disponible con ATEX<\/li>\n<\/ul><\/div><\/a><a href=\"\/es\/wp-json\/wp\/v2\/pages\/44329?add-to-cart=33511\" aria-describedby=\"woocommerce_loop_add_to_cart_link_describedby_33511\" data-quantity=\"1\" class=\"button product_type_simple add_to_cart_button ajax_add_to_cart\" data-product_id=\"33511\" data-product_sku=\"DAI 0895\" aria-label=\"A\u00f1adir al carrito: &ldquo;Peque\u00f1o frigor\u00edfico biom\u00e9dico PR 100&rdquo;\" rel=\"nofollow\" data-success_message=\"\u00abPeque\u00f1o frigor\u00edfico biom\u00e9dico PR 100\u00bb se ha a\u00f1adido a tu carrito\" role=\"button\">A\u00f1adir al carrito<\/a>\t<span id=\"woocommerce_loop_add_to_cart_link_describedby_33511\" class=\"screen-reader-text\">\n\t\t\t<\/span>\n<span class=\"gtm4wp_productdata\" style=\"display:none; visibility:hidden;\" data-gtm4wp_product_data=\"{&quot;internal_id&quot;:33511,&quot;item_id&quot;:33511,&quot;item_name&quot;:&quot;Peque\\u00f1o frigor\\u00edfico biom\\u00e9dico PR 100&quot;,&quot;sku&quot;:&quot;DAI 0895&quot;,&quot;price&quot;:4545,&quot;stocklevel&quot;:null,&quot;stockstatus&quot;:&quot;instock&quot;,&quot;google_business_vertical&quot;:&quot;retail&quot;,&quot;item_category&quot;:&quot;Frigor\\u00edficos&quot;,&quot;id&quot;:33511,&quot;productlink&quot;:&quot;https:\\\/\\\/praxas.com\\\/es\\\/product\\\/refrigeracion_productos\\\/frigorificos\\\/pequeno-frigorifico-biomedico-pr-100\\\/&quot;,&quot;item_list_name&quot;:&quot;Lista general de productos&quot;,&quot;index&quot;:2,&quot;product_type&quot;:&quot;simple&quot;,&quot;item_brand&quot;:&quot;&quot;}\"><\/span><\/div><div class=\"product-card-footer\"><\/div><\/div><\/li>\n<\/ul>\n<\/div>\n\n\n\n<div class=\"wp-block-buttons is-content-justification-center is-layout-flex wp-container-core-buttons-is-layout-a89b3969 wp-block-buttons-is-layout-flex\">\n<div class=\"wp-block-button\"><a class=\"wp-block-button__link has-background wp-element-button\" href=\"\/en?product_cat=refrigeration_products\" style=\"border-radius:6px;background-color:#009ee0\"><strong>Explora<\/strong> <strong>Productos<\/strong><\/a><\/div>\n<\/div>\n<\/div>\n<\/div>\n<\/div>\n\n<div style=\"height:80px\" aria-hidden=\"true\" class=\"wp-block-spacer\"><\/div>\n","protected":false},"excerpt":{"rendered":"<p>La soluci\u00f3n perfecta para el almacenamiento en fr\u00edo Estos sistemas de refrigeraci\u00f3n de \u00faltima generaci\u00f3n est\u00e1n dise\u00f1ados para cumplir las normas m\u00e1s estrictas de almacenamiento en fr\u00edo. Desde congeladores de temperatura ultrabaja (ULT) que mantienen de -40 \u00b0C a -86 \u00b0C las muestras biol\u00f3gicas y las vacunas, hasta refrigeradores biom\u00e9dicos que garantizan condiciones precisas para [&hellip;]<\/p>\n","protected":false},"author":8383,"featured_media":0,"parent":0,"menu_order":0,"comment_status":"closed","ping_status":"closed","template":"template-fullwidth-no-heading.php","meta":{"_acf_changed":false,"content-type":"","_uag_custom_page_level_css":"","footnotes":""},"class_list":["post-44329","page","type-page","status-publish","hentry"],"acf":[],"spectra_custom_meta":{"hero_image":[""],"_hero_image":["field_64f1a7da7af44"],"_hero_h1":["field_64f19e1edd052"],"_hero_h2":["field_64f19e2ddd053"],"_hero_text":["field_64f19e42dd054"],"_hero_button_text":["field_64f19e4edd055"],"_hero_button_link":["field_64f19e5ddd056"],"_top_nav_excluded":[""],"_cms_nav_minihome":[""],"_wp_page_template":["template-fullwidth-no-heading.php"],"_last_translation_edit_mode":["translation-editor"],"rank_math_og_content_image":["a:2:{s:5:\"check\";s:32:\"d48657edab084114953b9ded489f7b95\";s:6:\"images\";a:1:{i:0;i:44322;}}"],"rank_math_analytic_object_id":["1004"],"_wpml_word_count":["307"],"rank_math_title":["Arctiko: Soluciones fiables de temperatura %sep% %sitename%"],"rank_math_description":["Explora el fiable e innovador almacenamiento a temperatura controlada de Arctiko para investigaci\u00f3n y sanidad."],"rank_math_focus_keyword":["ARCTIKO"],"_uag_css_file_name":["uag-css-44329.css"],"_uag_page_assets":["a:9:{s:3:\"css\";s:263:\".uag-blocks-common-selector{z-index:var(--z-index-desktop) !important}@media (max-width: 976px){.uag-blocks-common-selector{z-index:var(--z-index-tablet) !important}}@media (max-width: 767px){.uag-blocks-common-selector{z-index:var(--z-index-mobile) !important}}\n\";s:2:\"js\";s:0:\"\";s:18:\"current_block_list\";a:11:{i:0;s:10:\"core\/cover\";i:1;s:12:\"core\/columns\";i:2;s:11:\"core\/column\";i:3;s:10:\"core\/image\";i:4;s:11:\"core\/spacer\";i:5;s:12:\"core\/heading\";i:6;s:14:\"core\/paragraph\";i:7;s:12:\"core\/buttons\";i:8;s:11:\"core\/button\";i:9;s:10:\"core\/group\";i:10;s:14:\"core\/shortcode\";}s:8:\"uag_flag\";b:0;s:11:\"uag_version\";s:10:\"1777651425\";s:6:\"gfonts\";a:0:{}s:10:\"gfonts_url\";s:0:\"\";s:12:\"gfonts_files\";a:0:{}s:14:\"uag_faq_layout\";b:0;}"]},"uagb_featured_image_src":{"full":false,"thumbnail":false,"medium":false,"medium_large":false,"large":false,"1536x1536":false,"2048x2048":false,"crunchify-admin-post-featured-image":false,"commercegurus-pdp-large":false,"commercegurus-plp-mobile":false,"cgkit_image_swatch":false,"woocommerce_thumbnail":false,"woocommerce_single":false,"woocommerce_gallery_thumbnail":false},"uagb_author_info":{"display_name":"Alex James","author_link":"https:\/\/praxas.com\/es\/author\/alex\/"},"uagb_comment_info":0,"uagb_excerpt":"La soluci\u00f3n perfecta para el almacenamiento en fr\u00edo Estos sistemas de refrigeraci\u00f3n de \u00faltima generaci\u00f3n est\u00e1n dise\u00f1ados para cumplir las normas m\u00e1s estrictas de almacenamiento en fr\u00edo. Desde congeladores de temperatura ultrabaja (ULT) que mantienen de -40 \u00b0C a -86 \u00b0C las muestras biol\u00f3gicas y las vacunas, hasta refrigeradores biom\u00e9dicos que garantizan condiciones precisas para&hellip;","_links":{"self":[{"href":"https:\/\/praxas.com\/es\/wp-json\/wp\/v2\/pages\/44329","targetHints":{"allow":["GET"]}}],"collection":[{"href":"https:\/\/praxas.com\/es\/wp-json\/wp\/v2\/pages"}],"about":[{"href":"https:\/\/praxas.com\/es\/wp-json\/wp\/v2\/types\/page"}],"author":[{"embeddable":true,"href":"https:\/\/praxas.com\/es\/wp-json\/wp\/v2\/users\/8383"}],"replies":[{"embeddable":true,"href":"https:\/\/praxas.com\/es\/wp-json\/wp\/v2\/comments?post=44329"}],"version-history":[{"count":7,"href":"https:\/\/praxas.com\/es\/wp-json\/wp\/v2\/pages\/44329\/revisions"}],"predecessor-version":[{"id":51002,"href":"https:\/\/praxas.com\/es\/wp-json\/wp\/v2\/pages\/44329\/revisions\/51002"}],"wp:attachment":[{"href":"https:\/\/praxas.com\/es\/wp-json\/wp\/v2\/media?parent=44329"}],"curies":[{"name":"wp","href":"https:\/\/api.w.org\/{rel}","templated":true}]}}