{"id":45699,"date":"2025-02-19T10:03:15","date_gmt":"2025-02-19T10:03:15","guid":{"rendered":"https:\/\/praxas.com\/monitorizacion-de-laboratorio-soluciones-precisas-de-temperatura\/"},"modified":"2025-06-20T10:44:15","modified_gmt":"2025-06-20T10:44:15","slug":"monitorizacion-de-laboratorio-soluciones-precisas-de-temperatura","status":"publish","type":"page","link":"https:\/\/praxas.com\/es\/industrias-a-las-que-servimos\/monitorizacion-de-laboratorio-soluciones-precisas-de-temperatura\/","title":{"rendered":"Monitorizaci\u00f3n de laboratorio: Soluciones precisas de temperatura"},"content":{"rendered":"","protected":true},"excerpt":{"rendered":"","protected":true},"author":8383,"featured_media":0,"parent":45841,"menu_order":0,"comment_status":"closed","ping_status":"closed","template":"template-fullwidth-no-heading.php","meta":{"_acf_changed":false,"content-type":"","_uag_custom_page_level_css":"","footnotes":""},"class_list":["post-45699","page","type-page","status-publish","post-password-required","hentry"],"acf":[],"spectra_custom_meta":{"hero_image":[""],"_hero_image":["field_64f1a7da7af44"],"_hero_h1":["field_64f19e1edd052"],"_hero_h2":["field_64f19e2ddd053"],"_hero_text":["field_64f19e42dd054"],"_hero_button_text":["field_64f19e4edd055"],"_hero_button_link":["field_64f19e5ddd056"],"_top_nav_excluded":[""],"_cms_nav_minihome":[""],"_wp_page_template":["template-fullwidth-no-heading.php"],"_last_translation_edit_mode":["translation-editor"],"rank_math_analytic_object_id":["1024"],"rank_math_title":["Control de laboratorio: Control de temperatura potente y de confianza %sep% %sitename%"],"rank_math_description":["Soluciones fiables de monitorizaci\u00f3n de la temperatura en el laboratorio. Registradores de datos, frigor\u00edficos y congeladores dise\u00f1ados para condiciones de laboratorio precisas. "],"rank_math_focus_keyword":["control de laboratorio"],"_wpml_word_count":["858"],"_uag_css_file_name":["uag-css-45699.css"],"_uag_page_assets":["a:9:{s:3:\"css\";s:263:\".uag-blocks-common-selector{z-index:var(--z-index-desktop) !important}@media (max-width: 976px){.uag-blocks-common-selector{z-index:var(--z-index-tablet) !important}}@media (max-width: 767px){.uag-blocks-common-selector{z-index:var(--z-index-mobile) !important}}\n\";s:2:\"js\";s:0:\"\";s:18:\"current_block_list\";a:12:{i:0;s:10:\"core\/cover\";i:1;s:12:\"core\/columns\";i:2;s:11:\"core\/column\";i:3;s:12:\"core\/heading\";i:4;s:11:\"core\/spacer\";i:5;s:14:\"core\/paragraph\";i:6;s:10:\"core\/group\";i:7;s:12:\"core\/buttons\";i:8;s:11:\"core\/button\";i:10;s:10:\"core\/image\";i:11;s:14:\"core\/separator\";i:12;s:14:\"core\/shortcode\";}s:8:\"uag_flag\";b:0;s:11:\"uag_version\";s:10:\"1775171553\";s:6:\"gfonts\";a:0:{}s:10:\"gfonts_url\";s:0:\"\";s:12:\"gfonts_files\";a:0:{}s:14:\"uag_faq_layout\";b:0;}"]},"uagb_featured_image_src":{"full":false,"thumbnail":false,"medium":false,"medium_large":false,"large":false,"1536x1536":false,"2048x2048":false,"crunchify-admin-post-featured-image":false,"commercegurus-pdp-large":false,"commercegurus-plp-mobile":false,"cgkit_image_swatch":false,"woocommerce_thumbnail":false,"woocommerce_single":false,"woocommerce_gallery_thumbnail":false},"uagb_author_info":{"display_name":"Alex James","author_link":"https:\/\/praxas.com\/es\/author\/alex\/"},"uagb_comment_info":0,"uagb_excerpt":"No hay extracto porque es una entrada protegida.","_links":{"self":[{"href":"https:\/\/praxas.com\/es\/wp-json\/wp\/v2\/pages\/45699","targetHints":{"allow":["GET"]}}],"collection":[{"href":"https:\/\/praxas.com\/es\/wp-json\/wp\/v2\/pages"}],"about":[{"href":"https:\/\/praxas.com\/es\/wp-json\/wp\/v2\/types\/page"}],"author":[{"embeddable":true,"href":"https:\/\/praxas.com\/es\/wp-json\/wp\/v2\/users\/8383"}],"replies":[{"embeddable":true,"href":"https:\/\/praxas.com\/es\/wp-json\/wp\/v2\/comments?post=45699"}],"version-history":[{"count":3,"href":"https:\/\/praxas.com\/es\/wp-json\/wp\/v2\/pages\/45699\/revisions"}],"predecessor-version":[{"id":45894,"href":"https:\/\/praxas.com\/es\/wp-json\/wp\/v2\/pages\/45699\/revisions\/45894"}],"up":[{"embeddable":true,"href":"https:\/\/praxas.com\/es\/wp-json\/wp\/v2\/pages\/45841"}],"wp:attachment":[{"href":"https:\/\/praxas.com\/es\/wp-json\/wp\/v2\/media?parent=45699"}],"curies":[{"name":"wp","href":"https:\/\/api.w.org\/{rel}","templated":true}]}}