{"id":31757,"date":"2023-07-27T03:20:00","date_gmt":"2023-07-27T01:20:00","guid":{"rendered":"https:\/\/staging.praxas.com\/product\/sin%20categor\u00eda\/sgd-24-m\/"},"modified":"2025-10-09T10:05:44","modified_gmt":"2025-10-09T08:05:44","slug":"sgd-24-m","status":"publish","type":"product","link":"https:\/\/praxas.com\/es\/product\/uncategorized-es\/sgd-24-m\/","title":{"rendered":"SGD 24-M"},"content":{"rendered":"<p>El SGD 24-M es un contador de panel programable con entradas anal\u00f3gicas dobles, salidas de alarma y pantalla t\u00e1ctil TFT en color de 2,4&#8243;. Configurado mediante el <strong><br \/>\n  <a href=\"\/software\/panelpilot-software\/panelpilot-m\/\">Software PanelPilot M<\/a><br \/>\n<\/strong> para Windows, elige entre un n\u00famero cada vez mayor de configuraciones, como gr\u00e1fico de barras, nivel de dep\u00f3sito, estilo anal\u00f3gico y gr\u00e1ficos de tendencias. A continuaci\u00f3n, personaliza los colores, las etiquetas de texto, las unidades y la escala de entrada antes de cargarlo en una pantalla mediante USB.<\/p>\n","protected":false},"excerpt":{"rendered":"<p>Medidor de panel TFT programable de 2,4<\/p>\n","protected":false},"featured_media":31758,"template":"","meta":{"_acf_changed":false,"content-type":"","_uag_custom_page_level_css":""},"product_brand":[],"product_cat":[2646],"product_tag":[1571],"class_list":{"0":"post-31757","1":"product","2":"type-product","3":"status-publish","4":"has-post-thumbnail","6":"product_cat-uncategorized-es","7":"product_tag-mostrar","9":"first","10":"instock","11":"taxable","12":"shipping-taxable","13":"purchasable","14":"product-type-simple"},"bundled_by":[],"bundle_stock_status":"instock","bundle_stock_quantity":7,"bundle_virtual":false,"bundle_layout":"","bundle_add_to_cart_form_location":"","bundle_editable_in_cart":false,"bundle_sold_individually_context":"","bundle_item_grouping":"","bundle_min_size":"","bundle_max_size":"","bundle_price":[],"bundled_items":[],"bundle_sell_ids":[],"acf":[],"spectra_custom_meta":{"_download_limit":["-1","-1"],"_download_expiry":["-1","-1"],"_downloadable":["no","no"],"_sku":["SGD 24-M","SGD 24-M"],"_stock_status":["instock","instock","instock","instock","instock","instock","instock"],"_sold_individually":["no","no"],"_tax_class":["",""],"_tax_status":["taxable","taxable"],"_virtual":["no","no"],"_weight":["0.094"],"_width":["0"],"_height":["0"],"_length":["0"],"total_sales":["7","7"],"_product_datasheet":["field_650ad7d6ea3a0"],"_connectivity":["field_64dce263bb57c"],"brand":["PanelPilot"],"_brand":["field_64ddf62ed2593"],"_brand_image":["field_650c5e7c84cae"],"_specifications_table":["field_65044e1db92a8"],"_display_data_alarm":["field_667d647bcb066"],"_resources":["field_650849c6945ee"],"_accessories":["field_650849e6945f0"],"_faqs":["field_650859523d8d5"],"_calibration_suitable_ids_gb":["field_654b4c4acb54a"],"_calibration_suitable_ids_us":["field_654b4c56cb54b"],"_show_in_calibration_suitable":["field_654cfb691d345"],"_usd_price_4":["field_651570dcac479"],"_usd_price_9":["field_6515713eb4807"],"_usd_price_24":["field_65157141b4809"],"_usd_price_49":["field_65157140b4808"],"_usd_price_99":["field_6515715bb480a"],"_gbp_price_4":["field_6515716e83bfa"],"_gbp_price_9":["field_6515724783bfb"],"_gbp_price_24":["field_6515724b83bfc"],"_gbp_price_49":["field_6515725983bfd"],"_gbp_price_99":["field_6515725d83bfe"],"_usdhk_price_4":["field_6515726f83bff"],"_usdhk_price_9":["field_6515727c83c00"],"_usdhk_price_24":["field_6515728083c01"],"_usdhk_price_49":["field_6515728983c02"],"_usdhk_price_99":["field_6515728e83c03"],"stock_options":["In stock"],"_stock_options":["field_6544b605dc7f9"],"_top_nav_excluded":[""],"_cms_nav_minihome":[""],"wcml_sync_hash":["a:1:{s:15:\"postmeta_fields\";s:32:\"59c5549ce8030c6f99564abe21f8e1b4\";}"],"attr_label_translations":["a:0:{}"],"_product_image_gallery":["31759,31760,31761"],"_thumbnail_id":["31758"],"_crosssell_ids":["a:0:{}"],"_stock":["7.000000"],"connectivity":[""],"_calibration":["field_66a0ddd599972"],"_shipping":["field_66852535c98a5"],"_refrigerant_cabinet":["field_66852557c98a6"],"_main_specifications":["field_66855b25b1245"],"_last_translation_edit_mode":["translation-editor"],"_edit_lock":["1721900644:8383"],"classic-editor-remember":["classic-editor"],"rank_math_seo_score":["87"],"_edit_last":["8383"],"commercekit_gallery_layout":[""],"commercekit_disable_sticky_atc":["0"],"commercekit_wc_video_gallery":["a:0:{}"],"_rank_math_gtin_code":[""],"_wcml_average_rating":[null],"_wcml_review_count":[null],"_wcml_rating_count":[null],"_wc_average_rating":[0],"_wc_review_count":["0"],"_product_version":["9.1.2"],"display_data_alarm":[""],"calibration":[""],"calibration_suitable_ids_gb":[""],"calibration_suitable_ids_us":[""],"show_in_calibration_suitable":[""],"other_features":[""],"shipping":[""],"refrigerant_cabinet":[""],"main_specifications":[""],"shoptimizer_layout_pdp_short_description_position":["default"],"rank_math_primary_product_cat":["0"],"product_datasheet":["10393"],"brand_image":["10474"],"_wpml_media_duplicate":["1"],"_wpml_media_featured":["1"],"faqs":["<span class=\"ui-provider bge bgf bgd bgg bgh bgi bgj bgk bgl bgm bgn bgo bgp bgq bgr bgs bgt bgu bgv bgw bgx bgy bgz bha bhb bhc bhd bhe bhf bhg bhh bhi bhj bhk bhl\" dir=\"ltr\">[accordion]\n[accordion_header]\u00bfPuedo a\u00f1adir el logotipo de mi empresa a la pantalla?[\/accordion_header]\n[accordion_section]S\u00ed. Cuando configures tu contador con el software PanelPilot M, en la \u00faltima fase de configuraci\u00f3n se te preguntar\u00e1 si quieres a\u00f1adir el logotipo de tu empresa a la pantalla. Si eliges esta opci\u00f3n, el logotipo de la empresa estar\u00e1 presente en la pantalla durante los primeros segundos al encenderla.  [\/accordion_section]\n[\/accordion]<\/span>\n\n<span class=\"ui-provider bge bgf bgd bgg bgh bgi bgj bgk bgl bgm bgn bgo bgp bgq bgr bgs bgt bgu bgv bgw bgx bgy bgz bha bhb bhc bhd bhe bhf bhg bhh bhi bhj bhk bhl\" dir=\"ltr\">[accordion]\n[accordion_header]\u00bfPuedo atenuar el brillo de mi PanelPilot?[\/accordion_header]\n[accordion_section]S\u00ed. Con el software PanelPilot M, al final de la etapa de configuraci\u00f3n hay una opci\u00f3n para seleccionar el brillo de la pantalla. Ten en cuenta que, una vez ajustado, actualmente no hay forma de ajustar el brillo de la pantalla sin volver a configurarla.[\/accordion_section]\n[\/accordion]<\/span>\n\n<a class=\"button button-secondary\" href=\"\/support\/panelpilotm\/\">M\u00e1s apoyo<\/a>"],"usd_price_4":["0.00"],"usd_price_9":["0.00"],"usd_price_24":["0.00"],"usd_price_49":["0.00"],"usd_price_99":["0.00"],"gbp_price_49":["0.00"],"gbp_price_99":["0.00"],"usdhk_price_49":["0.00"],"usdhk_price_99":["0.00"],"_wpml_word_count":["90"],"_other_features":[""],"_backorders":["no","no"],"_manage_stock":["no","no"],"min_temp":[""],"max_temp":[""],"_min_temp":[""],"_max_temp":[""],"_other_features_arctiko":[""],"rank_math_title":["PanelPilot SGD 24-M | Medidor de panel con pantalla t\u00e1ctil programable"],"rank_math_description":["\u00bfBuscas un contador de panel programable? El SGD 24-M ofrece entradas anal\u00f3gicas dobles, salidas de alarma y una pantalla t\u00e1ctil de 2,4\". Personal\u00edzalo con el software gratuito PanelPilot M."],"rank_math_focus_keyword":["SGD 24-M"],"specifications_table":["<table class=\"specifications\">\n<tbody>\n<tr class=\"even-row\">\n<td class=\"left-td\">Pantalla<\/td>\n<td>Pantalla TFT en color de 2,4<\/td>\n<\/tr>\n<tr class=\"odd-row\">\n<td class=\"left-td\">Resoluci\u00f3n<\/td>\n<td>320 x 240 p\u00edxeles (QVGA)<\/td>\n<\/tr>\n<tr class=\"even-row\">\n<td class=\"left-td\">Tensi\u00f3n de funcionamiento<\/td>\n<td>De 4 a 30 V c.c.<\/td>\n<\/tr>\n<tr class=\"odd-row\">\n<td class=\"left-td\">Rango de medici\u00f3n<\/td>\n<td>0 a 40V c.c.<\/td>\n<\/tr>\n<tr class=\"even-row\">\n<td class=\"left-td\">\u00c1rea de visi\u00f3n<\/td>\n<td>49,5 mm (1,9 \u201c) x 38 mm (1,5\u201d)<\/td>\n<\/tr>\n<\/tbody>\n<\/table>"],"resources":["<ul class=\"resources-list\">\n \t<li><img src=\"https:\/\/praxas.com\/wp-content\/uploads\/document-icon.png\" alt=\"Icono de documento\"><span class=\"mldTitle\">Ficha t\u00e9cnica del SGD 24-M<\/span><\/li>\n \t<li><a href=\"https:\/\/praxas.com\/wp-content\/uploads\/sgd-24-m_datasheet_iss9_09-19.pdf\" target=\"_blank\" rel=\"noopener\">Ingl\u00e9s<\/a><\/li>\n \t<li><a href=\"https:\/\/praxas.com\/wp-content\/uploads\/panelpilot-panel-instrument-sgd-24-m_french_iss11_03-22.pdf\" target=\"_blank\" rel=\"noopener\">Franc\u00e9s<\/a><\/li>\n \t<li><a href=\"https:\/\/praxas.com\/wp-content\/uploads\/sgd-24-m_ger_iss10_03-22.pdf\" target=\"_blank\" rel=\"noopener\">Alem\u00e1n<\/a><\/li>\n \t<li><a href=\"https:\/\/praxas.com\/wp-content\/uploads\/sgd-24-m_it_iss10_03-22.pdf\" target=\"_blank\" rel=\"noopener\">Italiano<\/a><\/li>\n \t<li><a href=\"https:\/\/praxas.com\/wp-content\/uploads\/sgd-24-m_jap_iss9_03-22.pdf\" target=\"_blank\" rel=\"noopener\">Japon\u00e9s<\/a><\/li>\n \t<li><a href=\"https:\/\/praxas.com\/wp-content\/uploads\/sgd-24-m_sp_iss8_09-19.pdf\" target=\"_blank\" rel=\"noopener\">Espa\u00f1ol<\/a><\/li>\n \t<li><a href=\"https:\/\/praxas.com\/wp-content\/uploads\/sgd-24-m_chi-simp_iss8_03-22.pdf\" target=\"_blank\" rel=\"noopener\">Chino (simplificado)<\/a><\/li>\n \t<li><a href=\"https:\/\/praxas.com\/wp-content\/uploads\/sgd-24-m_chi-trad_iss7_09-18.pdf\" target=\"_blank\" rel=\"noopener\">Chino (tradicional)<\/a><\/li>\n \t<li><img src=\"https:\/\/praxas.com\/wp-content\/uploads\/software-icon.png\" alt=\"Icono de software\"><a href=\"https:\/\/praxas.com\/software\/panelpilot-software\/panelpilot-m\/\" target=\"_blank\" rel=\"noopener\">Software PanelPilot M<\/a><\/li>\n \t<li><img src=\"https:\/\/praxas.com\/wp-content\/uploads\/document-icon.png\" alt=\"Icono de documento\">\n<a href=\"https:\/\/praxas.com\/wp-content\/uploads\/panelpilotm-qsg-issue-2.pdf\" target=\"_blank\" rel=\"noopener\">SGD 24-M Gu\u00eda de inicio r\u00e1pido<\/a><\/li>\n \t<li><img src=\"https:\/\/praxas.com\/wp-content\/uploads\/document-icon.png\" alt=\"Icono de documento\"><a href=\"https:\/\/praxas.com\/wp-content\/uploads\/declaration-of-conformity_sgd_iss6.pdf\" target=\"_blank\" rel=\"noopener\">Declaraci\u00f3n de conformidad<\/a><\/li>\n<\/ul>\n\u00a0"],"accessories":["[products skus=\"CABLE USB A-MF,SGD ADPT-TC,SGD ADPT-420\"]"],"gbp_price_4":["67.19"],"gbp_price_9":["65.09"],"gbp_price_24":["62.99"],"usdhk_price_4":["90.23"],"usdhk_price_9":["87.41"],"usdhk_price_24":["84.59"],"_uag_page_assets":["a:9:{s:3:\"css\";s:0:\"\";s:2:\"js\";s:0:\"\";s:18:\"current_block_list\";a:0:{}s:8:\"uag_flag\";b:0;s:11:\"uag_version\";s:10:\"1775212209\";s:6:\"gfonts\";a:0:{}s:10:\"gfonts_url\";s:0:\"\";s:12:\"gfonts_files\";a:0:{}s:14:\"uag_faq_layout\";b:0;}"],"_regular_price":["86.7","86.7"],"_price":["86.7","86.7"],"hubwoo_ecomm_pro_id":["25277918336"],"_max_variation_price":[""],"_max_variation_regular_price":[""],"_max_variation_sale_price":[""],"_min_variation_price":[""],"_min_variation_regular_price":[""],"_min_variation_sale_price":[""],"_sale_price":[""],"_wc_pb_base_regular_price":[""],"_wc_pb_base_sale_price":[""],"_wc_pb_base_price":[""],"_wc_sw_max_price":[""],"_wc_sw_max_regular_price":[""],"_wc_rating_count":[""]},"uagb_featured_image_src":{"full":["https:\/\/praxas.com\/wp-content\/uploads\/SGD-24-M_Flat_No-Reflection-Straight.png",800,463,false],"thumbnail":["https:\/\/praxas.com\/wp-content\/uploads\/SGD-24-M_Flat_No-Reflection-Straight-150x150.png",150,150,true],"medium":["https:\/\/praxas.com\/wp-content\/uploads\/SGD-24-M_Flat_No-Reflection-Straight-300x174.png",300,174,true],"medium_large":["https:\/\/praxas.com\/wp-content\/uploads\/SGD-24-M_Flat_No-Reflection-Straight-768x444.png",768,444,true],"large":["https:\/\/praxas.com\/wp-content\/uploads\/SGD-24-M_Flat_No-Reflection-Straight.png",800,463,false],"1536x1536":["https:\/\/praxas.com\/wp-content\/uploads\/SGD-24-M_Flat_No-Reflection-Straight.png",800,463,false],"2048x2048":["https:\/\/praxas.com\/wp-content\/uploads\/SGD-24-M_Flat_No-Reflection-Straight.png",800,463,false],"crunchify-admin-post-featured-image":["https:\/\/praxas.com\/wp-content\/uploads\/SGD-24-M_Flat_No-Reflection-Straight-120x69.png",120,69,true],"commercegurus-pdp-large":["https:\/\/praxas.com\/wp-content\/uploads\/SGD-24-M_Flat_No-Reflection-Straight.png",800,463,false],"commercegurus-plp-mobile":["https:\/\/praxas.com\/wp-content\/uploads\/SGD-24-M_Flat_No-Reflection-Straight-441x255.png",441,255,true],"cgkit_image_swatch":["https:\/\/praxas.com\/wp-content\/uploads\/SGD-24-M_Flat_No-Reflection-Straight-100x100.png",100,100,true],"woocommerce_thumbnail":["https:\/\/praxas.com\/wp-content\/uploads\/SGD-24-M_Flat_No-Reflection-Straight-300x174.png",300,174,true],"woocommerce_single":["https:\/\/praxas.com\/wp-content\/uploads\/SGD-24-M_Flat_No-Reflection-Straight.png",800,463,false],"woocommerce_gallery_thumbnail":["https:\/\/praxas.com\/wp-content\/uploads\/SGD-24-M_Flat_No-Reflection-Straight-150x87.png",150,87,true]},"uagb_author_info":{"display_name":"AndyS","author_link":"https:\/\/praxas.com\/es\/author\/"},"uagb_comment_info":0,"uagb_excerpt":"Medidor de panel TFT programable de 2,4","_links":{"self":[{"href":"https:\/\/praxas.com\/es\/wp-json\/wp\/v2\/product\/31757","targetHints":{"allow":["GET"]}}],"collection":[{"href":"https:\/\/praxas.com\/es\/wp-json\/wp\/v2\/product"}],"about":[{"href":"https:\/\/praxas.com\/es\/wp-json\/wp\/v2\/types\/product"}],"wp:featuredmedia":[{"embeddable":true,"href":"https:\/\/praxas.com\/es\/wp-json\/wp\/v2\/media\/31758"}],"wp:attachment":[{"href":"https:\/\/praxas.com\/es\/wp-json\/wp\/v2\/media?parent=31757"}],"wp:term":[{"taxonomy":"product_brand","embeddable":true,"href":"https:\/\/praxas.com\/es\/wp-json\/wp\/v2\/product_brand?post=31757"},{"taxonomy":"product_cat","embeddable":true,"href":"https:\/\/praxas.com\/es\/wp-json\/wp\/v2\/product_cat?post=31757"},{"taxonomy":"product_tag","embeddable":true,"href":"https:\/\/praxas.com\/es\/wp-json\/wp\/v2\/product_tag?post=31757"}],"curies":[{"name":"wp","href":"https:\/\/api.w.org\/{rel}","templated":true}]}}