{"id":31780,"date":"2023-07-27T03:20:00","date_gmt":"2023-07-27T01:20:00","guid":{"rendered":"https:\/\/staging.praxas.com\/product\/sin%20categor\u00eda\/sgd-21-b\/"},"modified":"2025-09-01T16:20:11","modified_gmt":"2025-09-01T14:20:11","slug":"sgd-21-b","status":"publish","type":"product","link":"https:\/\/praxas.com\/es\/product\/uncategorized-es\/sgd-21-b\/","title":{"rendered":"SGD 21-B"},"content":{"rendered":"<p>El SGD 21-B de Lascar es un volt\u00edmetro monocanal de bajo coste, consumo ultrabajo, legible a la luz del sol y con una elegante pantalla monocroma de matriz de puntos de papel electr\u00f3nico. Utilizando la sencilla plataforma <strong>de software PanelPilot B<\/strong>, elige entre una selecci\u00f3n de seis aplicaciones de volt\u00edmetro anal\u00f3gico y digital y etiquetas, escalas y alarmas personalizables para tu propia aplicaci\u00f3n espec\u00edfica.<br \/>\nLee nuestro <strong><a href=\"\/wp-content\/uploads\/sgd-21-b-overview-article-v4-for-website.pdf\" target=\"_blank\" rel=\"noopener\">art\u00edculo de resumen t\u00e9cnico<\/a><\/strong> para saber m\u00e1s sobre la tinta electrofor\u00e9tica que utiliza el SGD 21-B en su pantalla de papel electr\u00f3nico.<br \/>\n<span style=\"text-decoration: underline;\"><br \/>\n<\/span><strong>Software<\/strong><br \/>\nLa pantalla funciona con el <strong>software de configuraci\u00f3n<\/strong> gratuito <strong>PanelPilot B<\/strong> (disponible para Windows 7, 8 y 10), que proporciona seis aplicaciones de volt\u00edmetro anal\u00f3gico y digital que pueden personalizarse para adaptarse a aplicaciones individuales. Los elementos de cada configuraci\u00f3n que se pueden cambiar en el software incluyen:<\/p>\n<ul>\n<li>Etiquetas personalizadas<\/li>\n<li>Escalado<\/li>\n<li>Dos alarmas<\/li>\n<li>Inversi\u00f3n del color<\/li>\n<li>Se puede a\u00f1adir una imagen o logotipo a la pantalla al encenderla.<\/li>\n<\/ul>\n<p>Para obtener una visi\u00f3n general del software, consulta nuestro <strong><br \/>\n<a href=\"https:\/\/www.youtube.com\/watch?v=97e6ebL5ljI\" target=\"_blank\" rel=\"noopener\">Videotutorial de instalaci\u00f3n del SGD 21-B.<\/a><br \/>\n<\/strong><\/p>\n<p>Una vez completada la App, c\u00e1rgala en la pantalla del SGD 21-B utilizando <strong><br \/>\n<a href=\"https:\/\/praxas.com\/es\/product\/uncategorized-es\/cable-usb-a-sil5\/\">CABLE USB A-SIL5<\/a><br \/>\n<\/strong> (no incluido). La instalaci\u00f3n de la pantalla en panel o caja es f\u00e1cil, basta con utilizar el clip de fijaci\u00f3n a panel para montar la pantalla.<\/p>\n<p>El <strong>software PanelPilot B <\/strong>de Lascar se puede descargar gratuitamente.<\/p>\n","protected":false},"excerpt":{"rendered":"<p>Pantalla matricial de papel electr\u00f3nico de 2,1 pulgadas<\/p>\n","protected":false},"featured_media":31781,"template":"","meta":{"_acf_changed":false,"content-type":"","_uag_custom_page_level_css":""},"product_brand":[],"product_cat":[2646],"product_tag":[1571],"class_list":{"0":"post-31780","1":"product","2":"type-product","3":"status-publish","4":"has-post-thumbnail","6":"product_cat-uncategorized-es","7":"product_tag-mostrar","9":"first","10":"instock","11":"taxable","12":"shipping-taxable","13":"purchasable","14":"product-type-simple"},"bundled_by":[],"bundle_stock_status":"instock","bundle_stock_quantity":null,"bundle_virtual":false,"bundle_layout":"","bundle_add_to_cart_form_location":"","bundle_editable_in_cart":false,"bundle_sold_individually_context":"","bundle_item_grouping":"","bundle_min_size":"","bundle_max_size":"","bundle_price":[],"bundled_items":[],"bundle_sell_ids":[],"acf":[],"spectra_custom_meta":{"_download_limit":["-1","-1"],"_download_expiry":["-1","-1"],"_downloadable":["no","no"],"_sku":["SGD 21-B","SGD 21-B"],"_stock_status":["instock","instock","instock","instock","instock","instock","instock","instock","instock"],"_sold_individually":["no","no"],"_tax_class":["",""],"_tax_status":["taxable","taxable"],"_virtual":["no","no"],"_weight":["0.035"],"_width":["0"],"_height":["0"],"_length":["0"],"total_sales":["16","16"],"_product_datasheet":["field_650ad7d6ea3a0"],"_connectivity":["field_64dce263bb57c"],"brand":["PanelPilot"],"_brand":["field_64ddf62ed2593"],"_brand_image":["field_650c5e7c84cae"],"_specifications_table":["field_65044e1db92a8"],"_display_data_alarm":["field_667d647bcb066"],"_resources":["field_650849c6945ee"],"_accessories":["field_650849e6945f0"],"_faqs":["field_650859523d8d5"],"_calibration_suitable_ids_gb":["field_654b4c4acb54a"],"_calibration_suitable_ids_us":["field_654b4c56cb54b"],"_show_in_calibration_suitable":["field_654cfb691d345"],"_usd_price_4":["field_651570dcac479"],"_usd_price_9":["field_6515713eb4807"],"_usd_price_24":["field_65157141b4809"],"_usd_price_49":["field_65157140b4808"],"_usd_price_99":["field_6515715bb480a"],"_gbp_price_4":["field_6515716e83bfa"],"_gbp_price_9":["field_6515724783bfb"],"_gbp_price_24":["field_6515724b83bfc"],"_gbp_price_49":["field_6515725983bfd"],"_gbp_price_99":["field_6515725d83bfe"],"_usdhk_price_4":["field_6515726f83bff"],"_usdhk_price_9":["field_6515727c83c00"],"_usdhk_price_24":["field_6515728083c01"],"_usdhk_price_49":["field_6515728983c02"],"_usdhk_price_99":["field_6515728e83c03"],"stock_options":["Available in 3 to 5 days"],"_stock_options":["field_6544b605dc7f9"],"_top_nav_excluded":[""],"_cms_nav_minihome":[""],"wcml_sync_hash":["a:1:{s:15:\"postmeta_fields\";s:32:\"cae500215173bb39bf35997b30e05262\";}"],"attr_label_translations":["a:0:{}"],"_product_image_gallery":["31782,31783,31784"],"_thumbnail_id":["31781"],"_crosssell_ids":["a:0:{}"],"_stock":[null],"connectivity":[""],"_calibration":["field_66a0ddd599972"],"_shipping":["field_66852535c98a5"],"_refrigerant_cabinet":["field_66852557c98a6"],"_main_specifications":["field_66855b25b1245"],"_edit_lock":["1756736414:8383"],"classic-editor-remember":["classic-editor"],"rank_math_seo_score":["93"],"_edit_last":["8383"],"commercekit_gallery_layout":[""],"commercekit_disable_sticky_atc":["0"],"commercekit_wc_video_gallery":["a:0:{}"],"_rank_math_gtin_code":[""],"_wc_average_rating":[0],"_wc_review_count":["0"],"_product_version":["10.1.2"],"display_data_alarm":[""],"calibration":[""],"calibration_suitable_ids_gb":[""],"calibration_suitable_ids_us":[""],"show_in_calibration_suitable":[""],"other_features":[""],"shipping":[""],"refrigerant_cabinet":[""],"main_specifications":[""],"shoptimizer_layout_pdp_short_description_position":["default"],"rank_math_primary_product_cat":["0"],"product_datasheet":["10334"],"_wpml_media_duplicate":["1"],"_wpml_media_featured":["1"],"_last_translation_edit_mode":["native-editor"],"faqs":[""],"usd_price_4":["0.00"],"usd_price_9":["0.00"],"usd_price_24":["0.00"],"usd_price_49":["0.00"],"usd_price_99":["0.00"],"gbp_price_49":["0.00"],"gbp_price_99":["0.00"],"usdhk_price_49":["0.00"],"usdhk_price_99":["0.00"],"_wpml_word_count":["257"],"_backorders":["no","no"],"_manage_stock":["no","no"],"min_temp":[""],"max_temp":[""],"_other_features_arctiko":[""],"_other_features":["field_686fa2aa98dce"],"_min_temp":["field_67ea5eb4e0a77"],"_max_temp":["field_67ea5f81e0a79"],"rank_math_title":["SGD 21-B | Panel de visualizaci\u00f3n de papel electr\u00f3nico legible por la luz solar | Praxas"],"rank_math_description":["El PanelPilot SGD 21-B es un volt\u00edmetro monocanal de bajo coste, consumo ultrabajo, legible a la luz del sol y con una elegante pantalla monocroma de matriz de puntos de papel electr\u00f3nico."],"rank_math_focus_keyword":["SGD 21-B"],"specifications_table":["<table class=\"specifications\">\r\n<tbody>\r\n<tr class=\"even-row\">\r\n<td class=\"left-td\">Pantalla<\/td>\r\n<td>Pantalla de matriz de puntos de papel electr\u00f3nico de 2,1 pulgadas<\/td>\r\n<\/tr>\r\n<tr class=\"odd-row\">\r\n<td class=\"left-td\">Resoluci\u00f3n<\/td>\r\n<td>250 x 122 p\u00edxeles<\/td>\r\n<\/tr>\r\n<tr class=\"even-row\">\r\n<td class=\"left-td\">Rango de medida<\/td>\r\n<td>0 - 30 V c.c. Consulta la hoja de datos para ver las opciones de escala y las instrucciones de configuraci\u00f3n.<\/td>\r\n<\/tr>\r\n<tr class=\"odd-row\">\r\n<td class=\"left-td\">Rango de medici\u00f3n, 4 - 20 mA<\/td>\r\n<td>Coloca una resistencia de escala adicional Ra = 62\u03a9. Consulta la hoja de datos para ver las opciones de escalado y las instrucciones de configuraci\u00f3n.<\/td>\r\n<\/tr>\r\n<tr class=\"even-row\">\r\n<td class=\"left-td\">Rango de medida, otros rangos<\/td>\r\n<td>Para tensiones superiores a 30V se pueden utilizar resistencias de escala externas.<\/td>\r\n<\/tr>\r\n<tr class=\"odd-row\">\r\n<td class=\"left-td\">Tensi\u00f3n de funcionamiento<\/td>\r\n<td>4 a 9 V c.c.<\/td>\r\n<\/tr>\r\n<tr class=\"even-row\">\r\n<td class=\"left-td\">Corriente de alimentaci\u00f3n (t\u00edpica)<\/td>\r\n<td>3 mA<\/td>\r\n<\/tr>\r\n<tr class=\"odd-row\">\r\n<td class=\"left-td\">\u00c1rea de visi\u00f3n<\/td>\r\n<td>48,3 mm (1,9 \u201c) x 23,7 mm (0,93\u201d)<\/td>\r\n<\/tr>\r\n<\/tbody>\r\n<\/table>"],"resources":["<ul class=\"resources-list\">\r\n \t<li><img src=\"https:\/\/praxas.com\/wp-content\/uploads\/document-icon.png\" alt=\"Icono de documento\" \/><a href=\"https:\/\/praxas.com\/wp-content\/uploads\/sgd-21-b_datasheet_iss4_08_18.pdf\" target=\"_blank\" rel=\"noopener\">Ficha t\u00e9cnica SGD 21-B<\/a><\/li>\r\n \t<li><img src=\"https:\/\/praxas.com\/wp-content\/uploads\/document-icon.png\" alt=\"Icono de documento\" \/>\r\n<a href=\"https:\/\/praxas.com\/wp-content\/uploads\/sgd-21_b-quickstart-guide.pdf\" target=\"_blank\" rel=\"noopener\">SGD 21-B Gu\u00eda de inicio r\u00e1pido<\/a><\/li>\r\n \t<li><img src=\"https:\/\/praxas.com\/wp-content\/uploads\/video-icon-orange.png\" alt=\"Icono de v\u00eddeo\" \/>\r\n<a href=\"https:\/\/youtu.be\/97e6ebL5ljI\" target=\"_blank\" rel=\"noopener\">Videotutorial de configuraci\u00f3n del SGD 21-B<\/a><\/li>\r\n \t<li><img src=\"https:\/\/praxas.com\/wp-content\/uploads\/document-icon.png\" alt=\"Icono de documento\" \/><a href=\"https:\/\/praxas.com\/wp-content\/uploads\/declaration-of-conformity_ppb_05_2018.pdf\" target=\"_blank\" rel=\"noopener\">Declaraci\u00f3n de conformidad<\/a><\/li>\r\n<\/ul>"],"accessories":["[products skus=\"CABLE USB A-SIL5\"]"],"gbp_price_4":["43.19"],"gbp_price_9":["41.84"],"gbp_price_24":["40.49"],"usdhk_price_4":["57.59"],"usdhk_price_9":["55.79"],"usdhk_price_24":["53.99"],"_wc_gla_synced_at":["1756736314"],"_wc_gla_sync_status":["pending"],"_wc_gla_visibility":["sync-and-show"],"_wc_gla_google_ids":["a:1:{s:2:\"NL\";s:22:\"online:es:NL:gla_31780\";}"],"rank_math_contentai_score":["a:5:{s:8:\"keywords\";s:5:\"74.51\";s:9:\"wordCount\";s:1:\"0\";s:9:\"linkCount\";s:1:\"0\";s:12:\"headingCount\";s:1:\"0\";s:10:\"mediaCount\";s:1:\"0\";}"],"_wcrq_show_quote":["yes"],"_wcrq_show_quote_description":["yes"],"_wcrq_hubspot_portal_id":[""],"_wcrq_hubspot_form_id":[""],"_wcrq_hide_purchase_options":["no"],"_wcml_average_rating":[null],"_wcml_review_count":[null],"_wcml_rating_count":[null],"rank_math_primary_product_brand":["0"],"brand_image":["10474"],"rank_math_analytic_object_id":["1267"],"_uag_page_assets":["a:9:{s:3:\"css\";s:0:\"\";s:2:\"js\";s:0:\"\";s:18:\"current_block_list\";a:0:{}s:8:\"uag_flag\";b:0;s:11:\"uag_version\";s:10:\"1775212209\";s:6:\"gfonts\";a:0:{}s:10:\"gfonts_url\";s:0:\"\";s:12:\"gfonts_files\";a:0:{}s:14:\"uag_faq_layout\";b:0;}"],"_regular_price":["58.85","58.85"],"_price":["58.85","58.85"],"hubwoo_ecomm_pro_id":["25315555103"],"_max_variation_price":[""],"_max_variation_regular_price":[""],"_max_variation_sale_price":[""],"_min_variation_price":[""],"_min_variation_regular_price":[""],"_min_variation_sale_price":[""],"_sale_price":[""],"_wc_pb_base_regular_price":[""],"_wc_pb_base_sale_price":[""],"_wc_pb_base_price":[""],"_wc_sw_max_price":[""],"_wc_sw_max_regular_price":[""],"_wc_rating_count":[""]},"uagb_featured_image_src":{"full":["https:\/\/praxas.com\/wp-content\/uploads\/SGD-21-B_Front.png",800,463,false],"thumbnail":["https:\/\/praxas.com\/wp-content\/uploads\/SGD-21-B_Front-150x150.png",150,150,true],"medium":["https:\/\/praxas.com\/wp-content\/uploads\/SGD-21-B_Front-300x174.png",300,174,true],"medium_large":["https:\/\/praxas.com\/wp-content\/uploads\/SGD-21-B_Front-768x444.png",768,444,true],"large":["https:\/\/praxas.com\/wp-content\/uploads\/SGD-21-B_Front.png",800,463,false],"1536x1536":["https:\/\/praxas.com\/wp-content\/uploads\/SGD-21-B_Front.png",800,463,false],"2048x2048":["https:\/\/praxas.com\/wp-content\/uploads\/SGD-21-B_Front.png",800,463,false],"crunchify-admin-post-featured-image":["https:\/\/praxas.com\/wp-content\/uploads\/SGD-21-B_Front-120x69.png",120,69,true],"commercegurus-pdp-large":["https:\/\/praxas.com\/wp-content\/uploads\/SGD-21-B_Front.png",800,463,false],"commercegurus-plp-mobile":["https:\/\/praxas.com\/wp-content\/uploads\/SGD-21-B_Front-441x255.png",441,255,true],"cgkit_image_swatch":["https:\/\/praxas.com\/wp-content\/uploads\/SGD-21-B_Front-100x100.png",100,100,true],"woocommerce_thumbnail":["https:\/\/praxas.com\/wp-content\/uploads\/SGD-21-B_Front-300x174.png",300,174,true],"woocommerce_single":["https:\/\/praxas.com\/wp-content\/uploads\/SGD-21-B_Front.png",800,463,false],"woocommerce_gallery_thumbnail":["https:\/\/praxas.com\/wp-content\/uploads\/SGD-21-B_Front-150x87.png",150,87,true]},"uagb_author_info":{"display_name":"AndyS","author_link":"https:\/\/praxas.com\/es\/author\/"},"uagb_comment_info":0,"uagb_excerpt":"Pantalla matricial de papel electr\u00f3nico de 2,1 pulgadas","_links":{"self":[{"href":"https:\/\/praxas.com\/es\/wp-json\/wp\/v2\/product\/31780","targetHints":{"allow":["GET"]}}],"collection":[{"href":"https:\/\/praxas.com\/es\/wp-json\/wp\/v2\/product"}],"about":[{"href":"https:\/\/praxas.com\/es\/wp-json\/wp\/v2\/types\/product"}],"wp:featuredmedia":[{"embeddable":true,"href":"https:\/\/praxas.com\/es\/wp-json\/wp\/v2\/media\/31781"}],"wp:attachment":[{"href":"https:\/\/praxas.com\/es\/wp-json\/wp\/v2\/media?parent=31780"}],"wp:term":[{"taxonomy":"product_brand","embeddable":true,"href":"https:\/\/praxas.com\/es\/wp-json\/wp\/v2\/product_brand?post=31780"},{"taxonomy":"product_cat","embeddable":true,"href":"https:\/\/praxas.com\/es\/wp-json\/wp\/v2\/product_cat?post=31780"},{"taxonomy":"product_tag","embeddable":true,"href":"https:\/\/praxas.com\/es\/wp-json\/wp\/v2\/product_tag?post=31780"}],"curies":[{"name":"wp","href":"https:\/\/api.w.org\/{rel}","templated":true}]}}