{"id":31787,"date":"2023-07-27T03:21:00","date_gmt":"2023-07-27T01:21:00","guid":{"rendered":"https:\/\/staging.praxas.com\/product\/sin%20categor\u00eda\/sgd-43-a-dk\/"},"modified":"2025-10-09T10:04:37","modified_gmt":"2025-10-09T08:04:37","slug":"sgd-43-a-dk","status":"publish","type":"product","link":"https:\/\/praxas.com\/es\/product\/uncategorized-es\/sgd-43-a-dk\/","title":{"rendered":"SGD 43-A DK+"},"content":{"rendered":"<p>El SGD 43-A DK+ es un kit de desarrollo para el <strong><br \/>\n  <a href=\"\/product\/panelpilot-displays\/panelpilotace\/panelpilot-sgd-43-a\/\">SGD 43-A<\/a><br \/>\n<\/strong> con pantalla. La propia placa de desarrollo proporciona interruptores, diales, LED y conexiones de terminales de tornillo para conectar y probar r\u00e1pidamente todas las funciones de entrada\/salida de la pantalla del PanelPilotACE.<\/p>\n<p>El kit de desarrollo, SGD 43-A-DK+, es la mejor opci\u00f3n si est\u00e1s empezando a desarrollar en la plataforma PanelPilotACE. Incluye todo lo que necesitas para empezar: un SGD 43-A, una placa de desarrollo y un cable USB. La placa proporciona interruptores, diales, LEDs y conexiones de terminales de tornillo para toda la funcionalidad de entrada y salida del <strong><br \/>\n  <a href=\"\/product\/panelpilot-displays\/panelpilotace\/panelpilot-sgd-43-a\/\">SGD 43-A<\/a><br \/>\n<\/strong>.<\/p>\n<p><strong>PanelPilotACE Universidad<\/strong><\/p>\n<p>El <a href=\"https:\/\/praxas.com\/es\/panelpilotace-universidad\/\"><br \/>\n  <strong>Universidad PanelPilotACE<\/strong><br \/>\n<\/a> dispone de multitud de recursos para que tu experiencia de programaci\u00f3n sea lo m\u00e1s r\u00e1pida y eficaz posible. Desde Gu\u00edas pr\u00e1cticas y Preguntas frecuentes hasta un n\u00famero cada vez mayor de Plantillas ACE preconfiguradas y una Biblioteca de iconos y gr\u00e1ficos, visita la Universidad y haz que tu proyecto PanelPilotACE sea a\u00fan m\u00e1s r\u00e1pido.<\/p>\n","protected":false},"excerpt":{"rendered":"<p>Kit de desarrollo para el SGD 43-A<\/p>\n","protected":false},"featured_media":31788,"template":"","meta":{"_acf_changed":false,"content-type":"","_uag_custom_page_level_css":""},"product_brand":[],"product_cat":[2646],"product_tag":[],"class_list":{"0":"post-31787","1":"product","2":"type-product","3":"status-publish","4":"has-post-thumbnail","6":"product_cat-uncategorized-es","8":"first","9":"instock","10":"taxable","11":"shipping-taxable","12":"purchasable","13":"product-type-simple"},"bundled_by":[],"bundle_stock_status":"instock","bundle_stock_quantity":3,"bundle_virtual":false,"bundle_layout":"","bundle_add_to_cart_form_location":"","bundle_editable_in_cart":false,"bundle_sold_individually_context":"","bundle_item_grouping":"","bundle_min_size":"","bundle_max_size":"","bundle_price":[],"bundled_items":[],"bundle_sell_ids":[],"acf":[],"spectra_custom_meta":{"_download_limit":["-1","-1"],"_download_expiry":["-1","-1"],"_downloadable":["no","no"],"_sku":["SGD 43-A DK+","SGD 43-A DK+"],"_stock_status":["instock","instock","instock","instock","instock","instock","instock"],"_sold_individually":["no","no"],"_tax_class":["",""],"_tax_status":["taxable","taxable"],"_virtual":["no","no"],"_weight":["0.707"],"_width":["0"],"_height":["0"],"_length":["0","0"],"total_sales":["1","1"],"_product_datasheet":["field_650ad7d6ea3a0"],"_connectivity":["field_64dce263bb57c","field_64dce263bb57c"],"brand":["PanelPilot","PanelPilot"],"_brand":["field_64ddf62ed2593","field_64ddf62ed2593"],"_brand_image":["field_650c5e7c84cae"],"_specifications_table":["field_65044e1db92a8"],"_resources":["field_650849c6945ee"],"_accessories":["field_650849e6945f0","field_650849e6945f0"],"_faqs":["field_650859523d8d5"],"_calibration_suitable_ids_gb":["field_654b4c4acb54a"],"_calibration_suitable_ids_us":["field_654b4c56cb54b"],"_show_in_calibration_suitable":["field_654cfb691d345"],"_usd_price_4":["field_651570dcac479"],"_usd_price_9":["field_6515713eb4807"],"_usd_price_24":["field_65157141b4809"],"_usd_price_49":["field_65157140b4808"],"_usd_price_99":["field_6515715bb480a"],"_gbp_price_4":["field_6515716e83bfa"],"_gbp_price_9":["field_6515724783bfb"],"_gbp_price_24":["field_6515724b83bfc"],"_gbp_price_49":["field_6515725983bfd"],"_gbp_price_99":["field_6515725d83bfe"],"_usdhk_price_4":["field_6515726f83bff"],"_usdhk_price_9":["field_6515727c83c00"],"_usdhk_price_24":["field_6515728083c01"],"_usdhk_price_49":["field_6515728983c02"],"_usdhk_price_99":["field_6515728e83c03"],"stock_options":["In stock"],"_stock_options":["field_6544b605dc7f9"],"_top_nav_excluded":[""],"_cms_nav_minihome":[""],"wcml_sync_hash":["a:1:{s:15:\"postmeta_fields\";s:32:\"4433e68fe5f507c305e3e91f0e64ea7f\";}"],"attr_label_translations":["a:0:{}"],"_product_image_gallery":["31789,31790,31791,31792"],"_thumbnail_id":["31788"],"_crosssell_ids":["a:0:{}"],"_stock":["3.000000"],"connectivity":["",""],"_display_data_alarm":["field_667d647bcb066"],"_calibration":["field_66a0ddd599972"],"_shipping":["field_66852535c98a5"],"_refrigerant_cabinet":["field_66852557c98a6"],"_main_specifications":["field_66855b25b1245"],"_edit_lock":["1721918169:8383"],"classic-editor-remember":["classic-editor"],"rank_math_seo_score":["37"],"_edit_last":["8383"],"commercekit_gallery_layout":[""],"commercekit_disable_sticky_atc":["0"],"commercekit_wc_video_gallery":["a:0:{}"],"_rank_math_gtin_code":[""],"_wc_average_rating":[0],"_wc_review_count":["0"],"_product_version":["9.1.2"],"display_data_alarm":[""],"calibration":[""],"calibration_suitable_ids_gb":[""],"calibration_suitable_ids_us":[""],"show_in_calibration_suitable":[""],"other_features":[""],"shipping":[""],"refrigerant_cabinet":[""],"main_specifications":[""],"shoptimizer_layout_pdp_short_description_position":["default"],"product_datasheet":["10445"],"brand_image":["10474"],"_wpml_media_duplicate":["1"],"_wpml_media_featured":["1"],"_last_translation_edit_mode":["translation-editor"],"_backorders":["no","no"],"_manage_stock":["no","no"],"_wpml_word_count":["183"],"rank_math_primary_product_cat":["108","108"],"faqs":["<span class=\"ui-provider bge bgf bgd bgg bgh bgi bgj bgk bgl bgm bgn bgo bgp bgq bgr bgs bgt bgu bgv bgw bgx bgy bgz bha bhb bhc bhd bhe bhf bhg bhh bhi bhj bhk bhl\" dir=\"ltr\">[accordion]\n[accordion_header]Mi reloj est\u00e1 ajustado a la hora equivocada, \u00bfc\u00f3mo ajusto el reloj?[\/accordion_header]\n[accordion_section]Abre el estudio de dise\u00f1o Panel Pilot ACE y conecta tu dispositivo. Suponiendo que tu dispositivo se haya conectado correctamente, deber\u00edas poder seleccionarlo en el cuadro desplegable Dispositivo, en la parte superior derecha del estudio. Pulsa el bot\u00f3n situado a la derecha de la selecci\u00f3n de dispositivos, que tiene el aspecto de tres l\u00edneas blancas horizontales. En el men\u00fa desplegable que aparece, selecciona \"Configuraci\u00f3n del dispositivo\". Luego marca la casilla \"Establecer reloj en tiempo real\" y aseg\u00farate de que est\u00e1 seleccionada la hora correcta (+1 se refiere a GMT+1). Pulsa el bot\u00f3n de configurar y la aplicaci\u00f3n se actualizar\u00e1.  [\/accordion_section]\n[\/accordion]<\/span>\n\n<span class=\"ui-provider bge bgf bgd bgg bgh bgi bgj bgk bgl bgm bgn bgo bgp bgq bgr bgs bgt bgu bgv bgw bgx bgy bgz bha bhb bhc bhd bhe bhf bhg bhh bhi bhj bhk bhl\" dir=\"ltr\">[accordion]\n[accordion_header]\u00bfPor qu\u00e9 las capacidades I\u00b2C y SPI del hardware no est\u00e1n disponibles en el software?[\/accordion_header]\n[accordion_section]Aunque la versi\u00f3n actual del software no te permite hacer uso de ellas, nuestro equipo de software est\u00e1 ocupado a\u00f1adiendo estas funciones. Esta funci\u00f3n es nuestra m\u00e1xima prioridad y esperamos que est\u00e9 disponible en los pr\u00f3ximos meses.[\/accordion_section]\n[\/accordion]<\/span>\n\n<a class=\"button button-secondary\" href=\"\/support\/panelpilotace\/\">M\u00e1s apoyo<\/a>"],"usd_price_4":["0.00"],"usd_price_9":["0.00"],"usd_price_24":["0.00"],"usd_price_49":["0.00"],"usd_price_99":["0.00"],"gbp_price_4":["0.00"],"gbp_price_9":["0.00"],"gbp_price_24":["0.00"],"gbp_price_49":["0.00"],"gbp_price_99":["0.00"],"usdhk_price_4":["0.00"],"usdhk_price_9":["0.00"],"usdhk_price_24":["0.00"],"usdhk_price_49":["0.00"],"usdhk_price_99":["0.00"],"_other_features":[""],"min_temp":[""],"max_temp":[""],"_min_temp":[""],"_max_temp":[""],"_other_features_arctiko":[""],"_wc_gla_synced_at":["1756736631"],"_wc_gla_sync_status":["synced"],"_wc_gla_visibility":["sync-and-show"],"_wc_gla_google_ids":["a:1:{s:2:\"NL\";s:22:\"online:es:NL:gla_31787\";}"],"_wcml_average_rating":[null],"_wcml_review_count":[null],"_wcml_rating_count":[null],"rank_math_title":["Kit de desarrollo SGS 43-A DK+ PanelPilot | Praxas"],"rank_math_description":["\u00bfTe aventuras en el desarrollo de pantallas? El SGD 43-A DK+ es un kit completo para la pantalla SGD 43-A, con interruptores, diales, LED y conexiones de terminales de tornillo."],"rank_math_focus_keyword":["SGD 43-A DK+"],"specifications_table":["<table class=\"specifications\">\n<tbody>\n<tr class=\"even-row\">\n<td class=\"left-td\">Entradas anal\u00f3gicas<\/td>\n<td>x4<\/td>\n<\/tr>\n<tr class=\"odd-row\">\n<td class=\"left-td\">Entradas\/Salidas digitales<\/td>\n<td>x8<\/td>\n<\/tr>\n<tr class=\"even-row\">\n<td class=\"left-td\">Salidas PWM<\/td>\n<td>x4<\/td>\n<\/tr>\n<tr class=\"odd-row\">\n<td class=\"left-td\">Salidas de alarma<\/td>\n<td>x2<\/td>\n<\/tr>\n<tr class=\"even-row\">\n<td class=\"left-td\">Conexiones de bus serie<\/td>\n<td>RS232 Y RS485<\/td>\n<\/tr>\n<tr class=\"odd-row\">\n<td class=\"left-td\">Tensi\u00f3n de alimentaci\u00f3n<\/td>\n<td>5 a 30 V c.c.<\/td>\n<\/tr>\n<tr class=\"even-row\">\n<td class=\"left-td\">Dimensiones exteriores<\/td>\n<td>181 mm (7,1\") x 147 mm (5,8\") x 64 mm (2,5\")<\/td>\n<\/tr>\n<\/tbody>\n<\/table>"],"resources":["<ul class=\"resources-list\">\n \t<li><img src=\"https:\/\/praxas.com\/wp-content\/uploads\/document-icon.png\" alt=\"Icono de documento\"><span class=\"mldTitle\">SGD 43-A DK+ Ficha t\u00e9cnica<\/span><\/li>\n \t<li><a href=\"https:\/\/praxas.com\/wp-content\/uploads\/panelpilot-panel-instruments-development-kits.pdf\" target=\"_blank\" rel=\"noopener\">Ingl\u00e9s<\/a><\/li>\n \t<li><a href=\"https:\/\/praxas.com\/wp-content\/uploads\/panelpilot-panel-instrument-sgd-43-a-dkplus_french.pdf\" target=\"_blank\" rel=\"noopener\">Franc\u00e9s<\/a><\/li>\n \t<li><a href=\"https:\/\/praxas.com\/wp-content\/uploads\/panelpilot-panel-instrument-sgd-43-a-dkplus_german.pdf\" target=\"_blank\" rel=\"noopener\">Alem\u00e1n<\/a><\/li>\n \t<li><a href=\"https:\/\/praxas.com\/wp-content\/uploads\/panelpilot-panel-instrument-sgd-43-a-dkplus_italian.pdf\" target=\"_blank\" rel=\"noopener\">Italiano<\/a><\/li>\n \t<li><a href=\"https:\/\/praxas.com\/wp-content\/uploads\/panelpilot-panel-instrument-sgd-43-a-dkplus_japanese.pdf\" target=\"_blank\" rel=\"noopener\">Japon\u00e9s<\/a><\/li>\n \t<li><a href=\"https:\/\/praxas.com\/wp-content\/uploads\/panelpilot-panel-instrument-sgd-43-a-dkplus_spanish.pdf\" target=\"_blank\" rel=\"noopener\">Espa\u00f1ol<\/a><\/li>\n \t<li><a href=\"\/wp-content\/uploads\/panelpilot-panel-instrument-sgd-43-a-dkplus_s-chinese.pdf\" target=\"_blank\" rel=\"noopener\">Chino (simplificado)<\/a><\/li>\n \t<li><a href=\"https:\/\/praxas.com\/wp-content\/uploads\/panelpilot-panel-instrument-sgd-43-a-dkplus_t-chinese.pdf\" target=\"_blank\" rel=\"noopener\">Chino (tradicional)<\/a><\/li>\n \t<li><img src=\"https:\/\/praxas.com\/wp-content\/uploads\/software-icon.png\" alt=\"Icono de software\"><a href=\"https:\/\/praxas.com\/software\/panelpilot-software\/panelpilotace-design-studio\/\" target=\"_blank\" rel=\"noopener\">Descargar el software PanelPilotACE<\/a><\/li>\n \t<li><img src=\"https:\/\/praxas.com\/wp-content\/uploads\/document-icon.png\" alt=\"Icono de documento\"><a href=\"https:\/\/praxas.com\/wp-content\/uploads\/sgd-70-a-quickstart-guide-postcard-04_2018.pdf\" target=\"_blank\" rel=\"noopener\">SGD 43-A DK+ Gu\u00eda de inicio r\u00e1pido<\/a><\/li>\n \t<li><img src=\"https:\/\/praxas.com\/wp-content\/uploads\/document-icon.png\" alt=\"Icono de documento\"><a href=\"https:\/\/praxas.com\/wp-content\/uploads\/declaration-of-conformity_ppa-dev-kits_iss2_08-16.pdf\" target=\"_blank\" rel=\"noopener\">Declaraci\u00f3n de conformidad<\/a><\/li>\n<\/ul>\n<a class=\"button button-secondary\" href=\"https:\/\/praxas.com\/support\/\">M\u00e1s apoyo<\/a>"],"accessories":["[products skus=\"SGD 43-A,S43-TP,S43-RS485\"]"],"_uag_page_assets":["a:9:{s:3:\"css\";s:0:\"\";s:2:\"js\";s:0:\"\";s:18:\"current_block_list\";a:0:{}s:8:\"uag_flag\";b:0;s:11:\"uag_version\";s:10:\"1775212209\";s:6:\"gfonts\";a:0:{}s:10:\"gfonts_url\";s:0:\"\";s:12:\"gfonts_files\";a:0:{}s:14:\"uag_faq_layout\";b:0;}"],"_regular_price":["449.8","449.8"],"_price":["449.8","449.8"],"hubwoo_ecomm_pro_id":["25307430436"],"_max_variation_price":[""],"_max_variation_regular_price":[""],"_max_variation_sale_price":[""],"_min_variation_price":[""],"_min_variation_regular_price":[""],"_min_variation_sale_price":[""],"_sale_price":[""],"_wc_pb_base_regular_price":[""],"_wc_pb_base_sale_price":[""],"_wc_pb_base_price":[""],"_wc_sw_max_price":[""],"_wc_sw_max_regular_price":[""],"_wc_rating_count":[""]},"uagb_featured_image_src":{"full":["https:\/\/praxas.com\/wp-content\/uploads\/SGD-43-A-DK_Flat.png",800,463,false],"thumbnail":["https:\/\/praxas.com\/wp-content\/uploads\/SGD-43-A-DK_Flat-150x150.png",150,150,true],"medium":["https:\/\/praxas.com\/wp-content\/uploads\/SGD-43-A-DK_Flat-300x174.png",300,174,true],"medium_large":["https:\/\/praxas.com\/wp-content\/uploads\/SGD-43-A-DK_Flat-768x444.png",768,444,true],"large":["https:\/\/praxas.com\/wp-content\/uploads\/SGD-43-A-DK_Flat.png",800,463,false],"1536x1536":["https:\/\/praxas.com\/wp-content\/uploads\/SGD-43-A-DK_Flat.png",800,463,false],"2048x2048":["https:\/\/praxas.com\/wp-content\/uploads\/SGD-43-A-DK_Flat.png",800,463,false],"crunchify-admin-post-featured-image":["https:\/\/praxas.com\/wp-content\/uploads\/SGD-43-A-DK_Flat-120x69.png",120,69,true],"commercegurus-pdp-large":["https:\/\/praxas.com\/wp-content\/uploads\/SGD-43-A-DK_Flat.png",800,463,false],"commercegurus-plp-mobile":["https:\/\/praxas.com\/wp-content\/uploads\/SGD-43-A-DK_Flat-441x255.png",441,255,true],"cgkit_image_swatch":["https:\/\/praxas.com\/wp-content\/uploads\/SGD-43-A-DK_Flat-100x100.png",100,100,true],"woocommerce_thumbnail":["https:\/\/praxas.com\/wp-content\/uploads\/SGD-43-A-DK_Flat-300x174.png",300,174,true],"woocommerce_single":["https:\/\/praxas.com\/wp-content\/uploads\/SGD-43-A-DK_Flat.png",800,463,false],"woocommerce_gallery_thumbnail":["https:\/\/praxas.com\/wp-content\/uploads\/SGD-43-A-DK_Flat-150x87.png",150,87,true]},"uagb_author_info":{"display_name":"AndyS","author_link":"https:\/\/praxas.com\/es\/author\/"},"uagb_comment_info":0,"uagb_excerpt":"Kit de desarrollo para el SGD 43-A","_links":{"self":[{"href":"https:\/\/praxas.com\/es\/wp-json\/wp\/v2\/product\/31787","targetHints":{"allow":["GET"]}}],"collection":[{"href":"https:\/\/praxas.com\/es\/wp-json\/wp\/v2\/product"}],"about":[{"href":"https:\/\/praxas.com\/es\/wp-json\/wp\/v2\/types\/product"}],"wp:featuredmedia":[{"embeddable":true,"href":"https:\/\/praxas.com\/es\/wp-json\/wp\/v2\/media\/31788"}],"wp:attachment":[{"href":"https:\/\/praxas.com\/es\/wp-json\/wp\/v2\/media?parent=31787"}],"wp:term":[{"taxonomy":"product_brand","embeddable":true,"href":"https:\/\/praxas.com\/es\/wp-json\/wp\/v2\/product_brand?post=31787"},{"taxonomy":"product_cat","embeddable":true,"href":"https:\/\/praxas.com\/es\/wp-json\/wp\/v2\/product_cat?post=31787"},{"taxonomy":"product_tag","embeddable":true,"href":"https:\/\/praxas.com\/es\/wp-json\/wp\/v2\/product_tag?post=31787"}],"curies":[{"name":"wp","href":"https:\/\/api.w.org\/{rel}","templated":true}]}}