{"id":31831,"date":"2023-07-27T03:19:00","date_gmt":"2023-07-27T01:19:00","guid":{"rendered":"https:\/\/staging.praxas.com\/product\/sin%20categor\u00eda\/s43-rs485\/"},"modified":"2025-10-09T10:06:01","modified_gmt":"2025-10-09T08:06:01","slug":"s43-rs485","status":"publish","type":"product","link":"https:\/\/praxas.com\/es\/product\/uncategorized-es\/s43-rs485\/","title":{"rendered":"S43-RS485"},"content":{"rendered":"<p>El S43-RS485 es un accesorio de la gama PanelPilotACE y es compatible con el m\u00f3dulo de pantalla PanelPilotACE de 4,3&#8243; (<strong><br \/>\n  <a href=\"\/product\/panelpilot-displays\/panelpilotace\/panelpilot-sgd-43-a\/\">SGD 43-A<\/a><br \/>\n<\/strong>). El S43-RS485 se monta en la parte trasera del SGD 43-A y proporciona una interfaz RS485 de 3 hilos, as\u00ed como un terminador opcional de 120\u03a9.<\/p>\n<p>Este dispositivo puede conectarse a trav\u00e9s de los pines A (Datos+), B (Datos-) y GND y proporciona comunicaci\u00f3n semid\u00faplex.<br \/>\nEl software admite actualmente comunicaci\u00f3n serie basada en ASCII, as\u00ed como el protocolo MODBUS (RTU). Se est\u00e1n a\u00f1adiendo m\u00e1s protocolos.<\/p>\n","protected":false},"excerpt":{"rendered":"<p>Placa complementaria que permite la comunicaci\u00f3n RS485.<\/p>\n","protected":false},"featured_media":31832,"template":"","meta":{"_acf_changed":false,"content-type":"","_uag_custom_page_level_css":""},"product_brand":[],"product_cat":[2646],"product_tag":[],"class_list":{"0":"post-31831","1":"product","2":"type-product","3":"status-publish","4":"has-post-thumbnail","6":"product_cat-uncategorized-es","8":"first","9":"instock","10":"taxable","11":"shipping-taxable","12":"purchasable","13":"product-type-simple"},"bundled_by":[],"bundle_stock_status":"instock","bundle_stock_quantity":99,"bundle_virtual":false,"bundle_layout":"","bundle_add_to_cart_form_location":"","bundle_editable_in_cart":false,"bundle_sold_individually_context":"","bundle_item_grouping":"","bundle_min_size":"","bundle_max_size":"","bundle_price":[],"bundled_items":[],"bundle_sell_ids":[],"acf":[],"spectra_custom_meta":{"_download_limit":["-1","-1"],"_download_expiry":["-1","-1"],"_downloadable":["no","no"],"_sku":["S43-RS485","S43-RS485"],"_stock_status":["instock","instock","instock","instock","instock","instock"],"_sold_individually":["no","no"],"_tax_class":["",""],"_tax_status":["taxable","taxable"],"_virtual":["no","no"],"_weight":["0.016"],"_width":["0"],"_height":["0"],"_length":["0"],"total_sales":["1","1"],"_product_datasheet":["field_650ad7d6ea3a0"],"_connectivity":["field_64dce263bb57c"],"_brand":["field_64ddf62ed2593"],"_brand_image":["field_650c5e7c84cae"],"_specifications_table":["field_65044e1db92a8"],"_display_data_alarm":["field_667d647bcb066"],"_resources":["field_650849c6945ee"],"_accessories":["field_650849e6945f0"],"_faqs":["field_650859523d8d5"],"_calibration_suitable_ids_gb":["field_654b4c4acb54a"],"_calibration_suitable_ids_us":["field_654b4c56cb54b"],"_show_in_calibration_suitable":["field_654cfb691d345"],"_usd_price_4":["field_651570dcac479"],"_usd_price_9":["field_6515713eb4807"],"_usd_price_24":["field_65157141b4809"],"_usd_price_49":["field_65157140b4808"],"_usd_price_99":["field_6515715bb480a"],"_gbp_price_4":["field_6515716e83bfa"],"_gbp_price_9":["field_6515724783bfb"],"_gbp_price_24":["field_6515724b83bfc"],"_gbp_price_49":["field_6515725983bfd"],"_gbp_price_99":["field_6515725d83bfe"],"_usdhk_price_4":["field_6515726f83bff"],"_usdhk_price_9":["field_6515727c83c00"],"_usdhk_price_24":["field_6515728083c01"],"_usdhk_price_49":["field_6515728983c02"],"_usdhk_price_99":["field_6515728e83c03"],"stock_options":["In stock"],"_stock_options":["field_6544b605dc7f9"],"_top_nav_excluded":[""],"_cms_nav_minihome":[""],"wcml_sync_hash":["a:1:{s:15:\"postmeta_fields\";s:32:\"8dfc67a186bf15cced2e51d1852fa021\";}"],"attr_label_translations":["a:0:{}"],"_product_image_gallery":["31833,31834"],"_thumbnail_id":["31832"],"_crosssell_ids":["a:0:{}"],"_stock":["99.000000"],"connectivity":[""],"_calibration":["field_66a0ddd599972"],"_shipping":["field_66852535c98a5"],"_refrigerant_cabinet":["field_66852557c98a6"],"_main_specifications":["field_66855b25b1245"],"_last_translation_edit_mode":["translation-editor"],"_edit_lock":["1721905341:8383"],"classic-editor-remember":["classic-editor"],"rank_math_seo_score":["77"],"_edit_last":["8383"],"commercekit_gallery_layout":[""],"commercekit_disable_sticky_atc":["0"],"commercekit_wc_video_gallery":["a:0:{}"],"_rank_math_gtin_code":[""],"_wcml_average_rating":[null],"_wcml_review_count":[null],"_wcml_rating_count":[null],"_wc_average_rating":[0],"_wc_review_count":["0"],"_product_version":["9.1.2"],"display_data_alarm":[""],"calibration":[""],"accessories":[""],"calibration_suitable_ids_gb":[""],"calibration_suitable_ids_us":[""],"show_in_calibration_suitable":[""],"other_features":[""],"shipping":[""],"refrigerant_cabinet":[""],"main_specifications":[""],"shoptimizer_layout_pdp_short_description_position":["default"],"rank_math_primary_product_cat":["0"],"product_datasheet":["10309"],"brand_image":["10467"],"_wpml_media_duplicate":["1"],"_wpml_media_featured":["1"],"_backorders":["no","no"],"_manage_stock":["no","no"],"faqs":["<span class=\"ui-provider bge bgf bgd bgg bgh bgi bgj bgk bgl bgm bgn bgo bgp bgq bgr bgs bgt bgu bgv bgw bgx bgy bgz bha bhb bhc bhd bhe bhf bhg bhh bhi bhj bhk bhl\" dir=\"ltr\">[accordion]\n[accordion_header]\u00bfC\u00f3mo utilizo RS232 en el estudio de dise\u00f1o?[\/accordion_header]\n[accordion_section]<\/span>\n\nEl RS232 funciona utilizando tres elementos, uno de hardware (Puerto serie COM) y dos de funci\u00f3n (RS-232 Recibir y RS-232 Enviar).\n\nDentro del elemento hardware debes especificar las propiedades est\u00e1ndar de RS232 (velocidad en baudios, etc.). Tambi\u00e9n debes especificar el tipo de servicio; nativo si deseas comunicarte con otro dispositivo PPA, Terminal en caso contrario. La propiedad \"Modo terminal\" especifica si los datos deben envolverse con un indicador (f\u00e1cil de usar dentro de un terminal) o deben estar sin procesar (de dispositivo a dispositivo). Luego tendr\u00e1s que especificar los terminadores y separadores de env\u00edo\/recepci\u00f3n. El terminador significa el final de un determinado comando RS232 y el separador es el car\u00e1cter utilizado para separar varios valores.\n\nEl elemento Env\u00edo RS-232 te permite especificar un puerto serie (el elemento hardware) y luego numerosos \"Valores de Env\u00edo\", este elemento puede ser llamado como cualquier otra acci\u00f3n y cuando lo sea enviar\u00e1 cada valor (encerrado dentro de mensajes pre y post especificados) separados mediante el \"Separador de Env\u00edo\" especificado en el elemento hardware y terminados con el \"Terminador de Env\u00edo\" especificado en el elemento hardware. Los valores se enviar\u00e1n en orden secuencial de arriba a abajo.\n\nEl elemento Recepci\u00f3n RS-232 te permite especificar un puerto serie (el elemento hardware), cuando lo hayas seleccionado podr\u00e1s especificar un \"Alias\". Para que una Recepci\u00f3n RS-232 pueda utilizarse, debe tener un comando \u00fanico identificable al principio, si no se especifica ning\u00fan alias, se utilizar\u00e1 el nombre del elemento Recepci\u00f3n RS-232 como comando; si se especifica un alias, se utilizar\u00e1 el Alias como comando. Debe seguirle un Separador de recepci\u00f3n y, a continuaci\u00f3n, todos los valores que desees que reciba el aparato tambi\u00e9n separados por el Separador de recepci\u00f3n y terminados con el Terminador de recepci\u00f3n. A continuaci\u00f3n, especificar\u00e1s una lista de propiedades\/variables de recepci\u00f3n, aqu\u00ed es donde los valores se almacenar\u00e1n de nuevo secuencialmente de arriba a abajo como primero recibido a \u00faltimo recibido.\n\nPor ejemplo, si el Alias se estableci\u00f3 en \u201crx\u201d, el separador en coma y el terminador en [CR][LF] y el valor de recepci\u00f3n especificado era una propiedad de texto del cuadro de texto, lo siguiente establecer\u00eda el valor de texto del cuadro de texto en \u201cPrueba\u201d:\n\nLa Recepci\u00f3n RS-232 tambi\u00e9n te da la opci\u00f3n de realizar una acci\u00f3n una vez finalizada la recepci\u00f3n, por lo que podr\u00edas almacenar un valor como variable y luego llamar a una acci\u00f3n para mostrarlo o modificarlo con un constructor matem\u00e1tico antes de mostrarlo.<span class=\"ui-provider bge bgf bgd bgg bgh bgi bgj bgk bgl bgm bgn bgo bgp bgq bgr bgs bgt bgu bgv bgw bgx bgy bgz bha bhb bhc bhd bhe bhf bhg bhh bhi bhj bhk bhl\" dir=\"ltr\">[\/accordion_section]\n[\/accordion]<\/span>\n\n<span class=\"ui-provider bge bgf bgd bgg bgh bgi bgj bgk bgl bgm bgn bgo bgp bgq bgr bgs bgt bgu bgv bgw bgx bgy bgz bha bhb bhc bhd bhe bhf bhg bhh bhi bhj bhk bhl\" dir=\"ltr\">[accordion]\n[accordion_header]\u00bfQu\u00e9 protocolos son compatibles con RS485?[\/accordion_header]\n[accordion_section]Actualmente los datos brutos basados en ascii y MODBUS, pero estamos trabajando para a\u00f1adir nuevos protocolos como CANBUS, si tienes alg\u00fan protocolo que te gustar\u00eda ver, <strong><a href=\"\/contact-us\/\">ponte en contacto con nosotros<\/a>.<\/strong>[\/accordion_section]\n[\/accordion]<\/span>\n\n<a class=\"button button-secondary\" href=\"\/support\/panelpilotace\/\">M\u00e1s apoyo<\/a>"],"usd_price_4":["0.00"],"usd_price_9":["0.00"],"usd_price_24":["0.00"],"usd_price_49":["0.00"],"usd_price_99":["0.00"],"gbp_price_49":["0.00"],"gbp_price_99":["0.00"],"usdhk_price_49":["0.00"],"usdhk_price_99":["0.00"],"_wpml_word_count":["97"],"_other_features":[""],"brand":["PanelPilot"],"min_temp":[""],"max_temp":[""],"_min_temp":[""],"_max_temp":[""],"_other_features_arctiko":[""],"rank_math_title":["PanelPilot S43-RS485 | Placa adicional para comunicaci\u00f3n RS485."],"rank_math_description":["\u00bfQuieres mejorar tus pantallas PanelPilotACE? El S43-RS485 es un accesorio compatible con el m\u00f3dulo SGD 43-A de 4,3\", que proporciona una interfaz RS485 de 3 hilos."],"rank_math_focus_keyword":["S43-RS485"],"specifications_table":["<table class=\"specifications\">\n<tbody>\n<tr class=\"even-row\">\n<td class=\"left-td\">Alta tensi\u00f3n de salida del receptor<\/td>\n<td>Vcc-0,6 (4,4V)<\/td>\n<\/tr>\n<tr class=\"odd-row\">\n<td class=\"left-td\">Baja tensi\u00f3n de salida del receptor<\/td>\n<td>0,17 T\u00edpico (0,4 M\u00e1ximo)<\/td>\n<\/tr>\n<tr class=\"even-row\">\n<td class=\"left-td\">Corriente de entrada (V = 12V)<\/td>\n<td>80uA T\u00edpica (125uA M\u00e1xima)<\/td>\n<\/tr>\n<tr class=\"odd-row\">\n<td class=\"left-td\">Corriente de entrada (V=-7V)<\/td>\n<td>50uA T\u00edpica (-100uA M\u00ednima)<\/td>\n<\/tr>\n<tr class=\"even-row\">\n<td class=\"left-td\">Velocidad m\u00e1xima de datos<\/td>\n<td>20 Mbps<\/td>\n<\/tr>\n<tr class=\"odd-row\">\n<td class=\"left-td\">Tensi\u00f3n A\/B M\u00e1ximo absoluto<\/td>\n<td>-8V - +13V<\/td>\n<\/tr>\n<tr class=\"even-row\">\n<td class=\"left-td\">Temperatura de funcionamiento<\/td>\n<td>0 a 40 \u00b0C<\/td>\n<\/tr>\n<\/tbody>\n<\/table>"],"resources":["<ul class=\"resources-list\">\n \t<li><img src=\"https:\/\/praxas.com\/wp-content\/uploads\/document-icon.png\" alt=\"Icono de documento\"><a href=\"https:\/\/praxas.com\/wp-content\/uploads\/panelpilot-panel-instument-s43-rs485_datasheet_iss3_08-19.pdf\" target=\"_blank\" rel=\"noopener\">Hoja de datos del S43-RS485<\/a><\/li>\n \t<li><img src=\"https:\/\/praxas.com\/wp-content\/uploads\/software-icon.png\" alt=\"Icono de software\"><a href=\"https:\/\/praxas.com\/software\/panelpilot-software\/panelpilotace-device-software\/\" target=\"_blank\" rel=\"noopener\">Descargar el software PanelPilotACE<\/a><\/li>\n \t<li><img src=\"https:\/\/praxas.com\/wp-content\/uploads\/document-icon.png\" alt=\"Icono de documento\"><a href=\"https:\/\/praxas.com\/wp-content\/uploads\/declaration-of-conformity_ppace_iss6_01-17.pdf\" target=\"_blank\" rel=\"noopener\">Declaraci\u00f3n de conformidad<\/a><\/li>\n<\/ul>\n\u00a0"],"gbp_price_4":["15.35"],"gbp_price_9":["14.87"],"gbp_price_24":["14.39"],"usdhk_price_4":["20.64"],"usdhk_price_9":["20"],"usdhk_price_24":["19.35"],"_uag_page_assets":["a:9:{s:3:\"css\";s:0:\"\";s:2:\"js\";s:0:\"\";s:18:\"current_block_list\";a:0:{}s:8:\"uag_flag\";b:0;s:11:\"uag_version\";s:10:\"1775212209\";s:6:\"gfonts\";a:0:{}s:10:\"gfonts_url\";s:0:\"\";s:12:\"gfonts_files\";a:0:{}s:14:\"uag_faq_layout\";b:0;}"],"_regular_price":["21.25","21.25"],"_price":["21.25","21.25"],"hubwoo_ecomm_pro_id":["25277918342"],"_max_variation_price":[""],"_max_variation_regular_price":[""],"_max_variation_sale_price":[""],"_min_variation_price":[""],"_min_variation_regular_price":[""],"_min_variation_sale_price":[""],"_sale_price":[""],"_wc_pb_base_regular_price":[""],"_wc_pb_base_sale_price":[""],"_wc_pb_base_price":[""],"_wc_sw_max_price":[""],"_wc_sw_max_regular_price":[""],"_wc_rating_count":[""]},"uagb_featured_image_src":{"full":["https:\/\/praxas.com\/wp-content\/uploads\/RS485-Board-angle.png",800,463,false],"thumbnail":["https:\/\/praxas.com\/wp-content\/uploads\/RS485-Board-angle-150x150.png",150,150,true],"medium":["https:\/\/praxas.com\/wp-content\/uploads\/RS485-Board-angle-300x174.png",300,174,true],"medium_large":["https:\/\/praxas.com\/wp-content\/uploads\/RS485-Board-angle-768x444.png",768,444,true],"large":["https:\/\/praxas.com\/wp-content\/uploads\/RS485-Board-angle.png",800,463,false],"1536x1536":["https:\/\/praxas.com\/wp-content\/uploads\/RS485-Board-angle.png",800,463,false],"2048x2048":["https:\/\/praxas.com\/wp-content\/uploads\/RS485-Board-angle.png",800,463,false],"crunchify-admin-post-featured-image":["https:\/\/praxas.com\/wp-content\/uploads\/RS485-Board-angle-120x69.png",120,69,true],"commercegurus-pdp-large":["https:\/\/praxas.com\/wp-content\/uploads\/RS485-Board-angle.png",800,463,false],"commercegurus-plp-mobile":["https:\/\/praxas.com\/wp-content\/uploads\/RS485-Board-angle-441x255.png",441,255,true],"cgkit_image_swatch":["https:\/\/praxas.com\/wp-content\/uploads\/RS485-Board-angle-100x100.png",100,100,true],"woocommerce_thumbnail":["https:\/\/praxas.com\/wp-content\/uploads\/RS485-Board-angle-300x174.png",300,174,true],"woocommerce_single":["https:\/\/praxas.com\/wp-content\/uploads\/RS485-Board-angle.png",800,463,false],"woocommerce_gallery_thumbnail":["https:\/\/praxas.com\/wp-content\/uploads\/RS485-Board-angle-150x87.png",150,87,true]},"uagb_author_info":{"display_name":"AndyS","author_link":"https:\/\/praxas.com\/es\/author\/"},"uagb_comment_info":0,"uagb_excerpt":"Placa complementaria que permite la comunicaci\u00f3n RS485.","_links":{"self":[{"href":"https:\/\/praxas.com\/es\/wp-json\/wp\/v2\/product\/31831","targetHints":{"allow":["GET"]}}],"collection":[{"href":"https:\/\/praxas.com\/es\/wp-json\/wp\/v2\/product"}],"about":[{"href":"https:\/\/praxas.com\/es\/wp-json\/wp\/v2\/types\/product"}],"wp:featuredmedia":[{"embeddable":true,"href":"https:\/\/praxas.com\/es\/wp-json\/wp\/v2\/media\/31832"}],"wp:attachment":[{"href":"https:\/\/praxas.com\/es\/wp-json\/wp\/v2\/media?parent=31831"}],"wp:term":[{"taxonomy":"product_brand","embeddable":true,"href":"https:\/\/praxas.com\/es\/wp-json\/wp\/v2\/product_brand?post=31831"},{"taxonomy":"product_cat","embeddable":true,"href":"https:\/\/praxas.com\/es\/wp-json\/wp\/v2\/product_cat?post=31831"},{"taxonomy":"product_tag","embeddable":true,"href":"https:\/\/praxas.com\/es\/wp-json\/wp\/v2\/product_tag?post=31831"}],"curies":[{"name":"wp","href":"https:\/\/api.w.org\/{rel}","templated":true}]}}