{"id":31856,"date":"2023-07-27T03:16:00","date_gmt":"2023-07-27T01:16:00","guid":{"rendered":"https:\/\/staging.praxas.com\/product\/sin%20categor\u00eda\/kit-de-instalacion-del-frigorifico-tp\/"},"modified":"2025-10-09T09:56:32","modified_gmt":"2025-10-09T07:56:32","slug":"kit-de-instalacion-del-frigorifico-tp","status":"publish","type":"product","link":"https:\/\/praxas.com\/es\/product\/registradores-de-datos\/accesorios-es\/kit-de-instalacion-del-frigorifico-tp\/","title":{"rendered":"Kit de instalaci\u00f3n del frigor\u00edfico-TP"},"content":{"rendered":"<p>Este asequible kit EL-WiFi para frigor\u00edficos est\u00e1 dise\u00f1ado para ayudar a los usuarios a instalar sondas de temperatura en frigor\u00edficos\/congeladores de la forma m\u00e1s ordenada posible. El kit para frigor\u00edficos incluye una junta dise\u00f1ada para amortiguar la junta de la puerta del frigor\u00edfico\/congelador alrededor del cable de una sonda de temperatura, maximizando la eficacia al reducir la transferencia de calor a trav\u00e9s de la junta, y manteniendo la integridad de la junta. <\/p>\n<p>Sigue la gu\u00eda de inicio r\u00e1pido impresa en el embalaje para instalar ordenadamente las sondas de temperatura en s\u00f3lo unos minutos. As\u00ed tendr\u00e1s la seguridad de que tu aparato controla la temperatura en la posici\u00f3n correcta dentro del frigor\u00edfico\/congelador, sin da\u00f1ar el cable de la sonda ni la junta del frigor\u00edfico\/congelador.<\/p>\n","protected":false},"excerpt":{"rendered":"<p>Paquete de instalaci\u00f3n de la sonda de temperatura<\/p>\n","protected":false},"featured_media":31857,"template":"","meta":{"_acf_changed":false,"content-type":"","_uag_custom_page_level_css":""},"product_brand":[],"product_cat":[1553],"product_tag":[],"class_list":{"0":"post-31856","1":"product","2":"type-product","3":"status-publish","4":"has-post-thumbnail","6":"product_cat-accesorios-es","8":"first","9":"instock","10":"taxable","11":"shipping-taxable","12":"purchasable","13":"product-type-simple"},"bundled_by":[],"bundle_stock_status":"instock","bundle_stock_quantity":71,"bundle_virtual":false,"bundle_layout":"","bundle_add_to_cart_form_location":"","bundle_editable_in_cart":false,"bundle_sold_individually_context":"","bundle_item_grouping":"","bundle_min_size":"","bundle_max_size":"","bundle_price":[],"bundled_items":[],"bundle_sell_ids":[],"acf":[],"spectra_custom_meta":{"_wcml_average_rating":[null],"_wcml_review_count":[null],"_wcml_rating_count":[null],"_download_limit":["-1","-1"],"_download_expiry":["-1","-1"],"_downloadable":["no","no"],"_sku":["Fridge Install Kit-TP","Fridge Install Kit-TP"],"_stock_status":["instock","instock","instock","instock","instock"],"_sold_individually":["no","no"],"_tax_class":["",""],"_tax_status":["taxable","taxable"],"_virtual":["no","no"],"_weight":["1"],"_width":["0"],"_height":["0"],"_length":["0"],"total_sales":["33","33"],"product_datasheet":[""],"_product_datasheet":["field_650ad7d6ea3a0"],"_connectivity":["field_64dce263bb57c"],"brand":["EasyLog"],"_brand":["field_64ddf62ed2593"],"brand_image":["10467"],"_brand_image":["field_650c5e7c84cae"],"_specifications_table":["field_65044e1db92a8"],"_resources":["field_650849c6945ee"],"_accessories":["field_650849e6945f0"],"_faqs":["field_650859523d8d5"],"_calibration_suitable_ids_gb":["field_654b4c4acb54a"],"_calibration_suitable_ids_us":["field_654b4c56cb54b"],"_show_in_calibration_suitable":["field_654cfb691d345"],"_usd_price_4":["field_651570dcac479"],"_usd_price_9":["field_6515713eb4807"],"_usd_price_24":["field_65157141b4809"],"_usd_price_49":["field_65157140b4808"],"_usd_price_99":["field_6515715bb480a"],"_gbp_price_4":["field_6515716e83bfa"],"_gbp_price_9":["field_6515724783bfb"],"_gbp_price_24":["field_6515724b83bfc"],"_gbp_price_49":["field_6515725983bfd"],"_gbp_price_99":["field_6515725d83bfe"],"_usdhk_price_4":["field_6515726f83bff"],"_usdhk_price_9":["field_6515727c83c00"],"_usdhk_price_24":["field_6515728083c01"],"_usdhk_price_49":["field_6515728983c02"],"_usdhk_price_99":["field_6515728e83c03"],"stock_options":["In stock"],"_stock_options":["field_6544b605dc7f9"],"_top_nav_excluded":[""],"_cms_nav_minihome":[""],"wcml_sync_hash":["a:1:{s:15:\"postmeta_fields\";s:32:\"ec1ce9c9231b5b0f2c1f5f7245b6578a\";}"],"attr_label_translations":["a:0:{}"],"_product_attributes":["a:1:{s:16:\"pa_product-brand\";a:6:{s:4:\"name\";s:16:\"pa_product-brand\";s:5:\"value\";s:0:\"\";s:8:\"position\";i:0;s:10:\"is_visible\";i:1;s:12:\"is_variation\";i:0;s:11:\"is_taxonomy\";i:1;}}"],"_product_image_gallery":["31858,31859,31860"],"_thumbnail_id":["31857"],"_crosssell_ids":["a:0:{}"],"_stock":["71.000000"],"connectivity":[""],"_display_data_alarm":["field_667d647bcb066"],"_calibration":["field_66a0ddd599972"],"_other_features":["field_668524f8c98a4"],"_shipping":["field_66852535c98a5"],"_refrigerant_cabinet":["field_66852557c98a6"],"_main_specifications":["field_66855b25b1245"],"_last_translation_edit_mode":["translation-editor"],"_backorders":["no","no"],"_manage_stock":["no","no"],"min_temp":[""],"max_temp":[""],"_min_temp":["field_67ea5eb4e0a77"],"_max_temp":["field_67ea5f81e0a79"],"_wpml_word_count":["154"],"rank_math_primary_product_cat":["147"],"_global_unique_id":["5056744401271"],"rank_math_title":["Kit Frigor\u00edfico: Instalaci\u00f3n de la Sonda Inteligente %sep% %sitename%"],"rank_math_description":["Este kit para frigor\u00edficos est\u00e1 dise\u00f1ado para ayudar a los usuarios a instalar sondas de temperatura en frigor\u00edficos\/congeladores de la forma m\u00e1s f\u00e1cil y ordenada posible"],"rank_math_focus_keyword":["kit frigor\u00edfico"],"specifications_table":["<table class=\"specifications\">\n<tbody>\n<tr class=\"even-row\">\n<td class=\"left-td\">Precinto adecuado para:<\/td>\n<td>Sondas de temperatura EL-WiFi (excluidas las sondas de Temperatura y Humedad)<\/td>\n<\/tr>\n<tr class=\"odd-row\">\n<td class=\"left-td\">Dimensiones de la junta :<\/td>\n<td>130 mm x 12,3 mm x 4,8 mm<\/td>\n<\/tr>\n<tr class=\"even-row\">\n<td class=\"left-td\">Almohadilla adhesiva adecuada para:<\/td>\n<td>Soporte de pared EL-WiFi<\/td>\n<\/tr>\n<\/tbody>\n<\/table>"],"resources":["<ul class=\"resources-list\">\n \t<li><img src=\"https:\/\/praxas.com\/wp-content\/uploads\/document-icon.png\" alt=\"Icono de documento\"><a href=\"https:\/\/praxas.com\/wp-content\/uploads\/fridge-freezer-installation-kit-qsg.pdf\" target=\"_blank\" rel=\"noopener\">Gu\u00eda de inicio r\u00e1pido del kit de instalaci\u00f3n del frigor\u00edfico congelador<\/a><\/li>\n<\/ul>\n<a class=\"button button-secondary\" href=\"https:\/\/praxas.com\/support\/\">M\u00e1s apoyo<\/a>"],"usd_price_4":["0.00"],"usd_price_9":["0.00"],"usd_price_24":["0.00"],"usd_price_49":["0.00"],"usd_price_99":["0.00"],"gbp_price_4":["0.00"],"gbp_price_9":["0.00"],"gbp_price_24":["0.00"],"gbp_price_49":["0.00"],"gbp_price_99":["0.00"],"usdhk_price_4":["0.00"],"usdhk_price_9":["0.00"],"usdhk_price_24":["0.00"],"usdhk_price_49":["0.00"],"usdhk_price_99":["0.00"],"_uag_page_assets":["a:9:{s:3:\"css\";s:0:\"\";s:2:\"js\";s:0:\"\";s:18:\"current_block_list\";a:0:{}s:8:\"uag_flag\";b:0;s:11:\"uag_version\";s:10:\"1777052440\";s:6:\"gfonts\";a:0:{}s:10:\"gfonts_url\";s:0:\"\";s:12:\"gfonts_files\";a:0:{}s:14:\"uag_faq_layout\";b:0;}"],"_regular_price":["11.4","11.4"],"_price":["11.4","11.4"],"hubwoo_ecomm_pro_id":["25355713974"],"_max_variation_price":[""],"_max_variation_regular_price":[""],"_max_variation_sale_price":[""],"_min_variation_price":[""],"_min_variation_regular_price":[""],"_min_variation_sale_price":[""],"_sale_price":[""],"_wc_pb_base_regular_price":[""],"_wc_pb_base_sale_price":[""],"_wc_pb_base_price":[""],"_wc_sw_max_price":[""],"_wc_sw_max_regular_price":[""],"_wc_rating_count":[""],"_wc_review_count":[""],"_wc_average_rating":[0]},"uagb_featured_image_src":{"full":["https:\/\/praxas.com\/wp-content\/uploads\/Fridge-Install-Kit-TP-Contents.png",800,463,false],"thumbnail":["https:\/\/praxas.com\/wp-content\/uploads\/Fridge-Install-Kit-TP-Contents-150x150.png",150,150,true],"medium":["https:\/\/praxas.com\/wp-content\/uploads\/Fridge-Install-Kit-TP-Contents-300x174.png",300,174,true],"medium_large":["https:\/\/praxas.com\/wp-content\/uploads\/Fridge-Install-Kit-TP-Contents-768x444.png",768,444,true],"large":["https:\/\/praxas.com\/wp-content\/uploads\/Fridge-Install-Kit-TP-Contents.png",800,463,false],"1536x1536":["https:\/\/praxas.com\/wp-content\/uploads\/Fridge-Install-Kit-TP-Contents.png",800,463,false],"2048x2048":["https:\/\/praxas.com\/wp-content\/uploads\/Fridge-Install-Kit-TP-Contents.png",800,463,false],"crunchify-admin-post-featured-image":["https:\/\/praxas.com\/wp-content\/uploads\/Fridge-Install-Kit-TP-Contents-120x69.png",120,69,true],"commercegurus-pdp-large":["https:\/\/praxas.com\/wp-content\/uploads\/Fridge-Install-Kit-TP-Contents.png",800,463,false],"commercegurus-plp-mobile":["https:\/\/praxas.com\/wp-content\/uploads\/Fridge-Install-Kit-TP-Contents-441x255.png",441,255,true],"cgkit_image_swatch":["https:\/\/praxas.com\/wp-content\/uploads\/Fridge-Install-Kit-TP-Contents-100x100.png",100,100,true],"woocommerce_thumbnail":["https:\/\/praxas.com\/wp-content\/uploads\/Fridge-Install-Kit-TP-Contents-300x174.png",300,174,true],"woocommerce_single":["https:\/\/praxas.com\/wp-content\/uploads\/Fridge-Install-Kit-TP-Contents.png",800,463,false],"woocommerce_gallery_thumbnail":["https:\/\/praxas.com\/wp-content\/uploads\/Fridge-Install-Kit-TP-Contents-150x87.png",150,87,true]},"uagb_author_info":{"display_name":"AndyS","author_link":"https:\/\/praxas.com\/es\/author\/"},"uagb_comment_info":0,"uagb_excerpt":"Paquete de instalaci\u00f3n de la sonda de temperatura","_links":{"self":[{"href":"https:\/\/praxas.com\/es\/wp-json\/wp\/v2\/product\/31856","targetHints":{"allow":["GET"]}}],"collection":[{"href":"https:\/\/praxas.com\/es\/wp-json\/wp\/v2\/product"}],"about":[{"href":"https:\/\/praxas.com\/es\/wp-json\/wp\/v2\/types\/product"}],"wp:featuredmedia":[{"embeddable":true,"href":"https:\/\/praxas.com\/es\/wp-json\/wp\/v2\/media\/31857"}],"wp:attachment":[{"href":"https:\/\/praxas.com\/es\/wp-json\/wp\/v2\/media?parent=31856"}],"wp:term":[{"taxonomy":"product_brand","embeddable":true,"href":"https:\/\/praxas.com\/es\/wp-json\/wp\/v2\/product_brand?post=31856"},{"taxonomy":"product_cat","embeddable":true,"href":"https:\/\/praxas.com\/es\/wp-json\/wp\/v2\/product_cat?post=31856"},{"taxonomy":"product_tag","embeddable":true,"href":"https:\/\/praxas.com\/es\/wp-json\/wp\/v2\/product_tag?post=31856"}],"curies":[{"name":"wp","href":"https:\/\/api.w.org\/{rel}","templated":true}]}}