{"id":31912,"date":"2023-07-27T03:12:00","date_gmt":"2023-07-27T01:12:00","guid":{"rendered":"https:\/\/staging.praxas.com\/product\/sin%20categor\u00eda\/el-wifi-21cfr-th\/"},"modified":"2025-10-09T10:01:54","modified_gmt":"2025-10-09T08:01:54","slug":"el-wifi-21cfr-th","status":"publish","type":"product","link":"https:\/\/praxas.com\/es\/product\/registradores-de-datos\/temperatura-y-humedad\/el-wifi-21cfr-th\/","title":{"rendered":"EL-WiFi-21CFR-TH"},"content":{"rendered":"<p>Este registrador de datos de temperatura, humedad y punto de roc\u00edo con WiFi puede controlar a distancia un entorno en un rango de medici\u00f3n de -20 a +60\u00b0C (-4 a +140\u00b0F) y de 0 a 100% de HR. Los datos se cargan peri\u00f3dicamente mediante una red WiFi est\u00e1ndar, sin necesidad de recoger f\u00edsicamente y conectar la unidad a un PC. Los datos se transmiten de forma inal\u00e1mbrica a la <a href=\"https:\/\/21cfr.wifisensorcloud.com\/\" target=\"_blank\" rel=\"noopener\"><br \/>\n  <strong>Nube EasyLog 21CFR<\/strong><br \/>\n<\/a>.<\/p>\n<p>El dispositivo almacenar\u00e1 los datos internamente si pierde la conexi\u00f3n WiFi y los subir\u00e1 autom\u00e1ticamente a la Nube una vez vuelva a conectarse.<\/p>\n<p><strong>\u00bfPor qu\u00e9 comprar un registrador 21CFR?<\/strong><\/p>\n<p>La normativa 21 CFR Parte 11 de la Administraci\u00f3n de Alimentos y Medicamentos de EEUU (FDA) establece los criterios seg\u00fan los cuales la FDA puede considerar que los registros electr\u00f3nicos son equivalentes a los registros en papel. Si necesitas cumplir estas normativas o tienes requisitos de seguridad de datos mejorados, entonces debes elegir uno de nuestros registradores 21CFR; de lo contrario, nuestros registradores est\u00e1ndar ser\u00e1n suficientes.<\/p>\n<p>La suscripci\u00f3n a la Nube 21CFR ofrece toda la flexibilidad de la supervisi\u00f3n remota y puede instalarse como parte de un sistema que cumpla la normativa 21CFR. Entre sus funciones se incluyen el uso basado en permisos, la aprobaci\u00f3n a nivel de autoridad y la auditor\u00eda completa del sistema para garantizar que los datos supervisados y recopilados est\u00e1n regulados por la norma 21CFR Parte 11. Este dispositivo requiere una suscripci\u00f3n a nuestro servicio EasyLog 21CFR Cloud.<\/p>\n<p>Este producto cumple la norma BS EN 12830:2018 (Registradores de temperatura para el transporte, almacenamiento y distribuci\u00f3n de mercanc\u00edas sensibles a la temperatura).<\/p>\n","protected":false},"excerpt":{"rendered":"<p>21CFR Registrador de datos WiFi de temperatura y HR<\/p>\n","protected":false},"featured_media":31913,"template":"","meta":{"_acf_changed":false,"content-type":"","_uag_custom_page_level_css":""},"product_brand":[],"product_cat":[1610],"product_tag":[1602,1604,2435,1607,1571,1562,1559],"class_list":{"0":"post-31912","1":"product","2":"type-product","3":"status-publish","4":"has-post-thumbnail","6":"product_cat-temperatura-y-humedad","7":"product_tag-21cfr-es","8":"product_tag-alarma","9":"product_tag-easylog-es","10":"product_tag-iot-es","11":"product_tag-mostrar","12":"product_tag-sensor-interno","13":"product_tag-wifi-es","15":"first","16":"instock","17":"taxable","18":"shipping-taxable","19":"purchasable","20":"product-type-simple"},"bundled_by":[],"bundle_stock_status":"instock","bundle_stock_quantity":245,"bundle_virtual":false,"bundle_layout":"","bundle_add_to_cart_form_location":"","bundle_editable_in_cart":false,"bundle_sold_individually_context":"","bundle_item_grouping":"","bundle_min_size":"","bundle_max_size":"","bundle_price":[],"bundled_items":[],"bundle_sell_ids":[],"acf":[],"spectra_custom_meta":{"_product_attributes":["a:2:{s:16:\"pa_product-brand\";a:6:{s:4:\"name\";s:16:\"pa_product-brand\";s:5:\"value\";s:0:\"\";s:8:\"position\";i:0;s:10:\"is_visible\";i:1;s:12:\"is_variation\";i:0;s:11:\"is_taxonomy\";i:1;}s:19:\"pa_product-features\";a:6:{s:4:\"name\";s:19:\"pa_product-features\";s:5:\"value\";s:0:\"\";s:8:\"position\";i:1;s:10:\"is_visible\";i:1;s:12:\"is_variation\";i:0;s:11:\"is_taxonomy\";i:1;}}"],"attr_label_translations":["a:1:{s:2:\"es\";a:1:{s:15:\"temp-range-test\";s:29:\"Rango de temperatura (Prueba)\";}}"],"_download_limit":["-1","-1"],"_download_expiry":["-1","-1"],"_downloadable":["no","no"],"_sku":["EL-WiFi-21CFR-TH","EL-WiFi-21CFR-TH"],"_stock_status":["instock","instock","instock","instock","instock"],"_sold_individually":["no","no"],"_tax_class":["",""],"_tax_status":["taxable","taxable"],"_virtual":["no","no"],"_weight":["0.185"],"_width":["0"],"_height":["0"],"_length":["0"],"total_sales":["9","9"],"_product_datasheet":["field_650ad7d6ea3a0"],"connectivity":["WiFi"],"_connectivity":["field_64dce263bb57c"],"brand":["EasyLog"],"_brand":["field_64ddf62ed2593"],"_brand_image":["field_650c5e7c84cae"],"_specifications_table":["field_65044e1db92a8"],"_display_data_alarm":["field_667d647bcb066"],"_resources":["field_650849c6945ee"],"_accessories":["field_650849e6945f0"],"_faqs":["field_650859523d8d5"],"_calibration_suitable_ids_gb":["field_654b4c4acb54a"],"_calibration_suitable_ids_us":["field_654b4c56cb54b"],"_show_in_calibration_suitable":["field_654cfb691d345"],"_other_features":["field_668524f8c98a4"],"_shipping":["field_66852535c98a5"],"_refrigerant_cabinet":["field_66852557c98a6"],"_usd_price_4":["field_651570dcac479"],"_usd_price_9":["field_6515713eb4807"],"_usd_price_24":["field_65157141b4809"],"_usd_price_49":["field_65157140b4808"],"_usd_price_99":["field_6515715bb480a"],"_gbp_price_4":["field_6515716e83bfa"],"_gbp_price_9":["field_6515724783bfb"],"_gbp_price_24":["field_6515724b83bfc"],"_gbp_price_49":["field_6515725983bfd"],"_gbp_price_99":["field_6515725d83bfe"],"_usdhk_price_4":["field_6515726f83bff"],"_usdhk_price_9":["field_6515727c83c00"],"_usdhk_price_24":["field_6515728083c01"],"_usdhk_price_49":["field_6515728983c02"],"_usdhk_price_99":["field_6515728e83c03"],"stock_options":["In stock"],"_stock_options":["field_6544b605dc7f9"],"_top_nav_excluded":[""],"_cms_nav_minihome":[""],"calibration":[""],"wcml_sync_hash":["a:1:{s:15:\"postmeta_fields\";s:32:\"319f638afad0fa26650e5bc58412c32e\";}"],"_product_image_gallery":["31914,31915"],"_thumbnail_id":["31913"],"_crosssell_ids":["a:0:{}"],"_stock":["245.000000"],"product_datasheet":[""],"_calibration":["field_66a0ddd599972"],"_main_specifications":["field_66855b25b1245"],"_last_translation_edit_mode":["translation-editor"],"_edit_lock":["1722259798:8383"],"classic-editor-remember":["classic-editor"],"rank_math_seo_score":["71"],"_edit_last":["8383"],"commercekit_gallery_layout":[""],"commercekit_disable_sticky_atc":["0"],"commercekit_wc_video_gallery":["a:0:{}"],"_rank_math_gtin_code":[""],"_wcml_average_rating":[null],"_wcml_review_count":[null],"_wcml_rating_count":[null],"_wc_average_rating":[0],"_wc_review_count":["0"],"_product_version":["9.1.2"],"display_data_alarm":[""],"calibration_suitable_ids_gb":[""],"calibration_suitable_ids_us":[""],"show_in_calibration_suitable":[""],"other_features":[""],"shipping":[""],"refrigerant_cabinet":[""],"main_specifications":[""],"shoptimizer_layout_pdp_short_description_position":["default"],"rank_math_primary_product_cat":["0"],"brand_image":["10467"],"_wpml_media_duplicate":["1"],"_wpml_media_featured":["1"],"_backorders":["no","no"],"_manage_stock":["no","no"],"min_temp":["-20"],"max_temp":["60"],"_min_temp":["field_67ea5eb4e0a77"],"_max_temp":["field_67ea5f81e0a79"],"_wpml_word_count":["289"],"_global_unique_id":["5056744401196"],"rank_math_title":["EL-WiFi-21CFR-TH | Registrador de temperatura, humedad y punto de roc\u00edo"],"rank_math_description":["El registrador de datos de temperatura, humedad y punto de roc\u00edo habilitado para WiFi EL-WiFi-21CFR-TH puede controlar a distancia un entorno en un rango de -20 a +60\u00b0C y de 0 a 100% de HR"],"rank_math_focus_keyword":["EL-WiFi-21CFR-TH"],"specifications_table":["<table class=\"specifications\">\n<tbody>\n<tr class=\"even-row\">\n<td class=\"left-td\">Rango de medida<\/td>\n<td>-20 a +60\u00b0C \/ -4 a + 140\u00b0F\n0 a 100% HR<\/td>\n<\/tr>\n<tr class=\"odd-row\">\n<td class=\"left-td\">Precisi\u00f3n<\/td>\n<td>\u00b10,3\u00b0C \/ \u00b10,6\u00b0F\n\u00b12,5% HR T\u00edpica<\/td>\n<\/tr>\n<tr class=\"even-row\">\n<td class=\"left-td\">Lecturas<\/td>\n<td>Sin l\u00edmite<\/td>\n<\/tr>\n<tr class=\"odd-row\">\n<td class=\"left-td\">Tasa de registro<\/td>\n<td>Seleccionable por el usuario entre 10 segundos y 12 horas<\/td>\n<\/tr>\n<tr class=\"even-row\">\n<td class=\"left-td\">Duraci\u00f3n de la bater\u00eda<\/td>\n<td>6 meses<\/td>\n<\/tr>\n<\/tbody>\n<\/table>"],"resources":["<ul class=\"resources-list\">\n \t<li><img src=\"https:\/\/praxas.com\/wp-content\/uploads\/document-icon.png\" alt=\"Icono de documento\"><a href=\"https:\/\/praxas.com\/wp-content\/uploads\/el-wifi-21cfr-th_datasheet-iss4-03-19.pdf\" target=\"_blank\" rel=\"noopener\">EL-WiFi-21CFR-TH Ficha t\u00e9cnica<\/a><\/li>\n \t<li><img src=\"https:\/\/praxas.com\/wp-content\/uploads\/software-icon.png\" alt=\"Icono de software\"><a href=\"https:\/\/praxas.com\/software\/easylog-software\/easylog-21cfr-wifi\/\" target=\"_blank\" rel=\"noopener\">EasyLog 21CFR WiFi<\/a><\/li>\n \t<li><img src=\"https:\/\/praxas.com\/wp-content\/uploads\/document-icon.png\" alt=\"Icono de documento\">\n<a href=\"https:\/\/praxas.com\/wp-content\/uploads\/help-guide-3-network-requirements-and-settings-12-09-2022_issue-6.pdf\" target=\"_blank\" rel=\"noopener\">Requisitos y configuraci\u00f3n de la red<\/a><\/li>\n \t<li><img src=\"https:\/\/praxas.com\/wp-content\/uploads\/document-icon.png\" alt=\"Icono de documento\">\n<a href=\"https:\/\/praxas.com\/wp-content\/uploads\/el_21cfr_wifi_qsg_iss2_04-19.pdf\" target=\"_blank\" rel=\"noopener\">Gu\u00eda de inicio r\u00e1pido<\/a><\/li>\n \t<li><img src=\"https:\/\/praxas.com\/wp-content\/uploads\/video-icon-orange.png\" alt=\"Icono de v\u00eddeo\">\n<a href=\"https:\/\/www.youtube.com\/watch?v=cJpI4-i63Tk&list=PL_yZedoZ_7MrSRnF7Sh4M-BymVVqeuO2p\" target=\"_blank\" rel=\"noopener\">V\u00eddeos tutoriales 21CFR<\/a><\/li>\n \t<li><img src=\"https:\/\/praxas.com\/wp-content\/uploads\/document-icon.png\" alt=\"Icono de documento\"><a href=\"https:\/\/praxas.com\/wp-content\/uploads\/conformity_certificate_wifi_range_with_coo-issu8.pdf\" target=\"_blank\" rel=\"noopener\">EL-WiFi-21CFR-TH Declaraci\u00f3n de conformidad<\/a><\/li>\n \t<li><img src=\"https:\/\/praxas.com\/wp-content\/uploads\/document-icon.png\" alt=\"Icono de documento\"><a href=\"https:\/\/praxas.com\/wp-content\/uploads\/bs-en-12830-record-of-compliance-issue-1.pdf\" target=\"_blank\" rel=\"noopener\">BS EN 12830:2018 Registro de conformidad<\/a><\/li>\n \t<li><img src=\"https:\/\/praxas.com\/wp-content\/uploads\/document-icon.png\" alt=\"Icono de documento\"><a href=\"https:\/\/praxas.com\/wp-content\/uploads\/21cfr-requirements-checklist_issue_3-04_2020-wifi.pdf\" target=\"_blank\" rel=\"noopener\">Lista de comprobaci\u00f3n de los requisitos del 21CFR<\/a><\/li>\n<\/ul>\n<a class=\"button button-secondary\" href=\"https:\/\/praxas.com\/support\/\">M\u00e1s apoyo<\/a>"],"accessories":["[products skus=\"PSU USB-UK,PSU USB-EU,EL-WiFi Wall Bracket\"]"],"faqs":["[accordion]\n[accordion_header]\u00bfEn qu\u00e9 se diferencia 21CFR de EasyLog Cloud?[\/accordion_header]\n[accordion_section]21CFR Parte 11 es una normativa de la FDA estadounidense que regula los registros electr\u00f3nicos de datos para los fabricantes de alimentos y productos farmac\u00e9uticos. Los sistemas que cumplen la normativa 21CFR requieren nuestro hardware designado 21CFR y nuestro servicio en la nube independiente 21CFR.  [\/accordion_section]\n[\/accordion]\n\n[accordion]\n[accordion_header]\u00bfEl producto 21CFR Cloud ser\u00eda adecuado para mi empresa?[\/accordion_header]\n[accordion_section]El producto se ha dise\u00f1ado para las empresas que desean utilizar medios electr\u00f3nicos para sustituir de forma segura sus registros en papel a fin de cumplir la normativa 21 CFR Parte 11 para las industrias farmac\u00e9utica y m\u00e9dica. Adem\u00e1s, si trabajas en la industria farmac\u00e9utica y m\u00e9dica de EE.UU. y quieres ser compatible con ella, y racionalizar tu toma de registros en consecuencia, ser\u00eda ventajoso iniciar una Nube 21 CFR.[\/accordion_section]\n[\/accordion]\n\n<a class=\"button button-orange\" href=\"\/support\/21cfr-data-loggers\/\">M\u00e1s ayuda<\/a>"],"usd_price_4":["0.00"],"usd_price_9":["0.00"],"usd_price_24":["0.00"],"usd_price_49":["0.00"],"usd_price_99":["0.00"],"gbp_price_4":["0.00"],"gbp_price_9":["0.00"],"gbp_price_24":["131.39"],"gbp_price_49":["0.00"],"gbp_price_99":["116.79"],"usdhk_price_4":["0.00"],"usdhk_price_9":["0.00"],"usdhk_price_24":["175.49"],"usdhk_price_49":["0.00"],"usdhk_price_99":["155.99"],"_uag_page_assets":["a:9:{s:3:\"css\";s:0:\"\";s:2:\"js\";s:0:\"\";s:18:\"current_block_list\";a:0:{}s:8:\"uag_flag\";b:0;s:11:\"uag_version\";s:10:\"1776350811\";s:6:\"gfonts\";a:0:{}s:10:\"gfonts_url\";s:0:\"\";s:12:\"gfonts_files\";a:0:{}s:14:\"uag_faq_layout\";b:0;}"],"_regular_price":["190.3","190.3"],"_price":["190.3","190.3"],"hubwoo_ecomm_pro_id":["25314766721"],"_max_variation_price":[""],"_max_variation_regular_price":[""],"_max_variation_sale_price":[""],"_min_variation_price":[""],"_min_variation_regular_price":[""],"_min_variation_sale_price":[""],"_sale_price":[""],"_wc_pb_base_regular_price":[""],"_wc_pb_base_sale_price":[""],"_wc_pb_base_price":[""],"_wc_sw_max_price":[""],"_wc_sw_max_regular_price":[""],"_wc_rating_count":[""]},"uagb_featured_image_src":{"full":["https:\/\/praxas.com\/wp-content\/uploads\/EL-Wifi-21CFR_TH-Straight.png",800,463,false],"thumbnail":["https:\/\/praxas.com\/wp-content\/uploads\/EL-Wifi-21CFR_TH-Straight-150x150.png",150,150,true],"medium":["https:\/\/praxas.com\/wp-content\/uploads\/EL-Wifi-21CFR_TH-Straight-300x174.png",300,174,true],"medium_large":["https:\/\/praxas.com\/wp-content\/uploads\/EL-Wifi-21CFR_TH-Straight-768x444.png",768,444,true],"large":["https:\/\/praxas.com\/wp-content\/uploads\/EL-Wifi-21CFR_TH-Straight.png",800,463,false],"1536x1536":["https:\/\/praxas.com\/wp-content\/uploads\/EL-Wifi-21CFR_TH-Straight.png",800,463,false],"2048x2048":["https:\/\/praxas.com\/wp-content\/uploads\/EL-Wifi-21CFR_TH-Straight.png",800,463,false],"crunchify-admin-post-featured-image":["https:\/\/praxas.com\/wp-content\/uploads\/EL-Wifi-21CFR_TH-Straight-120x69.png",120,69,true],"commercegurus-pdp-large":["https:\/\/praxas.com\/wp-content\/uploads\/EL-Wifi-21CFR_TH-Straight.png",800,463,false],"commercegurus-plp-mobile":["https:\/\/praxas.com\/wp-content\/uploads\/EL-Wifi-21CFR_TH-Straight-441x255.png",441,255,true],"cgkit_image_swatch":["https:\/\/praxas.com\/wp-content\/uploads\/EL-Wifi-21CFR_TH-Straight-100x100.png",100,100,true],"woocommerce_thumbnail":["https:\/\/praxas.com\/wp-content\/uploads\/EL-Wifi-21CFR_TH-Straight-300x174.png",300,174,true],"woocommerce_single":["https:\/\/praxas.com\/wp-content\/uploads\/EL-Wifi-21CFR_TH-Straight.png",800,463,false],"woocommerce_gallery_thumbnail":["https:\/\/praxas.com\/wp-content\/uploads\/EL-Wifi-21CFR_TH-Straight-150x87.png",150,87,true]},"uagb_author_info":{"display_name":"AndyS","author_link":"https:\/\/praxas.com\/es\/author\/"},"uagb_comment_info":0,"uagb_excerpt":"21CFR Registrador de datos WiFi de temperatura y HR","_links":{"self":[{"href":"https:\/\/praxas.com\/es\/wp-json\/wp\/v2\/product\/31912","targetHints":{"allow":["GET"]}}],"collection":[{"href":"https:\/\/praxas.com\/es\/wp-json\/wp\/v2\/product"}],"about":[{"href":"https:\/\/praxas.com\/es\/wp-json\/wp\/v2\/types\/product"}],"wp:featuredmedia":[{"embeddable":true,"href":"https:\/\/praxas.com\/es\/wp-json\/wp\/v2\/media\/31913"}],"wp:attachment":[{"href":"https:\/\/praxas.com\/es\/wp-json\/wp\/v2\/media?parent=31912"}],"wp:term":[{"taxonomy":"product_brand","embeddable":true,"href":"https:\/\/praxas.com\/es\/wp-json\/wp\/v2\/product_brand?post=31912"},{"taxonomy":"product_cat","embeddable":true,"href":"https:\/\/praxas.com\/es\/wp-json\/wp\/v2\/product_cat?post=31912"},{"taxonomy":"product_tag","embeddable":true,"href":"https:\/\/praxas.com\/es\/wp-json\/wp\/v2\/product_tag?post=31912"}],"curies":[{"name":"wp","href":"https:\/\/api.w.org\/{rel}","templated":true}]}}