{"id":32033,"date":"2023-07-27T03:09:00","date_gmt":"2023-07-27T01:09:00","guid":{"rendered":"https:\/\/staging.praxas.com\/product\/sin%20categor\u00eda\/el-usb-3\/"},"modified":"2025-10-08T18:08:09","modified_gmt":"2025-10-08T16:08:09","slug":"el-usb-3","status":"publish","type":"product","link":"https:\/\/praxas.com\/es\/product\/registradores-de-datos\/tension-y-corriente\/el-usb-3\/","title":{"rendered":"EL-USB-3"},"content":{"rendered":"<p>Este registrador de datos aut\u00f3nomo mide m\u00e1s de 32.000 lecturas en un intervalo de 0 a 30 V c.c. con una resoluci\u00f3n de 50 mV c.c. El registrador de datos se suministra con una tapa de 0 a 30 V c.c. con un par de terminales de tornillo y cables de medici\u00f3n terminados en pinzas de cocodrilo. Configura f\u00e1cilmente el registrador y visualiza los datos descargados conectando la unidad al puerto USB de un PC y utilizando el software gratuito EasyLog que puedes descargar. A continuaci\u00f3n, los datos se pueden representar gr\u00e1ficamente, imprimir y exportar a otras aplicaciones para un an\u00e1lisis detallado. Se suministra con \u00bd pila AA y clip de montaje en pared.<\/p>\n","protected":false},"excerpt":{"rendered":"<p>Registrador de datos de tensi\u00f3n con USB<\/p>\n","protected":false},"featured_media":32034,"template":"","meta":{"_acf_changed":false,"content-type":"","_uag_custom_page_level_css":""},"product_brand":[],"product_cat":[1621],"product_tag":[2435,1618],"class_list":{"0":"post-32033","1":"product","2":"type-product","3":"status-publish","4":"has-post-thumbnail","6":"product_cat-tension-y-corriente","7":"product_tag-easylog-es","8":"product_tag-usb-es","10":"first","11":"instock","12":"taxable","13":"shipping-taxable","14":"purchasable","15":"product-type-simple"},"bundled_by":[],"bundle_stock_status":"instock","bundle_stock_quantity":15,"bundle_virtual":false,"bundle_layout":"","bundle_add_to_cart_form_location":"","bundle_editable_in_cart":false,"bundle_sold_individually_context":"","bundle_item_grouping":"","bundle_min_size":"","bundle_max_size":"","bundle_price":[],"bundled_items":[],"bundle_sell_ids":[],"acf":[],"spectra_custom_meta":{"_wcml_average_rating":[null],"_wcml_review_count":[null],"_wcml_rating_count":[null],"_backorders":["notify","notify"],"_download_limit":["-1","-1"],"_download_expiry":["-1","-1"],"_downloadable":["no","no"],"_manage_stock":["yes","yes"],"_sku":["EL-USB-3","EL-USB-3"],"_stock_status":["instock","instock","instock","instock","instock","instock"],"_sold_individually":["no","no"],"_tax_class":["",""],"_tax_status":["taxable","taxable"],"_virtual":["no","no"],"_weight":["0.094"],"_width":["0"],"_height":["0"],"_length":["0"],"total_sales":["22","22"],"_product_datasheet":["field_650ad7d6ea3a0"],"_connectivity":["field_64dce263bb57c"],"brand":["EasyLog"],"_brand":["field_64ddf62ed2593"],"brand_image":["10467"],"_brand_image":["field_650c5e7c84cae"],"_specifications_table":["field_65044e1db92a8"],"_resources":["field_650849c6945ee"],"_accessories":["field_650849e6945f0"],"_faqs":["field_650859523d8d5"],"_calibration_suitable_ids_gb":["field_654b4c4acb54a"],"_calibration_suitable_ids_us":["field_654b4c56cb54b"],"_show_in_calibration_suitable":["field_654cfb691d345"],"_usd_price_4":["field_651570dcac479"],"_usd_price_9":["field_6515713eb4807"],"_usd_price_24":["field_65157141b4809"],"_usd_price_49":["field_65157140b4808"],"_usd_price_99":["field_6515715bb480a"],"_gbp_price_4":["field_6515716e83bfa"],"_gbp_price_9":["field_6515724783bfb"],"_gbp_price_24":["field_6515724b83bfc"],"_gbp_price_49":["field_6515725983bfd"],"_gbp_price_99":["field_6515725d83bfe"],"_usdhk_price_4":["field_6515726f83bff"],"_usdhk_price_9":["field_6515727c83c00"],"_usdhk_price_24":["field_6515728083c01"],"_usdhk_price_49":["field_6515728983c02"],"_usdhk_price_99":["field_6515728e83c03"],"stock_options":["In stock"],"_stock_options":["field_6544b605dc7f9"],"_top_nav_excluded":[""],"_cms_nav_minihome":[""],"wcml_sync_hash":["a:1:{s:15:\"postmeta_fields\";s:32:\"bfaa22a9b0d5f0de7313c7efef2a3aad\";}"],"attr_label_translations":["a:0:{}"],"_product_attributes":["a:1:{s:16:\"pa_product-brand\";a:6:{s:4:\"name\";s:16:\"pa_product-brand\";s:5:\"value\";s:0:\"\";s:8:\"position\";i:0;s:10:\"is_visible\";i:1;s:12:\"is_variation\";i:0;s:11:\"is_taxonomy\";i:1;}}"],"_product_image_gallery":["32035,32036,32037"],"_thumbnail_id":["32034"],"_crosssell_ids":["a:0:{}"],"_stock":["15","15"],"product_datasheet":[""],"connectivity":["USB"],"_display_data_alarm":["field_667d647bcb066"],"_calibration":["field_66a0ddd599972"],"_other_features":["field_668524f8c98a4"],"_shipping":["field_66852535c98a5"],"_refrigerant_cabinet":["field_66852557c98a6"],"_main_specifications":["field_66855b25b1245"],"_last_translation_edit_mode":["translation-editor"],"rank_math_primary_product_cat":["0"],"_wpml_word_count":["116"],"_global_unique_id":["5056744400939"],"rank_math_title":["EL-USB-3 | Registrador de datos USB de tensi\u00f3n | Praxas"],"rank_math_description":["El registrador de datos de tensi\u00f3n EasyLog EL-USB-3 de Lascar Electronics mide m\u00e1s de 32.000 lecturas en un intervalo de 0 a 30 V c.c. con una resoluci\u00f3n de 50 mV c.c."],"rank_math_focus_keyword":["EL-USB-3"],"specifications_table":["<table class=\"specifications\">\n<tbody>\n<tr class=\"even-row\">\n<td class=\"left-td\">Rango de medici\u00f3n<\/td>\n<td>0 a 30V c.c.<\/td>\n<\/tr>\n<tr class=\"odd-row\">\n<td class=\"left-td\">Precisi\u00f3n<\/td>\n<td>\u00b11%<\/td>\n<\/tr>\n<tr class=\"even-row\">\n<td class=\"left-td\">Lecturas<\/td>\n<td>32,510<\/td>\n<\/tr>\n<tr class=\"odd-row\">\n<td class=\"left-td\">Tasa de registro<\/td>\n<td>Seleccionable por el usuario entre 1 segundo y 12 horas<\/td>\n<\/tr>\n<tr class=\"even-row\">\n<td class=\"left-td\">Duraci\u00f3n de la bater\u00eda<\/td>\n<td>3 a\u00f1os<\/td>\n<\/tr>\n<\/tbody>\n<\/table>"],"resources":["<ul class=\"resources-list\">\n \t<li><img src=\"https:\/\/praxas.com\/wp-content\/uploads\/document-icon.png\" alt=\"Icono de documento\"><a href=\"https:\/\/praxas.com\/wp-content\/uploads\/package-easylog-data-logger-el-usb-3-iss18_02-21.pdf\" target=\"_blank\" rel=\"noopener\">Hoja de datos EL-USB-3<\/a><\/li>\n \t<li><img src=\"https:\/\/praxas.com\/wp-content\/uploads\/software-icon.png\" alt=\"Icono de software\"><a href=\"https:\/\/praxas.com\/software\/easylog-software\/easylog-usb\/\" target=\"_blank\" rel=\"noopener\">Software USB EasyLog<\/a><\/li>\n \t<li><img src=\"https:\/\/praxas.com\/wp-content\/uploads\/document-icon.png\" alt=\"Icono de documento\"><a href=\"https:\/\/praxas.com\/wp-content\/uploads\/easylog-usb_quick-start-guide_iss12_singlepage-05_2018.pdf\" target=\"_blank\" rel=\"noopener\">Gu\u00eda de inicio r\u00e1pido de EasyLog USB<\/a><\/li>\n \t<li><img src=\"https:\/\/praxas.com\/wp-content\/uploads\/video-icon-orange.png\" alt=\"Icono de v\u00eddeo\"><a href=\"https:\/\/www.youtube.com\/playlist?list=PL_yZedoZ_7MqFFU3keWRD0tO46uMTbvcL\" target=\"_blank\" rel=\"noopener\">V\u00eddeos tutoriales<\/a><\/li>\n \t<li><img src=\"https:\/\/praxas.com\/wp-content\/uploads\/document-icon.png\" alt=\"Icono de documento\"><a href=\"https:\/\/praxas.com\/wp-content\/uploads\/Declaration-of-Conformity_EasyLog_iss26.pdf\" target=\"_blank\" rel=\"noopener\">EL-USB-3 Declaraci\u00f3n de conformidad<\/a><\/li>\n<\/ul>\n<a class=\"button button-secondary\" href=\"https:\/\/praxas.com\/support\/\">M\u00e1s apoyo<\/a>"],"accessories":["[products skus=\"BAT 3V6 1\/2AA,USB-CAP-30V\"]"],"faqs":["[accordion]\n[accordion_header]\u00bfPor qu\u00e9 no funcionan mis pilas?[\/accordion_header]\n[accordion_section]Si no se utilizan durante largos periodos de tiempo, las pilas de litio metal, incluidas las utilizadas en la gama EasyLog de registradores de datos, forman de forma natural una capa interna no conductora -una capa de Pasivaci\u00f3n- que impide que se autodescarguen y aumenta eficazmente su vida \u00fatil. Cuando se instala por primera vez en el registrador de datos, puede provocar una ca\u00edda moment\u00e1nea de la tensi\u00f3n de la bater\u00eda (la Tensi\u00f3n M\u00ednima Transitoria) al romperse la capa interna, lo que provoca el reinicio del registrador de datos. Colocar las pilas en el registrador de datos y dejarlo conectado a un PC durante unos 30 segundos eliminar\u00e1 esta capa. Despu\u00e9s de esto, quita y vuelve a poner las pilas para reiniciar el registrador de datos. La duraci\u00f3n total de la bater\u00eda no se ver\u00e1 afectada.[\/accordion_section]\n[\/accordion]\n\n<a class=\"button button-orange\" href=\"\/support\/el-usb-data-loggers\/\">M\u00e1s ayuda<\/a>"],"usd_price_4":["0.00"],"usd_price_9":["0.00"],"usd_price_24":["0.00"],"usd_price_49":["0.00"],"usd_price_99":["0.00"],"gbp_price_4":["0.00"],"gbp_price_9":["0.00"],"gbp_price_24":["49.49"],"gbp_price_49":["0.00"],"gbp_price_99":["43.99"],"usdhk_price_4":["0.00"],"usdhk_price_9":["0.00"],"usdhk_price_24":["67.49"],"usdhk_price_49":["0.00"],"usdhk_price_99":["59.99"],"_uag_page_assets":["a:9:{s:3:\"css\";s:0:\"\";s:2:\"js\";s:0:\"\";s:18:\"current_block_list\";a:0:{}s:8:\"uag_flag\";b:0;s:11:\"uag_version\";s:10:\"1775212209\";s:6:\"gfonts\";a:0:{}s:10:\"gfonts_url\";s:0:\"\";s:12:\"gfonts_files\";a:0:{}s:14:\"uag_faq_layout\";b:0;}"],"_regular_price":["71.85","71.85"],"_price":["71.85","71.85"],"hubwoo_ecomm_pro_id":["25267957762"],"_max_variation_price":[""],"_max_variation_regular_price":[""],"_max_variation_sale_price":[""],"_min_variation_price":[""],"_min_variation_regular_price":[""],"_min_variation_sale_price":[""],"_sale_price":[""],"_wc_pb_base_regular_price":[""],"_wc_pb_base_sale_price":[""],"_wc_pb_base_price":[""],"_wc_sw_max_price":[""],"_wc_sw_max_regular_price":[""],"_wc_rating_count":[""],"_wc_review_count":[""],"_wc_average_rating":[0]},"uagb_featured_image_src":{"full":["https:\/\/praxas.com\/wp-content\/uploads\/easylog-data-logger-EL-USB-3-Straight.png",800,463,false],"thumbnail":["https:\/\/praxas.com\/wp-content\/uploads\/easylog-data-logger-EL-USB-3-Straight-150x150.png",150,150,true],"medium":["https:\/\/praxas.com\/wp-content\/uploads\/easylog-data-logger-EL-USB-3-Straight-300x174.png",300,174,true],"medium_large":["https:\/\/praxas.com\/wp-content\/uploads\/easylog-data-logger-EL-USB-3-Straight-768x444.png",768,444,true],"large":["https:\/\/praxas.com\/wp-content\/uploads\/easylog-data-logger-EL-USB-3-Straight.png",800,463,false],"1536x1536":["https:\/\/praxas.com\/wp-content\/uploads\/easylog-data-logger-EL-USB-3-Straight.png",800,463,false],"2048x2048":["https:\/\/praxas.com\/wp-content\/uploads\/easylog-data-logger-EL-USB-3-Straight.png",800,463,false],"crunchify-admin-post-featured-image":["https:\/\/praxas.com\/wp-content\/uploads\/easylog-data-logger-EL-USB-3-Straight-120x69.png",120,69,true],"commercegurus-pdp-large":["https:\/\/praxas.com\/wp-content\/uploads\/easylog-data-logger-EL-USB-3-Straight.png",800,463,false],"commercegurus-plp-mobile":["https:\/\/praxas.com\/wp-content\/uploads\/easylog-data-logger-EL-USB-3-Straight-441x255.png",441,255,true],"cgkit_image_swatch":["https:\/\/praxas.com\/wp-content\/uploads\/easylog-data-logger-EL-USB-3-Straight-100x100.png",100,100,true],"woocommerce_thumbnail":["https:\/\/praxas.com\/wp-content\/uploads\/easylog-data-logger-EL-USB-3-Straight-300x174.png",300,174,true],"woocommerce_single":["https:\/\/praxas.com\/wp-content\/uploads\/easylog-data-logger-EL-USB-3-Straight.png",800,463,false],"woocommerce_gallery_thumbnail":["https:\/\/praxas.com\/wp-content\/uploads\/easylog-data-logger-EL-USB-3-Straight-150x87.png",150,87,true]},"uagb_author_info":{"display_name":"AndyS","author_link":"https:\/\/praxas.com\/es\/author\/"},"uagb_comment_info":0,"uagb_excerpt":"Registrador de datos de tensi\u00f3n con USB","_links":{"self":[{"href":"https:\/\/praxas.com\/es\/wp-json\/wp\/v2\/product\/32033","targetHints":{"allow":["GET"]}}],"collection":[{"href":"https:\/\/praxas.com\/es\/wp-json\/wp\/v2\/product"}],"about":[{"href":"https:\/\/praxas.com\/es\/wp-json\/wp\/v2\/types\/product"}],"wp:featuredmedia":[{"embeddable":true,"href":"https:\/\/praxas.com\/es\/wp-json\/wp\/v2\/media\/32034"}],"wp:attachment":[{"href":"https:\/\/praxas.com\/es\/wp-json\/wp\/v2\/media?parent=32033"}],"wp:term":[{"taxonomy":"product_brand","embeddable":true,"href":"https:\/\/praxas.com\/es\/wp-json\/wp\/v2\/product_brand?post=32033"},{"taxonomy":"product_cat","embeddable":true,"href":"https:\/\/praxas.com\/es\/wp-json\/wp\/v2\/product_cat?post=32033"},{"taxonomy":"product_tag","embeddable":true,"href":"https:\/\/praxas.com\/es\/wp-json\/wp\/v2\/product_tag?post=32033"}],"curies":[{"name":"wp","href":"https:\/\/api.w.org\/{rel}","templated":true}]}}