{"id":32045,"date":"2023-07-27T03:29:00","date_gmt":"2023-07-27T01:29:00","guid":{"rendered":"https:\/\/staging.praxas.com\/product\/sin%20categor\u00eda\/el-sie-6\/"},"modified":"2025-10-14T16:20:40","modified_gmt":"2025-10-14T14:20:40","slug":"el-sie-6","status":"publish","type":"product","link":"https:\/\/praxas.com\/es\/product\/registradores-de-datos\/presion\/el-sie-6\/","title":{"rendered":"EL-SIE-6+"},"content":{"rendered":"<p>Controla el entorno en el que vives y trabajas con el EasyLog EL-SIE-6+. El avanzado software integrado significa que no hay nada que instalar en tu PC o Mac: s\u00f3lo tienes que conectar el registrador con un cable USB y utilizar tu navegador web para configurar el dispositivo y ver, analizar y descargar tus datos. Realmente no podr\u00eda ser m\u00e1s f\u00e1cil.<\/p>\n<p>La pantalla brillante y clara muestra las lecturas actuales y el estado del dispositivo de un vistazo, y el producto se suministra con un soporte para un montaje seguro en la pared. EL-SIE-6+ utiliza pilas AAA est\u00e1ndar y la duraci\u00f3n t\u00edpica de las pilas es de m\u00e1s de 1 a\u00f1o.<\/p>\n<p>La versi\u00f3n EL-SIE-6+ mide la temperatura, la humedad y la presi\u00f3n. Sin embargo, existen otros modelos que s\u00f3lo miden la temperatura, o la temperatura y la humedad. Tambi\u00e9n hay disponibles versiones est\u00e1ndar y de alta precisi\u00f3n. Los mercados clave son la gesti\u00f3n de instalaciones y edificios, la log\u00edstica, los almacenes y dep\u00f3sitos, y las salas blancas y otros entornos sensibles a la presi\u00f3n.<\/p>\n<p>Los datos registrados pueden descargarse en tu ordenador o subirse a una cuenta EasyLog Cloud para almacenarlos de forma segura y realizar potentes an\u00e1lisis.<\/p>\n","protected":false},"excerpt":{"rendered":"<p>Registrador de datos de presi\u00f3n, temperatura y humedad con pantalla<\/p>\n","protected":false},"featured_media":32046,"template":"","meta":{"_acf_changed":false,"content-type":"","_uag_custom_page_level_css":""},"product_brand":[],"product_cat":[1626],"product_tag":[2435,1614,1571,1562,1618],"class_list":{"0":"post-32045","1":"product","2":"type-product","3":"status-publish","4":"has-post-thumbnail","6":"product_cat-presion","7":"product_tag-easylog-es","8":"product_tag-easylog-cloud-es","9":"product_tag-mostrar","10":"product_tag-sensor-interno","11":"product_tag-usb-es","13":"first","14":"instock","15":"taxable","16":"shipping-taxable","17":"purchasable","18":"product-type-simple"},"bundled_by":[],"bundle_stock_status":"instock","bundle_stock_quantity":10,"bundle_virtual":false,"bundle_layout":"","bundle_add_to_cart_form_location":"","bundle_editable_in_cart":false,"bundle_sold_individually_context":"","bundle_item_grouping":"","bundle_min_size":"","bundle_max_size":"","bundle_price":[],"bundled_items":[],"bundle_sell_ids":[],"acf":[],"spectra_custom_meta":{"_wcml_average_rating":[null],"_wcml_review_count":[null],"_wcml_rating_count":[null],"_download_limit":["-1","-1"],"_download_expiry":["-1","-1"],"_downloadable":["no","no"],"_sku":["EL-SIE-6+","EL-SIE-6+"],"_stock_status":["instock","instock","instock","instock","instock","instock","instock"],"_sold_individually":["no","no"],"_tax_class":["",""],"_tax_status":["taxable","taxable"],"_virtual":["no","no"],"_weight":["0"],"_width":["0"],"_height":["0"],"_length":["0"],"total_sales":["14","14"],"_product_datasheet":["field_650ad7d6ea3a0"],"_connectivity":["field_64dce263bb57c"],"brand":["EasyLog"],"_brand":["field_64ddf62ed2593"],"brand_image":["10467"],"_brand_image":["field_650c5e7c84cae"],"_specifications_table":["field_65044e1db92a8"],"_resources":["field_650849c6945ee"],"_accessories":["field_650849e6945f0"],"_faqs":["field_650859523d8d5"],"_calibration_suitable_ids_gb":["field_654b4c4acb54a"],"_calibration_suitable_ids_us":["field_654b4c56cb54b"],"_show_in_calibration_suitable":["field_654cfb691d345"],"_usd_price_4":["field_651570dcac479"],"_usd_price_9":["field_6515713eb4807"],"_usd_price_24":["field_65157141b4809"],"_usd_price_49":["field_65157140b4808"],"_usd_price_99":["field_6515715bb480a"],"_gbp_price_4":["field_6515716e83bfa"],"_gbp_price_9":["field_6515724783bfb"],"_gbp_price_24":["field_6515724b83bfc"],"_gbp_price_49":["field_6515725983bfd"],"_gbp_price_99":["field_6515725d83bfe"],"_usdhk_price_4":["field_6515726f83bff"],"_usdhk_price_9":["field_6515727c83c00"],"_usdhk_price_24":["field_6515728083c01"],"_usdhk_price_49":["field_6515728983c02"],"_usdhk_price_99":["field_6515728e83c03"],"stock_options":["In stock"],"_stock_options":["field_6544b605dc7f9"],"_top_nav_excluded":[""],"_cms_nav_minihome":[""],"calibration":["Las pruebas de calibraci\u00f3n realizadas en nuestros productos garantizan la precisi\u00f3n constante de tu registrador de datos EasyLog. Esto es relevante para todos los usuarios, pero es especialmente importante para las aplicaciones m\u00e9dicas, alimentarias y cient\u00edficas, y cuando haya que demostrar el cumplimiento de las auditor\u00edas. Ofrecemos una serie de opciones de calibraci\u00f3n est\u00e1ndar adecuadas para aplicaciones comunes, como la supervisi\u00f3n de frigor\u00edficos, productos refrigerados y congeladores, pero tambi\u00e9n podemos proporcionar calibraci\u00f3n personalizada en los puntos de medici\u00f3n que necesites. Ponte en contacto con nuestro equipo de ventas para obtener m\u00e1s informaci\u00f3n.\n\nOpciones de calibraci\u00f3n disponibles para el EL-SIE-6+:\n\n[country code=\"GB\"][products ids=\"7306\"][\/country][country code=\"US\"][products ids=\"7271,7273,7276\"][\/country][country code=\"HK\"][products ids=\"7270\"][\/country]"],"wcml_sync_hash":["a:1:{s:15:\"postmeta_fields\";s:32:\"079b77114cf8824acbbd9bdd2841ae39\";}"],"attr_label_translations":["a:0:{}"],"_product_attributes":["a:2:{s:16:\"pa_product-brand\";a:6:{s:4:\"name\";s:16:\"pa_product-brand\";s:5:\"value\";s:0:\"\";s:8:\"position\";i:0;s:10:\"is_visible\";i:1;s:12:\"is_variation\";i:0;s:11:\"is_taxonomy\";i:1;}s:19:\"pa_product-features\";a:6:{s:4:\"name\";s:19:\"pa_product-features\";s:5:\"value\";s:0:\"\";s:8:\"position\";i:1;s:10:\"is_visible\";i:1;s:12:\"is_variation\";i:0;s:11:\"is_taxonomy\";i:1;}}"],"_product_image_gallery":["32047,32048"],"_thumbnail_id":["32046"],"_crosssell_ids":["a:0:{}"],"_stock":["10.000000"],"product_datasheet":[""],"connectivity":["USB"],"_display_data_alarm":["field_667d647bcb066"],"_calibration":["field_66a0ddd599972"],"_shipping":["field_66852535c98a5"],"_refrigerant_cabinet":["field_66852557c98a6"],"_main_specifications":["field_66855b25b1245"],"_last_translation_edit_mode":["translation-editor"],"_backorders":["no","no"],"_manage_stock":["no","no"],"min_temp":["-18"],"max_temp":["55"],"_min_temp":["field_67ea5eb4e0a77"],"_max_temp":["field_67ea5f81e0a79"],"_wpml_word_count":["212"],"rank_math_primary_product_cat":["0"],"_global_unique_id":["5056744400809"],"_other_features":["field_686fa2aa98dce"],"rank_math_title":["EL-SIE-6+ | Registrador de datos de presi\u00f3n, temperatura y humedad"],"rank_math_description":["Descubre el Registrador de Datos de Temperatura, Humedad y Presi\u00f3n EasyLogEL-SIE-6+ de Lascar Electronics. Este dispositivo es perfecto para la vigilancia medioambiental."],"rank_math_focus_keyword":["EL-SIE-6+"],"specifications_table":["<table class=\"specifications\">\n<tbody>\n<tr class=\"even-row\">\n<td class=\"left-td\">Rango de medici\u00f3n (T)<\/td>\n<td>-18 a +55\u00b0C (-0,4 a +131\u00b0F)<\/td>\n<\/tr>\n<tr class=\"odd-row\">\n<td class=\"left-td\">Resoluci\u00f3n (T)<\/td>\n<td>0.01\u00b0<\/td>\n<\/tr>\n<tr class=\"even-row\">\n<td class=\"left-td\">Precisi\u00f3n (T)<\/td>\n<td>\u00b10,2\u00b0C (\u00b10,36\u00b0F)<\/td>\n<\/tr>\n<tr class=\"odd-row\">\n<td class=\"left-td\">Rango de medici\u00f3n (HR)<\/td>\n<td>0 a 100%HR<\/td>\n<\/tr>\n<tr class=\"even-row\">\n<td class=\"left-td\">Resoluci\u00f3n (HR)<\/td>\n<td>0.1%<\/td>\n<\/tr>\n<tr class=\"odd-row\">\n<td class=\"left-td\">Precisi\u00f3n (HR)<\/td>\n<td>\u00b11,5% t\u00edpico (0 a 80%HR)<\/td>\n<\/tr>\n<tr class=\"even-row\">\n<td class=\"left-td\">Rango de medici\u00f3n (P)<\/td>\n<td>300 a 1200mbar<\/td>\n<\/tr>\n<tr class=\"odd-row\">\n<td class=\"left-td\">Datos de resoluci\u00f3n (P)<\/td>\n<td>0,01 mbar<\/td>\n<\/tr>\n<tr class=\"even-row\">\n<td class=\"left-td\">Resoluci\u00f3n (P)<\/td>\n<td>0,1 mbar<\/td>\n<\/tr>\n<tr class=\"odd-row\">\n<td class=\"left-td\">Precisi\u00f3n (P)<\/td>\n<td>\u00b11mbar<\/td>\n<\/tr>\n<tr class=\"even-row\">\n<td class=\"left-td\">Tasa de registro<\/td>\n<td>De 10 segundos a 24 horas, seleccionable por el usuario<\/td>\n<\/tr>\n<tr class=\"odd-row\">\n<td class=\"left-td\">Modos de arranque<\/td>\n<td>Inmediato, pulsar para arrancar, arranque retardado, activado por par\u00e1metro<\/td>\n<\/tr>\n<tr class=\"even-row\">\n<td class=\"left-td\">Capacidad de memoria<\/td>\n<td>1.000.000 de lecturas totales, >500.000 lecturas por canal<\/td>\n<\/tr>\n<tr class=\"odd-row\">\n<td class=\"left-td\">Sirena<\/td>\n<td>Sirena de alarma integrada<\/td>\n<\/tr>\n<tr class=\"even-row\">\n<td class=\"left-td\">Fuente de alimentaci\u00f3n<\/td>\n<td>2 pilas AAA de 1,5 V<\/td>\n<\/tr>\n<tr class=\"odd-row\">\n<td class=\"left-td\">Duraci\u00f3n de la bater\u00eda<\/td>\n<td>>1 a\u00f1o (a 25\u00b0C con una frecuencia de registro de 10 minutos)<\/td>\n<\/tr>\n<tr class=\"even-row\">\n<td class=\"left-td\">Dimensiones<\/td>\n<td>93 x 42 x 17 mm (sin incluir el soporte)<\/td>\n<\/tr>\n<tr class=\"odd-row\">\n<td class=\"left-td\">Temperatura de funcionamiento<\/td>\n<td>-18 a +55\u00b0C (-0,4 a +131\u00b0F)<\/td>\n<\/tr>\n<tr class=\"even-row\">\n<td class=\"left-td\">Clasificaci\u00f3n medioambiental<\/td>\n<td>IP2X<\/td>\n<\/tr>\n<\/tbody>\n<\/table>"],"resources":["<ul class=\"resources-list\">\n \t<li><img src=\"https:\/\/praxas.com\/wp-content\/uploads\/document-icon.png\" alt=\"Icono de documento\">EL-SIE-6+ Ficha t\u00e9cnica<\/li>\n \t<li><a href=\"https:\/\/praxas.com\/wp-content\/uploads\/easylog-data-logger-el-sie-6-iss4_11-22.pdf\" target=\"_blank\" rel=\"noopener\">Ingl\u00e9s<\/a><\/li>\n \t<li><a href=\"https:\/\/praxas.com\/wp-content\/uploads\/el-sie-6plus-iss4_11-22-french.pdf\" target=\"_blank\" rel=\"noopener\">Franc\u00e9s<\/a><\/li>\n \t<li><a href=\"https:\/\/praxas.com\/wp-content\/uploads\/el-sie-6plus-iss4_11-22-german.pdf\" target=\"_blank\" rel=\"noopener\">Alem\u00e1n<\/a><\/li>\n \t<li><a href=\"https:\/\/praxas.com\/wp-content\/uploads\/el-sie-6plus-iss4_11-22-italian.pdf\" target=\"_blank\" rel=\"noopener\">Italiano<\/a><\/li>\n \t<li><a href=\"https:\/\/praxas.com\/wp-content\/uploads\/easylog-data-logger-el-sie-6-iss4_11-22-1-1.pdf\" target=\"_blank\" rel=\"noopener\">Espa\u00f1ol<\/a><\/li>\n \t<li><img src=\"https:\/\/praxas.com\/wp-content\/uploads\/document-icon.png\" alt=\"Icono de documento\">EL-SIE-6+ Gu\u00eda de inicio r\u00e1pido<\/li>\n \t<li><a href=\"https:\/\/praxas.com\/wp-content\/uploads\/el-sie-qsg-11_2019-pths-for-webpdf-1-1.pdf\" target=\"_blank\" rel=\"noopener\">Ingl\u00e9s<\/a><\/li>\n \t<li><a href=\"https:\/\/praxas.com\/wp-content\/uploads\/el-sie-qsg-11_2019-french-1.pdf\" target=\"_blank\" rel=\"noopener\">Franc\u00e9s<\/a><\/li>\n \t<li><a href=\"https:\/\/praxas.com\/wp-content\/uploads\/el-sie-qsg-11_2019-german-1.pdf\" target=\"_blank\" rel=\"noopener\">Alem\u00e1n<\/a><\/li>\n \t<li><a href=\"https:\/\/praxas.com\/wp-content\/uploads\/el-sie-qsg-11_2019-italian-1.pdf\" target=\"_blank\" rel=\"noopener\">Italiano<\/a><\/li>\n \t<li><a href=\"https:\/\/praxas.com\/wp-content\/uploads\/el-sie-qsg-11_2019-spanish-1.pdf\" target=\"_blank\" rel=\"noopener\">Espa\u00f1ol<\/a><\/li>\n \t<li><img src=\"https:\/\/praxas.com\/wp-content\/uploads\/video-icon-orange.png\" alt=\"Icono de v\u00eddeo\"><a href=\"https:\/\/www.youtube.com\/playlist?list=PL_yZedoZ_7MrFJR7JPSQPoTegZBsG4ROO\" target=\"_blank\" rel=\"noopener\">V\u00eddeos tutoriales EL-SIE<\/a><\/li>\n \t<li><img src=\"https:\/\/praxas.com\/wp-content\/uploads\/document-icon.png\" alt=\"Icono de documento\"><a href=\"https:\/\/praxas.com\/wp-content\/uploads\/Declaration-of-Conformity_EasyLog_iss26.pdf\" target=\"_blank\" rel=\"noopener\">Declaraci\u00f3n de conformidad EL-SIE<\/a><\/li>\n \t<li><img src=\"https:\/\/praxas.com\/wp-content\/uploads\/document-icon.png\" alt=\"Icono de documento\"><a href=\"https:\/\/praxas.com\/wp-content\/uploads\/declaration-of-conformity_easylog_useonaircraft_iss2-1-1.pdf\" target=\"_blank\" rel=\"noopener\">Declaraci\u00f3n de uso en aeronaves<\/a><\/li>\n<\/ul>"],"accessories":["[products skus=\"BAT 1V5 AAA,CABLE USB C 0.5M\"]"],"show_in_calibration_suitable":["1"],"usd_price_4":["0.00"],"usd_price_9":["0.00"],"usd_price_24":["0.00"],"usd_price_49":["0.00"],"usd_price_99":["0.00"],"gbp_price_4":["0.00"],"gbp_price_9":["0.00"],"gbp_price_24":["152.99"],"gbp_price_49":["0.00"],"gbp_price_99":["135.99"],"usdhk_price_4":["0.00"],"usdhk_price_9":["0.00"],"usdhk_price_24":["206.99"],"usdhk_price_49":["0.00"],"usdhk_price_99":["183.99"],"_uag_page_assets":["a:9:{s:3:\"css\";s:0:\"\";s:2:\"js\";s:0:\"\";s:18:\"current_block_list\";a:0:{}s:8:\"uag_flag\";b:0;s:11:\"uag_version\";s:10:\"1775742760\";s:6:\"gfonts\";a:0:{}s:10:\"gfonts_url\";s:0:\"\";s:12:\"gfonts_files\";a:0:{}s:14:\"uag_faq_layout\";b:0;}"],"hubwoo_ecomm_pro_id":["2696644945"],"_regular_price":["221.7","221.7"],"_price":["221.7","221.7"],"_max_variation_price":[""],"_max_variation_regular_price":[""],"_max_variation_sale_price":[""],"_min_variation_price":[""],"_min_variation_regular_price":[""],"_min_variation_sale_price":[""],"_sale_price":[""],"_wc_pb_base_regular_price":[""],"_wc_pb_base_sale_price":[""],"_wc_pb_base_price":[""],"_wc_sw_max_price":[""],"_wc_sw_max_regular_price":[""],"_wc_rating_count":[""],"_wc_review_count":[""],"_wc_average_rating":[0]},"uagb_featured_image_src":{"full":["https:\/\/praxas.com\/wp-content\/uploads\/EL-SIE-Right-Side-Pressure-logo-800x463-1.png",800,463,false],"thumbnail":["https:\/\/praxas.com\/wp-content\/uploads\/EL-SIE-Right-Side-Pressure-logo-800x463-1-150x150.png",150,150,true],"medium":["https:\/\/praxas.com\/wp-content\/uploads\/EL-SIE-Right-Side-Pressure-logo-800x463-1-300x174.png",300,174,true],"medium_large":["https:\/\/praxas.com\/wp-content\/uploads\/EL-SIE-Right-Side-Pressure-logo-800x463-1-768x444.png",768,444,true],"large":["https:\/\/praxas.com\/wp-content\/uploads\/EL-SIE-Right-Side-Pressure-logo-800x463-1.png",800,463,false],"1536x1536":["https:\/\/praxas.com\/wp-content\/uploads\/EL-SIE-Right-Side-Pressure-logo-800x463-1.png",800,463,false],"2048x2048":["https:\/\/praxas.com\/wp-content\/uploads\/EL-SIE-Right-Side-Pressure-logo-800x463-1.png",800,463,false],"crunchify-admin-post-featured-image":["https:\/\/praxas.com\/wp-content\/uploads\/EL-SIE-Right-Side-Pressure-logo-800x463-1-120x69.png",120,69,true],"commercegurus-pdp-large":["https:\/\/praxas.com\/wp-content\/uploads\/EL-SIE-Right-Side-Pressure-logo-800x463-1.png",800,463,false],"commercegurus-plp-mobile":["https:\/\/praxas.com\/wp-content\/uploads\/EL-SIE-Right-Side-Pressure-logo-800x463-1-441x255.png",441,255,true],"cgkit_image_swatch":["https:\/\/praxas.com\/wp-content\/uploads\/EL-SIE-Right-Side-Pressure-logo-800x463-1-100x100.png",100,100,true],"woocommerce_thumbnail":["https:\/\/praxas.com\/wp-content\/uploads\/EL-SIE-Right-Side-Pressure-logo-800x463-1-300x174.png",300,174,true],"woocommerce_single":["https:\/\/praxas.com\/wp-content\/uploads\/EL-SIE-Right-Side-Pressure-logo-800x463-1.png",800,463,false],"woocommerce_gallery_thumbnail":["https:\/\/praxas.com\/wp-content\/uploads\/EL-SIE-Right-Side-Pressure-logo-800x463-1-150x87.png",150,87,true]},"uagb_author_info":{"display_name":"AndyS","author_link":"https:\/\/praxas.com\/es\/author\/"},"uagb_comment_info":0,"uagb_excerpt":"Registrador de datos de presi\u00f3n, temperatura y humedad con pantalla","_links":{"self":[{"href":"https:\/\/praxas.com\/es\/wp-json\/wp\/v2\/product\/32045","targetHints":{"allow":["GET"]}}],"collection":[{"href":"https:\/\/praxas.com\/es\/wp-json\/wp\/v2\/product"}],"about":[{"href":"https:\/\/praxas.com\/es\/wp-json\/wp\/v2\/types\/product"}],"wp:featuredmedia":[{"embeddable":true,"href":"https:\/\/praxas.com\/es\/wp-json\/wp\/v2\/media\/32046"}],"wp:attachment":[{"href":"https:\/\/praxas.com\/es\/wp-json\/wp\/v2\/media?parent=32045"}],"wp:term":[{"taxonomy":"product_brand","embeddable":true,"href":"https:\/\/praxas.com\/es\/wp-json\/wp\/v2\/product_brand?post=32045"},{"taxonomy":"product_cat","embeddable":true,"href":"https:\/\/praxas.com\/es\/wp-json\/wp\/v2\/product_cat?post=32045"},{"taxonomy":"product_tag","embeddable":true,"href":"https:\/\/praxas.com\/es\/wp-json\/wp\/v2\/product_tag?post=32045"}],"curies":[{"name":"wp","href":"https:\/\/api.w.org\/{rel}","templated":true}]}}